{"id":1353,"date":"2024-12-24T09:33:53","date_gmt":"2024-12-24T09:33:53","guid":{"rendered":"https:\/\/yazmed.ma\/?post_type=product&#038;p=1353"},"modified":"2024-12-24T09:33:54","modified_gmt":"2024-12-24T09:33:54","slug":"nebuliseur-beurer","status":"publish","type":"product","link":"https:\/\/yazmed.ma\/ar\/product\/nebuliseur-beurer\/","title":{"rendered":"N\u00e9buliseur   &#8211; Beurer"},"content":{"rendered":"","protected":false},"excerpt":{"rendered":"<p><strong>Id\u00e9ale en cas de rhume, d&rsquo;asthme et de maladies des voies respiratoires<\/strong><\/p>\n<p><strong>Garantie : 3 ans<\/strong><\/p>\n<p>L&rsquo;inhalateur permet de traiter les voies respiratoires sup\u00e9rieures et inf\u00e9rieures, en cas de rhumes, d&rsquo;asthme et de maladies des voies respiratoires.<\/p>\n<ul>\n<li>Technologie \u00e0\u00a0compresseur, air comprim\u00e9<\/li>\n<li>Pour le traitement des voies respiratoires sup\u00e9rieures et inf\u00e9rieures, des rhumes, de l&rsquo;asthme, des maladies des voies respiratoires<\/li>\n<li>Taux \u00e9lev\u00e9 de particules acc\u00e9dant aux poumons<\/li>\n<li>Temps d&rsquo;inhalation court<\/li>\n<li>Pression de travail\u00a0: env. 0,8 \u00c2\u0096 1,45\u00a0bar<\/li>\n<li>Gamme d&rsquo;accessoires compl\u00e8te<\/li>\n<li>Pochette de rangement<\/li>\n<li>Peut \u00eatre d\u00e9sinfect\u00e9<\/li>\n<li>Performance de n\u00e9bulisation\u00a0: env. 0,4\u00a0ml\/min<\/li>\n<li>Produit m\u00e9dical<\/li>\n<li>Connexion au secteur : 230\u00a0V ~, 50\u00a0Hz\u00a0; 230\u00a0VA<\/li>\n<li>Taille des particules : 3,16\u00a0\u00c2\u00b5m<\/li>\n<li>Technologie : Technologie \u00e0\u00a0compresseur, air comprim\u00e9 AC<\/li>\n<\/ul>\n<p><strong>Accessoires :<\/strong><\/p>\n<p>embout buccal, embout nasal, masque pour adulte, masque pour enfant, tuyau \u00e0\u00a0air comprim\u00e9 extra long, filtre<\/p>","protected":false},"featured_media":1354,"comment_status":"open","ping_status":"closed","template":"","meta":[],"product_brand":[],"product_cat":[50],"product_tag":[],"class_list":{"0":"post-1353","1":"product","2":"type-product","3":"status-publish","4":"has-post-thumbnail","6":"product_cat-appareillages-diagnostic","8":"first","9":"instock","10":"taxable","11":"shipping-taxable","12":"purchasable","13":"product-type-simple"},"yoast_head":"<!-- This site is optimized with the Yoast SEO plugin v26.9 - https:\/\/yoast.com\/product\/yoast-seo-wordpress\/ -->\n<title>N\u00e9buliseur  - Beurer - YAZMED<\/title>\n<meta name=\"robots\" content=\"index, follow, max-snippet:-1, max-image-preview:large, max-video-preview:-1\" \/>\n<link rel=\"canonical\" href=\"https:\/\/yazmed.ma\/ar\/product\/nebuliseur-beurer\/\" \/>\n<meta property=\"og:locale\" content=\"ar_AR\" \/>\n<meta property=\"og:type\" content=\"article\" \/>\n<meta property=\"og:title\" content=\"N\u00e9buliseur  - Beurer - YAZMED\" \/>\n<meta property=\"og:description\" content=\"Id\u00e9ale en cas de rhume, d&#039;asthme et de maladies des voies respiratoires  Garantie : 3 ans  L&#039;inhalateur permet de traiter les voies respiratoires sup\u00e9rieures et inf\u00e9rieures, en cas de rhumes, d&#039;asthme et de maladies des voies respiratoires.   Technologie \u00e0\u00a0compresseur, air comprim\u00e9  Pour le traitement des voies respiratoires sup\u00e9rieures et inf\u00e9rieures, des rhumes, de l&#039;asthme, des maladies des voies respiratoires  Taux \u00e9lev\u00e9 de particules acc\u00e9dant aux poumons  Temps d&#039;inhalation court  Pression de travail\u00a0: env. 0,8 \u00c2\u0096 1,45\u00a0bar  Gamme d&#039;accessoires compl\u00e8te  Pochette de rangement  Peut \u00eatre d\u00e9sinfect\u00e9  Performance de n\u00e9bulisation\u00a0: env. 0,4\u00a0ml\/min  Produit m\u00e9dical  Connexion au secteur : 230\u00a0V ~, 50\u00a0Hz\u00a0; 230\u00a0VA  Taille des particules : 3,16\u00a0\u00c2\u00b5m  Technologie : Technologie \u00e0\u00a0compresseur, air comprim\u00e9 AC  Accessoires :  embout buccal, embout nasal, masque pour adulte, masque pour enfant, tuyau \u00e0\u00a0air comprim\u00e9 extra long, filtre\" \/>\n<meta property=\"og:url\" content=\"https:\/\/yazmed.ma\/ar\/product\/nebuliseur-beurer\/\" \/>\n<meta property=\"og:site_name\" content=\"YAZMED\" \/>\n<meta property=\"article:publisher\" content=\"https:\/\/www.facebook.com\/azenkouky\" \/>\n<meta property=\"article:modified_time\" content=\"2024-12-24T09:33:54+00:00\" \/>\n<meta property=\"og:image\" content=\"https:\/\/yazmed.ma\/wp-content\/uploads\/2024\/12\/b60dda6b-6c1a-4d9b-ba28-2be8bf408b0b.jpg\" \/>\n\t<meta property=\"og:image:width\" content=\"800\" \/>\n\t<meta property=\"og:image:height\" content=\"800\" \/>\n\t<meta property=\"og:image:type\" content=\"image\/jpeg\" \/>\n<meta name=\"twitter:card\" content=\"summary_large_image\" \/>\n<meta name=\"twitter:label1\" content=\"Est. reading time\" \/>\n\t<meta name=\"twitter:data1\" content=\"1 minute\" \/>\n<script type=\"application\/ld+json\" class=\"yoast-schema-graph\">{\"@context\":\"https:\/\/schema.org\",\"@graph\":[{\"@type\":\"WebPage\",\"@id\":\"https:\/\/yazmed.ma\/product\/nebuliseur-beurer\/\",\"url\":\"https:\/\/yazmed.ma\/product\/nebuliseur-beurer\/\",\"name\":\"N\u00e9buliseur - Beurer - YAZMED\",\"isPartOf\":{\"@id\":\"https:\/\/yazmed.ma\/#website\"},\"primaryImageOfPage\":{\"@id\":\"https:\/\/yazmed.ma\/product\/nebuliseur-beurer\/#primaryimage\"},\"image\":{\"@id\":\"https:\/\/yazmed.ma\/product\/nebuliseur-beurer\/#primaryimage\"},\"thumbnailUrl\":\"https:\/\/yazmed.ma\/wp-content\/uploads\/2024\/12\/b60dda6b-6c1a-4d9b-ba28-2be8bf408b0b.jpg\",\"datePublished\":\"2024-12-24T09:33:53+00:00\",\"dateModified\":\"2024-12-24T09:33:54+00:00\",\"breadcrumb\":{\"@id\":\"https:\/\/yazmed.ma\/product\/nebuliseur-beurer\/#breadcrumb\"},\"inLanguage\":\"ary\",\"potentialAction\":[{\"@type\":\"ReadAction\",\"target\":[\"https:\/\/yazmed.ma\/product\/nebuliseur-beurer\/\"]}]},{\"@type\":\"ImageObject\",\"inLanguage\":\"ary\",\"@id\":\"https:\/\/yazmed.ma\/product\/nebuliseur-beurer\/#primaryimage\",\"url\":\"https:\/\/yazmed.ma\/wp-content\/uploads\/2024\/12\/b60dda6b-6c1a-4d9b-ba28-2be8bf408b0b.jpg\",\"contentUrl\":\"https:\/\/yazmed.ma\/wp-content\/uploads\/2024\/12\/b60dda6b-6c1a-4d9b-ba28-2be8bf408b0b.jpg\",\"width\":800,\"height\":800,\"caption\":\"N\u00e9buliseur \u2013 Beurer\"},{\"@type\":\"BreadcrumbList\",\"@id\":\"https:\/\/yazmed.ma\/product\/nebuliseur-beurer\/#breadcrumb\",\"itemListElement\":[{\"@type\":\"ListItem\",\"position\":1,\"name\":\"Accueil\",\"item\":\"https:\/\/yazmed.ma\/\"},{\"@type\":\"ListItem\",\"position\":2,\"name\":\"Shop\",\"item\":\"https:\/\/yazmed.ma\/shop-2\/\"},{\"@type\":\"ListItem\",\"position\":3,\"name\":\"N\u00e9buliseur &#8211; Beurer\"}]},{\"@type\":\"WebSite\",\"@id\":\"https:\/\/yazmed.ma\/#website\",\"url\":\"https:\/\/yazmed.ma\/\",\"name\":\"Yazmed\",\"description\":\"LEADER DU MAT\u00c9RIEL M\u00c9DICAL AU MAROC\",\"publisher\":{\"@id\":\"https:\/\/yazmed.ma\/#organization\"},\"potentialAction\":[{\"@type\":\"SearchAction\",\"target\":{\"@type\":\"EntryPoint\",\"urlTemplate\":\"https:\/\/yazmed.ma\/?s={search_term_string}\"},\"query-input\":{\"@type\":\"PropertyValueSpecification\",\"valueRequired\":true,\"valueName\":\"search_term_string\"}}],\"inLanguage\":\"ary\"},{\"@type\":\"Organization\",\"@id\":\"https:\/\/yazmed.ma\/#organization\",\"name\":\"Yazmed Healthcare\",\"url\":\"https:\/\/yazmed.ma\/\",\"logo\":{\"@type\":\"ImageObject\",\"inLanguage\":\"ary\",\"@id\":\"https:\/\/yazmed.ma\/#\/schema\/logo\/image\/\",\"url\":\"https:\/\/yazmed.ma\/wp-content\/uploads\/2024\/12\/3.png\",\"contentUrl\":\"https:\/\/yazmed.ma\/wp-content\/uploads\/2024\/12\/3.png\",\"width\":250,\"height\":70,\"caption\":\"Yazmed Healthcare\"},\"image\":{\"@id\":\"https:\/\/yazmed.ma\/#\/schema\/logo\/image\/\"},\"sameAs\":[\"https:\/\/www.facebook.com\/azenkouky\",\"https:\/\/www.instagram.com\/yazmedhealthcare\",\"https:\/\/www.linkedin.com\/in\/yazmed-healthcare-1b4955295\"]}]}<\/script>\n<!-- \/ Yoast SEO plugin. -->","yoast_head_json":{"title":"N\u00e9buliseur  - Beurer - YAZMED","robots":{"index":"index","follow":"follow","max-snippet":"max-snippet:-1","max-image-preview":"max-image-preview:large","max-video-preview":"max-video-preview:-1"},"canonical":"https:\/\/yazmed.ma\/ar\/product\/nebuliseur-beurer\/","og_locale":"ar_AR","og_type":"article","og_title":"N\u00e9buliseur  - Beurer - YAZMED","og_description":"Id\u00e9ale en cas de rhume, d'asthme et de maladies des voies respiratoires  Garantie : 3 ans  L'inhalateur permet de traiter les voies respiratoires sup\u00e9rieures et inf\u00e9rieures, en cas de rhumes, d'asthme et de maladies des voies respiratoires.   Technologie \u00e0\u00a0compresseur, air comprim\u00e9  Pour le traitement des voies respiratoires sup\u00e9rieures et inf\u00e9rieures, des rhumes, de l'asthme, des maladies des voies respiratoires  Taux \u00e9lev\u00e9 de particules acc\u00e9dant aux poumons  Temps d'inhalation court  Pression de travail\u00a0: env. 0,8 \u00c2\u0096 1,45\u00a0bar  Gamme d'accessoires compl\u00e8te  Pochette de rangement  Peut \u00eatre d\u00e9sinfect\u00e9  Performance de n\u00e9bulisation\u00a0: env. 0,4\u00a0ml\/min  Produit m\u00e9dical  Connexion au secteur : 230\u00a0V ~, 50\u00a0Hz\u00a0; 230\u00a0VA  Taille des particules : 3,16\u00a0\u00c2\u00b5m  Technologie : Technologie \u00e0\u00a0compresseur, air comprim\u00e9 AC  Accessoires :  embout buccal, embout nasal, masque pour adulte, masque pour enfant, tuyau \u00e0\u00a0air comprim\u00e9 extra long, filtre","og_url":"https:\/\/yazmed.ma\/ar\/product\/nebuliseur-beurer\/","og_site_name":"YAZMED","article_publisher":"https:\/\/www.facebook.com\/azenkouky","article_modified_time":"2024-12-24T09:33:54+00:00","og_image":[{"width":800,"height":800,"url":"https:\/\/yazmed.ma\/wp-content\/uploads\/2024\/12\/b60dda6b-6c1a-4d9b-ba28-2be8bf408b0b.jpg","type":"image\/jpeg"}],"twitter_card":"summary_large_image","twitter_misc":{"Est. reading time":"1 minute"},"schema":{"@context":"https:\/\/schema.org","@graph":[{"@type":"WebPage","@id":"https:\/\/yazmed.ma\/product\/nebuliseur-beurer\/","url":"https:\/\/yazmed.ma\/product\/nebuliseur-beurer\/","name":"N\u00e9buliseur - Beurer - YAZMED","isPartOf":{"@id":"https:\/\/yazmed.ma\/#website"},"primaryImageOfPage":{"@id":"https:\/\/yazmed.ma\/product\/nebuliseur-beurer\/#primaryimage"},"image":{"@id":"https:\/\/yazmed.ma\/product\/nebuliseur-beurer\/#primaryimage"},"thumbnailUrl":"https:\/\/yazmed.ma\/wp-content\/uploads\/2024\/12\/b60dda6b-6c1a-4d9b-ba28-2be8bf408b0b.jpg","datePublished":"2024-12-24T09:33:53+00:00","dateModified":"2024-12-24T09:33:54+00:00","breadcrumb":{"@id":"https:\/\/yazmed.ma\/product\/nebuliseur-beurer\/#breadcrumb"},"inLanguage":"ary","potentialAction":[{"@type":"ReadAction","target":["https:\/\/yazmed.ma\/product\/nebuliseur-beurer\/"]}]},{"@type":"ImageObject","inLanguage":"ary","@id":"https:\/\/yazmed.ma\/product\/nebuliseur-beurer\/#primaryimage","url":"https:\/\/yazmed.ma\/wp-content\/uploads\/2024\/12\/b60dda6b-6c1a-4d9b-ba28-2be8bf408b0b.jpg","contentUrl":"https:\/\/yazmed.ma\/wp-content\/uploads\/2024\/12\/b60dda6b-6c1a-4d9b-ba28-2be8bf408b0b.jpg","width":800,"height":800,"caption":"N\u00e9buliseur \u2013 Beurer"},{"@type":"BreadcrumbList","@id":"https:\/\/yazmed.ma\/product\/nebuliseur-beurer\/#breadcrumb","itemListElement":[{"@type":"ListItem","position":1,"name":"Accueil","item":"https:\/\/yazmed.ma\/"},{"@type":"ListItem","position":2,"name":"Shop","item":"https:\/\/yazmed.ma\/shop-2\/"},{"@type":"ListItem","position":3,"name":"N\u00e9buliseur &#8211; Beurer"}]},{"@type":"WebSite","@id":"https:\/\/yazmed.ma\/#website","url":"https:\/\/yazmed.ma\/","name":"Yazmed","description":"LEADER DU MAT\u00c9RIEL M\u00c9DICAL AU MAROC","publisher":{"@id":"https:\/\/yazmed.ma\/#organization"},"potentialAction":[{"@type":"SearchAction","target":{"@type":"EntryPoint","urlTemplate":"https:\/\/yazmed.ma\/?s={search_term_string}"},"query-input":{"@type":"PropertyValueSpecification","valueRequired":true,"valueName":"search_term_string"}}],"inLanguage":"ary"},{"@type":"Organization","@id":"https:\/\/yazmed.ma\/#organization","name":"Yazmed Healthcare","url":"https:\/\/yazmed.ma\/","logo":{"@type":"ImageObject","inLanguage":"ary","@id":"https:\/\/yazmed.ma\/#\/schema\/logo\/image\/","url":"https:\/\/yazmed.ma\/wp-content\/uploads\/2024\/12\/3.png","contentUrl":"https:\/\/yazmed.ma\/wp-content\/uploads\/2024\/12\/3.png","width":250,"height":70,"caption":"Yazmed Healthcare"},"image":{"@id":"https:\/\/yazmed.ma\/#\/schema\/logo\/image\/"},"sameAs":["https:\/\/www.facebook.com\/azenkouky","https:\/\/www.instagram.com\/yazmedhealthcare","https:\/\/www.linkedin.com\/in\/yazmed-healthcare-1b4955295"]}]}},"_links":{"self":[{"href":"https:\/\/yazmed.ma\/ar\/wp-json\/wp\/v2\/product\/1353","targetHints":{"allow":["GET"]}}],"collection":[{"href":"https:\/\/yazmed.ma\/ar\/wp-json\/wp\/v2\/product"}],"about":[{"href":"https:\/\/yazmed.ma\/ar\/wp-json\/wp\/v2\/types\/product"}],"replies":[{"embeddable":true,"href":"https:\/\/yazmed.ma\/ar\/wp-json\/wp\/v2\/comments?post=1353"}],"version-history":[{"count":0,"href":"https:\/\/yazmed.ma\/ar\/wp-json\/wp\/v2\/product\/1353\/revisions"}],"wp:featuredmedia":[{"embeddable":true,"href":"https:\/\/yazmed.ma\/ar\/wp-json\/wp\/v2\/media\/1354"}],"wp:attachment":[{"href":"https:\/\/yazmed.ma\/ar\/wp-json\/wp\/v2\/media?parent=1353"}],"wp:term":[{"taxonomy":"product_brand","embeddable":true,"href":"https:\/\/yazmed.ma\/ar\/wp-json\/wp\/v2\/product_brand?post=1353"},{"taxonomy":"product_cat","embeddable":true,"href":"https:\/\/yazmed.ma\/ar\/wp-json\/wp\/v2\/product_cat?post=1353"},{"taxonomy":"product_tag","embeddable":true,"href":"https:\/\/yazmed.ma\/ar\/wp-json\/wp\/v2\/product_tag?post=1353"}],"curies":[{"name":"wp","href":"https:\/\/api.w.org\/{rel}","templated":true}]}}