{"id":1339,"date":"2024-12-23T20:46:18","date_gmt":"2024-12-23T20:46:18","guid":{"rendered":"https:\/\/yazmed.ma\/?post_type=product&#038;p=1339"},"modified":"2025-06-21T17:57:13","modified_gmt":"2025-06-21T17:57:13","slug":"lampe-dexamen-led-optimium","status":"publish","type":"product","link":"https:\/\/yazmed.ma\/ar\/product\/lampe-dexamen-led-optimium\/","title":{"rendered":"Lampe d&rsquo;examen LED &#8211; Optimium"},"content":{"rendered":"<ul>\n<li>\n<h5><strong><u>Utilisations\u00a0:<\/u><\/strong><\/h5>\n<ul>\n<li>\n<h5>Unit\u00e9s pr\u00e9 et post op\u00e9ratoire<\/h5>\n<\/li>\n<li>\n<h5>Salles de r\u00e9animation<\/h5>\n<\/li>\n<li>\n<h5>Salles de consultation<\/h5>\n<\/li>\n<li>\n<h5>Urgences<\/h5>\n<\/li>\n<li>\n<h5>Gyn\u00e9cologie<\/h5>\n<\/li>\n<li>\n<h5>Chirurgies mineures<\/h5>\n<\/li>\n<li>\n<h5>Examens approfondis<\/h5>\n<\/li>\n<\/ul>\n<\/li>\n<\/ul>","protected":false},"excerpt":{"rendered":"<h5>\u00a0 \u00a0 \u00a0 \u00a0Lampe d&rsquo;examen LED<\/h5>\n<ul>\n<li>Bras flexible orientable dans toutes les directions.<\/li>\n<li>Eclairage LED \u00e0\u00a0intensit\u00e9 variable avec variateur.<\/li>\n<\/ul>\n<h4><strong>\u00a0 \u00a0 \u00a0 Caract\u00e9ristiques techniques :<\/strong><\/h4>\n<ul>\n<li>Eclairage LED<\/li>\n<li>Intensit\u00e9 lumineuse 89000lx (D=30cm) 37000lx (D=50cm)<\/li>\n<li>T\u00eate lumineuse compacte ( 75 mm)<\/li>\n<li>Temp\u00e9rature de couleur 6 000 K<\/li>\n<li>Indice Rendu de Couleur (IRC): 75 Ra<\/li>\n<li>Champ d&rsquo;\u00e9clairage : 4cm \u00e0\u0083\u00a0D = 50cm<\/li>\n<li>Longueur de flexible : 76 cm<\/li>\n<li>Source : 1 LED.<\/li>\n<li>Dur\u00e9e de vie des LEDs: 50 000 heures<\/li>\n<li>Puissance : 3W<\/li>\n<li>Tension d&rsquo;entr\u00e9e : 110V-265V 50\/60Hz<\/li>\n<\/ul>","protected":false},"featured_media":1340,"comment_status":"open","ping_status":"closed","template":"","meta":[],"product_brand":[],"product_cat":[50],"product_tag":[],"class_list":{"0":"post-1339","1":"product","2":"type-product","3":"status-publish","4":"has-post-thumbnail","6":"product_cat-appareillages-diagnostic","8":"first","9":"instock","10":"taxable","11":"shipping-taxable","12":"purchasable","13":"product-type-simple"},"yoast_head":"<!-- This site is optimized with the Yoast SEO plugin v26.9 - https:\/\/yoast.com\/product\/yoast-seo-wordpress\/ -->\n<title>Lampe d&#039;examen LED - Optimium - YAZMED<\/title>\n<meta name=\"robots\" content=\"index, follow, max-snippet:-1, max-image-preview:large, max-video-preview:-1\" \/>\n<link rel=\"canonical\" href=\"https:\/\/yazmed.ma\/ar\/product\/lampe-dexamen-led-optimium\/\" \/>\n<meta property=\"og:locale\" content=\"ar_AR\" \/>\n<meta property=\"og:type\" content=\"article\" \/>\n<meta property=\"og:title\" content=\"Lampe d&#039;examen LED - Optimium - YAZMED\" \/>\n<meta property=\"og:description\" content=\"\u00a0 \u00a0 \u00a0 \u00a0Lampe d&#039;examen LED   Bras flexible orientable dans toutes les directions.  Eclairage LED \u00e0\u00a0intensit\u00e9 variable avec variateur.  \u00a0 \u00a0 \u00a0 Caract\u00e9ristiques techniques :   Eclairage LED  Intensit\u00e9 lumineuse 89000lx (D=30cm) 37000lx (D=50cm)  T\u00eate lumineuse compacte ( 75 mm)  Temp\u00e9rature de couleur 6 000 K  Indice Rendu de Couleur (IRC): 75 Ra  Champ d&#039;\u00e9clairage : 4cm \u00e0\u0083\u00a0D = 50cm  Longueur de flexible : 76 cm  Source : 1 LED.  Dur\u00e9e de vie des LEDs: 50 000 heures  Puissance : 3W  Tension d&#039;entr\u00e9e : 110V-265V 50\/60Hz\" \/>\n<meta property=\"og:url\" content=\"https:\/\/yazmed.ma\/ar\/product\/lampe-dexamen-led-optimium\/\" \/>\n<meta property=\"og:site_name\" content=\"YAZMED\" \/>\n<meta property=\"article:publisher\" content=\"https:\/\/www.facebook.com\/azenkouky\" \/>\n<meta property=\"article:modified_time\" content=\"2025-06-21T17:57:13+00:00\" \/>\n<meta property=\"og:image\" content=\"https:\/\/yazmed.ma\/wp-content\/uploads\/2024\/12\/47331e04-fa7f-4d83-906b-47a1ec755ba0-scaled.jpg\" \/>\n\t<meta property=\"og:image:width\" content=\"2560\" \/>\n\t<meta property=\"og:image:height\" content=\"2560\" \/>\n\t<meta property=\"og:image:type\" content=\"image\/jpeg\" \/>\n<meta name=\"twitter:card\" content=\"summary_large_image\" \/>\n<meta name=\"twitter:label1\" content=\"Est. reading time\" \/>\n\t<meta name=\"twitter:data1\" content=\"1 minute\" \/>\n<script type=\"application\/ld+json\" class=\"yoast-schema-graph\">{\"@context\":\"https:\/\/schema.org\",\"@graph\":[{\"@type\":\"WebPage\",\"@id\":\"https:\/\/yazmed.ma\/product\/lampe-dexamen-led-optimium\/\",\"url\":\"https:\/\/yazmed.ma\/product\/lampe-dexamen-led-optimium\/\",\"name\":\"Lampe d'examen LED - Optimium - YAZMED\",\"isPartOf\":{\"@id\":\"https:\/\/yazmed.ma\/#website\"},\"primaryImageOfPage\":{\"@id\":\"https:\/\/yazmed.ma\/product\/lampe-dexamen-led-optimium\/#primaryimage\"},\"image\":{\"@id\":\"https:\/\/yazmed.ma\/product\/lampe-dexamen-led-optimium\/#primaryimage\"},\"thumbnailUrl\":\"https:\/\/yazmed.ma\/wp-content\/uploads\/2024\/12\/47331e04-fa7f-4d83-906b-47a1ec755ba0-scaled.jpg\",\"datePublished\":\"2024-12-23T20:46:18+00:00\",\"dateModified\":\"2025-06-21T17:57:13+00:00\",\"breadcrumb\":{\"@id\":\"https:\/\/yazmed.ma\/product\/lampe-dexamen-led-optimium\/#breadcrumb\"},\"inLanguage\":\"ary\",\"potentialAction\":[{\"@type\":\"ReadAction\",\"target\":[\"https:\/\/yazmed.ma\/product\/lampe-dexamen-led-optimium\/\"]}]},{\"@type\":\"ImageObject\",\"inLanguage\":\"ary\",\"@id\":\"https:\/\/yazmed.ma\/product\/lampe-dexamen-led-optimium\/#primaryimage\",\"url\":\"https:\/\/yazmed.ma\/wp-content\/uploads\/2024\/12\/47331e04-fa7f-4d83-906b-47a1ec755ba0-scaled.jpg\",\"contentUrl\":\"https:\/\/yazmed.ma\/wp-content\/uploads\/2024\/12\/47331e04-fa7f-4d83-906b-47a1ec755ba0-scaled.jpg\",\"width\":2560,\"height\":2560,\"caption\":\"Lampe d\u2019examen LED \u2013 Optimium\"},{\"@type\":\"BreadcrumbList\",\"@id\":\"https:\/\/yazmed.ma\/product\/lampe-dexamen-led-optimium\/#breadcrumb\",\"itemListElement\":[{\"@type\":\"ListItem\",\"position\":1,\"name\":\"Accueil\",\"item\":\"https:\/\/yazmed.ma\/\"},{\"@type\":\"ListItem\",\"position\":2,\"name\":\"Shop\",\"item\":\"https:\/\/yazmed.ma\/shop-2\/\"},{\"@type\":\"ListItem\",\"position\":3,\"name\":\"Lampe d&#8217;examen LED &#8211; Optimium\"}]},{\"@type\":\"WebSite\",\"@id\":\"https:\/\/yazmed.ma\/#website\",\"url\":\"https:\/\/yazmed.ma\/\",\"name\":\"Yazmed\",\"description\":\"LEADER DU MAT\u00c9RIEL M\u00c9DICAL AU MAROC\",\"publisher\":{\"@id\":\"https:\/\/yazmed.ma\/#organization\"},\"potentialAction\":[{\"@type\":\"SearchAction\",\"target\":{\"@type\":\"EntryPoint\",\"urlTemplate\":\"https:\/\/yazmed.ma\/?s={search_term_string}\"},\"query-input\":{\"@type\":\"PropertyValueSpecification\",\"valueRequired\":true,\"valueName\":\"search_term_string\"}}],\"inLanguage\":\"ary\"},{\"@type\":\"Organization\",\"@id\":\"https:\/\/yazmed.ma\/#organization\",\"name\":\"Yazmed Healthcare\",\"url\":\"https:\/\/yazmed.ma\/\",\"logo\":{\"@type\":\"ImageObject\",\"inLanguage\":\"ary\",\"@id\":\"https:\/\/yazmed.ma\/#\/schema\/logo\/image\/\",\"url\":\"https:\/\/yazmed.ma\/wp-content\/uploads\/2024\/12\/3.png\",\"contentUrl\":\"https:\/\/yazmed.ma\/wp-content\/uploads\/2024\/12\/3.png\",\"width\":250,\"height\":70,\"caption\":\"Yazmed Healthcare\"},\"image\":{\"@id\":\"https:\/\/yazmed.ma\/#\/schema\/logo\/image\/\"},\"sameAs\":[\"https:\/\/www.facebook.com\/azenkouky\",\"https:\/\/www.instagram.com\/yazmedhealthcare\",\"https:\/\/www.linkedin.com\/in\/yazmed-healthcare-1b4955295\"]}]}<\/script>\n<!-- \/ Yoast SEO plugin. -->","yoast_head_json":{"title":"Lampe d'examen LED - Optimium - YAZMED","robots":{"index":"index","follow":"follow","max-snippet":"max-snippet:-1","max-image-preview":"max-image-preview:large","max-video-preview":"max-video-preview:-1"},"canonical":"https:\/\/yazmed.ma\/ar\/product\/lampe-dexamen-led-optimium\/","og_locale":"ar_AR","og_type":"article","og_title":"Lampe d'examen LED - Optimium - YAZMED","og_description":"\u00a0 \u00a0 \u00a0 \u00a0Lampe d'examen LED   Bras flexible orientable dans toutes les directions.  Eclairage LED \u00e0\u00a0intensit\u00e9 variable avec variateur.  \u00a0 \u00a0 \u00a0 Caract\u00e9ristiques techniques :   Eclairage LED  Intensit\u00e9 lumineuse 89000lx (D=30cm) 37000lx (D=50cm)  T\u00eate lumineuse compacte ( 75 mm)  Temp\u00e9rature de couleur 6 000 K  Indice Rendu de Couleur (IRC): 75 Ra  Champ d'\u00e9clairage : 4cm \u00e0\u0083\u00a0D = 50cm  Longueur de flexible : 76 cm  Source : 1 LED.  Dur\u00e9e de vie des LEDs: 50 000 heures  Puissance : 3W  Tension d'entr\u00e9e : 110V-265V 50\/60Hz","og_url":"https:\/\/yazmed.ma\/ar\/product\/lampe-dexamen-led-optimium\/","og_site_name":"YAZMED","article_publisher":"https:\/\/www.facebook.com\/azenkouky","article_modified_time":"2025-06-21T17:57:13+00:00","og_image":[{"width":2560,"height":2560,"url":"https:\/\/yazmed.ma\/wp-content\/uploads\/2024\/12\/47331e04-fa7f-4d83-906b-47a1ec755ba0-scaled.jpg","type":"image\/jpeg"}],"twitter_card":"summary_large_image","twitter_misc":{"Est. reading time":"1 minute"},"schema":{"@context":"https:\/\/schema.org","@graph":[{"@type":"WebPage","@id":"https:\/\/yazmed.ma\/product\/lampe-dexamen-led-optimium\/","url":"https:\/\/yazmed.ma\/product\/lampe-dexamen-led-optimium\/","name":"Lampe d'examen LED - Optimium - YAZMED","isPartOf":{"@id":"https:\/\/yazmed.ma\/#website"},"primaryImageOfPage":{"@id":"https:\/\/yazmed.ma\/product\/lampe-dexamen-led-optimium\/#primaryimage"},"image":{"@id":"https:\/\/yazmed.ma\/product\/lampe-dexamen-led-optimium\/#primaryimage"},"thumbnailUrl":"https:\/\/yazmed.ma\/wp-content\/uploads\/2024\/12\/47331e04-fa7f-4d83-906b-47a1ec755ba0-scaled.jpg","datePublished":"2024-12-23T20:46:18+00:00","dateModified":"2025-06-21T17:57:13+00:00","breadcrumb":{"@id":"https:\/\/yazmed.ma\/product\/lampe-dexamen-led-optimium\/#breadcrumb"},"inLanguage":"ary","potentialAction":[{"@type":"ReadAction","target":["https:\/\/yazmed.ma\/product\/lampe-dexamen-led-optimium\/"]}]},{"@type":"ImageObject","inLanguage":"ary","@id":"https:\/\/yazmed.ma\/product\/lampe-dexamen-led-optimium\/#primaryimage","url":"https:\/\/yazmed.ma\/wp-content\/uploads\/2024\/12\/47331e04-fa7f-4d83-906b-47a1ec755ba0-scaled.jpg","contentUrl":"https:\/\/yazmed.ma\/wp-content\/uploads\/2024\/12\/47331e04-fa7f-4d83-906b-47a1ec755ba0-scaled.jpg","width":2560,"height":2560,"caption":"Lampe d\u2019examen LED \u2013 Optimium"},{"@type":"BreadcrumbList","@id":"https:\/\/yazmed.ma\/product\/lampe-dexamen-led-optimium\/#breadcrumb","itemListElement":[{"@type":"ListItem","position":1,"name":"Accueil","item":"https:\/\/yazmed.ma\/"},{"@type":"ListItem","position":2,"name":"Shop","item":"https:\/\/yazmed.ma\/shop-2\/"},{"@type":"ListItem","position":3,"name":"Lampe d&#8217;examen LED &#8211; Optimium"}]},{"@type":"WebSite","@id":"https:\/\/yazmed.ma\/#website","url":"https:\/\/yazmed.ma\/","name":"Yazmed","description":"LEADER DU MAT\u00c9RIEL M\u00c9DICAL AU MAROC","publisher":{"@id":"https:\/\/yazmed.ma\/#organization"},"potentialAction":[{"@type":"SearchAction","target":{"@type":"EntryPoint","urlTemplate":"https:\/\/yazmed.ma\/?s={search_term_string}"},"query-input":{"@type":"PropertyValueSpecification","valueRequired":true,"valueName":"search_term_string"}}],"inLanguage":"ary"},{"@type":"Organization","@id":"https:\/\/yazmed.ma\/#organization","name":"Yazmed Healthcare","url":"https:\/\/yazmed.ma\/","logo":{"@type":"ImageObject","inLanguage":"ary","@id":"https:\/\/yazmed.ma\/#\/schema\/logo\/image\/","url":"https:\/\/yazmed.ma\/wp-content\/uploads\/2024\/12\/3.png","contentUrl":"https:\/\/yazmed.ma\/wp-content\/uploads\/2024\/12\/3.png","width":250,"height":70,"caption":"Yazmed Healthcare"},"image":{"@id":"https:\/\/yazmed.ma\/#\/schema\/logo\/image\/"},"sameAs":["https:\/\/www.facebook.com\/azenkouky","https:\/\/www.instagram.com\/yazmedhealthcare","https:\/\/www.linkedin.com\/in\/yazmed-healthcare-1b4955295"]}]}},"_links":{"self":[{"href":"https:\/\/yazmed.ma\/ar\/wp-json\/wp\/v2\/product\/1339","targetHints":{"allow":["GET"]}}],"collection":[{"href":"https:\/\/yazmed.ma\/ar\/wp-json\/wp\/v2\/product"}],"about":[{"href":"https:\/\/yazmed.ma\/ar\/wp-json\/wp\/v2\/types\/product"}],"replies":[{"embeddable":true,"href":"https:\/\/yazmed.ma\/ar\/wp-json\/wp\/v2\/comments?post=1339"}],"version-history":[{"count":0,"href":"https:\/\/yazmed.ma\/ar\/wp-json\/wp\/v2\/product\/1339\/revisions"}],"wp:featuredmedia":[{"embeddable":true,"href":"https:\/\/yazmed.ma\/ar\/wp-json\/wp\/v2\/media\/1340"}],"wp:attachment":[{"href":"https:\/\/yazmed.ma\/ar\/wp-json\/wp\/v2\/media?parent=1339"}],"wp:term":[{"taxonomy":"product_brand","embeddable":true,"href":"https:\/\/yazmed.ma\/ar\/wp-json\/wp\/v2\/product_brand?post=1339"},{"taxonomy":"product_cat","embeddable":true,"href":"https:\/\/yazmed.ma\/ar\/wp-json\/wp\/v2\/product_cat?post=1339"},{"taxonomy":"product_tag","embeddable":true,"href":"https:\/\/yazmed.ma\/ar\/wp-json\/wp\/v2\/product_tag?post=1339"}],"curies":[{"name":"wp","href":"https:\/\/api.w.org\/{rel}","templated":true}]}}