{"id":1335,"date":"2024-12-23T20:37:59","date_gmt":"2024-12-23T20:37:59","guid":{"rendered":"https:\/\/yazmed.ma\/?post_type=product&#038;p=1335"},"modified":"2025-10-25T00:03:24","modified_gmt":"2025-10-25T00:03:24","slug":"oxymetre-de-pouls-beurer","status":"publish","type":"product","link":"https:\/\/yazmed.ma\/ar\/product\/oxymetre-de-pouls-beurer\/","title":{"rendered":"Oxym\u00e8tre de pouls &#8211; Beurer"},"content":{"rendered":"","protected":false},"excerpt":{"rendered":"<p>Gr\u00e2ce \u00e0\u00a0l&rsquo;oxym\u00e8tre de pouls, surveillez votre saturation puls\u00e9e en oxyg\u00e8ne dans le sang. Cela peut \u00eatre n\u00e9cessaire pour les sports pratiqu\u00e9s \u00e0\u00a0haute altitude ou en cas de probl\u00e8mes de sant\u00e9. Le pouls s&rsquo;affiche \u00e9galement de fa\u00e7on graphique sur l&rsquo;\u00e9cran couleur.<\/p>\n<p><strong>Utilisation simple<\/strong><\/p>\n<p>Manipulation simple<\/p>\n<p><strong>Affichage de la fr\u00e9quence cardiaque<\/strong><\/p>\n<p>D\u00e9termination du rythme cardiaque\/de la fr\u00e9quence cardiaque<\/p>\n<p>&nbsp;<\/p>","protected":false},"featured_media":1336,"comment_status":"open","ping_status":"closed","template":"","meta":[],"product_brand":[],"product_cat":[50],"product_tag":[],"class_list":{"0":"post-1335","1":"product","2":"type-product","3":"status-publish","4":"has-post-thumbnail","6":"product_cat-appareillages-diagnostic","8":"first","9":"instock","10":"taxable","11":"shipping-taxable","12":"purchasable","13":"product-type-simple"},"yoast_head":"<!-- This site is optimized with the Yoast SEO plugin v26.9 - https:\/\/yoast.com\/product\/yoast-seo-wordpress\/ -->\n<title>Oxym\u00e8tre de pouls - Beurer - YAZMED<\/title>\n<meta name=\"robots\" content=\"index, follow, max-snippet:-1, max-image-preview:large, max-video-preview:-1\" \/>\n<link rel=\"canonical\" href=\"https:\/\/yazmed.ma\/ar\/product\/oxymetre-de-pouls-beurer\/\" \/>\n<meta property=\"og:locale\" content=\"ar_AR\" \/>\n<meta property=\"og:type\" content=\"article\" \/>\n<meta property=\"og:title\" content=\"Oxym\u00e8tre de pouls - Beurer - YAZMED\" \/>\n<meta property=\"og:description\" content=\"Gr\u00e2ce \u00e0\u00a0l&#039;oxym\u00e8tre de pouls, surveillez votre saturation puls\u00e9e en oxyg\u00e8ne dans le sang. Cela peut \u00eatre n\u00e9cessaire pour les sports pratiqu\u00e9s \u00e0\u00a0haute altitude ou en cas de probl\u00e8mes de sant\u00e9. Le pouls s&#039;affiche \u00e9galement de fa\u00e7on graphique sur l&#039;\u00e9cran couleur.  Utilisation simple  Manipulation simple  Affichage de la fr\u00e9quence cardiaque  D\u00e9termination du rythme cardiaque\/de la fr\u00e9quence cardiaque  &nbsp;\" \/>\n<meta property=\"og:url\" content=\"https:\/\/yazmed.ma\/ar\/product\/oxymetre-de-pouls-beurer\/\" \/>\n<meta property=\"og:site_name\" content=\"YAZMED\" \/>\n<meta property=\"article:publisher\" content=\"https:\/\/www.facebook.com\/azenkouky\" \/>\n<meta property=\"article:modified_time\" content=\"2025-10-25T00:03:24+00:00\" \/>\n<meta property=\"og:image\" content=\"https:\/\/yazmed.ma\/wp-content\/uploads\/2024\/12\/db96c543-80a1-4a1f-beb3-90fa629becdc.jpg\" \/>\n\t<meta property=\"og:image:width\" content=\"1328\" \/>\n\t<meta property=\"og:image:height\" content=\"1328\" \/>\n\t<meta property=\"og:image:type\" content=\"image\/jpeg\" \/>\n<meta name=\"twitter:card\" content=\"summary_large_image\" \/>\n<meta name=\"twitter:label1\" content=\"Est. reading time\" \/>\n\t<meta name=\"twitter:data1\" content=\"1 minute\" \/>\n<script type=\"application\/ld+json\" class=\"yoast-schema-graph\">{\"@context\":\"https:\/\/schema.org\",\"@graph\":[{\"@type\":\"WebPage\",\"@id\":\"https:\/\/yazmed.ma\/product\/oxymetre-de-pouls-beurer\/\",\"url\":\"https:\/\/yazmed.ma\/product\/oxymetre-de-pouls-beurer\/\",\"name\":\"Oxym\u00e8tre de pouls - Beurer - YAZMED\",\"isPartOf\":{\"@id\":\"https:\/\/yazmed.ma\/#website\"},\"primaryImageOfPage\":{\"@id\":\"https:\/\/yazmed.ma\/product\/oxymetre-de-pouls-beurer\/#primaryimage\"},\"image\":{\"@id\":\"https:\/\/yazmed.ma\/product\/oxymetre-de-pouls-beurer\/#primaryimage\"},\"thumbnailUrl\":\"https:\/\/yazmed.ma\/wp-content\/uploads\/2024\/12\/db96c543-80a1-4a1f-beb3-90fa629becdc.jpg\",\"datePublished\":\"2024-12-23T20:37:59+00:00\",\"dateModified\":\"2025-10-25T00:03:24+00:00\",\"breadcrumb\":{\"@id\":\"https:\/\/yazmed.ma\/product\/oxymetre-de-pouls-beurer\/#breadcrumb\"},\"inLanguage\":\"ary\",\"potentialAction\":[{\"@type\":\"ReadAction\",\"target\":[\"https:\/\/yazmed.ma\/product\/oxymetre-de-pouls-beurer\/\"]}]},{\"@type\":\"ImageObject\",\"inLanguage\":\"ary\",\"@id\":\"https:\/\/yazmed.ma\/product\/oxymetre-de-pouls-beurer\/#primaryimage\",\"url\":\"https:\/\/yazmed.ma\/wp-content\/uploads\/2024\/12\/db96c543-80a1-4a1f-beb3-90fa629becdc.jpg\",\"contentUrl\":\"https:\/\/yazmed.ma\/wp-content\/uploads\/2024\/12\/db96c543-80a1-4a1f-beb3-90fa629becdc.jpg\",\"width\":1328,\"height\":1328,\"caption\":\"Oxym\u00e8tre de pouls \u2013 Beurer\"},{\"@type\":\"BreadcrumbList\",\"@id\":\"https:\/\/yazmed.ma\/product\/oxymetre-de-pouls-beurer\/#breadcrumb\",\"itemListElement\":[{\"@type\":\"ListItem\",\"position\":1,\"name\":\"Accueil\",\"item\":\"https:\/\/yazmed.ma\/\"},{\"@type\":\"ListItem\",\"position\":2,\"name\":\"Shop\",\"item\":\"https:\/\/yazmed.ma\/shop-2\/\"},{\"@type\":\"ListItem\",\"position\":3,\"name\":\"Oxym\u00e8tre de pouls &#8211; Beurer\"}]},{\"@type\":\"WebSite\",\"@id\":\"https:\/\/yazmed.ma\/#website\",\"url\":\"https:\/\/yazmed.ma\/\",\"name\":\"Yazmed\",\"description\":\"LEADER DU MAT\u00c9RIEL M\u00c9DICAL AU MAROC\",\"publisher\":{\"@id\":\"https:\/\/yazmed.ma\/#organization\"},\"potentialAction\":[{\"@type\":\"SearchAction\",\"target\":{\"@type\":\"EntryPoint\",\"urlTemplate\":\"https:\/\/yazmed.ma\/?s={search_term_string}\"},\"query-input\":{\"@type\":\"PropertyValueSpecification\",\"valueRequired\":true,\"valueName\":\"search_term_string\"}}],\"inLanguage\":\"ary\"},{\"@type\":\"Organization\",\"@id\":\"https:\/\/yazmed.ma\/#organization\",\"name\":\"Yazmed Healthcare\",\"url\":\"https:\/\/yazmed.ma\/\",\"logo\":{\"@type\":\"ImageObject\",\"inLanguage\":\"ary\",\"@id\":\"https:\/\/yazmed.ma\/#\/schema\/logo\/image\/\",\"url\":\"https:\/\/yazmed.ma\/wp-content\/uploads\/2024\/12\/3.png\",\"contentUrl\":\"https:\/\/yazmed.ma\/wp-content\/uploads\/2024\/12\/3.png\",\"width\":250,\"height\":70,\"caption\":\"Yazmed Healthcare\"},\"image\":{\"@id\":\"https:\/\/yazmed.ma\/#\/schema\/logo\/image\/\"},\"sameAs\":[\"https:\/\/www.facebook.com\/azenkouky\",\"https:\/\/www.instagram.com\/yazmedhealthcare\",\"https:\/\/www.linkedin.com\/in\/yazmed-healthcare-1b4955295\"]}]}<\/script>\n<!-- \/ Yoast SEO plugin. -->","yoast_head_json":{"title":"Oxym\u00e8tre de pouls - Beurer - YAZMED","robots":{"index":"index","follow":"follow","max-snippet":"max-snippet:-1","max-image-preview":"max-image-preview:large","max-video-preview":"max-video-preview:-1"},"canonical":"https:\/\/yazmed.ma\/ar\/product\/oxymetre-de-pouls-beurer\/","og_locale":"ar_AR","og_type":"article","og_title":"Oxym\u00e8tre de pouls - Beurer - YAZMED","og_description":"Gr\u00e2ce \u00e0\u00a0l'oxym\u00e8tre de pouls, surveillez votre saturation puls\u00e9e en oxyg\u00e8ne dans le sang. Cela peut \u00eatre n\u00e9cessaire pour les sports pratiqu\u00e9s \u00e0\u00a0haute altitude ou en cas de probl\u00e8mes de sant\u00e9. Le pouls s'affiche \u00e9galement de fa\u00e7on graphique sur l'\u00e9cran couleur.  Utilisation simple  Manipulation simple  Affichage de la fr\u00e9quence cardiaque  D\u00e9termination du rythme cardiaque\/de la fr\u00e9quence cardiaque  &nbsp;","og_url":"https:\/\/yazmed.ma\/ar\/product\/oxymetre-de-pouls-beurer\/","og_site_name":"YAZMED","article_publisher":"https:\/\/www.facebook.com\/azenkouky","article_modified_time":"2025-10-25T00:03:24+00:00","og_image":[{"width":1328,"height":1328,"url":"https:\/\/yazmed.ma\/wp-content\/uploads\/2024\/12\/db96c543-80a1-4a1f-beb3-90fa629becdc.jpg","type":"image\/jpeg"}],"twitter_card":"summary_large_image","twitter_misc":{"Est. reading time":"1 minute"},"schema":{"@context":"https:\/\/schema.org","@graph":[{"@type":"WebPage","@id":"https:\/\/yazmed.ma\/product\/oxymetre-de-pouls-beurer\/","url":"https:\/\/yazmed.ma\/product\/oxymetre-de-pouls-beurer\/","name":"Oxym\u00e8tre de pouls - Beurer - YAZMED","isPartOf":{"@id":"https:\/\/yazmed.ma\/#website"},"primaryImageOfPage":{"@id":"https:\/\/yazmed.ma\/product\/oxymetre-de-pouls-beurer\/#primaryimage"},"image":{"@id":"https:\/\/yazmed.ma\/product\/oxymetre-de-pouls-beurer\/#primaryimage"},"thumbnailUrl":"https:\/\/yazmed.ma\/wp-content\/uploads\/2024\/12\/db96c543-80a1-4a1f-beb3-90fa629becdc.jpg","datePublished":"2024-12-23T20:37:59+00:00","dateModified":"2025-10-25T00:03:24+00:00","breadcrumb":{"@id":"https:\/\/yazmed.ma\/product\/oxymetre-de-pouls-beurer\/#breadcrumb"},"inLanguage":"ary","potentialAction":[{"@type":"ReadAction","target":["https:\/\/yazmed.ma\/product\/oxymetre-de-pouls-beurer\/"]}]},{"@type":"ImageObject","inLanguage":"ary","@id":"https:\/\/yazmed.ma\/product\/oxymetre-de-pouls-beurer\/#primaryimage","url":"https:\/\/yazmed.ma\/wp-content\/uploads\/2024\/12\/db96c543-80a1-4a1f-beb3-90fa629becdc.jpg","contentUrl":"https:\/\/yazmed.ma\/wp-content\/uploads\/2024\/12\/db96c543-80a1-4a1f-beb3-90fa629becdc.jpg","width":1328,"height":1328,"caption":"Oxym\u00e8tre de pouls \u2013 Beurer"},{"@type":"BreadcrumbList","@id":"https:\/\/yazmed.ma\/product\/oxymetre-de-pouls-beurer\/#breadcrumb","itemListElement":[{"@type":"ListItem","position":1,"name":"Accueil","item":"https:\/\/yazmed.ma\/"},{"@type":"ListItem","position":2,"name":"Shop","item":"https:\/\/yazmed.ma\/shop-2\/"},{"@type":"ListItem","position":3,"name":"Oxym\u00e8tre de pouls &#8211; Beurer"}]},{"@type":"WebSite","@id":"https:\/\/yazmed.ma\/#website","url":"https:\/\/yazmed.ma\/","name":"Yazmed","description":"LEADER DU MAT\u00c9RIEL M\u00c9DICAL AU MAROC","publisher":{"@id":"https:\/\/yazmed.ma\/#organization"},"potentialAction":[{"@type":"SearchAction","target":{"@type":"EntryPoint","urlTemplate":"https:\/\/yazmed.ma\/?s={search_term_string}"},"query-input":{"@type":"PropertyValueSpecification","valueRequired":true,"valueName":"search_term_string"}}],"inLanguage":"ary"},{"@type":"Organization","@id":"https:\/\/yazmed.ma\/#organization","name":"Yazmed Healthcare","url":"https:\/\/yazmed.ma\/","logo":{"@type":"ImageObject","inLanguage":"ary","@id":"https:\/\/yazmed.ma\/#\/schema\/logo\/image\/","url":"https:\/\/yazmed.ma\/wp-content\/uploads\/2024\/12\/3.png","contentUrl":"https:\/\/yazmed.ma\/wp-content\/uploads\/2024\/12\/3.png","width":250,"height":70,"caption":"Yazmed Healthcare"},"image":{"@id":"https:\/\/yazmed.ma\/#\/schema\/logo\/image\/"},"sameAs":["https:\/\/www.facebook.com\/azenkouky","https:\/\/www.instagram.com\/yazmedhealthcare","https:\/\/www.linkedin.com\/in\/yazmed-healthcare-1b4955295"]}]}},"_links":{"self":[{"href":"https:\/\/yazmed.ma\/ar\/wp-json\/wp\/v2\/product\/1335","targetHints":{"allow":["GET"]}}],"collection":[{"href":"https:\/\/yazmed.ma\/ar\/wp-json\/wp\/v2\/product"}],"about":[{"href":"https:\/\/yazmed.ma\/ar\/wp-json\/wp\/v2\/types\/product"}],"replies":[{"embeddable":true,"href":"https:\/\/yazmed.ma\/ar\/wp-json\/wp\/v2\/comments?post=1335"}],"version-history":[{"count":0,"href":"https:\/\/yazmed.ma\/ar\/wp-json\/wp\/v2\/product\/1335\/revisions"}],"wp:featuredmedia":[{"embeddable":true,"href":"https:\/\/yazmed.ma\/ar\/wp-json\/wp\/v2\/media\/1336"}],"wp:attachment":[{"href":"https:\/\/yazmed.ma\/ar\/wp-json\/wp\/v2\/media?parent=1335"}],"wp:term":[{"taxonomy":"product_brand","embeddable":true,"href":"https:\/\/yazmed.ma\/ar\/wp-json\/wp\/v2\/product_brand?post=1335"},{"taxonomy":"product_cat","embeddable":true,"href":"https:\/\/yazmed.ma\/ar\/wp-json\/wp\/v2\/product_cat?post=1335"},{"taxonomy":"product_tag","embeddable":true,"href":"https:\/\/yazmed.ma\/ar\/wp-json\/wp\/v2\/product_tag?post=1335"}],"curies":[{"name":"wp","href":"https:\/\/api.w.org\/{rel}","templated":true}]}}