{"id":1332,"date":"2024-12-23T20:28:25","date_gmt":"2024-12-23T20:28:25","guid":{"rendered":"https:\/\/yazmed.ma\/?post_type=product&#038;p=1332"},"modified":"2025-12-23T17:29:01","modified_gmt":"2025-12-23T17:29:01","slug":"pese-impedancemetre-beurer","status":"publish","type":"product","link":"https:\/\/yazmed.ma\/ar\/product\/pese-impedancemetre-beurer\/","title":{"rendered":"P\u00e8se imp\u00e9dancem\u00e8tre Beurer 135"},"content":{"rendered":"<h3 data-start=\"290\" data-end=\"314\"><img decoding=\"async\" class=\"emoji\" role=\"img\" draggable=\"false\" src=\"https:\/\/s.w.org\/images\/core\/emoji\/16.0.1\/svg\/2705.svg\" alt=\"\u2705\" \/>\u00a0 Caract\u00e9ristiques<\/h3>\n<p>Plateau de pes\u00e9e en verre, 8\u00a0mm format XL<\/p>\n<p>Capacit\u00e9 de charge\/Graduation : 180 kg \/ 100 g<\/p>\n<p>S\u00e9lecteur : kg\/lb\/st<\/p>\n<p>Grand \u00e9cran LCD avec \u00e9clairage bleu<\/p>\n<p>Poids, graisse et eau corporelles, taux de muscle, masse osseuse<\/p>\n<p>\u00c9cran \u00e0\u00a0 \u00e9clairage bleu<\/p>\n<p>\u00c9lectrodes en acier inoxydable bross\u00e9<\/p>\n<p>5\u00a0niveaux d&rsquo;activit\u00e9<\/p>\n<p>M\u00e9moires utilisateur\u00a0: 10<\/p>\n<p>M\u00e9canisme de mise en marche\u00a0: d\u00e9marrage rapide<\/p>\n<p>Arr\u00eat automatique, affichage en cas de surcharge<\/p>\n<p>Taille des chiffres\u00a0: 40\u00a0mm<\/p>\n<p><img decoding=\"async\" class=\"\" src=\"https:\/\/eclazon.ma\/wp-content\/uploads\/2024\/07\/telechargement-200x100.jpg\" width=\"110\" height=\"55\" \/><\/p>\n<p data-start=\"940\" data-end=\"1108\">","protected":false},"excerpt":{"rendered":"<h4 data-start=\"309\" data-end=\"668\">Le <strong data-start=\"312\" data-end=\"351\">p\u00e8se-personne imp\u00e9dancem\u00e8tre Beurer<\/strong><\/h4>\n<p data-start=\"309\" data-end=\"668\">est un type de\u00a0<a title=\"Balance (instrument)\" href=\"https:\/\/fr.wikipedia.org\/wiki\/Balance_(instrument)\">balance<\/a>\u00a0 con\u00e7u pour mesurer non seulement le poids, mais aussi la composition corporelle compl\u00e8te gr\u00e2ce \u00e0 la technologie d\u2019imp\u00e9dance bio\u00e9lectrique. Il fournit des donn\u00e9es d\u00e9taill\u00e9es telles que le taux de graisse corporelle, la masse musculaire, l\u2019eau corporelle et l\u2019indice de masse corporelle (IMC).<\/p>\n<p data-start=\"670\" data-end=\"938\">Facile \u00e0 utiliser, avec un grand \u00e9cran digital et des fonctions de m\u00e9moire pour plusieurs utilisateurs, ce p\u00e8se-personne est id\u00e9al pour un suivi pr\u00e9cis de la sant\u00e9 \u00e0 domicile ou en cabinet m\u00e9dical. Compact et \u00e9l\u00e9gant, il s\u2019int\u00e8gre parfaitement dans tout environnement.<\/p>\n<p data-start=\"670\" data-end=\"938\"><img decoding=\"async\" class=\"\" src=\"https:\/\/eclazon.ma\/wp-content\/uploads\/2024\/07\/telechargement-200x100.jpg\" width=\"66\" height=\"33\" \/><\/p>","protected":false},"featured_media":3034,"comment_status":"open","ping_status":"closed","template":"","meta":[],"product_brand":[],"product_cat":[50],"product_tag":[283,284],"class_list":{"0":"post-1332","1":"product","2":"type-product","3":"status-publish","4":"has-post-thumbnail","6":"product_cat-appareillages-diagnostic","7":"product_tag-pese-impedancemetre-beurer","8":"product_tag-pese-personne","10":"first","11":"instock","12":"taxable","13":"shipping-taxable","14":"purchasable","15":"product-type-simple"},"yoast_head":"<!-- This site is optimized with the Yoast SEO plugin v26.9 - https:\/\/yoast.com\/product\/yoast-seo-wordpress\/ -->\n<title>P\u00e8se imp\u00e9dancem\u00e8tre Beurer 135 - YAZMED<\/title>\n<meta name=\"robots\" content=\"index, follow, max-snippet:-1, max-image-preview:large, max-video-preview:-1\" \/>\n<link rel=\"canonical\" href=\"https:\/\/yazmed.ma\/ar\/product\/pese-personne-impedancemetre-de-beurer\/\" \/>\n<meta property=\"og:locale\" content=\"ar_AR\" \/>\n<meta property=\"og:type\" content=\"article\" \/>\n<meta property=\"og:title\" content=\"P\u00e8se imp\u00e9dancem\u00e8tre Beurer 135 - YAZMED\" \/>\n<meta property=\"og:description\" content=\"Le p\u00e8se-personne imp\u00e9dancem\u00e8tre Beurer est un type de\u00a0balance\u00a0 con\u00e7u pour mesurer non seulement le poids, mais aussi la composition corporelle compl\u00e8te gr\u00e2ce \u00e0 la technologie d\u2019imp\u00e9dance bio\u00e9lectrique. Il fournit des donn\u00e9es d\u00e9taill\u00e9es telles que le taux de graisse corporelle, la masse musculaire, l\u2019eau corporelle et l\u2019indice de masse corporelle (IMC). Facile \u00e0 utiliser, avec un grand \u00e9cran digital et des fonctions de m\u00e9moire pour plusieurs utilisateurs, ce p\u00e8se-personne est id\u00e9al pour un suivi pr\u00e9cis de la sant\u00e9 \u00e0 domicile ou en cabinet m\u00e9dical. Compact et \u00e9l\u00e9gant, il s\u2019int\u00e8gre parfaitement dans tout environnement.\" \/>\n<meta property=\"og:url\" content=\"https:\/\/yazmed.ma\/ar\/product\/pese-personne-impedancemetre-de-beurer\/\" \/>\n<meta property=\"og:site_name\" content=\"YAZMED\" \/>\n<meta property=\"article:publisher\" content=\"https:\/\/www.facebook.com\/azenkouky\" \/>\n<meta property=\"article:modified_time\" content=\"2025-12-23T17:29:01+00:00\" \/>\n<meta property=\"og:image\" content=\"https:\/\/yazmed.ma\/wp-content\/uploads\/2024\/12\/Design-sans-titre-54.png\" \/>\n\t<meta property=\"og:image:width\" content=\"570\" \/>\n\t<meta property=\"og:image:height\" content=\"517\" \/>\n\t<meta property=\"og:image:type\" content=\"image\/png\" \/>\n<meta name=\"twitter:card\" content=\"summary_large_image\" \/>\n<meta name=\"twitter:label1\" content=\"Est. reading time\" \/>\n\t<meta name=\"twitter:data1\" content=\"1 minute\" \/>\n<script type=\"application\/ld+json\" class=\"yoast-schema-graph\">{\"@context\":\"https:\/\/schema.org\",\"@graph\":[{\"@type\":\"WebPage\",\"@id\":\"https:\/\/yazmed.ma\/product\/pese-personne-impedancemetre-de-beurer\/\",\"url\":\"https:\/\/yazmed.ma\/product\/pese-personne-impedancemetre-de-beurer\/\",\"name\":\"P\u00e8se imp\u00e9dancem\u00e8tre Beurer 135 - YAZMED\",\"isPartOf\":{\"@id\":\"https:\/\/yazmed.ma\/#website\"},\"primaryImageOfPage\":{\"@id\":\"https:\/\/yazmed.ma\/product\/pese-personne-impedancemetre-de-beurer\/#primaryimage\"},\"image\":{\"@id\":\"https:\/\/yazmed.ma\/product\/pese-personne-impedancemetre-de-beurer\/#primaryimage\"},\"thumbnailUrl\":\"https:\/\/yazmed.ma\/wp-content\/uploads\/2024\/12\/Pese-impedancemetre-Beurer-135.webp\",\"datePublished\":\"2024-12-23T20:28:25+00:00\",\"dateModified\":\"2025-12-23T17:29:01+00:00\",\"breadcrumb\":{\"@id\":\"https:\/\/yazmed.ma\/product\/pese-personne-impedancemetre-de-beurer\/#breadcrumb\"},\"inLanguage\":\"ary\",\"potentialAction\":[{\"@type\":\"ReadAction\",\"target\":[\"https:\/\/yazmed.ma\/product\/pese-personne-impedancemetre-de-beurer\/\"]}]},{\"@type\":\"ImageObject\",\"inLanguage\":\"ary\",\"@id\":\"https:\/\/yazmed.ma\/product\/pese-personne-impedancemetre-de-beurer\/#primaryimage\",\"url\":\"https:\/\/yazmed.ma\/wp-content\/uploads\/2024\/12\/Pese-impedancemetre-Beurer-135.webp\",\"contentUrl\":\"https:\/\/yazmed.ma\/wp-content\/uploads\/2024\/12\/Pese-impedancemetre-Beurer-135.webp\",\"width\":450,\"height\":450,\"caption\":\"P\u00e8se imp\u00e9dancem\u00e8tre Beurer 135\"},{\"@type\":\"BreadcrumbList\",\"@id\":\"https:\/\/yazmed.ma\/product\/pese-personne-impedancemetre-de-beurer\/#breadcrumb\",\"itemListElement\":[{\"@type\":\"ListItem\",\"position\":1,\"name\":\"Accueil\",\"item\":\"https:\/\/yazmed.ma\/\"},{\"@type\":\"ListItem\",\"position\":2,\"name\":\"Shop\",\"item\":\"https:\/\/yazmed.ma\/shop-2\/\"},{\"@type\":\"ListItem\",\"position\":3,\"name\":\"P\u00e8se-personne imp\u00e9dancem\u00e8tre de Beurer\"}]},{\"@type\":\"WebSite\",\"@id\":\"https:\/\/yazmed.ma\/#website\",\"url\":\"https:\/\/yazmed.ma\/\",\"name\":\"Yazmed\",\"description\":\"LEADER DU MAT\u00c9RIEL M\u00c9DICAL AU MAROC\",\"publisher\":{\"@id\":\"https:\/\/yazmed.ma\/#organization\"},\"potentialAction\":[{\"@type\":\"SearchAction\",\"target\":{\"@type\":\"EntryPoint\",\"urlTemplate\":\"https:\/\/yazmed.ma\/?s={search_term_string}\"},\"query-input\":{\"@type\":\"PropertyValueSpecification\",\"valueRequired\":true,\"valueName\":\"search_term_string\"}}],\"inLanguage\":\"ary\"},{\"@type\":\"Organization\",\"@id\":\"https:\/\/yazmed.ma\/#organization\",\"name\":\"Yazmed Healthcare\",\"url\":\"https:\/\/yazmed.ma\/\",\"logo\":{\"@type\":\"ImageObject\",\"inLanguage\":\"ary\",\"@id\":\"https:\/\/yazmed.ma\/#\/schema\/logo\/image\/\",\"url\":\"https:\/\/yazmed.ma\/wp-content\/uploads\/2024\/12\/3.png\",\"contentUrl\":\"https:\/\/yazmed.ma\/wp-content\/uploads\/2024\/12\/3.png\",\"width\":250,\"height\":70,\"caption\":\"Yazmed Healthcare\"},\"image\":{\"@id\":\"https:\/\/yazmed.ma\/#\/schema\/logo\/image\/\"},\"sameAs\":[\"https:\/\/www.facebook.com\/azenkouky\",\"https:\/\/www.instagram.com\/yazmedhealthcare\",\"https:\/\/www.linkedin.com\/in\/yazmed-healthcare-1b4955295\"]}]}<\/script>\n<!-- \/ Yoast SEO plugin. -->","yoast_head_json":{"title":"P\u00e8se imp\u00e9dancem\u00e8tre Beurer 135 - YAZMED","robots":{"index":"index","follow":"follow","max-snippet":"max-snippet:-1","max-image-preview":"max-image-preview:large","max-video-preview":"max-video-preview:-1"},"canonical":"https:\/\/yazmed.ma\/ar\/product\/pese-personne-impedancemetre-de-beurer\/","og_locale":"ar_AR","og_type":"article","og_title":"P\u00e8se imp\u00e9dancem\u00e8tre Beurer 135 - YAZMED","og_description":"Le p\u00e8se-personne imp\u00e9dancem\u00e8tre Beurer est un type de\u00a0balance\u00a0 con\u00e7u pour mesurer non seulement le poids, mais aussi la composition corporelle compl\u00e8te gr\u00e2ce \u00e0 la technologie d\u2019imp\u00e9dance bio\u00e9lectrique. Il fournit des donn\u00e9es d\u00e9taill\u00e9es telles que le taux de graisse corporelle, la masse musculaire, l\u2019eau corporelle et l\u2019indice de masse corporelle (IMC). Facile \u00e0 utiliser, avec un grand \u00e9cran digital et des fonctions de m\u00e9moire pour plusieurs utilisateurs, ce p\u00e8se-personne est id\u00e9al pour un suivi pr\u00e9cis de la sant\u00e9 \u00e0 domicile ou en cabinet m\u00e9dical. Compact et \u00e9l\u00e9gant, il s\u2019int\u00e8gre parfaitement dans tout environnement.","og_url":"https:\/\/yazmed.ma\/ar\/product\/pese-personne-impedancemetre-de-beurer\/","og_site_name":"YAZMED","article_publisher":"https:\/\/www.facebook.com\/azenkouky","article_modified_time":"2025-12-23T17:29:01+00:00","og_image":[{"width":570,"height":517,"url":"https:\/\/yazmed.ma\/wp-content\/uploads\/2024\/12\/Design-sans-titre-54.png","type":"image\/png"}],"twitter_card":"summary_large_image","twitter_misc":{"Est. reading time":"1 minute"},"schema":{"@context":"https:\/\/schema.org","@graph":[{"@type":"WebPage","@id":"https:\/\/yazmed.ma\/product\/pese-personne-impedancemetre-de-beurer\/","url":"https:\/\/yazmed.ma\/product\/pese-personne-impedancemetre-de-beurer\/","name":"P\u00e8se imp\u00e9dancem\u00e8tre Beurer 135 - YAZMED","isPartOf":{"@id":"https:\/\/yazmed.ma\/#website"},"primaryImageOfPage":{"@id":"https:\/\/yazmed.ma\/product\/pese-personne-impedancemetre-de-beurer\/#primaryimage"},"image":{"@id":"https:\/\/yazmed.ma\/product\/pese-personne-impedancemetre-de-beurer\/#primaryimage"},"thumbnailUrl":"https:\/\/yazmed.ma\/wp-content\/uploads\/2024\/12\/Pese-impedancemetre-Beurer-135.webp","datePublished":"2024-12-23T20:28:25+00:00","dateModified":"2025-12-23T17:29:01+00:00","breadcrumb":{"@id":"https:\/\/yazmed.ma\/product\/pese-personne-impedancemetre-de-beurer\/#breadcrumb"},"inLanguage":"ary","potentialAction":[{"@type":"ReadAction","target":["https:\/\/yazmed.ma\/product\/pese-personne-impedancemetre-de-beurer\/"]}]},{"@type":"ImageObject","inLanguage":"ary","@id":"https:\/\/yazmed.ma\/product\/pese-personne-impedancemetre-de-beurer\/#primaryimage","url":"https:\/\/yazmed.ma\/wp-content\/uploads\/2024\/12\/Pese-impedancemetre-Beurer-135.webp","contentUrl":"https:\/\/yazmed.ma\/wp-content\/uploads\/2024\/12\/Pese-impedancemetre-Beurer-135.webp","width":450,"height":450,"caption":"P\u00e8se imp\u00e9dancem\u00e8tre Beurer 135"},{"@type":"BreadcrumbList","@id":"https:\/\/yazmed.ma\/product\/pese-personne-impedancemetre-de-beurer\/#breadcrumb","itemListElement":[{"@type":"ListItem","position":1,"name":"Accueil","item":"https:\/\/yazmed.ma\/"},{"@type":"ListItem","position":2,"name":"Shop","item":"https:\/\/yazmed.ma\/shop-2\/"},{"@type":"ListItem","position":3,"name":"P\u00e8se-personne imp\u00e9dancem\u00e8tre de Beurer"}]},{"@type":"WebSite","@id":"https:\/\/yazmed.ma\/#website","url":"https:\/\/yazmed.ma\/","name":"Yazmed","description":"LEADER DU MAT\u00c9RIEL M\u00c9DICAL AU MAROC","publisher":{"@id":"https:\/\/yazmed.ma\/#organization"},"potentialAction":[{"@type":"SearchAction","target":{"@type":"EntryPoint","urlTemplate":"https:\/\/yazmed.ma\/?s={search_term_string}"},"query-input":{"@type":"PropertyValueSpecification","valueRequired":true,"valueName":"search_term_string"}}],"inLanguage":"ary"},{"@type":"Organization","@id":"https:\/\/yazmed.ma\/#organization","name":"Yazmed Healthcare","url":"https:\/\/yazmed.ma\/","logo":{"@type":"ImageObject","inLanguage":"ary","@id":"https:\/\/yazmed.ma\/#\/schema\/logo\/image\/","url":"https:\/\/yazmed.ma\/wp-content\/uploads\/2024\/12\/3.png","contentUrl":"https:\/\/yazmed.ma\/wp-content\/uploads\/2024\/12\/3.png","width":250,"height":70,"caption":"Yazmed Healthcare"},"image":{"@id":"https:\/\/yazmed.ma\/#\/schema\/logo\/image\/"},"sameAs":["https:\/\/www.facebook.com\/azenkouky","https:\/\/www.instagram.com\/yazmedhealthcare","https:\/\/www.linkedin.com\/in\/yazmed-healthcare-1b4955295"]}]}},"_links":{"self":[{"href":"https:\/\/yazmed.ma\/ar\/wp-json\/wp\/v2\/product\/1332","targetHints":{"allow":["GET"]}}],"collection":[{"href":"https:\/\/yazmed.ma\/ar\/wp-json\/wp\/v2\/product"}],"about":[{"href":"https:\/\/yazmed.ma\/ar\/wp-json\/wp\/v2\/types\/product"}],"replies":[{"embeddable":true,"href":"https:\/\/yazmed.ma\/ar\/wp-json\/wp\/v2\/comments?post=1332"}],"version-history":[{"count":1,"href":"https:\/\/yazmed.ma\/ar\/wp-json\/wp\/v2\/product\/1332\/revisions"}],"predecessor-version":[{"id":2596,"href":"https:\/\/yazmed.ma\/ar\/wp-json\/wp\/v2\/product\/1332\/revisions\/2596"}],"wp:featuredmedia":[{"embeddable":true,"href":"https:\/\/yazmed.ma\/ar\/wp-json\/wp\/v2\/media\/3034"}],"wp:attachment":[{"href":"https:\/\/yazmed.ma\/ar\/wp-json\/wp\/v2\/media?parent=1332"}],"wp:term":[{"taxonomy":"product_brand","embeddable":true,"href":"https:\/\/yazmed.ma\/ar\/wp-json\/wp\/v2\/product_brand?post=1332"},{"taxonomy":"product_cat","embeddable":true,"href":"https:\/\/yazmed.ma\/ar\/wp-json\/wp\/v2\/product_cat?post=1332"},{"taxonomy":"product_tag","embeddable":true,"href":"https:\/\/yazmed.ma\/ar\/wp-json\/wp\/v2\/product_tag?post=1332"}],"curies":[{"name":"wp","href":"https:\/\/api.w.org\/{rel}","templated":true}]}}