{"id":1329,"date":"2024-12-23T20:22:04","date_gmt":"2024-12-23T20:22:04","guid":{"rendered":"https:\/\/yazmed.ma\/?post_type=product&#038;p=1329"},"modified":"2025-12-23T17:05:14","modified_gmt":"2025-12-23T17:05:14","slug":"pese-mecanique-beurer-135","status":"publish","type":"product","link":"https:\/\/yazmed.ma\/ar\/product\/pese-mecanique-beurer-135\/","title":{"rendered":"p\u00e8se m\u00e9canique Beurer 135"},"content":{"rendered":"<p><strong>Garantie :<\/strong>\u00a05 ans<\/p>\n<p><strong>Classique et fiable. Ce p\u00e8se-personne m\u00e9canique convainc par sa graduation bien visible et sa surface antid\u00e9rapante.<\/strong><\/p>\n<p><strong>Capacit\u00e9 de charge :\u00a0<\/strong>135\u00a0kg<\/p>\n<p><strong>Graduation :<\/strong>\u00a01 kg<\/p>\n<p><strong>Affichage analogique<\/strong><\/p>\n<p><img decoding=\"async\" class=\"\" src=\"https:\/\/eclazon.ma\/wp-content\/uploads\/2024\/07\/telechargement-200x100.jpg\" width=\"78\" height=\"39\" \/><\/p>","protected":false},"excerpt":{"rendered":"<h3 data-start=\"301\" data-end=\"552\"><strong data-start=\"304\" data-end=\"338\">p\u00e8se m\u00e9canique Beurer 135\u00a0<\/strong><\/h3>\n<p data-start=\"301\" data-end=\"552\">est un appareil simple, robuste et fiable pour mesurer le <a title=\"Poids\" href=\"https:\/\/fr.wikipedia.org\/wiki\/Poids\">poids<\/a>\u00a0 corporel avec pr\u00e9cision. Sans \u00e9lectronique, il offre une utilisation durable et facile, id\u00e9ale pour l<\/p>\n<p data-start=\"554\" data-end=\"799\">Avec un design classique et une grande plateforme stable, est parfait pour ceux qui recherchent une solution sans piles ni maintenance complexe. Il convient parfaitement aux cliniques, cabinets m\u00e9dicaux et particuliers au Maroc.<\/p>\n<p data-start=\"801\" data-end=\"929\"><img decoding=\"async\" class=\"\" src=\"https:\/\/eclazon.ma\/wp-content\/uploads\/2024\/07\/telechargement-200x100.jpg\" width=\"78\" height=\"39\" \/><\/p>","protected":false},"featured_media":1876,"comment_status":"open","ping_status":"closed","template":"","meta":[],"product_brand":[],"product_cat":[50],"product_tag":[],"class_list":{"0":"post-1329","1":"product","2":"type-product","3":"status-publish","4":"has-post-thumbnail","6":"product_cat-appareillages-diagnostic","8":"first","9":"instock","10":"taxable","11":"shipping-taxable","12":"purchasable","13":"product-type-simple"},"yoast_head":"<!-- This site is optimized with the Yoast SEO plugin v26.9 - https:\/\/yoast.com\/product\/yoast-seo-wordpress\/ -->\n<title>p\u00e8se m\u00e9canique Beurer 135 - YAZMED<\/title>\n<meta name=\"robots\" content=\"index, follow, max-snippet:-1, max-image-preview:large, max-video-preview:-1\" \/>\n<link rel=\"canonical\" href=\"https:\/\/yazmed.ma\/ar\/product\/pese-personne-mecanique-beurer\/\" \/>\n<meta property=\"og:locale\" content=\"ar_AR\" \/>\n<meta property=\"og:type\" content=\"article\" \/>\n<meta property=\"og:title\" content=\"p\u00e8se m\u00e9canique Beurer 135 - YAZMED\" \/>\n<meta property=\"og:description\" content=\"p\u00e8se m\u00e9canique Beurer 135\u00a0 est un appareil simple, robuste et fiable pour mesurer le poids\u00a0 corporel avec pr\u00e9cision. Sans \u00e9lectronique, il offre une utilisation durable et facile, id\u00e9ale pour l Avec un design classique et une grande plateforme stable, est parfait pour ceux qui recherchent une solution sans piles ni maintenance complexe. Il convient parfaitement aux cliniques, cabinets m\u00e9dicaux et particuliers au Maroc.\" \/>\n<meta property=\"og:url\" content=\"https:\/\/yazmed.ma\/ar\/product\/pese-personne-mecanique-beurer\/\" \/>\n<meta property=\"og:site_name\" content=\"YAZMED\" \/>\n<meta property=\"article:publisher\" content=\"https:\/\/www.facebook.com\/azenkouky\" \/>\n<meta property=\"article:modified_time\" content=\"2025-12-23T17:05:14+00:00\" \/>\n<meta property=\"og:image\" content=\"https:\/\/yazmed.ma\/wp-content\/uploads\/2024\/12\/Design-sans-titre-53.png\" \/>\n\t<meta property=\"og:image:width\" content=\"570\" \/>\n\t<meta property=\"og:image:height\" content=\"517\" \/>\n\t<meta property=\"og:image:type\" content=\"image\/png\" \/>\n<meta name=\"twitter:card\" content=\"summary_large_image\" \/>\n<meta name=\"twitter:label1\" content=\"Est. reading time\" \/>\n\t<meta name=\"twitter:data1\" content=\"1 minute\" \/>\n<script type=\"application\/ld+json\" class=\"yoast-schema-graph\">{\"@context\":\"https:\/\/schema.org\",\"@graph\":[{\"@type\":\"WebPage\",\"@id\":\"https:\/\/yazmed.ma\/product\/pese-personne-mecanique-beurer\/\",\"url\":\"https:\/\/yazmed.ma\/product\/pese-personne-mecanique-beurer\/\",\"name\":\"p\u00e8se m\u00e9canique Beurer 135 - YAZMED\",\"isPartOf\":{\"@id\":\"https:\/\/yazmed.ma\/#website\"},\"primaryImageOfPage\":{\"@id\":\"https:\/\/yazmed.ma\/product\/pese-personne-mecanique-beurer\/#primaryimage\"},\"image\":{\"@id\":\"https:\/\/yazmed.ma\/product\/pese-personne-mecanique-beurer\/#primaryimage\"},\"thumbnailUrl\":\"https:\/\/yazmed.ma\/wp-content\/uploads\/2024\/12\/Design-sans-titre-53.png\",\"datePublished\":\"2024-12-23T20:22:04+00:00\",\"dateModified\":\"2025-12-23T17:05:14+00:00\",\"breadcrumb\":{\"@id\":\"https:\/\/yazmed.ma\/product\/pese-personne-mecanique-beurer\/#breadcrumb\"},\"inLanguage\":\"ary\",\"potentialAction\":[{\"@type\":\"ReadAction\",\"target\":[\"https:\/\/yazmed.ma\/product\/pese-personne-mecanique-beurer\/\"]}]},{\"@type\":\"ImageObject\",\"inLanguage\":\"ary\",\"@id\":\"https:\/\/yazmed.ma\/product\/pese-personne-mecanique-beurer\/#primaryimage\",\"url\":\"https:\/\/yazmed.ma\/wp-content\/uploads\/2024\/12\/Design-sans-titre-53.png\",\"contentUrl\":\"https:\/\/yazmed.ma\/wp-content\/uploads\/2024\/12\/Design-sans-titre-53.png\",\"width\":570,\"height\":517,\"caption\":\"P\u00e8se personne m\u00e9canique \u2013 Beurer Yazmed Maroc\"},{\"@type\":\"BreadcrumbList\",\"@id\":\"https:\/\/yazmed.ma\/product\/pese-personne-mecanique-beurer\/#breadcrumb\",\"itemListElement\":[{\"@type\":\"ListItem\",\"position\":1,\"name\":\"Accueil\",\"item\":\"https:\/\/yazmed.ma\/\"},{\"@type\":\"ListItem\",\"position\":2,\"name\":\"Shop\",\"item\":\"https:\/\/yazmed.ma\/shop-2\/\"},{\"@type\":\"ListItem\",\"position\":3,\"name\":\"P\u00e8se personne m\u00e9canique &#8211; Beurer\"}]},{\"@type\":\"WebSite\",\"@id\":\"https:\/\/yazmed.ma\/#website\",\"url\":\"https:\/\/yazmed.ma\/\",\"name\":\"Yazmed\",\"description\":\"LEADER DU MAT\u00c9RIEL M\u00c9DICAL AU MAROC\",\"publisher\":{\"@id\":\"https:\/\/yazmed.ma\/#organization\"},\"potentialAction\":[{\"@type\":\"SearchAction\",\"target\":{\"@type\":\"EntryPoint\",\"urlTemplate\":\"https:\/\/yazmed.ma\/?s={search_term_string}\"},\"query-input\":{\"@type\":\"PropertyValueSpecification\",\"valueRequired\":true,\"valueName\":\"search_term_string\"}}],\"inLanguage\":\"ary\"},{\"@type\":\"Organization\",\"@id\":\"https:\/\/yazmed.ma\/#organization\",\"name\":\"Yazmed Healthcare\",\"url\":\"https:\/\/yazmed.ma\/\",\"logo\":{\"@type\":\"ImageObject\",\"inLanguage\":\"ary\",\"@id\":\"https:\/\/yazmed.ma\/#\/schema\/logo\/image\/\",\"url\":\"https:\/\/yazmed.ma\/wp-content\/uploads\/2024\/12\/3.png\",\"contentUrl\":\"https:\/\/yazmed.ma\/wp-content\/uploads\/2024\/12\/3.png\",\"width\":250,\"height\":70,\"caption\":\"Yazmed Healthcare\"},\"image\":{\"@id\":\"https:\/\/yazmed.ma\/#\/schema\/logo\/image\/\"},\"sameAs\":[\"https:\/\/www.facebook.com\/azenkouky\",\"https:\/\/www.instagram.com\/yazmedhealthcare\",\"https:\/\/www.linkedin.com\/in\/yazmed-healthcare-1b4955295\"]}]}<\/script>\n<!-- \/ Yoast SEO plugin. -->","yoast_head_json":{"title":"p\u00e8se m\u00e9canique Beurer 135 - YAZMED","robots":{"index":"index","follow":"follow","max-snippet":"max-snippet:-1","max-image-preview":"max-image-preview:large","max-video-preview":"max-video-preview:-1"},"canonical":"https:\/\/yazmed.ma\/ar\/product\/pese-personne-mecanique-beurer\/","og_locale":"ar_AR","og_type":"article","og_title":"p\u00e8se m\u00e9canique Beurer 135 - YAZMED","og_description":"p\u00e8se m\u00e9canique Beurer 135\u00a0 est un appareil simple, robuste et fiable pour mesurer le poids\u00a0 corporel avec pr\u00e9cision. Sans \u00e9lectronique, il offre une utilisation durable et facile, id\u00e9ale pour l Avec un design classique et une grande plateforme stable, est parfait pour ceux qui recherchent une solution sans piles ni maintenance complexe. Il convient parfaitement aux cliniques, cabinets m\u00e9dicaux et particuliers au Maroc.","og_url":"https:\/\/yazmed.ma\/ar\/product\/pese-personne-mecanique-beurer\/","og_site_name":"YAZMED","article_publisher":"https:\/\/www.facebook.com\/azenkouky","article_modified_time":"2025-12-23T17:05:14+00:00","og_image":[{"width":570,"height":517,"url":"https:\/\/yazmed.ma\/wp-content\/uploads\/2024\/12\/Design-sans-titre-53.png","type":"image\/png"}],"twitter_card":"summary_large_image","twitter_misc":{"Est. reading time":"1 minute"},"schema":{"@context":"https:\/\/schema.org","@graph":[{"@type":"WebPage","@id":"https:\/\/yazmed.ma\/product\/pese-personne-mecanique-beurer\/","url":"https:\/\/yazmed.ma\/product\/pese-personne-mecanique-beurer\/","name":"p\u00e8se m\u00e9canique Beurer 135 - YAZMED","isPartOf":{"@id":"https:\/\/yazmed.ma\/#website"},"primaryImageOfPage":{"@id":"https:\/\/yazmed.ma\/product\/pese-personne-mecanique-beurer\/#primaryimage"},"image":{"@id":"https:\/\/yazmed.ma\/product\/pese-personne-mecanique-beurer\/#primaryimage"},"thumbnailUrl":"https:\/\/yazmed.ma\/wp-content\/uploads\/2024\/12\/Design-sans-titre-53.png","datePublished":"2024-12-23T20:22:04+00:00","dateModified":"2025-12-23T17:05:14+00:00","breadcrumb":{"@id":"https:\/\/yazmed.ma\/product\/pese-personne-mecanique-beurer\/#breadcrumb"},"inLanguage":"ary","potentialAction":[{"@type":"ReadAction","target":["https:\/\/yazmed.ma\/product\/pese-personne-mecanique-beurer\/"]}]},{"@type":"ImageObject","inLanguage":"ary","@id":"https:\/\/yazmed.ma\/product\/pese-personne-mecanique-beurer\/#primaryimage","url":"https:\/\/yazmed.ma\/wp-content\/uploads\/2024\/12\/Design-sans-titre-53.png","contentUrl":"https:\/\/yazmed.ma\/wp-content\/uploads\/2024\/12\/Design-sans-titre-53.png","width":570,"height":517,"caption":"P\u00e8se personne m\u00e9canique \u2013 Beurer Yazmed Maroc"},{"@type":"BreadcrumbList","@id":"https:\/\/yazmed.ma\/product\/pese-personne-mecanique-beurer\/#breadcrumb","itemListElement":[{"@type":"ListItem","position":1,"name":"Accueil","item":"https:\/\/yazmed.ma\/"},{"@type":"ListItem","position":2,"name":"Shop","item":"https:\/\/yazmed.ma\/shop-2\/"},{"@type":"ListItem","position":3,"name":"P\u00e8se personne m\u00e9canique &#8211; Beurer"}]},{"@type":"WebSite","@id":"https:\/\/yazmed.ma\/#website","url":"https:\/\/yazmed.ma\/","name":"Yazmed","description":"LEADER DU MAT\u00c9RIEL M\u00c9DICAL AU MAROC","publisher":{"@id":"https:\/\/yazmed.ma\/#organization"},"potentialAction":[{"@type":"SearchAction","target":{"@type":"EntryPoint","urlTemplate":"https:\/\/yazmed.ma\/?s={search_term_string}"},"query-input":{"@type":"PropertyValueSpecification","valueRequired":true,"valueName":"search_term_string"}}],"inLanguage":"ary"},{"@type":"Organization","@id":"https:\/\/yazmed.ma\/#organization","name":"Yazmed Healthcare","url":"https:\/\/yazmed.ma\/","logo":{"@type":"ImageObject","inLanguage":"ary","@id":"https:\/\/yazmed.ma\/#\/schema\/logo\/image\/","url":"https:\/\/yazmed.ma\/wp-content\/uploads\/2024\/12\/3.png","contentUrl":"https:\/\/yazmed.ma\/wp-content\/uploads\/2024\/12\/3.png","width":250,"height":70,"caption":"Yazmed Healthcare"},"image":{"@id":"https:\/\/yazmed.ma\/#\/schema\/logo\/image\/"},"sameAs":["https:\/\/www.facebook.com\/azenkouky","https:\/\/www.instagram.com\/yazmedhealthcare","https:\/\/www.linkedin.com\/in\/yazmed-healthcare-1b4955295"]}]}},"_links":{"self":[{"href":"https:\/\/yazmed.ma\/ar\/wp-json\/wp\/v2\/product\/1329","targetHints":{"allow":["GET"]}}],"collection":[{"href":"https:\/\/yazmed.ma\/ar\/wp-json\/wp\/v2\/product"}],"about":[{"href":"https:\/\/yazmed.ma\/ar\/wp-json\/wp\/v2\/types\/product"}],"replies":[{"embeddable":true,"href":"https:\/\/yazmed.ma\/ar\/wp-json\/wp\/v2\/comments?post=1329"}],"version-history":[{"count":1,"href":"https:\/\/yazmed.ma\/ar\/wp-json\/wp\/v2\/product\/1329\/revisions"}],"predecessor-version":[{"id":2597,"href":"https:\/\/yazmed.ma\/ar\/wp-json\/wp\/v2\/product\/1329\/revisions\/2597"}],"wp:featuredmedia":[{"embeddable":true,"href":"https:\/\/yazmed.ma\/ar\/wp-json\/wp\/v2\/media\/1876"}],"wp:attachment":[{"href":"https:\/\/yazmed.ma\/ar\/wp-json\/wp\/v2\/media?parent=1329"}],"wp:term":[{"taxonomy":"product_brand","embeddable":true,"href":"https:\/\/yazmed.ma\/ar\/wp-json\/wp\/v2\/product_brand?post=1329"},{"taxonomy":"product_cat","embeddable":true,"href":"https:\/\/yazmed.ma\/ar\/wp-json\/wp\/v2\/product_cat?post=1329"},{"taxonomy":"product_tag","embeddable":true,"href":"https:\/\/yazmed.ma\/ar\/wp-json\/wp\/v2\/product_tag?post=1329"}],"curies":[{"name":"wp","href":"https:\/\/api.w.org\/{rel}","templated":true}]}}