{"id":1326,"date":"2024-12-23T20:18:04","date_gmt":"2024-12-23T20:18:04","guid":{"rendered":"https:\/\/yazmed.ma\/?post_type=product&#038;p=1326"},"modified":"2025-12-23T17:17:17","modified_gmt":"2025-12-23T17:17:17","slug":"pese-bebe-electronique","status":"publish","type":"product","link":"https:\/\/yazmed.ma\/ar\/product\/pese-bebe-electronique\/","title":{"rendered":"p\u00e8se b\u00e9b\u00e9 \u00e9lectronique B 80"},"content":{"rendered":"<h3 data-start=\"290\" data-end=\"314\"><img decoding=\"async\" class=\"emoji\" role=\"img\" draggable=\"false\" src=\"https:\/\/s.w.org\/images\/core\/emoji\/16.0.1\/svg\/2705.svg\" alt=\"\u2705\" \/>\u00a0Caract\u00e9ristiques :<\/h3>\n<p><strong data-start=\"317\" data-end=\"337\">Surface profil\u00e9e<\/strong>\u00a0: Assure un meilleur confort pour le b\u00e9b\u00e9<\/p>\n<p><strong data-start=\"384\" data-end=\"425\">Stabilisation automatique et manuelle<\/strong>\u00a0: Permet une pes\u00e9e pr\u00e9cise malgr\u00e9 les mouvements<\/p>\n<p><strong data-start=\"479\" data-end=\"498\">Grand \u00e9cran LCD<\/strong>\u00a0: Dimensions 75 x 30 mm avec chiffres de 23 mm pour une lecture facile<\/p>\n<p><strong data-start=\"574\" data-end=\"591\">Fonction tare<\/strong>\u00a0: Permet d\u2019exclure le poids d\u2019un lange ou d\u2019une couverture<\/p>\n<p><strong data-start=\"655\" data-end=\"674\">Graduation fine<\/strong>\u00a0: Pr\u00e9cision de 5 g pour un suivi d\u00e9taill\u00e9 du poids<\/p>\n<p><strong data-start=\"730\" data-end=\"752\">Capacit\u00e9 de charge<\/strong>\u00a0: Jusqu\u2019\u00e0 20 kg<\/p>\n<p><strong data-start=\"773\" data-end=\"794\">S\u00e9lecteur d\u2019unit\u00e9<\/strong>\u00a0: kg \/ lb \/ oz<\/p>\n<p><strong data-start=\"814\" data-end=\"835\">Arr\u00eat automatique<\/strong>\u00a0: \u00c9conomie d\u2019\u00e9nergie et prolongation de la dur\u00e9e de vie des piles<\/p>\n<p><strong data-start=\"906\" data-end=\"933\">Indicateur de surcharge<\/strong>\u00a0: S\u00e9curise l\u2019utilisation<\/p>\n<p><strong data-start=\"963\" data-end=\"984\">Facile \u00e0 nettoyer<\/strong>\u00a0: Con\u00e7u pour une hygi\u00e8ne optimale<\/p>\n<p><strong data-start=\"1023\" data-end=\"1039\">Alimentation<\/strong>\u00a0: Fonctionne avec 2 piles 1,5V AA (incluses)<\/p>\n<p><img decoding=\"async\" class=\"\" src=\"https:\/\/eclazon.ma\/wp-content\/uploads\/2024\/07\/telechargement-200x100.jpg\" width=\"118\" height=\"59\" \/><\/p>","protected":false},"excerpt":{"rendered":"<h4>p\u00e8se-b\u00e9b\u00e9 \u00e9lectronique Beurer BY 80<\/h4>\n<p>est con\u00e7u pour faciliter la pes\u00e9e des nourrissons, m\u00eame en cas de mouvements. Gr\u00e2ce \u00e0 sa fonction de stabilisation automatique et manuelle, il garantit une mesure fiable et pr\u00e9cise.destin\u00e9 \u00e0 indiquer la\u00a0<a title=\"Masse\" href=\"https:\/\/fr.wikipedia.org\/wiki\/Masse\">masse<\/a> d&rsquo;une bebe e sur un plateau. avec capacite de charge jusqu&rsquo;\u00e0 2o kg<\/p>\n<p><img decoding=\"async\" class=\"\" src=\"https:\/\/eclazon.ma\/wp-content\/uploads\/2024\/07\/telechargement-200x100.jpg\" width=\"86\" height=\"43\" \/><\/p>","protected":false},"featured_media":3033,"comment_status":"open","ping_status":"closed","template":"","meta":[],"product_brand":[196],"product_cat":[50],"product_tag":[282,281],"class_list":{"0":"post-1326","1":"product","2":"type-product","3":"status-publish","4":"has-post-thumbnail","6":"product_brand-beurer","7":"product_cat-appareillages-diagnostic","8":"product_tag-pese-bebe-electronique","9":"product_tag-pese-bebe-electronique-prix-maroc","11":"first","12":"instock","13":"taxable","14":"shipping-taxable","15":"purchasable","16":"product-type-simple"},"yoast_head":"<!-- This site is optimized with the Yoast SEO plugin v26.9 - https:\/\/yoast.com\/product\/yoast-seo-wordpress\/ -->\n<title>p\u00e8se b\u00e9b\u00e9 \u00e9lectronique B 80 - YAZMED<\/title>\n<meta name=\"robots\" content=\"index, follow, max-snippet:-1, max-image-preview:large, max-video-preview:-1\" \/>\n<link rel=\"canonical\" href=\"https:\/\/yazmed.ma\/ar\/product\/pese-bebe-electronique\/\" \/>\n<meta property=\"og:locale\" content=\"ar_AR\" \/>\n<meta property=\"og:type\" content=\"article\" \/>\n<meta property=\"og:title\" content=\"p\u00e8se b\u00e9b\u00e9 \u00e9lectronique B 80 - YAZMED\" \/>\n<meta property=\"og:description\" content=\"p\u00e8se-b\u00e9b\u00e9 \u00e9lectronique Beurer BY 80 est con\u00e7u pour faciliter la pes\u00e9e des nourrissons, m\u00eame en cas de mouvements. Gr\u00e2ce \u00e0 sa fonction de stabilisation automatique et manuelle, il garantit une mesure fiable et pr\u00e9cise.destin\u00e9 \u00e0 indiquer la\u00a0masse d&#039;une bebe e sur un plateau. avec capacite de charge jusqu&#039;\u00e0 2o kg\" \/>\n<meta property=\"og:url\" content=\"https:\/\/yazmed.ma\/ar\/product\/pese-bebe-electronique\/\" \/>\n<meta property=\"og:site_name\" content=\"YAZMED\" \/>\n<meta property=\"article:publisher\" content=\"https:\/\/www.facebook.com\/azenkouky\" \/>\n<meta property=\"article:modified_time\" content=\"2025-12-23T17:17:17+00:00\" \/>\n<meta property=\"og:image\" content=\"https:\/\/yazmed.ma\/wp-content\/uploads\/2024\/12\/Design-sans-titre-52.png\" \/>\n\t<meta property=\"og:image:width\" content=\"570\" \/>\n\t<meta property=\"og:image:height\" content=\"517\" \/>\n\t<meta property=\"og:image:type\" content=\"image\/png\" \/>\n<meta name=\"twitter:card\" content=\"summary_large_image\" \/>\n<meta name=\"twitter:label1\" content=\"Est. reading time\" \/>\n\t<meta name=\"twitter:data1\" content=\"1 minute\" \/>\n<script type=\"application\/ld+json\" class=\"yoast-schema-graph\">{\"@context\":\"https:\/\/schema.org\",\"@graph\":[{\"@type\":\"WebPage\",\"@id\":\"https:\/\/yazmed.ma\/product\/pese-bebe-electronique\/\",\"url\":\"https:\/\/yazmed.ma\/product\/pese-bebe-electronique\/\",\"name\":\"p\u00e8se b\u00e9b\u00e9 \u00e9lectronique B 80 - YAZMED\",\"isPartOf\":{\"@id\":\"https:\/\/yazmed.ma\/#website\"},\"primaryImageOfPage\":{\"@id\":\"https:\/\/yazmed.ma\/product\/pese-bebe-electronique\/#primaryimage\"},\"image\":{\"@id\":\"https:\/\/yazmed.ma\/product\/pese-bebe-electronique\/#primaryimage\"},\"thumbnailUrl\":\"https:\/\/yazmed.ma\/wp-content\/uploads\/2024\/12\/pese-bebe-electronique-B-80.webp\",\"datePublished\":\"2024-12-23T20:18:04+00:00\",\"dateModified\":\"2025-12-23T17:17:17+00:00\",\"breadcrumb\":{\"@id\":\"https:\/\/yazmed.ma\/product\/pese-bebe-electronique\/#breadcrumb\"},\"inLanguage\":\"ary\",\"potentialAction\":[{\"@type\":\"ReadAction\",\"target\":[\"https:\/\/yazmed.ma\/product\/pese-bebe-electronique\/\"]}]},{\"@type\":\"ImageObject\",\"inLanguage\":\"ary\",\"@id\":\"https:\/\/yazmed.ma\/product\/pese-bebe-electronique\/#primaryimage\",\"url\":\"https:\/\/yazmed.ma\/wp-content\/uploads\/2024\/12\/pese-bebe-electronique-B-80.webp\",\"contentUrl\":\"https:\/\/yazmed.ma\/wp-content\/uploads\/2024\/12\/pese-bebe-electronique-B-80.webp\",\"width\":450,\"height\":450,\"caption\":\"p\u00e8se b\u00e9b\u00e9 \u00e9lectronique B 80\"},{\"@type\":\"BreadcrumbList\",\"@id\":\"https:\/\/yazmed.ma\/product\/pese-bebe-electronique\/#breadcrumb\",\"itemListElement\":[{\"@type\":\"ListItem\",\"position\":1,\"name\":\"Accueil\",\"item\":\"https:\/\/yazmed.ma\/\"},{\"@type\":\"ListItem\",\"position\":2,\"name\":\"Shop\",\"item\":\"https:\/\/yazmed.ma\/shop-2\/\"},{\"@type\":\"ListItem\",\"position\":3,\"name\":\"P\u00e8se b\u00e9b\u00e9 \u00e9lectronique\"}]},{\"@type\":\"WebSite\",\"@id\":\"https:\/\/yazmed.ma\/#website\",\"url\":\"https:\/\/yazmed.ma\/\",\"name\":\"Yazmed\",\"description\":\"LEADER DU MAT\u00c9RIEL M\u00c9DICAL AU MAROC\",\"publisher\":{\"@id\":\"https:\/\/yazmed.ma\/#organization\"},\"potentialAction\":[{\"@type\":\"SearchAction\",\"target\":{\"@type\":\"EntryPoint\",\"urlTemplate\":\"https:\/\/yazmed.ma\/?s={search_term_string}\"},\"query-input\":{\"@type\":\"PropertyValueSpecification\",\"valueRequired\":true,\"valueName\":\"search_term_string\"}}],\"inLanguage\":\"ary\"},{\"@type\":\"Organization\",\"@id\":\"https:\/\/yazmed.ma\/#organization\",\"name\":\"Yazmed Healthcare\",\"url\":\"https:\/\/yazmed.ma\/\",\"logo\":{\"@type\":\"ImageObject\",\"inLanguage\":\"ary\",\"@id\":\"https:\/\/yazmed.ma\/#\/schema\/logo\/image\/\",\"url\":\"https:\/\/yazmed.ma\/wp-content\/uploads\/2024\/12\/3.png\",\"contentUrl\":\"https:\/\/yazmed.ma\/wp-content\/uploads\/2024\/12\/3.png\",\"width\":250,\"height\":70,\"caption\":\"Yazmed Healthcare\"},\"image\":{\"@id\":\"https:\/\/yazmed.ma\/#\/schema\/logo\/image\/\"},\"sameAs\":[\"https:\/\/www.facebook.com\/azenkouky\",\"https:\/\/www.instagram.com\/yazmedhealthcare\",\"https:\/\/www.linkedin.com\/in\/yazmed-healthcare-1b4955295\"]}]}<\/script>\n<!-- \/ Yoast SEO plugin. -->","yoast_head_json":{"title":"p\u00e8se b\u00e9b\u00e9 \u00e9lectronique B 80 - YAZMED","robots":{"index":"index","follow":"follow","max-snippet":"max-snippet:-1","max-image-preview":"max-image-preview:large","max-video-preview":"max-video-preview:-1"},"canonical":"https:\/\/yazmed.ma\/ar\/product\/pese-bebe-electronique\/","og_locale":"ar_AR","og_type":"article","og_title":"p\u00e8se b\u00e9b\u00e9 \u00e9lectronique B 80 - YAZMED","og_description":"p\u00e8se-b\u00e9b\u00e9 \u00e9lectronique Beurer BY 80 est con\u00e7u pour faciliter la pes\u00e9e des nourrissons, m\u00eame en cas de mouvements. Gr\u00e2ce \u00e0 sa fonction de stabilisation automatique et manuelle, il garantit une mesure fiable et pr\u00e9cise.destin\u00e9 \u00e0 indiquer la\u00a0masse d'une bebe e sur un plateau. avec capacite de charge jusqu'\u00e0 2o kg","og_url":"https:\/\/yazmed.ma\/ar\/product\/pese-bebe-electronique\/","og_site_name":"YAZMED","article_publisher":"https:\/\/www.facebook.com\/azenkouky","article_modified_time":"2025-12-23T17:17:17+00:00","og_image":[{"width":570,"height":517,"url":"https:\/\/yazmed.ma\/wp-content\/uploads\/2024\/12\/Design-sans-titre-52.png","type":"image\/png"}],"twitter_card":"summary_large_image","twitter_misc":{"Est. reading time":"1 minute"},"schema":{"@context":"https:\/\/schema.org","@graph":[{"@type":"WebPage","@id":"https:\/\/yazmed.ma\/product\/pese-bebe-electronique\/","url":"https:\/\/yazmed.ma\/product\/pese-bebe-electronique\/","name":"p\u00e8se b\u00e9b\u00e9 \u00e9lectronique B 80 - YAZMED","isPartOf":{"@id":"https:\/\/yazmed.ma\/#website"},"primaryImageOfPage":{"@id":"https:\/\/yazmed.ma\/product\/pese-bebe-electronique\/#primaryimage"},"image":{"@id":"https:\/\/yazmed.ma\/product\/pese-bebe-electronique\/#primaryimage"},"thumbnailUrl":"https:\/\/yazmed.ma\/wp-content\/uploads\/2024\/12\/pese-bebe-electronique-B-80.webp","datePublished":"2024-12-23T20:18:04+00:00","dateModified":"2025-12-23T17:17:17+00:00","breadcrumb":{"@id":"https:\/\/yazmed.ma\/product\/pese-bebe-electronique\/#breadcrumb"},"inLanguage":"ary","potentialAction":[{"@type":"ReadAction","target":["https:\/\/yazmed.ma\/product\/pese-bebe-electronique\/"]}]},{"@type":"ImageObject","inLanguage":"ary","@id":"https:\/\/yazmed.ma\/product\/pese-bebe-electronique\/#primaryimage","url":"https:\/\/yazmed.ma\/wp-content\/uploads\/2024\/12\/pese-bebe-electronique-B-80.webp","contentUrl":"https:\/\/yazmed.ma\/wp-content\/uploads\/2024\/12\/pese-bebe-electronique-B-80.webp","width":450,"height":450,"caption":"p\u00e8se b\u00e9b\u00e9 \u00e9lectronique B 80"},{"@type":"BreadcrumbList","@id":"https:\/\/yazmed.ma\/product\/pese-bebe-electronique\/#breadcrumb","itemListElement":[{"@type":"ListItem","position":1,"name":"Accueil","item":"https:\/\/yazmed.ma\/"},{"@type":"ListItem","position":2,"name":"Shop","item":"https:\/\/yazmed.ma\/shop-2\/"},{"@type":"ListItem","position":3,"name":"P\u00e8se b\u00e9b\u00e9 \u00e9lectronique"}]},{"@type":"WebSite","@id":"https:\/\/yazmed.ma\/#website","url":"https:\/\/yazmed.ma\/","name":"Yazmed","description":"LEADER DU MAT\u00c9RIEL M\u00c9DICAL AU MAROC","publisher":{"@id":"https:\/\/yazmed.ma\/#organization"},"potentialAction":[{"@type":"SearchAction","target":{"@type":"EntryPoint","urlTemplate":"https:\/\/yazmed.ma\/?s={search_term_string}"},"query-input":{"@type":"PropertyValueSpecification","valueRequired":true,"valueName":"search_term_string"}}],"inLanguage":"ary"},{"@type":"Organization","@id":"https:\/\/yazmed.ma\/#organization","name":"Yazmed Healthcare","url":"https:\/\/yazmed.ma\/","logo":{"@type":"ImageObject","inLanguage":"ary","@id":"https:\/\/yazmed.ma\/#\/schema\/logo\/image\/","url":"https:\/\/yazmed.ma\/wp-content\/uploads\/2024\/12\/3.png","contentUrl":"https:\/\/yazmed.ma\/wp-content\/uploads\/2024\/12\/3.png","width":250,"height":70,"caption":"Yazmed Healthcare"},"image":{"@id":"https:\/\/yazmed.ma\/#\/schema\/logo\/image\/"},"sameAs":["https:\/\/www.facebook.com\/azenkouky","https:\/\/www.instagram.com\/yazmedhealthcare","https:\/\/www.linkedin.com\/in\/yazmed-healthcare-1b4955295"]}]}},"_links":{"self":[{"href":"https:\/\/yazmed.ma\/ar\/wp-json\/wp\/v2\/product\/1326","targetHints":{"allow":["GET"]}}],"collection":[{"href":"https:\/\/yazmed.ma\/ar\/wp-json\/wp\/v2\/product"}],"about":[{"href":"https:\/\/yazmed.ma\/ar\/wp-json\/wp\/v2\/types\/product"}],"replies":[{"embeddable":true,"href":"https:\/\/yazmed.ma\/ar\/wp-json\/wp\/v2\/comments?post=1326"}],"version-history":[{"count":1,"href":"https:\/\/yazmed.ma\/ar\/wp-json\/wp\/v2\/product\/1326\/revisions"}],"predecessor-version":[{"id":2598,"href":"https:\/\/yazmed.ma\/ar\/wp-json\/wp\/v2\/product\/1326\/revisions\/2598"}],"wp:featuredmedia":[{"embeddable":true,"href":"https:\/\/yazmed.ma\/ar\/wp-json\/wp\/v2\/media\/3033"}],"wp:attachment":[{"href":"https:\/\/yazmed.ma\/ar\/wp-json\/wp\/v2\/media?parent=1326"}],"wp:term":[{"taxonomy":"product_brand","embeddable":true,"href":"https:\/\/yazmed.ma\/ar\/wp-json\/wp\/v2\/product_brand?post=1326"},{"taxonomy":"product_cat","embeddable":true,"href":"https:\/\/yazmed.ma\/ar\/wp-json\/wp\/v2\/product_cat?post=1326"},{"taxonomy":"product_tag","embeddable":true,"href":"https:\/\/yazmed.ma\/ar\/wp-json\/wp\/v2\/product_tag?post=1326"}],"curies":[{"name":"wp","href":"https:\/\/api.w.org\/{rel}","templated":true}]}}