{"id":1322,"date":"2024-12-23T20:09:54","date_gmt":"2024-12-23T20:09:54","guid":{"rendered":"https:\/\/yazmed.ma\/?post_type=product&#038;p=1322"},"modified":"2025-09-22T15:10:55","modified_gmt":"2025-09-22T15:10:55","slug":"otoscope-spengler-fibre-optique-smartled-5500","status":"publish","type":"product","link":"https:\/\/yazmed.ma\/ar\/product\/otoscope-spengler-fibre-optique-smartled-5500\/","title":{"rendered":"OTOSCOPE SPENGLER FIBRE OPTIQUE SMARTLED 5500"},"content":{"rendered":"","protected":false},"excerpt":{"rendered":"<h5>L\u2019<strong>otoscope SmartLED 5500<\/strong><\/h5>\n<p>est \u00e9quip\u00e9 d\u2019un\u00a0<strong>\u00e9clairage LED \u00e0 fibres optiques<\/strong>\u00a0qui permet une illumination directe, sans reflet ni interf\u00e9rence, dans le canal auriculaire. La lumi\u00e8re est intense, homog\u00e8ne et proche de la lumi\u00e8re du jour. La restitution des couleurs est excellente, permettant de r\u00e9aliser un diagnostic dans de bonnes conditions.<\/p>\n<p>Outre une tr\u00e8s bonne luminosit\u00e9, l&rsquo;\u00e9clairage LED permet de b\u00e9n\u00e9ficier d&rsquo;une faible consommation (donc d&rsquo;une meilleure autonomie) et d&rsquo;un entretien r\u00e9duit (les ampoules LED ayant une excellente dur\u00e9e de vie).<\/p>\n<p>La loupe pivotante de la fen\u00eatre d&rsquo;observation a un grossissement de 3 fois.<\/p>\n<p><img decoding=\"async\" class=\"\" src=\"https:\/\/saharamed.ma\/assets\/images\/brands\/spengler.png\" width=\"136\" height=\"136\" \/><\/p>\n<p>Le corps et la t\u00eate du SMARTLED, en ABS et en inox, sont\u00a0<strong>robustes<\/strong>. La t\u00eate dispose d\u2019un\u00a0<strong>raccord de soufflerie<\/strong>\u00a0pour effectuer les tests pneumatiques du tympan (poire d\u2019insufflation en option. Voir onglet \u00ab accessoires \u00bb).<\/p>\n<p><strong>L&rsquo;otoscope Spengler SMARTLED 5500\u00a0est compatible avec les sp\u00e9culums auriculaires standards de 2,5 ou 4 mm<\/strong>. Il est livr\u00e9 dans un coffret rigide avec 8 sp\u00e9culums (4 x 4 mm et 4 x 2.5 mm).<\/p>\n<p>Fonctionne avec 2 piles AA (fournies).<\/p>","protected":false},"featured_media":1323,"comment_status":"open","ping_status":"closed","template":"","meta":[],"product_brand":[],"product_cat":[50],"product_tag":[],"class_list":{"0":"post-1322","1":"product","2":"type-product","3":"status-publish","4":"has-post-thumbnail","6":"product_cat-appareillages-diagnostic","8":"first","9":"instock","10":"taxable","11":"shipping-taxable","12":"purchasable","13":"product-type-simple"},"yoast_head":"<!-- This site is optimized with the Yoast SEO plugin v26.9 - https:\/\/yoast.com\/product\/yoast-seo-wordpress\/ -->\n<title>OTOSCOPE SPENGLER FIBRE OPTIQUE SMARTLED 5500 - YAZMED<\/title>\n<meta name=\"robots\" content=\"index, follow, max-snippet:-1, max-image-preview:large, max-video-preview:-1\" \/>\n<link rel=\"canonical\" href=\"https:\/\/yazmed.ma\/ar\/product\/otoscope-spengler-fibre-optique-smartled-5500\/\" \/>\n<meta property=\"og:locale\" content=\"ar_AR\" \/>\n<meta property=\"og:type\" content=\"article\" \/>\n<meta property=\"og:title\" content=\"OTOSCOPE SPENGLER FIBRE OPTIQUE SMARTLED 5500 - YAZMED\" \/>\n<meta property=\"og:description\" content=\"L\u2019otoscope SmartLED 5500 est \u00e9quip\u00e9 d\u2019un\u00a0\u00e9clairage LED \u00e0 fibres optiques\u00a0qui permet une illumination directe, sans reflet ni interf\u00e9rence, dans le canal auriculaire. La lumi\u00e8re est intense, homog\u00e8ne et proche de la lumi\u00e8re du jour. La restitution des couleurs est excellente, permettant de r\u00e9aliser un diagnostic dans de bonnes conditions.  Outre une tr\u00e8s bonne luminosit\u00e9, l&#039;\u00e9clairage LED permet de b\u00e9n\u00e9ficier d&#039;une faible consommation (donc d&#039;une meilleure autonomie) et d&#039;un entretien r\u00e9duit (les ampoules LED ayant une excellente dur\u00e9e de vie).  La loupe pivotante de la fen\u00eatre d&#039;observation a un grossissement de 3 fois.    Le corps et la t\u00eate du SMARTLED, en ABS et en inox, sont\u00a0robustes. La t\u00eate dispose d\u2019un\u00a0raccord de soufflerie\u00a0pour effectuer les tests pneumatiques du tympan (poire d\u2019insufflation en option. Voir onglet \u00ab accessoires \u00bb).  L&#039;otoscope Spengler SMARTLED 5500\u00a0est compatible avec les sp\u00e9culums auriculaires standards de 2,5 ou 4 mm. Il est livr\u00e9 dans un coffret rigide avec 8 sp\u00e9culums (4 x 4 mm et 4 x 2.5 mm).  Fonctionne avec 2 piles AA (fournies).\" \/>\n<meta property=\"og:url\" content=\"https:\/\/yazmed.ma\/ar\/product\/otoscope-spengler-fibre-optique-smartled-5500\/\" \/>\n<meta property=\"og:site_name\" content=\"YAZMED\" \/>\n<meta property=\"article:publisher\" content=\"https:\/\/www.facebook.com\/azenkouky\" \/>\n<meta property=\"article:modified_time\" content=\"2025-09-22T15:10:55+00:00\" \/>\n<meta property=\"og:image\" content=\"https:\/\/yazmed.ma\/wp-content\/uploads\/2024\/12\/SP.jpg\" \/>\n\t<meta property=\"og:image:width\" content=\"900\" \/>\n\t<meta property=\"og:image:height\" content=\"900\" \/>\n\t<meta property=\"og:image:type\" content=\"image\/jpeg\" \/>\n<meta name=\"twitter:card\" content=\"summary_large_image\" \/>\n<meta name=\"twitter:label1\" content=\"Est. reading time\" \/>\n\t<meta name=\"twitter:data1\" content=\"1 minute\" \/>\n<script type=\"application\/ld+json\" class=\"yoast-schema-graph\">{\"@context\":\"https:\/\/schema.org\",\"@graph\":[{\"@type\":\"WebPage\",\"@id\":\"https:\/\/yazmed.ma\/product\/otoscope-spengler-fibre-optique-smartled-5500\/\",\"url\":\"https:\/\/yazmed.ma\/product\/otoscope-spengler-fibre-optique-smartled-5500\/\",\"name\":\"OTOSCOPE SPENGLER FIBRE OPTIQUE SMARTLED 5500 - YAZMED\",\"isPartOf\":{\"@id\":\"https:\/\/yazmed.ma\/#website\"},\"primaryImageOfPage\":{\"@id\":\"https:\/\/yazmed.ma\/product\/otoscope-spengler-fibre-optique-smartled-5500\/#primaryimage\"},\"image\":{\"@id\":\"https:\/\/yazmed.ma\/product\/otoscope-spengler-fibre-optique-smartled-5500\/#primaryimage\"},\"thumbnailUrl\":\"https:\/\/yazmed.ma\/wp-content\/uploads\/2024\/12\/SP.jpg\",\"datePublished\":\"2024-12-23T20:09:54+00:00\",\"dateModified\":\"2025-09-22T15:10:55+00:00\",\"breadcrumb\":{\"@id\":\"https:\/\/yazmed.ma\/product\/otoscope-spengler-fibre-optique-smartled-5500\/#breadcrumb\"},\"inLanguage\":\"ary\",\"potentialAction\":[{\"@type\":\"ReadAction\",\"target\":[\"https:\/\/yazmed.ma\/product\/otoscope-spengler-fibre-optique-smartled-5500\/\"]}]},{\"@type\":\"ImageObject\",\"inLanguage\":\"ary\",\"@id\":\"https:\/\/yazmed.ma\/product\/otoscope-spengler-fibre-optique-smartled-5500\/#primaryimage\",\"url\":\"https:\/\/yazmed.ma\/wp-content\/uploads\/2024\/12\/SP.jpg\",\"contentUrl\":\"https:\/\/yazmed.ma\/wp-content\/uploads\/2024\/12\/SP.jpg\",\"width\":900,\"height\":900,\"caption\":\"OTOSCOPE SPENGLER FIBRE OPTIQUE SMARTLED 5500\"},{\"@type\":\"BreadcrumbList\",\"@id\":\"https:\/\/yazmed.ma\/product\/otoscope-spengler-fibre-optique-smartled-5500\/#breadcrumb\",\"itemListElement\":[{\"@type\":\"ListItem\",\"position\":1,\"name\":\"Accueil\",\"item\":\"https:\/\/yazmed.ma\/\"},{\"@type\":\"ListItem\",\"position\":2,\"name\":\"Shop\",\"item\":\"https:\/\/yazmed.ma\/shop-2\/\"},{\"@type\":\"ListItem\",\"position\":3,\"name\":\"OTOSCOPE SPENGLER FIBRE OPTIQUE SMARTLED 5500\"}]},{\"@type\":\"WebSite\",\"@id\":\"https:\/\/yazmed.ma\/#website\",\"url\":\"https:\/\/yazmed.ma\/\",\"name\":\"Yazmed\",\"description\":\"LEADER DU MAT\u00c9RIEL M\u00c9DICAL AU MAROC\",\"publisher\":{\"@id\":\"https:\/\/yazmed.ma\/#organization\"},\"potentialAction\":[{\"@type\":\"SearchAction\",\"target\":{\"@type\":\"EntryPoint\",\"urlTemplate\":\"https:\/\/yazmed.ma\/?s={search_term_string}\"},\"query-input\":{\"@type\":\"PropertyValueSpecification\",\"valueRequired\":true,\"valueName\":\"search_term_string\"}}],\"inLanguage\":\"ary\"},{\"@type\":\"Organization\",\"@id\":\"https:\/\/yazmed.ma\/#organization\",\"name\":\"Yazmed Healthcare\",\"url\":\"https:\/\/yazmed.ma\/\",\"logo\":{\"@type\":\"ImageObject\",\"inLanguage\":\"ary\",\"@id\":\"https:\/\/yazmed.ma\/#\/schema\/logo\/image\/\",\"url\":\"https:\/\/yazmed.ma\/wp-content\/uploads\/2024\/12\/3.png\",\"contentUrl\":\"https:\/\/yazmed.ma\/wp-content\/uploads\/2024\/12\/3.png\",\"width\":250,\"height\":70,\"caption\":\"Yazmed Healthcare\"},\"image\":{\"@id\":\"https:\/\/yazmed.ma\/#\/schema\/logo\/image\/\"},\"sameAs\":[\"https:\/\/www.facebook.com\/azenkouky\",\"https:\/\/www.instagram.com\/yazmedhealthcare\",\"https:\/\/www.linkedin.com\/in\/yazmed-healthcare-1b4955295\"]}]}<\/script>\n<!-- \/ Yoast SEO plugin. -->","yoast_head_json":{"title":"OTOSCOPE SPENGLER FIBRE OPTIQUE SMARTLED 5500 - YAZMED","robots":{"index":"index","follow":"follow","max-snippet":"max-snippet:-1","max-image-preview":"max-image-preview:large","max-video-preview":"max-video-preview:-1"},"canonical":"https:\/\/yazmed.ma\/ar\/product\/otoscope-spengler-fibre-optique-smartled-5500\/","og_locale":"ar_AR","og_type":"article","og_title":"OTOSCOPE SPENGLER FIBRE OPTIQUE SMARTLED 5500 - YAZMED","og_description":"L\u2019otoscope SmartLED 5500 est \u00e9quip\u00e9 d\u2019un\u00a0\u00e9clairage LED \u00e0 fibres optiques\u00a0qui permet une illumination directe, sans reflet ni interf\u00e9rence, dans le canal auriculaire. La lumi\u00e8re est intense, homog\u00e8ne et proche de la lumi\u00e8re du jour. La restitution des couleurs est excellente, permettant de r\u00e9aliser un diagnostic dans de bonnes conditions.  Outre une tr\u00e8s bonne luminosit\u00e9, l'\u00e9clairage LED permet de b\u00e9n\u00e9ficier d'une faible consommation (donc d'une meilleure autonomie) et d'un entretien r\u00e9duit (les ampoules LED ayant une excellente dur\u00e9e de vie).  La loupe pivotante de la fen\u00eatre d'observation a un grossissement de 3 fois.    Le corps et la t\u00eate du SMARTLED, en ABS et en inox, sont\u00a0robustes. La t\u00eate dispose d\u2019un\u00a0raccord de soufflerie\u00a0pour effectuer les tests pneumatiques du tympan (poire d\u2019insufflation en option. Voir onglet \u00ab accessoires \u00bb).  L'otoscope Spengler SMARTLED 5500\u00a0est compatible avec les sp\u00e9culums auriculaires standards de 2,5 ou 4 mm. Il est livr\u00e9 dans un coffret rigide avec 8 sp\u00e9culums (4 x 4 mm et 4 x 2.5 mm).  Fonctionne avec 2 piles AA (fournies).","og_url":"https:\/\/yazmed.ma\/ar\/product\/otoscope-spengler-fibre-optique-smartled-5500\/","og_site_name":"YAZMED","article_publisher":"https:\/\/www.facebook.com\/azenkouky","article_modified_time":"2025-09-22T15:10:55+00:00","og_image":[{"width":900,"height":900,"url":"https:\/\/yazmed.ma\/wp-content\/uploads\/2024\/12\/SP.jpg","type":"image\/jpeg"}],"twitter_card":"summary_large_image","twitter_misc":{"Est. reading time":"1 minute"},"schema":{"@context":"https:\/\/schema.org","@graph":[{"@type":"WebPage","@id":"https:\/\/yazmed.ma\/product\/otoscope-spengler-fibre-optique-smartled-5500\/","url":"https:\/\/yazmed.ma\/product\/otoscope-spengler-fibre-optique-smartled-5500\/","name":"OTOSCOPE SPENGLER FIBRE OPTIQUE SMARTLED 5500 - YAZMED","isPartOf":{"@id":"https:\/\/yazmed.ma\/#website"},"primaryImageOfPage":{"@id":"https:\/\/yazmed.ma\/product\/otoscope-spengler-fibre-optique-smartled-5500\/#primaryimage"},"image":{"@id":"https:\/\/yazmed.ma\/product\/otoscope-spengler-fibre-optique-smartled-5500\/#primaryimage"},"thumbnailUrl":"https:\/\/yazmed.ma\/wp-content\/uploads\/2024\/12\/SP.jpg","datePublished":"2024-12-23T20:09:54+00:00","dateModified":"2025-09-22T15:10:55+00:00","breadcrumb":{"@id":"https:\/\/yazmed.ma\/product\/otoscope-spengler-fibre-optique-smartled-5500\/#breadcrumb"},"inLanguage":"ary","potentialAction":[{"@type":"ReadAction","target":["https:\/\/yazmed.ma\/product\/otoscope-spengler-fibre-optique-smartled-5500\/"]}]},{"@type":"ImageObject","inLanguage":"ary","@id":"https:\/\/yazmed.ma\/product\/otoscope-spengler-fibre-optique-smartled-5500\/#primaryimage","url":"https:\/\/yazmed.ma\/wp-content\/uploads\/2024\/12\/SP.jpg","contentUrl":"https:\/\/yazmed.ma\/wp-content\/uploads\/2024\/12\/SP.jpg","width":900,"height":900,"caption":"OTOSCOPE SPENGLER FIBRE OPTIQUE SMARTLED 5500"},{"@type":"BreadcrumbList","@id":"https:\/\/yazmed.ma\/product\/otoscope-spengler-fibre-optique-smartled-5500\/#breadcrumb","itemListElement":[{"@type":"ListItem","position":1,"name":"Accueil","item":"https:\/\/yazmed.ma\/"},{"@type":"ListItem","position":2,"name":"Shop","item":"https:\/\/yazmed.ma\/shop-2\/"},{"@type":"ListItem","position":3,"name":"OTOSCOPE SPENGLER FIBRE OPTIQUE SMARTLED 5500"}]},{"@type":"WebSite","@id":"https:\/\/yazmed.ma\/#website","url":"https:\/\/yazmed.ma\/","name":"Yazmed","description":"LEADER DU MAT\u00c9RIEL M\u00c9DICAL AU MAROC","publisher":{"@id":"https:\/\/yazmed.ma\/#organization"},"potentialAction":[{"@type":"SearchAction","target":{"@type":"EntryPoint","urlTemplate":"https:\/\/yazmed.ma\/?s={search_term_string}"},"query-input":{"@type":"PropertyValueSpecification","valueRequired":true,"valueName":"search_term_string"}}],"inLanguage":"ary"},{"@type":"Organization","@id":"https:\/\/yazmed.ma\/#organization","name":"Yazmed Healthcare","url":"https:\/\/yazmed.ma\/","logo":{"@type":"ImageObject","inLanguage":"ary","@id":"https:\/\/yazmed.ma\/#\/schema\/logo\/image\/","url":"https:\/\/yazmed.ma\/wp-content\/uploads\/2024\/12\/3.png","contentUrl":"https:\/\/yazmed.ma\/wp-content\/uploads\/2024\/12\/3.png","width":250,"height":70,"caption":"Yazmed Healthcare"},"image":{"@id":"https:\/\/yazmed.ma\/#\/schema\/logo\/image\/"},"sameAs":["https:\/\/www.facebook.com\/azenkouky","https:\/\/www.instagram.com\/yazmedhealthcare","https:\/\/www.linkedin.com\/in\/yazmed-healthcare-1b4955295"]}]}},"_links":{"self":[{"href":"https:\/\/yazmed.ma\/ar\/wp-json\/wp\/v2\/product\/1322","targetHints":{"allow":["GET"]}}],"collection":[{"href":"https:\/\/yazmed.ma\/ar\/wp-json\/wp\/v2\/product"}],"about":[{"href":"https:\/\/yazmed.ma\/ar\/wp-json\/wp\/v2\/types\/product"}],"replies":[{"embeddable":true,"href":"https:\/\/yazmed.ma\/ar\/wp-json\/wp\/v2\/comments?post=1322"}],"version-history":[{"count":1,"href":"https:\/\/yazmed.ma\/ar\/wp-json\/wp\/v2\/product\/1322\/revisions"}],"predecessor-version":[{"id":2735,"href":"https:\/\/yazmed.ma\/ar\/wp-json\/wp\/v2\/product\/1322\/revisions\/2735"}],"wp:featuredmedia":[{"embeddable":true,"href":"https:\/\/yazmed.ma\/ar\/wp-json\/wp\/v2\/media\/1323"}],"wp:attachment":[{"href":"https:\/\/yazmed.ma\/ar\/wp-json\/wp\/v2\/media?parent=1322"}],"wp:term":[{"taxonomy":"product_brand","embeddable":true,"href":"https:\/\/yazmed.ma\/ar\/wp-json\/wp\/v2\/product_brand?post=1322"},{"taxonomy":"product_cat","embeddable":true,"href":"https:\/\/yazmed.ma\/ar\/wp-json\/wp\/v2\/product_cat?post=1322"},{"taxonomy":"product_tag","embeddable":true,"href":"https:\/\/yazmed.ma\/ar\/wp-json\/wp\/v2\/product_tag?post=1322"}],"curies":[{"name":"wp","href":"https:\/\/api.w.org\/{rel}","templated":true}]}}