{"id":1318,"date":"2024-12-23T19:57:39","date_gmt":"2024-12-23T19:57:39","guid":{"rendered":"https:\/\/yazmed.ma\/?post_type=product&#038;p=1318"},"modified":"2025-12-17T22:01:25","modified_gmt":"2025-12-17T22:01:25","slug":"stethoscope-litmann-classic-3","status":"publish","type":"product","link":"https:\/\/yazmed.ma\/ar\/product\/stethoscope-litmann-classic-3\/","title":{"rendered":"STETHOSCOPE  LITMANN CLASSIC 3"},"content":{"rendered":"<p>&nbsp;<\/p>\n<h3 data-start=\"1141\" data-end=\"1161\"><strong data-start=\"1148\" data-end=\"1161\"><img decoding=\"async\" class=\"emoji\" role=\"img\" draggable=\"false\" src=\"https:\/\/s.w.org\/images\/core\/emoji\/16.0.1\/svg\/2705.svg\" alt=\"\u2705\" \/>\u00a0Avantages<\/strong><\/h3>\n<p><strong><img decoding=\"async\" class=\"emoji\" role=\"img\" draggable=\"false\" src=\"https:\/\/s.w.org\/images\/core\/emoji\/16.0.1\/svg\/2705.svg\" alt=\"\u2705\" \/>\u00a0Excellente qualit\u00e9 acoustique pour des diagnostics pr\u00e9cis.<\/strong><\/p>\n<p><strong><img decoding=\"async\" class=\"emoji\" role=\"img\" draggable=\"false\" src=\"https:\/\/s.w.org\/images\/core\/emoji\/16.0.1\/svg\/2705.svg\" alt=\"\u2705\" \/>\u00a0Polyvalent gr\u00e2ce \u00e0 sa conception double pavillon.<\/strong><\/p>\n<p><strong><img decoding=\"async\" class=\"emoji\" role=\"img\" draggable=\"false\" src=\"https:\/\/s.w.org\/images\/core\/emoji\/16.0.1\/svg\/2705.svg\" alt=\"\u2705\" \/>\u00a0Confortable \u00e0 porter gr\u00e2ce \u00e0 son arceau ergonomique.<\/strong><\/p>\n<p><strong><img decoding=\"async\" class=\"emoji\" role=\"img\" draggable=\"false\" src=\"https:\/\/s.w.org\/images\/core\/emoji\/16.0.1\/svg\/2705.svg\" alt=\"\u2705\" \/>\u00a0Durable et facile \u00e0 nettoyer.<\/strong><\/p>\n<p><strong><img decoding=\"async\" class=\"emoji\" role=\"img\" draggable=\"false\" src=\"https:\/\/s.w.org\/images\/core\/emoji\/16.0.1\/svg\/2705.svg\" alt=\"\u2705\" \/>\u00a0Design professionnel et \u00e9l\u00e9gant.<\/strong><\/p>\n<div class=\"text cmp-text__utility-links aem-GridColumn aem-GridColumn--default--6 aem-GridColumn--mobile--12\">\n<div id=\"text-1e585c15da\" class=\"cmp-text\" data-cmp-data-layer=\"{&quot;text-1e585c15da&quot;:{&quot;@type&quot;:&quot;core\/wcm\/components\/text\/v2\/text&quot;,&quot;repo:modifyDate&quot;:&quot;2025-04-23T20:26:28Z&quot;,&quot;xdm:text&quot;:&quot;&lt;h5&gt;The stethoscope that has helped millions of medical professionals perform at their best&lt;\/h5&gt;&quot;}}\">\n<h5>\u00a0 \u00a0 \u00a0 <img decoding=\"async\" class=\"\" src=\"https:\/\/saharamed.ma\/assets\/images\/brands\/3M.png\" width=\"68\" height=\"68\" \/><\/h5>\n<\/div>\n<\/div>\n<ul>\n<li><a href=\"https:\/\/www.littmann.com\/en-us\/home\/products\/\" target=\"_blank\" rel=\"noopener\">All Littmann Stethoscope Products<\/a><\/li>\n<\/ul>\n<div class=\"text cmp-text__utility-links aem-GridColumn aem-GridColumn--default--6 aem-GridColumn--mobile--12\">\n<div id=\"text-1e585c15da\" class=\"cmp-text\" data-cmp-data-layer=\"{&quot;text-1e585c15da&quot;:{&quot;@type&quot;:&quot;core\/wcm\/components\/text\/v2\/text&quot;,&quot;repo:modifyDate&quot;:&quot;2025-04-23T20:26:28Z&quot;,&quot;xdm:text&quot;:&quot;&lt;h5&gt;The stethoscope that has helped millions of medical professionals perform at their best&lt;\/h5&gt;&quot;}}\">\n<h5><\/h5>\n<p>&nbsp;<\/p>\n<\/div>\n<\/div>\n<div class=\"text cmp-text__utility-links aem-GridColumn aem-GridColumn--default--6 aem-GridColumn--mobile--12\">\n<div id=\"text-e785696466\" class=\"cmp-text\" data-cmp-data-layer=\"{&quot;text-e785696466&quot;:{&quot;@type&quot;:&quot;core\/wcm\/components\/text\/v2\/text&quot;,&quot;repo:modifyDate&quot;:&quot;2025-04-23T20:26:28Z&quot;,&quot;xdm:text&quot;:&quot;&lt;p&gt;Experience the precision and comfort of Littmann Classic III Stethoscopes. With high acoustic sensitivity for exceptional performance, the Classic III stethoscope is used by students and medical professionals alike to identify, listen to and study heart, lung and other body sounds for physical assessment, patient monitoring and diagnosis.&lt;\/p&gt;&quot;}}\">\n<p>&nbsp;<\/p>\n<\/div>\n<\/div>","protected":false},"excerpt":{"rendered":"<h3>Le st\u00e9thoscope Classic\u00a0 3 III<\/h3>\n<p>est un partenaire fiable qui vous fournira une haute qualit\u00e9 acoustique lors des examens cliniques de vos patients<\/p>\n<p>Avec un double pavillon, une membrane double fr\u00e9quence, un c\u00f4t\u00e9 p\u00e9diatrique convertible en cloche traditionnelle, une tubulure nouvelle g\u00e9n\u00e9ration, et bien plus encore, le st\u00e9thoscope est le pr\u00e9ambule de la nouvelle g\u00e9n\u00e9ration<\/p>\n<p>Diam\u00e8tre : Grand pavillon : \u00d8 43mm &#8211; Petit pavillon : \u00d8 34mm.<\/p>\n<p>Longueur : 69 cm<\/p>\n<p>Lyre : Orientable<\/p>\n<p>Membrane : Membrane double fr\u00e9quence des deux c\u00f4t\u00e9s du pavillon p\u00e9diatrique et adulte. La petite membrane est utile pour l&rsquo;examen p\u00e9diatrique, des patients de petite taille et lors de l&rsquo;examen de la carotide.<\/p>\n<p>Pavillon : Double pavillon<\/p>\n<p>Poids : 150grs<\/p>\n<p>&nbsp;<\/p>\n<p><img decoding=\"async\" class=\"\" src=\"https:\/\/saharamed.ma\/assets\/images\/brands\/3M.png\" width=\"68\" height=\"68\" \/><\/p>","protected":false},"featured_media":2984,"comment_status":"open","ping_status":"closed","template":"","meta":[],"product_brand":[176,177],"product_cat":[50],"product_tag":[264,174,175],"class_list":{"0":"post-1318","1":"product","2":"type-product","3":"status-publish","4":"has-post-thumbnail","6":"product_brand-3m","7":"product_brand-littman-classic-3","8":"product_cat-appareillages-diagnostic","9":"product_tag-littman","10":"product_tag-littmann-classic-iii","11":"product_tag-stethoscopes","13":"first","14":"instock","15":"taxable","16":"shipping-taxable","17":"purchasable","18":"product-type-simple"},"yoast_head":"<!-- This site is optimized with the Yoast SEO plugin v26.9 - https:\/\/yoast.com\/product\/yoast-seo-wordpress\/ -->\n<title>STETHOSCOPE LITMANN CLASSIC 3 - YAZMED<\/title>\n<meta name=\"robots\" content=\"index, follow, max-snippet:-1, max-image-preview:large, max-video-preview:-1\" \/>\n<link rel=\"canonical\" href=\"https:\/\/yazmed.ma\/ar\/product\/stethoscope-double-pav-litmann-classic-iii\/\" \/>\n<meta property=\"og:locale\" content=\"ar_AR\" \/>\n<meta property=\"og:type\" content=\"article\" \/>\n<meta property=\"og:title\" content=\"STETHOSCOPE LITMANN CLASSIC 3 - YAZMED\" \/>\n<meta property=\"og:description\" content=\"Le st\u00e9thoscope Classic\u00a0 3 III est un partenaire fiable qui vous fournira une haute qualit\u00e9 acoustique lors des examens cliniques de vos patients  Avec un double pavillon, une membrane double fr\u00e9quence, un c\u00f4t\u00e9 p\u00e9diatrique convertible en cloche traditionnelle, une tubulure nouvelle g\u00e9n\u00e9ration, et bien plus encore, le st\u00e9thoscope est le pr\u00e9ambule de la nouvelle g\u00e9n\u00e9ration  Diam\u00e8tre : Grand pavillon : \u00d8 43mm - Petit pavillon : \u00d8 34mm.  Longueur : 69 cm  Lyre : Orientable  Membrane : Membrane double fr\u00e9quence des deux c\u00f4t\u00e9s du pavillon p\u00e9diatrique et adulte. La petite membrane est utile pour l&#039;examen p\u00e9diatrique, des patients de petite taille et lors de l&#039;examen de la carotide.  Pavillon : Double pavillon  Poids : 150grs  &nbsp;\" \/>\n<meta property=\"og:url\" content=\"https:\/\/yazmed.ma\/ar\/product\/stethoscope-double-pav-litmann-classic-iii\/\" \/>\n<meta property=\"og:site_name\" content=\"YAZMED\" \/>\n<meta property=\"article:publisher\" content=\"https:\/\/www.facebook.com\/azenkouky\" \/>\n<meta property=\"article:modified_time\" content=\"2025-12-17T22:01:25+00:00\" \/>\n<meta property=\"og:image\" content=\"https:\/\/yazmed.ma\/wp-content\/uploads\/2024\/12\/Design-sans-titre-3-1.png\" \/>\n\t<meta property=\"og:image:width\" content=\"570\" \/>\n\t<meta property=\"og:image:height\" content=\"517\" \/>\n\t<meta property=\"og:image:type\" content=\"image\/png\" \/>\n<meta name=\"twitter:card\" content=\"summary_large_image\" \/>\n<meta name=\"twitter:label1\" content=\"Est. reading time\" \/>\n\t<meta name=\"twitter:data1\" content=\"1 minute\" \/>\n<script type=\"application\/ld+json\" class=\"yoast-schema-graph\">{\"@context\":\"https:\/\/schema.org\",\"@graph\":[{\"@type\":\"WebPage\",\"@id\":\"https:\/\/yazmed.ma\/product\/stethoscope-double-pav-litmann-classic-iii\/\",\"url\":\"https:\/\/yazmed.ma\/product\/stethoscope-double-pav-litmann-classic-iii\/\",\"name\":\"STETHOSCOPE LITMANN CLASSIC 3 - YAZMED\",\"isPartOf\":{\"@id\":\"https:\/\/yazmed.ma\/#website\"},\"primaryImageOfPage\":{\"@id\":\"https:\/\/yazmed.ma\/product\/stethoscope-double-pav-litmann-classic-iii\/#primaryimage\"},\"image\":{\"@id\":\"https:\/\/yazmed.ma\/product\/stethoscope-double-pav-litmann-classic-iii\/#primaryimage\"},\"thumbnailUrl\":\"https:\/\/yazmed.ma\/wp-content\/uploads\/2024\/12\/STETHOSCOPE-LITMANN-CLASSIC-3.webp\",\"datePublished\":\"2024-12-23T19:57:39+00:00\",\"dateModified\":\"2025-12-17T22:01:25+00:00\",\"breadcrumb\":{\"@id\":\"https:\/\/yazmed.ma\/product\/stethoscope-double-pav-litmann-classic-iii\/#breadcrumb\"},\"inLanguage\":\"ary\",\"potentialAction\":[{\"@type\":\"ReadAction\",\"target\":[\"https:\/\/yazmed.ma\/product\/stethoscope-double-pav-litmann-classic-iii\/\"]}]},{\"@type\":\"ImageObject\",\"inLanguage\":\"ary\",\"@id\":\"https:\/\/yazmed.ma\/product\/stethoscope-double-pav-litmann-classic-iii\/#primaryimage\",\"url\":\"https:\/\/yazmed.ma\/wp-content\/uploads\/2024\/12\/STETHOSCOPE-LITMANN-CLASSIC-3.webp\",\"contentUrl\":\"https:\/\/yazmed.ma\/wp-content\/uploads\/2024\/12\/STETHOSCOPE-LITMANN-CLASSIC-3.webp\",\"width\":570,\"height\":517,\"caption\":\"STETHOSCOPE LITMANN CLASSIC 3\"},{\"@type\":\"BreadcrumbList\",\"@id\":\"https:\/\/yazmed.ma\/product\/stethoscope-double-pav-litmann-classic-iii\/#breadcrumb\",\"itemListElement\":[{\"@type\":\"ListItem\",\"position\":1,\"name\":\"Accueil\",\"item\":\"https:\/\/yazmed.ma\/\"},{\"@type\":\"ListItem\",\"position\":2,\"name\":\"Shop\",\"item\":\"https:\/\/yazmed.ma\/shop-2\/\"},{\"@type\":\"ListItem\",\"position\":3,\"name\":\"STETHOSCOPE DOUBLE PAV LITMANN CLASSIC III\"}]},{\"@type\":\"WebSite\",\"@id\":\"https:\/\/yazmed.ma\/#website\",\"url\":\"https:\/\/yazmed.ma\/\",\"name\":\"Yazmed\",\"description\":\"LEADER DU MAT\u00c9RIEL M\u00c9DICAL AU MAROC\",\"publisher\":{\"@id\":\"https:\/\/yazmed.ma\/#organization\"},\"potentialAction\":[{\"@type\":\"SearchAction\",\"target\":{\"@type\":\"EntryPoint\",\"urlTemplate\":\"https:\/\/yazmed.ma\/?s={search_term_string}\"},\"query-input\":{\"@type\":\"PropertyValueSpecification\",\"valueRequired\":true,\"valueName\":\"search_term_string\"}}],\"inLanguage\":\"ary\"},{\"@type\":\"Organization\",\"@id\":\"https:\/\/yazmed.ma\/#organization\",\"name\":\"Yazmed Healthcare\",\"url\":\"https:\/\/yazmed.ma\/\",\"logo\":{\"@type\":\"ImageObject\",\"inLanguage\":\"ary\",\"@id\":\"https:\/\/yazmed.ma\/#\/schema\/logo\/image\/\",\"url\":\"https:\/\/yazmed.ma\/wp-content\/uploads\/2024\/12\/3.png\",\"contentUrl\":\"https:\/\/yazmed.ma\/wp-content\/uploads\/2024\/12\/3.png\",\"width\":250,\"height\":70,\"caption\":\"Yazmed Healthcare\"},\"image\":{\"@id\":\"https:\/\/yazmed.ma\/#\/schema\/logo\/image\/\"},\"sameAs\":[\"https:\/\/www.facebook.com\/azenkouky\",\"https:\/\/www.instagram.com\/yazmedhealthcare\",\"https:\/\/www.linkedin.com\/in\/yazmed-healthcare-1b4955295\"]}]}<\/script>\n<!-- \/ Yoast SEO plugin. -->","yoast_head_json":{"title":"STETHOSCOPE LITMANN CLASSIC 3 - YAZMED","robots":{"index":"index","follow":"follow","max-snippet":"max-snippet:-1","max-image-preview":"max-image-preview:large","max-video-preview":"max-video-preview:-1"},"canonical":"https:\/\/yazmed.ma\/ar\/product\/stethoscope-double-pav-litmann-classic-iii\/","og_locale":"ar_AR","og_type":"article","og_title":"STETHOSCOPE LITMANN CLASSIC 3 - YAZMED","og_description":"Le st\u00e9thoscope Classic\u00a0 3 III est un partenaire fiable qui vous fournira une haute qualit\u00e9 acoustique lors des examens cliniques de vos patients  Avec un double pavillon, une membrane double fr\u00e9quence, un c\u00f4t\u00e9 p\u00e9diatrique convertible en cloche traditionnelle, une tubulure nouvelle g\u00e9n\u00e9ration, et bien plus encore, le st\u00e9thoscope est le pr\u00e9ambule de la nouvelle g\u00e9n\u00e9ration  Diam\u00e8tre : Grand pavillon : \u00d8 43mm - Petit pavillon : \u00d8 34mm.  Longueur : 69 cm  Lyre : Orientable  Membrane : Membrane double fr\u00e9quence des deux c\u00f4t\u00e9s du pavillon p\u00e9diatrique et adulte. La petite membrane est utile pour l'examen p\u00e9diatrique, des patients de petite taille et lors de l'examen de la carotide.  Pavillon : Double pavillon  Poids : 150grs  &nbsp;","og_url":"https:\/\/yazmed.ma\/ar\/product\/stethoscope-double-pav-litmann-classic-iii\/","og_site_name":"YAZMED","article_publisher":"https:\/\/www.facebook.com\/azenkouky","article_modified_time":"2025-12-17T22:01:25+00:00","og_image":[{"width":570,"height":517,"url":"https:\/\/yazmed.ma\/wp-content\/uploads\/2024\/12\/Design-sans-titre-3-1.png","type":"image\/png"}],"twitter_card":"summary_large_image","twitter_misc":{"Est. reading time":"1 minute"},"schema":{"@context":"https:\/\/schema.org","@graph":[{"@type":"WebPage","@id":"https:\/\/yazmed.ma\/product\/stethoscope-double-pav-litmann-classic-iii\/","url":"https:\/\/yazmed.ma\/product\/stethoscope-double-pav-litmann-classic-iii\/","name":"STETHOSCOPE LITMANN CLASSIC 3 - YAZMED","isPartOf":{"@id":"https:\/\/yazmed.ma\/#website"},"primaryImageOfPage":{"@id":"https:\/\/yazmed.ma\/product\/stethoscope-double-pav-litmann-classic-iii\/#primaryimage"},"image":{"@id":"https:\/\/yazmed.ma\/product\/stethoscope-double-pav-litmann-classic-iii\/#primaryimage"},"thumbnailUrl":"https:\/\/yazmed.ma\/wp-content\/uploads\/2024\/12\/STETHOSCOPE-LITMANN-CLASSIC-3.webp","datePublished":"2024-12-23T19:57:39+00:00","dateModified":"2025-12-17T22:01:25+00:00","breadcrumb":{"@id":"https:\/\/yazmed.ma\/product\/stethoscope-double-pav-litmann-classic-iii\/#breadcrumb"},"inLanguage":"ary","potentialAction":[{"@type":"ReadAction","target":["https:\/\/yazmed.ma\/product\/stethoscope-double-pav-litmann-classic-iii\/"]}]},{"@type":"ImageObject","inLanguage":"ary","@id":"https:\/\/yazmed.ma\/product\/stethoscope-double-pav-litmann-classic-iii\/#primaryimage","url":"https:\/\/yazmed.ma\/wp-content\/uploads\/2024\/12\/STETHOSCOPE-LITMANN-CLASSIC-3.webp","contentUrl":"https:\/\/yazmed.ma\/wp-content\/uploads\/2024\/12\/STETHOSCOPE-LITMANN-CLASSIC-3.webp","width":570,"height":517,"caption":"STETHOSCOPE LITMANN CLASSIC 3"},{"@type":"BreadcrumbList","@id":"https:\/\/yazmed.ma\/product\/stethoscope-double-pav-litmann-classic-iii\/#breadcrumb","itemListElement":[{"@type":"ListItem","position":1,"name":"Accueil","item":"https:\/\/yazmed.ma\/"},{"@type":"ListItem","position":2,"name":"Shop","item":"https:\/\/yazmed.ma\/shop-2\/"},{"@type":"ListItem","position":3,"name":"STETHOSCOPE DOUBLE PAV LITMANN CLASSIC III"}]},{"@type":"WebSite","@id":"https:\/\/yazmed.ma\/#website","url":"https:\/\/yazmed.ma\/","name":"Yazmed","description":"LEADER DU MAT\u00c9RIEL M\u00c9DICAL AU MAROC","publisher":{"@id":"https:\/\/yazmed.ma\/#organization"},"potentialAction":[{"@type":"SearchAction","target":{"@type":"EntryPoint","urlTemplate":"https:\/\/yazmed.ma\/?s={search_term_string}"},"query-input":{"@type":"PropertyValueSpecification","valueRequired":true,"valueName":"search_term_string"}}],"inLanguage":"ary"},{"@type":"Organization","@id":"https:\/\/yazmed.ma\/#organization","name":"Yazmed Healthcare","url":"https:\/\/yazmed.ma\/","logo":{"@type":"ImageObject","inLanguage":"ary","@id":"https:\/\/yazmed.ma\/#\/schema\/logo\/image\/","url":"https:\/\/yazmed.ma\/wp-content\/uploads\/2024\/12\/3.png","contentUrl":"https:\/\/yazmed.ma\/wp-content\/uploads\/2024\/12\/3.png","width":250,"height":70,"caption":"Yazmed Healthcare"},"image":{"@id":"https:\/\/yazmed.ma\/#\/schema\/logo\/image\/"},"sameAs":["https:\/\/www.facebook.com\/azenkouky","https:\/\/www.instagram.com\/yazmedhealthcare","https:\/\/www.linkedin.com\/in\/yazmed-healthcare-1b4955295"]}]}},"_links":{"self":[{"href":"https:\/\/yazmed.ma\/ar\/wp-json\/wp\/v2\/product\/1318","targetHints":{"allow":["GET"]}}],"collection":[{"href":"https:\/\/yazmed.ma\/ar\/wp-json\/wp\/v2\/product"}],"about":[{"href":"https:\/\/yazmed.ma\/ar\/wp-json\/wp\/v2\/types\/product"}],"replies":[{"embeddable":true,"href":"https:\/\/yazmed.ma\/ar\/wp-json\/wp\/v2\/comments?post=1318"}],"version-history":[{"count":1,"href":"https:\/\/yazmed.ma\/ar\/wp-json\/wp\/v2\/product\/1318\/revisions"}],"predecessor-version":[{"id":2669,"href":"https:\/\/yazmed.ma\/ar\/wp-json\/wp\/v2\/product\/1318\/revisions\/2669"}],"wp:featuredmedia":[{"embeddable":true,"href":"https:\/\/yazmed.ma\/ar\/wp-json\/wp\/v2\/media\/2984"}],"wp:attachment":[{"href":"https:\/\/yazmed.ma\/ar\/wp-json\/wp\/v2\/media?parent=1318"}],"wp:term":[{"taxonomy":"product_brand","embeddable":true,"href":"https:\/\/yazmed.ma\/ar\/wp-json\/wp\/v2\/product_brand?post=1318"},{"taxonomy":"product_cat","embeddable":true,"href":"https:\/\/yazmed.ma\/ar\/wp-json\/wp\/v2\/product_cat?post=1318"},{"taxonomy":"product_tag","embeddable":true,"href":"https:\/\/yazmed.ma\/ar\/wp-json\/wp\/v2\/product_tag?post=1318"}],"curies":[{"name":"wp","href":"https:\/\/api.w.org\/{rel}","templated":true}]}}