{"id":1315,"date":"2024-12-23T19:45:13","date_gmt":"2024-12-23T19:45:13","guid":{"rendered":"https:\/\/yazmed.ma\/?post_type=product&#038;p=1315"},"modified":"2025-12-17T18:28:45","modified_gmt":"2025-12-17T18:28:45","slug":"moniteur-de-surveillance","status":"publish","type":"product","link":"https:\/\/yazmed.ma\/ar\/product\/moniteur-de-surveillance\/","title":{"rendered":"MONITEUR DE SURVEILLANCE 3P"},"content":{"rendered":"<p><u><b><img decoding=\"async\" class=\"emoji\" role=\"img\" draggable=\"false\" src=\"https:\/\/s.w.org\/images\/core\/emoji\/16.0.1\/svg\/2705.svg\" alt=\"\u2705\" \/> Caract\u00e9ristiques :<\/b><\/u><br \/>\n-Ecran petit, clair et lumineux 3.5 pour affichage \u00e0 distance.<br \/>\n-Jusqu&rsquo;\u00e0 12 000 groupes NIBP peuvent \u00eatre enregistr\u00e9s et list\u00e9s.<br \/>\n-Possibilit\u00e9 d\u2019afficher les courbes de tendance de SpO2 et HR jusqu&rsquo;\u00e0 96 heures.<br \/>\n-Batterie rechargeable int\u00e9gr\u00e9e 4400 mAh.<br \/>\n-Connexion pour acc\u00e9der aux donn\u00e9es via port\u00a0<b>USB\u00a0<\/b>.<br \/>\n*Batterie: 11,1 V 4 400 mAh batterie lithium .<br \/>\n*Dimensions: 18,5 x 18 x h 29 cm.<br \/>\n*Poids: 2,4 kg<\/p>\n<p><img decoding=\"async\" class=\"\" src=\"https:\/\/scontent.fcmn3-1.fna.fbcdn.net\/v\/t39.30808-6\/361884709_146653895117032_8903212279732602259_n.jpg?_nc_cat=100&amp;ccb=1-7&amp;_nc_sid=6ee11a&amp;_nc_ohc=vEmYCTEbw-0Q7kNvwHpoeaw&amp;_nc_oc=Adka8jX5acSz3TTbRWCn0urck4NAexgkqk3F_Vzbis9ujBpTeDSklH6yZUtCohaq8XQ&amp;_nc_zt=23&amp;_nc_ht=scontent.fcmn3-1.fna&amp;_nc_gid=OzrsjK-YvG-R1QkwY_QbYg&amp;oh=00_AfnwGu_n7nrIlYJHQiBPvAZHUTGm-qw7s3obgkKboCArVA&amp;oe=6948D01E\" alt=\"Aucune description de photo disponible.\" width=\"44\" height=\"44\" \/><\/p>","protected":false},"excerpt":{"rendered":"<h4><strong>MONITEUR DE SURVEILLANCE 3P <\/strong><\/h4>\n<p>est un \u00e9quipement essentiel dans le domaine m\u00e9dical, permettant une \u00e9valuation pr\u00e9cise des param\u00e8tres vitaux des patients. Ce dispositif est con\u00e7u pour mesurer en continu le taux d&rsquo;oxyg\u00e8ne dans le sang, la temp\u00e9rature corporelle et la pression art\u00e9rielle non invasive. Gr\u00e2ce \u00e0 sa technologie avanc\u00e9e, il offre des affichages clairs et en temps r\u00e9el, facilitant ainsi la prise de d\u00e9cisions cliniques rapides et efficaces. De plus, sa conception ergonomique garantit une utilisation intuitive, m\u00eame dans les situations d&rsquo;urgence. L&rsquo;int\u00e9gration de ces fonctionnalit\u00e9s dans un seul appareil contribue \u00e0 am\u00e9liorer la qualit\u00e9 des soins et la s\u00e9curit\u00e9 des patients dans les soins <a title=\"Premiers secours (m\u00e9decine)\" href=\"https:\/\/fr.wikipedia.org\/wiki\/Premiers_secours_(m%C3%A9decine)\">premiers secours\u00a0<\/a><\/p>\n<p><img decoding=\"async\" class=\"\" src=\"https:\/\/scontent.fcmn3-1.fna.fbcdn.net\/v\/t39.30808-6\/361884709_146653895117032_8903212279732602259_n.jpg?_nc_cat=100&amp;ccb=1-7&amp;_nc_sid=6ee11a&amp;_nc_ohc=vEmYCTEbw-0Q7kNvwHpoeaw&amp;_nc_oc=Adka8jX5acSz3TTbRWCn0urck4NAexgkqk3F_Vzbis9ujBpTeDSklH6yZUtCohaq8XQ&amp;_nc_zt=23&amp;_nc_ht=scontent.fcmn3-1.fna&amp;_nc_gid=OzrsjK-YvG-R1QkwY_QbYg&amp;oh=00_AfnwGu_n7nrIlYJHQiBPvAZHUTGm-qw7s3obgkKboCArVA&amp;oe=6948D01E\" alt=\"Aucune description de photo disponible.\" width=\"82\" height=\"82\" \/><\/p>\n<p>&nbsp;<\/p>","protected":false},"featured_media":2978,"comment_status":"open","ping_status":"closed","template":"","meta":[],"product_brand":[],"product_cat":[50],"product_tag":[],"class_list":{"0":"post-1315","1":"product","2":"type-product","3":"status-publish","4":"has-post-thumbnail","6":"product_cat-appareillages-diagnostic","8":"first","9":"instock","10":"taxable","11":"shipping-taxable","12":"purchasable","13":"product-type-simple"},"yoast_head":"<!-- This site is optimized with the Yoast SEO plugin v26.9 - https:\/\/yoast.com\/product\/yoast-seo-wordpress\/ -->\n<title>MONITEUR DE SURVEILLANCE 3P - YAZMED<\/title>\n<meta name=\"robots\" content=\"index, follow, max-snippet:-1, max-image-preview:large, max-video-preview:-1\" \/>\n<link rel=\"canonical\" href=\"https:\/\/yazmed.ma\/ar\/product\/moniteur-de-surveillance-spo2-temp-nibp\/\" \/>\n<meta property=\"og:locale\" content=\"ar_AR\" \/>\n<meta property=\"og:type\" content=\"article\" \/>\n<meta property=\"og:title\" content=\"MONITEUR DE SURVEILLANCE 3P - YAZMED\" \/>\n<meta property=\"og:description\" content=\"MONITEUR DE SURVEILLANCE 3P  est un \u00e9quipement essentiel dans le domaine m\u00e9dical, permettant une \u00e9valuation pr\u00e9cise des param\u00e8tres vitaux des patients. Ce dispositif est con\u00e7u pour mesurer en continu le taux d&#039;oxyg\u00e8ne dans le sang, la temp\u00e9rature corporelle et la pression art\u00e9rielle non invasive. Gr\u00e2ce \u00e0 sa technologie avanc\u00e9e, il offre des affichages clairs et en temps r\u00e9el, facilitant ainsi la prise de d\u00e9cisions cliniques rapides et efficaces. De plus, sa conception ergonomique garantit une utilisation intuitive, m\u00eame dans les situations d&#039;urgence. L&#039;int\u00e9gration de ces fonctionnalit\u00e9s dans un seul appareil contribue \u00e0 am\u00e9liorer la qualit\u00e9 des soins et la s\u00e9curit\u00e9 des patients dans les soins premiers secours\u00a0    &nbsp;\" \/>\n<meta property=\"og:url\" content=\"https:\/\/yazmed.ma\/ar\/product\/moniteur-de-surveillance-spo2-temp-nibp\/\" \/>\n<meta property=\"og:site_name\" content=\"YAZMED\" \/>\n<meta property=\"article:publisher\" content=\"https:\/\/www.facebook.com\/azenkouky\" \/>\n<meta property=\"article:modified_time\" content=\"2025-12-17T18:28:45+00:00\" \/>\n<meta property=\"og:image\" content=\"https:\/\/yazmed.ma\/wp-content\/uploads\/2024\/12\/2e560ef1-a75e-40e8-ac70-1f4f673dce4f.jpg\" \/>\n\t<meta property=\"og:image:width\" content=\"886\" \/>\n\t<meta property=\"og:image:height\" content=\"886\" \/>\n\t<meta property=\"og:image:type\" content=\"image\/jpeg\" \/>\n<meta name=\"twitter:card\" content=\"summary_large_image\" \/>\n<meta name=\"twitter:label1\" content=\"Est. reading time\" \/>\n\t<meta name=\"twitter:data1\" content=\"1 minute\" \/>\n<script type=\"application\/ld+json\" class=\"yoast-schema-graph\">{\"@context\":\"https:\/\/schema.org\",\"@graph\":[{\"@type\":\"WebPage\",\"@id\":\"https:\/\/yazmed.ma\/product\/moniteur-de-surveillance-spo2-temp-nibp\/\",\"url\":\"https:\/\/yazmed.ma\/product\/moniteur-de-surveillance-spo2-temp-nibp\/\",\"name\":\"MONITEUR DE SURVEILLANCE 3P - YAZMED\",\"isPartOf\":{\"@id\":\"https:\/\/yazmed.ma\/#website\"},\"primaryImageOfPage\":{\"@id\":\"https:\/\/yazmed.ma\/product\/moniteur-de-surveillance-spo2-temp-nibp\/#primaryimage\"},\"image\":{\"@id\":\"https:\/\/yazmed.ma\/product\/moniteur-de-surveillance-spo2-temp-nibp\/#primaryimage\"},\"thumbnailUrl\":\"https:\/\/yazmed.ma\/wp-content\/uploads\/2024\/12\/MONITEUR-DE-SURVEILLANCE-3P.webp\",\"datePublished\":\"2024-12-23T19:45:13+00:00\",\"dateModified\":\"2025-12-17T18:28:45+00:00\",\"breadcrumb\":{\"@id\":\"https:\/\/yazmed.ma\/product\/moniteur-de-surveillance-spo2-temp-nibp\/#breadcrumb\"},\"inLanguage\":\"ary\",\"potentialAction\":[{\"@type\":\"ReadAction\",\"target\":[\"https:\/\/yazmed.ma\/product\/moniteur-de-surveillance-spo2-temp-nibp\/\"]}]},{\"@type\":\"ImageObject\",\"inLanguage\":\"ary\",\"@id\":\"https:\/\/yazmed.ma\/product\/moniteur-de-surveillance-spo2-temp-nibp\/#primaryimage\",\"url\":\"https:\/\/yazmed.ma\/wp-content\/uploads\/2024\/12\/MONITEUR-DE-SURVEILLANCE-3P.webp\",\"contentUrl\":\"https:\/\/yazmed.ma\/wp-content\/uploads\/2024\/12\/MONITEUR-DE-SURVEILLANCE-3P.webp\",\"width\":300,\"height\":300,\"caption\":\"MONITEUR DE SURVEILLANCE 3P\"},{\"@type\":\"BreadcrumbList\",\"@id\":\"https:\/\/yazmed.ma\/product\/moniteur-de-surveillance-spo2-temp-nibp\/#breadcrumb\",\"itemListElement\":[{\"@type\":\"ListItem\",\"position\":1,\"name\":\"Accueil\",\"item\":\"https:\/\/yazmed.ma\/\"},{\"@type\":\"ListItem\",\"position\":2,\"name\":\"Shop\",\"item\":\"https:\/\/yazmed.ma\/shop-2\/\"},{\"@type\":\"ListItem\",\"position\":3,\"name\":\"MONITEUR DE SURVEILLANCE SPO2, TEMP, NIBP\"}]},{\"@type\":\"WebSite\",\"@id\":\"https:\/\/yazmed.ma\/#website\",\"url\":\"https:\/\/yazmed.ma\/\",\"name\":\"Yazmed\",\"description\":\"LEADER DU MAT\u00c9RIEL M\u00c9DICAL AU MAROC\",\"publisher\":{\"@id\":\"https:\/\/yazmed.ma\/#organization\"},\"potentialAction\":[{\"@type\":\"SearchAction\",\"target\":{\"@type\":\"EntryPoint\",\"urlTemplate\":\"https:\/\/yazmed.ma\/?s={search_term_string}\"},\"query-input\":{\"@type\":\"PropertyValueSpecification\",\"valueRequired\":true,\"valueName\":\"search_term_string\"}}],\"inLanguage\":\"ary\"},{\"@type\":\"Organization\",\"@id\":\"https:\/\/yazmed.ma\/#organization\",\"name\":\"Yazmed Healthcare\",\"url\":\"https:\/\/yazmed.ma\/\",\"logo\":{\"@type\":\"ImageObject\",\"inLanguage\":\"ary\",\"@id\":\"https:\/\/yazmed.ma\/#\/schema\/logo\/image\/\",\"url\":\"https:\/\/yazmed.ma\/wp-content\/uploads\/2024\/12\/3.png\",\"contentUrl\":\"https:\/\/yazmed.ma\/wp-content\/uploads\/2024\/12\/3.png\",\"width\":250,\"height\":70,\"caption\":\"Yazmed Healthcare\"},\"image\":{\"@id\":\"https:\/\/yazmed.ma\/#\/schema\/logo\/image\/\"},\"sameAs\":[\"https:\/\/www.facebook.com\/azenkouky\",\"https:\/\/www.instagram.com\/yazmedhealthcare\",\"https:\/\/www.linkedin.com\/in\/yazmed-healthcare-1b4955295\"]}]}<\/script>\n<!-- \/ Yoast SEO plugin. -->","yoast_head_json":{"title":"MONITEUR DE SURVEILLANCE 3P - YAZMED","robots":{"index":"index","follow":"follow","max-snippet":"max-snippet:-1","max-image-preview":"max-image-preview:large","max-video-preview":"max-video-preview:-1"},"canonical":"https:\/\/yazmed.ma\/ar\/product\/moniteur-de-surveillance-spo2-temp-nibp\/","og_locale":"ar_AR","og_type":"article","og_title":"MONITEUR DE SURVEILLANCE 3P - YAZMED","og_description":"MONITEUR DE SURVEILLANCE 3P  est un \u00e9quipement essentiel dans le domaine m\u00e9dical, permettant une \u00e9valuation pr\u00e9cise des param\u00e8tres vitaux des patients. Ce dispositif est con\u00e7u pour mesurer en continu le taux d'oxyg\u00e8ne dans le sang, la temp\u00e9rature corporelle et la pression art\u00e9rielle non invasive. Gr\u00e2ce \u00e0 sa technologie avanc\u00e9e, il offre des affichages clairs et en temps r\u00e9el, facilitant ainsi la prise de d\u00e9cisions cliniques rapides et efficaces. De plus, sa conception ergonomique garantit une utilisation intuitive, m\u00eame dans les situations d'urgence. L'int\u00e9gration de ces fonctionnalit\u00e9s dans un seul appareil contribue \u00e0 am\u00e9liorer la qualit\u00e9 des soins et la s\u00e9curit\u00e9 des patients dans les soins premiers secours\u00a0    &nbsp;","og_url":"https:\/\/yazmed.ma\/ar\/product\/moniteur-de-surveillance-spo2-temp-nibp\/","og_site_name":"YAZMED","article_publisher":"https:\/\/www.facebook.com\/azenkouky","article_modified_time":"2025-12-17T18:28:45+00:00","og_image":[{"width":886,"height":886,"url":"https:\/\/yazmed.ma\/wp-content\/uploads\/2024\/12\/2e560ef1-a75e-40e8-ac70-1f4f673dce4f.jpg","type":"image\/jpeg"}],"twitter_card":"summary_large_image","twitter_misc":{"Est. reading time":"1 minute"},"schema":{"@context":"https:\/\/schema.org","@graph":[{"@type":"WebPage","@id":"https:\/\/yazmed.ma\/product\/moniteur-de-surveillance-spo2-temp-nibp\/","url":"https:\/\/yazmed.ma\/product\/moniteur-de-surveillance-spo2-temp-nibp\/","name":"MONITEUR DE SURVEILLANCE 3P - YAZMED","isPartOf":{"@id":"https:\/\/yazmed.ma\/#website"},"primaryImageOfPage":{"@id":"https:\/\/yazmed.ma\/product\/moniteur-de-surveillance-spo2-temp-nibp\/#primaryimage"},"image":{"@id":"https:\/\/yazmed.ma\/product\/moniteur-de-surveillance-spo2-temp-nibp\/#primaryimage"},"thumbnailUrl":"https:\/\/yazmed.ma\/wp-content\/uploads\/2024\/12\/MONITEUR-DE-SURVEILLANCE-3P.webp","datePublished":"2024-12-23T19:45:13+00:00","dateModified":"2025-12-17T18:28:45+00:00","breadcrumb":{"@id":"https:\/\/yazmed.ma\/product\/moniteur-de-surveillance-spo2-temp-nibp\/#breadcrumb"},"inLanguage":"ary","potentialAction":[{"@type":"ReadAction","target":["https:\/\/yazmed.ma\/product\/moniteur-de-surveillance-spo2-temp-nibp\/"]}]},{"@type":"ImageObject","inLanguage":"ary","@id":"https:\/\/yazmed.ma\/product\/moniteur-de-surveillance-spo2-temp-nibp\/#primaryimage","url":"https:\/\/yazmed.ma\/wp-content\/uploads\/2024\/12\/MONITEUR-DE-SURVEILLANCE-3P.webp","contentUrl":"https:\/\/yazmed.ma\/wp-content\/uploads\/2024\/12\/MONITEUR-DE-SURVEILLANCE-3P.webp","width":300,"height":300,"caption":"MONITEUR DE SURVEILLANCE 3P"},{"@type":"BreadcrumbList","@id":"https:\/\/yazmed.ma\/product\/moniteur-de-surveillance-spo2-temp-nibp\/#breadcrumb","itemListElement":[{"@type":"ListItem","position":1,"name":"Accueil","item":"https:\/\/yazmed.ma\/"},{"@type":"ListItem","position":2,"name":"Shop","item":"https:\/\/yazmed.ma\/shop-2\/"},{"@type":"ListItem","position":3,"name":"MONITEUR DE SURVEILLANCE SPO2, TEMP, NIBP"}]},{"@type":"WebSite","@id":"https:\/\/yazmed.ma\/#website","url":"https:\/\/yazmed.ma\/","name":"Yazmed","description":"LEADER DU MAT\u00c9RIEL M\u00c9DICAL AU MAROC","publisher":{"@id":"https:\/\/yazmed.ma\/#organization"},"potentialAction":[{"@type":"SearchAction","target":{"@type":"EntryPoint","urlTemplate":"https:\/\/yazmed.ma\/?s={search_term_string}"},"query-input":{"@type":"PropertyValueSpecification","valueRequired":true,"valueName":"search_term_string"}}],"inLanguage":"ary"},{"@type":"Organization","@id":"https:\/\/yazmed.ma\/#organization","name":"Yazmed Healthcare","url":"https:\/\/yazmed.ma\/","logo":{"@type":"ImageObject","inLanguage":"ary","@id":"https:\/\/yazmed.ma\/#\/schema\/logo\/image\/","url":"https:\/\/yazmed.ma\/wp-content\/uploads\/2024\/12\/3.png","contentUrl":"https:\/\/yazmed.ma\/wp-content\/uploads\/2024\/12\/3.png","width":250,"height":70,"caption":"Yazmed Healthcare"},"image":{"@id":"https:\/\/yazmed.ma\/#\/schema\/logo\/image\/"},"sameAs":["https:\/\/www.facebook.com\/azenkouky","https:\/\/www.instagram.com\/yazmedhealthcare","https:\/\/www.linkedin.com\/in\/yazmed-healthcare-1b4955295"]}]}},"_links":{"self":[{"href":"https:\/\/yazmed.ma\/ar\/wp-json\/wp\/v2\/product\/1315","targetHints":{"allow":["GET"]}}],"collection":[{"href":"https:\/\/yazmed.ma\/ar\/wp-json\/wp\/v2\/product"}],"about":[{"href":"https:\/\/yazmed.ma\/ar\/wp-json\/wp\/v2\/types\/product"}],"replies":[{"embeddable":true,"href":"https:\/\/yazmed.ma\/ar\/wp-json\/wp\/v2\/comments?post=1315"}],"version-history":[{"count":1,"href":"https:\/\/yazmed.ma\/ar\/wp-json\/wp\/v2\/product\/1315\/revisions"}],"predecessor-version":[{"id":2977,"href":"https:\/\/yazmed.ma\/ar\/wp-json\/wp\/v2\/product\/1315\/revisions\/2977"}],"wp:featuredmedia":[{"embeddable":true,"href":"https:\/\/yazmed.ma\/ar\/wp-json\/wp\/v2\/media\/2978"}],"wp:attachment":[{"href":"https:\/\/yazmed.ma\/ar\/wp-json\/wp\/v2\/media?parent=1315"}],"wp:term":[{"taxonomy":"product_brand","embeddable":true,"href":"https:\/\/yazmed.ma\/ar\/wp-json\/wp\/v2\/product_brand?post=1315"},{"taxonomy":"product_cat","embeddable":true,"href":"https:\/\/yazmed.ma\/ar\/wp-json\/wp\/v2\/product_cat?post=1315"},{"taxonomy":"product_tag","embeddable":true,"href":"https:\/\/yazmed.ma\/ar\/wp-json\/wp\/v2\/product_tag?post=1315"}],"curies":[{"name":"wp","href":"https:\/\/api.w.org\/{rel}","templated":true}]}}