{"id":1313,"date":"2024-12-23T19:31:19","date_gmt":"2024-12-23T19:31:19","guid":{"rendered":"https:\/\/yazmed.ma\/?post_type=product&#038;p=1313"},"modified":"2025-12-17T22:42:48","modified_gmt":"2025-12-17T22:42:48","slug":"pousse-seringue-double-2-voie","status":"publish","type":"product","link":"https:\/\/yazmed.ma\/ar\/product\/pousse-seringue-double-2-voie\/","title":{"rendered":"Pousse seringue double 2voie"},"content":{"rendered":"<h3 data-start=\"766\" data-end=\"789\"><img decoding=\"async\" class=\"emoji\" role=\"img\" draggable=\"false\" src=\"https:\/\/s.w.org\/images\/core\/emoji\/16.0.1\/svg\/2705.svg\" alt=\"\u2705\" \/>Caract\u00e9ristiques<\/h3>\n<p>&#8211; Pr\u00e9cise : Calibrage automatique, compatible avec toutes les marques de seringues.<br \/>\n&#8211; Stable: Des composants de haute qualit\u00e9 et une gestion rigoureuse des processus de fabrication garantissent la stabilit\u00e9.<br \/>\n&#8211; Pratique: Crochet coulissant ouvrable permettant de serrer le piston de la seringue.<br \/>\n&#8211; \u00c9conomie d\u2019\u00e9nergie: En cas d\u2019inactivit\u00e9 d\u2019un canal le mode en veille sera activ\u00e9.<br \/>\n&#8211; Connect\u00e9e: Avec un module de communication sans fil int\u00e9gr\u00e9.<\/p>\n<p><img decoding=\"async\" class=\"emoji\" role=\"img\" draggable=\"false\" src=\"https:\/\/s.w.org\/images\/core\/emoji\/16.0.1\/svg\/2705.svg\" alt=\"\u2705\" \/>Volume seringue : <strong>10,20,30,50ml.<\/strong><br \/>\n&#8211; Identification automatique du volume de la seringue.<\/p>\n<p><img decoding=\"async\" class=\"\" src=\"https:\/\/saharamed.ma\/assets\/images\/brands\/sino%20mdt.png\" width=\"41\" height=\"41\" \/><\/p>","protected":false},"excerpt":{"rendered":"<h3>Pousse seringue double 2 voie<\/h3>\n<p>un outil m\u00e9dical r\u00e9volutionnaire con\u00e7u pour offrir une pr\u00e9cision et une polyvalence in\u00e9gal\u00e9es pour\u00a0<a title=\"Voie d'administration\" href=\"https:\/\/fr.wikipedia.org\/wiki\/Voie_d%27administration\">administrer<\/a>\u00a0de faibles quantit\u00e9s de fluide (avec ou sans\u00a0<a title=\"M\u00e9dicament\" href=\"https:\/\/fr.wikipedia.org\/wiki\/M%C3%A9dicament\">m\u00e9dicament<\/a>) Compatible avec une large gamme\u00a0 cet appareil programmable et portable est l&rsquo;alli\u00e9 indispensable pour une analg\u00e9sie contr\u00f4l\u00e9e, optimisant les soins dans divers domaines m\u00e9dicaux.<\/p>\n<p><img decoding=\"async\" class=\"\" src=\"https:\/\/saharamed.ma\/assets\/images\/brands\/sino%20mdt.png\" width=\"41\" height=\"41\" \/><\/p>\n<p>&nbsp;<\/p>","protected":false},"featured_media":2990,"comment_status":"open","ping_status":"closed","template":"","meta":[],"product_brand":[],"product_cat":[50],"product_tag":[],"class_list":{"0":"post-1313","1":"product","2":"type-product","3":"status-publish","4":"has-post-thumbnail","6":"product_cat-appareillages-diagnostic","8":"first","9":"instock","10":"taxable","11":"shipping-taxable","12":"purchasable","13":"product-type-simple"},"yoast_head":"<!-- This site is optimized with the Yoast SEO plugin v26.9 - https:\/\/yoast.com\/product\/yoast-seo-wordpress\/ -->\n<title>Pousse seringue double 2voie - YAZMED<\/title>\n<meta name=\"robots\" content=\"index, follow, max-snippet:-1, max-image-preview:large, max-video-preview:-1\" \/>\n<link rel=\"canonical\" href=\"https:\/\/yazmed.ma\/ar\/product\/pousse-seringue-double-voie\/\" \/>\n<meta property=\"og:locale\" content=\"ar_AR\" \/>\n<meta property=\"og:type\" content=\"article\" \/>\n<meta property=\"og:title\" content=\"Pousse seringue double 2voie - YAZMED\" \/>\n<meta property=\"og:description\" content=\"Pousse seringue double 2 voie un outil m\u00e9dical r\u00e9volutionnaire con\u00e7u pour offrir une pr\u00e9cision et une polyvalence in\u00e9gal\u00e9es pour\u00a0administrer\u00a0de faibles quantit\u00e9s de fluide (avec ou sans\u00a0m\u00e9dicament) Compatible avec une large gamme\u00a0 cet appareil programmable et portable est l&#039;alli\u00e9 indispensable pour une analg\u00e9sie contr\u00f4l\u00e9e, optimisant les soins dans divers domaines m\u00e9dicaux.    &nbsp;\" \/>\n<meta property=\"og:url\" content=\"https:\/\/yazmed.ma\/ar\/product\/pousse-seringue-double-voie\/\" \/>\n<meta property=\"og:site_name\" content=\"YAZMED\" \/>\n<meta property=\"article:publisher\" content=\"https:\/\/www.facebook.com\/azenkouky\" \/>\n<meta property=\"article:modified_time\" content=\"2025-12-17T22:42:48+00:00\" \/>\n<meta property=\"og:image\" content=\"https:\/\/yazmed.ma\/wp-content\/uploads\/2024\/12\/Design-sans-titre-56.png\" \/>\n\t<meta property=\"og:image:width\" content=\"570\" \/>\n\t<meta property=\"og:image:height\" content=\"517\" \/>\n\t<meta property=\"og:image:type\" content=\"image\/png\" \/>\n<meta name=\"twitter:card\" content=\"summary_large_image\" \/>\n<meta name=\"twitter:label1\" content=\"Est. reading time\" \/>\n\t<meta name=\"twitter:data1\" content=\"1 minute\" \/>\n<script type=\"application\/ld+json\" class=\"yoast-schema-graph\">{\"@context\":\"https:\/\/schema.org\",\"@graph\":[{\"@type\":\"WebPage\",\"@id\":\"https:\/\/yazmed.ma\/product\/pousse-seringue-double-voie\/\",\"url\":\"https:\/\/yazmed.ma\/product\/pousse-seringue-double-voie\/\",\"name\":\"Pousse seringue double 2voie - YAZMED\",\"isPartOf\":{\"@id\":\"https:\/\/yazmed.ma\/#website\"},\"primaryImageOfPage\":{\"@id\":\"https:\/\/yazmed.ma\/product\/pousse-seringue-double-voie\/#primaryimage\"},\"image\":{\"@id\":\"https:\/\/yazmed.ma\/product\/pousse-seringue-double-voie\/#primaryimage\"},\"thumbnailUrl\":\"https:\/\/yazmed.ma\/wp-content\/uploads\/2024\/12\/Pousse-seringue-double-2-voie.webp\",\"datePublished\":\"2024-12-23T19:31:19+00:00\",\"dateModified\":\"2025-12-17T22:42:48+00:00\",\"breadcrumb\":{\"@id\":\"https:\/\/yazmed.ma\/product\/pousse-seringue-double-voie\/#breadcrumb\"},\"inLanguage\":\"ary\",\"potentialAction\":[{\"@type\":\"ReadAction\",\"target\":[\"https:\/\/yazmed.ma\/product\/pousse-seringue-double-voie\/\"]}]},{\"@type\":\"ImageObject\",\"inLanguage\":\"ary\",\"@id\":\"https:\/\/yazmed.ma\/product\/pousse-seringue-double-voie\/#primaryimage\",\"url\":\"https:\/\/yazmed.ma\/wp-content\/uploads\/2024\/12\/Pousse-seringue-double-2-voie.webp\",\"contentUrl\":\"https:\/\/yazmed.ma\/wp-content\/uploads\/2024\/12\/Pousse-seringue-double-2-voie.webp\",\"width\":450,\"height\":450,\"caption\":\"Pousse seringue double 2voie\"},{\"@type\":\"BreadcrumbList\",\"@id\":\"https:\/\/yazmed.ma\/product\/pousse-seringue-double-voie\/#breadcrumb\",\"itemListElement\":[{\"@type\":\"ListItem\",\"position\":1,\"name\":\"Accueil\",\"item\":\"https:\/\/yazmed.ma\/\"},{\"@type\":\"ListItem\",\"position\":2,\"name\":\"Shop\",\"item\":\"https:\/\/yazmed.ma\/shop-2\/\"},{\"@type\":\"ListItem\",\"position\":3,\"name\":\"Pousse seringue double voie\"}]},{\"@type\":\"WebSite\",\"@id\":\"https:\/\/yazmed.ma\/#website\",\"url\":\"https:\/\/yazmed.ma\/\",\"name\":\"Yazmed\",\"description\":\"LEADER DU MAT\u00c9RIEL M\u00c9DICAL AU MAROC\",\"publisher\":{\"@id\":\"https:\/\/yazmed.ma\/#organization\"},\"potentialAction\":[{\"@type\":\"SearchAction\",\"target\":{\"@type\":\"EntryPoint\",\"urlTemplate\":\"https:\/\/yazmed.ma\/?s={search_term_string}\"},\"query-input\":{\"@type\":\"PropertyValueSpecification\",\"valueRequired\":true,\"valueName\":\"search_term_string\"}}],\"inLanguage\":\"ary\"},{\"@type\":\"Organization\",\"@id\":\"https:\/\/yazmed.ma\/#organization\",\"name\":\"Yazmed Healthcare\",\"url\":\"https:\/\/yazmed.ma\/\",\"logo\":{\"@type\":\"ImageObject\",\"inLanguage\":\"ary\",\"@id\":\"https:\/\/yazmed.ma\/#\/schema\/logo\/image\/\",\"url\":\"https:\/\/yazmed.ma\/wp-content\/uploads\/2024\/12\/3.png\",\"contentUrl\":\"https:\/\/yazmed.ma\/wp-content\/uploads\/2024\/12\/3.png\",\"width\":250,\"height\":70,\"caption\":\"Yazmed Healthcare\"},\"image\":{\"@id\":\"https:\/\/yazmed.ma\/#\/schema\/logo\/image\/\"},\"sameAs\":[\"https:\/\/www.facebook.com\/azenkouky\",\"https:\/\/www.instagram.com\/yazmedhealthcare\",\"https:\/\/www.linkedin.com\/in\/yazmed-healthcare-1b4955295\"]}]}<\/script>\n<!-- \/ Yoast SEO plugin. -->","yoast_head_json":{"title":"Pousse seringue double 2voie - YAZMED","robots":{"index":"index","follow":"follow","max-snippet":"max-snippet:-1","max-image-preview":"max-image-preview:large","max-video-preview":"max-video-preview:-1"},"canonical":"https:\/\/yazmed.ma\/ar\/product\/pousse-seringue-double-voie\/","og_locale":"ar_AR","og_type":"article","og_title":"Pousse seringue double 2voie - YAZMED","og_description":"Pousse seringue double 2 voie un outil m\u00e9dical r\u00e9volutionnaire con\u00e7u pour offrir une pr\u00e9cision et une polyvalence in\u00e9gal\u00e9es pour\u00a0administrer\u00a0de faibles quantit\u00e9s de fluide (avec ou sans\u00a0m\u00e9dicament) Compatible avec une large gamme\u00a0 cet appareil programmable et portable est l'alli\u00e9 indispensable pour une analg\u00e9sie contr\u00f4l\u00e9e, optimisant les soins dans divers domaines m\u00e9dicaux.    &nbsp;","og_url":"https:\/\/yazmed.ma\/ar\/product\/pousse-seringue-double-voie\/","og_site_name":"YAZMED","article_publisher":"https:\/\/www.facebook.com\/azenkouky","article_modified_time":"2025-12-17T22:42:48+00:00","og_image":[{"width":570,"height":517,"url":"https:\/\/yazmed.ma\/wp-content\/uploads\/2024\/12\/Design-sans-titre-56.png","type":"image\/png"}],"twitter_card":"summary_large_image","twitter_misc":{"Est. reading time":"1 minute"},"schema":{"@context":"https:\/\/schema.org","@graph":[{"@type":"WebPage","@id":"https:\/\/yazmed.ma\/product\/pousse-seringue-double-voie\/","url":"https:\/\/yazmed.ma\/product\/pousse-seringue-double-voie\/","name":"Pousse seringue double 2voie - YAZMED","isPartOf":{"@id":"https:\/\/yazmed.ma\/#website"},"primaryImageOfPage":{"@id":"https:\/\/yazmed.ma\/product\/pousse-seringue-double-voie\/#primaryimage"},"image":{"@id":"https:\/\/yazmed.ma\/product\/pousse-seringue-double-voie\/#primaryimage"},"thumbnailUrl":"https:\/\/yazmed.ma\/wp-content\/uploads\/2024\/12\/Pousse-seringue-double-2-voie.webp","datePublished":"2024-12-23T19:31:19+00:00","dateModified":"2025-12-17T22:42:48+00:00","breadcrumb":{"@id":"https:\/\/yazmed.ma\/product\/pousse-seringue-double-voie\/#breadcrumb"},"inLanguage":"ary","potentialAction":[{"@type":"ReadAction","target":["https:\/\/yazmed.ma\/product\/pousse-seringue-double-voie\/"]}]},{"@type":"ImageObject","inLanguage":"ary","@id":"https:\/\/yazmed.ma\/product\/pousse-seringue-double-voie\/#primaryimage","url":"https:\/\/yazmed.ma\/wp-content\/uploads\/2024\/12\/Pousse-seringue-double-2-voie.webp","contentUrl":"https:\/\/yazmed.ma\/wp-content\/uploads\/2024\/12\/Pousse-seringue-double-2-voie.webp","width":450,"height":450,"caption":"Pousse seringue double 2voie"},{"@type":"BreadcrumbList","@id":"https:\/\/yazmed.ma\/product\/pousse-seringue-double-voie\/#breadcrumb","itemListElement":[{"@type":"ListItem","position":1,"name":"Accueil","item":"https:\/\/yazmed.ma\/"},{"@type":"ListItem","position":2,"name":"Shop","item":"https:\/\/yazmed.ma\/shop-2\/"},{"@type":"ListItem","position":3,"name":"Pousse seringue double voie"}]},{"@type":"WebSite","@id":"https:\/\/yazmed.ma\/#website","url":"https:\/\/yazmed.ma\/","name":"Yazmed","description":"LEADER DU MAT\u00c9RIEL M\u00c9DICAL AU MAROC","publisher":{"@id":"https:\/\/yazmed.ma\/#organization"},"potentialAction":[{"@type":"SearchAction","target":{"@type":"EntryPoint","urlTemplate":"https:\/\/yazmed.ma\/?s={search_term_string}"},"query-input":{"@type":"PropertyValueSpecification","valueRequired":true,"valueName":"search_term_string"}}],"inLanguage":"ary"},{"@type":"Organization","@id":"https:\/\/yazmed.ma\/#organization","name":"Yazmed Healthcare","url":"https:\/\/yazmed.ma\/","logo":{"@type":"ImageObject","inLanguage":"ary","@id":"https:\/\/yazmed.ma\/#\/schema\/logo\/image\/","url":"https:\/\/yazmed.ma\/wp-content\/uploads\/2024\/12\/3.png","contentUrl":"https:\/\/yazmed.ma\/wp-content\/uploads\/2024\/12\/3.png","width":250,"height":70,"caption":"Yazmed Healthcare"},"image":{"@id":"https:\/\/yazmed.ma\/#\/schema\/logo\/image\/"},"sameAs":["https:\/\/www.facebook.com\/azenkouky","https:\/\/www.instagram.com\/yazmedhealthcare","https:\/\/www.linkedin.com\/in\/yazmed-healthcare-1b4955295"]}]}},"_links":{"self":[{"href":"https:\/\/yazmed.ma\/ar\/wp-json\/wp\/v2\/product\/1313","targetHints":{"allow":["GET"]}}],"collection":[{"href":"https:\/\/yazmed.ma\/ar\/wp-json\/wp\/v2\/product"}],"about":[{"href":"https:\/\/yazmed.ma\/ar\/wp-json\/wp\/v2\/types\/product"}],"replies":[{"embeddable":true,"href":"https:\/\/yazmed.ma\/ar\/wp-json\/wp\/v2\/comments?post=1313"}],"version-history":[{"count":1,"href":"https:\/\/yazmed.ma\/ar\/wp-json\/wp\/v2\/product\/1313\/revisions"}],"predecessor-version":[{"id":2989,"href":"https:\/\/yazmed.ma\/ar\/wp-json\/wp\/v2\/product\/1313\/revisions\/2989"}],"wp:featuredmedia":[{"embeddable":true,"href":"https:\/\/yazmed.ma\/ar\/wp-json\/wp\/v2\/media\/2990"}],"wp:attachment":[{"href":"https:\/\/yazmed.ma\/ar\/wp-json\/wp\/v2\/media?parent=1313"}],"wp:term":[{"taxonomy":"product_brand","embeddable":true,"href":"https:\/\/yazmed.ma\/ar\/wp-json\/wp\/v2\/product_brand?post=1313"},{"taxonomy":"product_cat","embeddable":true,"href":"https:\/\/yazmed.ma\/ar\/wp-json\/wp\/v2\/product_cat?post=1313"},{"taxonomy":"product_tag","embeddable":true,"href":"https:\/\/yazmed.ma\/ar\/wp-json\/wp\/v2\/product_tag?post=1313"}],"curies":[{"name":"wp","href":"https:\/\/api.w.org\/{rel}","templated":true}]}}