{"id":1309,"date":"2024-12-23T19:21:55","date_gmt":"2024-12-23T19:21:55","guid":{"rendered":"https:\/\/yazmed.ma\/?post_type=product&#038;p=1309"},"modified":"2025-12-14T21:14:46","modified_gmt":"2025-12-14T21:14:46","slug":"doppler-foetal-portable","status":"publish","type":"product","link":"https:\/\/yazmed.ma\/ar\/product\/doppler-foetal-portable\/","title":{"rendered":"Doppler f\u0153tal Portable  2MHZ"},"content":{"rendered":"<h3 data-start=\"483\" data-end=\"522\"><strong data-start=\"490\" data-end=\"522\">\u00a0 \u00a0 <img decoding=\"async\" class=\"emoji\" role=\"img\" draggable=\"false\" src=\"https:\/\/s.w.org\/images\/core\/emoji\/16.0.1\/svg\/2705.svg\" alt=\"\u2705\" \/>\u00a0\u00a0 Caract\u00e9ristiques principales<\/strong><\/h3>\n<ul>\n<li data-start=\"525\" data-end=\"602\"><strong data-start=\"525\" data-end=\"558\">\u00a0\u00c9cran LCD avec r\u00e9tro\u00e9clairage<\/strong>\u00a0(45 x 25 mm) pour un affichage clair du FHR<\/li>\n<li data-start=\"605\" data-end=\"670\"><strong data-start=\"605\" data-end=\"630\">\u00a0Trois modes de mesure<\/strong>\u00a0: temps r\u00e9el, moyenne, et calcul manuel<\/li>\n<li data-start=\"673\" data-end=\"762\"><strong data-start=\"673\" data-end=\"708\">Sonde \u00e0 ultrasons 2 MHz incluse<\/strong>\u00a0pour une d\u00e9tection pr\u00e9cise d\u00e8s les premi\u00e8res semaines<\/li>\n<li data-start=\"765\" data-end=\"823\"><strong data-start=\"765\" data-end=\"784\">Plage de mesure<\/strong>\u00a0: 50 \u00e0 240 BPM (battements par minute)<\/li>\n<li data-start=\"826\" data-end=\"896\"><strong data-start=\"826\" data-end=\"842\">Sortie audio<\/strong>\u00a0pour \u00e9couteurs ou enregistreur + haut-parleur int\u00e9gr\u00e9<\/li>\n<li data-start=\"899\" data-end=\"978\"><strong data-start=\"899\" data-end=\"920\">Arr\u00eat automatique<\/strong>\u00a0apr\u00e8s 1 minute sans utilisation pour \u00e9conomiser les piles<\/li>\n<li data-start=\"981\" data-end=\"1058\"><strong data-start=\"981\" data-end=\"1011\">Fonctionne avec 2 piles AA<\/strong>\u00a0\u2013 jusqu\u2019\u00e0\u00a0<strong data-start=\"1022\" data-end=\"1058\">10 heures d\u2019utilisation continue<\/strong><\/li>\n<li data-start=\"1061\" data-end=\"1122\"><strong data-start=\"1061\" data-end=\"1081\">Compact et l\u00e9ger<\/strong>\u00a0: 135 x 95 x 35 mm, 180 g avec les piles<\/li>\n<\/ul>\n<h5>\u00a0 \u00a0 \u00a0 \u00a0<img decoding=\"async\" class=\"\" src=\"https:\/\/eclazon.ma\/wp-content\/uploads\/2024\/07\/optimum-pro-logo-200x100.jpg\" width=\"108\" height=\"54\" \/><\/h5>","protected":false},"excerpt":{"rendered":"<h4 data-start=\"199\" data-end=\"481\"><strong data-start=\"202\" data-end=\"228\">Doppler f\u0153tal portable 2MHZ<\/strong><\/h4>\n<p data-start=\"199\" data-end=\"481\">dispositif m\u00e9dical con\u00e7u pour \u00e9couter et surveiller les battements du c\u0153ur de votre b\u00e9b\u00e9 pendant la grossesse, en toute simplicit\u00e9. Dot\u00e9 d\u2019un <strong data-start=\"378\" data-end=\"414\">\u00e9cran LCD num\u00e9rique r\u00e9tro\u00e9clair\u00e9<\/strong>, il permet une lecture claire du <a class=\"mw-redirect\" title=\"Rythme cardiaque\" href=\"https:\/\/fr.wikipedia.org\/wiki\/Rythme_cardiaque\">rythme cardiaque<\/a>\u00a0<a title=\"F\u0153tus humain\" href=\"https:\/\/fr.wikipedia.org\/wiki\/F%C5%93tus_humain\">f\u0153tal<\/a>\u00a0<strong data-start=\"448\" data-end=\"480\">(FHR<\/strong><\/p>\n<h5><img decoding=\"async\" class=\"\" src=\"https:\/\/eclazon.ma\/wp-content\/uploads\/2024\/07\/optimum-pro-logo-200x100.jpg\" width=\"54\" height=\"27\" \/><\/h5>","protected":false},"featured_media":2951,"comment_status":"open","ping_status":"closed","template":"","meta":[],"product_brand":[],"product_cat":[50],"product_tag":[99,257],"class_list":{"0":"post-1309","1":"product","2":"type-product","3":"status-publish","4":"has-post-thumbnail","6":"product_cat-appareillages-diagnostic","7":"product_tag-doppler-foetal","8":"product_tag-doppler-portable","10":"first","11":"instock","12":"taxable","13":"shipping-taxable","14":"purchasable","15":"product-type-simple"},"yoast_head":"<!-- This site is optimized with the Yoast SEO plugin v26.9 - https:\/\/yoast.com\/product\/yoast-seo-wordpress\/ -->\n<title>Doppler f\u0153tal Portable 2MHZ - YAZMED<\/title>\n<meta name=\"robots\" content=\"index, follow, max-snippet:-1, max-image-preview:large, max-video-preview:-1\" \/>\n<link rel=\"canonical\" href=\"https:\/\/yazmed.ma\/ar\/product\/doppler-foetal\/\" \/>\n<meta property=\"og:locale\" content=\"ar_AR\" \/>\n<meta property=\"og:type\" content=\"article\" \/>\n<meta property=\"og:title\" content=\"Doppler f\u0153tal Portable 2MHZ - YAZMED\" \/>\n<meta property=\"og:description\" content=\"Doppler f\u0153tal portable 2MHZ dispositif m\u00e9dical con\u00e7u pour \u00e9couter et surveiller les battements du c\u0153ur de votre b\u00e9b\u00e9 pendant la grossesse, en toute simplicit\u00e9. Dot\u00e9 d\u2019un \u00e9cran LCD num\u00e9rique r\u00e9tro\u00e9clair\u00e9, il permet une lecture claire du rythme cardiaque\u00a0f\u0153tal\u00a0(FHR\" \/>\n<meta property=\"og:url\" content=\"https:\/\/yazmed.ma\/ar\/product\/doppler-foetal\/\" \/>\n<meta property=\"og:site_name\" content=\"YAZMED\" \/>\n<meta property=\"article:publisher\" content=\"https:\/\/www.facebook.com\/azenkouky\" \/>\n<meta property=\"article:modified_time\" content=\"2025-12-14T21:14:46+00:00\" \/>\n<meta property=\"og:image\" content=\"https:\/\/yazmed.ma\/wp-content\/uploads\/2024\/12\/Design-sans-titre-57.png\" \/>\n\t<meta property=\"og:image:width\" content=\"570\" \/>\n\t<meta property=\"og:image:height\" content=\"517\" \/>\n\t<meta property=\"og:image:type\" content=\"image\/png\" \/>\n<meta name=\"twitter:card\" content=\"summary_large_image\" \/>\n<meta name=\"twitter:label1\" content=\"Est. reading time\" \/>\n\t<meta name=\"twitter:data1\" content=\"1 minute\" \/>\n<script type=\"application\/ld+json\" class=\"yoast-schema-graph\">{\"@context\":\"https:\/\/schema.org\",\"@graph\":[{\"@type\":\"WebPage\",\"@id\":\"https:\/\/yazmed.ma\/product\/doppler-foetal\/\",\"url\":\"https:\/\/yazmed.ma\/product\/doppler-foetal\/\",\"name\":\"Doppler f\u0153tal Portable 2MHZ - YAZMED\",\"isPartOf\":{\"@id\":\"https:\/\/yazmed.ma\/#website\"},\"primaryImageOfPage\":{\"@id\":\"https:\/\/yazmed.ma\/product\/doppler-foetal\/#primaryimage\"},\"image\":{\"@id\":\"https:\/\/yazmed.ma\/product\/doppler-foetal\/#primaryimage\"},\"thumbnailUrl\":\"https:\/\/yazmed.ma\/wp-content\/uploads\/2024\/12\/Doppler-foetal-Portable-2-MHZ.webp\",\"datePublished\":\"2024-12-23T19:21:55+00:00\",\"dateModified\":\"2025-12-14T21:14:46+00:00\",\"breadcrumb\":{\"@id\":\"https:\/\/yazmed.ma\/product\/doppler-foetal\/#breadcrumb\"},\"inLanguage\":\"ary\",\"potentialAction\":[{\"@type\":\"ReadAction\",\"target\":[\"https:\/\/yazmed.ma\/product\/doppler-foetal\/\"]}]},{\"@type\":\"ImageObject\",\"inLanguage\":\"ary\",\"@id\":\"https:\/\/yazmed.ma\/product\/doppler-foetal\/#primaryimage\",\"url\":\"https:\/\/yazmed.ma\/wp-content\/uploads\/2024\/12\/Doppler-foetal-Portable-2-MHZ.webp\",\"contentUrl\":\"https:\/\/yazmed.ma\/wp-content\/uploads\/2024\/12\/Doppler-foetal-Portable-2-MHZ.webp\",\"width\":570,\"height\":517,\"caption\":\"Doppler f\u0153tal Portable\"},{\"@type\":\"BreadcrumbList\",\"@id\":\"https:\/\/yazmed.ma\/product\/doppler-foetal\/#breadcrumb\",\"itemListElement\":[{\"@type\":\"ListItem\",\"position\":1,\"name\":\"Accueil\",\"item\":\"https:\/\/yazmed.ma\/\"},{\"@type\":\"ListItem\",\"position\":2,\"name\":\"Shop\",\"item\":\"https:\/\/yazmed.ma\/shop-2\/\"},{\"@type\":\"ListItem\",\"position\":3,\"name\":\"Doppler Foetal De Poche\"}]},{\"@type\":\"WebSite\",\"@id\":\"https:\/\/yazmed.ma\/#website\",\"url\":\"https:\/\/yazmed.ma\/\",\"name\":\"Yazmed\",\"description\":\"LEADER DU MAT\u00c9RIEL M\u00c9DICAL AU MAROC\",\"publisher\":{\"@id\":\"https:\/\/yazmed.ma\/#organization\"},\"potentialAction\":[{\"@type\":\"SearchAction\",\"target\":{\"@type\":\"EntryPoint\",\"urlTemplate\":\"https:\/\/yazmed.ma\/?s={search_term_string}\"},\"query-input\":{\"@type\":\"PropertyValueSpecification\",\"valueRequired\":true,\"valueName\":\"search_term_string\"}}],\"inLanguage\":\"ary\"},{\"@type\":\"Organization\",\"@id\":\"https:\/\/yazmed.ma\/#organization\",\"name\":\"Yazmed Healthcare\",\"url\":\"https:\/\/yazmed.ma\/\",\"logo\":{\"@type\":\"ImageObject\",\"inLanguage\":\"ary\",\"@id\":\"https:\/\/yazmed.ma\/#\/schema\/logo\/image\/\",\"url\":\"https:\/\/yazmed.ma\/wp-content\/uploads\/2024\/12\/3.png\",\"contentUrl\":\"https:\/\/yazmed.ma\/wp-content\/uploads\/2024\/12\/3.png\",\"width\":250,\"height\":70,\"caption\":\"Yazmed Healthcare\"},\"image\":{\"@id\":\"https:\/\/yazmed.ma\/#\/schema\/logo\/image\/\"},\"sameAs\":[\"https:\/\/www.facebook.com\/azenkouky\",\"https:\/\/www.instagram.com\/yazmedhealthcare\",\"https:\/\/www.linkedin.com\/in\/yazmed-healthcare-1b4955295\"]}]}<\/script>\n<!-- \/ Yoast SEO plugin. -->","yoast_head_json":{"title":"Doppler f\u0153tal Portable 2MHZ - YAZMED","robots":{"index":"index","follow":"follow","max-snippet":"max-snippet:-1","max-image-preview":"max-image-preview:large","max-video-preview":"max-video-preview:-1"},"canonical":"https:\/\/yazmed.ma\/ar\/product\/doppler-foetal\/","og_locale":"ar_AR","og_type":"article","og_title":"Doppler f\u0153tal Portable 2MHZ - YAZMED","og_description":"Doppler f\u0153tal portable 2MHZ dispositif m\u00e9dical con\u00e7u pour \u00e9couter et surveiller les battements du c\u0153ur de votre b\u00e9b\u00e9 pendant la grossesse, en toute simplicit\u00e9. Dot\u00e9 d\u2019un \u00e9cran LCD num\u00e9rique r\u00e9tro\u00e9clair\u00e9, il permet une lecture claire du rythme cardiaque\u00a0f\u0153tal\u00a0(FHR","og_url":"https:\/\/yazmed.ma\/ar\/product\/doppler-foetal\/","og_site_name":"YAZMED","article_publisher":"https:\/\/www.facebook.com\/azenkouky","article_modified_time":"2025-12-14T21:14:46+00:00","og_image":[{"width":570,"height":517,"url":"https:\/\/yazmed.ma\/wp-content\/uploads\/2024\/12\/Design-sans-titre-57.png","type":"image\/png"}],"twitter_card":"summary_large_image","twitter_misc":{"Est. reading time":"1 minute"},"schema":{"@context":"https:\/\/schema.org","@graph":[{"@type":"WebPage","@id":"https:\/\/yazmed.ma\/product\/doppler-foetal\/","url":"https:\/\/yazmed.ma\/product\/doppler-foetal\/","name":"Doppler f\u0153tal Portable 2MHZ - YAZMED","isPartOf":{"@id":"https:\/\/yazmed.ma\/#website"},"primaryImageOfPage":{"@id":"https:\/\/yazmed.ma\/product\/doppler-foetal\/#primaryimage"},"image":{"@id":"https:\/\/yazmed.ma\/product\/doppler-foetal\/#primaryimage"},"thumbnailUrl":"https:\/\/yazmed.ma\/wp-content\/uploads\/2024\/12\/Doppler-foetal-Portable-2-MHZ.webp","datePublished":"2024-12-23T19:21:55+00:00","dateModified":"2025-12-14T21:14:46+00:00","breadcrumb":{"@id":"https:\/\/yazmed.ma\/product\/doppler-foetal\/#breadcrumb"},"inLanguage":"ary","potentialAction":[{"@type":"ReadAction","target":["https:\/\/yazmed.ma\/product\/doppler-foetal\/"]}]},{"@type":"ImageObject","inLanguage":"ary","@id":"https:\/\/yazmed.ma\/product\/doppler-foetal\/#primaryimage","url":"https:\/\/yazmed.ma\/wp-content\/uploads\/2024\/12\/Doppler-foetal-Portable-2-MHZ.webp","contentUrl":"https:\/\/yazmed.ma\/wp-content\/uploads\/2024\/12\/Doppler-foetal-Portable-2-MHZ.webp","width":570,"height":517,"caption":"Doppler f\u0153tal Portable"},{"@type":"BreadcrumbList","@id":"https:\/\/yazmed.ma\/product\/doppler-foetal\/#breadcrumb","itemListElement":[{"@type":"ListItem","position":1,"name":"Accueil","item":"https:\/\/yazmed.ma\/"},{"@type":"ListItem","position":2,"name":"Shop","item":"https:\/\/yazmed.ma\/shop-2\/"},{"@type":"ListItem","position":3,"name":"Doppler Foetal De Poche"}]},{"@type":"WebSite","@id":"https:\/\/yazmed.ma\/#website","url":"https:\/\/yazmed.ma\/","name":"Yazmed","description":"LEADER DU MAT\u00c9RIEL M\u00c9DICAL AU MAROC","publisher":{"@id":"https:\/\/yazmed.ma\/#organization"},"potentialAction":[{"@type":"SearchAction","target":{"@type":"EntryPoint","urlTemplate":"https:\/\/yazmed.ma\/?s={search_term_string}"},"query-input":{"@type":"PropertyValueSpecification","valueRequired":true,"valueName":"search_term_string"}}],"inLanguage":"ary"},{"@type":"Organization","@id":"https:\/\/yazmed.ma\/#organization","name":"Yazmed Healthcare","url":"https:\/\/yazmed.ma\/","logo":{"@type":"ImageObject","inLanguage":"ary","@id":"https:\/\/yazmed.ma\/#\/schema\/logo\/image\/","url":"https:\/\/yazmed.ma\/wp-content\/uploads\/2024\/12\/3.png","contentUrl":"https:\/\/yazmed.ma\/wp-content\/uploads\/2024\/12\/3.png","width":250,"height":70,"caption":"Yazmed Healthcare"},"image":{"@id":"https:\/\/yazmed.ma\/#\/schema\/logo\/image\/"},"sameAs":["https:\/\/www.facebook.com\/azenkouky","https:\/\/www.instagram.com\/yazmedhealthcare","https:\/\/www.linkedin.com\/in\/yazmed-healthcare-1b4955295"]}]}},"_links":{"self":[{"href":"https:\/\/yazmed.ma\/ar\/wp-json\/wp\/v2\/product\/1309","targetHints":{"allow":["GET"]}}],"collection":[{"href":"https:\/\/yazmed.ma\/ar\/wp-json\/wp\/v2\/product"}],"about":[{"href":"https:\/\/yazmed.ma\/ar\/wp-json\/wp\/v2\/types\/product"}],"replies":[{"embeddable":true,"href":"https:\/\/yazmed.ma\/ar\/wp-json\/wp\/v2\/comments?post=1309"}],"version-history":[{"count":1,"href":"https:\/\/yazmed.ma\/ar\/wp-json\/wp\/v2\/product\/1309\/revisions"}],"predecessor-version":[{"id":2950,"href":"https:\/\/yazmed.ma\/ar\/wp-json\/wp\/v2\/product\/1309\/revisions\/2950"}],"wp:featuredmedia":[{"embeddable":true,"href":"https:\/\/yazmed.ma\/ar\/wp-json\/wp\/v2\/media\/2951"}],"wp:attachment":[{"href":"https:\/\/yazmed.ma\/ar\/wp-json\/wp\/v2\/media?parent=1309"}],"wp:term":[{"taxonomy":"product_brand","embeddable":true,"href":"https:\/\/yazmed.ma\/ar\/wp-json\/wp\/v2\/product_brand?post=1309"},{"taxonomy":"product_cat","embeddable":true,"href":"https:\/\/yazmed.ma\/ar\/wp-json\/wp\/v2\/product_cat?post=1309"},{"taxonomy":"product_tag","embeddable":true,"href":"https:\/\/yazmed.ma\/ar\/wp-json\/wp\/v2\/product_tag?post=1309"}],"curies":[{"name":"wp","href":"https:\/\/api.w.org\/{rel}","templated":true}]}}