{"id":1305,"date":"2024-12-23T19:05:56","date_gmt":"2024-12-23T19:05:56","guid":{"rendered":"https:\/\/yazmed.ma\/?post_type=product&#038;p=1305"},"modified":"2024-12-23T19:05:57","modified_gmt":"2024-12-23T19:05:57","slug":"lit-electrique-3-positions","status":"publish","type":"product","link":"https:\/\/yazmed.ma\/ar\/product\/lit-electrique-3-positions\/","title":{"rendered":"Lit \u00e9lectrique 3 positions"},"content":{"rendered":"","protected":false},"excerpt":{"rendered":"<p>Lit \u00e9lectrique 3 positions avec 2 moteur.<\/p>\n<p>&#8211; Plan de couchage a 4 section.<\/p>\n<p>&#8211; T\u00eate et pied du lit compact et escamotable en ABS.<\/p>\n<p>&#8211; 2 barri\u00e8res rabattables en aluminium.<\/p>\n<p>&#8211; Rel\u00e8ve buste \u00e9lectrique, angles 75\u00b0\u00b110\u00b0.<\/p>\n<p>&#8211; Rel\u00e8ve jambes \u00e9lectrique, angles 35\u00b0\u00b110\u00b0.<\/p>\n<p>&#8211; Hauteur variable\u00a0:40 \u00e0\u00a0 74 cm.<\/p>\n<p>&#8211; 4 roulettes avec freins.<\/p>\n<p>&#8211; Livre avec potence a s\u00e9rum.<\/p>\n<p>&#8211; 4 emplacements pour la potence.<\/p>\n<p>&#8211; Dimension externe\u00a0: 216&#215;95 cm.<\/p>\n<p>&#8211; Dimension plan de couchage\u00a0: 192,5 x 83cm.<\/p>","protected":false},"featured_media":1306,"comment_status":"open","ping_status":"closed","template":"","meta":[],"product_brand":[],"product_cat":[54],"product_tag":[],"class_list":{"0":"post-1305","1":"product","2":"type-product","3":"status-publish","4":"has-post-thumbnail","6":"product_cat-mobilier-medical","8":"first","9":"instock","10":"taxable","11":"shipping-taxable","12":"purchasable","13":"product-type-simple"},"yoast_head":"<!-- This site is optimized with the Yoast SEO plugin v26.9 - https:\/\/yoast.com\/product\/yoast-seo-wordpress\/ -->\n<title>Lit \u00e9lectrique 3 positions - YAZMED<\/title>\n<meta name=\"robots\" content=\"index, follow, max-snippet:-1, max-image-preview:large, max-video-preview:-1\" \/>\n<link rel=\"canonical\" href=\"https:\/\/yazmed.ma\/ar\/product\/lit-electrique-3-positions\/\" \/>\n<meta property=\"og:locale\" content=\"ar_AR\" \/>\n<meta property=\"og:type\" content=\"article\" \/>\n<meta property=\"og:title\" content=\"Lit \u00e9lectrique 3 positions - YAZMED\" \/>\n<meta property=\"og:description\" content=\"Lit \u00e9lectrique 3 positions avec 2 moteur.  - Plan de couchage a 4 section.  - T\u00eate et pied du lit compact et escamotable en ABS.  - 2 barri\u00e8res rabattables en aluminium.  - Rel\u00e8ve buste \u00e9lectrique, angles 75\u00b0\u00b110\u00b0.  - Rel\u00e8ve jambes \u00e9lectrique, angles 35\u00b0\u00b110\u00b0.  - Hauteur variable\u00a0:40 \u00e0\u00a0 74 cm.  - 4 roulettes avec freins.  - Livre avec potence a s\u00e9rum.  - 4 emplacements pour la potence.  - Dimension externe\u00a0: 216x95 cm.  - Dimension plan de couchage\u00a0: 192,5 x 83cm.\" \/>\n<meta property=\"og:url\" content=\"https:\/\/yazmed.ma\/ar\/product\/lit-electrique-3-positions\/\" \/>\n<meta property=\"og:site_name\" content=\"YAZMED\" \/>\n<meta property=\"article:publisher\" content=\"https:\/\/www.facebook.com\/azenkouky\" \/>\n<meta property=\"article:modified_time\" content=\"2024-12-23T19:05:57+00:00\" \/>\n<meta property=\"og:image\" content=\"https:\/\/yazmed.ma\/wp-content\/uploads\/2024\/12\/3a43ea62-1f63-4d49-bb19-aa8bedfcd4d0.jpg\" \/>\n\t<meta property=\"og:image:width\" content=\"1181\" \/>\n\t<meta property=\"og:image:height\" content=\"1181\" \/>\n\t<meta property=\"og:image:type\" content=\"image\/jpeg\" \/>\n<meta name=\"twitter:card\" content=\"summary_large_image\" \/>\n<meta name=\"twitter:label1\" content=\"Est. reading time\" \/>\n\t<meta name=\"twitter:data1\" content=\"1 minute\" \/>\n<script type=\"application\/ld+json\" class=\"yoast-schema-graph\">{\"@context\":\"https:\/\/schema.org\",\"@graph\":[{\"@type\":\"WebPage\",\"@id\":\"https:\/\/yazmed.ma\/product\/lit-electrique-3-positions\/\",\"url\":\"https:\/\/yazmed.ma\/product\/lit-electrique-3-positions\/\",\"name\":\"Lit \u00e9lectrique 3 positions - YAZMED\",\"isPartOf\":{\"@id\":\"https:\/\/yazmed.ma\/#website\"},\"primaryImageOfPage\":{\"@id\":\"https:\/\/yazmed.ma\/product\/lit-electrique-3-positions\/#primaryimage\"},\"image\":{\"@id\":\"https:\/\/yazmed.ma\/product\/lit-electrique-3-positions\/#primaryimage\"},\"thumbnailUrl\":\"https:\/\/yazmed.ma\/wp-content\/uploads\/2024\/12\/3a43ea62-1f63-4d49-bb19-aa8bedfcd4d0.jpg\",\"datePublished\":\"2024-12-23T19:05:56+00:00\",\"dateModified\":\"2024-12-23T19:05:57+00:00\",\"breadcrumb\":{\"@id\":\"https:\/\/yazmed.ma\/product\/lit-electrique-3-positions\/#breadcrumb\"},\"inLanguage\":\"ary\",\"potentialAction\":[{\"@type\":\"ReadAction\",\"target\":[\"https:\/\/yazmed.ma\/product\/lit-electrique-3-positions\/\"]}]},{\"@type\":\"ImageObject\",\"inLanguage\":\"ary\",\"@id\":\"https:\/\/yazmed.ma\/product\/lit-electrique-3-positions\/#primaryimage\",\"url\":\"https:\/\/yazmed.ma\/wp-content\/uploads\/2024\/12\/3a43ea62-1f63-4d49-bb19-aa8bedfcd4d0.jpg\",\"contentUrl\":\"https:\/\/yazmed.ma\/wp-content\/uploads\/2024\/12\/3a43ea62-1f63-4d49-bb19-aa8bedfcd4d0.jpg\",\"width\":1181,\"height\":1181,\"caption\":\"Lit \u00e9lectrique 3 positions Yazmed Maroc\"},{\"@type\":\"BreadcrumbList\",\"@id\":\"https:\/\/yazmed.ma\/product\/lit-electrique-3-positions\/#breadcrumb\",\"itemListElement\":[{\"@type\":\"ListItem\",\"position\":1,\"name\":\"Accueil\",\"item\":\"https:\/\/yazmed.ma\/\"},{\"@type\":\"ListItem\",\"position\":2,\"name\":\"Shop\",\"item\":\"https:\/\/yazmed.ma\/shop-2\/\"},{\"@type\":\"ListItem\",\"position\":3,\"name\":\"Lit \u00e9lectrique 3 positions\"}]},{\"@type\":\"WebSite\",\"@id\":\"https:\/\/yazmed.ma\/#website\",\"url\":\"https:\/\/yazmed.ma\/\",\"name\":\"Yazmed\",\"description\":\"LEADER DU MAT\u00c9RIEL M\u00c9DICAL AU MAROC\",\"publisher\":{\"@id\":\"https:\/\/yazmed.ma\/#organization\"},\"potentialAction\":[{\"@type\":\"SearchAction\",\"target\":{\"@type\":\"EntryPoint\",\"urlTemplate\":\"https:\/\/yazmed.ma\/?s={search_term_string}\"},\"query-input\":{\"@type\":\"PropertyValueSpecification\",\"valueRequired\":true,\"valueName\":\"search_term_string\"}}],\"inLanguage\":\"ary\"},{\"@type\":\"Organization\",\"@id\":\"https:\/\/yazmed.ma\/#organization\",\"name\":\"Yazmed Healthcare\",\"url\":\"https:\/\/yazmed.ma\/\",\"logo\":{\"@type\":\"ImageObject\",\"inLanguage\":\"ary\",\"@id\":\"https:\/\/yazmed.ma\/#\/schema\/logo\/image\/\",\"url\":\"https:\/\/yazmed.ma\/wp-content\/uploads\/2024\/12\/3.png\",\"contentUrl\":\"https:\/\/yazmed.ma\/wp-content\/uploads\/2024\/12\/3.png\",\"width\":250,\"height\":70,\"caption\":\"Yazmed Healthcare\"},\"image\":{\"@id\":\"https:\/\/yazmed.ma\/#\/schema\/logo\/image\/\"},\"sameAs\":[\"https:\/\/www.facebook.com\/azenkouky\",\"https:\/\/www.instagram.com\/yazmedhealthcare\",\"https:\/\/www.linkedin.com\/in\/yazmed-healthcare-1b4955295\"]}]}<\/script>\n<!-- \/ Yoast SEO plugin. -->","yoast_head_json":{"title":"Lit \u00e9lectrique 3 positions - YAZMED","robots":{"index":"index","follow":"follow","max-snippet":"max-snippet:-1","max-image-preview":"max-image-preview:large","max-video-preview":"max-video-preview:-1"},"canonical":"https:\/\/yazmed.ma\/ar\/product\/lit-electrique-3-positions\/","og_locale":"ar_AR","og_type":"article","og_title":"Lit \u00e9lectrique 3 positions - YAZMED","og_description":"Lit \u00e9lectrique 3 positions avec 2 moteur.  - Plan de couchage a 4 section.  - T\u00eate et pied du lit compact et escamotable en ABS.  - 2 barri\u00e8res rabattables en aluminium.  - Rel\u00e8ve buste \u00e9lectrique, angles 75\u00b0\u00b110\u00b0.  - Rel\u00e8ve jambes \u00e9lectrique, angles 35\u00b0\u00b110\u00b0.  - Hauteur variable\u00a0:40 \u00e0\u00a0 74 cm.  - 4 roulettes avec freins.  - Livre avec potence a s\u00e9rum.  - 4 emplacements pour la potence.  - Dimension externe\u00a0: 216x95 cm.  - Dimension plan de couchage\u00a0: 192,5 x 83cm.","og_url":"https:\/\/yazmed.ma\/ar\/product\/lit-electrique-3-positions\/","og_site_name":"YAZMED","article_publisher":"https:\/\/www.facebook.com\/azenkouky","article_modified_time":"2024-12-23T19:05:57+00:00","og_image":[{"width":1181,"height":1181,"url":"https:\/\/yazmed.ma\/wp-content\/uploads\/2024\/12\/3a43ea62-1f63-4d49-bb19-aa8bedfcd4d0.jpg","type":"image\/jpeg"}],"twitter_card":"summary_large_image","twitter_misc":{"Est. reading time":"1 minute"},"schema":{"@context":"https:\/\/schema.org","@graph":[{"@type":"WebPage","@id":"https:\/\/yazmed.ma\/product\/lit-electrique-3-positions\/","url":"https:\/\/yazmed.ma\/product\/lit-electrique-3-positions\/","name":"Lit \u00e9lectrique 3 positions - YAZMED","isPartOf":{"@id":"https:\/\/yazmed.ma\/#website"},"primaryImageOfPage":{"@id":"https:\/\/yazmed.ma\/product\/lit-electrique-3-positions\/#primaryimage"},"image":{"@id":"https:\/\/yazmed.ma\/product\/lit-electrique-3-positions\/#primaryimage"},"thumbnailUrl":"https:\/\/yazmed.ma\/wp-content\/uploads\/2024\/12\/3a43ea62-1f63-4d49-bb19-aa8bedfcd4d0.jpg","datePublished":"2024-12-23T19:05:56+00:00","dateModified":"2024-12-23T19:05:57+00:00","breadcrumb":{"@id":"https:\/\/yazmed.ma\/product\/lit-electrique-3-positions\/#breadcrumb"},"inLanguage":"ary","potentialAction":[{"@type":"ReadAction","target":["https:\/\/yazmed.ma\/product\/lit-electrique-3-positions\/"]}]},{"@type":"ImageObject","inLanguage":"ary","@id":"https:\/\/yazmed.ma\/product\/lit-electrique-3-positions\/#primaryimage","url":"https:\/\/yazmed.ma\/wp-content\/uploads\/2024\/12\/3a43ea62-1f63-4d49-bb19-aa8bedfcd4d0.jpg","contentUrl":"https:\/\/yazmed.ma\/wp-content\/uploads\/2024\/12\/3a43ea62-1f63-4d49-bb19-aa8bedfcd4d0.jpg","width":1181,"height":1181,"caption":"Lit \u00e9lectrique 3 positions Yazmed Maroc"},{"@type":"BreadcrumbList","@id":"https:\/\/yazmed.ma\/product\/lit-electrique-3-positions\/#breadcrumb","itemListElement":[{"@type":"ListItem","position":1,"name":"Accueil","item":"https:\/\/yazmed.ma\/"},{"@type":"ListItem","position":2,"name":"Shop","item":"https:\/\/yazmed.ma\/shop-2\/"},{"@type":"ListItem","position":3,"name":"Lit \u00e9lectrique 3 positions"}]},{"@type":"WebSite","@id":"https:\/\/yazmed.ma\/#website","url":"https:\/\/yazmed.ma\/","name":"Yazmed","description":"LEADER DU MAT\u00c9RIEL M\u00c9DICAL AU MAROC","publisher":{"@id":"https:\/\/yazmed.ma\/#organization"},"potentialAction":[{"@type":"SearchAction","target":{"@type":"EntryPoint","urlTemplate":"https:\/\/yazmed.ma\/?s={search_term_string}"},"query-input":{"@type":"PropertyValueSpecification","valueRequired":true,"valueName":"search_term_string"}}],"inLanguage":"ary"},{"@type":"Organization","@id":"https:\/\/yazmed.ma\/#organization","name":"Yazmed Healthcare","url":"https:\/\/yazmed.ma\/","logo":{"@type":"ImageObject","inLanguage":"ary","@id":"https:\/\/yazmed.ma\/#\/schema\/logo\/image\/","url":"https:\/\/yazmed.ma\/wp-content\/uploads\/2024\/12\/3.png","contentUrl":"https:\/\/yazmed.ma\/wp-content\/uploads\/2024\/12\/3.png","width":250,"height":70,"caption":"Yazmed Healthcare"},"image":{"@id":"https:\/\/yazmed.ma\/#\/schema\/logo\/image\/"},"sameAs":["https:\/\/www.facebook.com\/azenkouky","https:\/\/www.instagram.com\/yazmedhealthcare","https:\/\/www.linkedin.com\/in\/yazmed-healthcare-1b4955295"]}]}},"_links":{"self":[{"href":"https:\/\/yazmed.ma\/ar\/wp-json\/wp\/v2\/product\/1305","targetHints":{"allow":["GET"]}}],"collection":[{"href":"https:\/\/yazmed.ma\/ar\/wp-json\/wp\/v2\/product"}],"about":[{"href":"https:\/\/yazmed.ma\/ar\/wp-json\/wp\/v2\/types\/product"}],"replies":[{"embeddable":true,"href":"https:\/\/yazmed.ma\/ar\/wp-json\/wp\/v2\/comments?post=1305"}],"version-history":[{"count":0,"href":"https:\/\/yazmed.ma\/ar\/wp-json\/wp\/v2\/product\/1305\/revisions"}],"wp:featuredmedia":[{"embeddable":true,"href":"https:\/\/yazmed.ma\/ar\/wp-json\/wp\/v2\/media\/1306"}],"wp:attachment":[{"href":"https:\/\/yazmed.ma\/ar\/wp-json\/wp\/v2\/media?parent=1305"}],"wp:term":[{"taxonomy":"product_brand","embeddable":true,"href":"https:\/\/yazmed.ma\/ar\/wp-json\/wp\/v2\/product_brand?post=1305"},{"taxonomy":"product_cat","embeddable":true,"href":"https:\/\/yazmed.ma\/ar\/wp-json\/wp\/v2\/product_cat?post=1305"},{"taxonomy":"product_tag","embeddable":true,"href":"https:\/\/yazmed.ma\/ar\/wp-json\/wp\/v2\/product_tag?post=1305"}],"curies":[{"name":"wp","href":"https:\/\/api.w.org\/{rel}","templated":true}]}}