{"id":1290,"date":"2024-12-23T15:13:46","date_gmt":"2024-12-23T15:13:46","guid":{"rendered":"https:\/\/yazmed.ma\/?post_type=product&#038;p=1290"},"modified":"2026-02-13T18:04:20","modified_gmt":"2026-02-13T18:04:20","slug":"bistouri-electrique-de-120w-mono-et-bipolaire","status":"publish","type":"product","link":"https:\/\/yazmed.ma\/ar\/product\/bistouri-electrique-de-120w-mono-et-bipolaire\/","title":{"rendered":"Bistouri Electrique 120W Mono et Bipolaire &#8211; Surtron"},"content":{"rendered":"<p><img decoding=\"async\" class=\"emoji\" role=\"img\" draggable=\"false\" src=\"https:\/\/s.w.org\/images\/core\/emoji\/16.0.1\/svg\/2705.svg\" alt=\"\u2705\" \/>\u00a0Surtron 120, le\u00a0<a class=\"pstg-item-link pstg-theme- tooltipstered\" href=\"https:\/\/www.pmd-medical.com\/glossaire\/item\/bistouri-electrique\" target=\"_blank\" rel=\"noopener\">bistouri \u00e9lectrique<\/a>\u00a0<a href=\"https:\/\/www.pmd-medical.com\/marque\/led-spa-76\" target=\"_blank\" rel=\"noopener\">L.E.D<\/a> rempla\u00e7ant du Coagulasem et du Statom pens\u00e9 pour utilisation rapide et efficace, pour de nombreuses sp\u00e9cialit\u00e9s\u00a0 \u00a0 \u00a0 m\u00e9dicales.<\/p>\n<ul>\n<li>Bistouri \u00e9lectrique bipolaire monopolaire<\/li>\n<li>Livr\u00e9 avec ses accessoires,<\/li>\n<li>Puissance de coupe jusqu&rsquo;\u00e0 120 W,<\/li>\n<li>Niveau sonore d&rsquo;avertissement d&rsquo;\u00e9mission r\u00e9glable.<\/li>\n<li>Garantie 2 ans.<\/li>\n<li>Puissance maximale de coupe CUT : 120W-250\u03a9<\/li>\n<li>Puissance maximale de coupe\/coagulation BLEND : 90W-200\u03a9<\/li>\n<li>Puissance maximale de coagulation FORCED COAG : 80W-150\u03a9<\/li>\n<li>Puissance maximale de coagulation SOFT COAG : 60W-100\u03a9<\/li>\n<li>Puissance maximale de coagulation BIPOLAR : 40W-100\u03a9<\/li>\n<li>Fr\u00e9quence de travail : 600 kHz<\/li>\n<li>\u00c9lectrode neutre<\/li>\n<li>R\u00e9seau s\u00e9lectionnable : 115\/230 Vac<\/li>\n<li>Fr\u00e9quence de r\u00e9seau : 50-60 Hz<\/li>\n<li>Puissance maximum absorb\u00e9e : 300 VA<\/li>\n<li>Circuit de contr\u00f4le Plaque \/ Patient OC<\/li>\n<li>Contr\u00f4le de puissance \u00e9mise<\/li>\n<li>Autodiagnostic erron\u00e9s<\/li>\n<li>Dimension L 254 x H 104 x P 288 mm.<\/li>\n<li>Poids 5 kg.<\/li>\n<li><strong><img decoding=\"async\" class=\"emoji\" role=\"img\" draggable=\"false\" src=\"https:\/\/s.w.org\/images\/core\/emoji\/16.0.1\/svg\/2705.svg\" alt=\"\u2705\" \/>\u00a0Livr\u00e9 complet avec :<\/strong><br \/>\n&#8211; Porte-\u00e9lectrode multiusage,<br \/>\n&#8211; Kit de 10 \u00e9lectrodes assorties 5cm,<br \/>\n&#8211; P\u00e9dale de contact,<br \/>\n&#8211; C\u00e2ble pour connexion \u00e9lectrode neutre,<br \/>\n&#8211; \u00c9lectrode neutre acier,<br \/>\n&#8211; C\u00e2ble d&rsquo;alimentation 2m,<br \/>\n&#8211; Manuel d&rsquo;utilisation.<\/li>\n<\/ul>\n<p>#petite_chirurgie#circoncision#p\u00e9diatrie#v\u00e9t\u00e9rinaire#clinique#dermatologie#esth\u00e9tique<\/p>\n<p><img decoding=\"async\" class=\"\" src=\"https:\/\/www.pmd-medical.com\/img\/m\/76.jpg\" alt=\"L.E.D. Spa\" width=\"146\" height=\"52\" \/><\/p>","protected":false},"excerpt":{"rendered":"<h2><strong><a class=\"pstg-item-link pstg-theme- tooltipstered\" href=\"https:\/\/www.pmd-medical.com\/glossaire\/item\/bistouri-electrique\">Bistouri \u00e9lectrique<\/a>\u00a0Surtron 120\u2122<\/strong><\/h2>\n<p><strong>Un bistouri \u00e9lectrique compact aux grandes performances<\/strong><\/p>\n<p>Le bistouri \u00e9lectrique Surtron 120 a \u00e9t\u00e9 con\u00e7u pour s\u2019adapter \u00e0 un grand nombre de secteurs\u00a0: chirurgie ambulatoire, vasculaire, dermatologie, gyn\u00e9cologie, odontologie, ORL, poste de secours et v\u00e9t\u00e9rinaire. Son usage a \u00e9t\u00e9 pr\u00e9vu pour une utilisation rapide et efficace en mode monopolaire pour la coupe\/coupe coagul\u00e9e ou coagulation ou en mode bipolaire pour la coagulation. Complet, ce bistouri \u00e9lectrique inclut de nombreux accessoires et connecteurs correspondants\u00a0:<\/p>\n<ul>\n<li>1 c\u00e2ble alimentation 2MT 3&#215;1 mm SIE-IEC<\/li>\n<li>1 c\u00e2ble pour la connexion d\u2019\u00e9lectrode neutre type monopolaire<\/li>\n<li>1 \u00e9lectrode neutre acier 120 x 160 mm<\/li>\n<li>1 kit d\u2019\u00e9lectrodes assorties 10 pz 5 cm<\/li>\n<li>1 p\u00e9dale unique non \u00e9tanche<\/li>\n<\/ul>\n<p>Cet appareil m\u00e9dical se commande au moyen de poussoirs et d\u2019indicateurs plac\u00e9s sur le panneau avant. Il vous signale tous dommages ou erreurs possibles d\u00e9tect\u00e9es. Les param\u00e8tres op\u00e9ratoires utilis\u00e9s sont constamment enregistr\u00e9s de sorte que le dernier param\u00e8tre est m\u00e9moris\u00e9. Le niveau sonore d\u2019avertissement d\u2019\u00e9mission peut \u00eatre modifi\u00e9 selon vos envies.<\/p>\n<p>MADE IN ITALY<\/p>\n<p>MARQUE<\/p>\n<p><img decoding=\"async\" src=\"https:\/\/www.pmd-medical.com\/img\/m\/76.jpg\" alt=\"L.E.D. Spa\" \/><\/p>","protected":false},"featured_media":1857,"comment_status":"open","ping_status":"closed","template":"","meta":[],"product_brand":[],"product_cat":[16,51,50],"product_tag":[],"class_list":{"0":"post-1290","1":"product","2":"type-product","3":"status-publish","4":"has-post-thumbnail","6":"product_cat-toutes-les-categories","7":"product_cat-bloc-et-reanimation","8":"product_cat-appareillages-diagnostic","10":"first","11":"instock","12":"taxable","13":"shipping-taxable","14":"purchasable","15":"product-type-variable"},"yoast_head":"<!-- This site is optimized with the Yoast SEO plugin v26.9 - https:\/\/yoast.com\/product\/yoast-seo-wordpress\/ -->\n<title>Bistouri Electrique 120W Mono et Bipolaire - Surtron - YAZMED<\/title>\n<meta name=\"robots\" content=\"index, follow, max-snippet:-1, max-image-preview:large, max-video-preview:-1\" \/>\n<link rel=\"canonical\" href=\"https:\/\/yazmed.ma\/ar\/product\/bistouri-electrique-de-120w-mono-et-bipolaire\/\" \/>\n<meta property=\"og:locale\" content=\"ar_AR\" \/>\n<meta property=\"og:type\" content=\"article\" \/>\n<meta property=\"og:title\" content=\"Bistouri Electrique 120W Mono et Bipolaire - Surtron - YAZMED\" \/>\n<meta property=\"og:description\" content=\"Bistouri \u00e9lectrique\u00a0Surtron 120\u2122 Un bistouri \u00e9lectrique compact aux grandes performances  Le bistouri \u00e9lectrique Surtron 120 a \u00e9t\u00e9 con\u00e7u pour s\u2019adapter \u00e0 un grand nombre de secteurs\u00a0: chirurgie ambulatoire, vasculaire, dermatologie, gyn\u00e9cologie, odontologie, ORL, poste de secours et v\u00e9t\u00e9rinaire. Son usage a \u00e9t\u00e9 pr\u00e9vu pour une utilisation rapide et efficace en mode monopolaire pour la coupe\/coupe coagul\u00e9e ou coagulation ou en mode bipolaire pour la coagulation. Complet, ce bistouri \u00e9lectrique inclut de nombreux accessoires et connecteurs correspondants\u00a0:   1 c\u00e2ble alimentation 2MT 3x1 mm SIE-IEC  1 c\u00e2ble pour la connexion d\u2019\u00e9lectrode neutre type monopolaire  1 \u00e9lectrode neutre acier 120 x 160 mm  1 kit d\u2019\u00e9lectrodes assorties 10 pz 5 cm  1 p\u00e9dale unique non \u00e9tanche  Cet appareil m\u00e9dical se commande au moyen de poussoirs et d\u2019indicateurs plac\u00e9s sur le panneau avant. Il vous signale tous dommages ou erreurs possibles d\u00e9tect\u00e9es. Les param\u00e8tres op\u00e9ratoires utilis\u00e9s sont constamment enregistr\u00e9s de sorte que le dernier param\u00e8tre est m\u00e9moris\u00e9. Le niveau sonore d\u2019avertissement d\u2019\u00e9mission peut \u00eatre modifi\u00e9 selon vos envies.  MADE IN ITALY  MARQUE\" \/>\n<meta property=\"og:url\" content=\"https:\/\/yazmed.ma\/ar\/product\/bistouri-electrique-de-120w-mono-et-bipolaire\/\" \/>\n<meta property=\"og:site_name\" content=\"YAZMED\" \/>\n<meta property=\"article:publisher\" content=\"https:\/\/www.facebook.com\/azenkouky\" \/>\n<meta property=\"article:modified_time\" content=\"2026-02-13T18:04:20+00:00\" \/>\n<meta property=\"og:image\" content=\"https:\/\/yazmed.ma\/wp-content\/uploads\/2024\/12\/Design-sans-titre-33.png\" \/>\n\t<meta property=\"og:image:width\" content=\"570\" \/>\n\t<meta property=\"og:image:height\" content=\"517\" \/>\n\t<meta property=\"og:image:type\" content=\"image\/png\" \/>\n<meta name=\"twitter:card\" content=\"summary_large_image\" \/>\n<meta name=\"twitter:label1\" content=\"Est. reading time\" \/>\n\t<meta name=\"twitter:data1\" content=\"2 minutes\" \/>\n<script type=\"application\/ld+json\" class=\"yoast-schema-graph\">{\"@context\":\"https:\/\/schema.org\",\"@graph\":[{\"@type\":\"WebPage\",\"@id\":\"https:\/\/yazmed.ma\/product\/bistouri-electrique-de-120w-mono-et-bipolaire\/\",\"url\":\"https:\/\/yazmed.ma\/product\/bistouri-electrique-de-120w-mono-et-bipolaire\/\",\"name\":\"Bistouri Electrique 120W Mono et Bipolaire - Surtron - YAZMED\",\"isPartOf\":{\"@id\":\"https:\/\/yazmed.ma\/#website\"},\"primaryImageOfPage\":{\"@id\":\"https:\/\/yazmed.ma\/product\/bistouri-electrique-de-120w-mono-et-bipolaire\/#primaryimage\"},\"image\":{\"@id\":\"https:\/\/yazmed.ma\/product\/bistouri-electrique-de-120w-mono-et-bipolaire\/#primaryimage\"},\"thumbnailUrl\":\"https:\/\/yazmed.ma\/wp-content\/uploads\/2024\/12\/Design-sans-titre-33.png\",\"datePublished\":\"2024-12-23T15:13:46+00:00\",\"dateModified\":\"2026-02-13T18:04:20+00:00\",\"breadcrumb\":{\"@id\":\"https:\/\/yazmed.ma\/product\/bistouri-electrique-de-120w-mono-et-bipolaire\/#breadcrumb\"},\"inLanguage\":\"ary\",\"potentialAction\":[{\"@type\":\"ReadAction\",\"target\":[\"https:\/\/yazmed.ma\/product\/bistouri-electrique-de-120w-mono-et-bipolaire\/\"]}]},{\"@type\":\"ImageObject\",\"inLanguage\":\"ary\",\"@id\":\"https:\/\/yazmed.ma\/product\/bistouri-electrique-de-120w-mono-et-bipolaire\/#primaryimage\",\"url\":\"https:\/\/yazmed.ma\/wp-content\/uploads\/2024\/12\/Design-sans-titre-33.png\",\"contentUrl\":\"https:\/\/yazmed.ma\/wp-content\/uploads\/2024\/12\/Design-sans-titre-33.png\",\"width\":570,\"height\":517,\"caption\":\"Bistouri \u00e9lectrique de chirurgie 120W Mono et Bipolaire \u2013 Surtron Yazmed Maroc\"},{\"@type\":\"BreadcrumbList\",\"@id\":\"https:\/\/yazmed.ma\/product\/bistouri-electrique-de-120w-mono-et-bipolaire\/#breadcrumb\",\"itemListElement\":[{\"@type\":\"ListItem\",\"position\":1,\"name\":\"Accueil\",\"item\":\"https:\/\/yazmed.ma\/\"},{\"@type\":\"ListItem\",\"position\":2,\"name\":\"Shop\",\"item\":\"https:\/\/yazmed.ma\/shop-2\/\"},{\"@type\":\"ListItem\",\"position\":3,\"name\":\"Bistouri Electrique 120W Mono et Bipolaire &#8211; Surtron\"}]},{\"@type\":\"WebSite\",\"@id\":\"https:\/\/yazmed.ma\/#website\",\"url\":\"https:\/\/yazmed.ma\/\",\"name\":\"Yazmed\",\"description\":\"LEADER DU MAT\u00c9RIEL M\u00c9DICAL AU MAROC\",\"publisher\":{\"@id\":\"https:\/\/yazmed.ma\/#organization\"},\"potentialAction\":[{\"@type\":\"SearchAction\",\"target\":{\"@type\":\"EntryPoint\",\"urlTemplate\":\"https:\/\/yazmed.ma\/?s={search_term_string}\"},\"query-input\":{\"@type\":\"PropertyValueSpecification\",\"valueRequired\":true,\"valueName\":\"search_term_string\"}}],\"inLanguage\":\"ary\"},{\"@type\":\"Organization\",\"@id\":\"https:\/\/yazmed.ma\/#organization\",\"name\":\"Yazmed Healthcare\",\"url\":\"https:\/\/yazmed.ma\/\",\"logo\":{\"@type\":\"ImageObject\",\"inLanguage\":\"ary\",\"@id\":\"https:\/\/yazmed.ma\/#\/schema\/logo\/image\/\",\"url\":\"https:\/\/yazmed.ma\/wp-content\/uploads\/2024\/12\/3.png\",\"contentUrl\":\"https:\/\/yazmed.ma\/wp-content\/uploads\/2024\/12\/3.png\",\"width\":250,\"height\":70,\"caption\":\"Yazmed Healthcare\"},\"image\":{\"@id\":\"https:\/\/yazmed.ma\/#\/schema\/logo\/image\/\"},\"sameAs\":[\"https:\/\/www.facebook.com\/azenkouky\",\"https:\/\/www.instagram.com\/yazmedhealthcare\",\"https:\/\/www.linkedin.com\/in\/yazmed-healthcare-1b4955295\"]}]}<\/script>\n<!-- \/ Yoast SEO plugin. -->","yoast_head_json":{"title":"Bistouri Electrique 120W Mono et Bipolaire - Surtron - YAZMED","robots":{"index":"index","follow":"follow","max-snippet":"max-snippet:-1","max-image-preview":"max-image-preview:large","max-video-preview":"max-video-preview:-1"},"canonical":"https:\/\/yazmed.ma\/ar\/product\/bistouri-electrique-de-120w-mono-et-bipolaire\/","og_locale":"ar_AR","og_type":"article","og_title":"Bistouri Electrique 120W Mono et Bipolaire - Surtron - YAZMED","og_description":"Bistouri \u00e9lectrique\u00a0Surtron 120\u2122 Un bistouri \u00e9lectrique compact aux grandes performances  Le bistouri \u00e9lectrique Surtron 120 a \u00e9t\u00e9 con\u00e7u pour s\u2019adapter \u00e0 un grand nombre de secteurs\u00a0: chirurgie ambulatoire, vasculaire, dermatologie, gyn\u00e9cologie, odontologie, ORL, poste de secours et v\u00e9t\u00e9rinaire. Son usage a \u00e9t\u00e9 pr\u00e9vu pour une utilisation rapide et efficace en mode monopolaire pour la coupe\/coupe coagul\u00e9e ou coagulation ou en mode bipolaire pour la coagulation. Complet, ce bistouri \u00e9lectrique inclut de nombreux accessoires et connecteurs correspondants\u00a0:   1 c\u00e2ble alimentation 2MT 3x1 mm SIE-IEC  1 c\u00e2ble pour la connexion d\u2019\u00e9lectrode neutre type monopolaire  1 \u00e9lectrode neutre acier 120 x 160 mm  1 kit d\u2019\u00e9lectrodes assorties 10 pz 5 cm  1 p\u00e9dale unique non \u00e9tanche  Cet appareil m\u00e9dical se commande au moyen de poussoirs et d\u2019indicateurs plac\u00e9s sur le panneau avant. Il vous signale tous dommages ou erreurs possibles d\u00e9tect\u00e9es. Les param\u00e8tres op\u00e9ratoires utilis\u00e9s sont constamment enregistr\u00e9s de sorte que le dernier param\u00e8tre est m\u00e9moris\u00e9. Le niveau sonore d\u2019avertissement d\u2019\u00e9mission peut \u00eatre modifi\u00e9 selon vos envies.  MADE IN ITALY  MARQUE","og_url":"https:\/\/yazmed.ma\/ar\/product\/bistouri-electrique-de-120w-mono-et-bipolaire\/","og_site_name":"YAZMED","article_publisher":"https:\/\/www.facebook.com\/azenkouky","article_modified_time":"2026-02-13T18:04:20+00:00","og_image":[{"width":570,"height":517,"url":"https:\/\/yazmed.ma\/wp-content\/uploads\/2024\/12\/Design-sans-titre-33.png","type":"image\/png"}],"twitter_card":"summary_large_image","twitter_misc":{"Est. reading time":"2 minutes"},"schema":{"@context":"https:\/\/schema.org","@graph":[{"@type":"WebPage","@id":"https:\/\/yazmed.ma\/product\/bistouri-electrique-de-120w-mono-et-bipolaire\/","url":"https:\/\/yazmed.ma\/product\/bistouri-electrique-de-120w-mono-et-bipolaire\/","name":"Bistouri Electrique 120W Mono et Bipolaire - Surtron - YAZMED","isPartOf":{"@id":"https:\/\/yazmed.ma\/#website"},"primaryImageOfPage":{"@id":"https:\/\/yazmed.ma\/product\/bistouri-electrique-de-120w-mono-et-bipolaire\/#primaryimage"},"image":{"@id":"https:\/\/yazmed.ma\/product\/bistouri-electrique-de-120w-mono-et-bipolaire\/#primaryimage"},"thumbnailUrl":"https:\/\/yazmed.ma\/wp-content\/uploads\/2024\/12\/Design-sans-titre-33.png","datePublished":"2024-12-23T15:13:46+00:00","dateModified":"2026-02-13T18:04:20+00:00","breadcrumb":{"@id":"https:\/\/yazmed.ma\/product\/bistouri-electrique-de-120w-mono-et-bipolaire\/#breadcrumb"},"inLanguage":"ary","potentialAction":[{"@type":"ReadAction","target":["https:\/\/yazmed.ma\/product\/bistouri-electrique-de-120w-mono-et-bipolaire\/"]}]},{"@type":"ImageObject","inLanguage":"ary","@id":"https:\/\/yazmed.ma\/product\/bistouri-electrique-de-120w-mono-et-bipolaire\/#primaryimage","url":"https:\/\/yazmed.ma\/wp-content\/uploads\/2024\/12\/Design-sans-titre-33.png","contentUrl":"https:\/\/yazmed.ma\/wp-content\/uploads\/2024\/12\/Design-sans-titre-33.png","width":570,"height":517,"caption":"Bistouri \u00e9lectrique de chirurgie 120W Mono et Bipolaire \u2013 Surtron Yazmed Maroc"},{"@type":"BreadcrumbList","@id":"https:\/\/yazmed.ma\/product\/bistouri-electrique-de-120w-mono-et-bipolaire\/#breadcrumb","itemListElement":[{"@type":"ListItem","position":1,"name":"Accueil","item":"https:\/\/yazmed.ma\/"},{"@type":"ListItem","position":2,"name":"Shop","item":"https:\/\/yazmed.ma\/shop-2\/"},{"@type":"ListItem","position":3,"name":"Bistouri Electrique 120W Mono et Bipolaire &#8211; Surtron"}]},{"@type":"WebSite","@id":"https:\/\/yazmed.ma\/#website","url":"https:\/\/yazmed.ma\/","name":"Yazmed","description":"LEADER DU MAT\u00c9RIEL M\u00c9DICAL AU MAROC","publisher":{"@id":"https:\/\/yazmed.ma\/#organization"},"potentialAction":[{"@type":"SearchAction","target":{"@type":"EntryPoint","urlTemplate":"https:\/\/yazmed.ma\/?s={search_term_string}"},"query-input":{"@type":"PropertyValueSpecification","valueRequired":true,"valueName":"search_term_string"}}],"inLanguage":"ary"},{"@type":"Organization","@id":"https:\/\/yazmed.ma\/#organization","name":"Yazmed Healthcare","url":"https:\/\/yazmed.ma\/","logo":{"@type":"ImageObject","inLanguage":"ary","@id":"https:\/\/yazmed.ma\/#\/schema\/logo\/image\/","url":"https:\/\/yazmed.ma\/wp-content\/uploads\/2024\/12\/3.png","contentUrl":"https:\/\/yazmed.ma\/wp-content\/uploads\/2024\/12\/3.png","width":250,"height":70,"caption":"Yazmed Healthcare"},"image":{"@id":"https:\/\/yazmed.ma\/#\/schema\/logo\/image\/"},"sameAs":["https:\/\/www.facebook.com\/azenkouky","https:\/\/www.instagram.com\/yazmedhealthcare","https:\/\/www.linkedin.com\/in\/yazmed-healthcare-1b4955295"]}]}},"_links":{"self":[{"href":"https:\/\/yazmed.ma\/ar\/wp-json\/wp\/v2\/product\/1290","targetHints":{"allow":["GET"]}}],"collection":[{"href":"https:\/\/yazmed.ma\/ar\/wp-json\/wp\/v2\/product"}],"about":[{"href":"https:\/\/yazmed.ma\/ar\/wp-json\/wp\/v2\/types\/product"}],"replies":[{"embeddable":true,"href":"https:\/\/yazmed.ma\/ar\/wp-json\/wp\/v2\/comments?post=1290"}],"version-history":[{"count":1,"href":"https:\/\/yazmed.ma\/ar\/wp-json\/wp\/v2\/product\/1290\/revisions"}],"predecessor-version":[{"id":2919,"href":"https:\/\/yazmed.ma\/ar\/wp-json\/wp\/v2\/product\/1290\/revisions\/2919"}],"wp:featuredmedia":[{"embeddable":true,"href":"https:\/\/yazmed.ma\/ar\/wp-json\/wp\/v2\/media\/1857"}],"wp:attachment":[{"href":"https:\/\/yazmed.ma\/ar\/wp-json\/wp\/v2\/media?parent=1290"}],"wp:term":[{"taxonomy":"product_brand","embeddable":true,"href":"https:\/\/yazmed.ma\/ar\/wp-json\/wp\/v2\/product_brand?post=1290"},{"taxonomy":"product_cat","embeddable":true,"href":"https:\/\/yazmed.ma\/ar\/wp-json\/wp\/v2\/product_cat?post=1290"},{"taxonomy":"product_tag","embeddable":true,"href":"https:\/\/yazmed.ma\/ar\/wp-json\/wp\/v2\/product_tag?post=1290"}],"curies":[{"name":"wp","href":"https:\/\/api.w.org\/{rel}","templated":true}]}}