{"id":1287,"date":"2024-12-23T14:53:45","date_gmt":"2024-12-23T14:53:45","guid":{"rendered":"https:\/\/yazmed.ma\/?post_type=product&#038;p=1287"},"modified":"2025-06-21T18:07:51","modified_gmt":"2025-06-21T18:07:51","slug":"bistouri-electrique-de-chirurgie-mono-et-bipolaire-100w","status":"publish","type":"product","link":"https:\/\/yazmed.ma\/ar\/product\/bistouri-electrique-de-chirurgie-mono-et-bipolaire-100w\/","title":{"rendered":"Bistouri \u00e9lectrique de chirurgie mono et bipolaire 100W"},"content":{"rendered":"<ul>\n<li>Contr\u00f4l\u00e9 par microprocesseur<\/li>\n<li>Puissance de sortie 100 W<\/li>\n<li>5+1 modes d\u2019op\u00e9ration :<\/li>\n<li>R\u00e9glages de puissance ind\u00e9pendants pour chaque mode<\/li>\n<li>Sauvegarde des derniers r\u00e9glages de puissance<\/li>\n<li>Indicateurs de puissance incorrecte et de surchauffe<\/li>\n<\/ul>\n<p><strong>Accessoires fournis :\u00a0<\/strong><\/p>\n<p>1 poign\u00e9e d&rsquo;interrupteur \u00e0 doigt r\u00e9utilisable avec c\u00e2ble de 3 m<\/p>\n<p>7 \u00e9lectrodes monopolaires<\/p>\n<p>1 \u00e9lectrode neutre r\u00e9utilisable avec c\u00e2ble de 3 m<\/p>\n<p>1 pince bipolaire<\/p>\n<p>1 c\u00e2ble bipolaire de 3 m<\/p>\n<p>1 p\u00e9dale de commande double<\/p>\n<p>manuel d&rsquo;utilisation<\/p>","protected":false},"excerpt":{"rendered":"<h4>\u00a0 \u00a0 \u00a0 \u00a0 \u00a0Bistouri \u00e9lectrique de chirurgie mono et bipolaire 100W<\/h4>\n<ul>\n<li>\n<h5>intelligent, fonctionnel et complet, contr\u00f4l\u00e9 par microprocesseur<\/h5>\n<\/li>\n<li>\n<h5>unit\u00e9 de chirurgie par radiofr\u00e9quence 4MHz \u00e0 la pointe de la technologie<\/h5>\n<\/li>\n<li>\n<h5>Puissance de sortie maximale de 100 W<\/h5>\n<\/li>\n<li>\n<h5>R\u00e9glage de la puissance ind\u00e9pendant pour chaque mode<\/h5>\n<\/li>\n<li>\n<h5>5+1 modes de fonctionnement : &#8211; coupe douce &#8211; coupe avec degr\u00e9 de coagulation accru &#8211; coagulation par contact &#8211; coagulation par pulv\u00e9risation &#8211; coagulation bipolaire et micro bipolaire<\/h5>\n<\/li>\n<li>\n<h5>capteurs de surchauffe (OH) et de coupure de courant (PF)<\/h5>\n<\/li>\n<li>\n<h5>contr\u00f4le d&rsquo;\u00e9tat sur le panneau frontal<\/h5>\n<\/li>\n<li>\n<h5>coupure automatique et imm\u00e9diate de la puissance de sortie si les param\u00e8tres contr\u00f4l\u00e9s sont hors norme<\/h5>\n<\/li>\n<li>\n<h5>alarme sonore si les param\u00e8tres contr\u00f4l\u00e9s sont hors norme<\/h5>\n<\/li>\n<li>\n<h5>APPLICATION : CHIRURGIE MINORALE et MOYENNE o\u00f9 une coupe fine et une coagulation douce sont souhait\u00e9es<\/h5>\n<\/li>\n<li>\n<h5>UTILISATION : En dermatologie, dans les cabinets d&rsquo;ORL, dans les cliniques v\u00e9t\u00e9rinaires<\/h5>\n<\/li>\n<\/ul>","protected":false},"featured_media":1885,"comment_status":"open","ping_status":"closed","template":"","meta":[],"product_brand":[],"product_cat":[50],"product_tag":[100],"class_list":{"0":"post-1287","1":"product","2":"type-product","3":"status-publish","4":"has-post-thumbnail","6":"product_cat-appareillages-diagnostic","7":"product_tag-bistouri-electrique","9":"first","10":"instock","11":"taxable","12":"shipping-taxable","13":"product-type-simple"},"yoast_head":"<!-- This site is optimized with the Yoast SEO plugin v26.9 - https:\/\/yoast.com\/product\/yoast-seo-wordpress\/ -->\n<title>Bistouri \u00e9lectrique de chirurgie mono et bipolaire 100W - YAZMED<\/title>\n<meta name=\"robots\" content=\"index, follow, max-snippet:-1, max-image-preview:large, max-video-preview:-1\" \/>\n<link rel=\"canonical\" href=\"https:\/\/yazmed.ma\/ar\/product\/bistouri-electrique-de-chirurgie-mono-et-bipolaire-100w\/\" \/>\n<meta property=\"og:locale\" content=\"ar_AR\" \/>\n<meta property=\"og:type\" content=\"article\" \/>\n<meta property=\"og:title\" content=\"Bistouri \u00e9lectrique de chirurgie mono et bipolaire 100W - YAZMED\" \/>\n<meta property=\"og:description\" content=\"\u00a0 \u00a0 \u00a0 \u00a0 \u00a0Bistouri \u00e9lectrique de chirurgie mono et bipolaire 100W    intelligent, fonctionnel et complet, contr\u00f4l\u00e9 par microprocesseur    unit\u00e9 de chirurgie par radiofr\u00e9quence 4MHz \u00e0 la pointe de la technologie    Puissance de sortie maximale de 100 W    R\u00e9glage de la puissance ind\u00e9pendant pour chaque mode    5+1 modes de fonctionnement : - coupe douce - coupe avec degr\u00e9 de coagulation accru - coagulation par contact - coagulation par pulv\u00e9risation - coagulation bipolaire et micro bipolaire    capteurs de surchauffe (OH) et de coupure de courant (PF)    contr\u00f4le d&#039;\u00e9tat sur le panneau frontal    coupure automatique et imm\u00e9diate de la puissance de sortie si les param\u00e8tres contr\u00f4l\u00e9s sont hors norme    alarme sonore si les param\u00e8tres contr\u00f4l\u00e9s sont hors norme    APPLICATION : CHIRURGIE MINORALE et MOYENNE o\u00f9 une coupe fine et une coagulation douce sont souhait\u00e9es    UTILISATION : En dermatologie, dans les cabinets d&#039;ORL, dans les cliniques v\u00e9t\u00e9rinaires\" \/>\n<meta property=\"og:url\" content=\"https:\/\/yazmed.ma\/ar\/product\/bistouri-electrique-de-chirurgie-mono-et-bipolaire-100w\/\" \/>\n<meta property=\"og:site_name\" content=\"YAZMED\" \/>\n<meta property=\"article:publisher\" content=\"https:\/\/www.facebook.com\/azenkouky\" \/>\n<meta property=\"article:modified_time\" content=\"2025-06-21T18:07:51+00:00\" \/>\n<meta property=\"og:image\" content=\"https:\/\/yazmed.ma\/wp-content\/uploads\/2024\/12\/Design-sans-titre-62.png\" \/>\n\t<meta property=\"og:image:width\" content=\"570\" \/>\n\t<meta property=\"og:image:height\" content=\"517\" \/>\n\t<meta property=\"og:image:type\" content=\"image\/png\" \/>\n<meta name=\"twitter:card\" content=\"summary_large_image\" \/>\n<meta name=\"twitter:label1\" content=\"Est. reading time\" \/>\n\t<meta name=\"twitter:data1\" content=\"1 minute\" \/>\n<script type=\"application\/ld+json\" class=\"yoast-schema-graph\">{\"@context\":\"https:\/\/schema.org\",\"@graph\":[{\"@type\":\"WebPage\",\"@id\":\"https:\/\/yazmed.ma\/product\/bistouri-electrique-de-chirurgie-mono-et-bipolaire-100w\/\",\"url\":\"https:\/\/yazmed.ma\/product\/bistouri-electrique-de-chirurgie-mono-et-bipolaire-100w\/\",\"name\":\"Bistouri \u00e9lectrique de chirurgie mono et bipolaire 100W - YAZMED\",\"isPartOf\":{\"@id\":\"https:\/\/yazmed.ma\/#website\"},\"primaryImageOfPage\":{\"@id\":\"https:\/\/yazmed.ma\/product\/bistouri-electrique-de-chirurgie-mono-et-bipolaire-100w\/#primaryimage\"},\"image\":{\"@id\":\"https:\/\/yazmed.ma\/product\/bistouri-electrique-de-chirurgie-mono-et-bipolaire-100w\/#primaryimage\"},\"thumbnailUrl\":\"https:\/\/yazmed.ma\/wp-content\/uploads\/2024\/12\/Design-sans-titre-62.png\",\"datePublished\":\"2024-12-23T14:53:45+00:00\",\"dateModified\":\"2025-06-21T18:07:51+00:00\",\"breadcrumb\":{\"@id\":\"https:\/\/yazmed.ma\/product\/bistouri-electrique-de-chirurgie-mono-et-bipolaire-100w\/#breadcrumb\"},\"inLanguage\":\"ary\",\"potentialAction\":[{\"@type\":\"ReadAction\",\"target\":[\"https:\/\/yazmed.ma\/product\/bistouri-electrique-de-chirurgie-mono-et-bipolaire-100w\/\"]}]},{\"@type\":\"ImageObject\",\"inLanguage\":\"ary\",\"@id\":\"https:\/\/yazmed.ma\/product\/bistouri-electrique-de-chirurgie-mono-et-bipolaire-100w\/#primaryimage\",\"url\":\"https:\/\/yazmed.ma\/wp-content\/uploads\/2024\/12\/Design-sans-titre-62.png\",\"contentUrl\":\"https:\/\/yazmed.ma\/wp-content\/uploads\/2024\/12\/Design-sans-titre-62.png\",\"width\":570,\"height\":517,\"caption\":\"Bistouri \u00e9lectrique de chirurgie mono et bipolaire 100W Yazmed Maroc\"},{\"@type\":\"BreadcrumbList\",\"@id\":\"https:\/\/yazmed.ma\/product\/bistouri-electrique-de-chirurgie-mono-et-bipolaire-100w\/#breadcrumb\",\"itemListElement\":[{\"@type\":\"ListItem\",\"position\":1,\"name\":\"Accueil\",\"item\":\"https:\/\/yazmed.ma\/\"},{\"@type\":\"ListItem\",\"position\":2,\"name\":\"Shop\",\"item\":\"https:\/\/yazmed.ma\/shop-2\/\"},{\"@type\":\"ListItem\",\"position\":3,\"name\":\"Bistouri \u00e9lectrique de chirurgie mono et bipolaire 100W\"}]},{\"@type\":\"WebSite\",\"@id\":\"https:\/\/yazmed.ma\/#website\",\"url\":\"https:\/\/yazmed.ma\/\",\"name\":\"Yazmed\",\"description\":\"LEADER DU MAT\u00c9RIEL M\u00c9DICAL AU MAROC\",\"publisher\":{\"@id\":\"https:\/\/yazmed.ma\/#organization\"},\"potentialAction\":[{\"@type\":\"SearchAction\",\"target\":{\"@type\":\"EntryPoint\",\"urlTemplate\":\"https:\/\/yazmed.ma\/?s={search_term_string}\"},\"query-input\":{\"@type\":\"PropertyValueSpecification\",\"valueRequired\":true,\"valueName\":\"search_term_string\"}}],\"inLanguage\":\"ary\"},{\"@type\":\"Organization\",\"@id\":\"https:\/\/yazmed.ma\/#organization\",\"name\":\"Yazmed Healthcare\",\"url\":\"https:\/\/yazmed.ma\/\",\"logo\":{\"@type\":\"ImageObject\",\"inLanguage\":\"ary\",\"@id\":\"https:\/\/yazmed.ma\/#\/schema\/logo\/image\/\",\"url\":\"https:\/\/yazmed.ma\/wp-content\/uploads\/2024\/12\/3.png\",\"contentUrl\":\"https:\/\/yazmed.ma\/wp-content\/uploads\/2024\/12\/3.png\",\"width\":250,\"height\":70,\"caption\":\"Yazmed Healthcare\"},\"image\":{\"@id\":\"https:\/\/yazmed.ma\/#\/schema\/logo\/image\/\"},\"sameAs\":[\"https:\/\/www.facebook.com\/azenkouky\",\"https:\/\/www.instagram.com\/yazmedhealthcare\",\"https:\/\/www.linkedin.com\/in\/yazmed-healthcare-1b4955295\"]}]}<\/script>\n<!-- \/ Yoast SEO plugin. -->","yoast_head_json":{"title":"Bistouri \u00e9lectrique de chirurgie mono et bipolaire 100W - YAZMED","robots":{"index":"index","follow":"follow","max-snippet":"max-snippet:-1","max-image-preview":"max-image-preview:large","max-video-preview":"max-video-preview:-1"},"canonical":"https:\/\/yazmed.ma\/ar\/product\/bistouri-electrique-de-chirurgie-mono-et-bipolaire-100w\/","og_locale":"ar_AR","og_type":"article","og_title":"Bistouri \u00e9lectrique de chirurgie mono et bipolaire 100W - YAZMED","og_description":"\u00a0 \u00a0 \u00a0 \u00a0 \u00a0Bistouri \u00e9lectrique de chirurgie mono et bipolaire 100W    intelligent, fonctionnel et complet, contr\u00f4l\u00e9 par microprocesseur    unit\u00e9 de chirurgie par radiofr\u00e9quence 4MHz \u00e0 la pointe de la technologie    Puissance de sortie maximale de 100 W    R\u00e9glage de la puissance ind\u00e9pendant pour chaque mode    5+1 modes de fonctionnement : - coupe douce - coupe avec degr\u00e9 de coagulation accru - coagulation par contact - coagulation par pulv\u00e9risation - coagulation bipolaire et micro bipolaire    capteurs de surchauffe (OH) et de coupure de courant (PF)    contr\u00f4le d'\u00e9tat sur le panneau frontal    coupure automatique et imm\u00e9diate de la puissance de sortie si les param\u00e8tres contr\u00f4l\u00e9s sont hors norme    alarme sonore si les param\u00e8tres contr\u00f4l\u00e9s sont hors norme    APPLICATION : CHIRURGIE MINORALE et MOYENNE o\u00f9 une coupe fine et une coagulation douce sont souhait\u00e9es    UTILISATION : En dermatologie, dans les cabinets d'ORL, dans les cliniques v\u00e9t\u00e9rinaires","og_url":"https:\/\/yazmed.ma\/ar\/product\/bistouri-electrique-de-chirurgie-mono-et-bipolaire-100w\/","og_site_name":"YAZMED","article_publisher":"https:\/\/www.facebook.com\/azenkouky","article_modified_time":"2025-06-21T18:07:51+00:00","og_image":[{"width":570,"height":517,"url":"https:\/\/yazmed.ma\/wp-content\/uploads\/2024\/12\/Design-sans-titre-62.png","type":"image\/png"}],"twitter_card":"summary_large_image","twitter_misc":{"Est. reading time":"1 minute"},"schema":{"@context":"https:\/\/schema.org","@graph":[{"@type":"WebPage","@id":"https:\/\/yazmed.ma\/product\/bistouri-electrique-de-chirurgie-mono-et-bipolaire-100w\/","url":"https:\/\/yazmed.ma\/product\/bistouri-electrique-de-chirurgie-mono-et-bipolaire-100w\/","name":"Bistouri \u00e9lectrique de chirurgie mono et bipolaire 100W - YAZMED","isPartOf":{"@id":"https:\/\/yazmed.ma\/#website"},"primaryImageOfPage":{"@id":"https:\/\/yazmed.ma\/product\/bistouri-electrique-de-chirurgie-mono-et-bipolaire-100w\/#primaryimage"},"image":{"@id":"https:\/\/yazmed.ma\/product\/bistouri-electrique-de-chirurgie-mono-et-bipolaire-100w\/#primaryimage"},"thumbnailUrl":"https:\/\/yazmed.ma\/wp-content\/uploads\/2024\/12\/Design-sans-titre-62.png","datePublished":"2024-12-23T14:53:45+00:00","dateModified":"2025-06-21T18:07:51+00:00","breadcrumb":{"@id":"https:\/\/yazmed.ma\/product\/bistouri-electrique-de-chirurgie-mono-et-bipolaire-100w\/#breadcrumb"},"inLanguage":"ary","potentialAction":[{"@type":"ReadAction","target":["https:\/\/yazmed.ma\/product\/bistouri-electrique-de-chirurgie-mono-et-bipolaire-100w\/"]}]},{"@type":"ImageObject","inLanguage":"ary","@id":"https:\/\/yazmed.ma\/product\/bistouri-electrique-de-chirurgie-mono-et-bipolaire-100w\/#primaryimage","url":"https:\/\/yazmed.ma\/wp-content\/uploads\/2024\/12\/Design-sans-titre-62.png","contentUrl":"https:\/\/yazmed.ma\/wp-content\/uploads\/2024\/12\/Design-sans-titre-62.png","width":570,"height":517,"caption":"Bistouri \u00e9lectrique de chirurgie mono et bipolaire 100W Yazmed Maroc"},{"@type":"BreadcrumbList","@id":"https:\/\/yazmed.ma\/product\/bistouri-electrique-de-chirurgie-mono-et-bipolaire-100w\/#breadcrumb","itemListElement":[{"@type":"ListItem","position":1,"name":"Accueil","item":"https:\/\/yazmed.ma\/"},{"@type":"ListItem","position":2,"name":"Shop","item":"https:\/\/yazmed.ma\/shop-2\/"},{"@type":"ListItem","position":3,"name":"Bistouri \u00e9lectrique de chirurgie mono et bipolaire 100W"}]},{"@type":"WebSite","@id":"https:\/\/yazmed.ma\/#website","url":"https:\/\/yazmed.ma\/","name":"Yazmed","description":"LEADER DU MAT\u00c9RIEL M\u00c9DICAL AU MAROC","publisher":{"@id":"https:\/\/yazmed.ma\/#organization"},"potentialAction":[{"@type":"SearchAction","target":{"@type":"EntryPoint","urlTemplate":"https:\/\/yazmed.ma\/?s={search_term_string}"},"query-input":{"@type":"PropertyValueSpecification","valueRequired":true,"valueName":"search_term_string"}}],"inLanguage":"ary"},{"@type":"Organization","@id":"https:\/\/yazmed.ma\/#organization","name":"Yazmed Healthcare","url":"https:\/\/yazmed.ma\/","logo":{"@type":"ImageObject","inLanguage":"ary","@id":"https:\/\/yazmed.ma\/#\/schema\/logo\/image\/","url":"https:\/\/yazmed.ma\/wp-content\/uploads\/2024\/12\/3.png","contentUrl":"https:\/\/yazmed.ma\/wp-content\/uploads\/2024\/12\/3.png","width":250,"height":70,"caption":"Yazmed Healthcare"},"image":{"@id":"https:\/\/yazmed.ma\/#\/schema\/logo\/image\/"},"sameAs":["https:\/\/www.facebook.com\/azenkouky","https:\/\/www.instagram.com\/yazmedhealthcare","https:\/\/www.linkedin.com\/in\/yazmed-healthcare-1b4955295"]}]}},"_links":{"self":[{"href":"https:\/\/yazmed.ma\/ar\/wp-json\/wp\/v2\/product\/1287","targetHints":{"allow":["GET"]}}],"collection":[{"href":"https:\/\/yazmed.ma\/ar\/wp-json\/wp\/v2\/product"}],"about":[{"href":"https:\/\/yazmed.ma\/ar\/wp-json\/wp\/v2\/types\/product"}],"replies":[{"embeddable":true,"href":"https:\/\/yazmed.ma\/ar\/wp-json\/wp\/v2\/comments?post=1287"}],"version-history":[{"count":0,"href":"https:\/\/yazmed.ma\/ar\/wp-json\/wp\/v2\/product\/1287\/revisions"}],"wp:featuredmedia":[{"embeddable":true,"href":"https:\/\/yazmed.ma\/ar\/wp-json\/wp\/v2\/media\/1885"}],"wp:attachment":[{"href":"https:\/\/yazmed.ma\/ar\/wp-json\/wp\/v2\/media?parent=1287"}],"wp:term":[{"taxonomy":"product_brand","embeddable":true,"href":"https:\/\/yazmed.ma\/ar\/wp-json\/wp\/v2\/product_brand?post=1287"},{"taxonomy":"product_cat","embeddable":true,"href":"https:\/\/yazmed.ma\/ar\/wp-json\/wp\/v2\/product_cat?post=1287"},{"taxonomy":"product_tag","embeddable":true,"href":"https:\/\/yazmed.ma\/ar\/wp-json\/wp\/v2\/product_tag?post=1287"}],"curies":[{"name":"wp","href":"https:\/\/api.w.org\/{rel}","templated":true}]}}