{"id":1278,"date":"2024-12-23T14:37:23","date_gmt":"2024-12-23T14:37:23","guid":{"rendered":"https:\/\/yazmed.ma\/?post_type=product&#038;p=1278"},"modified":"2024-12-23T14:44:32","modified_gmt":"2024-12-23T14:44:32","slug":"sterilisateur-a-air-chaud-poupinel","status":"publish","type":"product","link":"https:\/\/yazmed.ma\/ar\/product\/sterilisateur-a-air-chaud-poupinel\/","title":{"rendered":"St\u00e9rilisateur \u00e0  air chaud &#8211; Poupinel"},"content":{"rendered":"<h3 class=\"shipping\"><img decoding=\"async\" src=\"https:\/\/saharamed.ma\/assets\/images\/shipped.png\" alt=\"Livraison gratuite au Maroc\" \/><\/h3>\n<div>Livraison gratuite au Maroc<\/div>\n<h4 class=\"payment ng-star-inserted\"><img decoding=\"async\" src=\"https:\/\/saharamed.ma\/assets\/images\/refund.png\" alt=\"Paiement \u00e0 la livraison Maroc\" \/><\/h4>\n<div>Paiement \u00e0 la livraison<\/div>","protected":false},"excerpt":{"rendered":"<p><strong>Boitier externe et partie avant construites enti\u00e8rement en acier inox ; y compris la porte bien isol\u00e9e \u00e0\u00a0l&rsquo;aide d&rsquo;un mat\u00e9riau non conducteur.<\/strong><\/p>\n<p><strong>&#8211; Structure interne et \u00e9tag\u00e8res int\u00e9rieurs r\u00e9glables en hauteur en acier inox.<\/strong><\/p>\n<p><strong>&#8211; Fermeture \u00e0\u00a0cl\u00e9.<\/strong><\/p>\n<p><strong>&#8211; Unit\u00e9 thermo ventil\u00e9e : pour garantir l&rsquo;uniformit\u00e9 de la temp\u00e9rature dans la chambre de chauffage et pour facilite la circulation de l&rsquo;air ; l&rsquo;appareil est \u00e9quip\u00e9 d&rsquo;un ventilateur qui est toujours en marche ; soit dans le cycle de chauffage, soit pendant les pauses de refroidissement.<\/strong><\/p>\n<p><strong>Unit\u00e9 digitale : tunnels d&rsquo;a\u00e9ration r\u00e9glable ; plac\u00e9s sur le c\u00f4t\u00e9 droit en bas et sur le c\u00f4t\u00e9 gauche en haut pour le r\u00e9glage et la circulation de l&rsquo;air, utile pour le refroidissement rapide de l&rsquo;appareil.<\/strong><\/p>\n<p><strong>Capacit\u00e9 &amp; dimensions :<\/strong><\/p>\n<p><strong>20 lt.\u00a0Dim ext\u00e9rieures : 565x350x345 h mm. | Dim int\u00e9rieures : 400x220x220 h mm<\/strong><\/p>\n<p><strong>60 lt.\u00a0Dim ext\u00e9rieures : 695x475x430 h mm. | Dim int\u00e9rieures : 535x365x325 h mm<\/strong><\/p>\n<p><strong>120 lt.\u00a0Dim ext\u00e9rieures : 855x560x585 h mm. | Dim int\u00e9rieures : 670x430x420 h mm<\/strong><\/p>","protected":false},"featured_media":1279,"comment_status":"open","ping_status":"closed","template":"","meta":[],"product_brand":[],"product_cat":[56],"product_tag":[],"class_list":{"0":"post-1278","1":"product","2":"type-product","3":"status-publish","4":"has-post-thumbnail","6":"product_cat-sterilisation-hygiene","8":"first","9":"instock","10":"taxable","11":"shipping-taxable","12":"purchasable","13":"product-type-variable"},"yoast_head":"<!-- This site is optimized with the Yoast SEO plugin v26.9 - https:\/\/yoast.com\/product\/yoast-seo-wordpress\/ -->\n<title>St\u00e9rilisateur \u00e0 air chaud - Poupinel - YAZMED<\/title>\n<meta name=\"robots\" content=\"index, follow, max-snippet:-1, max-image-preview:large, max-video-preview:-1\" \/>\n<link rel=\"canonical\" href=\"https:\/\/yazmed.ma\/ar\/product\/sterilisateur-a-air-chaud-poupinel\/\" \/>\n<meta property=\"og:locale\" content=\"ar_AR\" \/>\n<meta property=\"og:type\" content=\"article\" \/>\n<meta property=\"og:title\" content=\"St\u00e9rilisateur \u00e0 air chaud - Poupinel - YAZMED\" \/>\n<meta property=\"og:description\" content=\"Boitier externe et partie avant construites enti\u00e8rement en acier inox ; y compris la porte bien isol\u00e9e \u00e0\u00a0l&#039;aide d&#039;un mat\u00e9riau non conducteur.  - Structure interne et \u00e9tag\u00e8res int\u00e9rieurs r\u00e9glables en hauteur en acier inox.  - Fermeture \u00e0\u00a0cl\u00e9.  - Unit\u00e9 thermo ventil\u00e9e : pour garantir l&#039;uniformit\u00e9 de la temp\u00e9rature dans la chambre de chauffage et pour facilite la circulation de l&#039;air ; l&#039;appareil est \u00e9quip\u00e9 d&#039;un ventilateur qui est toujours en marche ; soit dans le cycle de chauffage, soit pendant les pauses de refroidissement.  Unit\u00e9 digitale : tunnels d&#039;a\u00e9ration r\u00e9glable ; plac\u00e9s sur le c\u00f4t\u00e9 droit en bas et sur le c\u00f4t\u00e9 gauche en haut pour le r\u00e9glage et la circulation de l&#039;air, utile pour le refroidissement rapide de l&#039;appareil.  Capacit\u00e9 &amp; dimensions :  20 lt.\u00a0Dim ext\u00e9rieures : 565x350x345 h mm. | Dim int\u00e9rieures : 400x220x220 h mm  60 lt.\u00a0Dim ext\u00e9rieures : 695x475x430 h mm. | Dim int\u00e9rieures : 535x365x325 h mm  120 lt.\u00a0Dim ext\u00e9rieures : 855x560x585 h mm. | Dim int\u00e9rieures : 670x430x420 h mm\" \/>\n<meta property=\"og:url\" content=\"https:\/\/yazmed.ma\/ar\/product\/sterilisateur-a-air-chaud-poupinel\/\" \/>\n<meta property=\"og:site_name\" content=\"YAZMED\" \/>\n<meta property=\"article:publisher\" content=\"https:\/\/www.facebook.com\/azenkouky\" \/>\n<meta property=\"article:modified_time\" content=\"2024-12-23T14:44:32+00:00\" \/>\n<meta property=\"og:image\" content=\"https:\/\/yazmed.ma\/wp-content\/uploads\/2024\/12\/9173765a-da00-45be-b039-4149d80fe6f3.jpg\" \/>\n\t<meta property=\"og:image:width\" content=\"722\" \/>\n\t<meta property=\"og:image:height\" content=\"722\" \/>\n\t<meta property=\"og:image:type\" content=\"image\/jpeg\" \/>\n<meta name=\"twitter:card\" content=\"summary_large_image\" \/>\n<meta name=\"twitter:label1\" content=\"Est. reading time\" \/>\n\t<meta name=\"twitter:data1\" content=\"1 minute\" \/>\n<script type=\"application\/ld+json\" class=\"yoast-schema-graph\">{\"@context\":\"https:\/\/schema.org\",\"@graph\":[{\"@type\":\"WebPage\",\"@id\":\"https:\/\/yazmed.ma\/product\/sterilisateur-a-air-chaud-poupinel\/\",\"url\":\"https:\/\/yazmed.ma\/product\/sterilisateur-a-air-chaud-poupinel\/\",\"name\":\"St\u00e9rilisateur \u00e0 air chaud - Poupinel - YAZMED\",\"isPartOf\":{\"@id\":\"https:\/\/yazmed.ma\/#website\"},\"primaryImageOfPage\":{\"@id\":\"https:\/\/yazmed.ma\/product\/sterilisateur-a-air-chaud-poupinel\/#primaryimage\"},\"image\":{\"@id\":\"https:\/\/yazmed.ma\/product\/sterilisateur-a-air-chaud-poupinel\/#primaryimage\"},\"thumbnailUrl\":\"https:\/\/yazmed.ma\/wp-content\/uploads\/2024\/12\/9173765a-da00-45be-b039-4149d80fe6f3.jpg\",\"datePublished\":\"2024-12-23T14:37:23+00:00\",\"dateModified\":\"2024-12-23T14:44:32+00:00\",\"breadcrumb\":{\"@id\":\"https:\/\/yazmed.ma\/product\/sterilisateur-a-air-chaud-poupinel\/#breadcrumb\"},\"inLanguage\":\"ary\",\"potentialAction\":[{\"@type\":\"ReadAction\",\"target\":[\"https:\/\/yazmed.ma\/product\/sterilisateur-a-air-chaud-poupinel\/\"]}]},{\"@type\":\"ImageObject\",\"inLanguage\":\"ary\",\"@id\":\"https:\/\/yazmed.ma\/product\/sterilisateur-a-air-chaud-poupinel\/#primaryimage\",\"url\":\"https:\/\/yazmed.ma\/wp-content\/uploads\/2024\/12\/9173765a-da00-45be-b039-4149d80fe6f3.jpg\",\"contentUrl\":\"https:\/\/yazmed.ma\/wp-content\/uploads\/2024\/12\/9173765a-da00-45be-b039-4149d80fe6f3.jpg\",\"width\":722,\"height\":722,\"caption\":\"St\u00e9rilisateur \u00e0 air chaud \u2013 Poupinel Yazmed Maroc\"},{\"@type\":\"BreadcrumbList\",\"@id\":\"https:\/\/yazmed.ma\/product\/sterilisateur-a-air-chaud-poupinel\/#breadcrumb\",\"itemListElement\":[{\"@type\":\"ListItem\",\"position\":1,\"name\":\"Accueil\",\"item\":\"https:\/\/yazmed.ma\/\"},{\"@type\":\"ListItem\",\"position\":2,\"name\":\"Shop\",\"item\":\"https:\/\/yazmed.ma\/shop-2\/\"},{\"@type\":\"ListItem\",\"position\":3,\"name\":\"St\u00e9rilisateur \u00e0 air chaud &#8211; Poupinel\"}]},{\"@type\":\"WebSite\",\"@id\":\"https:\/\/yazmed.ma\/#website\",\"url\":\"https:\/\/yazmed.ma\/\",\"name\":\"Yazmed\",\"description\":\"LEADER DU MAT\u00c9RIEL M\u00c9DICAL AU MAROC\",\"publisher\":{\"@id\":\"https:\/\/yazmed.ma\/#organization\"},\"potentialAction\":[{\"@type\":\"SearchAction\",\"target\":{\"@type\":\"EntryPoint\",\"urlTemplate\":\"https:\/\/yazmed.ma\/?s={search_term_string}\"},\"query-input\":{\"@type\":\"PropertyValueSpecification\",\"valueRequired\":true,\"valueName\":\"search_term_string\"}}],\"inLanguage\":\"ary\"},{\"@type\":\"Organization\",\"@id\":\"https:\/\/yazmed.ma\/#organization\",\"name\":\"Yazmed Healthcare\",\"url\":\"https:\/\/yazmed.ma\/\",\"logo\":{\"@type\":\"ImageObject\",\"inLanguage\":\"ary\",\"@id\":\"https:\/\/yazmed.ma\/#\/schema\/logo\/image\/\",\"url\":\"https:\/\/yazmed.ma\/wp-content\/uploads\/2024\/12\/3.png\",\"contentUrl\":\"https:\/\/yazmed.ma\/wp-content\/uploads\/2024\/12\/3.png\",\"width\":250,\"height\":70,\"caption\":\"Yazmed Healthcare\"},\"image\":{\"@id\":\"https:\/\/yazmed.ma\/#\/schema\/logo\/image\/\"},\"sameAs\":[\"https:\/\/www.facebook.com\/azenkouky\",\"https:\/\/www.instagram.com\/yazmedhealthcare\",\"https:\/\/www.linkedin.com\/in\/yazmed-healthcare-1b4955295\"]}]}<\/script>\n<!-- \/ Yoast SEO plugin. -->","yoast_head_json":{"title":"St\u00e9rilisateur \u00e0 air chaud - Poupinel - YAZMED","robots":{"index":"index","follow":"follow","max-snippet":"max-snippet:-1","max-image-preview":"max-image-preview:large","max-video-preview":"max-video-preview:-1"},"canonical":"https:\/\/yazmed.ma\/ar\/product\/sterilisateur-a-air-chaud-poupinel\/","og_locale":"ar_AR","og_type":"article","og_title":"St\u00e9rilisateur \u00e0 air chaud - Poupinel - YAZMED","og_description":"Boitier externe et partie avant construites enti\u00e8rement en acier inox ; y compris la porte bien isol\u00e9e \u00e0\u00a0l'aide d'un mat\u00e9riau non conducteur.  - Structure interne et \u00e9tag\u00e8res int\u00e9rieurs r\u00e9glables en hauteur en acier inox.  - Fermeture \u00e0\u00a0cl\u00e9.  - Unit\u00e9 thermo ventil\u00e9e : pour garantir l'uniformit\u00e9 de la temp\u00e9rature dans la chambre de chauffage et pour facilite la circulation de l'air ; l'appareil est \u00e9quip\u00e9 d'un ventilateur qui est toujours en marche ; soit dans le cycle de chauffage, soit pendant les pauses de refroidissement.  Unit\u00e9 digitale : tunnels d'a\u00e9ration r\u00e9glable ; plac\u00e9s sur le c\u00f4t\u00e9 droit en bas et sur le c\u00f4t\u00e9 gauche en haut pour le r\u00e9glage et la circulation de l'air, utile pour le refroidissement rapide de l'appareil.  Capacit\u00e9 &amp; dimensions :  20 lt.\u00a0Dim ext\u00e9rieures : 565x350x345 h mm. | Dim int\u00e9rieures : 400x220x220 h mm  60 lt.\u00a0Dim ext\u00e9rieures : 695x475x430 h mm. | Dim int\u00e9rieures : 535x365x325 h mm  120 lt.\u00a0Dim ext\u00e9rieures : 855x560x585 h mm. | Dim int\u00e9rieures : 670x430x420 h mm","og_url":"https:\/\/yazmed.ma\/ar\/product\/sterilisateur-a-air-chaud-poupinel\/","og_site_name":"YAZMED","article_publisher":"https:\/\/www.facebook.com\/azenkouky","article_modified_time":"2024-12-23T14:44:32+00:00","og_image":[{"width":722,"height":722,"url":"https:\/\/yazmed.ma\/wp-content\/uploads\/2024\/12\/9173765a-da00-45be-b039-4149d80fe6f3.jpg","type":"image\/jpeg"}],"twitter_card":"summary_large_image","twitter_misc":{"Est. reading time":"1 minute"},"schema":{"@context":"https:\/\/schema.org","@graph":[{"@type":"WebPage","@id":"https:\/\/yazmed.ma\/product\/sterilisateur-a-air-chaud-poupinel\/","url":"https:\/\/yazmed.ma\/product\/sterilisateur-a-air-chaud-poupinel\/","name":"St\u00e9rilisateur \u00e0 air chaud - Poupinel - YAZMED","isPartOf":{"@id":"https:\/\/yazmed.ma\/#website"},"primaryImageOfPage":{"@id":"https:\/\/yazmed.ma\/product\/sterilisateur-a-air-chaud-poupinel\/#primaryimage"},"image":{"@id":"https:\/\/yazmed.ma\/product\/sterilisateur-a-air-chaud-poupinel\/#primaryimage"},"thumbnailUrl":"https:\/\/yazmed.ma\/wp-content\/uploads\/2024\/12\/9173765a-da00-45be-b039-4149d80fe6f3.jpg","datePublished":"2024-12-23T14:37:23+00:00","dateModified":"2024-12-23T14:44:32+00:00","breadcrumb":{"@id":"https:\/\/yazmed.ma\/product\/sterilisateur-a-air-chaud-poupinel\/#breadcrumb"},"inLanguage":"ary","potentialAction":[{"@type":"ReadAction","target":["https:\/\/yazmed.ma\/product\/sterilisateur-a-air-chaud-poupinel\/"]}]},{"@type":"ImageObject","inLanguage":"ary","@id":"https:\/\/yazmed.ma\/product\/sterilisateur-a-air-chaud-poupinel\/#primaryimage","url":"https:\/\/yazmed.ma\/wp-content\/uploads\/2024\/12\/9173765a-da00-45be-b039-4149d80fe6f3.jpg","contentUrl":"https:\/\/yazmed.ma\/wp-content\/uploads\/2024\/12\/9173765a-da00-45be-b039-4149d80fe6f3.jpg","width":722,"height":722,"caption":"St\u00e9rilisateur \u00e0 air chaud \u2013 Poupinel Yazmed Maroc"},{"@type":"BreadcrumbList","@id":"https:\/\/yazmed.ma\/product\/sterilisateur-a-air-chaud-poupinel\/#breadcrumb","itemListElement":[{"@type":"ListItem","position":1,"name":"Accueil","item":"https:\/\/yazmed.ma\/"},{"@type":"ListItem","position":2,"name":"Shop","item":"https:\/\/yazmed.ma\/shop-2\/"},{"@type":"ListItem","position":3,"name":"St\u00e9rilisateur \u00e0 air chaud &#8211; Poupinel"}]},{"@type":"WebSite","@id":"https:\/\/yazmed.ma\/#website","url":"https:\/\/yazmed.ma\/","name":"Yazmed","description":"LEADER DU MAT\u00c9RIEL M\u00c9DICAL AU MAROC","publisher":{"@id":"https:\/\/yazmed.ma\/#organization"},"potentialAction":[{"@type":"SearchAction","target":{"@type":"EntryPoint","urlTemplate":"https:\/\/yazmed.ma\/?s={search_term_string}"},"query-input":{"@type":"PropertyValueSpecification","valueRequired":true,"valueName":"search_term_string"}}],"inLanguage":"ary"},{"@type":"Organization","@id":"https:\/\/yazmed.ma\/#organization","name":"Yazmed Healthcare","url":"https:\/\/yazmed.ma\/","logo":{"@type":"ImageObject","inLanguage":"ary","@id":"https:\/\/yazmed.ma\/#\/schema\/logo\/image\/","url":"https:\/\/yazmed.ma\/wp-content\/uploads\/2024\/12\/3.png","contentUrl":"https:\/\/yazmed.ma\/wp-content\/uploads\/2024\/12\/3.png","width":250,"height":70,"caption":"Yazmed Healthcare"},"image":{"@id":"https:\/\/yazmed.ma\/#\/schema\/logo\/image\/"},"sameAs":["https:\/\/www.facebook.com\/azenkouky","https:\/\/www.instagram.com\/yazmedhealthcare","https:\/\/www.linkedin.com\/in\/yazmed-healthcare-1b4955295"]}]}},"_links":{"self":[{"href":"https:\/\/yazmed.ma\/ar\/wp-json\/wp\/v2\/product\/1278","targetHints":{"allow":["GET"]}}],"collection":[{"href":"https:\/\/yazmed.ma\/ar\/wp-json\/wp\/v2\/product"}],"about":[{"href":"https:\/\/yazmed.ma\/ar\/wp-json\/wp\/v2\/types\/product"}],"replies":[{"embeddable":true,"href":"https:\/\/yazmed.ma\/ar\/wp-json\/wp\/v2\/comments?post=1278"}],"version-history":[{"count":0,"href":"https:\/\/yazmed.ma\/ar\/wp-json\/wp\/v2\/product\/1278\/revisions"}],"wp:featuredmedia":[{"embeddable":true,"href":"https:\/\/yazmed.ma\/ar\/wp-json\/wp\/v2\/media\/1279"}],"wp:attachment":[{"href":"https:\/\/yazmed.ma\/ar\/wp-json\/wp\/v2\/media?parent=1278"}],"wp:term":[{"taxonomy":"product_brand","embeddable":true,"href":"https:\/\/yazmed.ma\/ar\/wp-json\/wp\/v2\/product_brand?post=1278"},{"taxonomy":"product_cat","embeddable":true,"href":"https:\/\/yazmed.ma\/ar\/wp-json\/wp\/v2\/product_cat?post=1278"},{"taxonomy":"product_tag","embeddable":true,"href":"https:\/\/yazmed.ma\/ar\/wp-json\/wp\/v2\/product_tag?post=1278"}],"curies":[{"name":"wp","href":"https:\/\/api.w.org\/{rel}","templated":true}]}}