{"id":1273,"date":"2024-12-23T10:00:19","date_gmt":"2024-12-23T10:00:19","guid":{"rendered":"https:\/\/yazmed.ma\/?post_type=product&#038;p=1273"},"modified":"2025-12-17T21:47:08","modified_gmt":"2025-12-17T21:47:08","slug":"otoscope-fibre-optique-6000k","status":"publish","type":"product","link":"https:\/\/yazmed.ma\/ar\/product\/otoscope-fibre-optique-6000k\/","title":{"rendered":"Otoscope fibre optique 6000k"},"content":{"rendered":"<h3>\u00a0 <img decoding=\"async\" class=\"emoji\" role=\"img\" draggable=\"false\" src=\"https:\/\/s.w.org\/images\/core\/emoji\/16.0.1\/svg\/2705.svg\" alt=\"\u2705\" \/>\u00a0Caract\u00e9ristique<\/h3>\n<p><strong>Technologie Fibre Optique<\/strong> : Offrant une transmission de lumi\u00e8re homog\u00e8ne<\/p>\n<p>permet une vision claire et pr\u00e9cise du conduit auditif et du tympan.<\/p>\n<p><strong>\u00c9clairage LED Puissant<\/strong>\u00a0garantissant une meilleure visibilit\u00e9 pour<\/p>\n<p>: La lumi\u00e8re LED int\u00e9gr\u00e9e assure un \u00e9clairage intense, durable et sans ombre,un diagnostic pr\u00e9cis.<\/p>\n<p><strong>Conception Ergonomique<\/strong> : L\u00e9ger et facile \u00e0 manier, cet otoscope est con\u00e7u pour offrir un confort optimal<\/p>\n<p><strong>T\u00eate Amovible<\/strong>\u00a0: Facilite le nettoyage et la d\u00e9sinfection, tout en permettant un remplacement rapide des sp\u00e9culums.<\/p>\n<p><strong>Sp\u00e9culums R\u00e9utilisables<\/strong>\u00a0: Livr\u00e9 avec des sp\u00e9culums de diff\u00e9rentes tailles, il est adapt\u00e9 aux examens pour adultes et enfants.<\/p>\n<p><img decoding=\"async\" class=\"\" src=\"https:\/\/eclazon.ma\/wp-content\/uploads\/2024\/07\/optimum-pro-logo-200x100.jpg\" width=\"106\" height=\"53\" \/><\/p>","protected":false},"excerpt":{"rendered":"<h4><strong>Otoscope Fibre Optique LED 6000k<\/strong><\/h4>\n<p>est un outil m\u00e9dical indispensable pour l\u2019examen des oreilles, offrant une visibilit\u00e9 et une pr\u00e9cision exceptionnelles gr\u00e2ce \u00e0 sa technologie de fibre optique et son \u00e9clairage LED puissant. Con\u00e7u pour les professionnels de la sant\u00e9, il permet des\u00a0<a href=\"https:\/\/fr.wikipedia.org\/wiki\/Otoscope\">diagnostics<\/a>\u00a0fiables et confortables, m\u00eame dans des conditions de faible luminosit\u00e9.<\/p>\n<p><img decoding=\"async\" class=\"\" src=\"https:\/\/eclazon.ma\/wp-content\/uploads\/2024\/07\/optimum-pro-logo-200x100.jpg\" width=\"82\" height=\"41\" \/><\/p>","protected":false},"featured_media":2983,"comment_status":"open","ping_status":"closed","template":"","meta":[],"product_brand":[],"product_cat":[50],"product_tag":[101],"class_list":{"0":"post-1273","1":"product","2":"type-product","3":"status-publish","4":"has-post-thumbnail","6":"product_cat-appareillages-diagnostic","7":"product_tag-otoscope","9":"first","10":"instock","11":"taxable","12":"shipping-taxable","13":"purchasable","14":"product-type-simple"},"yoast_head":"<!-- This site is optimized with the Yoast SEO plugin v26.9 - https:\/\/yoast.com\/product\/yoast-seo-wordpress\/ -->\n<title>Otoscope fibre optique 6000k - YAZMED<\/title>\n<meta name=\"robots\" content=\"index, follow, max-snippet:-1, max-image-preview:large, max-video-preview:-1\" \/>\n<link rel=\"canonical\" href=\"https:\/\/yazmed.ma\/ar\/product\/otoscope-fibre-optique-optimium-pro\/\" \/>\n<meta property=\"og:locale\" content=\"ar_AR\" \/>\n<meta property=\"og:type\" content=\"article\" \/>\n<meta property=\"og:title\" content=\"Otoscope fibre optique 6000k - YAZMED\" \/>\n<meta property=\"og:description\" content=\"Otoscope Fibre Optique LED 6000k est un outil m\u00e9dical indispensable pour l\u2019examen des oreilles, offrant une visibilit\u00e9 et une pr\u00e9cision exceptionnelles gr\u00e2ce \u00e0 sa technologie de fibre optique et son \u00e9clairage LED puissant. Con\u00e7u pour les professionnels de la sant\u00e9, il permet des\u00a0diagnostics\u00a0fiables et confortables, m\u00eame dans des conditions de faible luminosit\u00e9.\" \/>\n<meta property=\"og:url\" content=\"https:\/\/yazmed.ma\/ar\/product\/otoscope-fibre-optique-optimium-pro\/\" \/>\n<meta property=\"og:site_name\" content=\"YAZMED\" \/>\n<meta property=\"article:publisher\" content=\"https:\/\/www.facebook.com\/azenkouky\" \/>\n<meta property=\"article:modified_time\" content=\"2025-12-17T21:47:08+00:00\" \/>\n<meta property=\"og:image\" content=\"https:\/\/yazmed.ma\/wp-content\/uploads\/2024\/12\/Design-sans-titre-60.png\" \/>\n\t<meta property=\"og:image:width\" content=\"570\" \/>\n\t<meta property=\"og:image:height\" content=\"517\" \/>\n\t<meta property=\"og:image:type\" content=\"image\/png\" \/>\n<meta name=\"twitter:card\" content=\"summary_large_image\" \/>\n<meta name=\"twitter:label1\" content=\"Est. reading time\" \/>\n\t<meta name=\"twitter:data1\" content=\"1 minute\" \/>\n<script type=\"application\/ld+json\" class=\"yoast-schema-graph\">{\"@context\":\"https:\/\/schema.org\",\"@graph\":[{\"@type\":\"WebPage\",\"@id\":\"https:\/\/yazmed.ma\/product\/otoscope-fibre-optique-optimium-pro\/\",\"url\":\"https:\/\/yazmed.ma\/product\/otoscope-fibre-optique-optimium-pro\/\",\"name\":\"Otoscope fibre optique 6000k - YAZMED\",\"isPartOf\":{\"@id\":\"https:\/\/yazmed.ma\/#website\"},\"primaryImageOfPage\":{\"@id\":\"https:\/\/yazmed.ma\/product\/otoscope-fibre-optique-optimium-pro\/#primaryimage\"},\"image\":{\"@id\":\"https:\/\/yazmed.ma\/product\/otoscope-fibre-optique-optimium-pro\/#primaryimage\"},\"thumbnailUrl\":\"https:\/\/yazmed.ma\/wp-content\/uploads\/2024\/12\/Otoscope-fibre-optique-6000k.webp\",\"datePublished\":\"2024-12-23T10:00:19+00:00\",\"dateModified\":\"2025-12-17T21:47:08+00:00\",\"breadcrumb\":{\"@id\":\"https:\/\/yazmed.ma\/product\/otoscope-fibre-optique-optimium-pro\/#breadcrumb\"},\"inLanguage\":\"ary\",\"potentialAction\":[{\"@type\":\"ReadAction\",\"target\":[\"https:\/\/yazmed.ma\/product\/otoscope-fibre-optique-optimium-pro\/\"]}]},{\"@type\":\"ImageObject\",\"inLanguage\":\"ary\",\"@id\":\"https:\/\/yazmed.ma\/product\/otoscope-fibre-optique-optimium-pro\/#primaryimage\",\"url\":\"https:\/\/yazmed.ma\/wp-content\/uploads\/2024\/12\/Otoscope-fibre-optique-6000k.webp\",\"contentUrl\":\"https:\/\/yazmed.ma\/wp-content\/uploads\/2024\/12\/Otoscope-fibre-optique-6000k.webp\",\"width\":450,\"height\":450,\"caption\":\"Otoscope fibre optique 6000k\"},{\"@type\":\"BreadcrumbList\",\"@id\":\"https:\/\/yazmed.ma\/product\/otoscope-fibre-optique-optimium-pro\/#breadcrumb\",\"itemListElement\":[{\"@type\":\"ListItem\",\"position\":1,\"name\":\"Accueil\",\"item\":\"https:\/\/yazmed.ma\/\"},{\"@type\":\"ListItem\",\"position\":2,\"name\":\"Shop\",\"item\":\"https:\/\/yazmed.ma\/shop-2\/\"},{\"@type\":\"ListItem\",\"position\":3,\"name\":\"Otoscope fibre optique Optimium Pro\"}]},{\"@type\":\"WebSite\",\"@id\":\"https:\/\/yazmed.ma\/#website\",\"url\":\"https:\/\/yazmed.ma\/\",\"name\":\"Yazmed\",\"description\":\"LEADER DU MAT\u00c9RIEL M\u00c9DICAL AU MAROC\",\"publisher\":{\"@id\":\"https:\/\/yazmed.ma\/#organization\"},\"potentialAction\":[{\"@type\":\"SearchAction\",\"target\":{\"@type\":\"EntryPoint\",\"urlTemplate\":\"https:\/\/yazmed.ma\/?s={search_term_string}\"},\"query-input\":{\"@type\":\"PropertyValueSpecification\",\"valueRequired\":true,\"valueName\":\"search_term_string\"}}],\"inLanguage\":\"ary\"},{\"@type\":\"Organization\",\"@id\":\"https:\/\/yazmed.ma\/#organization\",\"name\":\"Yazmed Healthcare\",\"url\":\"https:\/\/yazmed.ma\/\",\"logo\":{\"@type\":\"ImageObject\",\"inLanguage\":\"ary\",\"@id\":\"https:\/\/yazmed.ma\/#\/schema\/logo\/image\/\",\"url\":\"https:\/\/yazmed.ma\/wp-content\/uploads\/2024\/12\/3.png\",\"contentUrl\":\"https:\/\/yazmed.ma\/wp-content\/uploads\/2024\/12\/3.png\",\"width\":250,\"height\":70,\"caption\":\"Yazmed Healthcare\"},\"image\":{\"@id\":\"https:\/\/yazmed.ma\/#\/schema\/logo\/image\/\"},\"sameAs\":[\"https:\/\/www.facebook.com\/azenkouky\",\"https:\/\/www.instagram.com\/yazmedhealthcare\",\"https:\/\/www.linkedin.com\/in\/yazmed-healthcare-1b4955295\"]}]}<\/script>\n<!-- \/ Yoast SEO plugin. -->","yoast_head_json":{"title":"Otoscope fibre optique 6000k - YAZMED","robots":{"index":"index","follow":"follow","max-snippet":"max-snippet:-1","max-image-preview":"max-image-preview:large","max-video-preview":"max-video-preview:-1"},"canonical":"https:\/\/yazmed.ma\/ar\/product\/otoscope-fibre-optique-optimium-pro\/","og_locale":"ar_AR","og_type":"article","og_title":"Otoscope fibre optique 6000k - YAZMED","og_description":"Otoscope Fibre Optique LED 6000k est un outil m\u00e9dical indispensable pour l\u2019examen des oreilles, offrant une visibilit\u00e9 et une pr\u00e9cision exceptionnelles gr\u00e2ce \u00e0 sa technologie de fibre optique et son \u00e9clairage LED puissant. Con\u00e7u pour les professionnels de la sant\u00e9, il permet des\u00a0diagnostics\u00a0fiables et confortables, m\u00eame dans des conditions de faible luminosit\u00e9.","og_url":"https:\/\/yazmed.ma\/ar\/product\/otoscope-fibre-optique-optimium-pro\/","og_site_name":"YAZMED","article_publisher":"https:\/\/www.facebook.com\/azenkouky","article_modified_time":"2025-12-17T21:47:08+00:00","og_image":[{"width":570,"height":517,"url":"https:\/\/yazmed.ma\/wp-content\/uploads\/2024\/12\/Design-sans-titre-60.png","type":"image\/png"}],"twitter_card":"summary_large_image","twitter_misc":{"Est. reading time":"1 minute"},"schema":{"@context":"https:\/\/schema.org","@graph":[{"@type":"WebPage","@id":"https:\/\/yazmed.ma\/product\/otoscope-fibre-optique-optimium-pro\/","url":"https:\/\/yazmed.ma\/product\/otoscope-fibre-optique-optimium-pro\/","name":"Otoscope fibre optique 6000k - YAZMED","isPartOf":{"@id":"https:\/\/yazmed.ma\/#website"},"primaryImageOfPage":{"@id":"https:\/\/yazmed.ma\/product\/otoscope-fibre-optique-optimium-pro\/#primaryimage"},"image":{"@id":"https:\/\/yazmed.ma\/product\/otoscope-fibre-optique-optimium-pro\/#primaryimage"},"thumbnailUrl":"https:\/\/yazmed.ma\/wp-content\/uploads\/2024\/12\/Otoscope-fibre-optique-6000k.webp","datePublished":"2024-12-23T10:00:19+00:00","dateModified":"2025-12-17T21:47:08+00:00","breadcrumb":{"@id":"https:\/\/yazmed.ma\/product\/otoscope-fibre-optique-optimium-pro\/#breadcrumb"},"inLanguage":"ary","potentialAction":[{"@type":"ReadAction","target":["https:\/\/yazmed.ma\/product\/otoscope-fibre-optique-optimium-pro\/"]}]},{"@type":"ImageObject","inLanguage":"ary","@id":"https:\/\/yazmed.ma\/product\/otoscope-fibre-optique-optimium-pro\/#primaryimage","url":"https:\/\/yazmed.ma\/wp-content\/uploads\/2024\/12\/Otoscope-fibre-optique-6000k.webp","contentUrl":"https:\/\/yazmed.ma\/wp-content\/uploads\/2024\/12\/Otoscope-fibre-optique-6000k.webp","width":450,"height":450,"caption":"Otoscope fibre optique 6000k"},{"@type":"BreadcrumbList","@id":"https:\/\/yazmed.ma\/product\/otoscope-fibre-optique-optimium-pro\/#breadcrumb","itemListElement":[{"@type":"ListItem","position":1,"name":"Accueil","item":"https:\/\/yazmed.ma\/"},{"@type":"ListItem","position":2,"name":"Shop","item":"https:\/\/yazmed.ma\/shop-2\/"},{"@type":"ListItem","position":3,"name":"Otoscope fibre optique Optimium Pro"}]},{"@type":"WebSite","@id":"https:\/\/yazmed.ma\/#website","url":"https:\/\/yazmed.ma\/","name":"Yazmed","description":"LEADER DU MAT\u00c9RIEL M\u00c9DICAL AU MAROC","publisher":{"@id":"https:\/\/yazmed.ma\/#organization"},"potentialAction":[{"@type":"SearchAction","target":{"@type":"EntryPoint","urlTemplate":"https:\/\/yazmed.ma\/?s={search_term_string}"},"query-input":{"@type":"PropertyValueSpecification","valueRequired":true,"valueName":"search_term_string"}}],"inLanguage":"ary"},{"@type":"Organization","@id":"https:\/\/yazmed.ma\/#organization","name":"Yazmed Healthcare","url":"https:\/\/yazmed.ma\/","logo":{"@type":"ImageObject","inLanguage":"ary","@id":"https:\/\/yazmed.ma\/#\/schema\/logo\/image\/","url":"https:\/\/yazmed.ma\/wp-content\/uploads\/2024\/12\/3.png","contentUrl":"https:\/\/yazmed.ma\/wp-content\/uploads\/2024\/12\/3.png","width":250,"height":70,"caption":"Yazmed Healthcare"},"image":{"@id":"https:\/\/yazmed.ma\/#\/schema\/logo\/image\/"},"sameAs":["https:\/\/www.facebook.com\/azenkouky","https:\/\/www.instagram.com\/yazmedhealthcare","https:\/\/www.linkedin.com\/in\/yazmed-healthcare-1b4955295"]}]}},"_links":{"self":[{"href":"https:\/\/yazmed.ma\/ar\/wp-json\/wp\/v2\/product\/1273","targetHints":{"allow":["GET"]}}],"collection":[{"href":"https:\/\/yazmed.ma\/ar\/wp-json\/wp\/v2\/product"}],"about":[{"href":"https:\/\/yazmed.ma\/ar\/wp-json\/wp\/v2\/types\/product"}],"replies":[{"embeddable":true,"href":"https:\/\/yazmed.ma\/ar\/wp-json\/wp\/v2\/comments?post=1273"}],"version-history":[{"count":1,"href":"https:\/\/yazmed.ma\/ar\/wp-json\/wp\/v2\/product\/1273\/revisions"}],"predecessor-version":[{"id":2982,"href":"https:\/\/yazmed.ma\/ar\/wp-json\/wp\/v2\/product\/1273\/revisions\/2982"}],"wp:featuredmedia":[{"embeddable":true,"href":"https:\/\/yazmed.ma\/ar\/wp-json\/wp\/v2\/media\/2983"}],"wp:attachment":[{"href":"https:\/\/yazmed.ma\/ar\/wp-json\/wp\/v2\/media?parent=1273"}],"wp:term":[{"taxonomy":"product_brand","embeddable":true,"href":"https:\/\/yazmed.ma\/ar\/wp-json\/wp\/v2\/product_brand?post=1273"},{"taxonomy":"product_cat","embeddable":true,"href":"https:\/\/yazmed.ma\/ar\/wp-json\/wp\/v2\/product_cat?post=1273"},{"taxonomy":"product_tag","embeddable":true,"href":"https:\/\/yazmed.ma\/ar\/wp-json\/wp\/v2\/product_tag?post=1273"}],"curies":[{"name":"wp","href":"https:\/\/api.w.org\/{rel}","templated":true}]}}