{"id":1269,"date":"2024-12-23T09:49:54","date_gmt":"2024-12-23T09:49:54","guid":{"rendered":"https:\/\/yazmed.ma\/?post_type=product&#038;p=1269"},"modified":"2025-12-17T18:46:09","modified_gmt":"2025-12-17T18:46:09","slug":"moniteur-multiparametrique","status":"publish","type":"product","link":"https:\/\/yazmed.ma\/ar\/product\/moniteur-multiparametrique\/","title":{"rendered":"Moniteur Multiparam\u00e9trique K10"},"content":{"rendered":"<p><img decoding=\"async\" class=\"emoji\" role=\"img\" draggable=\"false\" src=\"https:\/\/s.w.org\/images\/core\/emoji\/16.0.1\/svg\/2705.svg\" alt=\"\u2705\" \/>\u00a0structure ergonomique avec interface utilisateur intuitive<\/p>\n<p>&#8211; socle USB pour transmission des donn\u00e9es et mise \u00e0\u00a0 jour du logiciel<\/p>\n<p>&#8211; formes d&rsquo;onde \u00e0\u00a0 9 pistes sur \u00e9cran<\/p>\n<p>&#8211; affichage en style Windows, facile \u00e0\u00a0 utiliser<\/p>\n<p>&#8211; alarme visuelle et sonore pour les criticit\u00e9s physiologiques et techniques<\/p>\n<p>&#8211; m\u00e9moire de grande capacit\u00e9<\/p>\n<p>&#8211; adapt\u00e9s pour l&#8217;emploi avec capteurs Nellcor originels<\/p>\n<p><img decoding=\"async\" class=\"\" src=\"https:\/\/www.creative-sz.com\/uploads\/image\/20230411\/09\/lepu-creative-logo.webp\" alt=\"SHENZHEN CREATIVE INDUSTRY CO., LTD.\" width=\"138\" height=\"35\" \/><\/p>","protected":false},"excerpt":{"rendered":"<h4>Moniteur de surveillance Multiparam\u00e9trique<\/h4>\n<p>Moniteurs multi-fonctionnels des patients, con\u00e7us pour surveiller les signes physiologiques vitaux de patients adultes, p\u00e9diatriques et n\u00e9onataux.<\/p>\n<p>Gr\u00e2ce aux fonctions d&rsquo;enregistrement et d&rsquo;affichage en temps r\u00e9el de param\u00e8tres tels que l&rsquo;ECG, <a title=\"\" href=\"https:\/\/fr.wikipedia.org\/wiki\/Pression_art%C3%A9rielle\">pression art\u00e9rielle<\/a>(HR), la pression sanguine non invasive (NIBP), la saturation en oxyg\u00e8ne (SpO2 ), la respiration (RESP), la temp\u00e9rature (TEMP), ils permettent d&rsquo;effectuer une analyse compl\u00e8te des conditions physiologiques du patient.<\/p>\n<p><img decoding=\"async\" class=\"\" src=\"https:\/\/www.creative-sz.com\/uploads\/image\/20230411\/09\/lepu-creative-logo.webp\" alt=\"SHENZHEN CREATIVE INDUSTRY CO., LTD.\" width=\"134\" height=\"34\" \/><\/p>\n<p>&nbsp;<\/p>","protected":false},"featured_media":2980,"comment_status":"open","ping_status":"closed","template":"","meta":[],"product_brand":[],"product_cat":[50],"product_tag":[102],"class_list":{"0":"post-1269","1":"product","2":"type-product","3":"status-publish","4":"has-post-thumbnail","6":"product_cat-appareillages-diagnostic","7":"product_tag-moniteur-de-surveillance-multiparametrique","9":"first","10":"instock","11":"taxable","12":"shipping-taxable","13":"purchasable","14":"product-type-simple"},"yoast_head":"<!-- This site is optimized with the Yoast SEO plugin v26.9 - https:\/\/yoast.com\/product\/yoast-seo-wordpress\/ -->\n<title>Moniteur Multiparam\u00e9trique K10 - YAZMED<\/title>\n<meta name=\"robots\" content=\"index, follow, max-snippet:-1, max-image-preview:large, max-video-preview:-1\" \/>\n<link rel=\"canonical\" href=\"https:\/\/yazmed.ma\/ar\/product\/moniteur-de-surveillance-kseries-multiparametrique\/\" \/>\n<meta property=\"og:locale\" content=\"ar_AR\" \/>\n<meta property=\"og:type\" content=\"article\" \/>\n<meta property=\"og:title\" content=\"Moniteur Multiparam\u00e9trique K10 - YAZMED\" \/>\n<meta property=\"og:description\" content=\"Moniteur de surveillance Multiparam\u00e9trique Moniteurs multi-fonctionnels des patients, con\u00e7us pour surveiller les signes physiologiques vitaux de patients adultes, p\u00e9diatriques et n\u00e9onataux.  Gr\u00e2ce aux fonctions d&#039;enregistrement et d&#039;affichage en temps r\u00e9el de param\u00e8tres tels que l&#039;ECG, pression art\u00e9rielle(HR), la pression sanguine non invasive (NIBP), la saturation en oxyg\u00e8ne (SpO2 ), la respiration (RESP), la temp\u00e9rature (TEMP), ils permettent d&#039;effectuer une analyse compl\u00e8te des conditions physiologiques du patient.    &nbsp;\" \/>\n<meta property=\"og:url\" content=\"https:\/\/yazmed.ma\/ar\/product\/moniteur-de-surveillance-kseries-multiparametrique\/\" \/>\n<meta property=\"og:site_name\" content=\"YAZMED\" \/>\n<meta property=\"article:publisher\" content=\"https:\/\/www.facebook.com\/azenkouky\" \/>\n<meta property=\"article:modified_time\" content=\"2025-12-17T18:46:09+00:00\" \/>\n<meta property=\"og:image\" content=\"https:\/\/yazmed.ma\/wp-content\/uploads\/2024\/12\/Design-sans-titre-61.png\" \/>\n\t<meta property=\"og:image:width\" content=\"570\" \/>\n\t<meta property=\"og:image:height\" content=\"517\" \/>\n\t<meta property=\"og:image:type\" content=\"image\/png\" \/>\n<meta name=\"twitter:card\" content=\"summary_large_image\" \/>\n<script type=\"application\/ld+json\" class=\"yoast-schema-graph\">{\"@context\":\"https:\/\/schema.org\",\"@graph\":[{\"@type\":\"WebPage\",\"@id\":\"https:\/\/yazmed.ma\/product\/moniteur-de-surveillance-kseries-multiparametrique\/\",\"url\":\"https:\/\/yazmed.ma\/product\/moniteur-de-surveillance-kseries-multiparametrique\/\",\"name\":\"Moniteur Multiparam\u00e9trique K10 - YAZMED\",\"isPartOf\":{\"@id\":\"https:\/\/yazmed.ma\/#website\"},\"primaryImageOfPage\":{\"@id\":\"https:\/\/yazmed.ma\/product\/moniteur-de-surveillance-kseries-multiparametrique\/#primaryimage\"},\"image\":{\"@id\":\"https:\/\/yazmed.ma\/product\/moniteur-de-surveillance-kseries-multiparametrique\/#primaryimage\"},\"thumbnailUrl\":\"https:\/\/yazmed.ma\/wp-content\/uploads\/2024\/12\/Moniteur-Multiparametrique-K10.webp\",\"datePublished\":\"2024-12-23T09:49:54+00:00\",\"dateModified\":\"2025-12-17T18:46:09+00:00\",\"breadcrumb\":{\"@id\":\"https:\/\/yazmed.ma\/product\/moniteur-de-surveillance-kseries-multiparametrique\/#breadcrumb\"},\"inLanguage\":\"ary\",\"potentialAction\":[{\"@type\":\"ReadAction\",\"target\":[\"https:\/\/yazmed.ma\/product\/moniteur-de-surveillance-kseries-multiparametrique\/\"]}]},{\"@type\":\"ImageObject\",\"inLanguage\":\"ary\",\"@id\":\"https:\/\/yazmed.ma\/product\/moniteur-de-surveillance-kseries-multiparametrique\/#primaryimage\",\"url\":\"https:\/\/yazmed.ma\/wp-content\/uploads\/2024\/12\/Moniteur-Multiparametrique-K10.webp\",\"contentUrl\":\"https:\/\/yazmed.ma\/wp-content\/uploads\/2024\/12\/Moniteur-Multiparametrique-K10.webp\",\"width\":450,\"height\":450,\"caption\":\"Moniteur Multiparam\u00e9trique K10\"},{\"@type\":\"BreadcrumbList\",\"@id\":\"https:\/\/yazmed.ma\/product\/moniteur-de-surveillance-kseries-multiparametrique\/#breadcrumb\",\"itemListElement\":[{\"@type\":\"ListItem\",\"position\":1,\"name\":\"Accueil\",\"item\":\"https:\/\/yazmed.ma\/\"},{\"@type\":\"ListItem\",\"position\":2,\"name\":\"Shop\",\"item\":\"https:\/\/yazmed.ma\/shop-2\/\"},{\"@type\":\"ListItem\",\"position\":3,\"name\":\"Moniteur de surveillance Kseries Multiparam\u00e9trique\"}]},{\"@type\":\"WebSite\",\"@id\":\"https:\/\/yazmed.ma\/#website\",\"url\":\"https:\/\/yazmed.ma\/\",\"name\":\"Yazmed\",\"description\":\"LEADER DU MAT\u00c9RIEL M\u00c9DICAL AU MAROC\",\"publisher\":{\"@id\":\"https:\/\/yazmed.ma\/#organization\"},\"potentialAction\":[{\"@type\":\"SearchAction\",\"target\":{\"@type\":\"EntryPoint\",\"urlTemplate\":\"https:\/\/yazmed.ma\/?s={search_term_string}\"},\"query-input\":{\"@type\":\"PropertyValueSpecification\",\"valueRequired\":true,\"valueName\":\"search_term_string\"}}],\"inLanguage\":\"ary\"},{\"@type\":\"Organization\",\"@id\":\"https:\/\/yazmed.ma\/#organization\",\"name\":\"Yazmed Healthcare\",\"url\":\"https:\/\/yazmed.ma\/\",\"logo\":{\"@type\":\"ImageObject\",\"inLanguage\":\"ary\",\"@id\":\"https:\/\/yazmed.ma\/#\/schema\/logo\/image\/\",\"url\":\"https:\/\/yazmed.ma\/wp-content\/uploads\/2024\/12\/3.png\",\"contentUrl\":\"https:\/\/yazmed.ma\/wp-content\/uploads\/2024\/12\/3.png\",\"width\":250,\"height\":70,\"caption\":\"Yazmed Healthcare\"},\"image\":{\"@id\":\"https:\/\/yazmed.ma\/#\/schema\/logo\/image\/\"},\"sameAs\":[\"https:\/\/www.facebook.com\/azenkouky\",\"https:\/\/www.instagram.com\/yazmedhealthcare\",\"https:\/\/www.linkedin.com\/in\/yazmed-healthcare-1b4955295\"]}]}<\/script>\n<!-- \/ Yoast SEO plugin. -->","yoast_head_json":{"title":"Moniteur Multiparam\u00e9trique K10 - YAZMED","robots":{"index":"index","follow":"follow","max-snippet":"max-snippet:-1","max-image-preview":"max-image-preview:large","max-video-preview":"max-video-preview:-1"},"canonical":"https:\/\/yazmed.ma\/ar\/product\/moniteur-de-surveillance-kseries-multiparametrique\/","og_locale":"ar_AR","og_type":"article","og_title":"Moniteur Multiparam\u00e9trique K10 - YAZMED","og_description":"Moniteur de surveillance Multiparam\u00e9trique Moniteurs multi-fonctionnels des patients, con\u00e7us pour surveiller les signes physiologiques vitaux de patients adultes, p\u00e9diatriques et n\u00e9onataux.  Gr\u00e2ce aux fonctions d'enregistrement et d'affichage en temps r\u00e9el de param\u00e8tres tels que l'ECG, pression art\u00e9rielle(HR), la pression sanguine non invasive (NIBP), la saturation en oxyg\u00e8ne (SpO2 ), la respiration (RESP), la temp\u00e9rature (TEMP), ils permettent d'effectuer une analyse compl\u00e8te des conditions physiologiques du patient.    &nbsp;","og_url":"https:\/\/yazmed.ma\/ar\/product\/moniteur-de-surveillance-kseries-multiparametrique\/","og_site_name":"YAZMED","article_publisher":"https:\/\/www.facebook.com\/azenkouky","article_modified_time":"2025-12-17T18:46:09+00:00","og_image":[{"width":570,"height":517,"url":"https:\/\/yazmed.ma\/wp-content\/uploads\/2024\/12\/Design-sans-titre-61.png","type":"image\/png"}],"twitter_card":"summary_large_image","schema":{"@context":"https:\/\/schema.org","@graph":[{"@type":"WebPage","@id":"https:\/\/yazmed.ma\/product\/moniteur-de-surveillance-kseries-multiparametrique\/","url":"https:\/\/yazmed.ma\/product\/moniteur-de-surveillance-kseries-multiparametrique\/","name":"Moniteur Multiparam\u00e9trique K10 - YAZMED","isPartOf":{"@id":"https:\/\/yazmed.ma\/#website"},"primaryImageOfPage":{"@id":"https:\/\/yazmed.ma\/product\/moniteur-de-surveillance-kseries-multiparametrique\/#primaryimage"},"image":{"@id":"https:\/\/yazmed.ma\/product\/moniteur-de-surveillance-kseries-multiparametrique\/#primaryimage"},"thumbnailUrl":"https:\/\/yazmed.ma\/wp-content\/uploads\/2024\/12\/Moniteur-Multiparametrique-K10.webp","datePublished":"2024-12-23T09:49:54+00:00","dateModified":"2025-12-17T18:46:09+00:00","breadcrumb":{"@id":"https:\/\/yazmed.ma\/product\/moniteur-de-surveillance-kseries-multiparametrique\/#breadcrumb"},"inLanguage":"ary","potentialAction":[{"@type":"ReadAction","target":["https:\/\/yazmed.ma\/product\/moniteur-de-surveillance-kseries-multiparametrique\/"]}]},{"@type":"ImageObject","inLanguage":"ary","@id":"https:\/\/yazmed.ma\/product\/moniteur-de-surveillance-kseries-multiparametrique\/#primaryimage","url":"https:\/\/yazmed.ma\/wp-content\/uploads\/2024\/12\/Moniteur-Multiparametrique-K10.webp","contentUrl":"https:\/\/yazmed.ma\/wp-content\/uploads\/2024\/12\/Moniteur-Multiparametrique-K10.webp","width":450,"height":450,"caption":"Moniteur Multiparam\u00e9trique K10"},{"@type":"BreadcrumbList","@id":"https:\/\/yazmed.ma\/product\/moniteur-de-surveillance-kseries-multiparametrique\/#breadcrumb","itemListElement":[{"@type":"ListItem","position":1,"name":"Accueil","item":"https:\/\/yazmed.ma\/"},{"@type":"ListItem","position":2,"name":"Shop","item":"https:\/\/yazmed.ma\/shop-2\/"},{"@type":"ListItem","position":3,"name":"Moniteur de surveillance Kseries Multiparam\u00e9trique"}]},{"@type":"WebSite","@id":"https:\/\/yazmed.ma\/#website","url":"https:\/\/yazmed.ma\/","name":"Yazmed","description":"LEADER DU MAT\u00c9RIEL M\u00c9DICAL AU MAROC","publisher":{"@id":"https:\/\/yazmed.ma\/#organization"},"potentialAction":[{"@type":"SearchAction","target":{"@type":"EntryPoint","urlTemplate":"https:\/\/yazmed.ma\/?s={search_term_string}"},"query-input":{"@type":"PropertyValueSpecification","valueRequired":true,"valueName":"search_term_string"}}],"inLanguage":"ary"},{"@type":"Organization","@id":"https:\/\/yazmed.ma\/#organization","name":"Yazmed Healthcare","url":"https:\/\/yazmed.ma\/","logo":{"@type":"ImageObject","inLanguage":"ary","@id":"https:\/\/yazmed.ma\/#\/schema\/logo\/image\/","url":"https:\/\/yazmed.ma\/wp-content\/uploads\/2024\/12\/3.png","contentUrl":"https:\/\/yazmed.ma\/wp-content\/uploads\/2024\/12\/3.png","width":250,"height":70,"caption":"Yazmed Healthcare"},"image":{"@id":"https:\/\/yazmed.ma\/#\/schema\/logo\/image\/"},"sameAs":["https:\/\/www.facebook.com\/azenkouky","https:\/\/www.instagram.com\/yazmedhealthcare","https:\/\/www.linkedin.com\/in\/yazmed-healthcare-1b4955295"]}]}},"_links":{"self":[{"href":"https:\/\/yazmed.ma\/ar\/wp-json\/wp\/v2\/product\/1269","targetHints":{"allow":["GET"]}}],"collection":[{"href":"https:\/\/yazmed.ma\/ar\/wp-json\/wp\/v2\/product"}],"about":[{"href":"https:\/\/yazmed.ma\/ar\/wp-json\/wp\/v2\/types\/product"}],"replies":[{"embeddable":true,"href":"https:\/\/yazmed.ma\/ar\/wp-json\/wp\/v2\/comments?post=1269"}],"version-history":[{"count":1,"href":"https:\/\/yazmed.ma\/ar\/wp-json\/wp\/v2\/product\/1269\/revisions"}],"predecessor-version":[{"id":2979,"href":"https:\/\/yazmed.ma\/ar\/wp-json\/wp\/v2\/product\/1269\/revisions\/2979"}],"wp:featuredmedia":[{"embeddable":true,"href":"https:\/\/yazmed.ma\/ar\/wp-json\/wp\/v2\/media\/2980"}],"wp:attachment":[{"href":"https:\/\/yazmed.ma\/ar\/wp-json\/wp\/v2\/media?parent=1269"}],"wp:term":[{"taxonomy":"product_brand","embeddable":true,"href":"https:\/\/yazmed.ma\/ar\/wp-json\/wp\/v2\/product_brand?post=1269"},{"taxonomy":"product_cat","embeddable":true,"href":"https:\/\/yazmed.ma\/ar\/wp-json\/wp\/v2\/product_cat?post=1269"},{"taxonomy":"product_tag","embeddable":true,"href":"https:\/\/yazmed.ma\/ar\/wp-json\/wp\/v2\/product_tag?post=1269"}],"curies":[{"name":"wp","href":"https:\/\/api.w.org\/{rel}","templated":true}]}}