{"id":1264,"date":"2024-12-23T09:41:29","date_gmt":"2024-12-23T09:41:29","guid":{"rendered":"https:\/\/yazmed.ma\/?post_type=product&#038;p=1264"},"modified":"2025-12-17T21:33:53","modified_gmt":"2025-12-17T21:33:53","slug":"omron-m7-tensiometre-intelli-it","status":"publish","type":"product","link":"https:\/\/yazmed.ma\/ar\/product\/omron-m7-tensiometre-intelli-it\/","title":{"rendered":"Omron M7 tensiom\u00e8tre intelli it"},"content":{"rendered":"<h5>\u00a0 \u00a0 \u00a0 \u00a0 <img decoding=\"async\" class=\"\" src=\"https:\/\/omron.fr\/images\/omron-logo.svg\" alt=\"Omron logo\" width=\"108\" height=\"21\" \/><\/h5>\n<ul>\n<li data-start=\"792\" data-end=\"861\"><img decoding=\"async\" class=\"emoji\" role=\"img\" draggable=\"false\" src=\"https:\/\/s.w.org\/images\/core\/emoji\/16.0.1\/svg\/2705.svg\" alt=\"\u2705\" \/>\u00a0<strong data-start=\"794\" data-end=\"827\">Technologie Intelli Wrap Cuff<\/strong>\u00a0: brassard intelligent 22\u201342 cm<\/li>\n<li data-start=\"864\" data-end=\"941\"><img decoding=\"async\" class=\"emoji\" role=\"img\" draggable=\"false\" src=\"https:\/\/s.w.org\/images\/core\/emoji\/16.0.1\/svg\/2705.svg\" alt=\"\u2705\" \/>\u00a0<strong data-start=\"866\" data-end=\"889\">Connexion Bluetooth<\/strong>\u00a0: synchronisation avec smartphone (iOS &amp; Android)<\/li>\n<li data-start=\"944\" data-end=\"1012\"><img decoding=\"async\" class=\"emoji\" role=\"img\" draggable=\"false\" src=\"https:\/\/s.w.org\/images\/core\/emoji\/16.0.1\/svg\/2705.svg\" alt=\"\u2705\" \/>\u00a0<strong data-start=\"946\" data-end=\"968\">Double utilisateur<\/strong>\u00a0: m\u00e9morise jusqu\u2019\u00e0 100 mesures par profil<\/li>\n<\/ul>","protected":false},"excerpt":{"rendered":"<h2 data-start=\"254\" data-end=\"566\">Omron M7 tensiom\u00e8tre intelli it<\/h2>\n<p class=\"\" data-start=\"254\" data-end=\"566\">Le\u00a0<strong data-start=\"257\" data-end=\"280\">Omron M7 Intelli IT<\/strong>\u00a0est un tensiom\u00e8tre haut de gamme con\u00e7u pour offrir des mesures pr\u00e9cises et intelligentes de la\u00a0<strong data-start=\"376\" data-end=\"399\">a\u00a0<a title=\"Pression art\u00e9rielle\" href=\"https:\/\/fr.wikipedia.org\/wiki\/Pression_art%C3%A9rielle\">pression art\u00e9rielle<\/a>.<\/strong>\u00a0et du\u00a0<strong data-start=\"406\" data-end=\"426\">rythme cardiaque<\/strong>. Gr\u00e2ce \u00e0 sa technologie\u00a0<strong data-start=\"451\" data-end=\"472\">Intelli Wrap Cuff<\/strong>, il garantit des r\u00e9sultats fiables, quelle que soit la position du brassard autour du bras.<\/p>\n<p class=\"\" data-start=\"568\" data-end=\"764\">Connect\u00e9 via\u00a0<strong data-start=\"581\" data-end=\"594\">Bluetooth<\/strong>, il se synchronise avec l\u2019application\u00a0<strong data-start=\"633\" data-end=\"650\">OMRON Connect<\/strong>\u00a0pour suivre vos donn\u00e9es de sant\u00e9 \u00e0 long terme. Id\u00e9al pour les patients hypertendus et les utilisateurs exigeants.<\/p>\n<p data-start=\"568\" data-end=\"764\"><strong data-start=\"794\" data-end=\"827\">Technologie Intelli Wrap Cuff<\/strong>\u00a0: brassard intelligent 22\u201342 cm<\/p>\n<h5><img decoding=\"async\" class=\"\" src=\"https:\/\/omron.fr\/images\/omron-logo.svg\" alt=\"Omron logo\" width=\"108\" height=\"21\" \/><\/h5>\n<p data-start=\"568\" data-end=\"764\">","protected":false},"featured_media":1265,"comment_status":"open","ping_status":"closed","template":"","meta":[],"product_brand":[],"product_cat":[50],"product_tag":[251,179,178],"class_list":{"0":"post-1264","1":"product","2":"type-product","3":"status-publish","4":"has-post-thumbnail","6":"product_cat-appareillages-diagnostic","7":"product_tag-diagnostic-et-appareillage","8":"product_tag-omron","9":"product_tag-tensiometre","11":"first","12":"instock","13":"taxable","14":"shipping-taxable","15":"purchasable","16":"product-type-simple"},"yoast_head":"<!-- This site is optimized with the Yoast SEO plugin v26.9 - https:\/\/yoast.com\/product\/yoast-seo-wordpress\/ -->\n<title>Omron M7 tensiom\u00e8tre intelli it - YAZMED<\/title>\n<meta name=\"robots\" content=\"index, follow, max-snippet:-1, max-image-preview:large, max-video-preview:-1\" \/>\n<link rel=\"canonical\" href=\"https:\/\/yazmed.ma\/ar\/product\/tensiometre-brassard-intelli-it-omron\/\" \/>\n<meta property=\"og:locale\" content=\"ar_AR\" \/>\n<meta property=\"og:type\" content=\"article\" \/>\n<meta property=\"og:title\" content=\"Omron M7 tensiom\u00e8tre intelli it - YAZMED\" \/>\n<meta property=\"og:description\" content=\"Omron M7 tensiom\u00e8tre intelli it Le\u00a0Omron M7 Intelli IT\u00a0est un tensiom\u00e8tre haut de gamme con\u00e7u pour offrir des mesures pr\u00e9cises et intelligentes de la\u00a0a\u00a0pression art\u00e9rielle.\u00a0et du\u00a0rythme cardiaque. Gr\u00e2ce \u00e0 sa technologie\u00a0Intelli Wrap Cuff, il garantit des r\u00e9sultats fiables, quelle que soit la position du brassard autour du bras. Connect\u00e9 via\u00a0Bluetooth, il se synchronise avec l\u2019application\u00a0OMRON Connect\u00a0pour suivre vos donn\u00e9es de sant\u00e9 \u00e0 long terme. Id\u00e9al pour les patients hypertendus et les utilisateurs exigeants. Technologie Intelli Wrap Cuff\u00a0: brassard intelligent 22\u201342 cm\" \/>\n<meta property=\"og:url\" content=\"https:\/\/yazmed.ma\/ar\/product\/tensiometre-brassard-intelli-it-omron\/\" \/>\n<meta property=\"og:site_name\" content=\"YAZMED\" \/>\n<meta property=\"article:publisher\" content=\"https:\/\/www.facebook.com\/azenkouky\" \/>\n<meta property=\"article:modified_time\" content=\"2025-12-17T21:33:53+00:00\" \/>\n<meta property=\"og:image\" content=\"https:\/\/yazmed.ma\/wp-content\/uploads\/2024\/12\/87f84c35-f148-47e7-a832-ff6a0d2570df.jpg\" \/>\n\t<meta property=\"og:image:width\" content=\"600\" \/>\n\t<meta property=\"og:image:height\" content=\"600\" \/>\n\t<meta property=\"og:image:type\" content=\"image\/jpeg\" \/>\n<meta name=\"twitter:card\" content=\"summary_large_image\" \/>\n<meta name=\"twitter:label1\" content=\"Est. reading time\" \/>\n\t<meta name=\"twitter:data1\" content=\"1 minute\" \/>\n<script type=\"application\/ld+json\" class=\"yoast-schema-graph\">{\"@context\":\"https:\/\/schema.org\",\"@graph\":[{\"@type\":\"WebPage\",\"@id\":\"https:\/\/yazmed.ma\/product\/tensiometre-brassard-intelli-it-omron\/\",\"url\":\"https:\/\/yazmed.ma\/product\/tensiometre-brassard-intelli-it-omron\/\",\"name\":\"Omron M7 tensiom\u00e8tre intelli it - YAZMED\",\"isPartOf\":{\"@id\":\"https:\/\/yazmed.ma\/#website\"},\"primaryImageOfPage\":{\"@id\":\"https:\/\/yazmed.ma\/product\/tensiometre-brassard-intelli-it-omron\/#primaryimage\"},\"image\":{\"@id\":\"https:\/\/yazmed.ma\/product\/tensiometre-brassard-intelli-it-omron\/#primaryimage\"},\"thumbnailUrl\":\"https:\/\/yazmed.ma\/wp-content\/uploads\/2024\/12\/87f84c35-f148-47e7-a832-ff6a0d2570df.jpg\",\"datePublished\":\"2024-12-23T09:41:29+00:00\",\"dateModified\":\"2025-12-17T21:33:53+00:00\",\"breadcrumb\":{\"@id\":\"https:\/\/yazmed.ma\/product\/tensiometre-brassard-intelli-it-omron\/#breadcrumb\"},\"inLanguage\":\"ary\",\"potentialAction\":[{\"@type\":\"ReadAction\",\"target\":[\"https:\/\/yazmed.ma\/product\/tensiometre-brassard-intelli-it-omron\/\"]}]},{\"@type\":\"ImageObject\",\"inLanguage\":\"ary\",\"@id\":\"https:\/\/yazmed.ma\/product\/tensiometre-brassard-intelli-it-omron\/#primaryimage\",\"url\":\"https:\/\/yazmed.ma\/wp-content\/uploads\/2024\/12\/87f84c35-f148-47e7-a832-ff6a0d2570df.jpg\",\"contentUrl\":\"https:\/\/yazmed.ma\/wp-content\/uploads\/2024\/12\/87f84c35-f148-47e7-a832-ff6a0d2570df.jpg\",\"width\":600,\"height\":600,\"caption\":\"Tensiom\u00e8tre brassard Intelli IT- OMRON Yazmed Maroc\"},{\"@type\":\"BreadcrumbList\",\"@id\":\"https:\/\/yazmed.ma\/product\/tensiometre-brassard-intelli-it-omron\/#breadcrumb\",\"itemListElement\":[{\"@type\":\"ListItem\",\"position\":1,\"name\":\"Accueil\",\"item\":\"https:\/\/yazmed.ma\/\"},{\"@type\":\"ListItem\",\"position\":2,\"name\":\"Shop\",\"item\":\"https:\/\/yazmed.ma\/shop-2\/\"},{\"@type\":\"ListItem\",\"position\":3,\"name\":\"Tensiom\u00e8tre brassard Intelli IT- OMRON\"}]},{\"@type\":\"WebSite\",\"@id\":\"https:\/\/yazmed.ma\/#website\",\"url\":\"https:\/\/yazmed.ma\/\",\"name\":\"Yazmed\",\"description\":\"LEADER DU MAT\u00c9RIEL M\u00c9DICAL AU MAROC\",\"publisher\":{\"@id\":\"https:\/\/yazmed.ma\/#organization\"},\"potentialAction\":[{\"@type\":\"SearchAction\",\"target\":{\"@type\":\"EntryPoint\",\"urlTemplate\":\"https:\/\/yazmed.ma\/?s={search_term_string}\"},\"query-input\":{\"@type\":\"PropertyValueSpecification\",\"valueRequired\":true,\"valueName\":\"search_term_string\"}}],\"inLanguage\":\"ary\"},{\"@type\":\"Organization\",\"@id\":\"https:\/\/yazmed.ma\/#organization\",\"name\":\"Yazmed Healthcare\",\"url\":\"https:\/\/yazmed.ma\/\",\"logo\":{\"@type\":\"ImageObject\",\"inLanguage\":\"ary\",\"@id\":\"https:\/\/yazmed.ma\/#\/schema\/logo\/image\/\",\"url\":\"https:\/\/yazmed.ma\/wp-content\/uploads\/2024\/12\/3.png\",\"contentUrl\":\"https:\/\/yazmed.ma\/wp-content\/uploads\/2024\/12\/3.png\",\"width\":250,\"height\":70,\"caption\":\"Yazmed Healthcare\"},\"image\":{\"@id\":\"https:\/\/yazmed.ma\/#\/schema\/logo\/image\/\"},\"sameAs\":[\"https:\/\/www.facebook.com\/azenkouky\",\"https:\/\/www.instagram.com\/yazmedhealthcare\",\"https:\/\/www.linkedin.com\/in\/yazmed-healthcare-1b4955295\"]}]}<\/script>\n<!-- \/ Yoast SEO plugin. -->","yoast_head_json":{"title":"Omron M7 tensiom\u00e8tre intelli it - YAZMED","robots":{"index":"index","follow":"follow","max-snippet":"max-snippet:-1","max-image-preview":"max-image-preview:large","max-video-preview":"max-video-preview:-1"},"canonical":"https:\/\/yazmed.ma\/ar\/product\/tensiometre-brassard-intelli-it-omron\/","og_locale":"ar_AR","og_type":"article","og_title":"Omron M7 tensiom\u00e8tre intelli it - YAZMED","og_description":"Omron M7 tensiom\u00e8tre intelli it Le\u00a0Omron M7 Intelli IT\u00a0est un tensiom\u00e8tre haut de gamme con\u00e7u pour offrir des mesures pr\u00e9cises et intelligentes de la\u00a0a\u00a0pression art\u00e9rielle.\u00a0et du\u00a0rythme cardiaque. Gr\u00e2ce \u00e0 sa technologie\u00a0Intelli Wrap Cuff, il garantit des r\u00e9sultats fiables, quelle que soit la position du brassard autour du bras. Connect\u00e9 via\u00a0Bluetooth, il se synchronise avec l\u2019application\u00a0OMRON Connect\u00a0pour suivre vos donn\u00e9es de sant\u00e9 \u00e0 long terme. Id\u00e9al pour les patients hypertendus et les utilisateurs exigeants. Technologie Intelli Wrap Cuff\u00a0: brassard intelligent 22\u201342 cm","og_url":"https:\/\/yazmed.ma\/ar\/product\/tensiometre-brassard-intelli-it-omron\/","og_site_name":"YAZMED","article_publisher":"https:\/\/www.facebook.com\/azenkouky","article_modified_time":"2025-12-17T21:33:53+00:00","og_image":[{"width":600,"height":600,"url":"https:\/\/yazmed.ma\/wp-content\/uploads\/2024\/12\/87f84c35-f148-47e7-a832-ff6a0d2570df.jpg","type":"image\/jpeg"}],"twitter_card":"summary_large_image","twitter_misc":{"Est. reading time":"1 minute"},"schema":{"@context":"https:\/\/schema.org","@graph":[{"@type":"WebPage","@id":"https:\/\/yazmed.ma\/product\/tensiometre-brassard-intelli-it-omron\/","url":"https:\/\/yazmed.ma\/product\/tensiometre-brassard-intelli-it-omron\/","name":"Omron M7 tensiom\u00e8tre intelli it - YAZMED","isPartOf":{"@id":"https:\/\/yazmed.ma\/#website"},"primaryImageOfPage":{"@id":"https:\/\/yazmed.ma\/product\/tensiometre-brassard-intelli-it-omron\/#primaryimage"},"image":{"@id":"https:\/\/yazmed.ma\/product\/tensiometre-brassard-intelli-it-omron\/#primaryimage"},"thumbnailUrl":"https:\/\/yazmed.ma\/wp-content\/uploads\/2024\/12\/87f84c35-f148-47e7-a832-ff6a0d2570df.jpg","datePublished":"2024-12-23T09:41:29+00:00","dateModified":"2025-12-17T21:33:53+00:00","breadcrumb":{"@id":"https:\/\/yazmed.ma\/product\/tensiometre-brassard-intelli-it-omron\/#breadcrumb"},"inLanguage":"ary","potentialAction":[{"@type":"ReadAction","target":["https:\/\/yazmed.ma\/product\/tensiometre-brassard-intelli-it-omron\/"]}]},{"@type":"ImageObject","inLanguage":"ary","@id":"https:\/\/yazmed.ma\/product\/tensiometre-brassard-intelli-it-omron\/#primaryimage","url":"https:\/\/yazmed.ma\/wp-content\/uploads\/2024\/12\/87f84c35-f148-47e7-a832-ff6a0d2570df.jpg","contentUrl":"https:\/\/yazmed.ma\/wp-content\/uploads\/2024\/12\/87f84c35-f148-47e7-a832-ff6a0d2570df.jpg","width":600,"height":600,"caption":"Tensiom\u00e8tre brassard Intelli IT- OMRON Yazmed Maroc"},{"@type":"BreadcrumbList","@id":"https:\/\/yazmed.ma\/product\/tensiometre-brassard-intelli-it-omron\/#breadcrumb","itemListElement":[{"@type":"ListItem","position":1,"name":"Accueil","item":"https:\/\/yazmed.ma\/"},{"@type":"ListItem","position":2,"name":"Shop","item":"https:\/\/yazmed.ma\/shop-2\/"},{"@type":"ListItem","position":3,"name":"Tensiom\u00e8tre brassard Intelli IT- OMRON"}]},{"@type":"WebSite","@id":"https:\/\/yazmed.ma\/#website","url":"https:\/\/yazmed.ma\/","name":"Yazmed","description":"LEADER DU MAT\u00c9RIEL M\u00c9DICAL AU MAROC","publisher":{"@id":"https:\/\/yazmed.ma\/#organization"},"potentialAction":[{"@type":"SearchAction","target":{"@type":"EntryPoint","urlTemplate":"https:\/\/yazmed.ma\/?s={search_term_string}"},"query-input":{"@type":"PropertyValueSpecification","valueRequired":true,"valueName":"search_term_string"}}],"inLanguage":"ary"},{"@type":"Organization","@id":"https:\/\/yazmed.ma\/#organization","name":"Yazmed Healthcare","url":"https:\/\/yazmed.ma\/","logo":{"@type":"ImageObject","inLanguage":"ary","@id":"https:\/\/yazmed.ma\/#\/schema\/logo\/image\/","url":"https:\/\/yazmed.ma\/wp-content\/uploads\/2024\/12\/3.png","contentUrl":"https:\/\/yazmed.ma\/wp-content\/uploads\/2024\/12\/3.png","width":250,"height":70,"caption":"Yazmed Healthcare"},"image":{"@id":"https:\/\/yazmed.ma\/#\/schema\/logo\/image\/"},"sameAs":["https:\/\/www.facebook.com\/azenkouky","https:\/\/www.instagram.com\/yazmedhealthcare","https:\/\/www.linkedin.com\/in\/yazmed-healthcare-1b4955295"]}]}},"_links":{"self":[{"href":"https:\/\/yazmed.ma\/ar\/wp-json\/wp\/v2\/product\/1264","targetHints":{"allow":["GET"]}}],"collection":[{"href":"https:\/\/yazmed.ma\/ar\/wp-json\/wp\/v2\/product"}],"about":[{"href":"https:\/\/yazmed.ma\/ar\/wp-json\/wp\/v2\/types\/product"}],"replies":[{"embeddable":true,"href":"https:\/\/yazmed.ma\/ar\/wp-json\/wp\/v2\/comments?post=1264"}],"version-history":[{"count":1,"href":"https:\/\/yazmed.ma\/ar\/wp-json\/wp\/v2\/product\/1264\/revisions"}],"predecessor-version":[{"id":2671,"href":"https:\/\/yazmed.ma\/ar\/wp-json\/wp\/v2\/product\/1264\/revisions\/2671"}],"wp:featuredmedia":[{"embeddable":true,"href":"https:\/\/yazmed.ma\/ar\/wp-json\/wp\/v2\/media\/1265"}],"wp:attachment":[{"href":"https:\/\/yazmed.ma\/ar\/wp-json\/wp\/v2\/media?parent=1264"}],"wp:term":[{"taxonomy":"product_brand","embeddable":true,"href":"https:\/\/yazmed.ma\/ar\/wp-json\/wp\/v2\/product_brand?post=1264"},{"taxonomy":"product_cat","embeddable":true,"href":"https:\/\/yazmed.ma\/ar\/wp-json\/wp\/v2\/product_cat?post=1264"},{"taxonomy":"product_tag","embeddable":true,"href":"https:\/\/yazmed.ma\/ar\/wp-json\/wp\/v2\/product_tag?post=1264"}],"curies":[{"name":"wp","href":"https:\/\/api.w.org\/{rel}","templated":true}]}}