{"id":1261,"date":"2024-12-23T09:34:38","date_gmt":"2024-12-23T09:34:38","guid":{"rendered":"https:\/\/yazmed.ma\/?post_type=product&#038;p=1261"},"modified":"2024-12-23T09:34:39","modified_gmt":"2024-12-23T09:34:39","slug":"tensiometre-brassard-omron-m3-comfort","status":"publish","type":"product","link":"https:\/\/yazmed.ma\/ar\/product\/tensiometre-brassard-omron-m3-comfort\/","title":{"rendered":"Tensiom\u00e8tre brassard OMRON M3 Comfort"},"content":{"rendered":"<h3><strong>SPECIFICATIONS TECHNIQUES :<\/strong><\/h3>\n<h4>M\u00e9thode de mesure : Oscillom\u00e9trique.<\/h4>\n<h4>Pr\u00e9cision :<\/h4>\n<h4>&#8211; Tension +\/- 3 mmHg,<\/h4>\n<h4>&#8211; Pouls +\/- 5% du r\u00e9sultat.<\/h4>\n<h4>Fourchette de mesure :<\/h4>\n<h4>&#8211; SYS \/ DIA : 0 &#8211; 299 mmHg.<\/h4>\n<h4>&#8211; Pouls : 40 \u00e0\u00a0180 battements \/ min.<\/h4>\n<h4>Circonf\u00e9rence du brassard : 22 \u00e0\u00a042 cm.<\/h4>\n<h4>Nombre utilisateurs : 2.<\/h4>\n<h4>M\u00e9moire : 2 x 60 mesures. Valeur moyenne des 3 mesures cons\u00e9cutives en 10 min.<\/h4>\n<h4>Affichage des valeurs : systole, diastole, pouls, date, heure.<\/h4>\n<h4>D\u00e9tecteur d&rsquo;arythmie. : oui<\/h4>\n<h4>Indicateur d&rsquo;hypertension : oui<\/h4>\n<h4>Alimentation : 4 piles AA 1,5V (fournies).<\/h4>\n<h4>Poids : 340 g (sans piles).<\/h4>\n<h4>Dimensions : 105 x 85 x 152 mm.<\/h4>","protected":false},"excerpt":{"rendered":"<ul>\n<li>Le moniteur de tension art\u00e9rielle OMRON M3 Comfort permet d&rsquo;obtenir facilement une lecture de pr\u00e9cision clinique depuis le confort de chez vous.<\/li>\n<li>La fa\u00e7on simple d&rsquo;obtenir des r\u00e9sultats pr\u00e9cis. Le M3 Comfort int\u00e8gre le brassard Intelli Wrap d&rsquo;OMRON, une technologie unique qui permet de placer le brassard facilement dans la bonne position sur le haut de votre bras. Le guide du brassard indique si vous l&rsquo;avez plac\u00e9 correctement pour faciliter encore davantage l&rsquo;utilisation de cet appareil. Restez immobile afin de mesurer votre tension art\u00e9rielle avec pr\u00e9cision. Le d\u00e9tecteur de mouvement corporel indiquera si vous avez trop boug\u00e9, pour \u00e9viter les lectures de tension art\u00e9rielle inexactes.<\/li>\n<li>Apr\u00e8s avoir mesur\u00e9 votre tension art\u00e9rielle, l&rsquo;OMRON M3 Comfort affichera votre rythme cardiaque. Un indicateur appara\u00eetra s&rsquo;il d\u00e9tecte un rythme cardiaque irr\u00e9gulier ou une tension art\u00e9rielle sup\u00e9rieure au niveau recommand\u00e9 (hypertension).<\/li>\n<li>Le M3 Comfort fait partie de la nouvelle gamme des moniteurs de tension art\u00e9rielle d&rsquo;OMRON pour le haut du bras et a donc \u00e9t\u00e9 con\u00e7u pour \u00eatre facile d&rsquo;utilisation. Cet appareil peut \u00eatre utilis\u00e9 par 2 utilisateurs distincts + 1 invit\u00e9. Il enregistre jusqu&rsquo;\u00e0\u00a060 lectures.<\/li>\n<\/ul>","protected":false},"featured_media":1262,"comment_status":"open","ping_status":"closed","template":"","meta":[],"product_brand":[],"product_cat":[50],"product_tag":[],"class_list":{"0":"post-1261","1":"product","2":"type-product","3":"status-publish","4":"has-post-thumbnail","6":"product_cat-appareillages-diagnostic","8":"first","9":"instock","10":"taxable","11":"shipping-taxable","12":"purchasable","13":"product-type-simple"},"yoast_head":"<!-- This site is optimized with the Yoast SEO plugin v26.9 - https:\/\/yoast.com\/product\/yoast-seo-wordpress\/ -->\n<title>Tensiom\u00e8tre brassard OMRON M3 Comfort - YAZMED<\/title>\n<meta name=\"robots\" content=\"index, follow, max-snippet:-1, max-image-preview:large, max-video-preview:-1\" \/>\n<link rel=\"canonical\" href=\"https:\/\/yazmed.ma\/ar\/product\/tensiometre-brassard-omron-m3-comfort\/\" \/>\n<meta property=\"og:locale\" content=\"ar_AR\" \/>\n<meta property=\"og:type\" content=\"article\" \/>\n<meta property=\"og:title\" content=\"Tensiom\u00e8tre brassard OMRON M3 Comfort - YAZMED\" \/>\n<meta property=\"og:description\" content=\"Le moniteur de tension art\u00e9rielle OMRON M3 Comfort permet d&#039;obtenir facilement une lecture de pr\u00e9cision clinique depuis le confort de chez vous.  La fa\u00e7on simple d&#039;obtenir des r\u00e9sultats pr\u00e9cis. Le M3 Comfort int\u00e8gre le brassard Intelli Wrap d&#039;OMRON, une technologie unique qui permet de placer le brassard facilement dans la bonne position sur le haut de votre bras. Le guide du brassard indique si vous l&#039;avez plac\u00e9 correctement pour faciliter encore davantage l&#039;utilisation de cet appareil. Restez immobile afin de mesurer votre tension art\u00e9rielle avec pr\u00e9cision. Le d\u00e9tecteur de mouvement corporel indiquera si vous avez trop boug\u00e9, pour \u00e9viter les lectures de tension art\u00e9rielle inexactes.  Apr\u00e8s avoir mesur\u00e9 votre tension art\u00e9rielle, l&#039;OMRON M3 Comfort affichera votre rythme cardiaque. Un indicateur appara\u00eetra s&#039;il d\u00e9tecte un rythme cardiaque irr\u00e9gulier ou une tension art\u00e9rielle sup\u00e9rieure au niveau recommand\u00e9 (hypertension).  Le M3 Comfort fait partie de la nouvelle gamme des moniteurs de tension art\u00e9rielle d&#039;OMRON pour le haut du bras et a donc \u00e9t\u00e9 con\u00e7u pour \u00eatre facile d&#039;utilisation. Cet appareil peut \u00eatre utilis\u00e9 par 2 utilisateurs distincts + 1 invit\u00e9. Il enregistre jusqu&#039;\u00e0\u00a060 lectures.\" \/>\n<meta property=\"og:url\" content=\"https:\/\/yazmed.ma\/ar\/product\/tensiometre-brassard-omron-m3-comfort\/\" \/>\n<meta property=\"og:site_name\" content=\"YAZMED\" \/>\n<meta property=\"article:publisher\" content=\"https:\/\/www.facebook.com\/azenkouky\" \/>\n<meta property=\"article:modified_time\" content=\"2024-12-23T09:34:39+00:00\" \/>\n<meta property=\"og:image\" content=\"https:\/\/yazmed.ma\/wp-content\/uploads\/2024\/12\/6bdf79a2-71a9-4b55-a05c-d436a9a48b66.jpg\" \/>\n\t<meta property=\"og:image:width\" content=\"600\" \/>\n\t<meta property=\"og:image:height\" content=\"600\" \/>\n\t<meta property=\"og:image:type\" content=\"image\/jpeg\" \/>\n<meta name=\"twitter:card\" content=\"summary_large_image\" \/>\n<meta name=\"twitter:label1\" content=\"Est. reading time\" \/>\n\t<meta name=\"twitter:data1\" content=\"1 minute\" \/>\n<script type=\"application\/ld+json\" class=\"yoast-schema-graph\">{\"@context\":\"https:\/\/schema.org\",\"@graph\":[{\"@type\":\"WebPage\",\"@id\":\"https:\/\/yazmed.ma\/product\/tensiometre-brassard-omron-m3-comfort\/\",\"url\":\"https:\/\/yazmed.ma\/product\/tensiometre-brassard-omron-m3-comfort\/\",\"name\":\"Tensiom\u00e8tre brassard OMRON M3 Comfort - YAZMED\",\"isPartOf\":{\"@id\":\"https:\/\/yazmed.ma\/#website\"},\"primaryImageOfPage\":{\"@id\":\"https:\/\/yazmed.ma\/product\/tensiometre-brassard-omron-m3-comfort\/#primaryimage\"},\"image\":{\"@id\":\"https:\/\/yazmed.ma\/product\/tensiometre-brassard-omron-m3-comfort\/#primaryimage\"},\"thumbnailUrl\":\"https:\/\/yazmed.ma\/wp-content\/uploads\/2024\/12\/6bdf79a2-71a9-4b55-a05c-d436a9a48b66.jpg\",\"datePublished\":\"2024-12-23T09:34:38+00:00\",\"dateModified\":\"2024-12-23T09:34:39+00:00\",\"breadcrumb\":{\"@id\":\"https:\/\/yazmed.ma\/product\/tensiometre-brassard-omron-m3-comfort\/#breadcrumb\"},\"inLanguage\":\"ary\",\"potentialAction\":[{\"@type\":\"ReadAction\",\"target\":[\"https:\/\/yazmed.ma\/product\/tensiometre-brassard-omron-m3-comfort\/\"]}]},{\"@type\":\"ImageObject\",\"inLanguage\":\"ary\",\"@id\":\"https:\/\/yazmed.ma\/product\/tensiometre-brassard-omron-m3-comfort\/#primaryimage\",\"url\":\"https:\/\/yazmed.ma\/wp-content\/uploads\/2024\/12\/6bdf79a2-71a9-4b55-a05c-d436a9a48b66.jpg\",\"contentUrl\":\"https:\/\/yazmed.ma\/wp-content\/uploads\/2024\/12\/6bdf79a2-71a9-4b55-a05c-d436a9a48b66.jpg\",\"width\":600,\"height\":600,\"caption\":\"Tensiom\u00e8tre brassard OMRON M3 Comfort Yazmed Maroc\"},{\"@type\":\"BreadcrumbList\",\"@id\":\"https:\/\/yazmed.ma\/product\/tensiometre-brassard-omron-m3-comfort\/#breadcrumb\",\"itemListElement\":[{\"@type\":\"ListItem\",\"position\":1,\"name\":\"Accueil\",\"item\":\"https:\/\/yazmed.ma\/\"},{\"@type\":\"ListItem\",\"position\":2,\"name\":\"Shop\",\"item\":\"https:\/\/yazmed.ma\/shop-2\/\"},{\"@type\":\"ListItem\",\"position\":3,\"name\":\"Tensiom\u00e8tre brassard OMRON M3 Comfort\"}]},{\"@type\":\"WebSite\",\"@id\":\"https:\/\/yazmed.ma\/#website\",\"url\":\"https:\/\/yazmed.ma\/\",\"name\":\"Yazmed\",\"description\":\"LEADER DU MAT\u00c9RIEL M\u00c9DICAL AU MAROC\",\"publisher\":{\"@id\":\"https:\/\/yazmed.ma\/#organization\"},\"potentialAction\":[{\"@type\":\"SearchAction\",\"target\":{\"@type\":\"EntryPoint\",\"urlTemplate\":\"https:\/\/yazmed.ma\/?s={search_term_string}\"},\"query-input\":{\"@type\":\"PropertyValueSpecification\",\"valueRequired\":true,\"valueName\":\"search_term_string\"}}],\"inLanguage\":\"ary\"},{\"@type\":\"Organization\",\"@id\":\"https:\/\/yazmed.ma\/#organization\",\"name\":\"Yazmed Healthcare\",\"url\":\"https:\/\/yazmed.ma\/\",\"logo\":{\"@type\":\"ImageObject\",\"inLanguage\":\"ary\",\"@id\":\"https:\/\/yazmed.ma\/#\/schema\/logo\/image\/\",\"url\":\"https:\/\/yazmed.ma\/wp-content\/uploads\/2024\/12\/3.png\",\"contentUrl\":\"https:\/\/yazmed.ma\/wp-content\/uploads\/2024\/12\/3.png\",\"width\":250,\"height\":70,\"caption\":\"Yazmed Healthcare\"},\"image\":{\"@id\":\"https:\/\/yazmed.ma\/#\/schema\/logo\/image\/\"},\"sameAs\":[\"https:\/\/www.facebook.com\/azenkouky\",\"https:\/\/www.instagram.com\/yazmedhealthcare\",\"https:\/\/www.linkedin.com\/in\/yazmed-healthcare-1b4955295\"]}]}<\/script>\n<!-- \/ Yoast SEO plugin. -->","yoast_head_json":{"title":"Tensiom\u00e8tre brassard OMRON M3 Comfort - YAZMED","robots":{"index":"index","follow":"follow","max-snippet":"max-snippet:-1","max-image-preview":"max-image-preview:large","max-video-preview":"max-video-preview:-1"},"canonical":"https:\/\/yazmed.ma\/ar\/product\/tensiometre-brassard-omron-m3-comfort\/","og_locale":"ar_AR","og_type":"article","og_title":"Tensiom\u00e8tre brassard OMRON M3 Comfort - YAZMED","og_description":"Le moniteur de tension art\u00e9rielle OMRON M3 Comfort permet d'obtenir facilement une lecture de pr\u00e9cision clinique depuis le confort de chez vous.  La fa\u00e7on simple d'obtenir des r\u00e9sultats pr\u00e9cis. Le M3 Comfort int\u00e8gre le brassard Intelli Wrap d'OMRON, une technologie unique qui permet de placer le brassard facilement dans la bonne position sur le haut de votre bras. Le guide du brassard indique si vous l'avez plac\u00e9 correctement pour faciliter encore davantage l'utilisation de cet appareil. Restez immobile afin de mesurer votre tension art\u00e9rielle avec pr\u00e9cision. Le d\u00e9tecteur de mouvement corporel indiquera si vous avez trop boug\u00e9, pour \u00e9viter les lectures de tension art\u00e9rielle inexactes.  Apr\u00e8s avoir mesur\u00e9 votre tension art\u00e9rielle, l'OMRON M3 Comfort affichera votre rythme cardiaque. Un indicateur appara\u00eetra s'il d\u00e9tecte un rythme cardiaque irr\u00e9gulier ou une tension art\u00e9rielle sup\u00e9rieure au niveau recommand\u00e9 (hypertension).  Le M3 Comfort fait partie de la nouvelle gamme des moniteurs de tension art\u00e9rielle d'OMRON pour le haut du bras et a donc \u00e9t\u00e9 con\u00e7u pour \u00eatre facile d'utilisation. Cet appareil peut \u00eatre utilis\u00e9 par 2 utilisateurs distincts + 1 invit\u00e9. Il enregistre jusqu'\u00e0\u00a060 lectures.","og_url":"https:\/\/yazmed.ma\/ar\/product\/tensiometre-brassard-omron-m3-comfort\/","og_site_name":"YAZMED","article_publisher":"https:\/\/www.facebook.com\/azenkouky","article_modified_time":"2024-12-23T09:34:39+00:00","og_image":[{"width":600,"height":600,"url":"https:\/\/yazmed.ma\/wp-content\/uploads\/2024\/12\/6bdf79a2-71a9-4b55-a05c-d436a9a48b66.jpg","type":"image\/jpeg"}],"twitter_card":"summary_large_image","twitter_misc":{"Est. reading time":"1 minute"},"schema":{"@context":"https:\/\/schema.org","@graph":[{"@type":"WebPage","@id":"https:\/\/yazmed.ma\/product\/tensiometre-brassard-omron-m3-comfort\/","url":"https:\/\/yazmed.ma\/product\/tensiometre-brassard-omron-m3-comfort\/","name":"Tensiom\u00e8tre brassard OMRON M3 Comfort - YAZMED","isPartOf":{"@id":"https:\/\/yazmed.ma\/#website"},"primaryImageOfPage":{"@id":"https:\/\/yazmed.ma\/product\/tensiometre-brassard-omron-m3-comfort\/#primaryimage"},"image":{"@id":"https:\/\/yazmed.ma\/product\/tensiometre-brassard-omron-m3-comfort\/#primaryimage"},"thumbnailUrl":"https:\/\/yazmed.ma\/wp-content\/uploads\/2024\/12\/6bdf79a2-71a9-4b55-a05c-d436a9a48b66.jpg","datePublished":"2024-12-23T09:34:38+00:00","dateModified":"2024-12-23T09:34:39+00:00","breadcrumb":{"@id":"https:\/\/yazmed.ma\/product\/tensiometre-brassard-omron-m3-comfort\/#breadcrumb"},"inLanguage":"ary","potentialAction":[{"@type":"ReadAction","target":["https:\/\/yazmed.ma\/product\/tensiometre-brassard-omron-m3-comfort\/"]}]},{"@type":"ImageObject","inLanguage":"ary","@id":"https:\/\/yazmed.ma\/product\/tensiometre-brassard-omron-m3-comfort\/#primaryimage","url":"https:\/\/yazmed.ma\/wp-content\/uploads\/2024\/12\/6bdf79a2-71a9-4b55-a05c-d436a9a48b66.jpg","contentUrl":"https:\/\/yazmed.ma\/wp-content\/uploads\/2024\/12\/6bdf79a2-71a9-4b55-a05c-d436a9a48b66.jpg","width":600,"height":600,"caption":"Tensiom\u00e8tre brassard OMRON M3 Comfort Yazmed Maroc"},{"@type":"BreadcrumbList","@id":"https:\/\/yazmed.ma\/product\/tensiometre-brassard-omron-m3-comfort\/#breadcrumb","itemListElement":[{"@type":"ListItem","position":1,"name":"Accueil","item":"https:\/\/yazmed.ma\/"},{"@type":"ListItem","position":2,"name":"Shop","item":"https:\/\/yazmed.ma\/shop-2\/"},{"@type":"ListItem","position":3,"name":"Tensiom\u00e8tre brassard OMRON M3 Comfort"}]},{"@type":"WebSite","@id":"https:\/\/yazmed.ma\/#website","url":"https:\/\/yazmed.ma\/","name":"Yazmed","description":"LEADER DU MAT\u00c9RIEL M\u00c9DICAL AU MAROC","publisher":{"@id":"https:\/\/yazmed.ma\/#organization"},"potentialAction":[{"@type":"SearchAction","target":{"@type":"EntryPoint","urlTemplate":"https:\/\/yazmed.ma\/?s={search_term_string}"},"query-input":{"@type":"PropertyValueSpecification","valueRequired":true,"valueName":"search_term_string"}}],"inLanguage":"ary"},{"@type":"Organization","@id":"https:\/\/yazmed.ma\/#organization","name":"Yazmed Healthcare","url":"https:\/\/yazmed.ma\/","logo":{"@type":"ImageObject","inLanguage":"ary","@id":"https:\/\/yazmed.ma\/#\/schema\/logo\/image\/","url":"https:\/\/yazmed.ma\/wp-content\/uploads\/2024\/12\/3.png","contentUrl":"https:\/\/yazmed.ma\/wp-content\/uploads\/2024\/12\/3.png","width":250,"height":70,"caption":"Yazmed Healthcare"},"image":{"@id":"https:\/\/yazmed.ma\/#\/schema\/logo\/image\/"},"sameAs":["https:\/\/www.facebook.com\/azenkouky","https:\/\/www.instagram.com\/yazmedhealthcare","https:\/\/www.linkedin.com\/in\/yazmed-healthcare-1b4955295"]}]}},"_links":{"self":[{"href":"https:\/\/yazmed.ma\/ar\/wp-json\/wp\/v2\/product\/1261","targetHints":{"allow":["GET"]}}],"collection":[{"href":"https:\/\/yazmed.ma\/ar\/wp-json\/wp\/v2\/product"}],"about":[{"href":"https:\/\/yazmed.ma\/ar\/wp-json\/wp\/v2\/types\/product"}],"replies":[{"embeddable":true,"href":"https:\/\/yazmed.ma\/ar\/wp-json\/wp\/v2\/comments?post=1261"}],"version-history":[{"count":0,"href":"https:\/\/yazmed.ma\/ar\/wp-json\/wp\/v2\/product\/1261\/revisions"}],"wp:featuredmedia":[{"embeddable":true,"href":"https:\/\/yazmed.ma\/ar\/wp-json\/wp\/v2\/media\/1262"}],"wp:attachment":[{"href":"https:\/\/yazmed.ma\/ar\/wp-json\/wp\/v2\/media?parent=1261"}],"wp:term":[{"taxonomy":"product_brand","embeddable":true,"href":"https:\/\/yazmed.ma\/ar\/wp-json\/wp\/v2\/product_brand?post=1261"},{"taxonomy":"product_cat","embeddable":true,"href":"https:\/\/yazmed.ma\/ar\/wp-json\/wp\/v2\/product_cat?post=1261"},{"taxonomy":"product_tag","embeddable":true,"href":"https:\/\/yazmed.ma\/ar\/wp-json\/wp\/v2\/product_tag?post=1261"}],"curies":[{"name":"wp","href":"https:\/\/api.w.org\/{rel}","templated":true}]}}