{"id":1258,"date":"2024-12-23T09:27:43","date_gmt":"2024-12-23T09:27:43","guid":{"rendered":"https:\/\/yazmed.ma\/?post_type=product&#038;p=1258"},"modified":"2025-07-31T21:44:40","modified_gmt":"2025-07-31T21:44:40","slug":"tensiometre-beurer","status":"publish","type":"product","link":"https:\/\/yazmed.ma\/ar\/product\/tensiometre-beurer\/","title":{"rendered":"Tensiom\u00e8tre \u00e9lectronique brassard  Beurer"},"content":{"rendered":"<p>Tensiom\u00e8tre \u00e9lectronique brassard Beurer<\/p>\n<p>&nbsp;<\/p>","protected":false},"excerpt":{"rendered":"<h4>Tensiom\u00e8tre \u00e9lectronique brassard Beurer<\/h4>\n<h4>Ce tensiom\u00e8tre d\u00e9termine automatiquement votre tension et votre pouls au niveau du bras. Avec ses 4\u00a0x\u00a030\u00a0emplacements de m\u00e9moire, ce tensiom\u00e8tre peut \u00eatre utilis\u00e9 par 4\u00a0utilisateurs.<\/h4>\n<ul>\n<li>Gr\u00e2ce aux 4\u00a0x\u00a030\u00a0emplacements de m\u00e9moire, jusqu&rsquo;\u00e0\u00a04\u00a0utilisateurs possible<\/li>\n<li>Mesure enti\u00e8rement automatique de la tension art\u00e9rielle et du pouls au niveau du bras<\/li>\n<li>\u00a0des 3 derni\u00e8res mesures<\/li>\n<li>\u00c9cran tr\u00e8s lisible<\/li>\n<li>4\u00a0x\u00a030\u00a0emplacements de m\u00e9moire<\/li>\n<li>Indicateur de risque<\/li>\n<li>D\u00e9pistage de l&rsquo;arythmie<\/li>\n<li>Produit m\u00e9dical<\/li>\n<li>Pour un tour de bras de 22 \u00e0\u00a035\u00a0cm<\/li>\n<li>Date et heure\/arr\u00eat automatique<\/li>\n<li>Message en cas d&rsquo;erreur d&rsquo;utilisation<\/li>\n<li>Indicateur de changement des piles<\/li>\n<li>Pochette de rangement<\/li>\n<\/ul>\n<p><img decoding=\"async\" src=\"https:\/\/saharamed.ma\/assets\/images\/brands\/beurer.png\" \/><\/p>","protected":false},"featured_media":1259,"comment_status":"open","ping_status":"closed","template":"","meta":[],"product_brand":[],"product_cat":[50],"product_tag":[],"class_list":{"0":"post-1258","1":"product","2":"type-product","3":"status-publish","4":"has-post-thumbnail","6":"product_cat-appareillages-diagnostic","8":"first","9":"instock","10":"taxable","11":"shipping-taxable","12":"purchasable","13":"product-type-simple"},"yoast_head":"<!-- This site is optimized with the Yoast SEO plugin v26.9 - https:\/\/yoast.com\/product\/yoast-seo-wordpress\/ -->\n<title>Tensiom\u00e8tre \u00e9lectronique brassard Beurer - YAZMED<\/title>\n<meta name=\"robots\" content=\"index, follow, max-snippet:-1, max-image-preview:large, max-video-preview:-1\" \/>\n<link rel=\"canonical\" href=\"https:\/\/yazmed.ma\/ar\/product\/tensiometre-electronique-brassard-beurer\/\" \/>\n<meta property=\"og:locale\" content=\"ar_AR\" \/>\n<meta property=\"og:type\" content=\"article\" \/>\n<meta property=\"og:title\" content=\"Tensiom\u00e8tre \u00e9lectronique brassard Beurer - YAZMED\" \/>\n<meta property=\"og:description\" content=\"Tensiom\u00e8tre \u00e9lectronique brassard Beurer Ce tensiom\u00e8tre d\u00e9termine automatiquement votre tension et votre pouls au niveau du bras. Avec ses 4\u00a0x\u00a030\u00a0emplacements de m\u00e9moire, ce tensiom\u00e8tre peut \u00eatre utilis\u00e9 par 4\u00a0utilisateurs.   Gr\u00e2ce aux 4\u00a0x\u00a030\u00a0emplacements de m\u00e9moire, jusqu&#039;\u00e0\u00a04\u00a0utilisateurs possible  Mesure enti\u00e8rement automatique de la tension art\u00e9rielle et du pouls au niveau du bras  \u00a0des 3 derni\u00e8res mesures  \u00c9cran tr\u00e8s lisible  4\u00a0x\u00a030\u00a0emplacements de m\u00e9moire  Indicateur de risque  D\u00e9pistage de l&#039;arythmie  Produit m\u00e9dical  Pour un tour de bras de 22 \u00e0\u00a035\u00a0cm  Date et heure\/arr\u00eat automatique  Message en cas d&#039;erreur d&#039;utilisation  Indicateur de changement des piles  Pochette de rangement\" \/>\n<meta property=\"og:url\" content=\"https:\/\/yazmed.ma\/ar\/product\/tensiometre-electronique-brassard-beurer\/\" \/>\n<meta property=\"og:site_name\" content=\"YAZMED\" \/>\n<meta property=\"article:publisher\" content=\"https:\/\/www.facebook.com\/azenkouky\" \/>\n<meta property=\"article:modified_time\" content=\"2025-07-31T21:44:40+00:00\" \/>\n<meta property=\"og:image\" content=\"https:\/\/yazmed.ma\/wp-content\/uploads\/2024\/12\/6c6f2316-2424-480e-9962-2b01926f1a3d.jpg\" \/>\n\t<meta property=\"og:image:width\" content=\"1341\" \/>\n\t<meta property=\"og:image:height\" content=\"1341\" \/>\n\t<meta property=\"og:image:type\" content=\"image\/jpeg\" \/>\n<meta name=\"twitter:card\" content=\"summary_large_image\" \/>\n<meta name=\"twitter:label1\" content=\"Est. reading time\" \/>\n\t<meta name=\"twitter:data1\" content=\"1 minute\" \/>\n<script type=\"application\/ld+json\" class=\"yoast-schema-graph\">{\"@context\":\"https:\/\/schema.org\",\"@graph\":[{\"@type\":\"WebPage\",\"@id\":\"https:\/\/yazmed.ma\/product\/tensiometre-electronique-brassard-beurer\/\",\"url\":\"https:\/\/yazmed.ma\/product\/tensiometre-electronique-brassard-beurer\/\",\"name\":\"Tensiom\u00e8tre \u00e9lectronique brassard Beurer - YAZMED\",\"isPartOf\":{\"@id\":\"https:\/\/yazmed.ma\/#website\"},\"primaryImageOfPage\":{\"@id\":\"https:\/\/yazmed.ma\/product\/tensiometre-electronique-brassard-beurer\/#primaryimage\"},\"image\":{\"@id\":\"https:\/\/yazmed.ma\/product\/tensiometre-electronique-brassard-beurer\/#primaryimage\"},\"thumbnailUrl\":\"https:\/\/yazmed.ma\/wp-content\/uploads\/2024\/12\/6c6f2316-2424-480e-9962-2b01926f1a3d.jpg\",\"datePublished\":\"2024-12-23T09:27:43+00:00\",\"dateModified\":\"2025-07-31T21:44:40+00:00\",\"breadcrumb\":{\"@id\":\"https:\/\/yazmed.ma\/product\/tensiometre-electronique-brassard-beurer\/#breadcrumb\"},\"inLanguage\":\"ary\",\"potentialAction\":[{\"@type\":\"ReadAction\",\"target\":[\"https:\/\/yazmed.ma\/product\/tensiometre-electronique-brassard-beurer\/\"]}]},{\"@type\":\"ImageObject\",\"inLanguage\":\"ary\",\"@id\":\"https:\/\/yazmed.ma\/product\/tensiometre-electronique-brassard-beurer\/#primaryimage\",\"url\":\"https:\/\/yazmed.ma\/wp-content\/uploads\/2024\/12\/6c6f2316-2424-480e-9962-2b01926f1a3d.jpg\",\"contentUrl\":\"https:\/\/yazmed.ma\/wp-content\/uploads\/2024\/12\/6c6f2316-2424-480e-9962-2b01926f1a3d.jpg\",\"width\":1341,\"height\":1341,\"caption\":\"Tensiom\u00e8tre \u00e9lectronique brassard Beurer Yazmed Maroc\"},{\"@type\":\"BreadcrumbList\",\"@id\":\"https:\/\/yazmed.ma\/product\/tensiometre-electronique-brassard-beurer\/#breadcrumb\",\"itemListElement\":[{\"@type\":\"ListItem\",\"position\":1,\"name\":\"Accueil\",\"item\":\"https:\/\/yazmed.ma\/\"},{\"@type\":\"ListItem\",\"position\":2,\"name\":\"Shop\",\"item\":\"https:\/\/yazmed.ma\/shop-2\/\"},{\"@type\":\"ListItem\",\"position\":3,\"name\":\"Tensiom\u00e8tre \u00e9lectronique brassard Beurer\"}]},{\"@type\":\"WebSite\",\"@id\":\"https:\/\/yazmed.ma\/#website\",\"url\":\"https:\/\/yazmed.ma\/\",\"name\":\"Yazmed\",\"description\":\"LEADER DU MAT\u00c9RIEL M\u00c9DICAL AU MAROC\",\"publisher\":{\"@id\":\"https:\/\/yazmed.ma\/#organization\"},\"potentialAction\":[{\"@type\":\"SearchAction\",\"target\":{\"@type\":\"EntryPoint\",\"urlTemplate\":\"https:\/\/yazmed.ma\/?s={search_term_string}\"},\"query-input\":{\"@type\":\"PropertyValueSpecification\",\"valueRequired\":true,\"valueName\":\"search_term_string\"}}],\"inLanguage\":\"ary\"},{\"@type\":\"Organization\",\"@id\":\"https:\/\/yazmed.ma\/#organization\",\"name\":\"Yazmed Healthcare\",\"url\":\"https:\/\/yazmed.ma\/\",\"logo\":{\"@type\":\"ImageObject\",\"inLanguage\":\"ary\",\"@id\":\"https:\/\/yazmed.ma\/#\/schema\/logo\/image\/\",\"url\":\"https:\/\/yazmed.ma\/wp-content\/uploads\/2024\/12\/3.png\",\"contentUrl\":\"https:\/\/yazmed.ma\/wp-content\/uploads\/2024\/12\/3.png\",\"width\":250,\"height\":70,\"caption\":\"Yazmed Healthcare\"},\"image\":{\"@id\":\"https:\/\/yazmed.ma\/#\/schema\/logo\/image\/\"},\"sameAs\":[\"https:\/\/www.facebook.com\/azenkouky\",\"https:\/\/www.instagram.com\/yazmedhealthcare\",\"https:\/\/www.linkedin.com\/in\/yazmed-healthcare-1b4955295\"]}]}<\/script>\n<!-- \/ Yoast SEO plugin. -->","yoast_head_json":{"title":"Tensiom\u00e8tre \u00e9lectronique brassard Beurer - YAZMED","robots":{"index":"index","follow":"follow","max-snippet":"max-snippet:-1","max-image-preview":"max-image-preview:large","max-video-preview":"max-video-preview:-1"},"canonical":"https:\/\/yazmed.ma\/ar\/product\/tensiometre-electronique-brassard-beurer\/","og_locale":"ar_AR","og_type":"article","og_title":"Tensiom\u00e8tre \u00e9lectronique brassard Beurer - YAZMED","og_description":"Tensiom\u00e8tre \u00e9lectronique brassard Beurer Ce tensiom\u00e8tre d\u00e9termine automatiquement votre tension et votre pouls au niveau du bras. Avec ses 4\u00a0x\u00a030\u00a0emplacements de m\u00e9moire, ce tensiom\u00e8tre peut \u00eatre utilis\u00e9 par 4\u00a0utilisateurs.   Gr\u00e2ce aux 4\u00a0x\u00a030\u00a0emplacements de m\u00e9moire, jusqu'\u00e0\u00a04\u00a0utilisateurs possible  Mesure enti\u00e8rement automatique de la tension art\u00e9rielle et du pouls au niveau du bras  \u00a0des 3 derni\u00e8res mesures  \u00c9cran tr\u00e8s lisible  4\u00a0x\u00a030\u00a0emplacements de m\u00e9moire  Indicateur de risque  D\u00e9pistage de l'arythmie  Produit m\u00e9dical  Pour un tour de bras de 22 \u00e0\u00a035\u00a0cm  Date et heure\/arr\u00eat automatique  Message en cas d'erreur d'utilisation  Indicateur de changement des piles  Pochette de rangement","og_url":"https:\/\/yazmed.ma\/ar\/product\/tensiometre-electronique-brassard-beurer\/","og_site_name":"YAZMED","article_publisher":"https:\/\/www.facebook.com\/azenkouky","article_modified_time":"2025-07-31T21:44:40+00:00","og_image":[{"width":1341,"height":1341,"url":"https:\/\/yazmed.ma\/wp-content\/uploads\/2024\/12\/6c6f2316-2424-480e-9962-2b01926f1a3d.jpg","type":"image\/jpeg"}],"twitter_card":"summary_large_image","twitter_misc":{"Est. reading time":"1 minute"},"schema":{"@context":"https:\/\/schema.org","@graph":[{"@type":"WebPage","@id":"https:\/\/yazmed.ma\/product\/tensiometre-electronique-brassard-beurer\/","url":"https:\/\/yazmed.ma\/product\/tensiometre-electronique-brassard-beurer\/","name":"Tensiom\u00e8tre \u00e9lectronique brassard Beurer - YAZMED","isPartOf":{"@id":"https:\/\/yazmed.ma\/#website"},"primaryImageOfPage":{"@id":"https:\/\/yazmed.ma\/product\/tensiometre-electronique-brassard-beurer\/#primaryimage"},"image":{"@id":"https:\/\/yazmed.ma\/product\/tensiometre-electronique-brassard-beurer\/#primaryimage"},"thumbnailUrl":"https:\/\/yazmed.ma\/wp-content\/uploads\/2024\/12\/6c6f2316-2424-480e-9962-2b01926f1a3d.jpg","datePublished":"2024-12-23T09:27:43+00:00","dateModified":"2025-07-31T21:44:40+00:00","breadcrumb":{"@id":"https:\/\/yazmed.ma\/product\/tensiometre-electronique-brassard-beurer\/#breadcrumb"},"inLanguage":"ary","potentialAction":[{"@type":"ReadAction","target":["https:\/\/yazmed.ma\/product\/tensiometre-electronique-brassard-beurer\/"]}]},{"@type":"ImageObject","inLanguage":"ary","@id":"https:\/\/yazmed.ma\/product\/tensiometre-electronique-brassard-beurer\/#primaryimage","url":"https:\/\/yazmed.ma\/wp-content\/uploads\/2024\/12\/6c6f2316-2424-480e-9962-2b01926f1a3d.jpg","contentUrl":"https:\/\/yazmed.ma\/wp-content\/uploads\/2024\/12\/6c6f2316-2424-480e-9962-2b01926f1a3d.jpg","width":1341,"height":1341,"caption":"Tensiom\u00e8tre \u00e9lectronique brassard Beurer Yazmed Maroc"},{"@type":"BreadcrumbList","@id":"https:\/\/yazmed.ma\/product\/tensiometre-electronique-brassard-beurer\/#breadcrumb","itemListElement":[{"@type":"ListItem","position":1,"name":"Accueil","item":"https:\/\/yazmed.ma\/"},{"@type":"ListItem","position":2,"name":"Shop","item":"https:\/\/yazmed.ma\/shop-2\/"},{"@type":"ListItem","position":3,"name":"Tensiom\u00e8tre \u00e9lectronique brassard Beurer"}]},{"@type":"WebSite","@id":"https:\/\/yazmed.ma\/#website","url":"https:\/\/yazmed.ma\/","name":"Yazmed","description":"LEADER DU MAT\u00c9RIEL M\u00c9DICAL AU MAROC","publisher":{"@id":"https:\/\/yazmed.ma\/#organization"},"potentialAction":[{"@type":"SearchAction","target":{"@type":"EntryPoint","urlTemplate":"https:\/\/yazmed.ma\/?s={search_term_string}"},"query-input":{"@type":"PropertyValueSpecification","valueRequired":true,"valueName":"search_term_string"}}],"inLanguage":"ary"},{"@type":"Organization","@id":"https:\/\/yazmed.ma\/#organization","name":"Yazmed Healthcare","url":"https:\/\/yazmed.ma\/","logo":{"@type":"ImageObject","inLanguage":"ary","@id":"https:\/\/yazmed.ma\/#\/schema\/logo\/image\/","url":"https:\/\/yazmed.ma\/wp-content\/uploads\/2024\/12\/3.png","contentUrl":"https:\/\/yazmed.ma\/wp-content\/uploads\/2024\/12\/3.png","width":250,"height":70,"caption":"Yazmed Healthcare"},"image":{"@id":"https:\/\/yazmed.ma\/#\/schema\/logo\/image\/"},"sameAs":["https:\/\/www.facebook.com\/azenkouky","https:\/\/www.instagram.com\/yazmedhealthcare","https:\/\/www.linkedin.com\/in\/yazmed-healthcare-1b4955295"]}]}},"_links":{"self":[{"href":"https:\/\/yazmed.ma\/ar\/wp-json\/wp\/v2\/product\/1258","targetHints":{"allow":["GET"]}}],"collection":[{"href":"https:\/\/yazmed.ma\/ar\/wp-json\/wp\/v2\/product"}],"about":[{"href":"https:\/\/yazmed.ma\/ar\/wp-json\/wp\/v2\/types\/product"}],"replies":[{"embeddable":true,"href":"https:\/\/yazmed.ma\/ar\/wp-json\/wp\/v2\/comments?post=1258"}],"version-history":[{"count":0,"href":"https:\/\/yazmed.ma\/ar\/wp-json\/wp\/v2\/product\/1258\/revisions"}],"wp:featuredmedia":[{"embeddable":true,"href":"https:\/\/yazmed.ma\/ar\/wp-json\/wp\/v2\/media\/1259"}],"wp:attachment":[{"href":"https:\/\/yazmed.ma\/ar\/wp-json\/wp\/v2\/media?parent=1258"}],"wp:term":[{"taxonomy":"product_brand","embeddable":true,"href":"https:\/\/yazmed.ma\/ar\/wp-json\/wp\/v2\/product_brand?post=1258"},{"taxonomy":"product_cat","embeddable":true,"href":"https:\/\/yazmed.ma\/ar\/wp-json\/wp\/v2\/product_cat?post=1258"},{"taxonomy":"product_tag","embeddable":true,"href":"https:\/\/yazmed.ma\/ar\/wp-json\/wp\/v2\/product_tag?post=1258"}],"curies":[{"name":"wp","href":"https:\/\/api.w.org\/{rel}","templated":true}]}}