{"id":1254,"date":"2024-12-23T09:10:47","date_gmt":"2024-12-23T09:10:47","guid":{"rendered":"https:\/\/yazmed.ma\/?post_type=product&#038;p=1254"},"modified":"2025-06-22T13:19:51","modified_gmt":"2025-06-22T13:19:51","slug":"tensiometre-beurer-2","status":"publish","type":"product","link":"https:\/\/yazmed.ma\/ar\/product\/tensiometre-beurer-2\/","title":{"rendered":"Tensiom\u00e8tre \u00e9lectronique brassard Beurer"},"content":{"rendered":"","protected":false},"excerpt":{"rendered":"<h5>Tensiom\u00e8tre \u00e9lectronique brassard EasyClip Beurer<\/h5>\n<h4>les manchettes encombrantes des instruments de mesure, difficiles \u00e0 fixer seul\u00a0: le tensiom\u00e8tre enti\u00e8rement automatique BM\u00a051 de Beurer est \u00e9quip\u00e9 d\u2019une manchette easyClip innovante positionnable avec une seule main. Pour une mesure rapide et automatique.<\/h4>\n<ul>\n<li>\n<h4>Manchette easyClip innovante : Positionnement simple avec une seule main<\/h4>\n<\/li>\n<li>\n<h4>Technologie de gonflage\u00a0: mesure rapide et confortable pendant le processus de gonflage<\/h4>\n<\/li>\n<li>\n<h4>\u00c9cran XL \u00e0 r\u00e9tro\u00e9clairage blanc tr\u00e8s lisible<\/h4>\n<\/li>\n<li>\n<h4>Mesure enti\u00e8rement automatique de la tension art\u00e9rielle et du pouls au niveau du bras<\/h4>\n<\/li>\n<li>\n<h4>Mesure automatique d\u00e8s le d\u00e9but du gonflage<\/h4>\n<\/li>\n<li>\n<h4>Moyenne de toutes les valeurs de mesure enregistr\u00e9es<\/h4>\n<\/li>\n<li>\n<h4>Deux m\u00e9moires utilisateur de 100\u00a0mesures chacune<\/h4>\n<\/li>\n<li>\n<h4>Indicateur de risque<\/h4>\n<\/li>\n<li>\n<h4>D\u00e9pistage de l\u2019arythmie<\/h4>\n<\/li>\n<li>\n<h4>Pour un tour de bras de 22 \u00e0 42\u00a0cm<\/h4>\n<\/li>\n<li>\n<h4>Date et heure\/arr\u00eat automatique<\/h4>\n<\/li>\n<li>\n<h4><img decoding=\"async\" class=\"alignleft\" src=\"https:\/\/saharamed.ma\/assets\/images\/brands\/beurer.png\" \/><\/h4>\n<\/li>\n<\/ul>","protected":false},"featured_media":1886,"comment_status":"open","ping_status":"closed","template":"","meta":[],"product_brand":[],"product_cat":[50],"product_tag":[],"class_list":{"0":"post-1254","1":"product","2":"type-product","3":"status-publish","4":"has-post-thumbnail","6":"product_cat-appareillages-diagnostic","8":"first","9":"instock","10":"taxable","11":"shipping-taxable","12":"purchasable","13":"product-type-simple"},"yoast_head":"<!-- This site is optimized with the Yoast SEO plugin v26.9 - https:\/\/yoast.com\/product\/yoast-seo-wordpress\/ -->\n<title>Tensiom\u00e8tre \u00e9lectronique brassard Beurer - YAZMED<\/title>\n<meta name=\"robots\" content=\"index, follow, max-snippet:-1, max-image-preview:large, max-video-preview:-1\" \/>\n<link rel=\"canonical\" href=\"https:\/\/yazmed.ma\/ar\/product\/tensiometre-electronique-brassard-easyclip-beurer\/\" \/>\n<meta property=\"og:locale\" content=\"ar_AR\" \/>\n<meta property=\"og:type\" content=\"article\" \/>\n<meta property=\"og:title\" content=\"Tensiom\u00e8tre \u00e9lectronique brassard Beurer - YAZMED\" \/>\n<meta property=\"og:description\" content=\"Tensiom\u00e8tre \u00e9lectronique brassard EasyClip Beurer les manchettes encombrantes des instruments de mesure, difficiles \u00e0 fixer seul\u00a0: le tensiom\u00e8tre enti\u00e8rement automatique BM\u00a051 de Beurer est \u00e9quip\u00e9 d\u2019une manchette easyClip innovante positionnable avec une seule main. Pour une mesure rapide et automatique.    Manchette easyClip innovante : Positionnement simple avec une seule main    Technologie de gonflage\u00a0: mesure rapide et confortable pendant le processus de gonflage    \u00c9cran XL \u00e0 r\u00e9tro\u00e9clairage blanc tr\u00e8s lisible    Mesure enti\u00e8rement automatique de la tension art\u00e9rielle et du pouls au niveau du bras    Mesure automatique d\u00e8s le d\u00e9but du gonflage    Moyenne de toutes les valeurs de mesure enregistr\u00e9es    Deux m\u00e9moires utilisateur de 100\u00a0mesures chacune    Indicateur de risque    D\u00e9pistage de l\u2019arythmie    Pour un tour de bras de 22 \u00e0 42\u00a0cm    Date et heure\/arr\u00eat automatique\" \/>\n<meta property=\"og:url\" content=\"https:\/\/yazmed.ma\/ar\/product\/tensiometre-electronique-brassard-easyclip-beurer\/\" \/>\n<meta property=\"og:site_name\" content=\"YAZMED\" \/>\n<meta property=\"article:publisher\" content=\"https:\/\/www.facebook.com\/azenkouky\" \/>\n<meta property=\"article:modified_time\" content=\"2025-06-22T13:19:51+00:00\" \/>\n<meta property=\"og:image\" content=\"https:\/\/yazmed.ma\/wp-content\/uploads\/2024\/12\/Design-sans-titre-63.png\" \/>\n\t<meta property=\"og:image:width\" content=\"570\" \/>\n\t<meta property=\"og:image:height\" content=\"517\" \/>\n\t<meta property=\"og:image:type\" content=\"image\/png\" \/>\n<meta name=\"twitter:card\" content=\"summary_large_image\" \/>\n<meta name=\"twitter:label1\" content=\"Est. reading time\" \/>\n\t<meta name=\"twitter:data1\" content=\"1 minute\" \/>\n<script type=\"application\/ld+json\" class=\"yoast-schema-graph\">{\"@context\":\"https:\/\/schema.org\",\"@graph\":[{\"@type\":\"WebPage\",\"@id\":\"https:\/\/yazmed.ma\/product\/tensiometre-electronique-brassard-easyclip-beurer\/\",\"url\":\"https:\/\/yazmed.ma\/product\/tensiometre-electronique-brassard-easyclip-beurer\/\",\"name\":\"Tensiom\u00e8tre \u00e9lectronique brassard Beurer - YAZMED\",\"isPartOf\":{\"@id\":\"https:\/\/yazmed.ma\/#website\"},\"primaryImageOfPage\":{\"@id\":\"https:\/\/yazmed.ma\/product\/tensiometre-electronique-brassard-easyclip-beurer\/#primaryimage\"},\"image\":{\"@id\":\"https:\/\/yazmed.ma\/product\/tensiometre-electronique-brassard-easyclip-beurer\/#primaryimage\"},\"thumbnailUrl\":\"https:\/\/yazmed.ma\/wp-content\/uploads\/2024\/12\/Design-sans-titre-63.png\",\"datePublished\":\"2024-12-23T09:10:47+00:00\",\"dateModified\":\"2025-06-22T13:19:51+00:00\",\"breadcrumb\":{\"@id\":\"https:\/\/yazmed.ma\/product\/tensiometre-electronique-brassard-easyclip-beurer\/#breadcrumb\"},\"inLanguage\":\"ary\",\"potentialAction\":[{\"@type\":\"ReadAction\",\"target\":[\"https:\/\/yazmed.ma\/product\/tensiometre-electronique-brassard-easyclip-beurer\/\"]}]},{\"@type\":\"ImageObject\",\"inLanguage\":\"ary\",\"@id\":\"https:\/\/yazmed.ma\/product\/tensiometre-electronique-brassard-easyclip-beurer\/#primaryimage\",\"url\":\"https:\/\/yazmed.ma\/wp-content\/uploads\/2024\/12\/Design-sans-titre-63.png\",\"contentUrl\":\"https:\/\/yazmed.ma\/wp-content\/uploads\/2024\/12\/Design-sans-titre-63.png\",\"width\":570,\"height\":517,\"caption\":\"Tensiom\u00e8tre \u00e9lectronique brassard EasyClip Beurer Yazmed Maroc\"},{\"@type\":\"BreadcrumbList\",\"@id\":\"https:\/\/yazmed.ma\/product\/tensiometre-electronique-brassard-easyclip-beurer\/#breadcrumb\",\"itemListElement\":[{\"@type\":\"ListItem\",\"position\":1,\"name\":\"Accueil\",\"item\":\"https:\/\/yazmed.ma\/\"},{\"@type\":\"ListItem\",\"position\":2,\"name\":\"Shop\",\"item\":\"https:\/\/yazmed.ma\/shop-2\/\"},{\"@type\":\"ListItem\",\"position\":3,\"name\":\"Tensiom\u00e8tre \u00e9lectronique brassard EasyClip Beurer\"}]},{\"@type\":\"WebSite\",\"@id\":\"https:\/\/yazmed.ma\/#website\",\"url\":\"https:\/\/yazmed.ma\/\",\"name\":\"Yazmed\",\"description\":\"LEADER DU MAT\u00c9RIEL M\u00c9DICAL AU MAROC\",\"publisher\":{\"@id\":\"https:\/\/yazmed.ma\/#organization\"},\"potentialAction\":[{\"@type\":\"SearchAction\",\"target\":{\"@type\":\"EntryPoint\",\"urlTemplate\":\"https:\/\/yazmed.ma\/?s={search_term_string}\"},\"query-input\":{\"@type\":\"PropertyValueSpecification\",\"valueRequired\":true,\"valueName\":\"search_term_string\"}}],\"inLanguage\":\"ary\"},{\"@type\":\"Organization\",\"@id\":\"https:\/\/yazmed.ma\/#organization\",\"name\":\"Yazmed Healthcare\",\"url\":\"https:\/\/yazmed.ma\/\",\"logo\":{\"@type\":\"ImageObject\",\"inLanguage\":\"ary\",\"@id\":\"https:\/\/yazmed.ma\/#\/schema\/logo\/image\/\",\"url\":\"https:\/\/yazmed.ma\/wp-content\/uploads\/2024\/12\/3.png\",\"contentUrl\":\"https:\/\/yazmed.ma\/wp-content\/uploads\/2024\/12\/3.png\",\"width\":250,\"height\":70,\"caption\":\"Yazmed Healthcare\"},\"image\":{\"@id\":\"https:\/\/yazmed.ma\/#\/schema\/logo\/image\/\"},\"sameAs\":[\"https:\/\/www.facebook.com\/azenkouky\",\"https:\/\/www.instagram.com\/yazmedhealthcare\",\"https:\/\/www.linkedin.com\/in\/yazmed-healthcare-1b4955295\"]}]}<\/script>\n<!-- \/ Yoast SEO plugin. -->","yoast_head_json":{"title":"Tensiom\u00e8tre \u00e9lectronique brassard Beurer - YAZMED","robots":{"index":"index","follow":"follow","max-snippet":"max-snippet:-1","max-image-preview":"max-image-preview:large","max-video-preview":"max-video-preview:-1"},"canonical":"https:\/\/yazmed.ma\/ar\/product\/tensiometre-electronique-brassard-easyclip-beurer\/","og_locale":"ar_AR","og_type":"article","og_title":"Tensiom\u00e8tre \u00e9lectronique brassard Beurer - YAZMED","og_description":"Tensiom\u00e8tre \u00e9lectronique brassard EasyClip Beurer les manchettes encombrantes des instruments de mesure, difficiles \u00e0 fixer seul\u00a0: le tensiom\u00e8tre enti\u00e8rement automatique BM\u00a051 de Beurer est \u00e9quip\u00e9 d\u2019une manchette easyClip innovante positionnable avec une seule main. Pour une mesure rapide et automatique.    Manchette easyClip innovante : Positionnement simple avec une seule main    Technologie de gonflage\u00a0: mesure rapide et confortable pendant le processus de gonflage    \u00c9cran XL \u00e0 r\u00e9tro\u00e9clairage blanc tr\u00e8s lisible    Mesure enti\u00e8rement automatique de la tension art\u00e9rielle et du pouls au niveau du bras    Mesure automatique d\u00e8s le d\u00e9but du gonflage    Moyenne de toutes les valeurs de mesure enregistr\u00e9es    Deux m\u00e9moires utilisateur de 100\u00a0mesures chacune    Indicateur de risque    D\u00e9pistage de l\u2019arythmie    Pour un tour de bras de 22 \u00e0 42\u00a0cm    Date et heure\/arr\u00eat automatique","og_url":"https:\/\/yazmed.ma\/ar\/product\/tensiometre-electronique-brassard-easyclip-beurer\/","og_site_name":"YAZMED","article_publisher":"https:\/\/www.facebook.com\/azenkouky","article_modified_time":"2025-06-22T13:19:51+00:00","og_image":[{"width":570,"height":517,"url":"https:\/\/yazmed.ma\/wp-content\/uploads\/2024\/12\/Design-sans-titre-63.png","type":"image\/png"}],"twitter_card":"summary_large_image","twitter_misc":{"Est. reading time":"1 minute"},"schema":{"@context":"https:\/\/schema.org","@graph":[{"@type":"WebPage","@id":"https:\/\/yazmed.ma\/product\/tensiometre-electronique-brassard-easyclip-beurer\/","url":"https:\/\/yazmed.ma\/product\/tensiometre-electronique-brassard-easyclip-beurer\/","name":"Tensiom\u00e8tre \u00e9lectronique brassard Beurer - YAZMED","isPartOf":{"@id":"https:\/\/yazmed.ma\/#website"},"primaryImageOfPage":{"@id":"https:\/\/yazmed.ma\/product\/tensiometre-electronique-brassard-easyclip-beurer\/#primaryimage"},"image":{"@id":"https:\/\/yazmed.ma\/product\/tensiometre-electronique-brassard-easyclip-beurer\/#primaryimage"},"thumbnailUrl":"https:\/\/yazmed.ma\/wp-content\/uploads\/2024\/12\/Design-sans-titre-63.png","datePublished":"2024-12-23T09:10:47+00:00","dateModified":"2025-06-22T13:19:51+00:00","breadcrumb":{"@id":"https:\/\/yazmed.ma\/product\/tensiometre-electronique-brassard-easyclip-beurer\/#breadcrumb"},"inLanguage":"ary","potentialAction":[{"@type":"ReadAction","target":["https:\/\/yazmed.ma\/product\/tensiometre-electronique-brassard-easyclip-beurer\/"]}]},{"@type":"ImageObject","inLanguage":"ary","@id":"https:\/\/yazmed.ma\/product\/tensiometre-electronique-brassard-easyclip-beurer\/#primaryimage","url":"https:\/\/yazmed.ma\/wp-content\/uploads\/2024\/12\/Design-sans-titre-63.png","contentUrl":"https:\/\/yazmed.ma\/wp-content\/uploads\/2024\/12\/Design-sans-titre-63.png","width":570,"height":517,"caption":"Tensiom\u00e8tre \u00e9lectronique brassard EasyClip Beurer Yazmed Maroc"},{"@type":"BreadcrumbList","@id":"https:\/\/yazmed.ma\/product\/tensiometre-electronique-brassard-easyclip-beurer\/#breadcrumb","itemListElement":[{"@type":"ListItem","position":1,"name":"Accueil","item":"https:\/\/yazmed.ma\/"},{"@type":"ListItem","position":2,"name":"Shop","item":"https:\/\/yazmed.ma\/shop-2\/"},{"@type":"ListItem","position":3,"name":"Tensiom\u00e8tre \u00e9lectronique brassard EasyClip Beurer"}]},{"@type":"WebSite","@id":"https:\/\/yazmed.ma\/#website","url":"https:\/\/yazmed.ma\/","name":"Yazmed","description":"LEADER DU MAT\u00c9RIEL M\u00c9DICAL AU MAROC","publisher":{"@id":"https:\/\/yazmed.ma\/#organization"},"potentialAction":[{"@type":"SearchAction","target":{"@type":"EntryPoint","urlTemplate":"https:\/\/yazmed.ma\/?s={search_term_string}"},"query-input":{"@type":"PropertyValueSpecification","valueRequired":true,"valueName":"search_term_string"}}],"inLanguage":"ary"},{"@type":"Organization","@id":"https:\/\/yazmed.ma\/#organization","name":"Yazmed Healthcare","url":"https:\/\/yazmed.ma\/","logo":{"@type":"ImageObject","inLanguage":"ary","@id":"https:\/\/yazmed.ma\/#\/schema\/logo\/image\/","url":"https:\/\/yazmed.ma\/wp-content\/uploads\/2024\/12\/3.png","contentUrl":"https:\/\/yazmed.ma\/wp-content\/uploads\/2024\/12\/3.png","width":250,"height":70,"caption":"Yazmed Healthcare"},"image":{"@id":"https:\/\/yazmed.ma\/#\/schema\/logo\/image\/"},"sameAs":["https:\/\/www.facebook.com\/azenkouky","https:\/\/www.instagram.com\/yazmedhealthcare","https:\/\/www.linkedin.com\/in\/yazmed-healthcare-1b4955295"]}]}},"_links":{"self":[{"href":"https:\/\/yazmed.ma\/ar\/wp-json\/wp\/v2\/product\/1254","targetHints":{"allow":["GET"]}}],"collection":[{"href":"https:\/\/yazmed.ma\/ar\/wp-json\/wp\/v2\/product"}],"about":[{"href":"https:\/\/yazmed.ma\/ar\/wp-json\/wp\/v2\/types\/product"}],"replies":[{"embeddable":true,"href":"https:\/\/yazmed.ma\/ar\/wp-json\/wp\/v2\/comments?post=1254"}],"version-history":[{"count":0,"href":"https:\/\/yazmed.ma\/ar\/wp-json\/wp\/v2\/product\/1254\/revisions"}],"wp:featuredmedia":[{"embeddable":true,"href":"https:\/\/yazmed.ma\/ar\/wp-json\/wp\/v2\/media\/1886"}],"wp:attachment":[{"href":"https:\/\/yazmed.ma\/ar\/wp-json\/wp\/v2\/media?parent=1254"}],"wp:term":[{"taxonomy":"product_brand","embeddable":true,"href":"https:\/\/yazmed.ma\/ar\/wp-json\/wp\/v2\/product_brand?post=1254"},{"taxonomy":"product_cat","embeddable":true,"href":"https:\/\/yazmed.ma\/ar\/wp-json\/wp\/v2\/product_cat?post=1254"},{"taxonomy":"product_tag","embeddable":true,"href":"https:\/\/yazmed.ma\/ar\/wp-json\/wp\/v2\/product_tag?post=1254"}],"curies":[{"name":"wp","href":"https:\/\/api.w.org\/{rel}","templated":true}]}}