{"id":1240,"date":"2024-12-20T17:05:09","date_gmt":"2024-12-20T17:05:09","guid":{"rendered":"https:\/\/yazmed.ma\/?post_type=product&#038;p=1240"},"modified":"2026-03-03T20:31:44","modified_gmt":"2026-03-03T20:31:44","slug":"autoclave-de-sterilisation","status":"publish","type":"product","link":"https:\/\/yazmed.ma\/ar\/product\/autoclave-de-sterilisation\/","title":{"rendered":"Autoclave de St\u00e9rilisation 18L \/ 23L"},"content":{"rendered":"<h3 data-start=\"766\" data-end=\"789\"><img decoding=\"async\" class=\"emoji\" role=\"img\" draggable=\"false\" src=\"https:\/\/s.w.org\/images\/core\/emoji\/16.0.1\/svg\/2705.svg\" alt=\"\u2705\" \/>\u00a0Caract\u00e9ristiques<\/h3>\n<p>Compl\u00e8tement automatique avec des cycles de st\u00e9rilisation pr\u00e9programm\u00e9s.<\/p>\n<p>&#8211; Chambre et porte en acier inoxydable, avec finition \u00e9lectro-polie.<\/p>\n<p>&#8211; Syst\u00e8me de contr\u00f4le de haute pr\u00e9cision pour des r\u00e9sultats optimaux de st\u00e9rilisation.<\/p>\n<p>&#8211; \u00c9cran LCD qui affiche constamment l&rsquo;information sur le d\u00e9roulement des cycles.<\/p>\n<p>&#8211; R\u00e9servoir d&rsquo;eau de type ouvert, pour faciliter le remplissage d&rsquo;eau et le nettoyage du r\u00e9servoir.<\/p>\n<p>&#8211; Enregistrement automatique sur cl\u00e9 USB.<\/p>\n<p>&#8211; Langues d&rsquo;affichage : 16 langues.<\/p>\n<p>&#8211; 10 cycles de st\u00e9rilisation pr\u00e9-enregistr\u00e9s : (121\u00b0 \u00e0\u00a0134\u00b0)<\/p>\n<p>. pour les mat\u00e9riaux emball\u00e9s, non emball\u00e9s, solides, creux, poreux, textile, cycle Prion,<\/p>\n<p>Test Bowie &amp; Dick, Test Helix, Test de vide.<\/p>\n<p>&#8211; M\u00e9moire interne : les 20 derniers cycles peuvent \u00eatre automatiquement enregistr\u00e9s<\/p>\n<h4><img decoding=\"async\" class=\"\" src=\"https:\/\/au-autoclav.es\/wp-content\/uploads\/2022\/12\/logo_icanclave_pagina_marca.png\" alt=\"Venta de autoclaves IcanClave. Garant\u00edas exclusivas y Servicio T\u00e9cnico.\" width=\"113\" height=\"37\" \/><\/h4>\n<h4><\/h4>\n<p>&nbsp;<\/p>","protected":false},"excerpt":{"rendered":"<h4>Autoclave de st\u00e9rilisation \u00e0 vapeur 18\/23<\/h4>\n<p><span style=\"font-size: 16px;\">L\u2019autoclave de classe B est destin\u00e9 \u00e0 la st\u00e9rilisation de dispositifs m\u00e9dicaux solides\u00a0la\u00a0<a title=\"Vapeur d'eau\" href=\"https:\/\/fr.wikipedia.org\/wiki\/Vapeur_d%27eau\">vapeur<\/a>\u00a0d&rsquo;eau satur\u00e9e sous pression<\/span><\/p>\n<p><span style=\"font-size: 16px;\">Il fonctionne par injection de vapeur sous pression \u00e0 haute temp\u00e9rature, assurant une st\u00e9rilisation compl\u00e8te.<\/span><\/p>\n<h3 data-start=\"2279\" data-end=\"2308\"><strong data-start=\"2286\" data-end=\"2308\">Accessoires inclus<\/strong><\/h3>\n<ul data-start=\"2309\" data-end=\"2408\">\n<li data-start=\"2309\" data-end=\"2329\">\n<p data-start=\"2311\" data-end=\"2329\">3 plateaux en inox<\/p>\n<\/li>\n<li data-start=\"2330\" data-end=\"2346\">\n<p data-start=\"2332\" data-end=\"2346\">Porte plateaux<\/p>\n<\/li>\n<li data-start=\"2347\" data-end=\"2365\">\n<p data-start=\"2349\" data-end=\"2365\">Tuyau de vidange<\/p>\n<\/li>\n<li data-start=\"2366\" data-end=\"2381\">\n<p data-start=\"2368\" data-end=\"2381\">Mode d&#8217;emploi<\/p>\n<\/li>\n<\/ul>\n<h4>\u00a0 \u00a0 \u00a0 \u00a0<img decoding=\"async\" class=\"\" src=\"https:\/\/au-autoclav.es\/wp-content\/uploads\/2022\/12\/logo_icanclave_pagina_marca.png\" alt=\"Venta de autoclaves IcanClave. Garant\u00edas exclusivas y Servicio T\u00e9cnico.\" width=\"113\" height=\"37\" \/><\/h4>","protected":false},"featured_media":2472,"comment_status":"open","ping_status":"closed","template":"","meta":[],"product_brand":[],"product_cat":[50,56,62,59],"product_tag":[186,82,189,185,81,187,183,188,182,184],"class_list":{"0":"post-1240","1":"product","2":"type-product","3":"status-publish","4":"has-post-thumbnail","6":"product_cat-appareillages-diagnostic","7":"product_cat-sterilisation-hygiene","8":"product_cat-produits-vedettes","9":"product_cat-promotion","10":"product_tag-appareil-de-sterilisation-professionnel","11":"product_tag-autoclave","12":"product_tag-autoclave-18l","13":"product_tag-autoclave-classe-b","14":"product_tag-autoclave-de-paillasse-23-l","15":"product_tag-autoclave-dentaire-ce","16":"product_tag-autoclave-medical","17":"product_tag-autoclave-pas-cher","18":"product_tag-autoclave-sterilisation","19":"product_tag-sterilisateur-vapeur","21":"first","22":"instock","23":"taxable","24":"shipping-taxable","25":"purchasable","26":"product-type-simple"},"yoast_head":"<!-- This site is optimized with the Yoast SEO plugin v26.9 - https:\/\/yoast.com\/product\/yoast-seo-wordpress\/ -->\n<title>Autoclave de St\u00e9rilisation 18L \/ 23L - YAZMED<\/title>\n<meta name=\"robots\" content=\"index, follow, max-snippet:-1, max-image-preview:large, max-video-preview:-1\" \/>\n<link rel=\"canonical\" href=\"https:\/\/yazmed.ma\/ar\/product\/autoclave-de-paillasse-18l-23l\/\" \/>\n<meta property=\"og:locale\" content=\"ar_AR\" \/>\n<meta property=\"og:type\" content=\"article\" \/>\n<meta property=\"og:title\" content=\"Autoclave de St\u00e9rilisation 18L \/ 23L - YAZMED\" \/>\n<meta property=\"og:description\" content=\"Autoclave de st\u00e9rilisation \u00e0 vapeur 18\/23 L\u2019autoclave de classe B est destin\u00e9 \u00e0 la st\u00e9rilisation de dispositifs m\u00e9dicaux solides\u00a0la\u00a0vapeur\u00a0d&#039;eau satur\u00e9e sous pression  Il fonctionne par injection de vapeur sous pression \u00e0 haute temp\u00e9rature, assurant une st\u00e9rilisation compl\u00e8te. Accessoires inclus    3 plateaux en inox    Porte plateaux    Tuyau de vidange    Mode d&#039;emploi   \u00a0 \u00a0 \u00a0 \u00a0\" \/>\n<meta property=\"og:url\" content=\"https:\/\/yazmed.ma\/ar\/product\/autoclave-de-paillasse-18l-23l\/\" \/>\n<meta property=\"og:site_name\" content=\"YAZMED\" \/>\n<meta property=\"article:publisher\" content=\"https:\/\/www.facebook.com\/azenkouky\" \/>\n<meta property=\"article:modified_time\" content=\"2026-03-03T20:31:44+00:00\" \/>\n<meta property=\"og:image\" content=\"https:\/\/yazmed.ma\/wp-content\/uploads\/2024\/12\/Design-sans-titre-64.png\" \/>\n\t<meta property=\"og:image:width\" content=\"570\" \/>\n\t<meta property=\"og:image:height\" content=\"517\" \/>\n\t<meta property=\"og:image:type\" content=\"image\/png\" \/>\n<meta name=\"twitter:card\" content=\"summary_large_image\" \/>\n<meta name=\"twitter:label1\" content=\"Est. reading time\" \/>\n\t<meta name=\"twitter:data1\" content=\"1 minute\" \/>\n<script type=\"application\/ld+json\" class=\"yoast-schema-graph\">{\"@context\":\"https:\/\/schema.org\",\"@graph\":[{\"@type\":\"WebPage\",\"@id\":\"https:\/\/yazmed.ma\/product\/autoclave-de-paillasse-18l-23l\/\",\"url\":\"https:\/\/yazmed.ma\/product\/autoclave-de-paillasse-18l-23l\/\",\"name\":\"Autoclave de St\u00e9rilisation 18L \/ 23L - YAZMED\",\"isPartOf\":{\"@id\":\"https:\/\/yazmed.ma\/#website\"},\"primaryImageOfPage\":{\"@id\":\"https:\/\/yazmed.ma\/product\/autoclave-de-paillasse-18l-23l\/#primaryimage\"},\"image\":{\"@id\":\"https:\/\/yazmed.ma\/product\/autoclave-de-paillasse-18l-23l\/#primaryimage\"},\"thumbnailUrl\":\"https:\/\/yazmed.ma\/wp-content\/uploads\/2024\/12\/AUTOCLAVE-23L.webp\",\"datePublished\":\"2024-12-20T17:05:09+00:00\",\"dateModified\":\"2026-03-03T20:31:44+00:00\",\"breadcrumb\":{\"@id\":\"https:\/\/yazmed.ma\/product\/autoclave-de-paillasse-18l-23l\/#breadcrumb\"},\"inLanguage\":\"ary\",\"potentialAction\":[{\"@type\":\"ReadAction\",\"target\":[\"https:\/\/yazmed.ma\/product\/autoclave-de-paillasse-18l-23l\/\"]}]},{\"@type\":\"ImageObject\",\"inLanguage\":\"ary\",\"@id\":\"https:\/\/yazmed.ma\/product\/autoclave-de-paillasse-18l-23l\/#primaryimage\",\"url\":\"https:\/\/yazmed.ma\/wp-content\/uploads\/2024\/12\/AUTOCLAVE-23L.webp\",\"contentUrl\":\"https:\/\/yazmed.ma\/wp-content\/uploads\/2024\/12\/AUTOCLAVE-23L.webp\",\"width\":450,\"height\":450,\"caption\":\"AUTOCLAVE 23L\"},{\"@type\":\"BreadcrumbList\",\"@id\":\"https:\/\/yazmed.ma\/product\/autoclave-de-paillasse-18l-23l\/#breadcrumb\",\"itemListElement\":[{\"@type\":\"ListItem\",\"position\":1,\"name\":\"Accueil\",\"item\":\"https:\/\/yazmed.ma\/\"},{\"@type\":\"ListItem\",\"position\":2,\"name\":\"Shop\",\"item\":\"https:\/\/yazmed.ma\/shop-2\/\"},{\"@type\":\"ListItem\",\"position\":3,\"name\":\"Autoclave de Paillasse 18L \/ 23L\"}]},{\"@type\":\"WebSite\",\"@id\":\"https:\/\/yazmed.ma\/#website\",\"url\":\"https:\/\/yazmed.ma\/\",\"name\":\"Yazmed\",\"description\":\"LEADER DU MAT\u00c9RIEL M\u00c9DICAL AU MAROC\",\"publisher\":{\"@id\":\"https:\/\/yazmed.ma\/#organization\"},\"potentialAction\":[{\"@type\":\"SearchAction\",\"target\":{\"@type\":\"EntryPoint\",\"urlTemplate\":\"https:\/\/yazmed.ma\/?s={search_term_string}\"},\"query-input\":{\"@type\":\"PropertyValueSpecification\",\"valueRequired\":true,\"valueName\":\"search_term_string\"}}],\"inLanguage\":\"ary\"},{\"@type\":\"Organization\",\"@id\":\"https:\/\/yazmed.ma\/#organization\",\"name\":\"Yazmed Healthcare\",\"url\":\"https:\/\/yazmed.ma\/\",\"logo\":{\"@type\":\"ImageObject\",\"inLanguage\":\"ary\",\"@id\":\"https:\/\/yazmed.ma\/#\/schema\/logo\/image\/\",\"url\":\"https:\/\/yazmed.ma\/wp-content\/uploads\/2024\/12\/3.png\",\"contentUrl\":\"https:\/\/yazmed.ma\/wp-content\/uploads\/2024\/12\/3.png\",\"width\":250,\"height\":70,\"caption\":\"Yazmed Healthcare\"},\"image\":{\"@id\":\"https:\/\/yazmed.ma\/#\/schema\/logo\/image\/\"},\"sameAs\":[\"https:\/\/www.facebook.com\/azenkouky\",\"https:\/\/www.instagram.com\/yazmedhealthcare\",\"https:\/\/www.linkedin.com\/in\/yazmed-healthcare-1b4955295\"]}]}<\/script>\n<!-- \/ Yoast SEO plugin. -->","yoast_head_json":{"title":"Autoclave de St\u00e9rilisation 18L \/ 23L - YAZMED","robots":{"index":"index","follow":"follow","max-snippet":"max-snippet:-1","max-image-preview":"max-image-preview:large","max-video-preview":"max-video-preview:-1"},"canonical":"https:\/\/yazmed.ma\/ar\/product\/autoclave-de-paillasse-18l-23l\/","og_locale":"ar_AR","og_type":"article","og_title":"Autoclave de St\u00e9rilisation 18L \/ 23L - YAZMED","og_description":"Autoclave de st\u00e9rilisation \u00e0 vapeur 18\/23 L\u2019autoclave de classe B est destin\u00e9 \u00e0 la st\u00e9rilisation de dispositifs m\u00e9dicaux solides\u00a0la\u00a0vapeur\u00a0d'eau satur\u00e9e sous pression  Il fonctionne par injection de vapeur sous pression \u00e0 haute temp\u00e9rature, assurant une st\u00e9rilisation compl\u00e8te. Accessoires inclus    3 plateaux en inox    Porte plateaux    Tuyau de vidange    Mode d'emploi   \u00a0 \u00a0 \u00a0 \u00a0","og_url":"https:\/\/yazmed.ma\/ar\/product\/autoclave-de-paillasse-18l-23l\/","og_site_name":"YAZMED","article_publisher":"https:\/\/www.facebook.com\/azenkouky","article_modified_time":"2026-03-03T20:31:44+00:00","og_image":[{"width":570,"height":517,"url":"https:\/\/yazmed.ma\/wp-content\/uploads\/2024\/12\/Design-sans-titre-64.png","type":"image\/png"}],"twitter_card":"summary_large_image","twitter_misc":{"Est. reading time":"1 minute"},"schema":{"@context":"https:\/\/schema.org","@graph":[{"@type":"WebPage","@id":"https:\/\/yazmed.ma\/product\/autoclave-de-paillasse-18l-23l\/","url":"https:\/\/yazmed.ma\/product\/autoclave-de-paillasse-18l-23l\/","name":"Autoclave de St\u00e9rilisation 18L \/ 23L - YAZMED","isPartOf":{"@id":"https:\/\/yazmed.ma\/#website"},"primaryImageOfPage":{"@id":"https:\/\/yazmed.ma\/product\/autoclave-de-paillasse-18l-23l\/#primaryimage"},"image":{"@id":"https:\/\/yazmed.ma\/product\/autoclave-de-paillasse-18l-23l\/#primaryimage"},"thumbnailUrl":"https:\/\/yazmed.ma\/wp-content\/uploads\/2024\/12\/AUTOCLAVE-23L.webp","datePublished":"2024-12-20T17:05:09+00:00","dateModified":"2026-03-03T20:31:44+00:00","breadcrumb":{"@id":"https:\/\/yazmed.ma\/product\/autoclave-de-paillasse-18l-23l\/#breadcrumb"},"inLanguage":"ary","potentialAction":[{"@type":"ReadAction","target":["https:\/\/yazmed.ma\/product\/autoclave-de-paillasse-18l-23l\/"]}]},{"@type":"ImageObject","inLanguage":"ary","@id":"https:\/\/yazmed.ma\/product\/autoclave-de-paillasse-18l-23l\/#primaryimage","url":"https:\/\/yazmed.ma\/wp-content\/uploads\/2024\/12\/AUTOCLAVE-23L.webp","contentUrl":"https:\/\/yazmed.ma\/wp-content\/uploads\/2024\/12\/AUTOCLAVE-23L.webp","width":450,"height":450,"caption":"AUTOCLAVE 23L"},{"@type":"BreadcrumbList","@id":"https:\/\/yazmed.ma\/product\/autoclave-de-paillasse-18l-23l\/#breadcrumb","itemListElement":[{"@type":"ListItem","position":1,"name":"Accueil","item":"https:\/\/yazmed.ma\/"},{"@type":"ListItem","position":2,"name":"Shop","item":"https:\/\/yazmed.ma\/shop-2\/"},{"@type":"ListItem","position":3,"name":"Autoclave de Paillasse 18L \/ 23L"}]},{"@type":"WebSite","@id":"https:\/\/yazmed.ma\/#website","url":"https:\/\/yazmed.ma\/","name":"Yazmed","description":"LEADER DU MAT\u00c9RIEL M\u00c9DICAL AU MAROC","publisher":{"@id":"https:\/\/yazmed.ma\/#organization"},"potentialAction":[{"@type":"SearchAction","target":{"@type":"EntryPoint","urlTemplate":"https:\/\/yazmed.ma\/?s={search_term_string}"},"query-input":{"@type":"PropertyValueSpecification","valueRequired":true,"valueName":"search_term_string"}}],"inLanguage":"ary"},{"@type":"Organization","@id":"https:\/\/yazmed.ma\/#organization","name":"Yazmed Healthcare","url":"https:\/\/yazmed.ma\/","logo":{"@type":"ImageObject","inLanguage":"ary","@id":"https:\/\/yazmed.ma\/#\/schema\/logo\/image\/","url":"https:\/\/yazmed.ma\/wp-content\/uploads\/2024\/12\/3.png","contentUrl":"https:\/\/yazmed.ma\/wp-content\/uploads\/2024\/12\/3.png","width":250,"height":70,"caption":"Yazmed Healthcare"},"image":{"@id":"https:\/\/yazmed.ma\/#\/schema\/logo\/image\/"},"sameAs":["https:\/\/www.facebook.com\/azenkouky","https:\/\/www.instagram.com\/yazmedhealthcare","https:\/\/www.linkedin.com\/in\/yazmed-healthcare-1b4955295"]}]}},"_links":{"self":[{"href":"https:\/\/yazmed.ma\/ar\/wp-json\/wp\/v2\/product\/1240","targetHints":{"allow":["GET"]}}],"collection":[{"href":"https:\/\/yazmed.ma\/ar\/wp-json\/wp\/v2\/product"}],"about":[{"href":"https:\/\/yazmed.ma\/ar\/wp-json\/wp\/v2\/types\/product"}],"replies":[{"embeddable":true,"href":"https:\/\/yazmed.ma\/ar\/wp-json\/wp\/v2\/comments?post=1240"}],"version-history":[{"count":1,"href":"https:\/\/yazmed.ma\/ar\/wp-json\/wp\/v2\/product\/1240\/revisions"}],"predecessor-version":[{"id":2675,"href":"https:\/\/yazmed.ma\/ar\/wp-json\/wp\/v2\/product\/1240\/revisions\/2675"}],"wp:featuredmedia":[{"embeddable":true,"href":"https:\/\/yazmed.ma\/ar\/wp-json\/wp\/v2\/media\/2472"}],"wp:attachment":[{"href":"https:\/\/yazmed.ma\/ar\/wp-json\/wp\/v2\/media?parent=1240"}],"wp:term":[{"taxonomy":"product_brand","embeddable":true,"href":"https:\/\/yazmed.ma\/ar\/wp-json\/wp\/v2\/product_brand?post=1240"},{"taxonomy":"product_cat","embeddable":true,"href":"https:\/\/yazmed.ma\/ar\/wp-json\/wp\/v2\/product_cat?post=1240"},{"taxonomy":"product_tag","embeddable":true,"href":"https:\/\/yazmed.ma\/ar\/wp-json\/wp\/v2\/product_tag?post=1240"}],"curies":[{"name":"wp","href":"https:\/\/api.w.org\/{rel}","templated":true}]}}