{"id":1235,"date":"2024-12-20T16:55:24","date_gmt":"2024-12-20T16:55:24","guid":{"rendered":"https:\/\/yazmed.ma\/?post_type=product&#038;p=1235"},"modified":"2025-12-17T22:28:09","modified_gmt":"2025-12-17T22:28:09","slug":"moniteur-multiparametrique-atlas10","status":"publish","type":"product","link":"https:\/\/yazmed.ma\/ar\/product\/moniteur-multiparametrique-atlas10\/","title":{"rendered":"Moniteur multiparam\u00e9trique Atlas10"},"content":{"rendered":"<p>&nbsp;<\/p>\n<h3 data-start=\"562\" data-end=\"596\"><img decoding=\"async\" class=\"emoji\" role=\"img\" draggable=\"false\" src=\"https:\/\/s.w.org\/images\/core\/emoji\/16.0.1\/svg\/2705.svg\" alt=\"\u2705\" \/>Caract\u00e9ristiques :<\/h3>\n<p><strong data-start=\"602\" data-end=\"647\">Surveillance multiparam\u00e9trique compl\u00e8te :<\/strong>\u00a0SPO2, NIBP, ECG, TEMP, RESP<\/p>\n<p><strong data-start=\"680\" data-end=\"715\">Technologies cliniques avanc\u00e9es<\/strong>\u00a0pour une mesure pr\u00e9cise et en temps r\u00e9el<\/p>\n<p><strong data-start=\"762\" data-end=\"842\">Id\u00e9al pour la m\u00e9decine g\u00e9n\u00e9rale, les cliniques, h\u00f4pitaux et services mobiles<\/strong><\/p>\n<p><strong data-start=\"848\" data-end=\"871\">Interface intuitive<\/strong>\u00a0adapt\u00e9e \u00e0 tous les niveaux de comp\u00e9tence m\u00e9dicale<\/p>\n<p><strong data-start=\"927\" data-end=\"949\">Fiabilit\u00e9 \u00e9prouv\u00e9e<\/strong>, m\u00eame dans des conditions d\u2019utilisation intensives<\/p>\n<p><img decoding=\"async\" src=\"https:\/\/eclazon.ma\/wp-content\/uploads\/2024\/07\/optimum-pro-logo-200x100.jpg\" \/><\/p>\n<h4><\/h4>\n<p>&nbsp;<\/p>\n<p>&nbsp;<\/p>\n<p>&nbsp;<\/p>","protected":false},"excerpt":{"rendered":"<h4>\u00a0<strong data-start=\"256\" data-end=\"297\">Moniteur multiparam\u00e9trique Atlas10 <\/strong><\/h4>\n<p>con\u00e7u pour \u00eatre installer au cabinet de <a title=\"M\u00e9decin\" href=\"https:\/\/fr.wikipedia.org\/wiki\/M%C3%A9decin\">m\u00e9decin<\/a>, ainsi que pour l&rsquo;<a title=\"H\u00f4pital\" href=\"https:\/\/fr.wikipedia.org\/wiki\/H%C3%B4pital\">h\u00f4pital<\/a>, pour r\u00e9pondre aux exigences des professionnels de sant\u00e9 en qu\u00eate d\u2019un dispositif <strong data-start=\"389\" data-end=\"435\">polyvalent, fiable et simple d\u2019utilisation<\/strong>. Il permet une surveillance compl\u00e8te et pr\u00e9cise des signes vitaux, m\u00eame dans les environnements m\u00e9dicaux les plus exigeants.<\/p>\n<p><img decoding=\"async\" class=\"\" src=\"https:\/\/eclazon.ma\/wp-content\/uploads\/2024\/07\/optimum-pro-logo-200x100.jpg\" width=\"96\" height=\"48\" \/><\/p>","protected":false},"featured_media":2988,"comment_status":"open","ping_status":"closed","template":"","meta":[],"product_brand":[],"product_cat":[50],"product_tag":[267,266],"class_list":{"0":"post-1235","1":"product","2":"type-product","3":"status-publish","4":"has-post-thumbnail","6":"product_cat-appareillages-diagnostic","7":"product_tag-moniteur","8":"product_tag-moniteur-multiparametrique-atlas10","10":"first","11":"instock","12":"taxable","13":"shipping-taxable","14":"purchasable","15":"product-type-simple"},"yoast_head":"<!-- This site is optimized with the Yoast SEO plugin v26.9 - https:\/\/yoast.com\/product\/yoast-seo-wordpress\/ -->\n<title>Moniteur multiparam\u00e9trique Atlas10 - YAZMED<\/title>\n<meta name=\"robots\" content=\"index, follow, max-snippet:-1, max-image-preview:large, max-video-preview:-1\" \/>\n<link rel=\"canonical\" href=\"https:\/\/yazmed.ma\/ar\/product\/moniteur-multiparametrique-optimium-pro\/\" \/>\n<meta property=\"og:locale\" content=\"ar_AR\" \/>\n<meta property=\"og:type\" content=\"article\" \/>\n<meta property=\"og:title\" content=\"Moniteur multiparam\u00e9trique Atlas10 - YAZMED\" \/>\n<meta property=\"og:description\" content=\"\u00a0Moniteur multiparam\u00e9trique Atlas10  con\u00e7u pour \u00eatre installer au cabinet de m\u00e9decin, ainsi que pour l&#039;h\u00f4pital, pour r\u00e9pondre aux exigences des professionnels de sant\u00e9 en qu\u00eate d\u2019un dispositif polyvalent, fiable et simple d\u2019utilisation. Il permet une surveillance compl\u00e8te et pr\u00e9cise des signes vitaux, m\u00eame dans les environnements m\u00e9dicaux les plus exigeants.\" \/>\n<meta property=\"og:url\" content=\"https:\/\/yazmed.ma\/ar\/product\/moniteur-multiparametrique-optimium-pro\/\" \/>\n<meta property=\"og:site_name\" content=\"YAZMED\" \/>\n<meta property=\"article:publisher\" content=\"https:\/\/www.facebook.com\/azenkouky\" \/>\n<meta property=\"article:modified_time\" content=\"2025-12-17T22:28:09+00:00\" \/>\n<meta property=\"og:image\" content=\"https:\/\/yazmed.ma\/wp-content\/uploads\/2024\/12\/Design-sans-titre-65.png\" \/>\n\t<meta property=\"og:image:width\" content=\"570\" \/>\n\t<meta property=\"og:image:height\" content=\"517\" \/>\n\t<meta property=\"og:image:type\" content=\"image\/png\" \/>\n<meta name=\"twitter:card\" content=\"summary_large_image\" \/>\n<meta name=\"twitter:label1\" content=\"Est. reading time\" \/>\n\t<meta name=\"twitter:data1\" content=\"1 minute\" \/>\n<script type=\"application\/ld+json\" class=\"yoast-schema-graph\">{\"@context\":\"https:\/\/schema.org\",\"@graph\":[{\"@type\":\"WebPage\",\"@id\":\"https:\/\/yazmed.ma\/product\/moniteur-multiparametrique-optimium-pro\/\",\"url\":\"https:\/\/yazmed.ma\/product\/moniteur-multiparametrique-optimium-pro\/\",\"name\":\"Moniteur multiparam\u00e9trique Atlas10 - YAZMED\",\"isPartOf\":{\"@id\":\"https:\/\/yazmed.ma\/#website\"},\"primaryImageOfPage\":{\"@id\":\"https:\/\/yazmed.ma\/product\/moniteur-multiparametrique-optimium-pro\/#primaryimage\"},\"image\":{\"@id\":\"https:\/\/yazmed.ma\/product\/moniteur-multiparametrique-optimium-pro\/#primaryimage\"},\"thumbnailUrl\":\"https:\/\/yazmed.ma\/wp-content\/uploads\/2024\/12\/Moniteur-multiparametrique-Atlas10.webp\",\"datePublished\":\"2024-12-20T16:55:24+00:00\",\"dateModified\":\"2025-12-17T22:28:09+00:00\",\"breadcrumb\":{\"@id\":\"https:\/\/yazmed.ma\/product\/moniteur-multiparametrique-optimium-pro\/#breadcrumb\"},\"inLanguage\":\"ary\",\"potentialAction\":[{\"@type\":\"ReadAction\",\"target\":[\"https:\/\/yazmed.ma\/product\/moniteur-multiparametrique-optimium-pro\/\"]}]},{\"@type\":\"ImageObject\",\"inLanguage\":\"ary\",\"@id\":\"https:\/\/yazmed.ma\/product\/moniteur-multiparametrique-optimium-pro\/#primaryimage\",\"url\":\"https:\/\/yazmed.ma\/wp-content\/uploads\/2024\/12\/Moniteur-multiparametrique-Atlas10.webp\",\"contentUrl\":\"https:\/\/yazmed.ma\/wp-content\/uploads\/2024\/12\/Moniteur-multiparametrique-Atlas10.webp\",\"width\":450,\"height\":450,\"caption\":\"Moniteur multiparam\u00e9trique Atlas10\"},{\"@type\":\"BreadcrumbList\",\"@id\":\"https:\/\/yazmed.ma\/product\/moniteur-multiparametrique-optimium-pro\/#breadcrumb\",\"itemListElement\":[{\"@type\":\"ListItem\",\"position\":1,\"name\":\"Accueil\",\"item\":\"https:\/\/yazmed.ma\/\"},{\"@type\":\"ListItem\",\"position\":2,\"name\":\"Shop\",\"item\":\"https:\/\/yazmed.ma\/shop-2\/\"},{\"@type\":\"ListItem\",\"position\":3,\"name\":\"Moniteur multiparam\u00e9trique\"}]},{\"@type\":\"WebSite\",\"@id\":\"https:\/\/yazmed.ma\/#website\",\"url\":\"https:\/\/yazmed.ma\/\",\"name\":\"Yazmed\",\"description\":\"LEADER DU MAT\u00c9RIEL M\u00c9DICAL AU MAROC\",\"publisher\":{\"@id\":\"https:\/\/yazmed.ma\/#organization\"},\"potentialAction\":[{\"@type\":\"SearchAction\",\"target\":{\"@type\":\"EntryPoint\",\"urlTemplate\":\"https:\/\/yazmed.ma\/?s={search_term_string}\"},\"query-input\":{\"@type\":\"PropertyValueSpecification\",\"valueRequired\":true,\"valueName\":\"search_term_string\"}}],\"inLanguage\":\"ary\"},{\"@type\":\"Organization\",\"@id\":\"https:\/\/yazmed.ma\/#organization\",\"name\":\"Yazmed Healthcare\",\"url\":\"https:\/\/yazmed.ma\/\",\"logo\":{\"@type\":\"ImageObject\",\"inLanguage\":\"ary\",\"@id\":\"https:\/\/yazmed.ma\/#\/schema\/logo\/image\/\",\"url\":\"https:\/\/yazmed.ma\/wp-content\/uploads\/2024\/12\/3.png\",\"contentUrl\":\"https:\/\/yazmed.ma\/wp-content\/uploads\/2024\/12\/3.png\",\"width\":250,\"height\":70,\"caption\":\"Yazmed Healthcare\"},\"image\":{\"@id\":\"https:\/\/yazmed.ma\/#\/schema\/logo\/image\/\"},\"sameAs\":[\"https:\/\/www.facebook.com\/azenkouky\",\"https:\/\/www.instagram.com\/yazmedhealthcare\",\"https:\/\/www.linkedin.com\/in\/yazmed-healthcare-1b4955295\"]}]}<\/script>\n<!-- \/ Yoast SEO plugin. -->","yoast_head_json":{"title":"Moniteur multiparam\u00e9trique Atlas10 - YAZMED","robots":{"index":"index","follow":"follow","max-snippet":"max-snippet:-1","max-image-preview":"max-image-preview:large","max-video-preview":"max-video-preview:-1"},"canonical":"https:\/\/yazmed.ma\/ar\/product\/moniteur-multiparametrique-optimium-pro\/","og_locale":"ar_AR","og_type":"article","og_title":"Moniteur multiparam\u00e9trique Atlas10 - YAZMED","og_description":"\u00a0Moniteur multiparam\u00e9trique Atlas10  con\u00e7u pour \u00eatre installer au cabinet de m\u00e9decin, ainsi que pour l'h\u00f4pital, pour r\u00e9pondre aux exigences des professionnels de sant\u00e9 en qu\u00eate d\u2019un dispositif polyvalent, fiable et simple d\u2019utilisation. Il permet une surveillance compl\u00e8te et pr\u00e9cise des signes vitaux, m\u00eame dans les environnements m\u00e9dicaux les plus exigeants.","og_url":"https:\/\/yazmed.ma\/ar\/product\/moniteur-multiparametrique-optimium-pro\/","og_site_name":"YAZMED","article_publisher":"https:\/\/www.facebook.com\/azenkouky","article_modified_time":"2025-12-17T22:28:09+00:00","og_image":[{"width":570,"height":517,"url":"https:\/\/yazmed.ma\/wp-content\/uploads\/2024\/12\/Design-sans-titre-65.png","type":"image\/png"}],"twitter_card":"summary_large_image","twitter_misc":{"Est. reading time":"1 minute"},"schema":{"@context":"https:\/\/schema.org","@graph":[{"@type":"WebPage","@id":"https:\/\/yazmed.ma\/product\/moniteur-multiparametrique-optimium-pro\/","url":"https:\/\/yazmed.ma\/product\/moniteur-multiparametrique-optimium-pro\/","name":"Moniteur multiparam\u00e9trique Atlas10 - YAZMED","isPartOf":{"@id":"https:\/\/yazmed.ma\/#website"},"primaryImageOfPage":{"@id":"https:\/\/yazmed.ma\/product\/moniteur-multiparametrique-optimium-pro\/#primaryimage"},"image":{"@id":"https:\/\/yazmed.ma\/product\/moniteur-multiparametrique-optimium-pro\/#primaryimage"},"thumbnailUrl":"https:\/\/yazmed.ma\/wp-content\/uploads\/2024\/12\/Moniteur-multiparametrique-Atlas10.webp","datePublished":"2024-12-20T16:55:24+00:00","dateModified":"2025-12-17T22:28:09+00:00","breadcrumb":{"@id":"https:\/\/yazmed.ma\/product\/moniteur-multiparametrique-optimium-pro\/#breadcrumb"},"inLanguage":"ary","potentialAction":[{"@type":"ReadAction","target":["https:\/\/yazmed.ma\/product\/moniteur-multiparametrique-optimium-pro\/"]}]},{"@type":"ImageObject","inLanguage":"ary","@id":"https:\/\/yazmed.ma\/product\/moniteur-multiparametrique-optimium-pro\/#primaryimage","url":"https:\/\/yazmed.ma\/wp-content\/uploads\/2024\/12\/Moniteur-multiparametrique-Atlas10.webp","contentUrl":"https:\/\/yazmed.ma\/wp-content\/uploads\/2024\/12\/Moniteur-multiparametrique-Atlas10.webp","width":450,"height":450,"caption":"Moniteur multiparam\u00e9trique Atlas10"},{"@type":"BreadcrumbList","@id":"https:\/\/yazmed.ma\/product\/moniteur-multiparametrique-optimium-pro\/#breadcrumb","itemListElement":[{"@type":"ListItem","position":1,"name":"Accueil","item":"https:\/\/yazmed.ma\/"},{"@type":"ListItem","position":2,"name":"Shop","item":"https:\/\/yazmed.ma\/shop-2\/"},{"@type":"ListItem","position":3,"name":"Moniteur multiparam\u00e9trique"}]},{"@type":"WebSite","@id":"https:\/\/yazmed.ma\/#website","url":"https:\/\/yazmed.ma\/","name":"Yazmed","description":"LEADER DU MAT\u00c9RIEL M\u00c9DICAL AU MAROC","publisher":{"@id":"https:\/\/yazmed.ma\/#organization"},"potentialAction":[{"@type":"SearchAction","target":{"@type":"EntryPoint","urlTemplate":"https:\/\/yazmed.ma\/?s={search_term_string}"},"query-input":{"@type":"PropertyValueSpecification","valueRequired":true,"valueName":"search_term_string"}}],"inLanguage":"ary"},{"@type":"Organization","@id":"https:\/\/yazmed.ma\/#organization","name":"Yazmed Healthcare","url":"https:\/\/yazmed.ma\/","logo":{"@type":"ImageObject","inLanguage":"ary","@id":"https:\/\/yazmed.ma\/#\/schema\/logo\/image\/","url":"https:\/\/yazmed.ma\/wp-content\/uploads\/2024\/12\/3.png","contentUrl":"https:\/\/yazmed.ma\/wp-content\/uploads\/2024\/12\/3.png","width":250,"height":70,"caption":"Yazmed Healthcare"},"image":{"@id":"https:\/\/yazmed.ma\/#\/schema\/logo\/image\/"},"sameAs":["https:\/\/www.facebook.com\/azenkouky","https:\/\/www.instagram.com\/yazmedhealthcare","https:\/\/www.linkedin.com\/in\/yazmed-healthcare-1b4955295"]}]}},"_links":{"self":[{"href":"https:\/\/yazmed.ma\/ar\/wp-json\/wp\/v2\/product\/1235","targetHints":{"allow":["GET"]}}],"collection":[{"href":"https:\/\/yazmed.ma\/ar\/wp-json\/wp\/v2\/product"}],"about":[{"href":"https:\/\/yazmed.ma\/ar\/wp-json\/wp\/v2\/types\/product"}],"replies":[{"embeddable":true,"href":"https:\/\/yazmed.ma\/ar\/wp-json\/wp\/v2\/comments?post=1235"}],"version-history":[{"count":1,"href":"https:\/\/yazmed.ma\/ar\/wp-json\/wp\/v2\/product\/1235\/revisions"}],"predecessor-version":[{"id":2987,"href":"https:\/\/yazmed.ma\/ar\/wp-json\/wp\/v2\/product\/1235\/revisions\/2987"}],"wp:featuredmedia":[{"embeddable":true,"href":"https:\/\/yazmed.ma\/ar\/wp-json\/wp\/v2\/media\/2988"}],"wp:attachment":[{"href":"https:\/\/yazmed.ma\/ar\/wp-json\/wp\/v2\/media?parent=1235"}],"wp:term":[{"taxonomy":"product_brand","embeddable":true,"href":"https:\/\/yazmed.ma\/ar\/wp-json\/wp\/v2\/product_brand?post=1235"},{"taxonomy":"product_cat","embeddable":true,"href":"https:\/\/yazmed.ma\/ar\/wp-json\/wp\/v2\/product_cat?post=1235"},{"taxonomy":"product_tag","embeddable":true,"href":"https:\/\/yazmed.ma\/ar\/wp-json\/wp\/v2\/product_tag?post=1235"}],"curies":[{"name":"wp","href":"https:\/\/api.w.org\/{rel}","templated":true}]}}