{"id":1230,"date":"2024-12-20T16:34:03","date_gmt":"2024-12-20T16:34:03","guid":{"rendered":"https:\/\/yazmed.ma\/?post_type=product&#038;p=1230"},"modified":"2025-12-09T18:40:27","modified_gmt":"2025-12-09T18:40:27","slug":"aiguilles-de-mesotherapie-32g-4mm","status":"publish","type":"product","link":"https:\/\/yazmed.ma\/ar\/product\/aiguilles-de-mesotherapie-32g-4mm\/","title":{"rendered":"AIGUILLES DE M\u00c9SOTH\u00c9RAPIE  32G 4MM"},"content":{"rendered":"","protected":false},"excerpt":{"rendered":"<h3>Aiguille de m\u00e9soth\u00e9rapie<\/h3>\n<h4><strong data-start=\"89\" data-end=\"110\">32G 4mm<\/strong>\u00a0sont sp\u00e9cialement con\u00e7ues pour la\u00a0<strong data-start=\"145\" data-end=\"161\">m\u00e9soth\u00e9rapie<\/strong>\u00a0et les\u00a0<strong data-start=\"169\" data-end=\"189\">micro-injections<\/strong>. Ultra-fines et pr\u00e9cises, elles garantissent une\u00a0<strong data-start=\"239\" data-end=\"261\">injection indolore<\/strong>\u00a0et une meilleure tol\u00e9rance cutan\u00e9e. Id\u00e9ales pour les soins esth\u00e9tiques, la m\u00e9decine anti-\u00e2ge et les traitements dermatologiques.<\/h4>\n<p><strong>* Calibre: 32G (\u00d8 0,23 mm)<\/strong><br \/>\n<strong>* Longueur: 4 mm<\/strong><br \/>\n<strong>* Couleur: rose<\/strong><br \/>\n<strong>* bo\u00eete de 100<\/strong><br \/>\n<strong>* St\u00e9rile<\/strong><\/p>\n<p><img decoding=\"async\" class=\"\" src=\"https:\/\/eclazon.ma\/wp-content\/uploads\/2024\/07\/logo-2012228122755354-300x168-1-200x100.jpg\" width=\"100\" height=\"50\" \/><\/p>\n<p><a class=\"mw-redirect\" title=\"Injections anti-rides\" href=\"https:\/\/fr.wikipedia.org\/wiki\/Injections_anti-rides\">Injections anti-rides<\/a> injections de <a title=\"Toxine botulique\" href=\"https:\/\/fr.wikipedia.org\/wiki\/Toxine_botulique\">toxine botulique<\/a><\/p>","protected":false},"featured_media":2865,"comment_status":"open","ping_status":"closed","template":"","meta":[],"product_brand":[],"product_cat":[52],"product_tag":[244,245],"class_list":{"0":"post-1230","1":"product","2":"type-product","3":"status-publish","4":"has-post-thumbnail","6":"product_cat-consommable-medical","7":"product_tag-aiguilles","8":"product_tag-injection-et-drainage","10":"first","11":"instock","12":"sale","13":"taxable","14":"shipping-taxable","15":"purchasable","16":"product-type-simple"},"yoast_head":"<!-- This site is optimized with the Yoast SEO plugin v26.9 - https:\/\/yoast.com\/product\/yoast-seo-wordpress\/ -->\n<title>AIGUILLES DE M\u00c9SOTH\u00c9RAPIE 32G 4MM - YAZMED<\/title>\n<meta name=\"robots\" content=\"index, follow, max-snippet:-1, max-image-preview:large, max-video-preview:-1\" \/>\n<link rel=\"canonical\" href=\"https:\/\/yazmed.ma\/ar\/product\/aiguilles-de-mesotherapie-micro-injections-32g-4mm\/\" \/>\n<meta property=\"og:locale\" content=\"ar_AR\" \/>\n<meta property=\"og:type\" content=\"article\" \/>\n<meta property=\"og:title\" content=\"AIGUILLES DE M\u00c9SOTH\u00c9RAPIE 32G 4MM - YAZMED\" \/>\n<meta property=\"og:description\" content=\"Aiguille de m\u00e9soth\u00e9rapie 32G 4mm\u00a0sont sp\u00e9cialement con\u00e7ues pour la\u00a0m\u00e9soth\u00e9rapie\u00a0et les\u00a0micro-injections. Ultra-fines et pr\u00e9cises, elles garantissent une\u00a0injection indolore\u00a0et une meilleure tol\u00e9rance cutan\u00e9e. Id\u00e9ales pour les soins esth\u00e9tiques, la m\u00e9decine anti-\u00e2ge et les traitements dermatologiques. * Calibre: 32G (\u00d8 0,23 mm) * Longueur: 4 mm * Couleur: rose * bo\u00eete de 100 * St\u00e9rile    Injections anti-rides injections de toxine botulique\" \/>\n<meta property=\"og:url\" content=\"https:\/\/yazmed.ma\/ar\/product\/aiguilles-de-mesotherapie-micro-injections-32g-4mm\/\" \/>\n<meta property=\"og:site_name\" content=\"YAZMED\" \/>\n<meta property=\"article:publisher\" content=\"https:\/\/www.facebook.com\/azenkouky\" \/>\n<meta property=\"article:modified_time\" content=\"2025-12-09T18:40:27+00:00\" \/>\n<meta property=\"og:image\" content=\"https:\/\/yazmed.ma\/wp-content\/uploads\/2024\/12\/Design-sans-titre-10.png\" \/>\n\t<meta property=\"og:image:width\" content=\"570\" \/>\n\t<meta property=\"og:image:height\" content=\"517\" \/>\n\t<meta property=\"og:image:type\" content=\"image\/png\" \/>\n<meta name=\"twitter:card\" content=\"summary_large_image\" \/>\n<meta name=\"twitter:label1\" content=\"Est. reading time\" \/>\n\t<meta name=\"twitter:data1\" content=\"1 minute\" \/>\n<script type=\"application\/ld+json\" class=\"yoast-schema-graph\">{\"@context\":\"https:\/\/schema.org\",\"@graph\":[{\"@type\":\"WebPage\",\"@id\":\"https:\/\/yazmed.ma\/product\/aiguilles-de-mesotherapie-micro-injections-32g-4mm\/\",\"url\":\"https:\/\/yazmed.ma\/product\/aiguilles-de-mesotherapie-micro-injections-32g-4mm\/\",\"name\":\"AIGUILLES DE M\u00c9SOTH\u00c9RAPIE 32G 4MM - YAZMED\",\"isPartOf\":{\"@id\":\"https:\/\/yazmed.ma\/#website\"},\"primaryImageOfPage\":{\"@id\":\"https:\/\/yazmed.ma\/product\/aiguilles-de-mesotherapie-micro-injections-32g-4mm\/#primaryimage\"},\"image\":{\"@id\":\"https:\/\/yazmed.ma\/product\/aiguilles-de-mesotherapie-micro-injections-32g-4mm\/#primaryimage\"},\"thumbnailUrl\":\"https:\/\/yazmed.ma\/wp-content\/uploads\/2024\/12\/AIGUILLES-DE-MESOTHERAPIE-32G-4MM.webp\",\"datePublished\":\"2024-12-20T16:34:03+00:00\",\"dateModified\":\"2025-12-09T18:40:27+00:00\",\"breadcrumb\":{\"@id\":\"https:\/\/yazmed.ma\/product\/aiguilles-de-mesotherapie-micro-injections-32g-4mm\/#breadcrumb\"},\"inLanguage\":\"ary\",\"potentialAction\":[{\"@type\":\"ReadAction\",\"target\":[\"https:\/\/yazmed.ma\/product\/aiguilles-de-mesotherapie-micro-injections-32g-4mm\/\"]}]},{\"@type\":\"ImageObject\",\"inLanguage\":\"ary\",\"@id\":\"https:\/\/yazmed.ma\/product\/aiguilles-de-mesotherapie-micro-injections-32g-4mm\/#primaryimage\",\"url\":\"https:\/\/yazmed.ma\/wp-content\/uploads\/2024\/12\/AIGUILLES-DE-MESOTHERAPIE-32G-4MM.webp\",\"contentUrl\":\"https:\/\/yazmed.ma\/wp-content\/uploads\/2024\/12\/AIGUILLES-DE-MESOTHERAPIE-32G-4MM.webp\",\"width\":450,\"height\":450,\"caption\":\"AIGUILLES DE M\u00c9SOTH\u00c9RAPIE 32G 4MM\"},{\"@type\":\"BreadcrumbList\",\"@id\":\"https:\/\/yazmed.ma\/product\/aiguilles-de-mesotherapie-micro-injections-32g-4mm\/#breadcrumb\",\"itemListElement\":[{\"@type\":\"ListItem\",\"position\":1,\"name\":\"Accueil\",\"item\":\"https:\/\/yazmed.ma\/\"},{\"@type\":\"ListItem\",\"position\":2,\"name\":\"Shop\",\"item\":\"https:\/\/yazmed.ma\/shop-2\/\"},{\"@type\":\"ListItem\",\"position\":3,\"name\":\"AIGUILLES DE M\u00c9SOTH\u00c9RAPIE MICRO INJECTIONS 32G 4MM\"}]},{\"@type\":\"WebSite\",\"@id\":\"https:\/\/yazmed.ma\/#website\",\"url\":\"https:\/\/yazmed.ma\/\",\"name\":\"Yazmed\",\"description\":\"LEADER DU MAT\u00c9RIEL M\u00c9DICAL AU MAROC\",\"publisher\":{\"@id\":\"https:\/\/yazmed.ma\/#organization\"},\"potentialAction\":[{\"@type\":\"SearchAction\",\"target\":{\"@type\":\"EntryPoint\",\"urlTemplate\":\"https:\/\/yazmed.ma\/?s={search_term_string}\"},\"query-input\":{\"@type\":\"PropertyValueSpecification\",\"valueRequired\":true,\"valueName\":\"search_term_string\"}}],\"inLanguage\":\"ary\"},{\"@type\":\"Organization\",\"@id\":\"https:\/\/yazmed.ma\/#organization\",\"name\":\"Yazmed Healthcare\",\"url\":\"https:\/\/yazmed.ma\/\",\"logo\":{\"@type\":\"ImageObject\",\"inLanguage\":\"ary\",\"@id\":\"https:\/\/yazmed.ma\/#\/schema\/logo\/image\/\",\"url\":\"https:\/\/yazmed.ma\/wp-content\/uploads\/2024\/12\/3.png\",\"contentUrl\":\"https:\/\/yazmed.ma\/wp-content\/uploads\/2024\/12\/3.png\",\"width\":250,\"height\":70,\"caption\":\"Yazmed Healthcare\"},\"image\":{\"@id\":\"https:\/\/yazmed.ma\/#\/schema\/logo\/image\/\"},\"sameAs\":[\"https:\/\/www.facebook.com\/azenkouky\",\"https:\/\/www.instagram.com\/yazmedhealthcare\",\"https:\/\/www.linkedin.com\/in\/yazmed-healthcare-1b4955295\"]}]}<\/script>\n<!-- \/ Yoast SEO plugin. -->","yoast_head_json":{"title":"AIGUILLES DE M\u00c9SOTH\u00c9RAPIE 32G 4MM - YAZMED","robots":{"index":"index","follow":"follow","max-snippet":"max-snippet:-1","max-image-preview":"max-image-preview:large","max-video-preview":"max-video-preview:-1"},"canonical":"https:\/\/yazmed.ma\/ar\/product\/aiguilles-de-mesotherapie-micro-injections-32g-4mm\/","og_locale":"ar_AR","og_type":"article","og_title":"AIGUILLES DE M\u00c9SOTH\u00c9RAPIE 32G 4MM - YAZMED","og_description":"Aiguille de m\u00e9soth\u00e9rapie 32G 4mm\u00a0sont sp\u00e9cialement con\u00e7ues pour la\u00a0m\u00e9soth\u00e9rapie\u00a0et les\u00a0micro-injections. Ultra-fines et pr\u00e9cises, elles garantissent une\u00a0injection indolore\u00a0et une meilleure tol\u00e9rance cutan\u00e9e. Id\u00e9ales pour les soins esth\u00e9tiques, la m\u00e9decine anti-\u00e2ge et les traitements dermatologiques. * Calibre: 32G (\u00d8 0,23 mm) * Longueur: 4 mm * Couleur: rose * bo\u00eete de 100 * St\u00e9rile    Injections anti-rides injections de toxine botulique","og_url":"https:\/\/yazmed.ma\/ar\/product\/aiguilles-de-mesotherapie-micro-injections-32g-4mm\/","og_site_name":"YAZMED","article_publisher":"https:\/\/www.facebook.com\/azenkouky","article_modified_time":"2025-12-09T18:40:27+00:00","og_image":[{"width":570,"height":517,"url":"https:\/\/yazmed.ma\/wp-content\/uploads\/2024\/12\/Design-sans-titre-10.png","type":"image\/png"}],"twitter_card":"summary_large_image","twitter_misc":{"Est. reading time":"1 minute"},"schema":{"@context":"https:\/\/schema.org","@graph":[{"@type":"WebPage","@id":"https:\/\/yazmed.ma\/product\/aiguilles-de-mesotherapie-micro-injections-32g-4mm\/","url":"https:\/\/yazmed.ma\/product\/aiguilles-de-mesotherapie-micro-injections-32g-4mm\/","name":"AIGUILLES DE M\u00c9SOTH\u00c9RAPIE 32G 4MM - YAZMED","isPartOf":{"@id":"https:\/\/yazmed.ma\/#website"},"primaryImageOfPage":{"@id":"https:\/\/yazmed.ma\/product\/aiguilles-de-mesotherapie-micro-injections-32g-4mm\/#primaryimage"},"image":{"@id":"https:\/\/yazmed.ma\/product\/aiguilles-de-mesotherapie-micro-injections-32g-4mm\/#primaryimage"},"thumbnailUrl":"https:\/\/yazmed.ma\/wp-content\/uploads\/2024\/12\/AIGUILLES-DE-MESOTHERAPIE-32G-4MM.webp","datePublished":"2024-12-20T16:34:03+00:00","dateModified":"2025-12-09T18:40:27+00:00","breadcrumb":{"@id":"https:\/\/yazmed.ma\/product\/aiguilles-de-mesotherapie-micro-injections-32g-4mm\/#breadcrumb"},"inLanguage":"ary","potentialAction":[{"@type":"ReadAction","target":["https:\/\/yazmed.ma\/product\/aiguilles-de-mesotherapie-micro-injections-32g-4mm\/"]}]},{"@type":"ImageObject","inLanguage":"ary","@id":"https:\/\/yazmed.ma\/product\/aiguilles-de-mesotherapie-micro-injections-32g-4mm\/#primaryimage","url":"https:\/\/yazmed.ma\/wp-content\/uploads\/2024\/12\/AIGUILLES-DE-MESOTHERAPIE-32G-4MM.webp","contentUrl":"https:\/\/yazmed.ma\/wp-content\/uploads\/2024\/12\/AIGUILLES-DE-MESOTHERAPIE-32G-4MM.webp","width":450,"height":450,"caption":"AIGUILLES DE M\u00c9SOTH\u00c9RAPIE 32G 4MM"},{"@type":"BreadcrumbList","@id":"https:\/\/yazmed.ma\/product\/aiguilles-de-mesotherapie-micro-injections-32g-4mm\/#breadcrumb","itemListElement":[{"@type":"ListItem","position":1,"name":"Accueil","item":"https:\/\/yazmed.ma\/"},{"@type":"ListItem","position":2,"name":"Shop","item":"https:\/\/yazmed.ma\/shop-2\/"},{"@type":"ListItem","position":3,"name":"AIGUILLES DE M\u00c9SOTH\u00c9RAPIE MICRO INJECTIONS 32G 4MM"}]},{"@type":"WebSite","@id":"https:\/\/yazmed.ma\/#website","url":"https:\/\/yazmed.ma\/","name":"Yazmed","description":"LEADER DU MAT\u00c9RIEL M\u00c9DICAL AU MAROC","publisher":{"@id":"https:\/\/yazmed.ma\/#organization"},"potentialAction":[{"@type":"SearchAction","target":{"@type":"EntryPoint","urlTemplate":"https:\/\/yazmed.ma\/?s={search_term_string}"},"query-input":{"@type":"PropertyValueSpecification","valueRequired":true,"valueName":"search_term_string"}}],"inLanguage":"ary"},{"@type":"Organization","@id":"https:\/\/yazmed.ma\/#organization","name":"Yazmed Healthcare","url":"https:\/\/yazmed.ma\/","logo":{"@type":"ImageObject","inLanguage":"ary","@id":"https:\/\/yazmed.ma\/#\/schema\/logo\/image\/","url":"https:\/\/yazmed.ma\/wp-content\/uploads\/2024\/12\/3.png","contentUrl":"https:\/\/yazmed.ma\/wp-content\/uploads\/2024\/12\/3.png","width":250,"height":70,"caption":"Yazmed Healthcare"},"image":{"@id":"https:\/\/yazmed.ma\/#\/schema\/logo\/image\/"},"sameAs":["https:\/\/www.facebook.com\/azenkouky","https:\/\/www.instagram.com\/yazmedhealthcare","https:\/\/www.linkedin.com\/in\/yazmed-healthcare-1b4955295"]}]}},"_links":{"self":[{"href":"https:\/\/yazmed.ma\/ar\/wp-json\/wp\/v2\/product\/1230","targetHints":{"allow":["GET"]}}],"collection":[{"href":"https:\/\/yazmed.ma\/ar\/wp-json\/wp\/v2\/product"}],"about":[{"href":"https:\/\/yazmed.ma\/ar\/wp-json\/wp\/v2\/types\/product"}],"replies":[{"embeddable":true,"href":"https:\/\/yazmed.ma\/ar\/wp-json\/wp\/v2\/comments?post=1230"}],"version-history":[{"count":1,"href":"https:\/\/yazmed.ma\/ar\/wp-json\/wp\/v2\/product\/1230\/revisions"}],"predecessor-version":[{"id":2864,"href":"https:\/\/yazmed.ma\/ar\/wp-json\/wp\/v2\/product\/1230\/revisions\/2864"}],"wp:featuredmedia":[{"embeddable":true,"href":"https:\/\/yazmed.ma\/ar\/wp-json\/wp\/v2\/media\/2865"}],"wp:attachment":[{"href":"https:\/\/yazmed.ma\/ar\/wp-json\/wp\/v2\/media?parent=1230"}],"wp:term":[{"taxonomy":"product_brand","embeddable":true,"href":"https:\/\/yazmed.ma\/ar\/wp-json\/wp\/v2\/product_brand?post=1230"},{"taxonomy":"product_cat","embeddable":true,"href":"https:\/\/yazmed.ma\/ar\/wp-json\/wp\/v2\/product_cat?post=1230"},{"taxonomy":"product_tag","embeddable":true,"href":"https:\/\/yazmed.ma\/ar\/wp-json\/wp\/v2\/product_tag?post=1230"}],"curies":[{"name":"wp","href":"https:\/\/api.w.org\/{rel}","templated":true}]}}