{"id":1162,"date":"2024-12-18T21:01:45","date_gmt":"2024-12-18T21:01:45","guid":{"rendered":"https:\/\/yazmed.ma\/?post_type=product&#038;p=1162"},"modified":"2025-12-14T17:37:00","modified_gmt":"2025-12-14T17:37:00","slug":"anios-surfanios-premium-5-l","status":"publish","type":"product","link":"https:\/\/yazmed.ma\/ar\/product\/anios-surfanios-premium-5-l\/","title":{"rendered":"ANIOS SURFANIOS PREMIUM 5 L"},"content":{"rendered":"<h4><b><img decoding=\"async\" class=\"emoji\" role=\"img\" draggable=\"false\" src=\"https:\/\/s.w.org\/images\/core\/emoji\/16.0.1\/svg\/2705.svg\" alt=\"\u2705\" \/>\u00a0\u00a0d\u00e9tergent d\u00e9sinfectant sols et surfaces Premium est recommand\u00e9 pour lutter contre\u00a0<\/b><\/h4>\n<ul>\n<li>\n<h6><strong>Les bact\u00e9ries<\/strong><\/h6>\n<\/li>\n<li>\n<h6><strong>Les mycobact\u00e9ries<\/strong><\/h6>\n<\/li>\n<li>\n<h6><strong>Les levures<\/strong><\/h6>\n<\/li>\n<li>\n<h6><strong>Les moisissures<\/strong><\/h6>\n<\/li>\n<li>\n<h6><strong>Les virus (HIV-1, PRV, BVDV, Herpes virus)<\/strong><\/h6>\n<\/li>\n<\/ul>\n<h4><b><img decoding=\"async\" class=\"emoji\" role=\"img\" draggable=\"false\" src=\"https:\/\/s.w.org\/images\/core\/emoji\/16.0.1\/svg\/2705.svg\" alt=\"\u2705\" \/>\u00a0Comment utiliser le d\u00e9tergent d\u00e9sinfectant concentr\u00e9s\u00a0<\/b><\/h4>\n<h6><strong>Il se pr\u00e9sente dans une solution concentr\u00e9e.<\/strong><\/h6>\n<h6><b>Dose d&#8217;emploi<\/b>\u00a0: <strong>1 dose (ou 1 pression de pompe) de Surfanios pour 8 litres d&rsquo;eau chaude ou froide (dilution de 0,25%, soit 20 ml).<\/strong><\/h6>\n<p><img decoding=\"async\" class=\"\" src=\"https:\/\/www.dispoma.com\/wp-content\/uploads\/2021\/03\/anios-logo.jpg\" alt=\"ANIOS\" width=\"77\" height=\"77\" \/><\/p>","protected":false},"excerpt":{"rendered":"<h5>Surfanios Premium 5L<\/h5>\n<p><b>nettoyant et un d\u00e9sinfectant <strong data-start=\"538\" data-end=\"555\">sans ald\u00e9hyde<\/strong><\/b>\u00a0adapt\u00e9 \u00e0 un usage quotidien sur les\u00a0<b>sols, murs et surfaces<\/b>\u00a0des blocs op\u00e9ratoires, services \u00e0 hauts risques, services de soins\u2026 ainsi que sur les\u00a0<b>dispositifs m\u00e9dicaux non-invasifs<\/b>\u00a0(st\u00e9thoscopes, marteaux \u00e0 r\u00e9flexes, testeurs de glyc\u00e9mie&#8230;). Il combine actions d\u00e9tergente et d\u00e9sinfectante simultan\u00e9ment<\/p>\n<p>Optimisation des donn\u00e9es \u00e9co toxicologiques<\/p>\n<p>Avec son\u00a0<b>large spectre<\/b>, antimicrobien en temps de contact, il est efficace sur les bact\u00e9ries et moisissures isol\u00e9es de l&rsquo;environnement hospitalier.<\/p>\n<p><span class=\"\">Points forts Du Surfanios<\/span><br class=\"\" \/><span class=\"\">&#8211; Double action combin\u00e9e\u00a0<\/span><br class=\"\" \/><span class=\"\">&#8211; Large spectre antimicrobien\u00a0<\/span><br class=\"\" \/><span class=\"\">&#8211; Taux de dissolution 0,25%<br \/>\n&#8211; Sans rin\u00e7age<br \/>\n&#8211; Formule sans ald\u00e9hyde<\/span><\/p>\n<p><img decoding=\"async\" class=\"\" src=\"https:\/\/www.dispoma.com\/wp-content\/uploads\/2021\/03\/anios-logo.jpg\" alt=\"ANIOS\" width=\"77\" height=\"77\" \/><\/p>\n<p>l&rsquo;<a title=\"Hygi\u00e8ne\" href=\"https:\/\/fr.wikipedia.org\/wiki\/Hygi%C3%A8ne\">hygi\u00e8ne<\/a>\u00a0et la\u00a0<a title=\"D\u00e9sinfection\" href=\"https:\/\/fr.wikipedia.org\/wiki\/D%C3%A9sinfection\">d\u00e9sinfection<\/a>\u00a0professionnelle.<\/p>\n<p>Commander Anios\u00a0 sur yazmed.ma<\/p>","protected":false},"featured_media":2941,"comment_status":"open","ping_status":"closed","template":"","meta":[],"product_brand":[191],"product_cat":[56],"product_tag":[253,252],"class_list":{"0":"post-1162","1":"product","2":"type-product","3":"status-publish","4":"has-post-thumbnail","6":"product_brand-anios","7":"product_cat-sterilisation-hygiene","8":"product_tag-anios","9":"product_tag-surfanios","11":"first","12":"instock","13":"sale","14":"taxable","15":"shipping-taxable","16":"purchasable","17":"product-type-simple"},"yoast_head":"<!-- This site is optimized with the Yoast SEO plugin v26.9 - https:\/\/yoast.com\/product\/yoast-seo-wordpress\/ -->\n<title>ANIOS SURFANIOS PREMIUM 5 L - YAZMED<\/title>\n<meta name=\"robots\" content=\"index, follow, max-snippet:-1, max-image-preview:large, max-video-preview:-1\" \/>\n<link rel=\"canonical\" href=\"https:\/\/yazmed.ma\/ar\/product\/surfanios-premium\/\" \/>\n<meta property=\"og:locale\" content=\"ar_AR\" \/>\n<meta property=\"og:type\" content=\"article\" \/>\n<meta property=\"og:title\" content=\"ANIOS SURFANIOS PREMIUM 5 L - YAZMED\" \/>\n<meta property=\"og:description\" content=\"Surfanios Premium 5L nettoyant et un d\u00e9sinfectant sans ald\u00e9hyde\u00a0adapt\u00e9 \u00e0 un usage quotidien sur les\u00a0sols, murs et surfaces\u00a0des blocs op\u00e9ratoires, services \u00e0 hauts risques, services de soins\u2026 ainsi que sur les\u00a0dispositifs m\u00e9dicaux non-invasifs\u00a0(st\u00e9thoscopes, marteaux \u00e0 r\u00e9flexes, testeurs de glyc\u00e9mie...). Il combine actions d\u00e9tergente et d\u00e9sinfectante simultan\u00e9ment  Optimisation des donn\u00e9es \u00e9co toxicologiques  Avec son\u00a0large spectre, antimicrobien en temps de contact, il est efficace sur les bact\u00e9ries et moisissures isol\u00e9es de l&#039;environnement hospitalier.  Points forts Du Surfanios- Double action combin\u00e9e\u00a0- Large spectre antimicrobien\u00a0- Taux de dissolution 0,25% - Sans rin\u00e7age - Formule sans ald\u00e9hyde    l&#039;hygi\u00e8ne\u00a0et la\u00a0d\u00e9sinfection\u00a0professionnelle.  Commander Anios\u00a0 sur yazmed.ma\" \/>\n<meta property=\"og:url\" content=\"https:\/\/yazmed.ma\/ar\/product\/surfanios-premium\/\" \/>\n<meta property=\"og:site_name\" content=\"YAZMED\" \/>\n<meta property=\"article:publisher\" content=\"https:\/\/www.facebook.com\/azenkouky\" \/>\n<meta property=\"article:modified_time\" content=\"2025-12-14T17:37:00+00:00\" \/>\n<meta property=\"og:image\" content=\"https:\/\/yazmed.ma\/wp-content\/uploads\/2024\/12\/surfanios-premium.jpg\" \/>\n\t<meta property=\"og:image:width\" content=\"800\" \/>\n\t<meta property=\"og:image:height\" content=\"600\" \/>\n\t<meta property=\"og:image:type\" content=\"image\/jpeg\" \/>\n<meta name=\"twitter:card\" content=\"summary_large_image\" \/>\n<meta name=\"twitter:label1\" content=\"Est. reading time\" \/>\n\t<meta name=\"twitter:data1\" content=\"1 minute\" \/>\n<script type=\"application\/ld+json\" class=\"yoast-schema-graph\">{\"@context\":\"https:\/\/schema.org\",\"@graph\":[{\"@type\":\"WebPage\",\"@id\":\"https:\/\/yazmed.ma\/product\/surfanios-premium\/\",\"url\":\"https:\/\/yazmed.ma\/product\/surfanios-premium\/\",\"name\":\"ANIOS SURFANIOS PREMIUM 5 L - YAZMED\",\"isPartOf\":{\"@id\":\"https:\/\/yazmed.ma\/#website\"},\"primaryImageOfPage\":{\"@id\":\"https:\/\/yazmed.ma\/product\/surfanios-premium\/#primaryimage\"},\"image\":{\"@id\":\"https:\/\/yazmed.ma\/product\/surfanios-premium\/#primaryimage\"},\"thumbnailUrl\":\"https:\/\/yazmed.ma\/wp-content\/uploads\/2024\/12\/ANIOS-SURFANIOS-PREMIUM-5-L.webp\",\"datePublished\":\"2024-12-18T21:01:45+00:00\",\"dateModified\":\"2025-12-14T17:37:00+00:00\",\"breadcrumb\":{\"@id\":\"https:\/\/yazmed.ma\/product\/surfanios-premium\/#breadcrumb\"},\"inLanguage\":\"ary\",\"potentialAction\":[{\"@type\":\"ReadAction\",\"target\":[\"https:\/\/yazmed.ma\/product\/surfanios-premium\/\"]}]},{\"@type\":\"ImageObject\",\"inLanguage\":\"ary\",\"@id\":\"https:\/\/yazmed.ma\/product\/surfanios-premium\/#primaryimage\",\"url\":\"https:\/\/yazmed.ma\/wp-content\/uploads\/2024\/12\/ANIOS-SURFANIOS-PREMIUM-5-L.webp\",\"contentUrl\":\"https:\/\/yazmed.ma\/wp-content\/uploads\/2024\/12\/ANIOS-SURFANIOS-PREMIUM-5-L.webp\",\"width\":570,\"height\":517,\"caption\":\"ANIOS SURFANIOS PREMIUM 5 L\"},{\"@type\":\"BreadcrumbList\",\"@id\":\"https:\/\/yazmed.ma\/product\/surfanios-premium\/#breadcrumb\",\"itemListElement\":[{\"@type\":\"ListItem\",\"position\":1,\"name\":\"Accueil\",\"item\":\"https:\/\/yazmed.ma\/\"},{\"@type\":\"ListItem\",\"position\":2,\"name\":\"Shop\",\"item\":\"https:\/\/yazmed.ma\/shop-2\/\"},{\"@type\":\"ListItem\",\"position\":3,\"name\":\"SURFANIOS PREMIUM\"}]},{\"@type\":\"WebSite\",\"@id\":\"https:\/\/yazmed.ma\/#website\",\"url\":\"https:\/\/yazmed.ma\/\",\"name\":\"Yazmed\",\"description\":\"LEADER DU MAT\u00c9RIEL M\u00c9DICAL AU MAROC\",\"publisher\":{\"@id\":\"https:\/\/yazmed.ma\/#organization\"},\"potentialAction\":[{\"@type\":\"SearchAction\",\"target\":{\"@type\":\"EntryPoint\",\"urlTemplate\":\"https:\/\/yazmed.ma\/?s={search_term_string}\"},\"query-input\":{\"@type\":\"PropertyValueSpecification\",\"valueRequired\":true,\"valueName\":\"search_term_string\"}}],\"inLanguage\":\"ary\"},{\"@type\":\"Organization\",\"@id\":\"https:\/\/yazmed.ma\/#organization\",\"name\":\"Yazmed Healthcare\",\"url\":\"https:\/\/yazmed.ma\/\",\"logo\":{\"@type\":\"ImageObject\",\"inLanguage\":\"ary\",\"@id\":\"https:\/\/yazmed.ma\/#\/schema\/logo\/image\/\",\"url\":\"https:\/\/yazmed.ma\/wp-content\/uploads\/2024\/12\/3.png\",\"contentUrl\":\"https:\/\/yazmed.ma\/wp-content\/uploads\/2024\/12\/3.png\",\"width\":250,\"height\":70,\"caption\":\"Yazmed Healthcare\"},\"image\":{\"@id\":\"https:\/\/yazmed.ma\/#\/schema\/logo\/image\/\"},\"sameAs\":[\"https:\/\/www.facebook.com\/azenkouky\",\"https:\/\/www.instagram.com\/yazmedhealthcare\",\"https:\/\/www.linkedin.com\/in\/yazmed-healthcare-1b4955295\"]}]}<\/script>\n<!-- \/ Yoast SEO plugin. -->","yoast_head_json":{"title":"ANIOS SURFANIOS PREMIUM 5 L - YAZMED","robots":{"index":"index","follow":"follow","max-snippet":"max-snippet:-1","max-image-preview":"max-image-preview:large","max-video-preview":"max-video-preview:-1"},"canonical":"https:\/\/yazmed.ma\/ar\/product\/surfanios-premium\/","og_locale":"ar_AR","og_type":"article","og_title":"ANIOS SURFANIOS PREMIUM 5 L - YAZMED","og_description":"Surfanios Premium 5L nettoyant et un d\u00e9sinfectant sans ald\u00e9hyde\u00a0adapt\u00e9 \u00e0 un usage quotidien sur les\u00a0sols, murs et surfaces\u00a0des blocs op\u00e9ratoires, services \u00e0 hauts risques, services de soins\u2026 ainsi que sur les\u00a0dispositifs m\u00e9dicaux non-invasifs\u00a0(st\u00e9thoscopes, marteaux \u00e0 r\u00e9flexes, testeurs de glyc\u00e9mie...). Il combine actions d\u00e9tergente et d\u00e9sinfectante simultan\u00e9ment  Optimisation des donn\u00e9es \u00e9co toxicologiques  Avec son\u00a0large spectre, antimicrobien en temps de contact, il est efficace sur les bact\u00e9ries et moisissures isol\u00e9es de l'environnement hospitalier.  Points forts Du Surfanios- Double action combin\u00e9e\u00a0- Large spectre antimicrobien\u00a0- Taux de dissolution 0,25% - Sans rin\u00e7age - Formule sans ald\u00e9hyde    l'hygi\u00e8ne\u00a0et la\u00a0d\u00e9sinfection\u00a0professionnelle.  Commander Anios\u00a0 sur yazmed.ma","og_url":"https:\/\/yazmed.ma\/ar\/product\/surfanios-premium\/","og_site_name":"YAZMED","article_publisher":"https:\/\/www.facebook.com\/azenkouky","article_modified_time":"2025-12-14T17:37:00+00:00","og_image":[{"width":800,"height":600,"url":"https:\/\/yazmed.ma\/wp-content\/uploads\/2024\/12\/surfanios-premium.jpg","type":"image\/jpeg"}],"twitter_card":"summary_large_image","twitter_misc":{"Est. reading time":"1 minute"},"schema":{"@context":"https:\/\/schema.org","@graph":[{"@type":"WebPage","@id":"https:\/\/yazmed.ma\/product\/surfanios-premium\/","url":"https:\/\/yazmed.ma\/product\/surfanios-premium\/","name":"ANIOS SURFANIOS PREMIUM 5 L - YAZMED","isPartOf":{"@id":"https:\/\/yazmed.ma\/#website"},"primaryImageOfPage":{"@id":"https:\/\/yazmed.ma\/product\/surfanios-premium\/#primaryimage"},"image":{"@id":"https:\/\/yazmed.ma\/product\/surfanios-premium\/#primaryimage"},"thumbnailUrl":"https:\/\/yazmed.ma\/wp-content\/uploads\/2024\/12\/ANIOS-SURFANIOS-PREMIUM-5-L.webp","datePublished":"2024-12-18T21:01:45+00:00","dateModified":"2025-12-14T17:37:00+00:00","breadcrumb":{"@id":"https:\/\/yazmed.ma\/product\/surfanios-premium\/#breadcrumb"},"inLanguage":"ary","potentialAction":[{"@type":"ReadAction","target":["https:\/\/yazmed.ma\/product\/surfanios-premium\/"]}]},{"@type":"ImageObject","inLanguage":"ary","@id":"https:\/\/yazmed.ma\/product\/surfanios-premium\/#primaryimage","url":"https:\/\/yazmed.ma\/wp-content\/uploads\/2024\/12\/ANIOS-SURFANIOS-PREMIUM-5-L.webp","contentUrl":"https:\/\/yazmed.ma\/wp-content\/uploads\/2024\/12\/ANIOS-SURFANIOS-PREMIUM-5-L.webp","width":570,"height":517,"caption":"ANIOS SURFANIOS PREMIUM 5 L"},{"@type":"BreadcrumbList","@id":"https:\/\/yazmed.ma\/product\/surfanios-premium\/#breadcrumb","itemListElement":[{"@type":"ListItem","position":1,"name":"Accueil","item":"https:\/\/yazmed.ma\/"},{"@type":"ListItem","position":2,"name":"Shop","item":"https:\/\/yazmed.ma\/shop-2\/"},{"@type":"ListItem","position":3,"name":"SURFANIOS PREMIUM"}]},{"@type":"WebSite","@id":"https:\/\/yazmed.ma\/#website","url":"https:\/\/yazmed.ma\/","name":"Yazmed","description":"LEADER DU MAT\u00c9RIEL M\u00c9DICAL AU MAROC","publisher":{"@id":"https:\/\/yazmed.ma\/#organization"},"potentialAction":[{"@type":"SearchAction","target":{"@type":"EntryPoint","urlTemplate":"https:\/\/yazmed.ma\/?s={search_term_string}"},"query-input":{"@type":"PropertyValueSpecification","valueRequired":true,"valueName":"search_term_string"}}],"inLanguage":"ary"},{"@type":"Organization","@id":"https:\/\/yazmed.ma\/#organization","name":"Yazmed Healthcare","url":"https:\/\/yazmed.ma\/","logo":{"@type":"ImageObject","inLanguage":"ary","@id":"https:\/\/yazmed.ma\/#\/schema\/logo\/image\/","url":"https:\/\/yazmed.ma\/wp-content\/uploads\/2024\/12\/3.png","contentUrl":"https:\/\/yazmed.ma\/wp-content\/uploads\/2024\/12\/3.png","width":250,"height":70,"caption":"Yazmed Healthcare"},"image":{"@id":"https:\/\/yazmed.ma\/#\/schema\/logo\/image\/"},"sameAs":["https:\/\/www.facebook.com\/azenkouky","https:\/\/www.instagram.com\/yazmedhealthcare","https:\/\/www.linkedin.com\/in\/yazmed-healthcare-1b4955295"]}]}},"_links":{"self":[{"href":"https:\/\/yazmed.ma\/ar\/wp-json\/wp\/v2\/product\/1162","targetHints":{"allow":["GET"]}}],"collection":[{"href":"https:\/\/yazmed.ma\/ar\/wp-json\/wp\/v2\/product"}],"about":[{"href":"https:\/\/yazmed.ma\/ar\/wp-json\/wp\/v2\/types\/product"}],"replies":[{"embeddable":true,"href":"https:\/\/yazmed.ma\/ar\/wp-json\/wp\/v2\/comments?post=1162"}],"version-history":[{"count":1,"href":"https:\/\/yazmed.ma\/ar\/wp-json\/wp\/v2\/product\/1162\/revisions"}],"predecessor-version":[{"id":2920,"href":"https:\/\/yazmed.ma\/ar\/wp-json\/wp\/v2\/product\/1162\/revisions\/2920"}],"wp:featuredmedia":[{"embeddable":true,"href":"https:\/\/yazmed.ma\/ar\/wp-json\/wp\/v2\/media\/2941"}],"wp:attachment":[{"href":"https:\/\/yazmed.ma\/ar\/wp-json\/wp\/v2\/media?parent=1162"}],"wp:term":[{"taxonomy":"product_brand","embeddable":true,"href":"https:\/\/yazmed.ma\/ar\/wp-json\/wp\/v2\/product_brand?post=1162"},{"taxonomy":"product_cat","embeddable":true,"href":"https:\/\/yazmed.ma\/ar\/wp-json\/wp\/v2\/product_cat?post=1162"},{"taxonomy":"product_tag","embeddable":true,"href":"https:\/\/yazmed.ma\/ar\/wp-json\/wp\/v2\/product_tag?post=1162"}],"curies":[{"name":"wp","href":"https:\/\/api.w.org\/{rel}","templated":true}]}}