{"id":1160,"date":"2024-12-18T20:41:50","date_gmt":"2024-12-18T20:41:50","guid":{"rendered":"https:\/\/yazmed.ma\/?post_type=product&#038;p=1160"},"modified":"2026-03-28T14:34:09","modified_gmt":"2026-03-28T14:34:09","slug":"lingettes-desinfectant-anios-quick-wipes-100","status":"publish","type":"product","link":"https:\/\/yazmed.ma\/ar\/product\/lingettes-desinfectant-anios-quick-wipes-100\/","title":{"rendered":"ANIOS LINGETTES D\u00c9SINFECTANT   Quick Wipes 100"},"content":{"rendered":"<p><img decoding=\"async\" class=\"emoji\" role=\"img\" draggable=\"false\" src=\"https:\/\/s.w.org\/images\/core\/emoji\/16.0.1\/svg\/2705.svg\" alt=\"\u2705\" \/>\u00a0Lingette d\u00e9sinfectante pour les dispositifs m\u00e9dicaux non immergeables<\/p>\n<ul>\n<li>Sur base \u00e9thanol<\/li>\n<li>Large spectre d\u2019activit\u00e9 en temps court<\/li>\n<li>Formulation sans ald\u00e9hyde, sans colorant<\/li>\n<li>Odeur agr\u00e9abl<\/li>\n<\/ul>\n<h4><u><img decoding=\"async\" class=\"\" src=\"https:\/\/eclazon.ma\/wp-content\/uploads\/2024\/07\/anios-logo-200x100.jpg\" width=\"112\" height=\"56\" \/><\/u><\/h4>","protected":false},"excerpt":{"rendered":"<h5>LINGETTES D\u00c9SINFECTANT POUR SONDE Anios Quick Wipes 100 p<\/h5>\n<p align=\"justify\">Impr\u00e9gn\u00e9es d&rsquo;une solution d\u00e9sinfectante \u00e0 action rapide, les<strong>\u00a0Quick Wipes<\/strong>\u00a0sont id\u00e9ales pour le traitements des surfaces en contact ou non avec les denr\u00e9es alimentaires, \u00e9quipements et dispositifs m\u00e9dicaux, pr\u00e9alablement nettoy\u00e9s, non invasifs et non immergeables (st\u00e9thoscopes, tensiom\u00e8tres, instrumentation&#8230;). Large spectre d&rsquo;efficacit\u00e9 avec temps de contact court.<\/p>\n<p><img decoding=\"async\" class=\"\" src=\"https:\/\/eclazon.ma\/wp-content\/uploads\/2024\/07\/anios-logo-200x100.jpg\" width=\"152\" height=\"76\" \/><\/p>\n<h5><a class=\"lientep\" href=\"https:\/\/www.distrimed.com\/les-indispensables-anios.php\">guide des produits Anios<\/a><\/h5>\n<p>&nbsp;<\/p>","protected":false},"featured_media":2397,"comment_status":"open","ping_status":"closed","template":"","meta":[],"product_brand":[191],"product_cat":[56],"product_tag":[],"class_list":{"0":"post-1160","1":"product","2":"type-product","3":"status-publish","4":"has-post-thumbnail","6":"product_brand-anios","7":"product_cat-sterilisation-hygiene","9":"first","10":"outofstock","11":"taxable","12":"shipping-taxable","13":"purchasable","14":"product-type-simple"},"yoast_head":"<!-- This site is optimized with the Yoast SEO plugin v26.9 - https:\/\/yoast.com\/product\/yoast-seo-wordpress\/ -->\n<title>ANIOS LINGETTES D\u00c9SINFECTANT  Quick Wipes 100 - YAZMED<\/title>\n<meta name=\"robots\" content=\"index, follow, max-snippet:-1, max-image-preview:large, max-video-preview:-1\" \/>\n<link rel=\"canonical\" href=\"https:\/\/yazmed.ma\/ar\/product\/lingettes-sonde-anios-quick-wipes\/\" \/>\n<meta property=\"og:locale\" content=\"ar_AR\" \/>\n<meta property=\"og:type\" content=\"article\" \/>\n<meta property=\"og:title\" content=\"ANIOS LINGETTES D\u00c9SINFECTANT  Quick Wipes 100 - YAZMED\" \/>\n<meta property=\"og:description\" content=\"LINGETTES D\u00c9SINFECTANT POUR SONDE Anios Quick Wipes 100 p Impr\u00e9gn\u00e9es d&#039;une solution d\u00e9sinfectante \u00e0 action rapide, les\u00a0Quick Wipes\u00a0sont id\u00e9ales pour le traitements des surfaces en contact ou non avec les denr\u00e9es alimentaires, \u00e9quipements et dispositifs m\u00e9dicaux, pr\u00e9alablement nettoy\u00e9s, non invasifs et non immergeables (st\u00e9thoscopes, tensiom\u00e8tres, instrumentation...). Large spectre d&#039;efficacit\u00e9 avec temps de contact court.  guide des produits Anios &nbsp;\" \/>\n<meta property=\"og:url\" content=\"https:\/\/yazmed.ma\/ar\/product\/lingettes-sonde-anios-quick-wipes\/\" \/>\n<meta property=\"og:site_name\" content=\"YAZMED\" \/>\n<meta property=\"article:publisher\" content=\"https:\/\/www.facebook.com\/azenkouky\" \/>\n<meta property=\"article:modified_time\" content=\"2026-03-28T14:34:09+00:00\" \/>\n<meta property=\"og:image\" content=\"https:\/\/yazmed.ma\/wp-content\/uploads\/2024\/12\/Design-sans-titre-18-1.png\" \/>\n\t<meta property=\"og:image:width\" content=\"570\" \/>\n\t<meta property=\"og:image:height\" content=\"517\" \/>\n\t<meta property=\"og:image:type\" content=\"image\/png\" \/>\n<meta name=\"twitter:card\" content=\"summary_large_image\" \/>\n<meta name=\"twitter:label1\" content=\"Est. reading time\" \/>\n\t<meta name=\"twitter:data1\" content=\"1 minute\" \/>\n<script type=\"application\/ld+json\" class=\"yoast-schema-graph\">{\"@context\":\"https:\/\/schema.org\",\"@graph\":[{\"@type\":\"WebPage\",\"@id\":\"https:\/\/yazmed.ma\/product\/lingettes-sonde-anios-quick-wipes\/\",\"url\":\"https:\/\/yazmed.ma\/product\/lingettes-sonde-anios-quick-wipes\/\",\"name\":\"ANIOS LINGETTES D\u00c9SINFECTANT Quick Wipes 100 - YAZMED\",\"isPartOf\":{\"@id\":\"https:\/\/yazmed.ma\/#website\"},\"primaryImageOfPage\":{\"@id\":\"https:\/\/yazmed.ma\/product\/lingettes-sonde-anios-quick-wipes\/#primaryimage\"},\"image\":{\"@id\":\"https:\/\/yazmed.ma\/product\/lingettes-sonde-anios-quick-wipes\/#primaryimage\"},\"thumbnailUrl\":\"https:\/\/yazmed.ma\/wp-content\/uploads\/2024\/12\/LINGETTES-ANIOS.webp\",\"datePublished\":\"2024-12-18T20:41:50+00:00\",\"dateModified\":\"2026-03-28T14:34:09+00:00\",\"breadcrumb\":{\"@id\":\"https:\/\/yazmed.ma\/product\/lingettes-sonde-anios-quick-wipes\/#breadcrumb\"},\"inLanguage\":\"ary\",\"potentialAction\":[{\"@type\":\"ReadAction\",\"target\":[\"https:\/\/yazmed.ma\/product\/lingettes-sonde-anios-quick-wipes\/\"]}]},{\"@type\":\"ImageObject\",\"inLanguage\":\"ary\",\"@id\":\"https:\/\/yazmed.ma\/product\/lingettes-sonde-anios-quick-wipes\/#primaryimage\",\"url\":\"https:\/\/yazmed.ma\/wp-content\/uploads\/2024\/12\/LINGETTES-ANIOS.webp\",\"contentUrl\":\"https:\/\/yazmed.ma\/wp-content\/uploads\/2024\/12\/LINGETTES-ANIOS.webp\",\"width\":570,\"height\":517,\"caption\":\"LINGETTES ANIOS\"},{\"@type\":\"BreadcrumbList\",\"@id\":\"https:\/\/yazmed.ma\/product\/lingettes-sonde-anios-quick-wipes\/#breadcrumb\",\"itemListElement\":[{\"@type\":\"ListItem\",\"position\":1,\"name\":\"Accueil\",\"item\":\"https:\/\/yazmed.ma\/\"},{\"@type\":\"ListItem\",\"position\":2,\"name\":\"Shop\",\"item\":\"https:\/\/yazmed.ma\/shop-2\/\"},{\"@type\":\"ListItem\",\"position\":3,\"name\":\"LINGETTES D\u00c9SINFECTANT POUR SONDE Anios Quick Wipes\"}]},{\"@type\":\"WebSite\",\"@id\":\"https:\/\/yazmed.ma\/#website\",\"url\":\"https:\/\/yazmed.ma\/\",\"name\":\"Yazmed\",\"description\":\"LEADER DU MAT\u00c9RIEL M\u00c9DICAL AU MAROC\",\"publisher\":{\"@id\":\"https:\/\/yazmed.ma\/#organization\"},\"potentialAction\":[{\"@type\":\"SearchAction\",\"target\":{\"@type\":\"EntryPoint\",\"urlTemplate\":\"https:\/\/yazmed.ma\/?s={search_term_string}\"},\"query-input\":{\"@type\":\"PropertyValueSpecification\",\"valueRequired\":true,\"valueName\":\"search_term_string\"}}],\"inLanguage\":\"ary\"},{\"@type\":\"Organization\",\"@id\":\"https:\/\/yazmed.ma\/#organization\",\"name\":\"Yazmed Healthcare\",\"url\":\"https:\/\/yazmed.ma\/\",\"logo\":{\"@type\":\"ImageObject\",\"inLanguage\":\"ary\",\"@id\":\"https:\/\/yazmed.ma\/#\/schema\/logo\/image\/\",\"url\":\"https:\/\/yazmed.ma\/wp-content\/uploads\/2024\/12\/3.png\",\"contentUrl\":\"https:\/\/yazmed.ma\/wp-content\/uploads\/2024\/12\/3.png\",\"width\":250,\"height\":70,\"caption\":\"Yazmed Healthcare\"},\"image\":{\"@id\":\"https:\/\/yazmed.ma\/#\/schema\/logo\/image\/\"},\"sameAs\":[\"https:\/\/www.facebook.com\/azenkouky\",\"https:\/\/www.instagram.com\/yazmedhealthcare\",\"https:\/\/www.linkedin.com\/in\/yazmed-healthcare-1b4955295\"]}]}<\/script>\n<!-- \/ Yoast SEO plugin. -->","yoast_head_json":{"title":"ANIOS LINGETTES D\u00c9SINFECTANT  Quick Wipes 100 - YAZMED","robots":{"index":"index","follow":"follow","max-snippet":"max-snippet:-1","max-image-preview":"max-image-preview:large","max-video-preview":"max-video-preview:-1"},"canonical":"https:\/\/yazmed.ma\/ar\/product\/lingettes-sonde-anios-quick-wipes\/","og_locale":"ar_AR","og_type":"article","og_title":"ANIOS LINGETTES D\u00c9SINFECTANT  Quick Wipes 100 - YAZMED","og_description":"LINGETTES D\u00c9SINFECTANT POUR SONDE Anios Quick Wipes 100 p Impr\u00e9gn\u00e9es d'une solution d\u00e9sinfectante \u00e0 action rapide, les\u00a0Quick Wipes\u00a0sont id\u00e9ales pour le traitements des surfaces en contact ou non avec les denr\u00e9es alimentaires, \u00e9quipements et dispositifs m\u00e9dicaux, pr\u00e9alablement nettoy\u00e9s, non invasifs et non immergeables (st\u00e9thoscopes, tensiom\u00e8tres, instrumentation...). Large spectre d'efficacit\u00e9 avec temps de contact court.  guide des produits Anios &nbsp;","og_url":"https:\/\/yazmed.ma\/ar\/product\/lingettes-sonde-anios-quick-wipes\/","og_site_name":"YAZMED","article_publisher":"https:\/\/www.facebook.com\/azenkouky","article_modified_time":"2026-03-28T14:34:09+00:00","og_image":[{"width":570,"height":517,"url":"https:\/\/yazmed.ma\/wp-content\/uploads\/2024\/12\/Design-sans-titre-18-1.png","type":"image\/png"}],"twitter_card":"summary_large_image","twitter_misc":{"Est. reading time":"1 minute"},"schema":{"@context":"https:\/\/schema.org","@graph":[{"@type":"WebPage","@id":"https:\/\/yazmed.ma\/product\/lingettes-sonde-anios-quick-wipes\/","url":"https:\/\/yazmed.ma\/product\/lingettes-sonde-anios-quick-wipes\/","name":"ANIOS LINGETTES D\u00c9SINFECTANT Quick Wipes 100 - YAZMED","isPartOf":{"@id":"https:\/\/yazmed.ma\/#website"},"primaryImageOfPage":{"@id":"https:\/\/yazmed.ma\/product\/lingettes-sonde-anios-quick-wipes\/#primaryimage"},"image":{"@id":"https:\/\/yazmed.ma\/product\/lingettes-sonde-anios-quick-wipes\/#primaryimage"},"thumbnailUrl":"https:\/\/yazmed.ma\/wp-content\/uploads\/2024\/12\/LINGETTES-ANIOS.webp","datePublished":"2024-12-18T20:41:50+00:00","dateModified":"2026-03-28T14:34:09+00:00","breadcrumb":{"@id":"https:\/\/yazmed.ma\/product\/lingettes-sonde-anios-quick-wipes\/#breadcrumb"},"inLanguage":"ary","potentialAction":[{"@type":"ReadAction","target":["https:\/\/yazmed.ma\/product\/lingettes-sonde-anios-quick-wipes\/"]}]},{"@type":"ImageObject","inLanguage":"ary","@id":"https:\/\/yazmed.ma\/product\/lingettes-sonde-anios-quick-wipes\/#primaryimage","url":"https:\/\/yazmed.ma\/wp-content\/uploads\/2024\/12\/LINGETTES-ANIOS.webp","contentUrl":"https:\/\/yazmed.ma\/wp-content\/uploads\/2024\/12\/LINGETTES-ANIOS.webp","width":570,"height":517,"caption":"LINGETTES ANIOS"},{"@type":"BreadcrumbList","@id":"https:\/\/yazmed.ma\/product\/lingettes-sonde-anios-quick-wipes\/#breadcrumb","itemListElement":[{"@type":"ListItem","position":1,"name":"Accueil","item":"https:\/\/yazmed.ma\/"},{"@type":"ListItem","position":2,"name":"Shop","item":"https:\/\/yazmed.ma\/shop-2\/"},{"@type":"ListItem","position":3,"name":"LINGETTES D\u00c9SINFECTANT POUR SONDE Anios Quick Wipes"}]},{"@type":"WebSite","@id":"https:\/\/yazmed.ma\/#website","url":"https:\/\/yazmed.ma\/","name":"Yazmed","description":"LEADER DU MAT\u00c9RIEL M\u00c9DICAL AU MAROC","publisher":{"@id":"https:\/\/yazmed.ma\/#organization"},"potentialAction":[{"@type":"SearchAction","target":{"@type":"EntryPoint","urlTemplate":"https:\/\/yazmed.ma\/?s={search_term_string}"},"query-input":{"@type":"PropertyValueSpecification","valueRequired":true,"valueName":"search_term_string"}}],"inLanguage":"ary"},{"@type":"Organization","@id":"https:\/\/yazmed.ma\/#organization","name":"Yazmed Healthcare","url":"https:\/\/yazmed.ma\/","logo":{"@type":"ImageObject","inLanguage":"ary","@id":"https:\/\/yazmed.ma\/#\/schema\/logo\/image\/","url":"https:\/\/yazmed.ma\/wp-content\/uploads\/2024\/12\/3.png","contentUrl":"https:\/\/yazmed.ma\/wp-content\/uploads\/2024\/12\/3.png","width":250,"height":70,"caption":"Yazmed Healthcare"},"image":{"@id":"https:\/\/yazmed.ma\/#\/schema\/logo\/image\/"},"sameAs":["https:\/\/www.facebook.com\/azenkouky","https:\/\/www.instagram.com\/yazmedhealthcare","https:\/\/www.linkedin.com\/in\/yazmed-healthcare-1b4955295"]}]}},"_links":{"self":[{"href":"https:\/\/yazmed.ma\/ar\/wp-json\/wp\/v2\/product\/1160","targetHints":{"allow":["GET"]}}],"collection":[{"href":"https:\/\/yazmed.ma\/ar\/wp-json\/wp\/v2\/product"}],"about":[{"href":"https:\/\/yazmed.ma\/ar\/wp-json\/wp\/v2\/types\/product"}],"replies":[{"embeddable":true,"href":"https:\/\/yazmed.ma\/ar\/wp-json\/wp\/v2\/comments?post=1160"}],"version-history":[{"count":2,"href":"https:\/\/yazmed.ma\/ar\/wp-json\/wp\/v2\/product\/1160\/revisions"}],"predecessor-version":[{"id":3312,"href":"https:\/\/yazmed.ma\/ar\/wp-json\/wp\/v2\/product\/1160\/revisions\/3312"}],"wp:featuredmedia":[{"embeddable":true,"href":"https:\/\/yazmed.ma\/ar\/wp-json\/wp\/v2\/media\/2397"}],"wp:attachment":[{"href":"https:\/\/yazmed.ma\/ar\/wp-json\/wp\/v2\/media?parent=1160"}],"wp:term":[{"taxonomy":"product_brand","embeddable":true,"href":"https:\/\/yazmed.ma\/ar\/wp-json\/wp\/v2\/product_brand?post=1160"},{"taxonomy":"product_cat","embeddable":true,"href":"https:\/\/yazmed.ma\/ar\/wp-json\/wp\/v2\/product_cat?post=1160"},{"taxonomy":"product_tag","embeddable":true,"href":"https:\/\/yazmed.ma\/ar\/wp-json\/wp\/v2\/product_tag?post=1160"}],"curies":[{"name":"wp","href":"https:\/\/api.w.org\/{rel}","templated":true}]}}