{"id":1157,"date":"2024-12-18T20:29:32","date_gmt":"2024-12-18T20:29:32","guid":{"rendered":"https:\/\/yazmed.ma\/?post_type=product&#038;p=1157"},"modified":"2025-12-11T17:22:51","modified_gmt":"2025-12-11T17:22:51","slug":"anios-clean-excel-d-1l","status":"publish","type":"product","link":"https:\/\/yazmed.ma\/ar\/product\/anios-clean-excel-d-1l\/","title":{"rendered":"ANIOS CLEAN EXCEL D 1L"},"content":{"rendered":"<p><strong><img decoding=\"async\" class=\"emoji\" role=\"img\" draggable=\"false\" src=\"https:\/\/s.w.org\/images\/core\/emoji\/16.0.1\/svg\/2705.svg\" alt=\"\u2705\" \/>\u00a0Nettoyant pr\u00e9-d\u00e9sinfectant\u00a0<\/strong><\/p>\n<p align=\"justify\">La formule de l&rsquo;<strong>Anios Clean Excel D<\/strong>\u00a0associe deux principes actifs aux\u00a0<span class=\"gras\">propri\u00e9t\u00e9s d\u00e9tergentes boost\u00e9es et un large spectre antimicrobien d\u00e8s 15 minutes<\/span>.\u00a0 permet le nettoyage et la pr\u00e9-d\u00e9sinfection par immersion de l&rsquo;instrumentation m\u00e9dico-chirurgicale, des dispositifs m\u00e9dicaux, ainsi que <strong>des instruments thermosensibles et du mat\u00e9riel d&rsquo;endoscopie<\/strong>.<\/p>\n<h5><a class=\"lientep\" href=\"https:\/\/www.distrimed.com\/les-indispensables-anios.php\" target=\"_blank\" rel=\"noopener\">guide des produits Anios<\/a><\/h5>\n<p><img decoding=\"async\" class=\"\" src=\"https:\/\/www.dispoma.com\/wp-content\/uploads\/2021\/03\/anios-logo.jpg\" alt=\"ANIOS\" width=\"71\" height=\"71\" \/><\/p>","protected":false},"excerpt":{"rendered":"<h4>ANIOS CLEAN EXCEL D 1L<\/h4>\n<p data-start=\"282\" data-end=\"720\"><strong data-start=\"313\" data-end=\"361\">\u00a0pr\u00e9 d\u00e9sinfectant haute performance<\/strong>, sp\u00e9cialement con\u00e7u pour le traitement par\u00a0<strong data-start=\"405\" data-end=\"418\">immersion<\/strong>\u00a0de l\u2019instrumentation m\u00e9dico-chirurgicale, des dispositifs m\u00e9dicaux thermosensibles, du mat\u00e9riel d\u2019endoscopie et autres instruments \u00e0 d\u00e9sinfecter. Sa formule avanc\u00e9e associe deux principes actifs offrant une\u00a0<strong data-start=\"626\" data-end=\"660\">puissance d\u00e9tergente renforc\u00e9e<\/strong>\u00a0et une\u00a0<strong data-start=\"668\" data-end=\"704\">large efficacit\u00e9 antimicrobienne<\/strong>\u00a0d\u00e8s 15 minutes.<\/p>\n<p data-start=\"722\" data-end=\"932\">Particuli\u00e8rement efficace contre le\u00a0<strong data-start=\"758\" data-end=\"769\">biofilm<\/strong>, il r\u00e9pond \u00e0 la norme\u00a0<strong data-start=\"792\" data-end=\"805\">ISO 15883<\/strong>, r\u00e9duisant de plus de\u00a0<strong data-start=\"828\" data-end=\"837\">5 log<\/strong>\u00a0une population de\u00a0<em data-start=\"856\" data-end=\"880\">Pseudomonas aeruginosa<\/em>\u00a0et diminuant de\u00a0<strong data-start=\"897\" data-end=\"905\">85 %<\/strong>\u00a0les prot\u00e9ines r\u00e9siduelles.<\/p>\n<p><img decoding=\"async\" class=\"\" src=\"https:\/\/www.dispoma.com\/wp-content\/uploads\/2021\/03\/anios-logo.jpg\" alt=\"ANIOS\" width=\"70\" height=\"70\" \/><\/p>","protected":false},"featured_media":2395,"comment_status":"open","ping_status":"closed","template":"","meta":[],"product_brand":[191],"product_cat":[56],"product_tag":[75],"class_list":{"0":"post-1157","1":"product","2":"type-product","3":"status-publish","4":"has-post-thumbnail","6":"product_brand-anios","7":"product_cat-sterilisation-hygiene","8":"product_tag-anios-desinfectant","10":"first","11":"instock","12":"taxable","13":"shipping-taxable","14":"purchasable","15":"product-type-simple"},"yoast_head":"<!-- This site is optimized with the Yoast SEO plugin v26.9 - https:\/\/yoast.com\/product\/yoast-seo-wordpress\/ -->\n<title>ANIOS CLEAN EXCEL D 1L - YAZMED<\/title>\n<meta name=\"robots\" content=\"index, follow, max-snippet:-1, max-image-preview:large, max-video-preview:-1\" \/>\n<link rel=\"canonical\" href=\"https:\/\/yazmed.ma\/ar\/product\/aniosclean-excel-d\/\" \/>\n<meta property=\"og:locale\" content=\"ar_AR\" \/>\n<meta property=\"og:type\" content=\"article\" \/>\n<meta property=\"og:title\" content=\"ANIOS CLEAN EXCEL D 1L - YAZMED\" \/>\n<meta property=\"og:description\" content=\"ANIOS CLEAN EXCEL D 1L \u00a0pr\u00e9 d\u00e9sinfectant haute performance, sp\u00e9cialement con\u00e7u pour le traitement par\u00a0immersion\u00a0de l\u2019instrumentation m\u00e9dico-chirurgicale, des dispositifs m\u00e9dicaux thermosensibles, du mat\u00e9riel d\u2019endoscopie et autres instruments \u00e0 d\u00e9sinfecter. Sa formule avanc\u00e9e associe deux principes actifs offrant une\u00a0puissance d\u00e9tergente renforc\u00e9e\u00a0et une\u00a0large efficacit\u00e9 antimicrobienne\u00a0d\u00e8s 15 minutes. Particuli\u00e8rement efficace contre le\u00a0biofilm, il r\u00e9pond \u00e0 la norme\u00a0ISO 15883, r\u00e9duisant de plus de\u00a05 log\u00a0une population de\u00a0Pseudomonas aeruginosa\u00a0et diminuant de\u00a085 %\u00a0les prot\u00e9ines r\u00e9siduelles.\" \/>\n<meta property=\"og:url\" content=\"https:\/\/yazmed.ma\/ar\/product\/aniosclean-excel-d\/\" \/>\n<meta property=\"og:site_name\" content=\"YAZMED\" \/>\n<meta property=\"article:publisher\" content=\"https:\/\/www.facebook.com\/azenkouky\" \/>\n<meta property=\"article:modified_time\" content=\"2025-12-11T17:22:51+00:00\" \/>\n<meta property=\"og:image\" content=\"https:\/\/yazmed.ma\/wp-content\/uploads\/2024\/12\/00cdacc7-02e8-460d-a14a-6f553b4bf67e.jpg\" \/>\n\t<meta property=\"og:image:width\" content=\"1011\" \/>\n\t<meta property=\"og:image:height\" content=\"1003\" \/>\n\t<meta property=\"og:image:type\" content=\"image\/jpeg\" \/>\n<meta name=\"twitter:card\" content=\"summary_large_image\" \/>\n<meta name=\"twitter:label1\" content=\"Est. reading time\" \/>\n\t<meta name=\"twitter:data1\" content=\"1 minute\" \/>\n<script type=\"application\/ld+json\" class=\"yoast-schema-graph\">{\"@context\":\"https:\/\/schema.org\",\"@graph\":[{\"@type\":\"WebPage\",\"@id\":\"https:\/\/yazmed.ma\/product\/aniosclean-excel-d\/\",\"url\":\"https:\/\/yazmed.ma\/product\/aniosclean-excel-d\/\",\"name\":\"ANIOS CLEAN EXCEL D 1L - YAZMED\",\"isPartOf\":{\"@id\":\"https:\/\/yazmed.ma\/#website\"},\"primaryImageOfPage\":{\"@id\":\"https:\/\/yazmed.ma\/product\/aniosclean-excel-d\/#primaryimage\"},\"image\":{\"@id\":\"https:\/\/yazmed.ma\/product\/aniosclean-excel-d\/#primaryimage\"},\"thumbnailUrl\":\"https:\/\/yazmed.ma\/wp-content\/uploads\/2024\/12\/ANIOS-EXCEL-D.webp\",\"datePublished\":\"2024-12-18T20:29:32+00:00\",\"dateModified\":\"2025-12-11T17:22:51+00:00\",\"breadcrumb\":{\"@id\":\"https:\/\/yazmed.ma\/product\/aniosclean-excel-d\/#breadcrumb\"},\"inLanguage\":\"ary\",\"potentialAction\":[{\"@type\":\"ReadAction\",\"target\":[\"https:\/\/yazmed.ma\/product\/aniosclean-excel-d\/\"]}]},{\"@type\":\"ImageObject\",\"inLanguage\":\"ary\",\"@id\":\"https:\/\/yazmed.ma\/product\/aniosclean-excel-d\/#primaryimage\",\"url\":\"https:\/\/yazmed.ma\/wp-content\/uploads\/2024\/12\/ANIOS-EXCEL-D.webp\",\"contentUrl\":\"https:\/\/yazmed.ma\/wp-content\/uploads\/2024\/12\/ANIOS-EXCEL-D.webp\",\"width\":570,\"height\":517,\"caption\":\"ANIOS EXCEL D\"},{\"@type\":\"BreadcrumbList\",\"@id\":\"https:\/\/yazmed.ma\/product\/aniosclean-excel-d\/#breadcrumb\",\"itemListElement\":[{\"@type\":\"ListItem\",\"position\":1,\"name\":\"Accueil\",\"item\":\"https:\/\/yazmed.ma\/\"},{\"@type\":\"ListItem\",\"position\":2,\"name\":\"Shop\",\"item\":\"https:\/\/yazmed.ma\/shop-2\/\"},{\"@type\":\"ListItem\",\"position\":3,\"name\":\"ANIOS\u2019CLEAN EXCEL D\"}]},{\"@type\":\"WebSite\",\"@id\":\"https:\/\/yazmed.ma\/#website\",\"url\":\"https:\/\/yazmed.ma\/\",\"name\":\"Yazmed\",\"description\":\"LEADER DU MAT\u00c9RIEL M\u00c9DICAL AU MAROC\",\"publisher\":{\"@id\":\"https:\/\/yazmed.ma\/#organization\"},\"potentialAction\":[{\"@type\":\"SearchAction\",\"target\":{\"@type\":\"EntryPoint\",\"urlTemplate\":\"https:\/\/yazmed.ma\/?s={search_term_string}\"},\"query-input\":{\"@type\":\"PropertyValueSpecification\",\"valueRequired\":true,\"valueName\":\"search_term_string\"}}],\"inLanguage\":\"ary\"},{\"@type\":\"Organization\",\"@id\":\"https:\/\/yazmed.ma\/#organization\",\"name\":\"Yazmed Healthcare\",\"url\":\"https:\/\/yazmed.ma\/\",\"logo\":{\"@type\":\"ImageObject\",\"inLanguage\":\"ary\",\"@id\":\"https:\/\/yazmed.ma\/#\/schema\/logo\/image\/\",\"url\":\"https:\/\/yazmed.ma\/wp-content\/uploads\/2024\/12\/3.png\",\"contentUrl\":\"https:\/\/yazmed.ma\/wp-content\/uploads\/2024\/12\/3.png\",\"width\":250,\"height\":70,\"caption\":\"Yazmed Healthcare\"},\"image\":{\"@id\":\"https:\/\/yazmed.ma\/#\/schema\/logo\/image\/\"},\"sameAs\":[\"https:\/\/www.facebook.com\/azenkouky\",\"https:\/\/www.instagram.com\/yazmedhealthcare\",\"https:\/\/www.linkedin.com\/in\/yazmed-healthcare-1b4955295\"]}]}<\/script>\n<!-- \/ Yoast SEO plugin. -->","yoast_head_json":{"title":"ANIOS CLEAN EXCEL D 1L - YAZMED","robots":{"index":"index","follow":"follow","max-snippet":"max-snippet:-1","max-image-preview":"max-image-preview:large","max-video-preview":"max-video-preview:-1"},"canonical":"https:\/\/yazmed.ma\/ar\/product\/aniosclean-excel-d\/","og_locale":"ar_AR","og_type":"article","og_title":"ANIOS CLEAN EXCEL D 1L - YAZMED","og_description":"ANIOS CLEAN EXCEL D 1L \u00a0pr\u00e9 d\u00e9sinfectant haute performance, sp\u00e9cialement con\u00e7u pour le traitement par\u00a0immersion\u00a0de l\u2019instrumentation m\u00e9dico-chirurgicale, des dispositifs m\u00e9dicaux thermosensibles, du mat\u00e9riel d\u2019endoscopie et autres instruments \u00e0 d\u00e9sinfecter. Sa formule avanc\u00e9e associe deux principes actifs offrant une\u00a0puissance d\u00e9tergente renforc\u00e9e\u00a0et une\u00a0large efficacit\u00e9 antimicrobienne\u00a0d\u00e8s 15 minutes. Particuli\u00e8rement efficace contre le\u00a0biofilm, il r\u00e9pond \u00e0 la norme\u00a0ISO 15883, r\u00e9duisant de plus de\u00a05 log\u00a0une population de\u00a0Pseudomonas aeruginosa\u00a0et diminuant de\u00a085 %\u00a0les prot\u00e9ines r\u00e9siduelles.","og_url":"https:\/\/yazmed.ma\/ar\/product\/aniosclean-excel-d\/","og_site_name":"YAZMED","article_publisher":"https:\/\/www.facebook.com\/azenkouky","article_modified_time":"2025-12-11T17:22:51+00:00","og_image":[{"width":1011,"height":1003,"url":"https:\/\/yazmed.ma\/wp-content\/uploads\/2024\/12\/00cdacc7-02e8-460d-a14a-6f553b4bf67e.jpg","type":"image\/jpeg"}],"twitter_card":"summary_large_image","twitter_misc":{"Est. reading time":"1 minute"},"schema":{"@context":"https:\/\/schema.org","@graph":[{"@type":"WebPage","@id":"https:\/\/yazmed.ma\/product\/aniosclean-excel-d\/","url":"https:\/\/yazmed.ma\/product\/aniosclean-excel-d\/","name":"ANIOS CLEAN EXCEL D 1L - YAZMED","isPartOf":{"@id":"https:\/\/yazmed.ma\/#website"},"primaryImageOfPage":{"@id":"https:\/\/yazmed.ma\/product\/aniosclean-excel-d\/#primaryimage"},"image":{"@id":"https:\/\/yazmed.ma\/product\/aniosclean-excel-d\/#primaryimage"},"thumbnailUrl":"https:\/\/yazmed.ma\/wp-content\/uploads\/2024\/12\/ANIOS-EXCEL-D.webp","datePublished":"2024-12-18T20:29:32+00:00","dateModified":"2025-12-11T17:22:51+00:00","breadcrumb":{"@id":"https:\/\/yazmed.ma\/product\/aniosclean-excel-d\/#breadcrumb"},"inLanguage":"ary","potentialAction":[{"@type":"ReadAction","target":["https:\/\/yazmed.ma\/product\/aniosclean-excel-d\/"]}]},{"@type":"ImageObject","inLanguage":"ary","@id":"https:\/\/yazmed.ma\/product\/aniosclean-excel-d\/#primaryimage","url":"https:\/\/yazmed.ma\/wp-content\/uploads\/2024\/12\/ANIOS-EXCEL-D.webp","contentUrl":"https:\/\/yazmed.ma\/wp-content\/uploads\/2024\/12\/ANIOS-EXCEL-D.webp","width":570,"height":517,"caption":"ANIOS EXCEL D"},{"@type":"BreadcrumbList","@id":"https:\/\/yazmed.ma\/product\/aniosclean-excel-d\/#breadcrumb","itemListElement":[{"@type":"ListItem","position":1,"name":"Accueil","item":"https:\/\/yazmed.ma\/"},{"@type":"ListItem","position":2,"name":"Shop","item":"https:\/\/yazmed.ma\/shop-2\/"},{"@type":"ListItem","position":3,"name":"ANIOS\u2019CLEAN EXCEL D"}]},{"@type":"WebSite","@id":"https:\/\/yazmed.ma\/#website","url":"https:\/\/yazmed.ma\/","name":"Yazmed","description":"LEADER DU MAT\u00c9RIEL M\u00c9DICAL AU MAROC","publisher":{"@id":"https:\/\/yazmed.ma\/#organization"},"potentialAction":[{"@type":"SearchAction","target":{"@type":"EntryPoint","urlTemplate":"https:\/\/yazmed.ma\/?s={search_term_string}"},"query-input":{"@type":"PropertyValueSpecification","valueRequired":true,"valueName":"search_term_string"}}],"inLanguage":"ary"},{"@type":"Organization","@id":"https:\/\/yazmed.ma\/#organization","name":"Yazmed Healthcare","url":"https:\/\/yazmed.ma\/","logo":{"@type":"ImageObject","inLanguage":"ary","@id":"https:\/\/yazmed.ma\/#\/schema\/logo\/image\/","url":"https:\/\/yazmed.ma\/wp-content\/uploads\/2024\/12\/3.png","contentUrl":"https:\/\/yazmed.ma\/wp-content\/uploads\/2024\/12\/3.png","width":250,"height":70,"caption":"Yazmed Healthcare"},"image":{"@id":"https:\/\/yazmed.ma\/#\/schema\/logo\/image\/"},"sameAs":["https:\/\/www.facebook.com\/azenkouky","https:\/\/www.instagram.com\/yazmedhealthcare","https:\/\/www.linkedin.com\/in\/yazmed-healthcare-1b4955295"]}]}},"_links":{"self":[{"href":"https:\/\/yazmed.ma\/ar\/wp-json\/wp\/v2\/product\/1157","targetHints":{"allow":["GET"]}}],"collection":[{"href":"https:\/\/yazmed.ma\/ar\/wp-json\/wp\/v2\/product"}],"about":[{"href":"https:\/\/yazmed.ma\/ar\/wp-json\/wp\/v2\/types\/product"}],"replies":[{"embeddable":true,"href":"https:\/\/yazmed.ma\/ar\/wp-json\/wp\/v2\/comments?post=1157"}],"version-history":[{"count":1,"href":"https:\/\/yazmed.ma\/ar\/wp-json\/wp\/v2\/product\/1157\/revisions"}],"predecessor-version":[{"id":2679,"href":"https:\/\/yazmed.ma\/ar\/wp-json\/wp\/v2\/product\/1157\/revisions\/2679"}],"wp:featuredmedia":[{"embeddable":true,"href":"https:\/\/yazmed.ma\/ar\/wp-json\/wp\/v2\/media\/2395"}],"wp:attachment":[{"href":"https:\/\/yazmed.ma\/ar\/wp-json\/wp\/v2\/media?parent=1157"}],"wp:term":[{"taxonomy":"product_brand","embeddable":true,"href":"https:\/\/yazmed.ma\/ar\/wp-json\/wp\/v2\/product_brand?post=1157"},{"taxonomy":"product_cat","embeddable":true,"href":"https:\/\/yazmed.ma\/ar\/wp-json\/wp\/v2\/product_cat?post=1157"},{"taxonomy":"product_tag","embeddable":true,"href":"https:\/\/yazmed.ma\/ar\/wp-json\/wp\/v2\/product_tag?post=1157"}],"curies":[{"name":"wp","href":"https:\/\/api.w.org\/{rel}","templated":true}]}}