{"id":1154,"date":"2024-12-18T20:08:09","date_gmt":"2024-12-18T20:08:09","guid":{"rendered":"https:\/\/yazmed.ma\/?post_type=product&#038;p=1154"},"modified":"2025-12-14T18:26:42","modified_gmt":"2025-12-14T18:26:42","slug":"anios-steranios-2-5l","status":"publish","type":"product","link":"https:\/\/yazmed.ma\/ar\/product\/anios-steranios-2-5l\/","title":{"rendered":"ANIOS STERANIOS  2% 5L"},"content":{"rendered":"<div class=\"woocommerce-product-gallery woocommerce-product-gallery--with-images woocommerce-product-gallery--columns-4 images\" data-columns=\"4\">\n<figure class=\"woocommerce-product-gallery__wrapper\">\n<div class=\"woocommerce-product-gallery__image\" data-thumb=\"https:\/\/eclazon.ma\/wp-content\/uploads\/2024\/10\/steranios-1-250x250.jpg\" data-thumb-alt=\"Steranios 2 prix maroc\" data-thumb-srcset=\"https:\/\/eclazon.ma\/wp-content\/uploads\/2024\/10\/steranios-1-250x250.jpg 250w, https:\/\/eclazon.ma\/wp-content\/uploads\/2024\/10\/steranios-1-300x300.jpg 300w, https:\/\/eclazon.ma\/wp-content\/uploads\/2024\/10\/steranios-1-150x150.jpg 150w, https:\/\/eclazon.ma\/wp-content\/uploads\/2024\/10\/steranios-1-768x768.jpg 768w, https:\/\/eclazon.ma\/wp-content\/uploads\/2024\/10\/steranios-1-12x12.jpg 12w, https:\/\/eclazon.ma\/wp-content\/uploads\/2024\/10\/steranios-1-750x750.jpg 750w, https:\/\/eclazon.ma\/wp-content\/uploads\/2024\/10\/steranios-1-540x540.jpg 540w, https:\/\/eclazon.ma\/wp-content\/uploads\/2024\/10\/steranios-1-50x50.jpg 50w, https:\/\/eclazon.ma\/wp-content\/uploads\/2024\/10\/steranios-1-100x100.jpg 100w, https:\/\/eclazon.ma\/wp-content\/uploads\/2024\/10\/steranios-1.jpg 900w\"><\/div>\n<\/figure>\n<\/div>\n<div class=\"summary entry-summary\">\n<h4><img decoding=\"async\" class=\"emoji\" role=\"img\" draggable=\"false\" src=\"https:\/\/s.w.org\/images\/core\/emoji\/16.0.1\/svg\/2705.svg\" alt=\"\u2705\" \/>\u00a0Avantages du Steranios 2% 5L :<\/h4>\n<ul>\n<li><strong>St\u00e9rilisation \u00e0 Froid<\/strong>\u00a0: Id\u00e9ale pour les dispositifs m\u00e9dicaux sensibles \u00e0 la chaleur, le\u00a0<strong>Steranios 2%<\/strong>\u00a0offre une solution efficace sans d\u00e9former ni endommager les instruments.<\/li>\n<li><strong>S\u00e9curit\u00e9 Maximale<\/strong>\u00a0: Respecte les normes de s\u00e9curit\u00e9 et d\u2019hygi\u00e8ne en mati\u00e8re de d\u00e9sinfection hospitali\u00e8re, garantissant une st\u00e9rilisation sans r\u00e9sidus.<\/li>\n<li><strong>Formule Concentr\u00e9e<\/strong>\u00a0: Le format de 5 litres permet une utilisation \u00e0 long terme, \u00e9conomique et efficace dans les grands \u00e9tablissements de sant\u00e9.<\/li>\n<li><strong>Compatibilit\u00e9 \u00c9tendue<\/strong>\u00a0: Convient \u00e0 une large gamme d\u2019instruments m\u00e9dicaux, y compris les endoscopes, sondes, cath\u00e9ters et autres dispositifs thermosensibles.<\/li>\n<\/ul>\n<p><strong><img decoding=\"async\" class=\"emoji\" role=\"img\" draggable=\"false\" src=\"https:\/\/s.w.org\/images\/core\/emoji\/16.0.1\/svg\/2705.svg\" alt=\"\u2705\" \/>\u00a0Achetez votre Steranios 2% 5L au Meilleur Prix au Maroc<\/strong>\u00a0et assurez-vous une d\u00e9sinfection de haute qualit\u00e9 pour vos instruments m\u00e9dicaux thermosensibles, tout en respectant les normes les plus strictes d\u2019hygi\u00e8ne et de s\u00e9curit\u00e9.<\/p>\n<p><img decoding=\"async\" class=\"\" src=\"https:\/\/www.dispoma.com\/wp-content\/uploads\/2021\/03\/anios-logo.jpg\" alt=\"ANIOS\" width=\"64\" height=\"64\" \/><\/p>\n<\/div>\n<p>#d\u00e9sinfectionm\u00e9dicale#st\u00e9rilisation#hygi\u00e8neprofessionnelle#cabinet#endoscopie<\/p>","protected":false},"excerpt":{"rendered":"<h5><strong>Steranios 2%<\/strong> est un d\u00e9sinfectant de haut niveau \u00e0 base de glutarald\u00e9hyde\u00a0 des instrument\u00a0 avant de le mettre a l <a title=\"\" href=\"https:\/\/fr.wikipedia.org\/wiki\/Autoclave\">autoclave<\/a>\u00a0 , id\u00e9al pour la st\u00e9rilisation \u00e0 froid de dispositifs m\u00e9dicaux thermosensibles. Conditionn\u00e9 en bidon de 5 litres, ce produit est largement utilis\u00e9 dans les h\u00f4pitaux, cliniques, cabinets m\u00e9dicaux et\u00a0\u00a0pour la d\u00e9sinfection et la st\u00e9rilisation d\u2019instruments chirurgicaux, d\u2019endoscopes, et autres mat\u00e9riels m\u00e9dicaux.<\/h5>\n<p><img decoding=\"async\" class=\"\" src=\"https:\/\/www.dispoma.com\/wp-content\/uploads\/2021\/03\/anios-logo.jpg\" alt=\"ANIOS\" width=\"64\" height=\"64\" \/><\/p>","protected":false},"featured_media":2944,"comment_status":"open","ping_status":"closed","template":"","meta":[],"product_brand":[191],"product_cat":[56],"product_tag":[75,255],"class_list":{"0":"post-1154","1":"product","2":"type-product","3":"status-publish","4":"has-post-thumbnail","6":"product_brand-anios","7":"product_cat-sterilisation-hygiene","8":"product_tag-anios-desinfectant","9":"product_tag-anios-maroc","11":"first","12":"instock","13":"sale","14":"taxable","15":"shipping-taxable","16":"purchasable","17":"product-type-simple"},"yoast_head":"<!-- This site is optimized with the Yoast SEO plugin v26.9 - https:\/\/yoast.com\/product\/yoast-seo-wordpress\/ -->\n<title>ANIOS STERANIOS 2% 5L - YAZMED<\/title>\n<meta name=\"robots\" content=\"index, follow, max-snippet:-1, max-image-preview:large, max-video-preview:-1\" \/>\n<link rel=\"canonical\" href=\"https:\/\/yazmed.ma\/ar\/product\/anios-steranios-desinfectant-des-instruments\/\" \/>\n<meta property=\"og:locale\" content=\"ar_AR\" \/>\n<meta property=\"og:type\" content=\"article\" \/>\n<meta property=\"og:title\" content=\"ANIOS STERANIOS 2% 5L - YAZMED\" \/>\n<meta property=\"og:description\" content=\"Steranios 2% est un d\u00e9sinfectant de haut niveau \u00e0 base de glutarald\u00e9hyde\u00a0 des instrument\u00a0 avant de le mettre a l autoclave\u00a0 , id\u00e9al pour la st\u00e9rilisation \u00e0 froid de dispositifs m\u00e9dicaux thermosensibles. Conditionn\u00e9 en bidon de 5 litres, ce produit est largement utilis\u00e9 dans les h\u00f4pitaux, cliniques, cabinets m\u00e9dicaux et\u00a0\u00a0pour la d\u00e9sinfection et la st\u00e9rilisation d\u2019instruments chirurgicaux, d\u2019endoscopes, et autres mat\u00e9riels m\u00e9dicaux.\" \/>\n<meta property=\"og:url\" content=\"https:\/\/yazmed.ma\/ar\/product\/anios-steranios-desinfectant-des-instruments\/\" \/>\n<meta property=\"og:site_name\" content=\"YAZMED\" \/>\n<meta property=\"article:publisher\" content=\"https:\/\/www.facebook.com\/azenkouky\" \/>\n<meta property=\"article:modified_time\" content=\"2025-12-14T18:26:42+00:00\" \/>\n<meta property=\"og:image\" content=\"https:\/\/yazmed.ma\/wp-content\/uploads\/2024\/12\/steranios-1.jpg\" \/>\n\t<meta property=\"og:image:width\" content=\"900\" \/>\n\t<meta property=\"og:image:height\" content=\"900\" \/>\n\t<meta property=\"og:image:type\" content=\"image\/jpeg\" \/>\n<meta name=\"twitter:card\" content=\"summary_large_image\" \/>\n<meta name=\"twitter:label1\" content=\"Est. reading time\" \/>\n\t<meta name=\"twitter:data1\" content=\"2 minutes\" \/>\n<script type=\"application\/ld+json\" class=\"yoast-schema-graph\">{\"@context\":\"https:\/\/schema.org\",\"@graph\":[{\"@type\":\"WebPage\",\"@id\":\"https:\/\/yazmed.ma\/product\/anios-steranios-desinfectant-des-instruments\/\",\"url\":\"https:\/\/yazmed.ma\/product\/anios-steranios-desinfectant-des-instruments\/\",\"name\":\"ANIOS STERANIOS 2% 5L - YAZMED\",\"isPartOf\":{\"@id\":\"https:\/\/yazmed.ma\/#website\"},\"primaryImageOfPage\":{\"@id\":\"https:\/\/yazmed.ma\/product\/anios-steranios-desinfectant-des-instruments\/#primaryimage\"},\"image\":{\"@id\":\"https:\/\/yazmed.ma\/product\/anios-steranios-desinfectant-des-instruments\/#primaryimage\"},\"thumbnailUrl\":\"https:\/\/yazmed.ma\/wp-content\/uploads\/2024\/12\/ANIOS-STERANIOS-2-5L.webp\",\"datePublished\":\"2024-12-18T20:08:09+00:00\",\"dateModified\":\"2025-12-14T18:26:42+00:00\",\"breadcrumb\":{\"@id\":\"https:\/\/yazmed.ma\/product\/anios-steranios-desinfectant-des-instruments\/#breadcrumb\"},\"inLanguage\":\"ary\",\"potentialAction\":[{\"@type\":\"ReadAction\",\"target\":[\"https:\/\/yazmed.ma\/product\/anios-steranios-desinfectant-des-instruments\/\"]}]},{\"@type\":\"ImageObject\",\"inLanguage\":\"ary\",\"@id\":\"https:\/\/yazmed.ma\/product\/anios-steranios-desinfectant-des-instruments\/#primaryimage\",\"url\":\"https:\/\/yazmed.ma\/wp-content\/uploads\/2024\/12\/ANIOS-STERANIOS-2-5L.webp\",\"contentUrl\":\"https:\/\/yazmed.ma\/wp-content\/uploads\/2024\/12\/ANIOS-STERANIOS-2-5L.webp\",\"width\":570,\"height\":517,\"caption\":\"ANIOS STERANIOS 2% 5L\"},{\"@type\":\"BreadcrumbList\",\"@id\":\"https:\/\/yazmed.ma\/product\/anios-steranios-desinfectant-des-instruments\/#breadcrumb\",\"itemListElement\":[{\"@type\":\"ListItem\",\"position\":1,\"name\":\"Accueil\",\"item\":\"https:\/\/yazmed.ma\/\"},{\"@type\":\"ListItem\",\"position\":2,\"name\":\"Shop\",\"item\":\"https:\/\/yazmed.ma\/shop-2\/\"},{\"@type\":\"ListItem\",\"position\":3,\"name\":\"ANIOS STERANIOS D\u00c9SINFECTANT DES INSTRUMENTS\"}]},{\"@type\":\"WebSite\",\"@id\":\"https:\/\/yazmed.ma\/#website\",\"url\":\"https:\/\/yazmed.ma\/\",\"name\":\"Yazmed\",\"description\":\"LEADER DU MAT\u00c9RIEL M\u00c9DICAL AU MAROC\",\"publisher\":{\"@id\":\"https:\/\/yazmed.ma\/#organization\"},\"potentialAction\":[{\"@type\":\"SearchAction\",\"target\":{\"@type\":\"EntryPoint\",\"urlTemplate\":\"https:\/\/yazmed.ma\/?s={search_term_string}\"},\"query-input\":{\"@type\":\"PropertyValueSpecification\",\"valueRequired\":true,\"valueName\":\"search_term_string\"}}],\"inLanguage\":\"ary\"},{\"@type\":\"Organization\",\"@id\":\"https:\/\/yazmed.ma\/#organization\",\"name\":\"Yazmed Healthcare\",\"url\":\"https:\/\/yazmed.ma\/\",\"logo\":{\"@type\":\"ImageObject\",\"inLanguage\":\"ary\",\"@id\":\"https:\/\/yazmed.ma\/#\/schema\/logo\/image\/\",\"url\":\"https:\/\/yazmed.ma\/wp-content\/uploads\/2024\/12\/3.png\",\"contentUrl\":\"https:\/\/yazmed.ma\/wp-content\/uploads\/2024\/12\/3.png\",\"width\":250,\"height\":70,\"caption\":\"Yazmed Healthcare\"},\"image\":{\"@id\":\"https:\/\/yazmed.ma\/#\/schema\/logo\/image\/\"},\"sameAs\":[\"https:\/\/www.facebook.com\/azenkouky\",\"https:\/\/www.instagram.com\/yazmedhealthcare\",\"https:\/\/www.linkedin.com\/in\/yazmed-healthcare-1b4955295\"]}]}<\/script>\n<!-- \/ Yoast SEO plugin. -->","yoast_head_json":{"title":"ANIOS STERANIOS 2% 5L - YAZMED","robots":{"index":"index","follow":"follow","max-snippet":"max-snippet:-1","max-image-preview":"max-image-preview:large","max-video-preview":"max-video-preview:-1"},"canonical":"https:\/\/yazmed.ma\/ar\/product\/anios-steranios-desinfectant-des-instruments\/","og_locale":"ar_AR","og_type":"article","og_title":"ANIOS STERANIOS 2% 5L - YAZMED","og_description":"Steranios 2% est un d\u00e9sinfectant de haut niveau \u00e0 base de glutarald\u00e9hyde\u00a0 des instrument\u00a0 avant de le mettre a l autoclave\u00a0 , id\u00e9al pour la st\u00e9rilisation \u00e0 froid de dispositifs m\u00e9dicaux thermosensibles. Conditionn\u00e9 en bidon de 5 litres, ce produit est largement utilis\u00e9 dans les h\u00f4pitaux, cliniques, cabinets m\u00e9dicaux et\u00a0\u00a0pour la d\u00e9sinfection et la st\u00e9rilisation d\u2019instruments chirurgicaux, d\u2019endoscopes, et autres mat\u00e9riels m\u00e9dicaux.","og_url":"https:\/\/yazmed.ma\/ar\/product\/anios-steranios-desinfectant-des-instruments\/","og_site_name":"YAZMED","article_publisher":"https:\/\/www.facebook.com\/azenkouky","article_modified_time":"2025-12-14T18:26:42+00:00","og_image":[{"width":900,"height":900,"url":"https:\/\/yazmed.ma\/wp-content\/uploads\/2024\/12\/steranios-1.jpg","type":"image\/jpeg"}],"twitter_card":"summary_large_image","twitter_misc":{"Est. reading time":"2 minutes"},"schema":{"@context":"https:\/\/schema.org","@graph":[{"@type":"WebPage","@id":"https:\/\/yazmed.ma\/product\/anios-steranios-desinfectant-des-instruments\/","url":"https:\/\/yazmed.ma\/product\/anios-steranios-desinfectant-des-instruments\/","name":"ANIOS STERANIOS 2% 5L - YAZMED","isPartOf":{"@id":"https:\/\/yazmed.ma\/#website"},"primaryImageOfPage":{"@id":"https:\/\/yazmed.ma\/product\/anios-steranios-desinfectant-des-instruments\/#primaryimage"},"image":{"@id":"https:\/\/yazmed.ma\/product\/anios-steranios-desinfectant-des-instruments\/#primaryimage"},"thumbnailUrl":"https:\/\/yazmed.ma\/wp-content\/uploads\/2024\/12\/ANIOS-STERANIOS-2-5L.webp","datePublished":"2024-12-18T20:08:09+00:00","dateModified":"2025-12-14T18:26:42+00:00","breadcrumb":{"@id":"https:\/\/yazmed.ma\/product\/anios-steranios-desinfectant-des-instruments\/#breadcrumb"},"inLanguage":"ary","potentialAction":[{"@type":"ReadAction","target":["https:\/\/yazmed.ma\/product\/anios-steranios-desinfectant-des-instruments\/"]}]},{"@type":"ImageObject","inLanguage":"ary","@id":"https:\/\/yazmed.ma\/product\/anios-steranios-desinfectant-des-instruments\/#primaryimage","url":"https:\/\/yazmed.ma\/wp-content\/uploads\/2024\/12\/ANIOS-STERANIOS-2-5L.webp","contentUrl":"https:\/\/yazmed.ma\/wp-content\/uploads\/2024\/12\/ANIOS-STERANIOS-2-5L.webp","width":570,"height":517,"caption":"ANIOS STERANIOS 2% 5L"},{"@type":"BreadcrumbList","@id":"https:\/\/yazmed.ma\/product\/anios-steranios-desinfectant-des-instruments\/#breadcrumb","itemListElement":[{"@type":"ListItem","position":1,"name":"Accueil","item":"https:\/\/yazmed.ma\/"},{"@type":"ListItem","position":2,"name":"Shop","item":"https:\/\/yazmed.ma\/shop-2\/"},{"@type":"ListItem","position":3,"name":"ANIOS STERANIOS D\u00c9SINFECTANT DES INSTRUMENTS"}]},{"@type":"WebSite","@id":"https:\/\/yazmed.ma\/#website","url":"https:\/\/yazmed.ma\/","name":"Yazmed","description":"LEADER DU MAT\u00c9RIEL M\u00c9DICAL AU MAROC","publisher":{"@id":"https:\/\/yazmed.ma\/#organization"},"potentialAction":[{"@type":"SearchAction","target":{"@type":"EntryPoint","urlTemplate":"https:\/\/yazmed.ma\/?s={search_term_string}"},"query-input":{"@type":"PropertyValueSpecification","valueRequired":true,"valueName":"search_term_string"}}],"inLanguage":"ary"},{"@type":"Organization","@id":"https:\/\/yazmed.ma\/#organization","name":"Yazmed Healthcare","url":"https:\/\/yazmed.ma\/","logo":{"@type":"ImageObject","inLanguage":"ary","@id":"https:\/\/yazmed.ma\/#\/schema\/logo\/image\/","url":"https:\/\/yazmed.ma\/wp-content\/uploads\/2024\/12\/3.png","contentUrl":"https:\/\/yazmed.ma\/wp-content\/uploads\/2024\/12\/3.png","width":250,"height":70,"caption":"Yazmed Healthcare"},"image":{"@id":"https:\/\/yazmed.ma\/#\/schema\/logo\/image\/"},"sameAs":["https:\/\/www.facebook.com\/azenkouky","https:\/\/www.instagram.com\/yazmedhealthcare","https:\/\/www.linkedin.com\/in\/yazmed-healthcare-1b4955295"]}]}},"_links":{"self":[{"href":"https:\/\/yazmed.ma\/ar\/wp-json\/wp\/v2\/product\/1154","targetHints":{"allow":["GET"]}}],"collection":[{"href":"https:\/\/yazmed.ma\/ar\/wp-json\/wp\/v2\/product"}],"about":[{"href":"https:\/\/yazmed.ma\/ar\/wp-json\/wp\/v2\/types\/product"}],"replies":[{"embeddable":true,"href":"https:\/\/yazmed.ma\/ar\/wp-json\/wp\/v2\/comments?post=1154"}],"version-history":[{"count":1,"href":"https:\/\/yazmed.ma\/ar\/wp-json\/wp\/v2\/product\/1154\/revisions"}],"predecessor-version":[{"id":2943,"href":"https:\/\/yazmed.ma\/ar\/wp-json\/wp\/v2\/product\/1154\/revisions\/2943"}],"wp:featuredmedia":[{"embeddable":true,"href":"https:\/\/yazmed.ma\/ar\/wp-json\/wp\/v2\/media\/2944"}],"wp:attachment":[{"href":"https:\/\/yazmed.ma\/ar\/wp-json\/wp\/v2\/media?parent=1154"}],"wp:term":[{"taxonomy":"product_brand","embeddable":true,"href":"https:\/\/yazmed.ma\/ar\/wp-json\/wp\/v2\/product_brand?post=1154"},{"taxonomy":"product_cat","embeddable":true,"href":"https:\/\/yazmed.ma\/ar\/wp-json\/wp\/v2\/product_cat?post=1154"},{"taxonomy":"product_tag","embeddable":true,"href":"https:\/\/yazmed.ma\/ar\/wp-json\/wp\/v2\/product_tag?post=1154"}],"curies":[{"name":"wp","href":"https:\/\/api.w.org\/{rel}","templated":true}]}}