{"id":1144,"date":"2024-12-16T17:12:01","date_gmt":"2024-12-16T17:12:01","guid":{"rendered":"https:\/\/yazmed.ma\/?post_type=product&#038;p=1144"},"modified":"2026-01-04T20:16:31","modified_gmt":"2026-01-04T20:16:31","slug":"papier-tocographie-z-trace-foetal-cms800g1","status":"publish","type":"product","link":"https:\/\/yazmed.ma\/ar\/product\/papier-tocographie-z-trace-foetal-cms800g1\/","title":{"rendered":"PAPIER TOCOGRAPHIE  RCF CMS800G1"},"content":{"rendered":"<p><strong><img decoding=\"async\" class=\"emoji\" role=\"img\" draggable=\"false\" src=\"https:\/\/s.w.org\/images\/core\/emoji\/16.0.1\/svg\/2705.svg\" alt=\"\u2705\" \/>\u00a0Caract\u00e9ristiques cl\u00e9s :<\/strong><\/p>\n<p><strong><img decoding=\"async\" class=\"emoji\" role=\"img\" draggable=\"false\" src=\"https:\/\/s.w.org\/images\/core\/emoji\/16.0.1\/svg\/2705.svg\" alt=\"\u2705\" \/>\u00a0Pr\u00e9cision \u00e9lev\u00e9e<\/strong>\u00a0: Optimis\u00e9 pour des trac\u00e9s nets et d\u00e9taill\u00e9s.<\/p>\n<p><strong><img decoding=\"async\" class=\"emoji\" role=\"img\" draggable=\"false\" src=\"https:\/\/s.w.org\/images\/core\/emoji\/16.0.1\/svg\/2705.svg\" alt=\"\u2705\" \/>\u00a0Durabilit\u00e9<\/strong>\u00a0: R\u00e9sistant \u00e0 l\u2019usure pour une utilisation prolong\u00e9e.<\/p>\n<p><strong><img decoding=\"async\" class=\"emoji\" role=\"img\" draggable=\"false\" src=\"https:\/\/s.w.org\/images\/core\/emoji\/16.0.1\/svg\/2705.svg\" alt=\"\u2705\" \/>\u00a0Compatibilit\u00e9<\/strong> : Adapt\u00e9 \u00e0 une large gamme d\u2019appareils tococardiographe RCF<\/p>\n<p><strong><img decoding=\"async\" class=\"emoji\" role=\"img\" draggable=\"false\" src=\"https:\/\/s.w.org\/images\/core\/emoji\/16.0.1\/svg\/2705.svg\" alt=\"\u2705\" \/>\u00a0Qualit\u00e9 professionnelle<\/strong>\u00a0: Conforme aux normes industrielles pour des performances fiables.<\/p>\n<p>&nbsp;<\/p>","protected":false},"excerpt":{"rendered":"<h2>Papier Tocographie<\/h2>\n<p>RCF F\u0153tal utilise dans le cadre du monitoring f\u0153tal pour enregistrement des battements cardiaque CMS800G1<\/p>\n<p>permette enregistrement cardiaque f\u0153tale et suivi de grossesse\u00a0 par monitoring<\/p>\n<p>f\u0153tal compatible avec<\/p>\n<p><span class=\"brand-heading heading-color\"><b>Marque :\u00a0<\/b><a href=\"https:\/\/www.medicalex.ma\/marque\/contec.html\"><img decoding=\"async\" src=\"https:\/\/www.medicalex.ma\/images\/marques\/CONTEC-LOGO-20170511133215.jpg\" \/><\/a><\/span><\/p>\n<p>&nbsp;<\/p>\n<p>&nbsp;<\/p>\n<p>&nbsp;<\/p>\n<p>&nbsp;<\/p>\n<p>&nbsp;<\/p>","protected":false},"featured_media":3071,"comment_status":"open","ping_status":"closed","template":"","meta":[],"product_brand":[],"product_cat":[52],"product_tag":[135,134],"class_list":{"0":"post-1144","1":"product","2":"type-product","3":"status-publish","4":"has-post-thumbnail","6":"product_cat-consommable-medical","7":"product_tag-papier-cardiotocographie","8":"product_tag-papier-trace","10":"first","11":"instock","12":"sale","13":"taxable","14":"shipping-taxable","15":"purchasable","16":"product-type-simple"},"yoast_head":"<!-- This site is optimized with the Yoast SEO plugin v26.9 - https:\/\/yoast.com\/product\/yoast-seo-wordpress\/ -->\n<title>PAPIER TOCOGRAPHIE RCF CMS800G1 - YAZMED<\/title>\n<meta name=\"robots\" content=\"index, follow, max-snippet:-1, max-image-preview:large, max-video-preview:-1\" \/>\n<link rel=\"canonical\" href=\"https:\/\/yazmed.ma\/ar\/product\/papier-tocographie-z-trace-foetal-cms800g1\/\" \/>\n<meta property=\"og:locale\" content=\"ar_AR\" \/>\n<meta property=\"og:type\" content=\"article\" \/>\n<meta property=\"og:title\" content=\"PAPIER TOCOGRAPHIE RCF CMS800G1 - YAZMED\" \/>\n<meta property=\"og:description\" content=\"Papier Tocographie RCF F\u0153tal utilise dans le cadre du monitoring f\u0153tal pour enregistrement des battements cardiaque CMS800G1  permette enregistrement cardiaque f\u0153tale et suivi de grossesse\u00a0 par monitoring  f\u0153tal compatible avec  Marque :\u00a0  &nbsp;  &nbsp;  &nbsp;  &nbsp;  &nbsp;\" \/>\n<meta property=\"og:url\" content=\"https:\/\/yazmed.ma\/ar\/product\/papier-tocographie-z-trace-foetal-cms800g1\/\" \/>\n<meta property=\"og:site_name\" content=\"YAZMED\" \/>\n<meta property=\"article:publisher\" content=\"https:\/\/www.facebook.com\/azenkouky\" \/>\n<meta property=\"article:modified_time\" content=\"2026-01-04T20:16:31+00:00\" \/>\n<meta property=\"og:image\" content=\"https:\/\/yazmed.ma\/wp-content\/uploads\/2024\/12\/Design-sans-titre-88.png\" \/>\n\t<meta property=\"og:image:width\" content=\"570\" \/>\n\t<meta property=\"og:image:height\" content=\"517\" \/>\n\t<meta property=\"og:image:type\" content=\"image\/png\" \/>\n<meta name=\"twitter:card\" content=\"summary_large_image\" \/>\n<meta name=\"twitter:label1\" content=\"Est. reading time\" \/>\n\t<meta name=\"twitter:data1\" content=\"1 minute\" \/>\n<script type=\"application\/ld+json\" class=\"yoast-schema-graph\">{\"@context\":\"https:\/\/schema.org\",\"@graph\":[{\"@type\":\"WebPage\",\"@id\":\"https:\/\/yazmed.ma\/product\/papier-tocographie-z-trace-foetal-cms800g1\/\",\"url\":\"https:\/\/yazmed.ma\/product\/papier-tocographie-z-trace-foetal-cms800g1\/\",\"name\":\"PAPIER TOCOGRAPHIE RCF CMS800G1 - YAZMED\",\"isPartOf\":{\"@id\":\"https:\/\/yazmed.ma\/#website\"},\"primaryImageOfPage\":{\"@id\":\"https:\/\/yazmed.ma\/product\/papier-tocographie-z-trace-foetal-cms800g1\/#primaryimage\"},\"image\":{\"@id\":\"https:\/\/yazmed.ma\/product\/papier-tocographie-z-trace-foetal-cms800g1\/#primaryimage\"},\"thumbnailUrl\":\"https:\/\/yazmed.ma\/wp-content\/uploads\/2024\/12\/PAPIER-TOCOGRAPHIE-RCF-CMS800G1.webp\",\"datePublished\":\"2024-12-16T17:12:01+00:00\",\"dateModified\":\"2026-01-04T20:16:31+00:00\",\"breadcrumb\":{\"@id\":\"https:\/\/yazmed.ma\/product\/papier-tocographie-z-trace-foetal-cms800g1\/#breadcrumb\"},\"inLanguage\":\"ary\",\"potentialAction\":[{\"@type\":\"ReadAction\",\"target\":[\"https:\/\/yazmed.ma\/product\/papier-tocographie-z-trace-foetal-cms800g1\/\"]}]},{\"@type\":\"ImageObject\",\"inLanguage\":\"ary\",\"@id\":\"https:\/\/yazmed.ma\/product\/papier-tocographie-z-trace-foetal-cms800g1\/#primaryimage\",\"url\":\"https:\/\/yazmed.ma\/wp-content\/uploads\/2024\/12\/PAPIER-TOCOGRAPHIE-RCF-CMS800G1.webp\",\"contentUrl\":\"https:\/\/yazmed.ma\/wp-content\/uploads\/2024\/12\/PAPIER-TOCOGRAPHIE-RCF-CMS800G1.webp\",\"width\":450,\"height\":450,\"caption\":\"PAPIER TOCOGRAPHIE RCF CMS800G1\"},{\"@type\":\"BreadcrumbList\",\"@id\":\"https:\/\/yazmed.ma\/product\/papier-tocographie-z-trace-foetal-cms800g1\/#breadcrumb\",\"itemListElement\":[{\"@type\":\"ListItem\",\"position\":1,\"name\":\"Accueil\",\"item\":\"https:\/\/yazmed.ma\/\"},{\"@type\":\"ListItem\",\"position\":2,\"name\":\"Shop\",\"item\":\"https:\/\/yazmed.ma\/shop-2\/\"},{\"@type\":\"ListItem\",\"position\":3,\"name\":\"PAPIER TOCOGRAPHIE Z TRACE F\u0152TAL CMS800G1\"}]},{\"@type\":\"WebSite\",\"@id\":\"https:\/\/yazmed.ma\/#website\",\"url\":\"https:\/\/yazmed.ma\/\",\"name\":\"Yazmed\",\"description\":\"LEADER DU MAT\u00c9RIEL M\u00c9DICAL AU MAROC\",\"publisher\":{\"@id\":\"https:\/\/yazmed.ma\/#organization\"},\"potentialAction\":[{\"@type\":\"SearchAction\",\"target\":{\"@type\":\"EntryPoint\",\"urlTemplate\":\"https:\/\/yazmed.ma\/?s={search_term_string}\"},\"query-input\":{\"@type\":\"PropertyValueSpecification\",\"valueRequired\":true,\"valueName\":\"search_term_string\"}}],\"inLanguage\":\"ary\"},{\"@type\":\"Organization\",\"@id\":\"https:\/\/yazmed.ma\/#organization\",\"name\":\"Yazmed Healthcare\",\"url\":\"https:\/\/yazmed.ma\/\",\"logo\":{\"@type\":\"ImageObject\",\"inLanguage\":\"ary\",\"@id\":\"https:\/\/yazmed.ma\/#\/schema\/logo\/image\/\",\"url\":\"https:\/\/yazmed.ma\/wp-content\/uploads\/2024\/12\/3.png\",\"contentUrl\":\"https:\/\/yazmed.ma\/wp-content\/uploads\/2024\/12\/3.png\",\"width\":250,\"height\":70,\"caption\":\"Yazmed Healthcare\"},\"image\":{\"@id\":\"https:\/\/yazmed.ma\/#\/schema\/logo\/image\/\"},\"sameAs\":[\"https:\/\/www.facebook.com\/azenkouky\",\"https:\/\/www.instagram.com\/yazmedhealthcare\",\"https:\/\/www.linkedin.com\/in\/yazmed-healthcare-1b4955295\"]}]}<\/script>\n<!-- \/ Yoast SEO plugin. -->","yoast_head_json":{"title":"PAPIER TOCOGRAPHIE RCF CMS800G1 - YAZMED","robots":{"index":"index","follow":"follow","max-snippet":"max-snippet:-1","max-image-preview":"max-image-preview:large","max-video-preview":"max-video-preview:-1"},"canonical":"https:\/\/yazmed.ma\/ar\/product\/papier-tocographie-z-trace-foetal-cms800g1\/","og_locale":"ar_AR","og_type":"article","og_title":"PAPIER TOCOGRAPHIE RCF CMS800G1 - YAZMED","og_description":"Papier Tocographie RCF F\u0153tal utilise dans le cadre du monitoring f\u0153tal pour enregistrement des battements cardiaque CMS800G1  permette enregistrement cardiaque f\u0153tale et suivi de grossesse\u00a0 par monitoring  f\u0153tal compatible avec  Marque :\u00a0  &nbsp;  &nbsp;  &nbsp;  &nbsp;  &nbsp;","og_url":"https:\/\/yazmed.ma\/ar\/product\/papier-tocographie-z-trace-foetal-cms800g1\/","og_site_name":"YAZMED","article_publisher":"https:\/\/www.facebook.com\/azenkouky","article_modified_time":"2026-01-04T20:16:31+00:00","og_image":[{"width":570,"height":517,"url":"https:\/\/yazmed.ma\/wp-content\/uploads\/2024\/12\/Design-sans-titre-88.png","type":"image\/png"}],"twitter_card":"summary_large_image","twitter_misc":{"Est. reading time":"1 minute"},"schema":{"@context":"https:\/\/schema.org","@graph":[{"@type":"WebPage","@id":"https:\/\/yazmed.ma\/product\/papier-tocographie-z-trace-foetal-cms800g1\/","url":"https:\/\/yazmed.ma\/product\/papier-tocographie-z-trace-foetal-cms800g1\/","name":"PAPIER TOCOGRAPHIE RCF CMS800G1 - YAZMED","isPartOf":{"@id":"https:\/\/yazmed.ma\/#website"},"primaryImageOfPage":{"@id":"https:\/\/yazmed.ma\/product\/papier-tocographie-z-trace-foetal-cms800g1\/#primaryimage"},"image":{"@id":"https:\/\/yazmed.ma\/product\/papier-tocographie-z-trace-foetal-cms800g1\/#primaryimage"},"thumbnailUrl":"https:\/\/yazmed.ma\/wp-content\/uploads\/2024\/12\/PAPIER-TOCOGRAPHIE-RCF-CMS800G1.webp","datePublished":"2024-12-16T17:12:01+00:00","dateModified":"2026-01-04T20:16:31+00:00","breadcrumb":{"@id":"https:\/\/yazmed.ma\/product\/papier-tocographie-z-trace-foetal-cms800g1\/#breadcrumb"},"inLanguage":"ary","potentialAction":[{"@type":"ReadAction","target":["https:\/\/yazmed.ma\/product\/papier-tocographie-z-trace-foetal-cms800g1\/"]}]},{"@type":"ImageObject","inLanguage":"ary","@id":"https:\/\/yazmed.ma\/product\/papier-tocographie-z-trace-foetal-cms800g1\/#primaryimage","url":"https:\/\/yazmed.ma\/wp-content\/uploads\/2024\/12\/PAPIER-TOCOGRAPHIE-RCF-CMS800G1.webp","contentUrl":"https:\/\/yazmed.ma\/wp-content\/uploads\/2024\/12\/PAPIER-TOCOGRAPHIE-RCF-CMS800G1.webp","width":450,"height":450,"caption":"PAPIER TOCOGRAPHIE RCF CMS800G1"},{"@type":"BreadcrumbList","@id":"https:\/\/yazmed.ma\/product\/papier-tocographie-z-trace-foetal-cms800g1\/#breadcrumb","itemListElement":[{"@type":"ListItem","position":1,"name":"Accueil","item":"https:\/\/yazmed.ma\/"},{"@type":"ListItem","position":2,"name":"Shop","item":"https:\/\/yazmed.ma\/shop-2\/"},{"@type":"ListItem","position":3,"name":"PAPIER TOCOGRAPHIE Z TRACE F\u0152TAL CMS800G1"}]},{"@type":"WebSite","@id":"https:\/\/yazmed.ma\/#website","url":"https:\/\/yazmed.ma\/","name":"Yazmed","description":"LEADER DU MAT\u00c9RIEL M\u00c9DICAL AU MAROC","publisher":{"@id":"https:\/\/yazmed.ma\/#organization"},"potentialAction":[{"@type":"SearchAction","target":{"@type":"EntryPoint","urlTemplate":"https:\/\/yazmed.ma\/?s={search_term_string}"},"query-input":{"@type":"PropertyValueSpecification","valueRequired":true,"valueName":"search_term_string"}}],"inLanguage":"ary"},{"@type":"Organization","@id":"https:\/\/yazmed.ma\/#organization","name":"Yazmed Healthcare","url":"https:\/\/yazmed.ma\/","logo":{"@type":"ImageObject","inLanguage":"ary","@id":"https:\/\/yazmed.ma\/#\/schema\/logo\/image\/","url":"https:\/\/yazmed.ma\/wp-content\/uploads\/2024\/12\/3.png","contentUrl":"https:\/\/yazmed.ma\/wp-content\/uploads\/2024\/12\/3.png","width":250,"height":70,"caption":"Yazmed Healthcare"},"image":{"@id":"https:\/\/yazmed.ma\/#\/schema\/logo\/image\/"},"sameAs":["https:\/\/www.facebook.com\/azenkouky","https:\/\/www.instagram.com\/yazmedhealthcare","https:\/\/www.linkedin.com\/in\/yazmed-healthcare-1b4955295"]}]}},"_links":{"self":[{"href":"https:\/\/yazmed.ma\/ar\/wp-json\/wp\/v2\/product\/1144","targetHints":{"allow":["GET"]}}],"collection":[{"href":"https:\/\/yazmed.ma\/ar\/wp-json\/wp\/v2\/product"}],"about":[{"href":"https:\/\/yazmed.ma\/ar\/wp-json\/wp\/v2\/types\/product"}],"replies":[{"embeddable":true,"href":"https:\/\/yazmed.ma\/ar\/wp-json\/wp\/v2\/comments?post=1144"}],"version-history":[{"count":1,"href":"https:\/\/yazmed.ma\/ar\/wp-json\/wp\/v2\/product\/1144\/revisions"}],"predecessor-version":[{"id":3070,"href":"https:\/\/yazmed.ma\/ar\/wp-json\/wp\/v2\/product\/1144\/revisions\/3070"}],"wp:featuredmedia":[{"embeddable":true,"href":"https:\/\/yazmed.ma\/ar\/wp-json\/wp\/v2\/media\/3071"}],"wp:attachment":[{"href":"https:\/\/yazmed.ma\/ar\/wp-json\/wp\/v2\/media?parent=1144"}],"wp:term":[{"taxonomy":"product_brand","embeddable":true,"href":"https:\/\/yazmed.ma\/ar\/wp-json\/wp\/v2\/product_brand?post=1144"},{"taxonomy":"product_cat","embeddable":true,"href":"https:\/\/yazmed.ma\/ar\/wp-json\/wp\/v2\/product_cat?post=1144"},{"taxonomy":"product_tag","embeddable":true,"href":"https:\/\/yazmed.ma\/ar\/wp-json\/wp\/v2\/product_tag?post=1144"}],"curies":[{"name":"wp","href":"https:\/\/api.w.org\/{rel}","templated":true}]}}