{"id":1132,"date":"2024-12-16T16:40:00","date_gmt":"2024-12-16T16:40:00","guid":{"rendered":"https:\/\/yazmed.ma\/?post_type=product&#038;p=1132"},"modified":"2026-01-04T20:36:00","modified_gmt":"2026-01-04T20:36:00","slug":"electrodes-ecg-50-p","status":"publish","type":"product","link":"https:\/\/yazmed.ma\/ar\/product\/electrodes-ecg-50-p\/","title":{"rendered":"\u00c9LECTRODES ECG 50 P"},"content":{"rendered":"<p><strong><img decoding=\"async\" class=\"emoji\" role=\"img\" draggable=\"false\" src=\"https:\/\/s.w.org\/images\/core\/emoji\/16.0.1\/svg\/2705.svg\" alt=\"\u2705\" \/>\u00a0Caract\u00e9ristiques cl\u00e9s :<\/strong><\/p>\n<p><strong><img decoding=\"async\" class=\"emoji\" role=\"img\" draggable=\"false\" src=\"https:\/\/s.w.org\/images\/core\/emoji\/16.0.1\/svg\/2705.svg\" alt=\"\u2705\" \/>Hygi\u00e8ne garantie<\/strong>\u00a0: Usage unique pour \u00e9viter toute contamination crois\u00e9e et assurer des conditions de test s\u00fbres.<\/p>\n<p><strong><img decoding=\"async\" class=\"emoji\" role=\"img\" draggable=\"false\" src=\"https:\/\/s.w.org\/images\/core\/emoji\/16.0.1\/svg\/2705.svg\" alt=\"\u2705\" \/>Conductivit\u00e9 optimale<\/strong>\u00a0: Assure une excellente qualit\u00e9 de signal pour des trac\u00e9s ECG clairs et pr\u00e9cis.<\/p>\n<p><strong><img decoding=\"async\" class=\"emoji\" role=\"img\" draggable=\"false\" src=\"https:\/\/s.w.org\/images\/core\/emoji\/16.0.1\/svg\/2705.svg\" alt=\"\u2705\" \/>Adh\u00e9rence fiable<\/strong>\u00a0: Conception avec un adh\u00e9sif de qualit\u00e9 m\u00e9dicale qui reste en place tout au long de l\u2019examen.<\/p>\n<p><strong><img decoding=\"async\" class=\"emoji\" role=\"img\" draggable=\"false\" src=\"https:\/\/s.w.org\/images\/core\/emoji\/16.0.1\/svg\/2705.svg\" alt=\"\u2705\" \/>Confort pour le patient<\/strong>\u00a0: Mat\u00e9riaux doux et non irritants pour une exp\u00e9rience confortable, m\u00eame lors d\u2019examens prolong\u00e9s.<\/p>\n<p>\u00e9lectrodes ECG \u00e0 usage unique sont compatibles avec la plupart des dispositifs ECG<\/p>\n<p>offrent une solution pratique et \u00e9conomique pour les professionnels de la sant\u00e9 recherchant fiabilit\u00e9 et s\u00e9curit\u00e9 dans leurs examens.<\/p>","protected":false},"excerpt":{"rendered":"<h4>\u00a0<strong>\u00e9lectrodes ECG \u00e0 usage unique<\/strong><\/h4>\n<p>sont sp\u00e9cialement con\u00e7ues pour garantir des enregistrements pr\u00e9cis et hygi\u00e9niques des signaux cardiaques <a title=\"C\u0153ur\" href=\"https:\/\/fr.wikipedia.org\/wiki\/C%C5%93ur\">c\u0153ur<\/a>.. Id\u00e9ales pour une utilisation en milieu hospitalier ou en cabinet m\u00e9dical, ces \u00e9lectrodes offrent une excellente conductivit\u00e9 et adh\u00e9rence, assurant une transmission optimale des signaux pour des r\u00e9sultats fiables.<\/p>","protected":false},"featured_media":3073,"comment_status":"open","ping_status":"closed","template":"","meta":[],"product_brand":[],"product_cat":[52],"product_tag":[299],"class_list":{"0":"post-1132","1":"product","2":"type-product","3":"status-publish","4":"has-post-thumbnail","6":"product_cat-consommable-medical","7":"product_tag-electrodes-ecg","9":"first","10":"instock","11":"taxable","12":"shipping-taxable","13":"purchasable","14":"product-type-simple"},"yoast_head":"<!-- This site is optimized with the Yoast SEO plugin v26.9 - https:\/\/yoast.com\/product\/yoast-seo-wordpress\/ -->\n<title>\u00c9LECTRODES ECG 50 P - YAZMED<\/title>\n<meta name=\"robots\" content=\"index, follow, max-snippet:-1, max-image-preview:large, max-video-preview:-1\" \/>\n<link rel=\"canonical\" href=\"https:\/\/yazmed.ma\/ar\/product\/electrodes-ecg-a-usage-unique\/\" \/>\n<meta property=\"og:locale\" content=\"ar_AR\" \/>\n<meta property=\"og:type\" content=\"article\" \/>\n<meta property=\"og:title\" content=\"\u00c9LECTRODES ECG 50 P - YAZMED\" \/>\n<meta property=\"og:description\" content=\"\u00a0\u00e9lectrodes ECG \u00e0 usage unique sont sp\u00e9cialement con\u00e7ues pour garantir des enregistrements pr\u00e9cis et hygi\u00e9niques des signaux cardiaques c\u0153ur.. Id\u00e9ales pour une utilisation en milieu hospitalier ou en cabinet m\u00e9dical, ces \u00e9lectrodes offrent une excellente conductivit\u00e9 et adh\u00e9rence, assurant une transmission optimale des signaux pour des r\u00e9sultats fiables.\" \/>\n<meta property=\"og:url\" content=\"https:\/\/yazmed.ma\/ar\/product\/electrodes-ecg-a-usage-unique\/\" \/>\n<meta property=\"og:site_name\" content=\"YAZMED\" \/>\n<meta property=\"article:publisher\" content=\"https:\/\/www.facebook.com\/azenkouky\" \/>\n<meta property=\"article:modified_time\" content=\"2026-01-04T20:36:00+00:00\" \/>\n<meta property=\"og:image\" content=\"https:\/\/yazmed.ma\/wp-content\/uploads\/2024\/12\/DSC_0992.jpg\" \/>\n\t<meta property=\"og:image:width\" content=\"900\" \/>\n\t<meta property=\"og:image:height\" content=\"900\" \/>\n\t<meta property=\"og:image:type\" content=\"image\/jpeg\" \/>\n<meta name=\"twitter:card\" content=\"summary_large_image\" \/>\n<meta name=\"twitter:label1\" content=\"Est. reading time\" \/>\n\t<meta name=\"twitter:data1\" content=\"1 minute\" \/>\n<script type=\"application\/ld+json\" class=\"yoast-schema-graph\">{\"@context\":\"https:\/\/schema.org\",\"@graph\":[{\"@type\":\"WebPage\",\"@id\":\"https:\/\/yazmed.ma\/product\/electrodes-ecg-a-usage-unique\/\",\"url\":\"https:\/\/yazmed.ma\/product\/electrodes-ecg-a-usage-unique\/\",\"name\":\"\u00c9LECTRODES ECG 50 P - YAZMED\",\"isPartOf\":{\"@id\":\"https:\/\/yazmed.ma\/#website\"},\"primaryImageOfPage\":{\"@id\":\"https:\/\/yazmed.ma\/product\/electrodes-ecg-a-usage-unique\/#primaryimage\"},\"image\":{\"@id\":\"https:\/\/yazmed.ma\/product\/electrodes-ecg-a-usage-unique\/#primaryimage\"},\"thumbnailUrl\":\"https:\/\/yazmed.ma\/wp-content\/uploads\/2024\/12\/ELECTRODES-ECG-50-P.webp\",\"datePublished\":\"2024-12-16T16:40:00+00:00\",\"dateModified\":\"2026-01-04T20:36:00+00:00\",\"breadcrumb\":{\"@id\":\"https:\/\/yazmed.ma\/product\/electrodes-ecg-a-usage-unique\/#breadcrumb\"},\"inLanguage\":\"ary\",\"potentialAction\":[{\"@type\":\"ReadAction\",\"target\":[\"https:\/\/yazmed.ma\/product\/electrodes-ecg-a-usage-unique\/\"]}]},{\"@type\":\"ImageObject\",\"inLanguage\":\"ary\",\"@id\":\"https:\/\/yazmed.ma\/product\/electrodes-ecg-a-usage-unique\/#primaryimage\",\"url\":\"https:\/\/yazmed.ma\/wp-content\/uploads\/2024\/12\/ELECTRODES-ECG-50-P.webp\",\"contentUrl\":\"https:\/\/yazmed.ma\/wp-content\/uploads\/2024\/12\/ELECTRODES-ECG-50-P.webp\",\"width\":300,\"height\":300,\"caption\":\"\u00c9LECTRODES ECG 50 P\"},{\"@type\":\"BreadcrumbList\",\"@id\":\"https:\/\/yazmed.ma\/product\/electrodes-ecg-a-usage-unique\/#breadcrumb\",\"itemListElement\":[{\"@type\":\"ListItem\",\"position\":1,\"name\":\"Accueil\",\"item\":\"https:\/\/yazmed.ma\/\"},{\"@type\":\"ListItem\",\"position\":2,\"name\":\"Shop\",\"item\":\"https:\/\/yazmed.ma\/shop-2\/\"},{\"@type\":\"ListItem\",\"position\":3,\"name\":\"\u00c9LECTRODES ECG A USAGE UNIQUE\"}]},{\"@type\":\"WebSite\",\"@id\":\"https:\/\/yazmed.ma\/#website\",\"url\":\"https:\/\/yazmed.ma\/\",\"name\":\"Yazmed\",\"description\":\"LEADER DU MAT\u00c9RIEL M\u00c9DICAL AU MAROC\",\"publisher\":{\"@id\":\"https:\/\/yazmed.ma\/#organization\"},\"potentialAction\":[{\"@type\":\"SearchAction\",\"target\":{\"@type\":\"EntryPoint\",\"urlTemplate\":\"https:\/\/yazmed.ma\/?s={search_term_string}\"},\"query-input\":{\"@type\":\"PropertyValueSpecification\",\"valueRequired\":true,\"valueName\":\"search_term_string\"}}],\"inLanguage\":\"ary\"},{\"@type\":\"Organization\",\"@id\":\"https:\/\/yazmed.ma\/#organization\",\"name\":\"Yazmed Healthcare\",\"url\":\"https:\/\/yazmed.ma\/\",\"logo\":{\"@type\":\"ImageObject\",\"inLanguage\":\"ary\",\"@id\":\"https:\/\/yazmed.ma\/#\/schema\/logo\/image\/\",\"url\":\"https:\/\/yazmed.ma\/wp-content\/uploads\/2024\/12\/3.png\",\"contentUrl\":\"https:\/\/yazmed.ma\/wp-content\/uploads\/2024\/12\/3.png\",\"width\":250,\"height\":70,\"caption\":\"Yazmed Healthcare\"},\"image\":{\"@id\":\"https:\/\/yazmed.ma\/#\/schema\/logo\/image\/\"},\"sameAs\":[\"https:\/\/www.facebook.com\/azenkouky\",\"https:\/\/www.instagram.com\/yazmedhealthcare\",\"https:\/\/www.linkedin.com\/in\/yazmed-healthcare-1b4955295\"]}]}<\/script>\n<!-- \/ Yoast SEO plugin. -->","yoast_head_json":{"title":"\u00c9LECTRODES ECG 50 P - YAZMED","robots":{"index":"index","follow":"follow","max-snippet":"max-snippet:-1","max-image-preview":"max-image-preview:large","max-video-preview":"max-video-preview:-1"},"canonical":"https:\/\/yazmed.ma\/ar\/product\/electrodes-ecg-a-usage-unique\/","og_locale":"ar_AR","og_type":"article","og_title":"\u00c9LECTRODES ECG 50 P - YAZMED","og_description":"\u00a0\u00e9lectrodes ECG \u00e0 usage unique sont sp\u00e9cialement con\u00e7ues pour garantir des enregistrements pr\u00e9cis et hygi\u00e9niques des signaux cardiaques c\u0153ur.. Id\u00e9ales pour une utilisation en milieu hospitalier ou en cabinet m\u00e9dical, ces \u00e9lectrodes offrent une excellente conductivit\u00e9 et adh\u00e9rence, assurant une transmission optimale des signaux pour des r\u00e9sultats fiables.","og_url":"https:\/\/yazmed.ma\/ar\/product\/electrodes-ecg-a-usage-unique\/","og_site_name":"YAZMED","article_publisher":"https:\/\/www.facebook.com\/azenkouky","article_modified_time":"2026-01-04T20:36:00+00:00","og_image":[{"width":900,"height":900,"url":"https:\/\/yazmed.ma\/wp-content\/uploads\/2024\/12\/DSC_0992.jpg","type":"image\/jpeg"}],"twitter_card":"summary_large_image","twitter_misc":{"Est. reading time":"1 minute"},"schema":{"@context":"https:\/\/schema.org","@graph":[{"@type":"WebPage","@id":"https:\/\/yazmed.ma\/product\/electrodes-ecg-a-usage-unique\/","url":"https:\/\/yazmed.ma\/product\/electrodes-ecg-a-usage-unique\/","name":"\u00c9LECTRODES ECG 50 P - YAZMED","isPartOf":{"@id":"https:\/\/yazmed.ma\/#website"},"primaryImageOfPage":{"@id":"https:\/\/yazmed.ma\/product\/electrodes-ecg-a-usage-unique\/#primaryimage"},"image":{"@id":"https:\/\/yazmed.ma\/product\/electrodes-ecg-a-usage-unique\/#primaryimage"},"thumbnailUrl":"https:\/\/yazmed.ma\/wp-content\/uploads\/2024\/12\/ELECTRODES-ECG-50-P.webp","datePublished":"2024-12-16T16:40:00+00:00","dateModified":"2026-01-04T20:36:00+00:00","breadcrumb":{"@id":"https:\/\/yazmed.ma\/product\/electrodes-ecg-a-usage-unique\/#breadcrumb"},"inLanguage":"ary","potentialAction":[{"@type":"ReadAction","target":["https:\/\/yazmed.ma\/product\/electrodes-ecg-a-usage-unique\/"]}]},{"@type":"ImageObject","inLanguage":"ary","@id":"https:\/\/yazmed.ma\/product\/electrodes-ecg-a-usage-unique\/#primaryimage","url":"https:\/\/yazmed.ma\/wp-content\/uploads\/2024\/12\/ELECTRODES-ECG-50-P.webp","contentUrl":"https:\/\/yazmed.ma\/wp-content\/uploads\/2024\/12\/ELECTRODES-ECG-50-P.webp","width":300,"height":300,"caption":"\u00c9LECTRODES ECG 50 P"},{"@type":"BreadcrumbList","@id":"https:\/\/yazmed.ma\/product\/electrodes-ecg-a-usage-unique\/#breadcrumb","itemListElement":[{"@type":"ListItem","position":1,"name":"Accueil","item":"https:\/\/yazmed.ma\/"},{"@type":"ListItem","position":2,"name":"Shop","item":"https:\/\/yazmed.ma\/shop-2\/"},{"@type":"ListItem","position":3,"name":"\u00c9LECTRODES ECG A USAGE UNIQUE"}]},{"@type":"WebSite","@id":"https:\/\/yazmed.ma\/#website","url":"https:\/\/yazmed.ma\/","name":"Yazmed","description":"LEADER DU MAT\u00c9RIEL M\u00c9DICAL AU MAROC","publisher":{"@id":"https:\/\/yazmed.ma\/#organization"},"potentialAction":[{"@type":"SearchAction","target":{"@type":"EntryPoint","urlTemplate":"https:\/\/yazmed.ma\/?s={search_term_string}"},"query-input":{"@type":"PropertyValueSpecification","valueRequired":true,"valueName":"search_term_string"}}],"inLanguage":"ary"},{"@type":"Organization","@id":"https:\/\/yazmed.ma\/#organization","name":"Yazmed Healthcare","url":"https:\/\/yazmed.ma\/","logo":{"@type":"ImageObject","inLanguage":"ary","@id":"https:\/\/yazmed.ma\/#\/schema\/logo\/image\/","url":"https:\/\/yazmed.ma\/wp-content\/uploads\/2024\/12\/3.png","contentUrl":"https:\/\/yazmed.ma\/wp-content\/uploads\/2024\/12\/3.png","width":250,"height":70,"caption":"Yazmed Healthcare"},"image":{"@id":"https:\/\/yazmed.ma\/#\/schema\/logo\/image\/"},"sameAs":["https:\/\/www.facebook.com\/azenkouky","https:\/\/www.instagram.com\/yazmedhealthcare","https:\/\/www.linkedin.com\/in\/yazmed-healthcare-1b4955295"]}]}},"_links":{"self":[{"href":"https:\/\/yazmed.ma\/ar\/wp-json\/wp\/v2\/product\/1132","targetHints":{"allow":["GET"]}}],"collection":[{"href":"https:\/\/yazmed.ma\/ar\/wp-json\/wp\/v2\/product"}],"about":[{"href":"https:\/\/yazmed.ma\/ar\/wp-json\/wp\/v2\/types\/product"}],"replies":[{"embeddable":true,"href":"https:\/\/yazmed.ma\/ar\/wp-json\/wp\/v2\/comments?post=1132"}],"version-history":[{"count":1,"href":"https:\/\/yazmed.ma\/ar\/wp-json\/wp\/v2\/product\/1132\/revisions"}],"predecessor-version":[{"id":3072,"href":"https:\/\/yazmed.ma\/ar\/wp-json\/wp\/v2\/product\/1132\/revisions\/3072"}],"wp:featuredmedia":[{"embeddable":true,"href":"https:\/\/yazmed.ma\/ar\/wp-json\/wp\/v2\/media\/3073"}],"wp:attachment":[{"href":"https:\/\/yazmed.ma\/ar\/wp-json\/wp\/v2\/media?parent=1132"}],"wp:term":[{"taxonomy":"product_brand","embeddable":true,"href":"https:\/\/yazmed.ma\/ar\/wp-json\/wp\/v2\/product_brand?post=1132"},{"taxonomy":"product_cat","embeddable":true,"href":"https:\/\/yazmed.ma\/ar\/wp-json\/wp\/v2\/product_cat?post=1132"},{"taxonomy":"product_tag","embeddable":true,"href":"https:\/\/yazmed.ma\/ar\/wp-json\/wp\/v2\/product_tag?post=1132"}],"curies":[{"name":"wp","href":"https:\/\/api.w.org\/{rel}","templated":true}]}}