{"id":1125,"date":"2024-12-16T16:22:56","date_gmt":"2024-12-16T16:22:56","guid":{"rendered":"https:\/\/yazmed.ma\/?post_type=product&#038;p=1125"},"modified":"2026-01-03T10:30:57","modified_gmt":"2026-01-03T10:30:57","slug":"papier-sony-upp-110s","status":"publish","type":"product","link":"https:\/\/yazmed.ma\/ar\/product\/papier-sony-upp-110s\/","title":{"rendered":"PAPIER  SONY UPP 110S"},"content":{"rendered":"<h3 data-start=\"251\" data-end=\"301\"><strong data-start=\"259\" data-end=\"301\">\u00a0<\/strong><\/h3>\n<h4><img decoding=\"async\" class=\"emoji\" role=\"img\" draggable=\"false\" src=\"https:\/\/s.w.org\/images\/core\/emoji\/16.0.1\/svg\/2705.svg\" alt=\"\u2705\" \/>Avantages<\/h4>\n<p><strong><img decoding=\"async\" class=\"emoji\" role=\"img\" draggable=\"false\" src=\"https:\/\/s.w.org\/images\/core\/emoji\/16.0.1\/svg\/2705.svg\" alt=\"\u2705\" \/>Compatible avec les Imprimantes Sony<\/strong>\u00a0: Con\u00e7u sp\u00e9cifiquement pour les mod\u00e8les d\u2019imprimantes Sony, garantissant une performance optimale et une qualit\u00e9 d\u2019image sup\u00e9rieure.<\/p>\n<p><strong><img decoding=\"async\" class=\"emoji\" role=\"img\" draggable=\"false\" src=\"https:\/\/s.w.org\/images\/core\/emoji\/16.0.1\/svg\/2705.svg\" alt=\"\u2705\" \/>Parfait pour les Professionnels de la Sant\u00e9<\/strong>\u00a0: Id\u00e9al pour les cliniques, h\u00f4pitaux et cabinets m\u00e9dicaux, ce papier r\u00e9pond aux exigences des professionnels de la sant\u00e9 en mati\u00e8re de qualit\u00e9 d\u2019impression.<\/p>\n<p><strong><img decoding=\"async\" class=\"emoji\" role=\"img\" draggable=\"false\" src=\"https:\/\/s.w.org\/images\/core\/emoji\/16.0.1\/svg\/2705.svg\" alt=\"\u2705\" \/>Prix Comp\u00e9titif<\/strong>\u00a0: Disponible au meilleur prix au Maroc, le papier UPP 110S offre un excellent rapport qualit\u00e9-prix pour les \u00e9tablissements de sant\u00e9 soucieux de la qualit\u00e9 de leurs impressions.<\/p>\n<p><img decoding=\"async\" class=\"\" src=\"https:\/\/www.dispoma.com\/wp-content\/uploads\/2023\/08\/sony-logo.jpg\" alt=\"Sony\" width=\"65\" height=\"65\" \/><\/p>\n<p>&nbsp;<\/p>","protected":false},"excerpt":{"rendered":"<div class=\"woocommerce-product-gallery woocommerce-product-gallery--with-images woocommerce-product-gallery--columns-4 images\" data-columns=\"4\">\n<figure class=\"woocommerce-product-gallery__wrapper\">\n<h3 class=\"woocommerce-product-gallery__image\" data-thumb=\"https:\/\/eclazon.ma\/wp-content\/uploads\/2024\/10\/am09032401_05_upp110s__tl-250x250.jpg\" data-thumb-alt=\"Papier \u00c9chographie Sony prix maroc\" data-thumb-srcset=\"https:\/\/eclazon.ma\/wp-content\/uploads\/2024\/10\/am09032401_05_upp110s__tl-250x250.jpg 250w, https:\/\/eclazon.ma\/wp-content\/uploads\/2024\/10\/am09032401_05_upp110s__tl-300x300.jpg 300w, https:\/\/eclazon.ma\/wp-content\/uploads\/2024\/10\/am09032401_05_upp110s__tl-150x150.jpg 150w, https:\/\/eclazon.ma\/wp-content\/uploads\/2024\/10\/am09032401_05_upp110s__tl-768x768.jpg 768w, https:\/\/eclazon.ma\/wp-content\/uploads\/2024\/10\/am09032401_05_upp110s__tl-12x12.jpg 12w, https:\/\/eclazon.ma\/wp-content\/uploads\/2024\/10\/am09032401_05_upp110s__tl-750x750.jpg 750w, https:\/\/eclazon.ma\/wp-content\/uploads\/2024\/10\/am09032401_05_upp110s__tl-540x540.jpg 540w, https:\/\/eclazon.ma\/wp-content\/uploads\/2024\/10\/am09032401_05_upp110s__tl-50x50.jpg 50w, https:\/\/eclazon.ma\/wp-content\/uploads\/2024\/10\/am09032401_05_upp110s__tl-100x100.jpg 100w, https:\/\/eclazon.ma\/wp-content\/uploads\/2024\/10\/am09032401_05_upp110s__tl.jpg 1000w\"><\/h3>\n<\/figure>\n<\/div>\n<div class=\"dt-sc-product-tabs\">\n<div class=\"woocommerce-tabs wc-tabs-wrapper\">\n<div id=\"tab-description\" class=\"woocommerce-Tabs-panel woocommerce-Tabs-panel--description panel entry-content wc-tab\" role=\"tabpanel\" aria-labelledby=\"tab-title-description\">\n<p><strong>Papier \u00c9chographie Sony UPP 110S<\/strong><\/p>\n<p>con\u00e7u pour garantir des impressions de haute qualit\u00e9 dans le domaine de l\u2019\u00e9chographie et\u00a0 d&rsquo;<a title=\"Imagerie\" href=\"https:\/\/fr.wikipedia.org\/wiki\/Imagerie\">imagerie<\/a>\u00a0m\u00e9dicale. Compatible avec les imprimantes d\u2019\u00e9chographie Sony, \u00a0assure une reproduction pr\u00e9cise des images, facilitant ainsi le diagnostic et le suivi des patients.<\/p>\n<p><img decoding=\"async\" class=\"\" src=\"https:\/\/www.dispoma.com\/wp-content\/uploads\/2023\/08\/sony-logo.jpg\" alt=\"Sony\" width=\"59\" height=\"59\" \/><\/p>\n<\/div>\n<\/div>\n<\/div>","protected":false},"featured_media":3042,"comment_status":"open","ping_status":"closed","template":"","meta":[],"product_brand":[],"product_cat":[52],"product_tag":[250,136,137,138],"class_list":{"0":"post-1125","1":"product","2":"type-product","3":"status-publish","4":"has-post-thumbnail","6":"product_cat-consommable-medical","7":"product_tag-papier-echographie-sony-upp-110s","8":"product_tag-papier-sony","9":"product_tag-sony-hg","10":"product_tag-upp-110-hg","12":"first","13":"instock","14":"taxable","15":"shipping-taxable","16":"purchasable","17":"product-type-variable"},"yoast_head":"<!-- This site is optimized with the Yoast SEO plugin v26.9 - https:\/\/yoast.com\/product\/yoast-seo-wordpress\/ -->\n<title>PAPIER SONY UPP 110S - YAZMED<\/title>\n<meta name=\"robots\" content=\"index, follow, max-snippet:-1, max-image-preview:large, max-video-preview:-1\" \/>\n<link rel=\"canonical\" href=\"https:\/\/yazmed.ma\/ar\/product\/papier-pour-echographie-sony-upp-110-sony\/\" \/>\n<meta property=\"og:locale\" content=\"ar_AR\" \/>\n<meta property=\"og:type\" content=\"article\" \/>\n<meta property=\"og:title\" content=\"PAPIER SONY UPP 110S - YAZMED\" \/>\n<meta property=\"og:description\" content=\"Papier \u00c9chographie Sony UPP 110S  con\u00e7u pour garantir des impressions de haute qualit\u00e9 dans le domaine de l\u2019\u00e9chographie et\u00a0 d&#039;imagerie\u00a0m\u00e9dicale. Compatible avec les imprimantes d\u2019\u00e9chographie Sony, \u00a0assure une reproduction pr\u00e9cise des images, facilitant ainsi le diagnostic et le suivi des patients.\" \/>\n<meta property=\"og:url\" content=\"https:\/\/yazmed.ma\/ar\/product\/papier-pour-echographie-sony-upp-110-sony\/\" \/>\n<meta property=\"og:site_name\" content=\"YAZMED\" \/>\n<meta property=\"article:publisher\" content=\"https:\/\/www.facebook.com\/azenkouky\" \/>\n<meta property=\"article:modified_time\" content=\"2026-01-03T10:30:57+00:00\" \/>\n<meta property=\"og:image\" content=\"https:\/\/yazmed.ma\/wp-content\/uploads\/2024\/12\/SONY-1.jpg\" \/>\n\t<meta property=\"og:image:width\" content=\"1000\" \/>\n\t<meta property=\"og:image:height\" content=\"1000\" \/>\n\t<meta property=\"og:image:type\" content=\"image\/jpeg\" \/>\n<meta name=\"twitter:card\" content=\"summary_large_image\" \/>\n<meta name=\"twitter:label1\" content=\"Est. reading time\" \/>\n\t<meta name=\"twitter:data1\" content=\"1 minute\" \/>\n<script type=\"application\/ld+json\" class=\"yoast-schema-graph\">{\"@context\":\"https:\/\/schema.org\",\"@graph\":[{\"@type\":\"WebPage\",\"@id\":\"https:\/\/yazmed.ma\/product\/papier-pour-echographie-sony-upp-110-sony\/\",\"url\":\"https:\/\/yazmed.ma\/product\/papier-pour-echographie-sony-upp-110-sony\/\",\"name\":\"PAPIER SONY UPP 110S - YAZMED\",\"isPartOf\":{\"@id\":\"https:\/\/yazmed.ma\/#website\"},\"primaryImageOfPage\":{\"@id\":\"https:\/\/yazmed.ma\/product\/papier-pour-echographie-sony-upp-110-sony\/#primaryimage\"},\"image\":{\"@id\":\"https:\/\/yazmed.ma\/product\/papier-pour-echographie-sony-upp-110-sony\/#primaryimage\"},\"thumbnailUrl\":\"https:\/\/yazmed.ma\/wp-content\/uploads\/2024\/12\/PAPIER-SONY-UPP-110S.webp\",\"datePublished\":\"2024-12-16T16:22:56+00:00\",\"dateModified\":\"2026-01-03T10:30:57+00:00\",\"breadcrumb\":{\"@id\":\"https:\/\/yazmed.ma\/product\/papier-pour-echographie-sony-upp-110-sony\/#breadcrumb\"},\"inLanguage\":\"ary\",\"potentialAction\":[{\"@type\":\"ReadAction\",\"target\":[\"https:\/\/yazmed.ma\/product\/papier-pour-echographie-sony-upp-110-sony\/\"]}]},{\"@type\":\"ImageObject\",\"inLanguage\":\"ary\",\"@id\":\"https:\/\/yazmed.ma\/product\/papier-pour-echographie-sony-upp-110-sony\/#primaryimage\",\"url\":\"https:\/\/yazmed.ma\/wp-content\/uploads\/2024\/12\/PAPIER-SONY-UPP-110S.webp\",\"contentUrl\":\"https:\/\/yazmed.ma\/wp-content\/uploads\/2024\/12\/PAPIER-SONY-UPP-110S.webp\",\"width\":300,\"height\":300,\"caption\":\"PAPIER SONY UPP 110S\"},{\"@type\":\"BreadcrumbList\",\"@id\":\"https:\/\/yazmed.ma\/product\/papier-pour-echographie-sony-upp-110-sony\/#breadcrumb\",\"itemListElement\":[{\"@type\":\"ListItem\",\"position\":1,\"name\":\"Accueil\",\"item\":\"https:\/\/yazmed.ma\/\"},{\"@type\":\"ListItem\",\"position\":2,\"name\":\"Shop\",\"item\":\"https:\/\/yazmed.ma\/shop-2\/\"},{\"@type\":\"ListItem\",\"position\":3,\"name\":\"PAPIER POUR \u00c9CHOGRAPHIE SONY UPP 110 \/ SONY\"}]},{\"@type\":\"WebSite\",\"@id\":\"https:\/\/yazmed.ma\/#website\",\"url\":\"https:\/\/yazmed.ma\/\",\"name\":\"Yazmed\",\"description\":\"LEADER DU MAT\u00c9RIEL M\u00c9DICAL AU MAROC\",\"publisher\":{\"@id\":\"https:\/\/yazmed.ma\/#organization\"},\"potentialAction\":[{\"@type\":\"SearchAction\",\"target\":{\"@type\":\"EntryPoint\",\"urlTemplate\":\"https:\/\/yazmed.ma\/?s={search_term_string}\"},\"query-input\":{\"@type\":\"PropertyValueSpecification\",\"valueRequired\":true,\"valueName\":\"search_term_string\"}}],\"inLanguage\":\"ary\"},{\"@type\":\"Organization\",\"@id\":\"https:\/\/yazmed.ma\/#organization\",\"name\":\"Yazmed Healthcare\",\"url\":\"https:\/\/yazmed.ma\/\",\"logo\":{\"@type\":\"ImageObject\",\"inLanguage\":\"ary\",\"@id\":\"https:\/\/yazmed.ma\/#\/schema\/logo\/image\/\",\"url\":\"https:\/\/yazmed.ma\/wp-content\/uploads\/2024\/12\/3.png\",\"contentUrl\":\"https:\/\/yazmed.ma\/wp-content\/uploads\/2024\/12\/3.png\",\"width\":250,\"height\":70,\"caption\":\"Yazmed Healthcare\"},\"image\":{\"@id\":\"https:\/\/yazmed.ma\/#\/schema\/logo\/image\/\"},\"sameAs\":[\"https:\/\/www.facebook.com\/azenkouky\",\"https:\/\/www.instagram.com\/yazmedhealthcare\",\"https:\/\/www.linkedin.com\/in\/yazmed-healthcare-1b4955295\"]}]}<\/script>\n<!-- \/ Yoast SEO plugin. -->","yoast_head_json":{"title":"PAPIER SONY UPP 110S - YAZMED","robots":{"index":"index","follow":"follow","max-snippet":"max-snippet:-1","max-image-preview":"max-image-preview:large","max-video-preview":"max-video-preview:-1"},"canonical":"https:\/\/yazmed.ma\/ar\/product\/papier-pour-echographie-sony-upp-110-sony\/","og_locale":"ar_AR","og_type":"article","og_title":"PAPIER SONY UPP 110S - YAZMED","og_description":"Papier \u00c9chographie Sony UPP 110S  con\u00e7u pour garantir des impressions de haute qualit\u00e9 dans le domaine de l\u2019\u00e9chographie et\u00a0 d'imagerie\u00a0m\u00e9dicale. Compatible avec les imprimantes d\u2019\u00e9chographie Sony, \u00a0assure une reproduction pr\u00e9cise des images, facilitant ainsi le diagnostic et le suivi des patients.","og_url":"https:\/\/yazmed.ma\/ar\/product\/papier-pour-echographie-sony-upp-110-sony\/","og_site_name":"YAZMED","article_publisher":"https:\/\/www.facebook.com\/azenkouky","article_modified_time":"2026-01-03T10:30:57+00:00","og_image":[{"width":1000,"height":1000,"url":"https:\/\/yazmed.ma\/wp-content\/uploads\/2024\/12\/SONY-1.jpg","type":"image\/jpeg"}],"twitter_card":"summary_large_image","twitter_misc":{"Est. reading time":"1 minute"},"schema":{"@context":"https:\/\/schema.org","@graph":[{"@type":"WebPage","@id":"https:\/\/yazmed.ma\/product\/papier-pour-echographie-sony-upp-110-sony\/","url":"https:\/\/yazmed.ma\/product\/papier-pour-echographie-sony-upp-110-sony\/","name":"PAPIER SONY UPP 110S - YAZMED","isPartOf":{"@id":"https:\/\/yazmed.ma\/#website"},"primaryImageOfPage":{"@id":"https:\/\/yazmed.ma\/product\/papier-pour-echographie-sony-upp-110-sony\/#primaryimage"},"image":{"@id":"https:\/\/yazmed.ma\/product\/papier-pour-echographie-sony-upp-110-sony\/#primaryimage"},"thumbnailUrl":"https:\/\/yazmed.ma\/wp-content\/uploads\/2024\/12\/PAPIER-SONY-UPP-110S.webp","datePublished":"2024-12-16T16:22:56+00:00","dateModified":"2026-01-03T10:30:57+00:00","breadcrumb":{"@id":"https:\/\/yazmed.ma\/product\/papier-pour-echographie-sony-upp-110-sony\/#breadcrumb"},"inLanguage":"ary","potentialAction":[{"@type":"ReadAction","target":["https:\/\/yazmed.ma\/product\/papier-pour-echographie-sony-upp-110-sony\/"]}]},{"@type":"ImageObject","inLanguage":"ary","@id":"https:\/\/yazmed.ma\/product\/papier-pour-echographie-sony-upp-110-sony\/#primaryimage","url":"https:\/\/yazmed.ma\/wp-content\/uploads\/2024\/12\/PAPIER-SONY-UPP-110S.webp","contentUrl":"https:\/\/yazmed.ma\/wp-content\/uploads\/2024\/12\/PAPIER-SONY-UPP-110S.webp","width":300,"height":300,"caption":"PAPIER SONY UPP 110S"},{"@type":"BreadcrumbList","@id":"https:\/\/yazmed.ma\/product\/papier-pour-echographie-sony-upp-110-sony\/#breadcrumb","itemListElement":[{"@type":"ListItem","position":1,"name":"Accueil","item":"https:\/\/yazmed.ma\/"},{"@type":"ListItem","position":2,"name":"Shop","item":"https:\/\/yazmed.ma\/shop-2\/"},{"@type":"ListItem","position":3,"name":"PAPIER POUR \u00c9CHOGRAPHIE SONY UPP 110 \/ SONY"}]},{"@type":"WebSite","@id":"https:\/\/yazmed.ma\/#website","url":"https:\/\/yazmed.ma\/","name":"Yazmed","description":"LEADER DU MAT\u00c9RIEL M\u00c9DICAL AU MAROC","publisher":{"@id":"https:\/\/yazmed.ma\/#organization"},"potentialAction":[{"@type":"SearchAction","target":{"@type":"EntryPoint","urlTemplate":"https:\/\/yazmed.ma\/?s={search_term_string}"},"query-input":{"@type":"PropertyValueSpecification","valueRequired":true,"valueName":"search_term_string"}}],"inLanguage":"ary"},{"@type":"Organization","@id":"https:\/\/yazmed.ma\/#organization","name":"Yazmed Healthcare","url":"https:\/\/yazmed.ma\/","logo":{"@type":"ImageObject","inLanguage":"ary","@id":"https:\/\/yazmed.ma\/#\/schema\/logo\/image\/","url":"https:\/\/yazmed.ma\/wp-content\/uploads\/2024\/12\/3.png","contentUrl":"https:\/\/yazmed.ma\/wp-content\/uploads\/2024\/12\/3.png","width":250,"height":70,"caption":"Yazmed Healthcare"},"image":{"@id":"https:\/\/yazmed.ma\/#\/schema\/logo\/image\/"},"sameAs":["https:\/\/www.facebook.com\/azenkouky","https:\/\/www.instagram.com\/yazmedhealthcare","https:\/\/www.linkedin.com\/in\/yazmed-healthcare-1b4955295"]}]}},"_links":{"self":[{"href":"https:\/\/yazmed.ma\/ar\/wp-json\/wp\/v2\/product\/1125","targetHints":{"allow":["GET"]}}],"collection":[{"href":"https:\/\/yazmed.ma\/ar\/wp-json\/wp\/v2\/product"}],"about":[{"href":"https:\/\/yazmed.ma\/ar\/wp-json\/wp\/v2\/types\/product"}],"replies":[{"embeddable":true,"href":"https:\/\/yazmed.ma\/ar\/wp-json\/wp\/v2\/comments?post=1125"}],"version-history":[{"count":1,"href":"https:\/\/yazmed.ma\/ar\/wp-json\/wp\/v2\/product\/1125\/revisions"}],"predecessor-version":[{"id":2916,"href":"https:\/\/yazmed.ma\/ar\/wp-json\/wp\/v2\/product\/1125\/revisions\/2916"}],"wp:featuredmedia":[{"embeddable":true,"href":"https:\/\/yazmed.ma\/ar\/wp-json\/wp\/v2\/media\/3042"}],"wp:attachment":[{"href":"https:\/\/yazmed.ma\/ar\/wp-json\/wp\/v2\/media?parent=1125"}],"wp:term":[{"taxonomy":"product_brand","embeddable":true,"href":"https:\/\/yazmed.ma\/ar\/wp-json\/wp\/v2\/product_brand?post=1125"},{"taxonomy":"product_cat","embeddable":true,"href":"https:\/\/yazmed.ma\/ar\/wp-json\/wp\/v2\/product_cat?post=1125"},{"taxonomy":"product_tag","embeddable":true,"href":"https:\/\/yazmed.ma\/ar\/wp-json\/wp\/v2\/product_tag?post=1125"}],"curies":[{"name":"wp","href":"https:\/\/api.w.org\/{rel}","templated":true}]}}