{"id":1122,"date":"2024-12-16T16:14:33","date_gmt":"2024-12-16T16:14:33","guid":{"rendered":"https:\/\/yazmed.ma\/?post_type=product&#038;p=1122"},"modified":"2026-01-03T12:58:24","modified_gmt":"2026-01-03T12:58:24","slug":"seringue-1ml-luer-lock","status":"publish","type":"product","link":"https:\/\/yazmed.ma\/ar\/product\/seringue-1ml-luer-lock\/","title":{"rendered":"Seringue 1ml Luer Lock"},"content":{"rendered":"<p><img decoding=\"async\" class=\"emoji\" role=\"img\" draggable=\"false\" src=\"https:\/\/s.w.org\/images\/core\/emoji\/16.0.1\/svg\/2714.svg\" alt=\"\u2714\" \/>\u00a0<strong data-start=\"317\" data-end=\"331\">Capacit\u00e9 :<\/strong>\u00a01 ml<br data-start=\"336\" data-end=\"339\" \/><img decoding=\"async\" class=\"emoji\" role=\"img\" draggable=\"false\" src=\"https:\/\/s.w.org\/images\/core\/emoji\/16.0.1\/svg\/2714.svg\" alt=\"\u2714\" \/>\u00a0<strong data-start=\"341\" data-end=\"360\">Type d\u2019embout :<\/strong>\u00a0Luer Lock (verrouillage s\u00e9curis\u00e9)<br data-start=\"394\" data-end=\"397\" data-is-only-node=\"\" \/><img decoding=\"async\" class=\"emoji\" role=\"img\" draggable=\"false\" src=\"https:\/\/s.w.org\/images\/core\/emoji\/16.0.1\/svg\/2714.svg\" alt=\"\u2714\" \/>\u00a0<strong data-start=\"399\" data-end=\"410\">Usage :<\/strong>\u00a0M\u00e9dical, laboratoire, soins \u00e0 domicile<br data-start=\"449\" data-end=\"452\" \/><img decoding=\"async\" class=\"emoji\" role=\"img\" draggable=\"false\" src=\"https:\/\/s.w.org\/images\/core\/emoji\/16.0.1\/svg\/2714.svg\" alt=\"\u2714\" \/>\u00a0<strong data-start=\"454\" data-end=\"468\">Mat\u00e9riau :<\/strong>\u00a0Polypropyl\u00e8ne transparent<br data-start=\"494\" data-end=\"497\" \/><img decoding=\"async\" class=\"emoji\" role=\"img\" draggable=\"false\" src=\"https:\/\/s.w.org\/images\/core\/emoji\/16.0.1\/svg\/2714.svg\" alt=\"\u2714\" \/>\u00a0<strong data-start=\"499\" data-end=\"515\">Graduation :<\/strong>\u00a0Haute pr\u00e9cision pour un dosage exact<br data-start=\"552\" data-end=\"555\" \/><img decoding=\"async\" class=\"emoji\" role=\"img\" draggable=\"false\" src=\"https:\/\/s.w.org\/images\/core\/emoji\/16.0.1\/svg\/2714.svg\" alt=\"\u2714\" \/>\u00a0<strong data-start=\"557\" data-end=\"578\">Conditionnement :<\/strong>\u00a0St\u00e9rile, usage unique<\/p>","protected":false},"excerpt":{"rendered":"<h3>Seringue 1ml Luer Lock<\/h3>\n<p>couramment utilis\u00e9e en m\u00e9soth\u00e9rapie et pour les micro-injections. calibr\u00e9e avec pr\u00e9cision pour assurer l\u2019administration exacte de petites quantit\u00e9s de m\u00e9dicament. Ce type de seringue est essentiel pour des traitements tels que la m\u00e9soth\u00e9rapie, o\u00f9 de petites quantit\u00e9s de substances sont inject\u00e9es dans les couches superficielles de la peau. Une bo\u00eete standard contient 100 unit\u00e9s\u00a0 accompagn\u00e9e d\u2019une aiguille de taille 25G (gauge) d\u2019une longueur de 5\/8 pouces, id\u00e9ale pour des injections pr\u00e9cises et cibl\u00e9es pour <a class=\"mw-redirect\" title=\"Injections anti-rides\" href=\"https:\/\/fr.wikipedia.org\/wiki\/Injections_anti-rides\">Injections anti-rides<\/a><\/p>\n<p><img decoding=\"async\" class=\"\" src=\"https:\/\/eclazon.ma\/wp-content\/uploads\/2024\/07\/logo-2012228122755354-300x168-1-200x100.jpg\" width=\"70\" height=\"35\" \/><\/p>\n<p>&nbsp;<\/p>","protected":false},"featured_media":2867,"comment_status":"open","ping_status":"closed","template":"","meta":[],"product_brand":[],"product_cat":[52],"product_tag":[246],"class_list":{"0":"post-1122","1":"product","2":"type-product","3":"status-publish","4":"has-post-thumbnail","6":"product_cat-consommable-medical","7":"product_tag-seringue-luer-look","9":"first","10":"instock","11":"sale","12":"taxable","13":"shipping-taxable","14":"purchasable","15":"product-type-simple"},"yoast_head":"<!-- This site is optimized with the Yoast SEO plugin v26.9 - https:\/\/yoast.com\/product\/yoast-seo-wordpress\/ -->\n<title>Seringue 1ml Luer Lock - YAZMED<\/title>\n<meta name=\"robots\" content=\"index, follow, max-snippet:-1, max-image-preview:large, max-video-preview:-1\" \/>\n<link rel=\"canonical\" href=\"https:\/\/yazmed.ma\/ar\/product\/seringue-1ml-de-mesotherapie-et-micro-injections-greetmed\/\" \/>\n<meta property=\"og:locale\" content=\"ar_AR\" \/>\n<meta property=\"og:type\" content=\"article\" \/>\n<meta property=\"og:title\" content=\"Seringue 1ml Luer Lock - YAZMED\" \/>\n<meta property=\"og:description\" content=\"Seringue 1ml Luer Lock couramment utilis\u00e9e en m\u00e9soth\u00e9rapie et pour les micro-injections. calibr\u00e9e avec pr\u00e9cision pour assurer l\u2019administration exacte de petites quantit\u00e9s de m\u00e9dicament. Ce type de seringue est essentiel pour des traitements tels que la m\u00e9soth\u00e9rapie, o\u00f9 de petites quantit\u00e9s de substances sont inject\u00e9es dans les couches superficielles de la peau. Une bo\u00eete standard contient 100 unit\u00e9s\u00a0 accompagn\u00e9e d\u2019une aiguille de taille 25G (gauge) d\u2019une longueur de 5\/8 pouces, id\u00e9ale pour des injections pr\u00e9cises et cibl\u00e9es pour Injections anti-rides    &nbsp;\" \/>\n<meta property=\"og:url\" content=\"https:\/\/yazmed.ma\/ar\/product\/seringue-1ml-de-mesotherapie-et-micro-injections-greetmed\/\" \/>\n<meta property=\"og:site_name\" content=\"YAZMED\" \/>\n<meta property=\"article:publisher\" content=\"https:\/\/www.facebook.com\/azenkouky\" \/>\n<meta property=\"article:modified_time\" content=\"2026-01-03T12:58:24+00:00\" \/>\n<meta property=\"og:image\" content=\"https:\/\/yazmed.ma\/wp-content\/uploads\/2024\/12\/Design-sans-titre-90.png\" \/>\n\t<meta property=\"og:image:width\" content=\"570\" \/>\n\t<meta property=\"og:image:height\" content=\"517\" \/>\n\t<meta property=\"og:image:type\" content=\"image\/png\" \/>\n<meta name=\"twitter:card\" content=\"summary_large_image\" \/>\n<meta name=\"twitter:label1\" content=\"Est. reading time\" \/>\n\t<meta name=\"twitter:data1\" content=\"1 minute\" \/>\n<script type=\"application\/ld+json\" class=\"yoast-schema-graph\">{\"@context\":\"https:\/\/schema.org\",\"@graph\":[{\"@type\":\"WebPage\",\"@id\":\"https:\/\/yazmed.ma\/product\/seringue-1ml-de-mesotherapie-et-micro-injections-greetmed\/\",\"url\":\"https:\/\/yazmed.ma\/product\/seringue-1ml-de-mesotherapie-et-micro-injections-greetmed\/\",\"name\":\"Seringue 1ml Luer Lock - YAZMED\",\"isPartOf\":{\"@id\":\"https:\/\/yazmed.ma\/#website\"},\"primaryImageOfPage\":{\"@id\":\"https:\/\/yazmed.ma\/product\/seringue-1ml-de-mesotherapie-et-micro-injections-greetmed\/#primaryimage\"},\"image\":{\"@id\":\"https:\/\/yazmed.ma\/product\/seringue-1ml-de-mesotherapie-et-micro-injections-greetmed\/#primaryimage\"},\"thumbnailUrl\":\"https:\/\/yazmed.ma\/wp-content\/uploads\/2024\/12\/Seringue-1ml-Luer-Lock.webp\",\"datePublished\":\"2024-12-16T16:14:33+00:00\",\"dateModified\":\"2026-01-03T12:58:24+00:00\",\"breadcrumb\":{\"@id\":\"https:\/\/yazmed.ma\/product\/seringue-1ml-de-mesotherapie-et-micro-injections-greetmed\/#breadcrumb\"},\"inLanguage\":\"ary\",\"potentialAction\":[{\"@type\":\"ReadAction\",\"target\":[\"https:\/\/yazmed.ma\/product\/seringue-1ml-de-mesotherapie-et-micro-injections-greetmed\/\"]}]},{\"@type\":\"ImageObject\",\"inLanguage\":\"ary\",\"@id\":\"https:\/\/yazmed.ma\/product\/seringue-1ml-de-mesotherapie-et-micro-injections-greetmed\/#primaryimage\",\"url\":\"https:\/\/yazmed.ma\/wp-content\/uploads\/2024\/12\/Seringue-1ml-Luer-Lock.webp\",\"contentUrl\":\"https:\/\/yazmed.ma\/wp-content\/uploads\/2024\/12\/Seringue-1ml-Luer-Lock.webp\",\"width\":450,\"height\":450,\"caption\":\"Seringue 1ml Luer Lock\"},{\"@type\":\"BreadcrumbList\",\"@id\":\"https:\/\/yazmed.ma\/product\/seringue-1ml-de-mesotherapie-et-micro-injections-greetmed\/#breadcrumb\",\"itemListElement\":[{\"@type\":\"ListItem\",\"position\":1,\"name\":\"Accueil\",\"item\":\"https:\/\/yazmed.ma\/\"},{\"@type\":\"ListItem\",\"position\":2,\"name\":\"Shop\",\"item\":\"https:\/\/yazmed.ma\/shop-2\/\"},{\"@type\":\"ListItem\",\"position\":3,\"name\":\"SERINGUE 1ML DE M\u00c9SOTH\u00c9RAPIE ET MICRO-INJECTIONS\"}]},{\"@type\":\"WebSite\",\"@id\":\"https:\/\/yazmed.ma\/#website\",\"url\":\"https:\/\/yazmed.ma\/\",\"name\":\"Yazmed\",\"description\":\"LEADER DU MAT\u00c9RIEL M\u00c9DICAL AU MAROC\",\"publisher\":{\"@id\":\"https:\/\/yazmed.ma\/#organization\"},\"potentialAction\":[{\"@type\":\"SearchAction\",\"target\":{\"@type\":\"EntryPoint\",\"urlTemplate\":\"https:\/\/yazmed.ma\/?s={search_term_string}\"},\"query-input\":{\"@type\":\"PropertyValueSpecification\",\"valueRequired\":true,\"valueName\":\"search_term_string\"}}],\"inLanguage\":\"ary\"},{\"@type\":\"Organization\",\"@id\":\"https:\/\/yazmed.ma\/#organization\",\"name\":\"Yazmed Healthcare\",\"url\":\"https:\/\/yazmed.ma\/\",\"logo\":{\"@type\":\"ImageObject\",\"inLanguage\":\"ary\",\"@id\":\"https:\/\/yazmed.ma\/#\/schema\/logo\/image\/\",\"url\":\"https:\/\/yazmed.ma\/wp-content\/uploads\/2024\/12\/3.png\",\"contentUrl\":\"https:\/\/yazmed.ma\/wp-content\/uploads\/2024\/12\/3.png\",\"width\":250,\"height\":70,\"caption\":\"Yazmed Healthcare\"},\"image\":{\"@id\":\"https:\/\/yazmed.ma\/#\/schema\/logo\/image\/\"},\"sameAs\":[\"https:\/\/www.facebook.com\/azenkouky\",\"https:\/\/www.instagram.com\/yazmedhealthcare\",\"https:\/\/www.linkedin.com\/in\/yazmed-healthcare-1b4955295\"]}]}<\/script>\n<!-- \/ Yoast SEO plugin. -->","yoast_head_json":{"title":"Seringue 1ml Luer Lock - YAZMED","robots":{"index":"index","follow":"follow","max-snippet":"max-snippet:-1","max-image-preview":"max-image-preview:large","max-video-preview":"max-video-preview:-1"},"canonical":"https:\/\/yazmed.ma\/ar\/product\/seringue-1ml-de-mesotherapie-et-micro-injections-greetmed\/","og_locale":"ar_AR","og_type":"article","og_title":"Seringue 1ml Luer Lock - YAZMED","og_description":"Seringue 1ml Luer Lock couramment utilis\u00e9e en m\u00e9soth\u00e9rapie et pour les micro-injections. calibr\u00e9e avec pr\u00e9cision pour assurer l\u2019administration exacte de petites quantit\u00e9s de m\u00e9dicament. Ce type de seringue est essentiel pour des traitements tels que la m\u00e9soth\u00e9rapie, o\u00f9 de petites quantit\u00e9s de substances sont inject\u00e9es dans les couches superficielles de la peau. Une bo\u00eete standard contient 100 unit\u00e9s\u00a0 accompagn\u00e9e d\u2019une aiguille de taille 25G (gauge) d\u2019une longueur de 5\/8 pouces, id\u00e9ale pour des injections pr\u00e9cises et cibl\u00e9es pour Injections anti-rides    &nbsp;","og_url":"https:\/\/yazmed.ma\/ar\/product\/seringue-1ml-de-mesotherapie-et-micro-injections-greetmed\/","og_site_name":"YAZMED","article_publisher":"https:\/\/www.facebook.com\/azenkouky","article_modified_time":"2026-01-03T12:58:24+00:00","og_image":[{"width":570,"height":517,"url":"https:\/\/yazmed.ma\/wp-content\/uploads\/2024\/12\/Design-sans-titre-90.png","type":"image\/png"}],"twitter_card":"summary_large_image","twitter_misc":{"Est. reading time":"1 minute"},"schema":{"@context":"https:\/\/schema.org","@graph":[{"@type":"WebPage","@id":"https:\/\/yazmed.ma\/product\/seringue-1ml-de-mesotherapie-et-micro-injections-greetmed\/","url":"https:\/\/yazmed.ma\/product\/seringue-1ml-de-mesotherapie-et-micro-injections-greetmed\/","name":"Seringue 1ml Luer Lock - YAZMED","isPartOf":{"@id":"https:\/\/yazmed.ma\/#website"},"primaryImageOfPage":{"@id":"https:\/\/yazmed.ma\/product\/seringue-1ml-de-mesotherapie-et-micro-injections-greetmed\/#primaryimage"},"image":{"@id":"https:\/\/yazmed.ma\/product\/seringue-1ml-de-mesotherapie-et-micro-injections-greetmed\/#primaryimage"},"thumbnailUrl":"https:\/\/yazmed.ma\/wp-content\/uploads\/2024\/12\/Seringue-1ml-Luer-Lock.webp","datePublished":"2024-12-16T16:14:33+00:00","dateModified":"2026-01-03T12:58:24+00:00","breadcrumb":{"@id":"https:\/\/yazmed.ma\/product\/seringue-1ml-de-mesotherapie-et-micro-injections-greetmed\/#breadcrumb"},"inLanguage":"ary","potentialAction":[{"@type":"ReadAction","target":["https:\/\/yazmed.ma\/product\/seringue-1ml-de-mesotherapie-et-micro-injections-greetmed\/"]}]},{"@type":"ImageObject","inLanguage":"ary","@id":"https:\/\/yazmed.ma\/product\/seringue-1ml-de-mesotherapie-et-micro-injections-greetmed\/#primaryimage","url":"https:\/\/yazmed.ma\/wp-content\/uploads\/2024\/12\/Seringue-1ml-Luer-Lock.webp","contentUrl":"https:\/\/yazmed.ma\/wp-content\/uploads\/2024\/12\/Seringue-1ml-Luer-Lock.webp","width":450,"height":450,"caption":"Seringue 1ml Luer Lock"},{"@type":"BreadcrumbList","@id":"https:\/\/yazmed.ma\/product\/seringue-1ml-de-mesotherapie-et-micro-injections-greetmed\/#breadcrumb","itemListElement":[{"@type":"ListItem","position":1,"name":"Accueil","item":"https:\/\/yazmed.ma\/"},{"@type":"ListItem","position":2,"name":"Shop","item":"https:\/\/yazmed.ma\/shop-2\/"},{"@type":"ListItem","position":3,"name":"SERINGUE 1ML DE M\u00c9SOTH\u00c9RAPIE ET MICRO-INJECTIONS"}]},{"@type":"WebSite","@id":"https:\/\/yazmed.ma\/#website","url":"https:\/\/yazmed.ma\/","name":"Yazmed","description":"LEADER DU MAT\u00c9RIEL M\u00c9DICAL AU MAROC","publisher":{"@id":"https:\/\/yazmed.ma\/#organization"},"potentialAction":[{"@type":"SearchAction","target":{"@type":"EntryPoint","urlTemplate":"https:\/\/yazmed.ma\/?s={search_term_string}"},"query-input":{"@type":"PropertyValueSpecification","valueRequired":true,"valueName":"search_term_string"}}],"inLanguage":"ary"},{"@type":"Organization","@id":"https:\/\/yazmed.ma\/#organization","name":"Yazmed Healthcare","url":"https:\/\/yazmed.ma\/","logo":{"@type":"ImageObject","inLanguage":"ary","@id":"https:\/\/yazmed.ma\/#\/schema\/logo\/image\/","url":"https:\/\/yazmed.ma\/wp-content\/uploads\/2024\/12\/3.png","contentUrl":"https:\/\/yazmed.ma\/wp-content\/uploads\/2024\/12\/3.png","width":250,"height":70,"caption":"Yazmed Healthcare"},"image":{"@id":"https:\/\/yazmed.ma\/#\/schema\/logo\/image\/"},"sameAs":["https:\/\/www.facebook.com\/azenkouky","https:\/\/www.instagram.com\/yazmedhealthcare","https:\/\/www.linkedin.com\/in\/yazmed-healthcare-1b4955295"]}]}},"_links":{"self":[{"href":"https:\/\/yazmed.ma\/ar\/wp-json\/wp\/v2\/product\/1122","targetHints":{"allow":["GET"]}}],"collection":[{"href":"https:\/\/yazmed.ma\/ar\/wp-json\/wp\/v2\/product"}],"about":[{"href":"https:\/\/yazmed.ma\/ar\/wp-json\/wp\/v2\/types\/product"}],"replies":[{"embeddable":true,"href":"https:\/\/yazmed.ma\/ar\/wp-json\/wp\/v2\/comments?post=1122"}],"version-history":[{"count":1,"href":"https:\/\/yazmed.ma\/ar\/wp-json\/wp\/v2\/product\/1122\/revisions"}],"predecessor-version":[{"id":2866,"href":"https:\/\/yazmed.ma\/ar\/wp-json\/wp\/v2\/product\/1122\/revisions\/2866"}],"wp:featuredmedia":[{"embeddable":true,"href":"https:\/\/yazmed.ma\/ar\/wp-json\/wp\/v2\/media\/2867"}],"wp:attachment":[{"href":"https:\/\/yazmed.ma\/ar\/wp-json\/wp\/v2\/media?parent=1122"}],"wp:term":[{"taxonomy":"product_brand","embeddable":true,"href":"https:\/\/yazmed.ma\/ar\/wp-json\/wp\/v2\/product_brand?post=1122"},{"taxonomy":"product_cat","embeddable":true,"href":"https:\/\/yazmed.ma\/ar\/wp-json\/wp\/v2\/product_cat?post=1122"},{"taxonomy":"product_tag","embeddable":true,"href":"https:\/\/yazmed.ma\/ar\/wp-json\/wp\/v2\/product_tag?post=1122"}],"curies":[{"name":"wp","href":"https:\/\/api.w.org\/{rel}","templated":true}]}}