{"id":1119,"date":"2024-12-16T16:10:49","date_gmt":"2024-12-16T16:10:49","guid":{"rendered":"https:\/\/yazmed.ma\/?post_type=product&#038;p=1119"},"modified":"2026-01-03T13:23:00","modified_gmt":"2026-01-03T13:23:00","slug":"tegaderm-film-3m","status":"publish","type":"product","link":"https:\/\/yazmed.ma\/ar\/product\/tegaderm-film-3m\/","title":{"rendered":"TEGADERM FILM 3M"},"content":{"rendered":"<h3><img decoding=\"async\" class=\"emoji\" role=\"img\" draggable=\"false\" src=\"https:\/\/s.w.org\/images\/core\/emoji\/16.0.1\/svg\/2705.svg\" alt=\"\u2705\" \/>\u00a0Caract\u00e9ristiques<\/h3>\n<h4>Avantages du Tegaderm Film<\/h4>\n<p><strong>Protection Maximale<\/strong>\u00a0: Prot\u00e8ge efficacement contre les contaminants ext\u00e9rieurs, tout en maintenant un environnement propice \u00e0 la cicatrisation.<\/p>\n<p><strong>Surveillance Simplifi\u00e9e<\/strong>\u00a0: Gr\u00e2ce \u00e0 sa transparence, le film permet de surveiller la plaie ou le site d\u2019insertion sans interrompre le soin.<\/p>\n<p><strong>\u00c9tanche<\/strong>\u00a0: Peut \u00eatre utilis\u00e9 m\u00eame sous la douche ou lors de baignades courtes, offrant une protection contre l\u2019humidit\u00e9.<\/p>\n<p><strong>Facile \u00e0 Appliquer<\/strong>\u00a0: S\u2019applique facilement sans plis, assurant une couverture lisse et uniforme sur la peau.<\/p>\n<p><strong>Durabilit\u00e9<\/strong>\u00a0: Peut \u00eatre port\u00e9 pendant plusieurs jours, ce qui le rend id\u00e9al pour une protection prolong\u00e9e des plaies et des dispositifs m\u00e9dicaux.<\/p>\n<p>&nbsp;<\/p>\n<p><img decoding=\"async\" class=\"\" src=\"https:\/\/www.dispoma.com\/wp-content\/uploads\/2023\/05\/3m-logo.jpg\" alt=\"3M\" width=\"82\" height=\"82\" \/><\/p>","protected":false},"excerpt":{"rendered":"<h4>\u00a0<strong>Tegaderm Film\u00a0 3M<\/strong><\/h4>\n<p>est un\u00a0<a href=\"https:\/\/en.wikipedia.org\/wiki\/Tegaderm\">pansement<\/a>\u00a0transparent et imperm\u00e9able con\u00e7u pour prot\u00e9ger les plaies, les cath\u00e9ters et autres dispositifs m\u00e9dicaux tout en permettant une surveillance visuelle continue. Gr\u00e2ce \u00e0 sa technologie avanc\u00e9e, il assure une protection optimale contre les contaminations tout en facilitant le processus de gu\u00e9rison.<\/p>\n<p><img decoding=\"async\" class=\"\" src=\"https:\/\/www.dispoma.com\/wp-content\/uploads\/2023\/05\/3m-logo.jpg\" alt=\"3M\" width=\"87\" height=\"87\" \/><\/p>","protected":false},"featured_media":3056,"comment_status":"open","ping_status":"closed","template":"","meta":[],"product_brand":[176],"product_cat":[52],"product_tag":[296],"class_list":{"0":"post-1119","1":"product","2":"type-product","3":"status-publish","4":"has-post-thumbnail","6":"product_brand-3m","7":"product_cat-consommable-medical","8":"product_tag-tegaderm-3m","10":"first","11":"instock","12":"taxable","13":"shipping-taxable","14":"purchasable","15":"product-type-simple"},"yoast_head":"<!-- This site is optimized with the Yoast SEO plugin v26.9 - https:\/\/yoast.com\/product\/yoast-seo-wordpress\/ -->\n<title>TEGADERM FILM 3M - YAZMED<\/title>\n<meta name=\"robots\" content=\"index, follow, max-snippet:-1, max-image-preview:large, max-video-preview:-1\" \/>\n<link rel=\"canonical\" href=\"https:\/\/yazmed.ma\/ar\/product\/tegaderm-film-3m-3m\/\" \/>\n<meta property=\"og:locale\" content=\"ar_AR\" \/>\n<meta property=\"og:type\" content=\"article\" \/>\n<meta property=\"og:title\" content=\"TEGADERM FILM 3M - YAZMED\" \/>\n<meta property=\"og:description\" content=\"\u00a0Tegaderm Film\u00a0 3M est un\u00a0pansement\u00a0transparent et imperm\u00e9able con\u00e7u pour prot\u00e9ger les plaies, les cath\u00e9ters et autres dispositifs m\u00e9dicaux tout en permettant une surveillance visuelle continue. Gr\u00e2ce \u00e0 sa technologie avanc\u00e9e, il assure une protection optimale contre les contaminations tout en facilitant le processus de gu\u00e9rison.\" \/>\n<meta property=\"og:url\" content=\"https:\/\/yazmed.ma\/ar\/product\/tegaderm-film-3m-3m\/\" \/>\n<meta property=\"og:site_name\" content=\"YAZMED\" \/>\n<meta property=\"article:publisher\" content=\"https:\/\/www.facebook.com\/azenkouky\" \/>\n<meta property=\"article:modified_time\" content=\"2026-01-03T13:23:00+00:00\" \/>\n<meta property=\"og:image\" content=\"https:\/\/yazmed.ma\/wp-content\/uploads\/2024\/12\/Design-sans-titre-91.png\" \/>\n\t<meta property=\"og:image:width\" content=\"570\" \/>\n\t<meta property=\"og:image:height\" content=\"517\" \/>\n\t<meta property=\"og:image:type\" content=\"image\/png\" \/>\n<meta name=\"twitter:card\" content=\"summary_large_image\" \/>\n<meta name=\"twitter:label1\" content=\"Est. reading time\" \/>\n\t<meta name=\"twitter:data1\" content=\"1 minute\" \/>\n<script type=\"application\/ld+json\" class=\"yoast-schema-graph\">{\"@context\":\"https:\/\/schema.org\",\"@graph\":[{\"@type\":\"WebPage\",\"@id\":\"https:\/\/yazmed.ma\/product\/tegaderm-film-3m-3m\/\",\"url\":\"https:\/\/yazmed.ma\/product\/tegaderm-film-3m-3m\/\",\"name\":\"TEGADERM FILM 3M - YAZMED\",\"isPartOf\":{\"@id\":\"https:\/\/yazmed.ma\/#website\"},\"primaryImageOfPage\":{\"@id\":\"https:\/\/yazmed.ma\/product\/tegaderm-film-3m-3m\/#primaryimage\"},\"image\":{\"@id\":\"https:\/\/yazmed.ma\/product\/tegaderm-film-3m-3m\/#primaryimage\"},\"thumbnailUrl\":\"https:\/\/yazmed.ma\/wp-content\/uploads\/2024\/12\/TEGADERM-FILM-3M.webp\",\"datePublished\":\"2024-12-16T16:10:49+00:00\",\"dateModified\":\"2026-01-03T13:23:00+00:00\",\"breadcrumb\":{\"@id\":\"https:\/\/yazmed.ma\/product\/tegaderm-film-3m-3m\/#breadcrumb\"},\"inLanguage\":\"ary\",\"potentialAction\":[{\"@type\":\"ReadAction\",\"target\":[\"https:\/\/yazmed.ma\/product\/tegaderm-film-3m-3m\/\"]}]},{\"@type\":\"ImageObject\",\"inLanguage\":\"ary\",\"@id\":\"https:\/\/yazmed.ma\/product\/tegaderm-film-3m-3m\/#primaryimage\",\"url\":\"https:\/\/yazmed.ma\/wp-content\/uploads\/2024\/12\/TEGADERM-FILM-3M.webp\",\"contentUrl\":\"https:\/\/yazmed.ma\/wp-content\/uploads\/2024\/12\/TEGADERM-FILM-3M.webp\",\"width\":450,\"height\":450,\"caption\":\"TEGADERM FILM 3M\"},{\"@type\":\"BreadcrumbList\",\"@id\":\"https:\/\/yazmed.ma\/product\/tegaderm-film-3m-3m\/#breadcrumb\",\"itemListElement\":[{\"@type\":\"ListItem\",\"position\":1,\"name\":\"Accueil\",\"item\":\"https:\/\/yazmed.ma\/\"},{\"@type\":\"ListItem\",\"position\":2,\"name\":\"Shop\",\"item\":\"https:\/\/yazmed.ma\/shop-2\/\"},{\"@type\":\"ListItem\",\"position\":3,\"name\":\"TEGADERM FILM 3M \/ 3M\"}]},{\"@type\":\"WebSite\",\"@id\":\"https:\/\/yazmed.ma\/#website\",\"url\":\"https:\/\/yazmed.ma\/\",\"name\":\"Yazmed\",\"description\":\"LEADER DU MAT\u00c9RIEL M\u00c9DICAL AU MAROC\",\"publisher\":{\"@id\":\"https:\/\/yazmed.ma\/#organization\"},\"potentialAction\":[{\"@type\":\"SearchAction\",\"target\":{\"@type\":\"EntryPoint\",\"urlTemplate\":\"https:\/\/yazmed.ma\/?s={search_term_string}\"},\"query-input\":{\"@type\":\"PropertyValueSpecification\",\"valueRequired\":true,\"valueName\":\"search_term_string\"}}],\"inLanguage\":\"ary\"},{\"@type\":\"Organization\",\"@id\":\"https:\/\/yazmed.ma\/#organization\",\"name\":\"Yazmed Healthcare\",\"url\":\"https:\/\/yazmed.ma\/\",\"logo\":{\"@type\":\"ImageObject\",\"inLanguage\":\"ary\",\"@id\":\"https:\/\/yazmed.ma\/#\/schema\/logo\/image\/\",\"url\":\"https:\/\/yazmed.ma\/wp-content\/uploads\/2024\/12\/3.png\",\"contentUrl\":\"https:\/\/yazmed.ma\/wp-content\/uploads\/2024\/12\/3.png\",\"width\":250,\"height\":70,\"caption\":\"Yazmed Healthcare\"},\"image\":{\"@id\":\"https:\/\/yazmed.ma\/#\/schema\/logo\/image\/\"},\"sameAs\":[\"https:\/\/www.facebook.com\/azenkouky\",\"https:\/\/www.instagram.com\/yazmedhealthcare\",\"https:\/\/www.linkedin.com\/in\/yazmed-healthcare-1b4955295\"]}]}<\/script>\n<!-- \/ Yoast SEO plugin. -->","yoast_head_json":{"title":"TEGADERM FILM 3M - YAZMED","robots":{"index":"index","follow":"follow","max-snippet":"max-snippet:-1","max-image-preview":"max-image-preview:large","max-video-preview":"max-video-preview:-1"},"canonical":"https:\/\/yazmed.ma\/ar\/product\/tegaderm-film-3m-3m\/","og_locale":"ar_AR","og_type":"article","og_title":"TEGADERM FILM 3M - YAZMED","og_description":"\u00a0Tegaderm Film\u00a0 3M est un\u00a0pansement\u00a0transparent et imperm\u00e9able con\u00e7u pour prot\u00e9ger les plaies, les cath\u00e9ters et autres dispositifs m\u00e9dicaux tout en permettant une surveillance visuelle continue. Gr\u00e2ce \u00e0 sa technologie avanc\u00e9e, il assure une protection optimale contre les contaminations tout en facilitant le processus de gu\u00e9rison.","og_url":"https:\/\/yazmed.ma\/ar\/product\/tegaderm-film-3m-3m\/","og_site_name":"YAZMED","article_publisher":"https:\/\/www.facebook.com\/azenkouky","article_modified_time":"2026-01-03T13:23:00+00:00","og_image":[{"width":570,"height":517,"url":"https:\/\/yazmed.ma\/wp-content\/uploads\/2024\/12\/Design-sans-titre-91.png","type":"image\/png"}],"twitter_card":"summary_large_image","twitter_misc":{"Est. reading time":"1 minute"},"schema":{"@context":"https:\/\/schema.org","@graph":[{"@type":"WebPage","@id":"https:\/\/yazmed.ma\/product\/tegaderm-film-3m-3m\/","url":"https:\/\/yazmed.ma\/product\/tegaderm-film-3m-3m\/","name":"TEGADERM FILM 3M - YAZMED","isPartOf":{"@id":"https:\/\/yazmed.ma\/#website"},"primaryImageOfPage":{"@id":"https:\/\/yazmed.ma\/product\/tegaderm-film-3m-3m\/#primaryimage"},"image":{"@id":"https:\/\/yazmed.ma\/product\/tegaderm-film-3m-3m\/#primaryimage"},"thumbnailUrl":"https:\/\/yazmed.ma\/wp-content\/uploads\/2024\/12\/TEGADERM-FILM-3M.webp","datePublished":"2024-12-16T16:10:49+00:00","dateModified":"2026-01-03T13:23:00+00:00","breadcrumb":{"@id":"https:\/\/yazmed.ma\/product\/tegaderm-film-3m-3m\/#breadcrumb"},"inLanguage":"ary","potentialAction":[{"@type":"ReadAction","target":["https:\/\/yazmed.ma\/product\/tegaderm-film-3m-3m\/"]}]},{"@type":"ImageObject","inLanguage":"ary","@id":"https:\/\/yazmed.ma\/product\/tegaderm-film-3m-3m\/#primaryimage","url":"https:\/\/yazmed.ma\/wp-content\/uploads\/2024\/12\/TEGADERM-FILM-3M.webp","contentUrl":"https:\/\/yazmed.ma\/wp-content\/uploads\/2024\/12\/TEGADERM-FILM-3M.webp","width":450,"height":450,"caption":"TEGADERM FILM 3M"},{"@type":"BreadcrumbList","@id":"https:\/\/yazmed.ma\/product\/tegaderm-film-3m-3m\/#breadcrumb","itemListElement":[{"@type":"ListItem","position":1,"name":"Accueil","item":"https:\/\/yazmed.ma\/"},{"@type":"ListItem","position":2,"name":"Shop","item":"https:\/\/yazmed.ma\/shop-2\/"},{"@type":"ListItem","position":3,"name":"TEGADERM FILM 3M \/ 3M"}]},{"@type":"WebSite","@id":"https:\/\/yazmed.ma\/#website","url":"https:\/\/yazmed.ma\/","name":"Yazmed","description":"LEADER DU MAT\u00c9RIEL M\u00c9DICAL AU MAROC","publisher":{"@id":"https:\/\/yazmed.ma\/#organization"},"potentialAction":[{"@type":"SearchAction","target":{"@type":"EntryPoint","urlTemplate":"https:\/\/yazmed.ma\/?s={search_term_string}"},"query-input":{"@type":"PropertyValueSpecification","valueRequired":true,"valueName":"search_term_string"}}],"inLanguage":"ary"},{"@type":"Organization","@id":"https:\/\/yazmed.ma\/#organization","name":"Yazmed Healthcare","url":"https:\/\/yazmed.ma\/","logo":{"@type":"ImageObject","inLanguage":"ary","@id":"https:\/\/yazmed.ma\/#\/schema\/logo\/image\/","url":"https:\/\/yazmed.ma\/wp-content\/uploads\/2024\/12\/3.png","contentUrl":"https:\/\/yazmed.ma\/wp-content\/uploads\/2024\/12\/3.png","width":250,"height":70,"caption":"Yazmed Healthcare"},"image":{"@id":"https:\/\/yazmed.ma\/#\/schema\/logo\/image\/"},"sameAs":["https:\/\/www.facebook.com\/azenkouky","https:\/\/www.instagram.com\/yazmedhealthcare","https:\/\/www.linkedin.com\/in\/yazmed-healthcare-1b4955295"]}]}},"_links":{"self":[{"href":"https:\/\/yazmed.ma\/ar\/wp-json\/wp\/v2\/product\/1119","targetHints":{"allow":["GET"]}}],"collection":[{"href":"https:\/\/yazmed.ma\/ar\/wp-json\/wp\/v2\/product"}],"about":[{"href":"https:\/\/yazmed.ma\/ar\/wp-json\/wp\/v2\/types\/product"}],"replies":[{"embeddable":true,"href":"https:\/\/yazmed.ma\/ar\/wp-json\/wp\/v2\/comments?post=1119"}],"version-history":[{"count":1,"href":"https:\/\/yazmed.ma\/ar\/wp-json\/wp\/v2\/product\/1119\/revisions"}],"predecessor-version":[{"id":3055,"href":"https:\/\/yazmed.ma\/ar\/wp-json\/wp\/v2\/product\/1119\/revisions\/3055"}],"wp:featuredmedia":[{"embeddable":true,"href":"https:\/\/yazmed.ma\/ar\/wp-json\/wp\/v2\/media\/3056"}],"wp:attachment":[{"href":"https:\/\/yazmed.ma\/ar\/wp-json\/wp\/v2\/media?parent=1119"}],"wp:term":[{"taxonomy":"product_brand","embeddable":true,"href":"https:\/\/yazmed.ma\/ar\/wp-json\/wp\/v2\/product_brand?post=1119"},{"taxonomy":"product_cat","embeddable":true,"href":"https:\/\/yazmed.ma\/ar\/wp-json\/wp\/v2\/product_cat?post=1119"},{"taxonomy":"product_tag","embeddable":true,"href":"https:\/\/yazmed.ma\/ar\/wp-json\/wp\/v2\/product_tag?post=1119"}],"curies":[{"name":"wp","href":"https:\/\/api.w.org\/{rel}","templated":true}]}}