{"id":1114,"date":"2024-12-16T15:57:51","date_gmt":"2024-12-16T15:57:51","guid":{"rendered":"https:\/\/yazmed.ma\/?post_type=product&#038;p=1114"},"modified":"2026-01-03T12:54:07","modified_gmt":"2026-01-03T12:54:07","slug":"gel-echographie-ceracorta-5l","status":"publish","type":"product","link":"https:\/\/yazmed.ma\/ar\/product\/gel-echographie-ceracorta-5l\/","title":{"rendered":"GEL ECHOGRAPHIE CERACORTA 5L"},"content":{"rendered":"<p><img decoding=\"async\" class=\"emoji\" role=\"img\" draggable=\"false\" src=\"https:\/\/s.w.org\/images\/core\/emoji\/16.0.1\/svg\/2705.svg\" alt=\"\u2705\" \/> Caract\u00e9ristiques<\/p>\n<p><strong><img decoding=\"async\" class=\"emoji\" role=\"img\" draggable=\"false\" src=\"https:\/\/s.w.org\/images\/core\/emoji\/16.0.1\/svg\/2705.svg\" alt=\"\u2705\" \/>\u00a0Compatibilit\u00e9<\/strong> : Compatible avec tous les types de sondes<\/p>\n<p><strong><img decoding=\"async\" class=\"emoji\" role=\"img\" draggable=\"false\" src=\"https:\/\/s.w.org\/images\/core\/emoji\/16.0.1\/svg\/2705.svg\" alt=\"\u2705\" \/>\u00a0Facilit\u00e9 d\u2019utilisation<\/strong>\u00a0: Flacon pratique pour un dosage pr\u00e9cis.<\/p>\n<p><strong><img decoding=\"async\" class=\"emoji\" role=\"img\" draggable=\"false\" src=\"https:\/\/s.w.org\/images\/core\/emoji\/16.0.1\/svg\/2705.svg\" alt=\"\u2705\" \/>\u00a0S\u00e9curit\u00e9<\/strong>\u00a0: Test\u00e9 dermatologiquement, il convient \u00e0 tous les types de peau.<\/p>\n<p><img decoding=\"async\" class=\"\" src=\"https:\/\/www.dispoma.com\/wp-content\/uploads\/2020\/05\/0.png\" alt=\"CERACARTA\" width=\"70\" height=\"70\" \/><\/p>","protected":false},"excerpt":{"rendered":"<h4><strong>GEL ECOGRAPHIE ULTRASONIC 5L\u00a0<\/strong><\/h4>\n<p>est un produit de haute qualit\u00e9 con\u00e7u pour am\u00e9liorer la clart\u00e9 d&rsquo;<a title=\"Imagerie\" href=\"https:\/\/fr.wikipedia.org\/wiki\/Imagerie\">imagerie<\/a>\u00a0\u00a0\u00e9chographiques. Sa formulation unique garantit une excellente conductivit\u00e9 acoustique, essentielle pour des r\u00e9sultats d&rsquo;examen optimaux. Destin\u00e9 \u00e0 un usage professionnel, il r\u00e9pond aux normes les plus strictes en mati\u00e8re de s\u00e9curit\u00e9 et d&rsquo;efficacit\u00e9. Ce gel est id\u00e9al pour une utilisation dans divers contextes m\u00e9dicaux et diagnostiques<\/p>\n<p><img decoding=\"async\" class=\"\" src=\"https:\/\/www.dispoma.com\/wp-content\/uploads\/2020\/05\/0.png\" alt=\"CERACARTA\" width=\"70\" height=\"70\" \/><\/p>","protected":false},"featured_media":3054,"comment_status":"open","ping_status":"closed","template":"","meta":[],"product_brand":[],"product_cat":[52],"product_tag":[294,295],"class_list":{"0":"post-1114","1":"product","2":"type-product","3":"status-publish","4":"has-post-thumbnail","6":"product_cat-consommable-medical","7":"product_tag-gel-ecographie","8":"product_tag-gel-ultrasonic","10":"first","11":"instock","12":"sale","13":"taxable","14":"shipping-taxable","15":"purchasable","16":"product-type-simple"},"yoast_head":"<!-- This site is optimized with the Yoast SEO plugin v26.9 - https:\/\/yoast.com\/product\/yoast-seo-wordpress\/ -->\n<title>GEL ECHOGRAPHIE CERACORTA 5L - YAZMED<\/title>\n<meta name=\"robots\" content=\"index, follow, max-snippet:-1, max-image-preview:large, max-video-preview:-1\" \/>\n<link rel=\"canonical\" href=\"https:\/\/yazmed.ma\/ar\/product\/gel-pour-echographie-5kg-ultrasonique\/\" \/>\n<meta property=\"og:locale\" content=\"ar_AR\" \/>\n<meta property=\"og:type\" content=\"article\" \/>\n<meta property=\"og:title\" content=\"GEL ECHOGRAPHIE CERACORTA 5L - YAZMED\" \/>\n<meta property=\"og:description\" content=\"GEL ECOGRAPHIE ULTRASONIC 5L\u00a0 est un produit de haute qualit\u00e9 con\u00e7u pour am\u00e9liorer la clart\u00e9 d&#039;imagerie\u00a0\u00a0\u00e9chographiques. Sa formulation unique garantit une excellente conductivit\u00e9 acoustique, essentielle pour des r\u00e9sultats d&#039;examen optimaux. Destin\u00e9 \u00e0 un usage professionnel, il r\u00e9pond aux normes les plus strictes en mati\u00e8re de s\u00e9curit\u00e9 et d&#039;efficacit\u00e9. Ce gel est id\u00e9al pour une utilisation dans divers contextes m\u00e9dicaux et diagnostiques\" \/>\n<meta property=\"og:url\" content=\"https:\/\/yazmed.ma\/ar\/product\/gel-pour-echographie-5kg-ultrasonique\/\" \/>\n<meta property=\"og:site_name\" content=\"YAZMED\" \/>\n<meta property=\"article:publisher\" content=\"https:\/\/www.facebook.com\/azenkouky\" \/>\n<meta property=\"article:modified_time\" content=\"2026-01-03T12:54:07+00:00\" \/>\n<meta property=\"og:image\" content=\"https:\/\/yazmed.ma\/wp-content\/uploads\/2024\/12\/Design-sans-titre-92.png\" \/>\n\t<meta property=\"og:image:width\" content=\"570\" \/>\n\t<meta property=\"og:image:height\" content=\"517\" \/>\n\t<meta property=\"og:image:type\" content=\"image\/png\" \/>\n<meta name=\"twitter:card\" content=\"summary_large_image\" \/>\n<meta name=\"twitter:label1\" content=\"Est. reading time\" \/>\n\t<meta name=\"twitter:data1\" content=\"1 minute\" \/>\n<script type=\"application\/ld+json\" class=\"yoast-schema-graph\">{\"@context\":\"https:\/\/schema.org\",\"@graph\":[{\"@type\":\"WebPage\",\"@id\":\"https:\/\/yazmed.ma\/product\/gel-pour-echographie-5kg-ultrasonique\/\",\"url\":\"https:\/\/yazmed.ma\/product\/gel-pour-echographie-5kg-ultrasonique\/\",\"name\":\"GEL ECHOGRAPHIE CERACORTA 5L - YAZMED\",\"isPartOf\":{\"@id\":\"https:\/\/yazmed.ma\/#website\"},\"primaryImageOfPage\":{\"@id\":\"https:\/\/yazmed.ma\/product\/gel-pour-echographie-5kg-ultrasonique\/#primaryimage\"},\"image\":{\"@id\":\"https:\/\/yazmed.ma\/product\/gel-pour-echographie-5kg-ultrasonique\/#primaryimage\"},\"thumbnailUrl\":\"https:\/\/yazmed.ma\/wp-content\/uploads\/2024\/12\/GEL-ECHOGRAPHIE-CERACORTA-5L.webp\",\"datePublished\":\"2024-12-16T15:57:51+00:00\",\"dateModified\":\"2026-01-03T12:54:07+00:00\",\"breadcrumb\":{\"@id\":\"https:\/\/yazmed.ma\/product\/gel-pour-echographie-5kg-ultrasonique\/#breadcrumb\"},\"inLanguage\":\"ary\",\"potentialAction\":[{\"@type\":\"ReadAction\",\"target\":[\"https:\/\/yazmed.ma\/product\/gel-pour-echographie-5kg-ultrasonique\/\"]}]},{\"@type\":\"ImageObject\",\"inLanguage\":\"ary\",\"@id\":\"https:\/\/yazmed.ma\/product\/gel-pour-echographie-5kg-ultrasonique\/#primaryimage\",\"url\":\"https:\/\/yazmed.ma\/wp-content\/uploads\/2024\/12\/GEL-ECHOGRAPHIE-CERACORTA-5L.webp\",\"contentUrl\":\"https:\/\/yazmed.ma\/wp-content\/uploads\/2024\/12\/GEL-ECHOGRAPHIE-CERACORTA-5L.webp\",\"width\":450,\"height\":450,\"caption\":\"GEL ECHOGRAPHIE CERACORTA 5L\"},{\"@type\":\"BreadcrumbList\",\"@id\":\"https:\/\/yazmed.ma\/product\/gel-pour-echographie-5kg-ultrasonique\/#breadcrumb\",\"itemListElement\":[{\"@type\":\"ListItem\",\"position\":1,\"name\":\"Accueil\",\"item\":\"https:\/\/yazmed.ma\/\"},{\"@type\":\"ListItem\",\"position\":2,\"name\":\"Shop\",\"item\":\"https:\/\/yazmed.ma\/shop-2\/\"},{\"@type\":\"ListItem\",\"position\":3,\"name\":\"GEL POUR \u00c9CHOGRAPHIE 5KG ULTRASONIQUE\"}]},{\"@type\":\"WebSite\",\"@id\":\"https:\/\/yazmed.ma\/#website\",\"url\":\"https:\/\/yazmed.ma\/\",\"name\":\"Yazmed\",\"description\":\"LEADER DU MAT\u00c9RIEL M\u00c9DICAL AU MAROC\",\"publisher\":{\"@id\":\"https:\/\/yazmed.ma\/#organization\"},\"potentialAction\":[{\"@type\":\"SearchAction\",\"target\":{\"@type\":\"EntryPoint\",\"urlTemplate\":\"https:\/\/yazmed.ma\/?s={search_term_string}\"},\"query-input\":{\"@type\":\"PropertyValueSpecification\",\"valueRequired\":true,\"valueName\":\"search_term_string\"}}],\"inLanguage\":\"ary\"},{\"@type\":\"Organization\",\"@id\":\"https:\/\/yazmed.ma\/#organization\",\"name\":\"Yazmed Healthcare\",\"url\":\"https:\/\/yazmed.ma\/\",\"logo\":{\"@type\":\"ImageObject\",\"inLanguage\":\"ary\",\"@id\":\"https:\/\/yazmed.ma\/#\/schema\/logo\/image\/\",\"url\":\"https:\/\/yazmed.ma\/wp-content\/uploads\/2024\/12\/3.png\",\"contentUrl\":\"https:\/\/yazmed.ma\/wp-content\/uploads\/2024\/12\/3.png\",\"width\":250,\"height\":70,\"caption\":\"Yazmed Healthcare\"},\"image\":{\"@id\":\"https:\/\/yazmed.ma\/#\/schema\/logo\/image\/\"},\"sameAs\":[\"https:\/\/www.facebook.com\/azenkouky\",\"https:\/\/www.instagram.com\/yazmedhealthcare\",\"https:\/\/www.linkedin.com\/in\/yazmed-healthcare-1b4955295\"]}]}<\/script>\n<!-- \/ Yoast SEO plugin. -->","yoast_head_json":{"title":"GEL ECHOGRAPHIE CERACORTA 5L - YAZMED","robots":{"index":"index","follow":"follow","max-snippet":"max-snippet:-1","max-image-preview":"max-image-preview:large","max-video-preview":"max-video-preview:-1"},"canonical":"https:\/\/yazmed.ma\/ar\/product\/gel-pour-echographie-5kg-ultrasonique\/","og_locale":"ar_AR","og_type":"article","og_title":"GEL ECHOGRAPHIE CERACORTA 5L - YAZMED","og_description":"GEL ECOGRAPHIE ULTRASONIC 5L\u00a0 est un produit de haute qualit\u00e9 con\u00e7u pour am\u00e9liorer la clart\u00e9 d'imagerie\u00a0\u00a0\u00e9chographiques. Sa formulation unique garantit une excellente conductivit\u00e9 acoustique, essentielle pour des r\u00e9sultats d'examen optimaux. Destin\u00e9 \u00e0 un usage professionnel, il r\u00e9pond aux normes les plus strictes en mati\u00e8re de s\u00e9curit\u00e9 et d'efficacit\u00e9. Ce gel est id\u00e9al pour une utilisation dans divers contextes m\u00e9dicaux et diagnostiques","og_url":"https:\/\/yazmed.ma\/ar\/product\/gel-pour-echographie-5kg-ultrasonique\/","og_site_name":"YAZMED","article_publisher":"https:\/\/www.facebook.com\/azenkouky","article_modified_time":"2026-01-03T12:54:07+00:00","og_image":[{"width":570,"height":517,"url":"https:\/\/yazmed.ma\/wp-content\/uploads\/2024\/12\/Design-sans-titre-92.png","type":"image\/png"}],"twitter_card":"summary_large_image","twitter_misc":{"Est. reading time":"1 minute"},"schema":{"@context":"https:\/\/schema.org","@graph":[{"@type":"WebPage","@id":"https:\/\/yazmed.ma\/product\/gel-pour-echographie-5kg-ultrasonique\/","url":"https:\/\/yazmed.ma\/product\/gel-pour-echographie-5kg-ultrasonique\/","name":"GEL ECHOGRAPHIE CERACORTA 5L - YAZMED","isPartOf":{"@id":"https:\/\/yazmed.ma\/#website"},"primaryImageOfPage":{"@id":"https:\/\/yazmed.ma\/product\/gel-pour-echographie-5kg-ultrasonique\/#primaryimage"},"image":{"@id":"https:\/\/yazmed.ma\/product\/gel-pour-echographie-5kg-ultrasonique\/#primaryimage"},"thumbnailUrl":"https:\/\/yazmed.ma\/wp-content\/uploads\/2024\/12\/GEL-ECHOGRAPHIE-CERACORTA-5L.webp","datePublished":"2024-12-16T15:57:51+00:00","dateModified":"2026-01-03T12:54:07+00:00","breadcrumb":{"@id":"https:\/\/yazmed.ma\/product\/gel-pour-echographie-5kg-ultrasonique\/#breadcrumb"},"inLanguage":"ary","potentialAction":[{"@type":"ReadAction","target":["https:\/\/yazmed.ma\/product\/gel-pour-echographie-5kg-ultrasonique\/"]}]},{"@type":"ImageObject","inLanguage":"ary","@id":"https:\/\/yazmed.ma\/product\/gel-pour-echographie-5kg-ultrasonique\/#primaryimage","url":"https:\/\/yazmed.ma\/wp-content\/uploads\/2024\/12\/GEL-ECHOGRAPHIE-CERACORTA-5L.webp","contentUrl":"https:\/\/yazmed.ma\/wp-content\/uploads\/2024\/12\/GEL-ECHOGRAPHIE-CERACORTA-5L.webp","width":450,"height":450,"caption":"GEL ECHOGRAPHIE CERACORTA 5L"},{"@type":"BreadcrumbList","@id":"https:\/\/yazmed.ma\/product\/gel-pour-echographie-5kg-ultrasonique\/#breadcrumb","itemListElement":[{"@type":"ListItem","position":1,"name":"Accueil","item":"https:\/\/yazmed.ma\/"},{"@type":"ListItem","position":2,"name":"Shop","item":"https:\/\/yazmed.ma\/shop-2\/"},{"@type":"ListItem","position":3,"name":"GEL POUR \u00c9CHOGRAPHIE 5KG ULTRASONIQUE"}]},{"@type":"WebSite","@id":"https:\/\/yazmed.ma\/#website","url":"https:\/\/yazmed.ma\/","name":"Yazmed","description":"LEADER DU MAT\u00c9RIEL M\u00c9DICAL AU MAROC","publisher":{"@id":"https:\/\/yazmed.ma\/#organization"},"potentialAction":[{"@type":"SearchAction","target":{"@type":"EntryPoint","urlTemplate":"https:\/\/yazmed.ma\/?s={search_term_string}"},"query-input":{"@type":"PropertyValueSpecification","valueRequired":true,"valueName":"search_term_string"}}],"inLanguage":"ary"},{"@type":"Organization","@id":"https:\/\/yazmed.ma\/#organization","name":"Yazmed Healthcare","url":"https:\/\/yazmed.ma\/","logo":{"@type":"ImageObject","inLanguage":"ary","@id":"https:\/\/yazmed.ma\/#\/schema\/logo\/image\/","url":"https:\/\/yazmed.ma\/wp-content\/uploads\/2024\/12\/3.png","contentUrl":"https:\/\/yazmed.ma\/wp-content\/uploads\/2024\/12\/3.png","width":250,"height":70,"caption":"Yazmed Healthcare"},"image":{"@id":"https:\/\/yazmed.ma\/#\/schema\/logo\/image\/"},"sameAs":["https:\/\/www.facebook.com\/azenkouky","https:\/\/www.instagram.com\/yazmedhealthcare","https:\/\/www.linkedin.com\/in\/yazmed-healthcare-1b4955295"]}]}},"_links":{"self":[{"href":"https:\/\/yazmed.ma\/ar\/wp-json\/wp\/v2\/product\/1114","targetHints":{"allow":["GET"]}}],"collection":[{"href":"https:\/\/yazmed.ma\/ar\/wp-json\/wp\/v2\/product"}],"about":[{"href":"https:\/\/yazmed.ma\/ar\/wp-json\/wp\/v2\/types\/product"}],"replies":[{"embeddable":true,"href":"https:\/\/yazmed.ma\/ar\/wp-json\/wp\/v2\/comments?post=1114"}],"version-history":[{"count":1,"href":"https:\/\/yazmed.ma\/ar\/wp-json\/wp\/v2\/product\/1114\/revisions"}],"predecessor-version":[{"id":3053,"href":"https:\/\/yazmed.ma\/ar\/wp-json\/wp\/v2\/product\/1114\/revisions\/3053"}],"wp:featuredmedia":[{"embeddable":true,"href":"https:\/\/yazmed.ma\/ar\/wp-json\/wp\/v2\/media\/3054"}],"wp:attachment":[{"href":"https:\/\/yazmed.ma\/ar\/wp-json\/wp\/v2\/media?parent=1114"}],"wp:term":[{"taxonomy":"product_brand","embeddable":true,"href":"https:\/\/yazmed.ma\/ar\/wp-json\/wp\/v2\/product_brand?post=1114"},{"taxonomy":"product_cat","embeddable":true,"href":"https:\/\/yazmed.ma\/ar\/wp-json\/wp\/v2\/product_cat?post=1114"},{"taxonomy":"product_tag","embeddable":true,"href":"https:\/\/yazmed.ma\/ar\/wp-json\/wp\/v2\/product_tag?post=1114"}],"curies":[{"name":"wp","href":"https:\/\/api.w.org\/{rel}","templated":true}]}}