{"id":1111,"date":"2024-12-16T15:45:37","date_gmt":"2024-12-16T15:45:37","guid":{"rendered":"https:\/\/yazmed.ma\/?post_type=product&#038;p=1111"},"modified":"2025-01-28T20:46:06","modified_gmt":"2025-01-28T20:46:06","slug":"sparadrap-hypoallergenique-pharmafix-pharmaplast","status":"publish","type":"product","link":"https:\/\/yazmed.ma\/ar\/product\/sparadrap-hypoallergenique-pharmafix-pharmaplast\/","title":{"rendered":"SPARADRAP HYPOALLERG\u00c9NIQUE"},"content":{"rendered":"","protected":false},"excerpt":{"rendered":"<h4>Combine s\u00e9curit\u00e9 et confort. Hautement conformable. Fournit une fixation fiable pour les cath\u00e9ters et les tubes de drainage. Permet aux articulations d\u2019\u00eatre habill\u00e9es sans contrainte de mouvement. Enduit d\u2019adh\u00e9sif hypoallerg\u00e9nique. Radio transparente<\/h4>\n<p><img decoding=\"async\" class=\"\" src=\"https:\/\/www.dispoma.com\/wp-content\/uploads\/2020\/05\/logo-pharmaplast.jpg\" alt=\"Pharmaplast\" width=\"162\" height=\"162\" \/><\/p>","protected":false},"featured_media":1112,"comment_status":"open","ping_status":"closed","template":"","meta":[],"product_brand":[],"product_cat":[52],"product_tag":[],"class_list":{"0":"post-1111","1":"product","2":"type-product","3":"status-publish","4":"has-post-thumbnail","6":"product_cat-consommable-medical","8":"first","9":"instock","10":"taxable","11":"shipping-taxable","12":"purchasable","13":"product-type-simple"},"yoast_head":"<!-- This site is optimized with the Yoast SEO plugin v26.9 - https:\/\/yoast.com\/product\/yoast-seo-wordpress\/ -->\n<title>SPARADRAP HYPOALLERG\u00c9NIQUE - YAZMED<\/title>\n<meta name=\"robots\" content=\"index, follow, max-snippet:-1, max-image-preview:large, max-video-preview:-1\" \/>\n<link rel=\"canonical\" href=\"https:\/\/yazmed.ma\/ar\/product\/sparadrap-hypoallergenique-pharmafix-pharmaplast\/\" \/>\n<meta property=\"og:locale\" content=\"ar_AR\" \/>\n<meta property=\"og:type\" content=\"article\" \/>\n<meta property=\"og:title\" content=\"SPARADRAP HYPOALLERG\u00c9NIQUE - YAZMED\" \/>\n<meta property=\"og:description\" content=\"Combine s\u00e9curit\u00e9 et confort. Hautement conformable. Fournit une fixation fiable pour les cath\u00e9ters et les tubes de drainage. Permet aux articulations d\u2019\u00eatre habill\u00e9es sans contrainte de mouvement. Enduit d\u2019adh\u00e9sif hypoallerg\u00e9nique. Radio transparente\" \/>\n<meta property=\"og:url\" content=\"https:\/\/yazmed.ma\/ar\/product\/sparadrap-hypoallergenique-pharmafix-pharmaplast\/\" \/>\n<meta property=\"og:site_name\" content=\"YAZMED\" \/>\n<meta property=\"article:publisher\" content=\"https:\/\/www.facebook.com\/azenkouky\" \/>\n<meta property=\"article:modified_time\" content=\"2025-01-28T20:46:06+00:00\" \/>\n<meta property=\"og:image\" content=\"https:\/\/yazmed.ma\/wp-content\/uploads\/2024\/12\/pharmafix-1.jpg\" \/>\n\t<meta property=\"og:image:width\" content=\"1000\" \/>\n\t<meta property=\"og:image:height\" content=\"1000\" \/>\n\t<meta property=\"og:image:type\" content=\"image\/jpeg\" \/>\n<meta name=\"twitter:card\" content=\"summary_large_image\" \/>\n<meta name=\"twitter:label1\" content=\"Est. reading time\" \/>\n\t<meta name=\"twitter:data1\" content=\"1 minute\" \/>\n<script type=\"application\/ld+json\" class=\"yoast-schema-graph\">{\"@context\":\"https:\/\/schema.org\",\"@graph\":[{\"@type\":\"WebPage\",\"@id\":\"https:\/\/yazmed.ma\/product\/sparadrap-hypoallergenique-pharmafix-pharmaplast\/\",\"url\":\"https:\/\/yazmed.ma\/product\/sparadrap-hypoallergenique-pharmafix-pharmaplast\/\",\"name\":\"SPARADRAP HYPOALLERG\u00c9NIQUE - YAZMED\",\"isPartOf\":{\"@id\":\"https:\/\/yazmed.ma\/#website\"},\"primaryImageOfPage\":{\"@id\":\"https:\/\/yazmed.ma\/product\/sparadrap-hypoallergenique-pharmafix-pharmaplast\/#primaryimage\"},\"image\":{\"@id\":\"https:\/\/yazmed.ma\/product\/sparadrap-hypoallergenique-pharmafix-pharmaplast\/#primaryimage\"},\"thumbnailUrl\":\"https:\/\/yazmed.ma\/wp-content\/uploads\/2024\/12\/pharmafix-1.jpg\",\"datePublished\":\"2024-12-16T15:45:37+00:00\",\"dateModified\":\"2025-01-28T20:46:06+00:00\",\"breadcrumb\":{\"@id\":\"https:\/\/yazmed.ma\/product\/sparadrap-hypoallergenique-pharmafix-pharmaplast\/#breadcrumb\"},\"inLanguage\":\"ary\",\"potentialAction\":[{\"@type\":\"ReadAction\",\"target\":[\"https:\/\/yazmed.ma\/product\/sparadrap-hypoallergenique-pharmafix-pharmaplast\/\"]}]},{\"@type\":\"ImageObject\",\"inLanguage\":\"ary\",\"@id\":\"https:\/\/yazmed.ma\/product\/sparadrap-hypoallergenique-pharmafix-pharmaplast\/#primaryimage\",\"url\":\"https:\/\/yazmed.ma\/wp-content\/uploads\/2024\/12\/pharmafix-1.jpg\",\"contentUrl\":\"https:\/\/yazmed.ma\/wp-content\/uploads\/2024\/12\/pharmafix-1.jpg\",\"width\":1000,\"height\":1000,\"caption\":\"pharmafix Yazmed Maroc\"},{\"@type\":\"BreadcrumbList\",\"@id\":\"https:\/\/yazmed.ma\/product\/sparadrap-hypoallergenique-pharmafix-pharmaplast\/#breadcrumb\",\"itemListElement\":[{\"@type\":\"ListItem\",\"position\":1,\"name\":\"Accueil\",\"item\":\"https:\/\/yazmed.ma\/\"},{\"@type\":\"ListItem\",\"position\":2,\"name\":\"Shop\",\"item\":\"https:\/\/yazmed.ma\/shop-2\/\"},{\"@type\":\"ListItem\",\"position\":3,\"name\":\"SPARADRAP HYPOALLERG\u00c9NIQUE\"}]},{\"@type\":\"WebSite\",\"@id\":\"https:\/\/yazmed.ma\/#website\",\"url\":\"https:\/\/yazmed.ma\/\",\"name\":\"Yazmed\",\"description\":\"LEADER DU MAT\u00c9RIEL M\u00c9DICAL AU MAROC\",\"publisher\":{\"@id\":\"https:\/\/yazmed.ma\/#organization\"},\"potentialAction\":[{\"@type\":\"SearchAction\",\"target\":{\"@type\":\"EntryPoint\",\"urlTemplate\":\"https:\/\/yazmed.ma\/?s={search_term_string}\"},\"query-input\":{\"@type\":\"PropertyValueSpecification\",\"valueRequired\":true,\"valueName\":\"search_term_string\"}}],\"inLanguage\":\"ary\"},{\"@type\":\"Organization\",\"@id\":\"https:\/\/yazmed.ma\/#organization\",\"name\":\"Yazmed Healthcare\",\"url\":\"https:\/\/yazmed.ma\/\",\"logo\":{\"@type\":\"ImageObject\",\"inLanguage\":\"ary\",\"@id\":\"https:\/\/yazmed.ma\/#\/schema\/logo\/image\/\",\"url\":\"https:\/\/yazmed.ma\/wp-content\/uploads\/2024\/12\/3.png\",\"contentUrl\":\"https:\/\/yazmed.ma\/wp-content\/uploads\/2024\/12\/3.png\",\"width\":250,\"height\":70,\"caption\":\"Yazmed Healthcare\"},\"image\":{\"@id\":\"https:\/\/yazmed.ma\/#\/schema\/logo\/image\/\"},\"sameAs\":[\"https:\/\/www.facebook.com\/azenkouky\",\"https:\/\/www.instagram.com\/yazmedhealthcare\",\"https:\/\/www.linkedin.com\/in\/yazmed-healthcare-1b4955295\"]}]}<\/script>\n<!-- \/ Yoast SEO plugin. -->","yoast_head_json":{"title":"SPARADRAP HYPOALLERG\u00c9NIQUE - YAZMED","robots":{"index":"index","follow":"follow","max-snippet":"max-snippet:-1","max-image-preview":"max-image-preview:large","max-video-preview":"max-video-preview:-1"},"canonical":"https:\/\/yazmed.ma\/ar\/product\/sparadrap-hypoallergenique-pharmafix-pharmaplast\/","og_locale":"ar_AR","og_type":"article","og_title":"SPARADRAP HYPOALLERG\u00c9NIQUE - YAZMED","og_description":"Combine s\u00e9curit\u00e9 et confort. Hautement conformable. Fournit une fixation fiable pour les cath\u00e9ters et les tubes de drainage. Permet aux articulations d\u2019\u00eatre habill\u00e9es sans contrainte de mouvement. Enduit d\u2019adh\u00e9sif hypoallerg\u00e9nique. Radio transparente","og_url":"https:\/\/yazmed.ma\/ar\/product\/sparadrap-hypoallergenique-pharmafix-pharmaplast\/","og_site_name":"YAZMED","article_publisher":"https:\/\/www.facebook.com\/azenkouky","article_modified_time":"2025-01-28T20:46:06+00:00","og_image":[{"width":1000,"height":1000,"url":"https:\/\/yazmed.ma\/wp-content\/uploads\/2024\/12\/pharmafix-1.jpg","type":"image\/jpeg"}],"twitter_card":"summary_large_image","twitter_misc":{"Est. reading time":"1 minute"},"schema":{"@context":"https:\/\/schema.org","@graph":[{"@type":"WebPage","@id":"https:\/\/yazmed.ma\/product\/sparadrap-hypoallergenique-pharmafix-pharmaplast\/","url":"https:\/\/yazmed.ma\/product\/sparadrap-hypoallergenique-pharmafix-pharmaplast\/","name":"SPARADRAP HYPOALLERG\u00c9NIQUE - YAZMED","isPartOf":{"@id":"https:\/\/yazmed.ma\/#website"},"primaryImageOfPage":{"@id":"https:\/\/yazmed.ma\/product\/sparadrap-hypoallergenique-pharmafix-pharmaplast\/#primaryimage"},"image":{"@id":"https:\/\/yazmed.ma\/product\/sparadrap-hypoallergenique-pharmafix-pharmaplast\/#primaryimage"},"thumbnailUrl":"https:\/\/yazmed.ma\/wp-content\/uploads\/2024\/12\/pharmafix-1.jpg","datePublished":"2024-12-16T15:45:37+00:00","dateModified":"2025-01-28T20:46:06+00:00","breadcrumb":{"@id":"https:\/\/yazmed.ma\/product\/sparadrap-hypoallergenique-pharmafix-pharmaplast\/#breadcrumb"},"inLanguage":"ary","potentialAction":[{"@type":"ReadAction","target":["https:\/\/yazmed.ma\/product\/sparadrap-hypoallergenique-pharmafix-pharmaplast\/"]}]},{"@type":"ImageObject","inLanguage":"ary","@id":"https:\/\/yazmed.ma\/product\/sparadrap-hypoallergenique-pharmafix-pharmaplast\/#primaryimage","url":"https:\/\/yazmed.ma\/wp-content\/uploads\/2024\/12\/pharmafix-1.jpg","contentUrl":"https:\/\/yazmed.ma\/wp-content\/uploads\/2024\/12\/pharmafix-1.jpg","width":1000,"height":1000,"caption":"pharmafix Yazmed Maroc"},{"@type":"BreadcrumbList","@id":"https:\/\/yazmed.ma\/product\/sparadrap-hypoallergenique-pharmafix-pharmaplast\/#breadcrumb","itemListElement":[{"@type":"ListItem","position":1,"name":"Accueil","item":"https:\/\/yazmed.ma\/"},{"@type":"ListItem","position":2,"name":"Shop","item":"https:\/\/yazmed.ma\/shop-2\/"},{"@type":"ListItem","position":3,"name":"SPARADRAP HYPOALLERG\u00c9NIQUE"}]},{"@type":"WebSite","@id":"https:\/\/yazmed.ma\/#website","url":"https:\/\/yazmed.ma\/","name":"Yazmed","description":"LEADER DU MAT\u00c9RIEL M\u00c9DICAL AU MAROC","publisher":{"@id":"https:\/\/yazmed.ma\/#organization"},"potentialAction":[{"@type":"SearchAction","target":{"@type":"EntryPoint","urlTemplate":"https:\/\/yazmed.ma\/?s={search_term_string}"},"query-input":{"@type":"PropertyValueSpecification","valueRequired":true,"valueName":"search_term_string"}}],"inLanguage":"ary"},{"@type":"Organization","@id":"https:\/\/yazmed.ma\/#organization","name":"Yazmed Healthcare","url":"https:\/\/yazmed.ma\/","logo":{"@type":"ImageObject","inLanguage":"ary","@id":"https:\/\/yazmed.ma\/#\/schema\/logo\/image\/","url":"https:\/\/yazmed.ma\/wp-content\/uploads\/2024\/12\/3.png","contentUrl":"https:\/\/yazmed.ma\/wp-content\/uploads\/2024\/12\/3.png","width":250,"height":70,"caption":"Yazmed Healthcare"},"image":{"@id":"https:\/\/yazmed.ma\/#\/schema\/logo\/image\/"},"sameAs":["https:\/\/www.facebook.com\/azenkouky","https:\/\/www.instagram.com\/yazmedhealthcare","https:\/\/www.linkedin.com\/in\/yazmed-healthcare-1b4955295"]}]}},"_links":{"self":[{"href":"https:\/\/yazmed.ma\/ar\/wp-json\/wp\/v2\/product\/1111","targetHints":{"allow":["GET"]}}],"collection":[{"href":"https:\/\/yazmed.ma\/ar\/wp-json\/wp\/v2\/product"}],"about":[{"href":"https:\/\/yazmed.ma\/ar\/wp-json\/wp\/v2\/types\/product"}],"replies":[{"embeddable":true,"href":"https:\/\/yazmed.ma\/ar\/wp-json\/wp\/v2\/comments?post=1111"}],"version-history":[{"count":0,"href":"https:\/\/yazmed.ma\/ar\/wp-json\/wp\/v2\/product\/1111\/revisions"}],"wp:featuredmedia":[{"embeddable":true,"href":"https:\/\/yazmed.ma\/ar\/wp-json\/wp\/v2\/media\/1112"}],"wp:attachment":[{"href":"https:\/\/yazmed.ma\/ar\/wp-json\/wp\/v2\/media?parent=1111"}],"wp:term":[{"taxonomy":"product_brand","embeddable":true,"href":"https:\/\/yazmed.ma\/ar\/wp-json\/wp\/v2\/product_brand?post=1111"},{"taxonomy":"product_cat","embeddable":true,"href":"https:\/\/yazmed.ma\/ar\/wp-json\/wp\/v2\/product_cat?post=1111"},{"taxonomy":"product_tag","embeddable":true,"href":"https:\/\/yazmed.ma\/ar\/wp-json\/wp\/v2\/product_tag?post=1111"}],"curies":[{"name":"wp","href":"https:\/\/api.w.org\/{rel}","templated":true}]}}