{"id":1103,"date":"2024-12-16T15:18:57","date_gmt":"2024-12-16T15:18:57","guid":{"rendered":"https:\/\/yazmed.ma\/?post_type=product&#038;p=1103"},"modified":"2026-01-04T14:40:32","modified_gmt":"2026-01-04T14:40:32","slug":"elastoplast-tensoplast-elasticoplast-comfort","status":"publish","type":"product","link":"https:\/\/yazmed.ma\/ar\/product\/elastoplast-tensoplast-elasticoplast-comfort\/","title":{"rendered":"TENSOPLAST 15 cm"},"content":{"rendered":"<h3><img decoding=\"async\" class=\"emoji\" role=\"img\" draggable=\"false\" src=\"https:\/\/s.w.org\/images\/core\/emoji\/16.0.1\/svg\/2705.svg\" alt=\"\u2705\" \/>Avantage<\/h3>\n<p><strong><img decoding=\"async\" class=\"emoji\" role=\"img\" draggable=\"false\" src=\"https:\/\/s.w.org\/images\/core\/emoji\/16.0.1\/svg\/2705.svg\" alt=\"\u2705\" \/>Largeur Id\u00e9ale<\/strong>\u00a0: Avec ses 15 cm de largeur, cette bande offre une couverture \u00e9tendue, parfaite pour les zones plus larges comme le dos, les cuisses et les \u00e9paules.<\/p>\n<p><strong><img decoding=\"async\" class=\"emoji\" role=\"img\" draggable=\"false\" src=\"https:\/\/s.w.org\/images\/core\/emoji\/16.0.1\/svg\/2705.svg\" alt=\"\u2705\" \/>Compression Efficace<\/strong>\u00a0: Fournit une compression adapt\u00e9e pour stabiliser les articulations et r\u00e9duire le gonflement, favorisant ainsi la gu\u00e9rison.<\/p>\n<p><strong><img decoding=\"async\" class=\"emoji\" role=\"img\" draggable=\"false\" src=\"https:\/\/s.w.org\/images\/core\/emoji\/16.0.1\/svg\/2705.svg\" alt=\"\u2705\" \/>Adh\u00e9sif de Haute Qualit\u00e9<\/strong>\u00a0: Dot\u00e9e d\u2019un adh\u00e9sif puissant, la bande reste bien en place, m\u00eame pendant les activit\u00e9s physiques, garantissant un soutien constant.<\/p>\n<p><strong><img decoding=\"async\" class=\"emoji\" role=\"img\" draggable=\"false\" src=\"https:\/\/s.w.org\/images\/core\/emoji\/16.0.1\/svg\/2705.svg\" alt=\"\u2705\" \/>Confort et Respirabilit\u00e9<\/strong>\u00a0: Fabriqu\u00e9e \u00e0 partir de mat\u00e9riaux respirants, elle minimise les risques d\u2019irritation cutan\u00e9e tout en offrant un confort maximal pendant son utilisation<\/p>","protected":false},"excerpt":{"rendered":"<h4>Tensoplast<\/h4>\n<p>La\u00a0<strong><a href=\"https:\/\/en.wikipedia.org\/wiki\/Elastoplast\">Tensoplast<\/a> <\/strong>\u00a0est une bande \u00e9lastique adh\u00e9sive de qualit\u00e9 sup\u00e9rieure, sp\u00e9cialement con\u00e7ue pour offrir un soutien optimal aux muscles et articulations lors de la r\u00e9\u00e9ducation ou du traitement de blessures. Elle est id\u00e9ale pour les athl\u00e8tes, les physioth\u00e9rapeutes et toute personne ayant besoin d\u2019un soutien suppl\u00e9mentaire apr\u00e8s une blessure.<\/p>\n<p>Compression pour r\u00e9duire les \u0153d\u00e8mes et favoriser la circulation sanguine<\/p>","protected":false},"featured_media":3059,"comment_status":"open","ping_status":"closed","template":"","meta":[],"product_brand":[],"product_cat":[52],"product_tag":[298],"class_list":{"0":"post-1103","1":"product","2":"type-product","3":"status-publish","4":"has-post-thumbnail","6":"product_cat-consommable-medical","7":"product_tag-bande-tensoplast","9":"first","10":"instock","11":"taxable","12":"shipping-taxable","13":"purchasable","14":"product-type-variable"},"yoast_head":"<!-- This site is optimized with the Yoast SEO plugin v26.9 - https:\/\/yoast.com\/product\/yoast-seo-wordpress\/ -->\n<title>TENSOPLAST 15 cm - YAZMED<\/title>\n<meta name=\"robots\" content=\"index, follow, max-snippet:-1, max-image-preview:large, max-video-preview:-1\" \/>\n<link rel=\"canonical\" href=\"https:\/\/yazmed.ma\/ar\/product\/elastoplast-tensoplast-elasticoplast-comfort\/\" \/>\n<meta property=\"og:locale\" content=\"ar_AR\" \/>\n<meta property=\"og:type\" content=\"article\" \/>\n<meta property=\"og:title\" content=\"TENSOPLAST 15 cm - YAZMED\" \/>\n<meta property=\"og:description\" content=\"Tensoplast La\u00a0Tensoplast \u00a0est une bande \u00e9lastique adh\u00e9sive de qualit\u00e9 sup\u00e9rieure, sp\u00e9cialement con\u00e7ue pour offrir un soutien optimal aux muscles et articulations lors de la r\u00e9\u00e9ducation ou du traitement de blessures. Elle est id\u00e9ale pour les athl\u00e8tes, les physioth\u00e9rapeutes et toute personne ayant besoin d\u2019un soutien suppl\u00e9mentaire apr\u00e8s une blessure.  Compression pour r\u00e9duire les \u0153d\u00e8mes et favoriser la circulation sanguine\" \/>\n<meta property=\"og:url\" content=\"https:\/\/yazmed.ma\/ar\/product\/elastoplast-tensoplast-elasticoplast-comfort\/\" \/>\n<meta property=\"og:site_name\" content=\"YAZMED\" \/>\n<meta property=\"article:publisher\" content=\"https:\/\/www.facebook.com\/azenkouky\" \/>\n<meta property=\"article:modified_time\" content=\"2026-01-04T14:40:32+00:00\" \/>\n<meta property=\"og:image\" content=\"https:\/\/yazmed.ma\/wp-content\/uploads\/2024\/12\/elasticoplast-2-1.jpg\" \/>\n\t<meta property=\"og:image:width\" content=\"1000\" \/>\n\t<meta property=\"og:image:height\" content=\"1000\" \/>\n\t<meta property=\"og:image:type\" content=\"image\/jpeg\" \/>\n<meta name=\"twitter:card\" content=\"summary_large_image\" \/>\n<meta name=\"twitter:label1\" content=\"Est. reading time\" \/>\n\t<meta name=\"twitter:data1\" content=\"1 minute\" \/>\n<script type=\"application\/ld+json\" class=\"yoast-schema-graph\">{\"@context\":\"https:\/\/schema.org\",\"@graph\":[{\"@type\":\"WebPage\",\"@id\":\"https:\/\/yazmed.ma\/product\/elastoplast-tensoplast-elasticoplast-comfort\/\",\"url\":\"https:\/\/yazmed.ma\/product\/elastoplast-tensoplast-elasticoplast-comfort\/\",\"name\":\"TENSOPLAST 15 cm - YAZMED\",\"isPartOf\":{\"@id\":\"https:\/\/yazmed.ma\/#website\"},\"primaryImageOfPage\":{\"@id\":\"https:\/\/yazmed.ma\/product\/elastoplast-tensoplast-elasticoplast-comfort\/#primaryimage\"},\"image\":{\"@id\":\"https:\/\/yazmed.ma\/product\/elastoplast-tensoplast-elasticoplast-comfort\/#primaryimage\"},\"thumbnailUrl\":\"https:\/\/yazmed.ma\/wp-content\/uploads\/2024\/12\/tensoplast.webp\",\"datePublished\":\"2024-12-16T15:18:57+00:00\",\"dateModified\":\"2026-01-04T14:40:32+00:00\",\"breadcrumb\":{\"@id\":\"https:\/\/yazmed.ma\/product\/elastoplast-tensoplast-elasticoplast-comfort\/#breadcrumb\"},\"inLanguage\":\"ary\",\"potentialAction\":[{\"@type\":\"ReadAction\",\"target\":[\"https:\/\/yazmed.ma\/product\/elastoplast-tensoplast-elasticoplast-comfort\/\"]}]},{\"@type\":\"ImageObject\",\"inLanguage\":\"ary\",\"@id\":\"https:\/\/yazmed.ma\/product\/elastoplast-tensoplast-elasticoplast-comfort\/#primaryimage\",\"url\":\"https:\/\/yazmed.ma\/wp-content\/uploads\/2024\/12\/tensoplast.webp\",\"contentUrl\":\"https:\/\/yazmed.ma\/wp-content\/uploads\/2024\/12\/tensoplast.webp\",\"width\":570,\"height\":517,\"caption\":\"tensoplast\"},{\"@type\":\"BreadcrumbList\",\"@id\":\"https:\/\/yazmed.ma\/product\/elastoplast-tensoplast-elasticoplast-comfort\/#breadcrumb\",\"itemListElement\":[{\"@type\":\"ListItem\",\"position\":1,\"name\":\"Accueil\",\"item\":\"https:\/\/yazmed.ma\/\"},{\"@type\":\"ListItem\",\"position\":2,\"name\":\"Shop\",\"item\":\"https:\/\/yazmed.ma\/shop-2\/\"},{\"@type\":\"ListItem\",\"position\":3,\"name\":\"ELASTOPLAST TENSOPLAST ELASTICOPLAST \/ COMFORT\"}]},{\"@type\":\"WebSite\",\"@id\":\"https:\/\/yazmed.ma\/#website\",\"url\":\"https:\/\/yazmed.ma\/\",\"name\":\"Yazmed\",\"description\":\"LEADER DU MAT\u00c9RIEL M\u00c9DICAL AU MAROC\",\"publisher\":{\"@id\":\"https:\/\/yazmed.ma\/#organization\"},\"potentialAction\":[{\"@type\":\"SearchAction\",\"target\":{\"@type\":\"EntryPoint\",\"urlTemplate\":\"https:\/\/yazmed.ma\/?s={search_term_string}\"},\"query-input\":{\"@type\":\"PropertyValueSpecification\",\"valueRequired\":true,\"valueName\":\"search_term_string\"}}],\"inLanguage\":\"ary\"},{\"@type\":\"Organization\",\"@id\":\"https:\/\/yazmed.ma\/#organization\",\"name\":\"Yazmed Healthcare\",\"url\":\"https:\/\/yazmed.ma\/\",\"logo\":{\"@type\":\"ImageObject\",\"inLanguage\":\"ary\",\"@id\":\"https:\/\/yazmed.ma\/#\/schema\/logo\/image\/\",\"url\":\"https:\/\/yazmed.ma\/wp-content\/uploads\/2024\/12\/3.png\",\"contentUrl\":\"https:\/\/yazmed.ma\/wp-content\/uploads\/2024\/12\/3.png\",\"width\":250,\"height\":70,\"caption\":\"Yazmed Healthcare\"},\"image\":{\"@id\":\"https:\/\/yazmed.ma\/#\/schema\/logo\/image\/\"},\"sameAs\":[\"https:\/\/www.facebook.com\/azenkouky\",\"https:\/\/www.instagram.com\/yazmedhealthcare\",\"https:\/\/www.linkedin.com\/in\/yazmed-healthcare-1b4955295\"]}]}<\/script>\n<!-- \/ Yoast SEO plugin. -->","yoast_head_json":{"title":"TENSOPLAST 15 cm - YAZMED","robots":{"index":"index","follow":"follow","max-snippet":"max-snippet:-1","max-image-preview":"max-image-preview:large","max-video-preview":"max-video-preview:-1"},"canonical":"https:\/\/yazmed.ma\/ar\/product\/elastoplast-tensoplast-elasticoplast-comfort\/","og_locale":"ar_AR","og_type":"article","og_title":"TENSOPLAST 15 cm - YAZMED","og_description":"Tensoplast La\u00a0Tensoplast \u00a0est une bande \u00e9lastique adh\u00e9sive de qualit\u00e9 sup\u00e9rieure, sp\u00e9cialement con\u00e7ue pour offrir un soutien optimal aux muscles et articulations lors de la r\u00e9\u00e9ducation ou du traitement de blessures. Elle est id\u00e9ale pour les athl\u00e8tes, les physioth\u00e9rapeutes et toute personne ayant besoin d\u2019un soutien suppl\u00e9mentaire apr\u00e8s une blessure.  Compression pour r\u00e9duire les \u0153d\u00e8mes et favoriser la circulation sanguine","og_url":"https:\/\/yazmed.ma\/ar\/product\/elastoplast-tensoplast-elasticoplast-comfort\/","og_site_name":"YAZMED","article_publisher":"https:\/\/www.facebook.com\/azenkouky","article_modified_time":"2026-01-04T14:40:32+00:00","og_image":[{"width":1000,"height":1000,"url":"https:\/\/yazmed.ma\/wp-content\/uploads\/2024\/12\/elasticoplast-2-1.jpg","type":"image\/jpeg"}],"twitter_card":"summary_large_image","twitter_misc":{"Est. reading time":"1 minute"},"schema":{"@context":"https:\/\/schema.org","@graph":[{"@type":"WebPage","@id":"https:\/\/yazmed.ma\/product\/elastoplast-tensoplast-elasticoplast-comfort\/","url":"https:\/\/yazmed.ma\/product\/elastoplast-tensoplast-elasticoplast-comfort\/","name":"TENSOPLAST 15 cm - YAZMED","isPartOf":{"@id":"https:\/\/yazmed.ma\/#website"},"primaryImageOfPage":{"@id":"https:\/\/yazmed.ma\/product\/elastoplast-tensoplast-elasticoplast-comfort\/#primaryimage"},"image":{"@id":"https:\/\/yazmed.ma\/product\/elastoplast-tensoplast-elasticoplast-comfort\/#primaryimage"},"thumbnailUrl":"https:\/\/yazmed.ma\/wp-content\/uploads\/2024\/12\/tensoplast.webp","datePublished":"2024-12-16T15:18:57+00:00","dateModified":"2026-01-04T14:40:32+00:00","breadcrumb":{"@id":"https:\/\/yazmed.ma\/product\/elastoplast-tensoplast-elasticoplast-comfort\/#breadcrumb"},"inLanguage":"ary","potentialAction":[{"@type":"ReadAction","target":["https:\/\/yazmed.ma\/product\/elastoplast-tensoplast-elasticoplast-comfort\/"]}]},{"@type":"ImageObject","inLanguage":"ary","@id":"https:\/\/yazmed.ma\/product\/elastoplast-tensoplast-elasticoplast-comfort\/#primaryimage","url":"https:\/\/yazmed.ma\/wp-content\/uploads\/2024\/12\/tensoplast.webp","contentUrl":"https:\/\/yazmed.ma\/wp-content\/uploads\/2024\/12\/tensoplast.webp","width":570,"height":517,"caption":"tensoplast"},{"@type":"BreadcrumbList","@id":"https:\/\/yazmed.ma\/product\/elastoplast-tensoplast-elasticoplast-comfort\/#breadcrumb","itemListElement":[{"@type":"ListItem","position":1,"name":"Accueil","item":"https:\/\/yazmed.ma\/"},{"@type":"ListItem","position":2,"name":"Shop","item":"https:\/\/yazmed.ma\/shop-2\/"},{"@type":"ListItem","position":3,"name":"ELASTOPLAST TENSOPLAST ELASTICOPLAST \/ COMFORT"}]},{"@type":"WebSite","@id":"https:\/\/yazmed.ma\/#website","url":"https:\/\/yazmed.ma\/","name":"Yazmed","description":"LEADER DU MAT\u00c9RIEL M\u00c9DICAL AU MAROC","publisher":{"@id":"https:\/\/yazmed.ma\/#organization"},"potentialAction":[{"@type":"SearchAction","target":{"@type":"EntryPoint","urlTemplate":"https:\/\/yazmed.ma\/?s={search_term_string}"},"query-input":{"@type":"PropertyValueSpecification","valueRequired":true,"valueName":"search_term_string"}}],"inLanguage":"ary"},{"@type":"Organization","@id":"https:\/\/yazmed.ma\/#organization","name":"Yazmed Healthcare","url":"https:\/\/yazmed.ma\/","logo":{"@type":"ImageObject","inLanguage":"ary","@id":"https:\/\/yazmed.ma\/#\/schema\/logo\/image\/","url":"https:\/\/yazmed.ma\/wp-content\/uploads\/2024\/12\/3.png","contentUrl":"https:\/\/yazmed.ma\/wp-content\/uploads\/2024\/12\/3.png","width":250,"height":70,"caption":"Yazmed Healthcare"},"image":{"@id":"https:\/\/yazmed.ma\/#\/schema\/logo\/image\/"},"sameAs":["https:\/\/www.facebook.com\/azenkouky","https:\/\/www.instagram.com\/yazmedhealthcare","https:\/\/www.linkedin.com\/in\/yazmed-healthcare-1b4955295"]}]}},"_links":{"self":[{"href":"https:\/\/yazmed.ma\/ar\/wp-json\/wp\/v2\/product\/1103","targetHints":{"allow":["GET"]}}],"collection":[{"href":"https:\/\/yazmed.ma\/ar\/wp-json\/wp\/v2\/product"}],"about":[{"href":"https:\/\/yazmed.ma\/ar\/wp-json\/wp\/v2\/types\/product"}],"replies":[{"embeddable":true,"href":"https:\/\/yazmed.ma\/ar\/wp-json\/wp\/v2\/comments?post=1103"}],"version-history":[{"count":1,"href":"https:\/\/yazmed.ma\/ar\/wp-json\/wp\/v2\/product\/1103\/revisions"}],"predecessor-version":[{"id":3058,"href":"https:\/\/yazmed.ma\/ar\/wp-json\/wp\/v2\/product\/1103\/revisions\/3058"}],"wp:featuredmedia":[{"embeddable":true,"href":"https:\/\/yazmed.ma\/ar\/wp-json\/wp\/v2\/media\/3059"}],"wp:attachment":[{"href":"https:\/\/yazmed.ma\/ar\/wp-json\/wp\/v2\/media?parent=1103"}],"wp:term":[{"taxonomy":"product_brand","embeddable":true,"href":"https:\/\/yazmed.ma\/ar\/wp-json\/wp\/v2\/product_brand?post=1103"},{"taxonomy":"product_cat","embeddable":true,"href":"https:\/\/yazmed.ma\/ar\/wp-json\/wp\/v2\/product_cat?post=1103"},{"taxonomy":"product_tag","embeddable":true,"href":"https:\/\/yazmed.ma\/ar\/wp-json\/wp\/v2\/product_tag?post=1103"}],"curies":[{"name":"wp","href":"https:\/\/api.w.org\/{rel}","templated":true}]}}