{"id":1098,"date":"2024-12-16T15:05:33","date_gmt":"2024-12-16T15:05:33","guid":{"rendered":"https:\/\/yazmed.ma\/?post_type=product&#038;p=1098"},"modified":"2026-01-04T20:06:52","modified_gmt":"2026-01-04T20:06:52","slug":"bande-de-jersey-tubulaire-20m","status":"publish","type":"product","link":"https:\/\/yazmed.ma\/ar\/product\/bande-de-jersey-tubulaire-20m\/","title":{"rendered":"BANDE DE JERSEY TUBULAIRE 20M"},"content":{"rendered":"<h3 data-start=\"798\" data-end=\"838\"><strong data-start=\"805\" data-end=\"836\"><img decoding=\"async\" class=\"emoji\" role=\"img\" draggable=\"false\" src=\"https:\/\/s.w.org\/images\/core\/emoji\/16.0.1\/svg\/2705.svg\" alt=\"\u2705\" \/>Caract\u00e9ristiques techniques\u00a0<\/strong><\/h3>\n<p><strong data-start=\"841\" data-end=\"852\"><img decoding=\"async\" class=\"emoji\" role=\"img\" draggable=\"false\" src=\"https:\/\/s.w.org\/images\/core\/emoji\/16.0.1\/svg\/2705.svg\" alt=\"\u2705\" \/>Mati\u00e8re<\/strong>\u00a0: 100 % coton ou coton\/polyester selon mod\u00e8le<\/p>\n<p><strong data-start=\"901\" data-end=\"911\"><img decoding=\"async\" class=\"emoji\" role=\"img\" draggable=\"false\" src=\"https:\/\/s.w.org\/images\/core\/emoji\/16.0.1\/svg\/2705.svg\" alt=\"\u2705\" \/>Format<\/strong>\u00a0: rouleau de jersey tubulaire pr\u00e9d\u00e9coupable<\/p>\n<p><strong data-start=\"958\" data-end=\"969\"><img decoding=\"async\" class=\"emoji\" role=\"img\" draggable=\"false\" src=\"https:\/\/s.w.org\/images\/core\/emoji\/16.0.1\/svg\/2705.svg\" alt=\"\u2705\" \/>Couleur<\/strong>\u00a0: blanche<\/p>\n<p><strong data-start=\"982\" data-end=\"993\"><img decoding=\"async\" class=\"emoji\" role=\"img\" draggable=\"false\" src=\"https:\/\/s.w.org\/images\/core\/emoji\/16.0.1\/svg\/2705.svg\" alt=\"\u2705\" \/>St\u00e9rile<\/strong>\u00a0: Non (utilisation externe)<\/p>\n<p><strong data-start=\"1024\" data-end=\"1034\"><img decoding=\"async\" class=\"emoji\" role=\"img\" draggable=\"false\" src=\"https:\/\/s.w.org\/images\/core\/emoji\/16.0.1\/svg\/2705.svg\" alt=\"\u2705\" \/>Taille<\/strong>\u00a0: disponible en plusieurs diam\u00e8tres (bras, jambe, tronc, etc.)<\/p>\n<p><strong data-start=\"1100\" data-end=\"1114\"><img decoding=\"async\" class=\"emoji\" role=\"img\" draggable=\"false\" src=\"https:\/\/s.w.org\/images\/core\/emoji\/16.0.1\/svg\/2705.svg\" alt=\"\u2705\" \/>Extensible<\/strong>\u00a0: dans les deux sens pour un ajustement optimal<\/p>\n<p><strong data-start=\"1165\" data-end=\"1177\"><img decoding=\"async\" class=\"emoji\" role=\"img\" draggable=\"false\" src=\"https:\/\/s.w.org\/images\/core\/emoji\/16.0.1\/svg\/2705.svg\" alt=\"\u2705\" \/>Longueur<\/strong>\u00a0: selon mod\u00e8le (souvent 10 \u00e0 20 m\u00e8tres)<\/p>","protected":false},"excerpt":{"rendered":"<h4>La bande de Jersey Tubulaire 20 m<\/h4>\n<p>une bande tubulaire en coton. Elle permet la protection du membre sous fixation <a title=\"\" href=\"https:\/\/fr.wikipedia.org\/wiki\/Contention_(m%C3%A9decine)\">contention<\/a> . En effet, le m\u00e9decin enfile la bande avant l\u2019application de la fixation. Le coton \u00e9lastique de la bande de Jersey tubulaire permet une protection optimale de la peau contre son endommagement m\u00e9canique \u00e0 cause du contact avec le pl\u00e2tre. En outre, ces bandes sont fabriqu\u00e9es en coton. Le coton qui est un composant naturel, permet la pr\u00e9vention de toute irritation de la peau. D\u2019autre part<\/p>\n<p><img decoding=\"async\" class=\"\" src=\"https:\/\/www.dispoma.com\/wp-content\/uploads\/2020\/05\/logo-pharmaplast.jpg\" alt=\"Pharmaplast\" width=\"68\" height=\"68\" \/><\/p>\n<p>&nbsp;<\/p>\n<p>&nbsp;<\/p>","protected":false},"featured_media":3069,"comment_status":"open","ping_status":"closed","template":"","meta":[],"product_brand":[],"product_cat":[52],"product_tag":[],"class_list":{"0":"post-1098","1":"product","2":"type-product","3":"status-publish","4":"has-post-thumbnail","6":"product_cat-consommable-medical","8":"first","9":"instock","10":"taxable","11":"shipping-taxable","12":"purchasable","13":"product-type-variable"},"yoast_head":"<!-- This site is optimized with the Yoast SEO plugin v26.9 - https:\/\/yoast.com\/product\/yoast-seo-wordpress\/ -->\n<title>BANDE DE JERSEY TUBULAIRE 20M - YAZMED<\/title>\n<meta name=\"robots\" content=\"index, follow, max-snippet:-1, max-image-preview:large, max-video-preview:-1\" \/>\n<link rel=\"canonical\" href=\"https:\/\/yazmed.ma\/ar\/product\/bande-de-jersey-tubulaire-pharmaplast\/\" \/>\n<meta property=\"og:locale\" content=\"ar_AR\" \/>\n<meta property=\"og:type\" content=\"article\" \/>\n<meta property=\"og:title\" content=\"BANDE DE JERSEY TUBULAIRE 20M - YAZMED\" \/>\n<meta property=\"og:description\" content=\"La bande de Jersey Tubulaire 20 m une bande tubulaire en coton. Elle permet la protection du membre sous fixation contention . En effet, le m\u00e9decin enfile la bande avant l\u2019application de la fixation. Le coton \u00e9lastique de la bande de Jersey tubulaire permet une protection optimale de la peau contre son endommagement m\u00e9canique \u00e0 cause du contact avec le pl\u00e2tre. En outre, ces bandes sont fabriqu\u00e9es en coton. Le coton qui est un composant naturel, permet la pr\u00e9vention de toute irritation de la peau. D\u2019autre part    &nbsp;  &nbsp;\" \/>\n<meta property=\"og:url\" content=\"https:\/\/yazmed.ma\/ar\/product\/bande-de-jersey-tubulaire-pharmaplast\/\" \/>\n<meta property=\"og:site_name\" content=\"YAZMED\" \/>\n<meta property=\"article:publisher\" content=\"https:\/\/www.facebook.com\/azenkouky\" \/>\n<meta property=\"article:modified_time\" content=\"2026-01-04T20:06:52+00:00\" \/>\n<meta property=\"og:image\" content=\"https:\/\/yazmed.ma\/wp-content\/uploads\/2024\/12\/JR04X-20150716135301.jpg\" \/>\n\t<meta property=\"og:image:width\" content=\"700\" \/>\n\t<meta property=\"og:image:height\" content=\"636\" \/>\n\t<meta property=\"og:image:type\" content=\"image\/jpeg\" \/>\n<meta name=\"twitter:card\" content=\"summary_large_image\" \/>\n<meta name=\"twitter:label1\" content=\"Est. reading time\" \/>\n\t<meta name=\"twitter:data1\" content=\"1 minute\" \/>\n<script type=\"application\/ld+json\" class=\"yoast-schema-graph\">{\"@context\":\"https:\/\/schema.org\",\"@graph\":[{\"@type\":\"WebPage\",\"@id\":\"https:\/\/yazmed.ma\/product\/bande-de-jersey-tubulaire-pharmaplast\/\",\"url\":\"https:\/\/yazmed.ma\/product\/bande-de-jersey-tubulaire-pharmaplast\/\",\"name\":\"BANDE DE JERSEY TUBULAIRE 20M - YAZMED\",\"isPartOf\":{\"@id\":\"https:\/\/yazmed.ma\/#website\"},\"primaryImageOfPage\":{\"@id\":\"https:\/\/yazmed.ma\/product\/bande-de-jersey-tubulaire-pharmaplast\/#primaryimage\"},\"image\":{\"@id\":\"https:\/\/yazmed.ma\/product\/bande-de-jersey-tubulaire-pharmaplast\/#primaryimage\"},\"thumbnailUrl\":\"https:\/\/yazmed.ma\/wp-content\/uploads\/2024\/12\/BANDE-DE-JERSEY-TUBULAIRE-20M.webp\",\"datePublished\":\"2024-12-16T15:05:33+00:00\",\"dateModified\":\"2026-01-04T20:06:52+00:00\",\"breadcrumb\":{\"@id\":\"https:\/\/yazmed.ma\/product\/bande-de-jersey-tubulaire-pharmaplast\/#breadcrumb\"},\"inLanguage\":\"ary\",\"potentialAction\":[{\"@type\":\"ReadAction\",\"target\":[\"https:\/\/yazmed.ma\/product\/bande-de-jersey-tubulaire-pharmaplast\/\"]}]},{\"@type\":\"ImageObject\",\"inLanguage\":\"ary\",\"@id\":\"https:\/\/yazmed.ma\/product\/bande-de-jersey-tubulaire-pharmaplast\/#primaryimage\",\"url\":\"https:\/\/yazmed.ma\/wp-content\/uploads\/2024\/12\/BANDE-DE-JERSEY-TUBULAIRE-20M.webp\",\"contentUrl\":\"https:\/\/yazmed.ma\/wp-content\/uploads\/2024\/12\/BANDE-DE-JERSEY-TUBULAIRE-20M.webp\",\"width\":450,\"height\":450,\"caption\":\"BANDE DE JERSEY TUBULAIRE 20M\"},{\"@type\":\"BreadcrumbList\",\"@id\":\"https:\/\/yazmed.ma\/product\/bande-de-jersey-tubulaire-pharmaplast\/#breadcrumb\",\"itemListElement\":[{\"@type\":\"ListItem\",\"position\":1,\"name\":\"Accueil\",\"item\":\"https:\/\/yazmed.ma\/\"},{\"@type\":\"ListItem\",\"position\":2,\"name\":\"Shop\",\"item\":\"https:\/\/yazmed.ma\/shop-2\/\"},{\"@type\":\"ListItem\",\"position\":3,\"name\":\"BANDE DE JERSEY TUBULAIRE \/ PHARMAPLAST\"}]},{\"@type\":\"WebSite\",\"@id\":\"https:\/\/yazmed.ma\/#website\",\"url\":\"https:\/\/yazmed.ma\/\",\"name\":\"Yazmed\",\"description\":\"LEADER DU MAT\u00c9RIEL M\u00c9DICAL AU MAROC\",\"publisher\":{\"@id\":\"https:\/\/yazmed.ma\/#organization\"},\"potentialAction\":[{\"@type\":\"SearchAction\",\"target\":{\"@type\":\"EntryPoint\",\"urlTemplate\":\"https:\/\/yazmed.ma\/?s={search_term_string}\"},\"query-input\":{\"@type\":\"PropertyValueSpecification\",\"valueRequired\":true,\"valueName\":\"search_term_string\"}}],\"inLanguage\":\"ary\"},{\"@type\":\"Organization\",\"@id\":\"https:\/\/yazmed.ma\/#organization\",\"name\":\"Yazmed Healthcare\",\"url\":\"https:\/\/yazmed.ma\/\",\"logo\":{\"@type\":\"ImageObject\",\"inLanguage\":\"ary\",\"@id\":\"https:\/\/yazmed.ma\/#\/schema\/logo\/image\/\",\"url\":\"https:\/\/yazmed.ma\/wp-content\/uploads\/2024\/12\/3.png\",\"contentUrl\":\"https:\/\/yazmed.ma\/wp-content\/uploads\/2024\/12\/3.png\",\"width\":250,\"height\":70,\"caption\":\"Yazmed Healthcare\"},\"image\":{\"@id\":\"https:\/\/yazmed.ma\/#\/schema\/logo\/image\/\"},\"sameAs\":[\"https:\/\/www.facebook.com\/azenkouky\",\"https:\/\/www.instagram.com\/yazmedhealthcare\",\"https:\/\/www.linkedin.com\/in\/yazmed-healthcare-1b4955295\"]}]}<\/script>\n<!-- \/ Yoast SEO plugin. -->","yoast_head_json":{"title":"BANDE DE JERSEY TUBULAIRE 20M - YAZMED","robots":{"index":"index","follow":"follow","max-snippet":"max-snippet:-1","max-image-preview":"max-image-preview:large","max-video-preview":"max-video-preview:-1"},"canonical":"https:\/\/yazmed.ma\/ar\/product\/bande-de-jersey-tubulaire-pharmaplast\/","og_locale":"ar_AR","og_type":"article","og_title":"BANDE DE JERSEY TUBULAIRE 20M - YAZMED","og_description":"La bande de Jersey Tubulaire 20 m une bande tubulaire en coton. Elle permet la protection du membre sous fixation contention . En effet, le m\u00e9decin enfile la bande avant l\u2019application de la fixation. Le coton \u00e9lastique de la bande de Jersey tubulaire permet une protection optimale de la peau contre son endommagement m\u00e9canique \u00e0 cause du contact avec le pl\u00e2tre. En outre, ces bandes sont fabriqu\u00e9es en coton. Le coton qui est un composant naturel, permet la pr\u00e9vention de toute irritation de la peau. D\u2019autre part    &nbsp;  &nbsp;","og_url":"https:\/\/yazmed.ma\/ar\/product\/bande-de-jersey-tubulaire-pharmaplast\/","og_site_name":"YAZMED","article_publisher":"https:\/\/www.facebook.com\/azenkouky","article_modified_time":"2026-01-04T20:06:52+00:00","og_image":[{"width":700,"height":636,"url":"https:\/\/yazmed.ma\/wp-content\/uploads\/2024\/12\/JR04X-20150716135301.jpg","type":"image\/jpeg"}],"twitter_card":"summary_large_image","twitter_misc":{"Est. reading time":"1 minute"},"schema":{"@context":"https:\/\/schema.org","@graph":[{"@type":"WebPage","@id":"https:\/\/yazmed.ma\/product\/bande-de-jersey-tubulaire-pharmaplast\/","url":"https:\/\/yazmed.ma\/product\/bande-de-jersey-tubulaire-pharmaplast\/","name":"BANDE DE JERSEY TUBULAIRE 20M - YAZMED","isPartOf":{"@id":"https:\/\/yazmed.ma\/#website"},"primaryImageOfPage":{"@id":"https:\/\/yazmed.ma\/product\/bande-de-jersey-tubulaire-pharmaplast\/#primaryimage"},"image":{"@id":"https:\/\/yazmed.ma\/product\/bande-de-jersey-tubulaire-pharmaplast\/#primaryimage"},"thumbnailUrl":"https:\/\/yazmed.ma\/wp-content\/uploads\/2024\/12\/BANDE-DE-JERSEY-TUBULAIRE-20M.webp","datePublished":"2024-12-16T15:05:33+00:00","dateModified":"2026-01-04T20:06:52+00:00","breadcrumb":{"@id":"https:\/\/yazmed.ma\/product\/bande-de-jersey-tubulaire-pharmaplast\/#breadcrumb"},"inLanguage":"ary","potentialAction":[{"@type":"ReadAction","target":["https:\/\/yazmed.ma\/product\/bande-de-jersey-tubulaire-pharmaplast\/"]}]},{"@type":"ImageObject","inLanguage":"ary","@id":"https:\/\/yazmed.ma\/product\/bande-de-jersey-tubulaire-pharmaplast\/#primaryimage","url":"https:\/\/yazmed.ma\/wp-content\/uploads\/2024\/12\/BANDE-DE-JERSEY-TUBULAIRE-20M.webp","contentUrl":"https:\/\/yazmed.ma\/wp-content\/uploads\/2024\/12\/BANDE-DE-JERSEY-TUBULAIRE-20M.webp","width":450,"height":450,"caption":"BANDE DE JERSEY TUBULAIRE 20M"},{"@type":"BreadcrumbList","@id":"https:\/\/yazmed.ma\/product\/bande-de-jersey-tubulaire-pharmaplast\/#breadcrumb","itemListElement":[{"@type":"ListItem","position":1,"name":"Accueil","item":"https:\/\/yazmed.ma\/"},{"@type":"ListItem","position":2,"name":"Shop","item":"https:\/\/yazmed.ma\/shop-2\/"},{"@type":"ListItem","position":3,"name":"BANDE DE JERSEY TUBULAIRE \/ PHARMAPLAST"}]},{"@type":"WebSite","@id":"https:\/\/yazmed.ma\/#website","url":"https:\/\/yazmed.ma\/","name":"Yazmed","description":"LEADER DU MAT\u00c9RIEL M\u00c9DICAL AU MAROC","publisher":{"@id":"https:\/\/yazmed.ma\/#organization"},"potentialAction":[{"@type":"SearchAction","target":{"@type":"EntryPoint","urlTemplate":"https:\/\/yazmed.ma\/?s={search_term_string}"},"query-input":{"@type":"PropertyValueSpecification","valueRequired":true,"valueName":"search_term_string"}}],"inLanguage":"ary"},{"@type":"Organization","@id":"https:\/\/yazmed.ma\/#organization","name":"Yazmed Healthcare","url":"https:\/\/yazmed.ma\/","logo":{"@type":"ImageObject","inLanguage":"ary","@id":"https:\/\/yazmed.ma\/#\/schema\/logo\/image\/","url":"https:\/\/yazmed.ma\/wp-content\/uploads\/2024\/12\/3.png","contentUrl":"https:\/\/yazmed.ma\/wp-content\/uploads\/2024\/12\/3.png","width":250,"height":70,"caption":"Yazmed Healthcare"},"image":{"@id":"https:\/\/yazmed.ma\/#\/schema\/logo\/image\/"},"sameAs":["https:\/\/www.facebook.com\/azenkouky","https:\/\/www.instagram.com\/yazmedhealthcare","https:\/\/www.linkedin.com\/in\/yazmed-healthcare-1b4955295"]}]}},"_links":{"self":[{"href":"https:\/\/yazmed.ma\/ar\/wp-json\/wp\/v2\/product\/1098","targetHints":{"allow":["GET"]}}],"collection":[{"href":"https:\/\/yazmed.ma\/ar\/wp-json\/wp\/v2\/product"}],"about":[{"href":"https:\/\/yazmed.ma\/ar\/wp-json\/wp\/v2\/types\/product"}],"replies":[{"embeddable":true,"href":"https:\/\/yazmed.ma\/ar\/wp-json\/wp\/v2\/comments?post=1098"}],"version-history":[{"count":1,"href":"https:\/\/yazmed.ma\/ar\/wp-json\/wp\/v2\/product\/1098\/revisions"}],"predecessor-version":[{"id":3068,"href":"https:\/\/yazmed.ma\/ar\/wp-json\/wp\/v2\/product\/1098\/revisions\/3068"}],"wp:featuredmedia":[{"embeddable":true,"href":"https:\/\/yazmed.ma\/ar\/wp-json\/wp\/v2\/media\/3069"}],"wp:attachment":[{"href":"https:\/\/yazmed.ma\/ar\/wp-json\/wp\/v2\/media?parent=1098"}],"wp:term":[{"taxonomy":"product_brand","embeddable":true,"href":"https:\/\/yazmed.ma\/ar\/wp-json\/wp\/v2\/product_brand?post=1098"},{"taxonomy":"product_cat","embeddable":true,"href":"https:\/\/yazmed.ma\/ar\/wp-json\/wp\/v2\/product_cat?post=1098"},{"taxonomy":"product_tag","embeddable":true,"href":"https:\/\/yazmed.ma\/ar\/wp-json\/wp\/v2\/product_tag?post=1098"}],"curies":[{"name":"wp","href":"https:\/\/api.w.org\/{rel}","templated":true}]}}