{"id":1074,"date":"2024-12-16T13:42:05","date_gmt":"2024-12-16T13:42:05","guid":{"rendered":"https:\/\/yazmed.ma\/?post_type=product&#038;p=1074"},"modified":"2026-01-03T11:31:03","modified_gmt":"2026-01-03T11:31:03","slug":"bande-de-resine-7","status":"publish","type":"product","link":"https:\/\/yazmed.ma\/ar\/product\/bande-de-resine-7\/","title":{"rendered":"BANDE DE R\u00c9SINE 7"},"content":{"rendered":"<h4><img decoding=\"async\" class=\"emoji\" role=\"img\" draggable=\"false\" src=\"https:\/\/s.w.org\/images\/core\/emoji\/16.0.1\/svg\/2705.svg\" alt=\"\u2705\" \/>\u00a0Caract\u00e9ristiques<\/h4>\n<h4><img decoding=\"async\" class=\"emoji\" role=\"img\" draggable=\"false\" src=\"https:\/\/s.w.org\/images\/core\/emoji\/16.0.1\/svg\/2705.svg\" alt=\"\u2705\" \/>\u00a0Support rigide en fibre de verre<\/h4>\n<h4><img decoding=\"async\" class=\"emoji\" role=\"img\" draggable=\"false\" src=\"https:\/\/s.w.org\/images\/core\/emoji\/16.0.1\/svg\/2705.svg\" alt=\"\u2705\" \/>\u00a0Tr\u00e8s l\u00e9ger, mais grande stabilit\u00e9<\/h4>\n<h4><img decoding=\"async\" class=\"emoji\" role=\"img\" draggable=\"false\" src=\"https:\/\/s.w.org\/images\/core\/emoji\/16.0.1\/svg\/2705.svg\" alt=\"\u2705\" \/>\u00a0\u00a0Perm\u00e9able \u00e0 l\u2019air<\/h4>\n<h4><img decoding=\"async\" class=\"emoji\" role=\"img\" draggable=\"false\" src=\"https:\/\/s.w.org\/images\/core\/emoji\/16.0.1\/svg\/2705.svg\" alt=\"\u2705\" \/>\u00a0Radiotransparent<\/h4>\n<h4><img decoding=\"async\" class=\"emoji\" role=\"img\" draggable=\"false\" src=\"https:\/\/s.w.org\/images\/core\/emoji\/16.0.1\/svg\/2705.svg\" alt=\"\u2705\" \/>\u00a0R\u00e9sistant \u00e0 l\u2019eau une fois durci<\/h4>\n<h4><img decoding=\"async\" class=\"emoji\" role=\"img\" draggable=\"false\" src=\"https:\/\/s.w.org\/images\/core\/emoji\/16.0.1\/svg\/2705.svg\" alt=\"\u2705\" \/> Extensible en largeur et en diagonale Nous vous conseillons d\u2019utiliser des gants lors de la pose<\/h4>\n<h1 class=\"product-title product_title entry-title\"><img decoding=\"async\" class=\"\" src=\"https:\/\/www.dispoma.com\/wp-content\/uploads\/2021\/02\/primecast-logo.jpg\" alt=\"Primecast\" width=\"71\" height=\"71\" \/><\/h1>","protected":false},"excerpt":{"rendered":"<h3>La Bande de r\u00e9sine<\/h3>\n<p>pr\u00e9vue pour l\u2019immobilisation apr\u00e8s \u00a0<a title=\"Fracture\" href=\"https:\/\/fr.wikipedia.org\/wiki\/Fracture\">fracture<\/a>, op\u00e9rations et corrections orthop\u00e9diques ainsi que pour le traitement ost\u00e9opathique et de maladies articulaires. Pour la mise en place de bandage \u00e0 attelle et pour le renforcement de bandages circulaires. Cette Bande de r\u00e9sine offre une stabilit\u00e9, en toute simplicit\u00e9 e \u00e0 tous les contours du corps<\/p>\n<h1 class=\"product-title product_title entry-title\"><img decoding=\"async\" class=\"\" src=\"https:\/\/www.dispoma.com\/wp-content\/uploads\/2021\/02\/primecast-logo.jpg\" alt=\"Primecast\" width=\"71\" height=\"71\" \/><\/h1>","protected":false},"featured_media":3047,"comment_status":"open","ping_status":"closed","template":"","meta":[],"product_brand":[],"product_cat":[52],"product_tag":[288,289],"class_list":{"0":"post-1074","1":"product","2":"type-product","3":"status-publish","4":"has-post-thumbnail","6":"product_cat-consommable-medical","7":"product_tag-bande-de-resine","8":"product_tag-bande-platre","10":"first","11":"instock","12":"taxable","13":"shipping-taxable","14":"purchasable","15":"product-type-variable"},"yoast_head":"<!-- This site is optimized with the Yoast SEO plugin v26.9 - https:\/\/yoast.com\/product\/yoast-seo-wordpress\/ -->\n<title>BANDE DE R\u00c9SINE 7 - YAZMED<\/title>\n<meta name=\"robots\" content=\"index, follow, max-snippet:-1, max-image-preview:large, max-video-preview:-1\" \/>\n<link rel=\"canonical\" href=\"https:\/\/yazmed.ma\/ar\/product\/bande-de-resine-primecast\/\" \/>\n<meta property=\"og:locale\" content=\"ar_AR\" \/>\n<meta property=\"og:type\" content=\"article\" \/>\n<meta property=\"og:title\" content=\"BANDE DE R\u00c9SINE 7 - YAZMED\" \/>\n<meta property=\"og:description\" content=\"La Bande de r\u00e9sine pr\u00e9vue pour l\u2019immobilisation apr\u00e8s \u00a0fracture, op\u00e9rations et corrections orthop\u00e9diques ainsi que pour le traitement ost\u00e9opathique et de maladies articulaires. Pour la mise en place de bandage \u00e0 attelle et pour le renforcement de bandages circulaires. Cette Bande de r\u00e9sine offre une stabilit\u00e9, en toute simplicit\u00e9 e \u00e0 tous les contours du corps\" \/>\n<meta property=\"og:url\" content=\"https:\/\/yazmed.ma\/ar\/product\/bande-de-resine-primecast\/\" \/>\n<meta property=\"og:site_name\" content=\"YAZMED\" \/>\n<meta property=\"article:publisher\" content=\"https:\/\/www.facebook.com\/azenkouky\" \/>\n<meta property=\"article:modified_time\" content=\"2026-01-03T11:31:03+00:00\" \/>\n<meta property=\"og:image\" content=\"https:\/\/yazmed.ma\/wp-content\/uploads\/2024\/12\/bande-de-resine.jpg\" \/>\n\t<meta property=\"og:image:width\" content=\"1036\" \/>\n\t<meta property=\"og:image:height\" content=\"1029\" \/>\n\t<meta property=\"og:image:type\" content=\"image\/jpeg\" \/>\n<meta name=\"twitter:card\" content=\"summary_large_image\" \/>\n<meta name=\"twitter:label1\" content=\"Est. reading time\" \/>\n\t<meta name=\"twitter:data1\" content=\"1 minute\" \/>\n<script type=\"application\/ld+json\" class=\"yoast-schema-graph\">{\"@context\":\"https:\/\/schema.org\",\"@graph\":[{\"@type\":\"WebPage\",\"@id\":\"https:\/\/yazmed.ma\/product\/bande-de-resine-primecast\/\",\"url\":\"https:\/\/yazmed.ma\/product\/bande-de-resine-primecast\/\",\"name\":\"BANDE DE R\u00c9SINE 7 - YAZMED\",\"isPartOf\":{\"@id\":\"https:\/\/yazmed.ma\/#website\"},\"primaryImageOfPage\":{\"@id\":\"https:\/\/yazmed.ma\/product\/bande-de-resine-primecast\/#primaryimage\"},\"image\":{\"@id\":\"https:\/\/yazmed.ma\/product\/bande-de-resine-primecast\/#primaryimage\"},\"thumbnailUrl\":\"https:\/\/yazmed.ma\/wp-content\/uploads\/2024\/12\/bande-de-resine.webp\",\"datePublished\":\"2024-12-16T13:42:05+00:00\",\"dateModified\":\"2026-01-03T11:31:03+00:00\",\"breadcrumb\":{\"@id\":\"https:\/\/yazmed.ma\/product\/bande-de-resine-primecast\/#breadcrumb\"},\"inLanguage\":\"ary\",\"potentialAction\":[{\"@type\":\"ReadAction\",\"target\":[\"https:\/\/yazmed.ma\/product\/bande-de-resine-primecast\/\"]}]},{\"@type\":\"ImageObject\",\"inLanguage\":\"ary\",\"@id\":\"https:\/\/yazmed.ma\/product\/bande-de-resine-primecast\/#primaryimage\",\"url\":\"https:\/\/yazmed.ma\/wp-content\/uploads\/2024\/12\/bande-de-resine.webp\",\"contentUrl\":\"https:\/\/yazmed.ma\/wp-content\/uploads\/2024\/12\/bande-de-resine.webp\",\"width\":450,\"height\":450,\"caption\":\"BANDE DE R\u00c9SINE\"},{\"@type\":\"BreadcrumbList\",\"@id\":\"https:\/\/yazmed.ma\/product\/bande-de-resine-primecast\/#breadcrumb\",\"itemListElement\":[{\"@type\":\"ListItem\",\"position\":1,\"name\":\"Accueil\",\"item\":\"https:\/\/yazmed.ma\/\"},{\"@type\":\"ListItem\",\"position\":2,\"name\":\"Shop\",\"item\":\"https:\/\/yazmed.ma\/shop-2\/\"},{\"@type\":\"ListItem\",\"position\":3,\"name\":\"BANDE DE R\u00c9SINE \/ PRIMECAST\"}]},{\"@type\":\"WebSite\",\"@id\":\"https:\/\/yazmed.ma\/#website\",\"url\":\"https:\/\/yazmed.ma\/\",\"name\":\"Yazmed\",\"description\":\"LEADER DU MAT\u00c9RIEL M\u00c9DICAL AU MAROC\",\"publisher\":{\"@id\":\"https:\/\/yazmed.ma\/#organization\"},\"potentialAction\":[{\"@type\":\"SearchAction\",\"target\":{\"@type\":\"EntryPoint\",\"urlTemplate\":\"https:\/\/yazmed.ma\/?s={search_term_string}\"},\"query-input\":{\"@type\":\"PropertyValueSpecification\",\"valueRequired\":true,\"valueName\":\"search_term_string\"}}],\"inLanguage\":\"ary\"},{\"@type\":\"Organization\",\"@id\":\"https:\/\/yazmed.ma\/#organization\",\"name\":\"Yazmed Healthcare\",\"url\":\"https:\/\/yazmed.ma\/\",\"logo\":{\"@type\":\"ImageObject\",\"inLanguage\":\"ary\",\"@id\":\"https:\/\/yazmed.ma\/#\/schema\/logo\/image\/\",\"url\":\"https:\/\/yazmed.ma\/wp-content\/uploads\/2024\/12\/3.png\",\"contentUrl\":\"https:\/\/yazmed.ma\/wp-content\/uploads\/2024\/12\/3.png\",\"width\":250,\"height\":70,\"caption\":\"Yazmed Healthcare\"},\"image\":{\"@id\":\"https:\/\/yazmed.ma\/#\/schema\/logo\/image\/\"},\"sameAs\":[\"https:\/\/www.facebook.com\/azenkouky\",\"https:\/\/www.instagram.com\/yazmedhealthcare\",\"https:\/\/www.linkedin.com\/in\/yazmed-healthcare-1b4955295\"]}]}<\/script>\n<!-- \/ Yoast SEO plugin. -->","yoast_head_json":{"title":"BANDE DE R\u00c9SINE 7 - YAZMED","robots":{"index":"index","follow":"follow","max-snippet":"max-snippet:-1","max-image-preview":"max-image-preview:large","max-video-preview":"max-video-preview:-1"},"canonical":"https:\/\/yazmed.ma\/ar\/product\/bande-de-resine-primecast\/","og_locale":"ar_AR","og_type":"article","og_title":"BANDE DE R\u00c9SINE 7 - YAZMED","og_description":"La Bande de r\u00e9sine pr\u00e9vue pour l\u2019immobilisation apr\u00e8s \u00a0fracture, op\u00e9rations et corrections orthop\u00e9diques ainsi que pour le traitement ost\u00e9opathique et de maladies articulaires. Pour la mise en place de bandage \u00e0 attelle et pour le renforcement de bandages circulaires. Cette Bande de r\u00e9sine offre une stabilit\u00e9, en toute simplicit\u00e9 e \u00e0 tous les contours du corps","og_url":"https:\/\/yazmed.ma\/ar\/product\/bande-de-resine-primecast\/","og_site_name":"YAZMED","article_publisher":"https:\/\/www.facebook.com\/azenkouky","article_modified_time":"2026-01-03T11:31:03+00:00","og_image":[{"width":1036,"height":1029,"url":"https:\/\/yazmed.ma\/wp-content\/uploads\/2024\/12\/bande-de-resine.jpg","type":"image\/jpeg"}],"twitter_card":"summary_large_image","twitter_misc":{"Est. reading time":"1 minute"},"schema":{"@context":"https:\/\/schema.org","@graph":[{"@type":"WebPage","@id":"https:\/\/yazmed.ma\/product\/bande-de-resine-primecast\/","url":"https:\/\/yazmed.ma\/product\/bande-de-resine-primecast\/","name":"BANDE DE R\u00c9SINE 7 - YAZMED","isPartOf":{"@id":"https:\/\/yazmed.ma\/#website"},"primaryImageOfPage":{"@id":"https:\/\/yazmed.ma\/product\/bande-de-resine-primecast\/#primaryimage"},"image":{"@id":"https:\/\/yazmed.ma\/product\/bande-de-resine-primecast\/#primaryimage"},"thumbnailUrl":"https:\/\/yazmed.ma\/wp-content\/uploads\/2024\/12\/bande-de-resine.webp","datePublished":"2024-12-16T13:42:05+00:00","dateModified":"2026-01-03T11:31:03+00:00","breadcrumb":{"@id":"https:\/\/yazmed.ma\/product\/bande-de-resine-primecast\/#breadcrumb"},"inLanguage":"ary","potentialAction":[{"@type":"ReadAction","target":["https:\/\/yazmed.ma\/product\/bande-de-resine-primecast\/"]}]},{"@type":"ImageObject","inLanguage":"ary","@id":"https:\/\/yazmed.ma\/product\/bande-de-resine-primecast\/#primaryimage","url":"https:\/\/yazmed.ma\/wp-content\/uploads\/2024\/12\/bande-de-resine.webp","contentUrl":"https:\/\/yazmed.ma\/wp-content\/uploads\/2024\/12\/bande-de-resine.webp","width":450,"height":450,"caption":"BANDE DE R\u00c9SINE"},{"@type":"BreadcrumbList","@id":"https:\/\/yazmed.ma\/product\/bande-de-resine-primecast\/#breadcrumb","itemListElement":[{"@type":"ListItem","position":1,"name":"Accueil","item":"https:\/\/yazmed.ma\/"},{"@type":"ListItem","position":2,"name":"Shop","item":"https:\/\/yazmed.ma\/shop-2\/"},{"@type":"ListItem","position":3,"name":"BANDE DE R\u00c9SINE \/ PRIMECAST"}]},{"@type":"WebSite","@id":"https:\/\/yazmed.ma\/#website","url":"https:\/\/yazmed.ma\/","name":"Yazmed","description":"LEADER DU MAT\u00c9RIEL M\u00c9DICAL AU MAROC","publisher":{"@id":"https:\/\/yazmed.ma\/#organization"},"potentialAction":[{"@type":"SearchAction","target":{"@type":"EntryPoint","urlTemplate":"https:\/\/yazmed.ma\/?s={search_term_string}"},"query-input":{"@type":"PropertyValueSpecification","valueRequired":true,"valueName":"search_term_string"}}],"inLanguage":"ary"},{"@type":"Organization","@id":"https:\/\/yazmed.ma\/#organization","name":"Yazmed Healthcare","url":"https:\/\/yazmed.ma\/","logo":{"@type":"ImageObject","inLanguage":"ary","@id":"https:\/\/yazmed.ma\/#\/schema\/logo\/image\/","url":"https:\/\/yazmed.ma\/wp-content\/uploads\/2024\/12\/3.png","contentUrl":"https:\/\/yazmed.ma\/wp-content\/uploads\/2024\/12\/3.png","width":250,"height":70,"caption":"Yazmed Healthcare"},"image":{"@id":"https:\/\/yazmed.ma\/#\/schema\/logo\/image\/"},"sameAs":["https:\/\/www.facebook.com\/azenkouky","https:\/\/www.instagram.com\/yazmedhealthcare","https:\/\/www.linkedin.com\/in\/yazmed-healthcare-1b4955295"]}]}},"_links":{"self":[{"href":"https:\/\/yazmed.ma\/ar\/wp-json\/wp\/v2\/product\/1074","targetHints":{"allow":["GET"]}}],"collection":[{"href":"https:\/\/yazmed.ma\/ar\/wp-json\/wp\/v2\/product"}],"about":[{"href":"https:\/\/yazmed.ma\/ar\/wp-json\/wp\/v2\/types\/product"}],"replies":[{"embeddable":true,"href":"https:\/\/yazmed.ma\/ar\/wp-json\/wp\/v2\/comments?post=1074"}],"version-history":[{"count":1,"href":"https:\/\/yazmed.ma\/ar\/wp-json\/wp\/v2\/product\/1074\/revisions"}],"predecessor-version":[{"id":3046,"href":"https:\/\/yazmed.ma\/ar\/wp-json\/wp\/v2\/product\/1074\/revisions\/3046"}],"wp:featuredmedia":[{"embeddable":true,"href":"https:\/\/yazmed.ma\/ar\/wp-json\/wp\/v2\/media\/3047"}],"wp:attachment":[{"href":"https:\/\/yazmed.ma\/ar\/wp-json\/wp\/v2\/media?parent=1074"}],"wp:term":[{"taxonomy":"product_brand","embeddable":true,"href":"https:\/\/yazmed.ma\/ar\/wp-json\/wp\/v2\/product_brand?post=1074"},{"taxonomy":"product_cat","embeddable":true,"href":"https:\/\/yazmed.ma\/ar\/wp-json\/wp\/v2\/product_cat?post=1074"},{"taxonomy":"product_tag","embeddable":true,"href":"https:\/\/yazmed.ma\/ar\/wp-json\/wp\/v2\/product_tag?post=1074"}],"curies":[{"name":"wp","href":"https:\/\/api.w.org\/{rel}","templated":true}]}}