{"id":1071,"date":"2024-12-16T13:31:33","date_gmt":"2024-12-16T13:31:33","guid":{"rendered":"https:\/\/yazmed.ma\/?post_type=product&#038;p=1071"},"modified":"2025-12-15T18:53:30","modified_gmt":"2025-12-15T18:53:30","slug":"bandelettes-urinaires-insight-expert-11p","status":"publish","type":"product","link":"https:\/\/yazmed.ma\/ar\/product\/bandelettes-urinaires-insight-expert-11p\/","title":{"rendered":"Bandelettes urinaires Insight Expert 11P"},"content":{"rendered":"<h3 data-start=\"476\" data-end=\"515\"><strong data-start=\"483\" data-end=\"515\">\u00a0 \u00a0 \u00a0<img decoding=\"async\" class=\"emoji\" role=\"img\" draggable=\"false\" src=\"https:\/\/s.w.org\/images\/core\/emoji\/16.0.1\/svg\/2705.svg\" alt=\"\u2705\" \/>\u00a0Caract\u00e9ristiques:<\/strong><\/h3>\n<ul>\n<li data-start=\"518\" data-end=\"676\"><strong data-start=\"518\" data-end=\"542\">\u00a011 param\u00e8tres test\u00e9s<\/strong>\u00a0: glucose, prot\u00e9ines, pH, sang, leucocytes, nitrites, corps c\u00e9toniques, bilirubine, urobilinog\u00e8ne, densit\u00e9 urinaire, acide ascorbique<\/li>\n<li data-start=\"679\" data-end=\"707\"><strong data-start=\"679\" data-end=\"707\">R\u00e9sultats en 60 secondes<\/strong><\/li>\n<li data-start=\"679\" data-end=\"707\"><strong data-start=\"710\" data-end=\"754\">Lecture facile par changement de couleur<br \/>\n<\/strong><strong data-start=\"757\" data-end=\"811\"><img decoding=\"async\" class=\"emoji\" role=\"img\" draggable=\"false\" src=\"https:\/\/s.w.org\/images\/core\/emoji\/16.0.1\/svg\/2705.svg\" alt=\"\u2705\" \/>\u00a0\u00a0Convient pour un usage professionnel ou domestique<\/strong><\/li>\n<li data-start=\"757\" data-end=\"811\"><strong data-start=\"814\" data-end=\"885\"><img decoding=\"async\" class=\"emoji\" role=\"img\" draggable=\"false\" src=\"https:\/\/s.w.org\/images\/core\/emoji\/16.0.1\/svg\/2705.svg\" alt=\"\u2705\" \/>\u00a0Compatible avec les analyseurs automatiques ou une lecture manuelle<\/strong><\/li>\n<\/ul>","protected":false},"excerpt":{"rendered":"<h4>Bandelettes urinaires Insight Expert 11P<\/h4>\n<p>les bandelette urinaire \u00a0sert \u00e0 r\u00e9aliser des analyses m\u00e9dicales rapides permettant de detecter\u00a0 certains probl\u00e8mes de sant\u00e9, dont les infections des voies urinaires, la jaunisse, ou certains probl\u00e8mes r\u00e9naux. La bandelette urinaire r\u00e9active immerg\u00e9e bri\u00e8vement dans l&rsquo;<a title=\"Urine\" href=\"https:\/\/fr.wikipedia.org\/wiki\/Urine\">urine<\/a><\/p>","protected":false},"featured_media":2953,"comment_status":"open","ping_status":"closed","template":"","meta":[],"product_brand":[],"product_cat":[52],"product_tag":[240],"class_list":{"0":"post-1071","1":"product","2":"type-product","3":"status-publish","4":"has-post-thumbnail","6":"product_cat-consommable-medical","7":"product_tag-bandelettes-urinaires-insight-expert-11p","9":"first","10":"instock","11":"sale","12":"taxable","13":"shipping-taxable","14":"purchasable","15":"product-type-simple"},"yoast_head":"<!-- This site is optimized with the Yoast SEO plugin v26.9 - https:\/\/yoast.com\/product\/yoast-seo-wordpress\/ -->\n<title>Bandelettes urinaires Insight Expert 11P - YAZMED<\/title>\n<meta name=\"robots\" content=\"index, follow, max-snippet:-1, max-image-preview:large, max-video-preview:-1\" \/>\n<link rel=\"canonical\" href=\"https:\/\/yazmed.ma\/ar\/product\/bandelettes-urinaires-insight-expert-11p\/\" \/>\n<meta property=\"og:locale\" content=\"ar_AR\" \/>\n<meta property=\"og:type\" content=\"article\" \/>\n<meta property=\"og:title\" content=\"Bandelettes urinaires Insight Expert 11P - YAZMED\" \/>\n<meta property=\"og:description\" content=\"Bandelettes urinaires Insight Expert 11P les bandelette urinaire \u00a0sert \u00e0 r\u00e9aliser des analyses m\u00e9dicales rapides permettant de detecter\u00a0 certains probl\u00e8mes de sant\u00e9, dont les infections des voies urinaires, la jaunisse, ou certains probl\u00e8mes r\u00e9naux. La bandelette urinaire r\u00e9active immerg\u00e9e bri\u00e8vement dans l&#039;urine\" \/>\n<meta property=\"og:url\" content=\"https:\/\/yazmed.ma\/ar\/product\/bandelettes-urinaires-insight-expert-11p\/\" \/>\n<meta property=\"og:site_name\" content=\"YAZMED\" \/>\n<meta property=\"article:publisher\" content=\"https:\/\/www.facebook.com\/azenkouky\" \/>\n<meta property=\"article:modified_time\" content=\"2025-12-15T18:53:30+00:00\" \/>\n<meta property=\"og:image\" content=\"https:\/\/yazmed.ma\/wp-content\/uploads\/2024\/12\/Design-sans-titre-93.png\" \/>\n\t<meta property=\"og:image:width\" content=\"570\" \/>\n\t<meta property=\"og:image:height\" content=\"517\" \/>\n\t<meta property=\"og:image:type\" content=\"image\/png\" \/>\n<meta name=\"twitter:card\" content=\"summary_large_image\" \/>\n<meta name=\"twitter:label1\" content=\"Est. reading time\" \/>\n\t<meta name=\"twitter:data1\" content=\"1 minute\" \/>\n<script type=\"application\/ld+json\" class=\"yoast-schema-graph\">{\"@context\":\"https:\/\/schema.org\",\"@graph\":[{\"@type\":\"WebPage\",\"@id\":\"https:\/\/yazmed.ma\/product\/bandelettes-urinaires-insight-expert-11p\/\",\"url\":\"https:\/\/yazmed.ma\/product\/bandelettes-urinaires-insight-expert-11p\/\",\"name\":\"Bandelettes urinaires Insight Expert 11P - YAZMED\",\"isPartOf\":{\"@id\":\"https:\/\/yazmed.ma\/#website\"},\"primaryImageOfPage\":{\"@id\":\"https:\/\/yazmed.ma\/product\/bandelettes-urinaires-insight-expert-11p\/#primaryimage\"},\"image\":{\"@id\":\"https:\/\/yazmed.ma\/product\/bandelettes-urinaires-insight-expert-11p\/#primaryimage\"},\"thumbnailUrl\":\"https:\/\/yazmed.ma\/wp-content\/uploads\/2024\/12\/Bandelettes-urinaires-Insight-Expert-11P.webp\",\"datePublished\":\"2024-12-16T13:31:33+00:00\",\"dateModified\":\"2025-12-15T18:53:30+00:00\",\"breadcrumb\":{\"@id\":\"https:\/\/yazmed.ma\/product\/bandelettes-urinaires-insight-expert-11p\/#breadcrumb\"},\"inLanguage\":\"ary\",\"potentialAction\":[{\"@type\":\"ReadAction\",\"target\":[\"https:\/\/yazmed.ma\/product\/bandelettes-urinaires-insight-expert-11p\/\"]}]},{\"@type\":\"ImageObject\",\"inLanguage\":\"ary\",\"@id\":\"https:\/\/yazmed.ma\/product\/bandelettes-urinaires-insight-expert-11p\/#primaryimage\",\"url\":\"https:\/\/yazmed.ma\/wp-content\/uploads\/2024\/12\/Bandelettes-urinaires-Insight-Expert-11P.webp\",\"contentUrl\":\"https:\/\/yazmed.ma\/wp-content\/uploads\/2024\/12\/Bandelettes-urinaires-Insight-Expert-11P.webp\",\"width\":570,\"height\":517,\"caption\":\"Bandelettes urinaires Insight Expert 11P\"},{\"@type\":\"BreadcrumbList\",\"@id\":\"https:\/\/yazmed.ma\/product\/bandelettes-urinaires-insight-expert-11p\/#breadcrumb\",\"itemListElement\":[{\"@type\":\"ListItem\",\"position\":1,\"name\":\"Accueil\",\"item\":\"https:\/\/yazmed.ma\/\"},{\"@type\":\"ListItem\",\"position\":2,\"name\":\"Shop\",\"item\":\"https:\/\/yazmed.ma\/shop-2\/\"},{\"@type\":\"ListItem\",\"position\":3,\"name\":\"Bandelettes urinaires Insight Expert 11P\"}]},{\"@type\":\"WebSite\",\"@id\":\"https:\/\/yazmed.ma\/#website\",\"url\":\"https:\/\/yazmed.ma\/\",\"name\":\"Yazmed\",\"description\":\"LEADER DU MAT\u00c9RIEL M\u00c9DICAL AU MAROC\",\"publisher\":{\"@id\":\"https:\/\/yazmed.ma\/#organization\"},\"potentialAction\":[{\"@type\":\"SearchAction\",\"target\":{\"@type\":\"EntryPoint\",\"urlTemplate\":\"https:\/\/yazmed.ma\/?s={search_term_string}\"},\"query-input\":{\"@type\":\"PropertyValueSpecification\",\"valueRequired\":true,\"valueName\":\"search_term_string\"}}],\"inLanguage\":\"ary\"},{\"@type\":\"Organization\",\"@id\":\"https:\/\/yazmed.ma\/#organization\",\"name\":\"Yazmed Healthcare\",\"url\":\"https:\/\/yazmed.ma\/\",\"logo\":{\"@type\":\"ImageObject\",\"inLanguage\":\"ary\",\"@id\":\"https:\/\/yazmed.ma\/#\/schema\/logo\/image\/\",\"url\":\"https:\/\/yazmed.ma\/wp-content\/uploads\/2024\/12\/3.png\",\"contentUrl\":\"https:\/\/yazmed.ma\/wp-content\/uploads\/2024\/12\/3.png\",\"width\":250,\"height\":70,\"caption\":\"Yazmed Healthcare\"},\"image\":{\"@id\":\"https:\/\/yazmed.ma\/#\/schema\/logo\/image\/\"},\"sameAs\":[\"https:\/\/www.facebook.com\/azenkouky\",\"https:\/\/www.instagram.com\/yazmedhealthcare\",\"https:\/\/www.linkedin.com\/in\/yazmed-healthcare-1b4955295\"]}]}<\/script>\n<!-- \/ Yoast SEO plugin. -->","yoast_head_json":{"title":"Bandelettes urinaires Insight Expert 11P - YAZMED","robots":{"index":"index","follow":"follow","max-snippet":"max-snippet:-1","max-image-preview":"max-image-preview:large","max-video-preview":"max-video-preview:-1"},"canonical":"https:\/\/yazmed.ma\/ar\/product\/bandelettes-urinaires-insight-expert-11p\/","og_locale":"ar_AR","og_type":"article","og_title":"Bandelettes urinaires Insight Expert 11P - YAZMED","og_description":"Bandelettes urinaires Insight Expert 11P les bandelette urinaire \u00a0sert \u00e0 r\u00e9aliser des analyses m\u00e9dicales rapides permettant de detecter\u00a0 certains probl\u00e8mes de sant\u00e9, dont les infections des voies urinaires, la jaunisse, ou certains probl\u00e8mes r\u00e9naux. La bandelette urinaire r\u00e9active immerg\u00e9e bri\u00e8vement dans l'urine","og_url":"https:\/\/yazmed.ma\/ar\/product\/bandelettes-urinaires-insight-expert-11p\/","og_site_name":"YAZMED","article_publisher":"https:\/\/www.facebook.com\/azenkouky","article_modified_time":"2025-12-15T18:53:30+00:00","og_image":[{"width":570,"height":517,"url":"https:\/\/yazmed.ma\/wp-content\/uploads\/2024\/12\/Design-sans-titre-93.png","type":"image\/png"}],"twitter_card":"summary_large_image","twitter_misc":{"Est. reading time":"1 minute"},"schema":{"@context":"https:\/\/schema.org","@graph":[{"@type":"WebPage","@id":"https:\/\/yazmed.ma\/product\/bandelettes-urinaires-insight-expert-11p\/","url":"https:\/\/yazmed.ma\/product\/bandelettes-urinaires-insight-expert-11p\/","name":"Bandelettes urinaires Insight Expert 11P - YAZMED","isPartOf":{"@id":"https:\/\/yazmed.ma\/#website"},"primaryImageOfPage":{"@id":"https:\/\/yazmed.ma\/product\/bandelettes-urinaires-insight-expert-11p\/#primaryimage"},"image":{"@id":"https:\/\/yazmed.ma\/product\/bandelettes-urinaires-insight-expert-11p\/#primaryimage"},"thumbnailUrl":"https:\/\/yazmed.ma\/wp-content\/uploads\/2024\/12\/Bandelettes-urinaires-Insight-Expert-11P.webp","datePublished":"2024-12-16T13:31:33+00:00","dateModified":"2025-12-15T18:53:30+00:00","breadcrumb":{"@id":"https:\/\/yazmed.ma\/product\/bandelettes-urinaires-insight-expert-11p\/#breadcrumb"},"inLanguage":"ary","potentialAction":[{"@type":"ReadAction","target":["https:\/\/yazmed.ma\/product\/bandelettes-urinaires-insight-expert-11p\/"]}]},{"@type":"ImageObject","inLanguage":"ary","@id":"https:\/\/yazmed.ma\/product\/bandelettes-urinaires-insight-expert-11p\/#primaryimage","url":"https:\/\/yazmed.ma\/wp-content\/uploads\/2024\/12\/Bandelettes-urinaires-Insight-Expert-11P.webp","contentUrl":"https:\/\/yazmed.ma\/wp-content\/uploads\/2024\/12\/Bandelettes-urinaires-Insight-Expert-11P.webp","width":570,"height":517,"caption":"Bandelettes urinaires Insight Expert 11P"},{"@type":"BreadcrumbList","@id":"https:\/\/yazmed.ma\/product\/bandelettes-urinaires-insight-expert-11p\/#breadcrumb","itemListElement":[{"@type":"ListItem","position":1,"name":"Accueil","item":"https:\/\/yazmed.ma\/"},{"@type":"ListItem","position":2,"name":"Shop","item":"https:\/\/yazmed.ma\/shop-2\/"},{"@type":"ListItem","position":3,"name":"Bandelettes urinaires Insight Expert 11P"}]},{"@type":"WebSite","@id":"https:\/\/yazmed.ma\/#website","url":"https:\/\/yazmed.ma\/","name":"Yazmed","description":"LEADER DU MAT\u00c9RIEL M\u00c9DICAL AU MAROC","publisher":{"@id":"https:\/\/yazmed.ma\/#organization"},"potentialAction":[{"@type":"SearchAction","target":{"@type":"EntryPoint","urlTemplate":"https:\/\/yazmed.ma\/?s={search_term_string}"},"query-input":{"@type":"PropertyValueSpecification","valueRequired":true,"valueName":"search_term_string"}}],"inLanguage":"ary"},{"@type":"Organization","@id":"https:\/\/yazmed.ma\/#organization","name":"Yazmed Healthcare","url":"https:\/\/yazmed.ma\/","logo":{"@type":"ImageObject","inLanguage":"ary","@id":"https:\/\/yazmed.ma\/#\/schema\/logo\/image\/","url":"https:\/\/yazmed.ma\/wp-content\/uploads\/2024\/12\/3.png","contentUrl":"https:\/\/yazmed.ma\/wp-content\/uploads\/2024\/12\/3.png","width":250,"height":70,"caption":"Yazmed Healthcare"},"image":{"@id":"https:\/\/yazmed.ma\/#\/schema\/logo\/image\/"},"sameAs":["https:\/\/www.facebook.com\/azenkouky","https:\/\/www.instagram.com\/yazmedhealthcare","https:\/\/www.linkedin.com\/in\/yazmed-healthcare-1b4955295"]}]}},"_links":{"self":[{"href":"https:\/\/yazmed.ma\/ar\/wp-json\/wp\/v2\/product\/1071","targetHints":{"allow":["GET"]}}],"collection":[{"href":"https:\/\/yazmed.ma\/ar\/wp-json\/wp\/v2\/product"}],"about":[{"href":"https:\/\/yazmed.ma\/ar\/wp-json\/wp\/v2\/types\/product"}],"replies":[{"embeddable":true,"href":"https:\/\/yazmed.ma\/ar\/wp-json\/wp\/v2\/comments?post=1071"}],"version-history":[{"count":1,"href":"https:\/\/yazmed.ma\/ar\/wp-json\/wp\/v2\/product\/1071\/revisions"}],"predecessor-version":[{"id":2853,"href":"https:\/\/yazmed.ma\/ar\/wp-json\/wp\/v2\/product\/1071\/revisions\/2853"}],"wp:featuredmedia":[{"embeddable":true,"href":"https:\/\/yazmed.ma\/ar\/wp-json\/wp\/v2\/media\/2953"}],"wp:attachment":[{"href":"https:\/\/yazmed.ma\/ar\/wp-json\/wp\/v2\/media?parent=1071"}],"wp:term":[{"taxonomy":"product_brand","embeddable":true,"href":"https:\/\/yazmed.ma\/ar\/wp-json\/wp\/v2\/product_brand?post=1071"},{"taxonomy":"product_cat","embeddable":true,"href":"https:\/\/yazmed.ma\/ar\/wp-json\/wp\/v2\/product_cat?post=1071"},{"taxonomy":"product_tag","embeddable":true,"href":"https:\/\/yazmed.ma\/ar\/wp-json\/wp\/v2\/product_tag?post=1071"}],"curies":[{"name":"wp","href":"https:\/\/api.w.org\/{rel}","templated":true}]}}