{"id":1065,"date":"2024-12-16T13:21:16","date_gmt":"2024-12-16T13:21:16","guid":{"rendered":"https:\/\/yazmed.ma\/?post_type=product&#038;p=1065"},"modified":"2026-01-03T10:47:57","modified_gmt":"2026-01-03T10:47:57","slug":"test-de-grossesse-hcg-25","status":"publish","type":"product","link":"https:\/\/yazmed.ma\/ar\/product\/test-de-grossesse-hcg-25\/","title":{"rendered":"TEST DE GROSSESSE HCG 25"},"content":{"rendered":"<h3><strong><img decoding=\"async\" class=\"emoji\" role=\"img\" draggable=\"false\" src=\"https:\/\/s.w.org\/images\/core\/emoji\/16.0.1\/svg\/2705.svg\" alt=\"\u2705\" \/>Caract\u00e9ristiques du Test De Grossesse HEALGEN\u00a0<\/strong><\/h3>\n<p><strong><img decoding=\"async\" class=\"emoji\" role=\"img\" draggable=\"false\" src=\"https:\/\/s.w.org\/images\/core\/emoji\/16.0.1\/svg\/2705.svg\" alt=\"\u2705\" \/>Haute Sensibilit\u00e9<\/strong> : D\u00e9tecte des niveaux bas de l\u2019hormone\u00a0 pour des r\u00e9sultats plus pr\u00e9coces.<\/p>\n<p><strong><img decoding=\"async\" class=\"emoji\" role=\"img\" draggable=\"false\" src=\"https:\/\/s.w.org\/images\/core\/emoji\/16.0.1\/svg\/2705.svg\" alt=\"\u2705\" \/>R\u00e9sultats Rapides<\/strong>\u00a0: Obtenez des r\u00e9sultats clairs en moins de 5 minutes.<\/p>\n<p><strong><img decoding=\"async\" class=\"emoji\" role=\"img\" draggable=\"false\" src=\"https:\/\/s.w.org\/images\/core\/emoji\/16.0.1\/svg\/2705.svg\" alt=\"\u2705\" \/>Facilit\u00e9 d\u2019Utilisation<\/strong>\u00a0: Simple et pratique, id\u00e9al pour un usage \u00e0 domicile.<\/p>\n<p><strong><img decoding=\"async\" class=\"emoji\" role=\"img\" draggable=\"false\" src=\"https:\/\/s.w.org\/images\/core\/emoji\/16.0.1\/svg\/2705.svg\" alt=\"\u2705\" \/>Pr\u00e9cision Fiable<\/strong>\u00a0: Con\u00e7u pour minimiser les faux n\u00e9gatifs et offrir des r\u00e9sultats pr\u00e9cis.<\/p>\n<p><img decoding=\"async\" class=\"\" src=\"https:\/\/eclazon.ma\/wp-content\/uploads\/2024\/07\/healgen-logo-200x100.jpg\" width=\"98\" height=\"49\" \/><\/p>","protected":false},"excerpt":{"rendered":"<h4>Test grossesse HCG<\/h4>\n<p>Test de grossesse <a href=\"https:\/\/www.cerballiance.fr\/fr\/blog\/grossesse\/beta-hcg-le-test-de-grossesse\">HCG<\/a>, con\u00e7u pour vous offrir des r\u00e9sultats rapides et fiables d\u00e8s le premier jour de retard de r\u00e8gles. Avec une sensibilit\u00e9 \u00e9lev\u00e9e pour d\u00e9tecter l\u2019hormone hCG, notre test vous permet de conna\u00eetre votre statut de grossesse en moins de 5 minute<\/p>\n<p><img decoding=\"async\" class=\"\" src=\"https:\/\/eclazon.ma\/wp-content\/uploads\/2024\/07\/healgen-logo-200x100.jpg\" width=\"98\" height=\"49\" \/><\/p>\n<p>&nbsp;<\/p>\n<p>&nbsp;<\/p>","protected":false},"featured_media":3044,"comment_status":"open","ping_status":"closed","template":"","meta":[],"product_brand":[],"product_cat":[52],"product_tag":[],"class_list":{"0":"post-1065","1":"product","2":"type-product","3":"status-publish","4":"has-post-thumbnail","6":"product_cat-consommable-medical","8":"first","9":"instock","10":"taxable","11":"shipping-taxable","12":"purchasable","13":"product-type-simple"},"yoast_head":"<!-- This site is optimized with the Yoast SEO plugin v26.9 - https:\/\/yoast.com\/product\/yoast-seo-wordpress\/ -->\n<title>TEST DE GROSSESSE HCG 25 - YAZMED<\/title>\n<meta name=\"robots\" content=\"index, follow, max-snippet:-1, max-image-preview:large, max-video-preview:-1\" \/>\n<link rel=\"canonical\" href=\"https:\/\/yazmed.ma\/ar\/product\/test-de-grossesse-hcg-healgen-conditionnement-boite-de-25-tests\/\" \/>\n<meta property=\"og:locale\" content=\"ar_AR\" \/>\n<meta property=\"og:type\" content=\"article\" \/>\n<meta property=\"og:title\" content=\"TEST DE GROSSESSE HCG 25 - YAZMED\" \/>\n<meta property=\"og:description\" content=\"Test grossesse HCG Test de grossesse HCG, con\u00e7u pour vous offrir des r\u00e9sultats rapides et fiables d\u00e8s le premier jour de retard de r\u00e8gles. Avec une sensibilit\u00e9 \u00e9lev\u00e9e pour d\u00e9tecter l\u2019hormone hCG, notre test vous permet de conna\u00eetre votre statut de grossesse en moins de 5 minute    &nbsp;  &nbsp;\" \/>\n<meta property=\"og:url\" content=\"https:\/\/yazmed.ma\/ar\/product\/test-de-grossesse-hcg-healgen-conditionnement-boite-de-25-tests\/\" \/>\n<meta property=\"og:site_name\" content=\"YAZMED\" \/>\n<meta property=\"article:publisher\" content=\"https:\/\/www.facebook.com\/azenkouky\" \/>\n<meta property=\"article:modified_time\" content=\"2026-01-03T10:47:57+00:00\" \/>\n<meta property=\"og:image\" content=\"https:\/\/yazmed.ma\/wp-content\/uploads\/2024\/12\/Design-sans-titre-94.png\" \/>\n\t<meta property=\"og:image:width\" content=\"570\" \/>\n\t<meta property=\"og:image:height\" content=\"517\" \/>\n\t<meta property=\"og:image:type\" content=\"image\/png\" \/>\n<meta name=\"twitter:card\" content=\"summary_large_image\" \/>\n<meta name=\"twitter:label1\" content=\"Est. reading time\" \/>\n\t<meta name=\"twitter:data1\" content=\"1 minute\" \/>\n<script type=\"application\/ld+json\" class=\"yoast-schema-graph\">{\"@context\":\"https:\/\/schema.org\",\"@graph\":[{\"@type\":\"WebPage\",\"@id\":\"https:\/\/yazmed.ma\/product\/test-de-grossesse-hcg-healgen-conditionnement-boite-de-25-tests\/\",\"url\":\"https:\/\/yazmed.ma\/product\/test-de-grossesse-hcg-healgen-conditionnement-boite-de-25-tests\/\",\"name\":\"TEST DE GROSSESSE HCG 25 - YAZMED\",\"isPartOf\":{\"@id\":\"https:\/\/yazmed.ma\/#website\"},\"primaryImageOfPage\":{\"@id\":\"https:\/\/yazmed.ma\/product\/test-de-grossesse-hcg-healgen-conditionnement-boite-de-25-tests\/#primaryimage\"},\"image\":{\"@id\":\"https:\/\/yazmed.ma\/product\/test-de-grossesse-hcg-healgen-conditionnement-boite-de-25-tests\/#primaryimage\"},\"thumbnailUrl\":\"https:\/\/yazmed.ma\/wp-content\/uploads\/2024\/12\/TEST-DE-GROSSESSE-HCG.webp\",\"datePublished\":\"2024-12-16T13:21:16+00:00\",\"dateModified\":\"2026-01-03T10:47:57+00:00\",\"breadcrumb\":{\"@id\":\"https:\/\/yazmed.ma\/product\/test-de-grossesse-hcg-healgen-conditionnement-boite-de-25-tests\/#breadcrumb\"},\"inLanguage\":\"ary\",\"potentialAction\":[{\"@type\":\"ReadAction\",\"target\":[\"https:\/\/yazmed.ma\/product\/test-de-grossesse-hcg-healgen-conditionnement-boite-de-25-tests\/\"]}]},{\"@type\":\"ImageObject\",\"inLanguage\":\"ary\",\"@id\":\"https:\/\/yazmed.ma\/product\/test-de-grossesse-hcg-healgen-conditionnement-boite-de-25-tests\/#primaryimage\",\"url\":\"https:\/\/yazmed.ma\/wp-content\/uploads\/2024\/12\/TEST-DE-GROSSESSE-HCG.webp\",\"contentUrl\":\"https:\/\/yazmed.ma\/wp-content\/uploads\/2024\/12\/TEST-DE-GROSSESSE-HCG.webp\",\"width\":450,\"height\":450,\"caption\":\"TEST DE GROSSESSE HCG\"},{\"@type\":\"BreadcrumbList\",\"@id\":\"https:\/\/yazmed.ma\/product\/test-de-grossesse-hcg-healgen-conditionnement-boite-de-25-tests\/#breadcrumb\",\"itemListElement\":[{\"@type\":\"ListItem\",\"position\":1,\"name\":\"Accueil\",\"item\":\"https:\/\/yazmed.ma\/\"},{\"@type\":\"ListItem\",\"position\":2,\"name\":\"Shop\",\"item\":\"https:\/\/yazmed.ma\/shop-2\/\"},{\"@type\":\"ListItem\",\"position\":3,\"name\":\"TEST DE GROSSESSE HCG \/ HEALGEN\"}]},{\"@type\":\"WebSite\",\"@id\":\"https:\/\/yazmed.ma\/#website\",\"url\":\"https:\/\/yazmed.ma\/\",\"name\":\"Yazmed\",\"description\":\"LEADER DU MAT\u00c9RIEL M\u00c9DICAL AU MAROC\",\"publisher\":{\"@id\":\"https:\/\/yazmed.ma\/#organization\"},\"potentialAction\":[{\"@type\":\"SearchAction\",\"target\":{\"@type\":\"EntryPoint\",\"urlTemplate\":\"https:\/\/yazmed.ma\/?s={search_term_string}\"},\"query-input\":{\"@type\":\"PropertyValueSpecification\",\"valueRequired\":true,\"valueName\":\"search_term_string\"}}],\"inLanguage\":\"ary\"},{\"@type\":\"Organization\",\"@id\":\"https:\/\/yazmed.ma\/#organization\",\"name\":\"Yazmed Healthcare\",\"url\":\"https:\/\/yazmed.ma\/\",\"logo\":{\"@type\":\"ImageObject\",\"inLanguage\":\"ary\",\"@id\":\"https:\/\/yazmed.ma\/#\/schema\/logo\/image\/\",\"url\":\"https:\/\/yazmed.ma\/wp-content\/uploads\/2024\/12\/3.png\",\"contentUrl\":\"https:\/\/yazmed.ma\/wp-content\/uploads\/2024\/12\/3.png\",\"width\":250,\"height\":70,\"caption\":\"Yazmed Healthcare\"},\"image\":{\"@id\":\"https:\/\/yazmed.ma\/#\/schema\/logo\/image\/\"},\"sameAs\":[\"https:\/\/www.facebook.com\/azenkouky\",\"https:\/\/www.instagram.com\/yazmedhealthcare\",\"https:\/\/www.linkedin.com\/in\/yazmed-healthcare-1b4955295\"]}]}<\/script>\n<!-- \/ Yoast SEO plugin. -->","yoast_head_json":{"title":"TEST DE GROSSESSE HCG 25 - YAZMED","robots":{"index":"index","follow":"follow","max-snippet":"max-snippet:-1","max-image-preview":"max-image-preview:large","max-video-preview":"max-video-preview:-1"},"canonical":"https:\/\/yazmed.ma\/ar\/product\/test-de-grossesse-hcg-healgen-conditionnement-boite-de-25-tests\/","og_locale":"ar_AR","og_type":"article","og_title":"TEST DE GROSSESSE HCG 25 - YAZMED","og_description":"Test grossesse HCG Test de grossesse HCG, con\u00e7u pour vous offrir des r\u00e9sultats rapides et fiables d\u00e8s le premier jour de retard de r\u00e8gles. Avec une sensibilit\u00e9 \u00e9lev\u00e9e pour d\u00e9tecter l\u2019hormone hCG, notre test vous permet de conna\u00eetre votre statut de grossesse en moins de 5 minute    &nbsp;  &nbsp;","og_url":"https:\/\/yazmed.ma\/ar\/product\/test-de-grossesse-hcg-healgen-conditionnement-boite-de-25-tests\/","og_site_name":"YAZMED","article_publisher":"https:\/\/www.facebook.com\/azenkouky","article_modified_time":"2026-01-03T10:47:57+00:00","og_image":[{"width":570,"height":517,"url":"https:\/\/yazmed.ma\/wp-content\/uploads\/2024\/12\/Design-sans-titre-94.png","type":"image\/png"}],"twitter_card":"summary_large_image","twitter_misc":{"Est. reading time":"1 minute"},"schema":{"@context":"https:\/\/schema.org","@graph":[{"@type":"WebPage","@id":"https:\/\/yazmed.ma\/product\/test-de-grossesse-hcg-healgen-conditionnement-boite-de-25-tests\/","url":"https:\/\/yazmed.ma\/product\/test-de-grossesse-hcg-healgen-conditionnement-boite-de-25-tests\/","name":"TEST DE GROSSESSE HCG 25 - YAZMED","isPartOf":{"@id":"https:\/\/yazmed.ma\/#website"},"primaryImageOfPage":{"@id":"https:\/\/yazmed.ma\/product\/test-de-grossesse-hcg-healgen-conditionnement-boite-de-25-tests\/#primaryimage"},"image":{"@id":"https:\/\/yazmed.ma\/product\/test-de-grossesse-hcg-healgen-conditionnement-boite-de-25-tests\/#primaryimage"},"thumbnailUrl":"https:\/\/yazmed.ma\/wp-content\/uploads\/2024\/12\/TEST-DE-GROSSESSE-HCG.webp","datePublished":"2024-12-16T13:21:16+00:00","dateModified":"2026-01-03T10:47:57+00:00","breadcrumb":{"@id":"https:\/\/yazmed.ma\/product\/test-de-grossesse-hcg-healgen-conditionnement-boite-de-25-tests\/#breadcrumb"},"inLanguage":"ary","potentialAction":[{"@type":"ReadAction","target":["https:\/\/yazmed.ma\/product\/test-de-grossesse-hcg-healgen-conditionnement-boite-de-25-tests\/"]}]},{"@type":"ImageObject","inLanguage":"ary","@id":"https:\/\/yazmed.ma\/product\/test-de-grossesse-hcg-healgen-conditionnement-boite-de-25-tests\/#primaryimage","url":"https:\/\/yazmed.ma\/wp-content\/uploads\/2024\/12\/TEST-DE-GROSSESSE-HCG.webp","contentUrl":"https:\/\/yazmed.ma\/wp-content\/uploads\/2024\/12\/TEST-DE-GROSSESSE-HCG.webp","width":450,"height":450,"caption":"TEST DE GROSSESSE HCG"},{"@type":"BreadcrumbList","@id":"https:\/\/yazmed.ma\/product\/test-de-grossesse-hcg-healgen-conditionnement-boite-de-25-tests\/#breadcrumb","itemListElement":[{"@type":"ListItem","position":1,"name":"Accueil","item":"https:\/\/yazmed.ma\/"},{"@type":"ListItem","position":2,"name":"Shop","item":"https:\/\/yazmed.ma\/shop-2\/"},{"@type":"ListItem","position":3,"name":"TEST DE GROSSESSE HCG \/ HEALGEN"}]},{"@type":"WebSite","@id":"https:\/\/yazmed.ma\/#website","url":"https:\/\/yazmed.ma\/","name":"Yazmed","description":"LEADER DU MAT\u00c9RIEL M\u00c9DICAL AU MAROC","publisher":{"@id":"https:\/\/yazmed.ma\/#organization"},"potentialAction":[{"@type":"SearchAction","target":{"@type":"EntryPoint","urlTemplate":"https:\/\/yazmed.ma\/?s={search_term_string}"},"query-input":{"@type":"PropertyValueSpecification","valueRequired":true,"valueName":"search_term_string"}}],"inLanguage":"ary"},{"@type":"Organization","@id":"https:\/\/yazmed.ma\/#organization","name":"Yazmed Healthcare","url":"https:\/\/yazmed.ma\/","logo":{"@type":"ImageObject","inLanguage":"ary","@id":"https:\/\/yazmed.ma\/#\/schema\/logo\/image\/","url":"https:\/\/yazmed.ma\/wp-content\/uploads\/2024\/12\/3.png","contentUrl":"https:\/\/yazmed.ma\/wp-content\/uploads\/2024\/12\/3.png","width":250,"height":70,"caption":"Yazmed Healthcare"},"image":{"@id":"https:\/\/yazmed.ma\/#\/schema\/logo\/image\/"},"sameAs":["https:\/\/www.facebook.com\/azenkouky","https:\/\/www.instagram.com\/yazmedhealthcare","https:\/\/www.linkedin.com\/in\/yazmed-healthcare-1b4955295"]}]}},"_links":{"self":[{"href":"https:\/\/yazmed.ma\/ar\/wp-json\/wp\/v2\/product\/1065","targetHints":{"allow":["GET"]}}],"collection":[{"href":"https:\/\/yazmed.ma\/ar\/wp-json\/wp\/v2\/product"}],"about":[{"href":"https:\/\/yazmed.ma\/ar\/wp-json\/wp\/v2\/types\/product"}],"replies":[{"embeddable":true,"href":"https:\/\/yazmed.ma\/ar\/wp-json\/wp\/v2\/comments?post=1065"}],"version-history":[{"count":1,"href":"https:\/\/yazmed.ma\/ar\/wp-json\/wp\/v2\/product\/1065\/revisions"}],"predecessor-version":[{"id":3043,"href":"https:\/\/yazmed.ma\/ar\/wp-json\/wp\/v2\/product\/1065\/revisions\/3043"}],"wp:featuredmedia":[{"embeddable":true,"href":"https:\/\/yazmed.ma\/ar\/wp-json\/wp\/v2\/media\/3044"}],"wp:attachment":[{"href":"https:\/\/yazmed.ma\/ar\/wp-json\/wp\/v2\/media?parent=1065"}],"wp:term":[{"taxonomy":"product_brand","embeddable":true,"href":"https:\/\/yazmed.ma\/ar\/wp-json\/wp\/v2\/product_brand?post=1065"},{"taxonomy":"product_cat","embeddable":true,"href":"https:\/\/yazmed.ma\/ar\/wp-json\/wp\/v2\/product_cat?post=1065"},{"taxonomy":"product_tag","embeddable":true,"href":"https:\/\/yazmed.ma\/ar\/wp-json\/wp\/v2\/product_tag?post=1065"}],"curies":[{"name":"wp","href":"https:\/\/api.w.org\/{rel}","templated":true}]}}