{"id":1055,"date":"2024-12-15T19:25:58","date_gmt":"2024-12-15T19:25:58","guid":{"rendered":"https:\/\/yazmed.ma\/?post_type=product&#038;p=1055"},"modified":"2025-12-22T19:03:39","modified_gmt":"2025-12-22T19:03:39","slug":"speculum-jetable-100p","status":"publish","type":"product","link":"https:\/\/yazmed.ma\/ar\/product\/speculum-jetable-100p\/","title":{"rendered":"SPECULUM JETABLE 100 P"},"content":{"rendered":"<h3><strong><img decoding=\"async\" class=\"emoji\" role=\"img\" draggable=\"false\" src=\"https:\/\/s.w.org\/images\/core\/emoji\/16.0.1\/svg\/2705.svg\" alt=\"\u2705\" \/>\u00a0\u00a0Avantages\u00a0<\/strong><\/h3>\n<ul>\n<li>R\u00e9duit le risque d\u2019infection gr\u00e2ce \u00e0 son utilisation unique.<\/li>\n<li>\u00c9limine les besoins de st\u00e9rilisation entre les examens.<\/li>\n<li>Pratique pour les cliniques, h\u00f4pitaux et cabinets m\u00e9dicaux.<\/li>\n<\/ul>\n<p>&nbsp;<\/p>\n<p><img decoding=\"async\" class=\"\" src=\"https:\/\/eclazon.ma\/wp-content\/uploads\/2024\/07\/logo-2012228122755354-300x168-1-200x100.jpg\" width=\"90\" height=\"45\" \/><\/p>","protected":false},"excerpt":{"rendered":"<h4>SPECULUM JETABLE\u00a0 100P<\/h4>\n<p><strong>sp\u00e9culum jetable<\/strong>\u00a0de haute qualit\u00e9, con\u00e7u pour assurer des examens\u00a0<a href=\"https:\/\/fr.wikipedia.org\/wiki\/Gyn%C3%A9cologie\">gyn\u00e9cologiques<\/a> s\u00fbrs et hygi\u00e9niques. Id\u00e9al pour les professionnels de sant\u00e9, j garantit une utilisation pratique et efficace lors des consultations m\u00e9dicales afin de d\u00e9pister le du\u00a0<a title=\"Col de l'ut\u00e9rus\" href=\"https:\/\/fr.wikipedia.org\/wiki\/Col_de_l%27ut%C3%A9rus\">col de l&rsquo;ut\u00e9rus<\/a>,<\/p>\n<h4><strong>Avantages :<\/strong><\/h4>\n<p>R\u00e9duit le risque d\u2019infection gr\u00e2ce \u00e0 son utilisation unique.<\/p>\n<p>\u00c9limine les besoins de st\u00e9rilisation entre les examens.<\/p>\n<p>Pratique pour les cliniques, h\u00f4pitaux et cabinets m\u00e9dicaux.<\/p>\n<p>&nbsp;<\/p>\n<p><img decoding=\"async\" class=\"\" src=\"https:\/\/eclazon.ma\/wp-content\/uploads\/2024\/07\/logo-2012228122755354-300x168-1-200x100.jpg\" width=\"90\" height=\"45\" \/><\/p>","protected":false},"featured_media":3020,"comment_status":"open","ping_status":"closed","template":"","meta":[],"product_brand":[],"product_cat":[52],"product_tag":[180,181],"class_list":{"0":"post-1055","1":"product","2":"type-product","3":"status-publish","4":"has-post-thumbnail","6":"product_cat-consommable-medical","7":"product_tag-speculum","8":"product_tag-speculum-jetable","10":"first","11":"instock","12":"taxable","13":"shipping-taxable","14":"purchasable","15":"product-type-variable"},"yoast_head":"<!-- This site is optimized with the Yoast SEO plugin v26.9 - https:\/\/yoast.com\/product\/yoast-seo-wordpress\/ -->\n<title>SPECULUM JETABLE 100 P - YAZMED<\/title>\n<meta name=\"robots\" content=\"index, follow, max-snippet:-1, max-image-preview:large, max-video-preview:-1\" \/>\n<link rel=\"canonical\" href=\"https:\/\/yazmed.ma\/ar\/product\/speculum-jetable-sumbow\/\" \/>\n<meta property=\"og:locale\" content=\"ar_AR\" \/>\n<meta property=\"og:type\" content=\"article\" \/>\n<meta property=\"og:title\" content=\"SPECULUM JETABLE 100 P - YAZMED\" \/>\n<meta property=\"og:description\" content=\"SPECULUM JETABLE\u00a0 100P sp\u00e9culum jetable\u00a0de haute qualit\u00e9, con\u00e7u pour assurer des examens\u00a0gyn\u00e9cologiques s\u00fbrs et hygi\u00e9niques. Id\u00e9al pour les professionnels de sant\u00e9, j garantit une utilisation pratique et efficace lors des consultations m\u00e9dicales afin de d\u00e9pister le du\u00a0col de l&#039;ut\u00e9rus, Avantages : R\u00e9duit le risque d\u2019infection gr\u00e2ce \u00e0 son utilisation unique.  \u00c9limine les besoins de st\u00e9rilisation entre les examens.  Pratique pour les cliniques, h\u00f4pitaux et cabinets m\u00e9dicaux.  &nbsp;\" \/>\n<meta property=\"og:url\" content=\"https:\/\/yazmed.ma\/ar\/product\/speculum-jetable-sumbow\/\" \/>\n<meta property=\"og:site_name\" content=\"YAZMED\" \/>\n<meta property=\"article:publisher\" content=\"https:\/\/www.facebook.com\/azenkouky\" \/>\n<meta property=\"article:modified_time\" content=\"2025-12-22T19:03:39+00:00\" \/>\n<meta property=\"og:image\" content=\"https:\/\/yazmed.ma\/wp-content\/uploads\/2024\/12\/Design-sans-titre-95.png\" \/>\n\t<meta property=\"og:image:width\" content=\"570\" \/>\n\t<meta property=\"og:image:height\" content=\"517\" \/>\n\t<meta property=\"og:image:type\" content=\"image\/png\" \/>\n<meta name=\"twitter:card\" content=\"summary_large_image\" \/>\n<meta name=\"twitter:label1\" content=\"Est. reading time\" \/>\n\t<meta name=\"twitter:data1\" content=\"1 minute\" \/>\n<script type=\"application\/ld+json\" class=\"yoast-schema-graph\">{\"@context\":\"https:\/\/schema.org\",\"@graph\":[{\"@type\":\"WebPage\",\"@id\":\"https:\/\/yazmed.ma\/product\/speculum-jetable-sumbow\/\",\"url\":\"https:\/\/yazmed.ma\/product\/speculum-jetable-sumbow\/\",\"name\":\"SPECULUM JETABLE 100 P - YAZMED\",\"isPartOf\":{\"@id\":\"https:\/\/yazmed.ma\/#website\"},\"primaryImageOfPage\":{\"@id\":\"https:\/\/yazmed.ma\/product\/speculum-jetable-sumbow\/#primaryimage\"},\"image\":{\"@id\":\"https:\/\/yazmed.ma\/product\/speculum-jetable-sumbow\/#primaryimage\"},\"thumbnailUrl\":\"https:\/\/yazmed.ma\/wp-content\/uploads\/2024\/12\/SPECULUM-JETABLE-100-P.webp\",\"datePublished\":\"2024-12-15T19:25:58+00:00\",\"dateModified\":\"2025-12-22T19:03:39+00:00\",\"breadcrumb\":{\"@id\":\"https:\/\/yazmed.ma\/product\/speculum-jetable-sumbow\/#breadcrumb\"},\"inLanguage\":\"ary\",\"potentialAction\":[{\"@type\":\"ReadAction\",\"target\":[\"https:\/\/yazmed.ma\/product\/speculum-jetable-sumbow\/\"]}]},{\"@type\":\"ImageObject\",\"inLanguage\":\"ary\",\"@id\":\"https:\/\/yazmed.ma\/product\/speculum-jetable-sumbow\/#primaryimage\",\"url\":\"https:\/\/yazmed.ma\/wp-content\/uploads\/2024\/12\/SPECULUM-JETABLE-100-P.webp\",\"contentUrl\":\"https:\/\/yazmed.ma\/wp-content\/uploads\/2024\/12\/SPECULUM-JETABLE-100-P.webp\",\"width\":450,\"height\":450,\"caption\":\"SPECULUM JETABLE 100 P\"},{\"@type\":\"BreadcrumbList\",\"@id\":\"https:\/\/yazmed.ma\/product\/speculum-jetable-sumbow\/#breadcrumb\",\"itemListElement\":[{\"@type\":\"ListItem\",\"position\":1,\"name\":\"Accueil\",\"item\":\"https:\/\/yazmed.ma\/\"},{\"@type\":\"ListItem\",\"position\":2,\"name\":\"Shop\",\"item\":\"https:\/\/yazmed.ma\/shop-2\/\"},{\"@type\":\"ListItem\",\"position\":3,\"name\":\"SPECULUM JETABLE \/ SUMBOW\"}]},{\"@type\":\"WebSite\",\"@id\":\"https:\/\/yazmed.ma\/#website\",\"url\":\"https:\/\/yazmed.ma\/\",\"name\":\"Yazmed\",\"description\":\"LEADER DU MAT\u00c9RIEL M\u00c9DICAL AU MAROC\",\"publisher\":{\"@id\":\"https:\/\/yazmed.ma\/#organization\"},\"potentialAction\":[{\"@type\":\"SearchAction\",\"target\":{\"@type\":\"EntryPoint\",\"urlTemplate\":\"https:\/\/yazmed.ma\/?s={search_term_string}\"},\"query-input\":{\"@type\":\"PropertyValueSpecification\",\"valueRequired\":true,\"valueName\":\"search_term_string\"}}],\"inLanguage\":\"ary\"},{\"@type\":\"Organization\",\"@id\":\"https:\/\/yazmed.ma\/#organization\",\"name\":\"Yazmed Healthcare\",\"url\":\"https:\/\/yazmed.ma\/\",\"logo\":{\"@type\":\"ImageObject\",\"inLanguage\":\"ary\",\"@id\":\"https:\/\/yazmed.ma\/#\/schema\/logo\/image\/\",\"url\":\"https:\/\/yazmed.ma\/wp-content\/uploads\/2024\/12\/3.png\",\"contentUrl\":\"https:\/\/yazmed.ma\/wp-content\/uploads\/2024\/12\/3.png\",\"width\":250,\"height\":70,\"caption\":\"Yazmed Healthcare\"},\"image\":{\"@id\":\"https:\/\/yazmed.ma\/#\/schema\/logo\/image\/\"},\"sameAs\":[\"https:\/\/www.facebook.com\/azenkouky\",\"https:\/\/www.instagram.com\/yazmedhealthcare\",\"https:\/\/www.linkedin.com\/in\/yazmed-healthcare-1b4955295\"]}]}<\/script>\n<!-- \/ Yoast SEO plugin. -->","yoast_head_json":{"title":"SPECULUM JETABLE 100 P - YAZMED","robots":{"index":"index","follow":"follow","max-snippet":"max-snippet:-1","max-image-preview":"max-image-preview:large","max-video-preview":"max-video-preview:-1"},"canonical":"https:\/\/yazmed.ma\/ar\/product\/speculum-jetable-sumbow\/","og_locale":"ar_AR","og_type":"article","og_title":"SPECULUM JETABLE 100 P - YAZMED","og_description":"SPECULUM JETABLE\u00a0 100P sp\u00e9culum jetable\u00a0de haute qualit\u00e9, con\u00e7u pour assurer des examens\u00a0gyn\u00e9cologiques s\u00fbrs et hygi\u00e9niques. Id\u00e9al pour les professionnels de sant\u00e9, j garantit une utilisation pratique et efficace lors des consultations m\u00e9dicales afin de d\u00e9pister le du\u00a0col de l'ut\u00e9rus, Avantages : R\u00e9duit le risque d\u2019infection gr\u00e2ce \u00e0 son utilisation unique.  \u00c9limine les besoins de st\u00e9rilisation entre les examens.  Pratique pour les cliniques, h\u00f4pitaux et cabinets m\u00e9dicaux.  &nbsp;","og_url":"https:\/\/yazmed.ma\/ar\/product\/speculum-jetable-sumbow\/","og_site_name":"YAZMED","article_publisher":"https:\/\/www.facebook.com\/azenkouky","article_modified_time":"2025-12-22T19:03:39+00:00","og_image":[{"width":570,"height":517,"url":"https:\/\/yazmed.ma\/wp-content\/uploads\/2024\/12\/Design-sans-titre-95.png","type":"image\/png"}],"twitter_card":"summary_large_image","twitter_misc":{"Est. reading time":"1 minute"},"schema":{"@context":"https:\/\/schema.org","@graph":[{"@type":"WebPage","@id":"https:\/\/yazmed.ma\/product\/speculum-jetable-sumbow\/","url":"https:\/\/yazmed.ma\/product\/speculum-jetable-sumbow\/","name":"SPECULUM JETABLE 100 P - YAZMED","isPartOf":{"@id":"https:\/\/yazmed.ma\/#website"},"primaryImageOfPage":{"@id":"https:\/\/yazmed.ma\/product\/speculum-jetable-sumbow\/#primaryimage"},"image":{"@id":"https:\/\/yazmed.ma\/product\/speculum-jetable-sumbow\/#primaryimage"},"thumbnailUrl":"https:\/\/yazmed.ma\/wp-content\/uploads\/2024\/12\/SPECULUM-JETABLE-100-P.webp","datePublished":"2024-12-15T19:25:58+00:00","dateModified":"2025-12-22T19:03:39+00:00","breadcrumb":{"@id":"https:\/\/yazmed.ma\/product\/speculum-jetable-sumbow\/#breadcrumb"},"inLanguage":"ary","potentialAction":[{"@type":"ReadAction","target":["https:\/\/yazmed.ma\/product\/speculum-jetable-sumbow\/"]}]},{"@type":"ImageObject","inLanguage":"ary","@id":"https:\/\/yazmed.ma\/product\/speculum-jetable-sumbow\/#primaryimage","url":"https:\/\/yazmed.ma\/wp-content\/uploads\/2024\/12\/SPECULUM-JETABLE-100-P.webp","contentUrl":"https:\/\/yazmed.ma\/wp-content\/uploads\/2024\/12\/SPECULUM-JETABLE-100-P.webp","width":450,"height":450,"caption":"SPECULUM JETABLE 100 P"},{"@type":"BreadcrumbList","@id":"https:\/\/yazmed.ma\/product\/speculum-jetable-sumbow\/#breadcrumb","itemListElement":[{"@type":"ListItem","position":1,"name":"Accueil","item":"https:\/\/yazmed.ma\/"},{"@type":"ListItem","position":2,"name":"Shop","item":"https:\/\/yazmed.ma\/shop-2\/"},{"@type":"ListItem","position":3,"name":"SPECULUM JETABLE \/ SUMBOW"}]},{"@type":"WebSite","@id":"https:\/\/yazmed.ma\/#website","url":"https:\/\/yazmed.ma\/","name":"Yazmed","description":"LEADER DU MAT\u00c9RIEL M\u00c9DICAL AU MAROC","publisher":{"@id":"https:\/\/yazmed.ma\/#organization"},"potentialAction":[{"@type":"SearchAction","target":{"@type":"EntryPoint","urlTemplate":"https:\/\/yazmed.ma\/?s={search_term_string}"},"query-input":{"@type":"PropertyValueSpecification","valueRequired":true,"valueName":"search_term_string"}}],"inLanguage":"ary"},{"@type":"Organization","@id":"https:\/\/yazmed.ma\/#organization","name":"Yazmed Healthcare","url":"https:\/\/yazmed.ma\/","logo":{"@type":"ImageObject","inLanguage":"ary","@id":"https:\/\/yazmed.ma\/#\/schema\/logo\/image\/","url":"https:\/\/yazmed.ma\/wp-content\/uploads\/2024\/12\/3.png","contentUrl":"https:\/\/yazmed.ma\/wp-content\/uploads\/2024\/12\/3.png","width":250,"height":70,"caption":"Yazmed Healthcare"},"image":{"@id":"https:\/\/yazmed.ma\/#\/schema\/logo\/image\/"},"sameAs":["https:\/\/www.facebook.com\/azenkouky","https:\/\/www.instagram.com\/yazmedhealthcare","https:\/\/www.linkedin.com\/in\/yazmed-healthcare-1b4955295"]}]}},"_links":{"self":[{"href":"https:\/\/yazmed.ma\/ar\/wp-json\/wp\/v2\/product\/1055","targetHints":{"allow":["GET"]}}],"collection":[{"href":"https:\/\/yazmed.ma\/ar\/wp-json\/wp\/v2\/product"}],"about":[{"href":"https:\/\/yazmed.ma\/ar\/wp-json\/wp\/v2\/types\/product"}],"replies":[{"embeddable":true,"href":"https:\/\/yazmed.ma\/ar\/wp-json\/wp\/v2\/comments?post=1055"}],"version-history":[{"count":1,"href":"https:\/\/yazmed.ma\/ar\/wp-json\/wp\/v2\/product\/1055\/revisions"}],"predecessor-version":[{"id":2673,"href":"https:\/\/yazmed.ma\/ar\/wp-json\/wp\/v2\/product\/1055\/revisions\/2673"}],"wp:featuredmedia":[{"embeddable":true,"href":"https:\/\/yazmed.ma\/ar\/wp-json\/wp\/v2\/media\/3020"}],"wp:attachment":[{"href":"https:\/\/yazmed.ma\/ar\/wp-json\/wp\/v2\/media?parent=1055"}],"wp:term":[{"taxonomy":"product_brand","embeddable":true,"href":"https:\/\/yazmed.ma\/ar\/wp-json\/wp\/v2\/product_brand?post=1055"},{"taxonomy":"product_cat","embeddable":true,"href":"https:\/\/yazmed.ma\/ar\/wp-json\/wp\/v2\/product_cat?post=1055"},{"taxonomy":"product_tag","embeddable":true,"href":"https:\/\/yazmed.ma\/ar\/wp-json\/wp\/v2\/product_tag?post=1055"}],"curies":[{"name":"wp","href":"https:\/\/api.w.org\/{rel}","templated":true}]}}