{"id":1051,"date":"2024-12-15T18:58:10","date_gmt":"2024-12-15T18:58:10","guid":{"rendered":"https:\/\/yazmed.ma\/?post_type=product&#038;p=1051"},"modified":"2026-01-03T11:54:42","modified_gmt":"2026-01-03T11:54:42","slug":"doigtiers-polyethylene-2-doigts","status":"publish","type":"product","link":"https:\/\/yazmed.ma\/ar\/product\/doigtiers-polyethylene-2-doigts\/","title":{"rendered":"DOIGTIER POLY\u00c9THYL\u00c8NE 2 DOIGTS"},"content":{"rendered":"<div class=\"woocommerce-product-gallery woocommerce-product-gallery--with-images woocommerce-product-gallery--columns-4 images\" data-columns=\"4\">\n<figure class=\"woocommerce-product-gallery__wrapper\">\n<h4 class=\"woocommerce-product-gallery__image\" data-thumb=\"https:\/\/eclazon.ma\/wp-content\/uploads\/2024\/11\/doigtiers-2-doigts-1-250x250.jpg\" data-thumb-alt=\"Doigtier 2 Doigts Prix Maroc\" data-thumb-srcset=\"https:\/\/eclazon.ma\/wp-content\/uploads\/2024\/11\/doigtiers-2-doigts-1-250x250.jpg 250w, https:\/\/eclazon.ma\/wp-content\/uploads\/2024\/11\/doigtiers-2-doigts-1-300x300.jpg 300w, https:\/\/eclazon.ma\/wp-content\/uploads\/2024\/11\/doigtiers-2-doigts-1-150x150.jpg 150w, https:\/\/eclazon.ma\/wp-content\/uploads\/2024\/11\/doigtiers-2-doigts-1-768x768.jpg 768w, https:\/\/eclazon.ma\/wp-content\/uploads\/2024\/11\/doigtiers-2-doigts-1-12x12.jpg 12w, https:\/\/eclazon.ma\/wp-content\/uploads\/2024\/11\/doigtiers-2-doigts-1-750x750.jpg 750w, https:\/\/eclazon.ma\/wp-content\/uploads\/2024\/11\/doigtiers-2-doigts-1-540x540.jpg 540w, https:\/\/eclazon.ma\/wp-content\/uploads\/2024\/11\/doigtiers-2-doigts-1-50x50.jpg 50w, https:\/\/eclazon.ma\/wp-content\/uploads\/2024\/11\/doigtiers-2-doigts-1-100x100.jpg 100w, https:\/\/eclazon.ma\/wp-content\/uploads\/2024\/11\/doigtiers-2-doigts-1.jpg 900w\"><strong><img decoding=\"async\" class=\"emoji\" role=\"img\" draggable=\"false\" src=\"https:\/\/s.w.org\/images\/core\/emoji\/16.0.1\/svg\/2705.svg\" alt=\"\u2705\" \/>\u00a0Mati\u00e8re en Poly\u00e9thyl\u00e8ne<\/strong>\u00a0: Durable et r\u00e9sistant, il offre une protection optimale contre les contaminants.<\/h4>\n<\/figure>\n<\/div>\n<div class=\"dt-sc-product-tabs\">\n<div class=\"woocommerce-tabs wc-tabs-wrapper\">\n<div id=\"tab-description\" class=\"woocommerce-Tabs-panel woocommerce-Tabs-panel--description panel entry-content wc-tab\" role=\"tabpanel\" aria-labelledby=\"tab-title-description\">\n<p><strong><img decoding=\"async\" class=\"emoji\" role=\"img\" draggable=\"false\" src=\"https:\/\/s.w.org\/images\/core\/emoji\/16.0.1\/svg\/2705.svg\" alt=\"\u2705\" \/> Protection <\/strong>\u00a0: Couvre deux doigts pour un usage plus pratique tout en offrant une flexibilit\u00e9 accrue.<\/p>\n<p><strong><img decoding=\"async\" class=\"emoji\" role=\"img\" draggable=\"false\" src=\"https:\/\/s.w.org\/images\/core\/emoji\/16.0.1\/svg\/2705.svg\" alt=\"\u2705\" \/>\u00a0Non St\u00e9rile<\/strong>\u00a0: Id\u00e9al pour des applications non invasives et des usages vari\u00e9s en milieu m\u00e9dical, esth\u00e9tique, ou industriel.<\/p>\n<p><strong><img decoding=\"async\" class=\"emoji\" role=\"img\" draggable=\"false\" src=\"https:\/\/s.w.org\/images\/core\/emoji\/16.0.1\/svg\/2705.svg\" alt=\"\u2705\" \/>\u00a0Facile \u00e0 Enfiler et Retirer<\/strong>\u00a0: Conception simple, pour un usage rapide et sans difficult\u00e9.<\/p>\n<p><img decoding=\"async\" class=\"\" src=\"https:\/\/eclazon.ma\/wp-content\/uploads\/2024\/07\/logo-2012228122755354-300x168-1-200x100.jpg\" width=\"82\" height=\"41\" \/><\/p>\n<\/div>\n<\/div>\n<\/div>","protected":false},"excerpt":{"rendered":"<h4>Doigtier 2 doigts<\/h4>\n<p>est con\u00e7u pour offrir une protection efficace des <a title=\"\" href=\"https:\/\/fr.wikipedia.org\/wiki\/Doigt\">doigt<\/a>. lors de manipulations n\u00e9cessitant une hygi\u00e8ne et une s\u00e9curit\u00e9 renforc\u00e9es. Non st\u00e9rile et r\u00e9sistant, ce doigtier convient \u00e0 un large \u00e9ventail d\u2019applications professionnelles et personne<\/p>\n<p><img decoding=\"async\" class=\"\" src=\"https:\/\/eclazon.ma\/wp-content\/uploads\/2024\/07\/logo-2012228122755354-300x168-1-200x100.jpg\" width=\"94\" height=\"47\" \/><\/p>\n<h3><\/h3>","protected":false},"featured_media":3049,"comment_status":"open","ping_status":"closed","template":"","meta":[],"product_brand":[],"product_cat":[52],"product_tag":[290],"class_list":{"0":"post-1051","1":"product","2":"type-product","3":"status-publish","4":"has-post-thumbnail","6":"product_cat-consommable-medical","7":"product_tag-doigtier-2-doigt","9":"first","10":"instock","11":"taxable","12":"shipping-taxable","13":"purchasable","14":"product-type-simple"},"yoast_head":"<!-- This site is optimized with the Yoast SEO plugin v26.9 - https:\/\/yoast.com\/product\/yoast-seo-wordpress\/ -->\n<title>DOIGTIER POLY\u00c9THYL\u00c8NE 2 DOIGTS - YAZMED<\/title>\n<meta name=\"robots\" content=\"index, follow, max-snippet:-1, max-image-preview:large, max-video-preview:-1\" \/>\n<link rel=\"canonical\" href=\"https:\/\/yazmed.ma\/ar\/product\/doigtiers-polyethylene-2-doigts\/\" \/>\n<meta property=\"og:locale\" content=\"ar_AR\" \/>\n<meta property=\"og:type\" content=\"article\" \/>\n<meta property=\"og:title\" content=\"DOIGTIER POLY\u00c9THYL\u00c8NE 2 DOIGTS - YAZMED\" \/>\n<meta property=\"og:description\" content=\"Doigtier 2 doigts est con\u00e7u pour offrir une protection efficace des doigt. lors de manipulations n\u00e9cessitant une hygi\u00e8ne et une s\u00e9curit\u00e9 renforc\u00e9es. Non st\u00e9rile et r\u00e9sistant, ce doigtier convient \u00e0 un large \u00e9ventail d\u2019applications professionnelles et personne\" \/>\n<meta property=\"og:url\" content=\"https:\/\/yazmed.ma\/ar\/product\/doigtiers-polyethylene-2-doigts\/\" \/>\n<meta property=\"og:site_name\" content=\"YAZMED\" \/>\n<meta property=\"article:publisher\" content=\"https:\/\/www.facebook.com\/azenkouky\" \/>\n<meta property=\"article:modified_time\" content=\"2026-01-03T11:54:42+00:00\" \/>\n<meta property=\"og:image\" content=\"https:\/\/yazmed.ma\/wp-content\/uploads\/2024\/12\/DOITIER.jpg\" \/>\n\t<meta property=\"og:image:width\" content=\"700\" \/>\n\t<meta property=\"og:image:height\" content=\"636\" \/>\n\t<meta property=\"og:image:type\" content=\"image\/jpeg\" \/>\n<meta name=\"twitter:card\" content=\"summary_large_image\" \/>\n<meta name=\"twitter:label1\" content=\"Est. reading time\" \/>\n\t<meta name=\"twitter:data1\" content=\"1 minute\" \/>\n<script type=\"application\/ld+json\" class=\"yoast-schema-graph\">{\"@context\":\"https:\/\/schema.org\",\"@graph\":[{\"@type\":\"WebPage\",\"@id\":\"https:\/\/yazmed.ma\/product\/doigtiers-polyethylene-2-doigts\/\",\"url\":\"https:\/\/yazmed.ma\/product\/doigtiers-polyethylene-2-doigts\/\",\"name\":\"DOIGTIER POLY\u00c9THYL\u00c8NE 2 DOIGTS - YAZMED\",\"isPartOf\":{\"@id\":\"https:\/\/yazmed.ma\/#website\"},\"primaryImageOfPage\":{\"@id\":\"https:\/\/yazmed.ma\/product\/doigtiers-polyethylene-2-doigts\/#primaryimage\"},\"image\":{\"@id\":\"https:\/\/yazmed.ma\/product\/doigtiers-polyethylene-2-doigts\/#primaryimage\"},\"thumbnailUrl\":\"https:\/\/yazmed.ma\/wp-content\/uploads\/2024\/12\/DOIGTIER-POLYETHYLENE-2-DOIGTS.webp\",\"datePublished\":\"2024-12-15T18:58:10+00:00\",\"dateModified\":\"2026-01-03T11:54:42+00:00\",\"breadcrumb\":{\"@id\":\"https:\/\/yazmed.ma\/product\/doigtiers-polyethylene-2-doigts\/#breadcrumb\"},\"inLanguage\":\"ary\",\"potentialAction\":[{\"@type\":\"ReadAction\",\"target\":[\"https:\/\/yazmed.ma\/product\/doigtiers-polyethylene-2-doigts\/\"]}]},{\"@type\":\"ImageObject\",\"inLanguage\":\"ary\",\"@id\":\"https:\/\/yazmed.ma\/product\/doigtiers-polyethylene-2-doigts\/#primaryimage\",\"url\":\"https:\/\/yazmed.ma\/wp-content\/uploads\/2024\/12\/DOIGTIER-POLYETHYLENE-2-DOIGTS.webp\",\"contentUrl\":\"https:\/\/yazmed.ma\/wp-content\/uploads\/2024\/12\/DOIGTIER-POLYETHYLENE-2-DOIGTS.webp\",\"width\":450,\"height\":450,\"caption\":\"DOIGTIER POLY\u00c9THYL\u00c8NE 2 DOIGTS\"},{\"@type\":\"BreadcrumbList\",\"@id\":\"https:\/\/yazmed.ma\/product\/doigtiers-polyethylene-2-doigts\/#breadcrumb\",\"itemListElement\":[{\"@type\":\"ListItem\",\"position\":1,\"name\":\"Accueil\",\"item\":\"https:\/\/yazmed.ma\/\"},{\"@type\":\"ListItem\",\"position\":2,\"name\":\"Shop\",\"item\":\"https:\/\/yazmed.ma\/shop-2\/\"},{\"@type\":\"ListItem\",\"position\":3,\"name\":\"DOIGTIERS POLY\u00c9THYL\u00c8NE 2 DOIGTS\"}]},{\"@type\":\"WebSite\",\"@id\":\"https:\/\/yazmed.ma\/#website\",\"url\":\"https:\/\/yazmed.ma\/\",\"name\":\"Yazmed\",\"description\":\"LEADER DU MAT\u00c9RIEL M\u00c9DICAL AU MAROC\",\"publisher\":{\"@id\":\"https:\/\/yazmed.ma\/#organization\"},\"potentialAction\":[{\"@type\":\"SearchAction\",\"target\":{\"@type\":\"EntryPoint\",\"urlTemplate\":\"https:\/\/yazmed.ma\/?s={search_term_string}\"},\"query-input\":{\"@type\":\"PropertyValueSpecification\",\"valueRequired\":true,\"valueName\":\"search_term_string\"}}],\"inLanguage\":\"ary\"},{\"@type\":\"Organization\",\"@id\":\"https:\/\/yazmed.ma\/#organization\",\"name\":\"Yazmed Healthcare\",\"url\":\"https:\/\/yazmed.ma\/\",\"logo\":{\"@type\":\"ImageObject\",\"inLanguage\":\"ary\",\"@id\":\"https:\/\/yazmed.ma\/#\/schema\/logo\/image\/\",\"url\":\"https:\/\/yazmed.ma\/wp-content\/uploads\/2024\/12\/3.png\",\"contentUrl\":\"https:\/\/yazmed.ma\/wp-content\/uploads\/2024\/12\/3.png\",\"width\":250,\"height\":70,\"caption\":\"Yazmed Healthcare\"},\"image\":{\"@id\":\"https:\/\/yazmed.ma\/#\/schema\/logo\/image\/\"},\"sameAs\":[\"https:\/\/www.facebook.com\/azenkouky\",\"https:\/\/www.instagram.com\/yazmedhealthcare\",\"https:\/\/www.linkedin.com\/in\/yazmed-healthcare-1b4955295\"]}]}<\/script>\n<!-- \/ Yoast SEO plugin. -->","yoast_head_json":{"title":"DOIGTIER POLY\u00c9THYL\u00c8NE 2 DOIGTS - YAZMED","robots":{"index":"index","follow":"follow","max-snippet":"max-snippet:-1","max-image-preview":"max-image-preview:large","max-video-preview":"max-video-preview:-1"},"canonical":"https:\/\/yazmed.ma\/ar\/product\/doigtiers-polyethylene-2-doigts\/","og_locale":"ar_AR","og_type":"article","og_title":"DOIGTIER POLY\u00c9THYL\u00c8NE 2 DOIGTS - YAZMED","og_description":"Doigtier 2 doigts est con\u00e7u pour offrir une protection efficace des doigt. lors de manipulations n\u00e9cessitant une hygi\u00e8ne et une s\u00e9curit\u00e9 renforc\u00e9es. Non st\u00e9rile et r\u00e9sistant, ce doigtier convient \u00e0 un large \u00e9ventail d\u2019applications professionnelles et personne","og_url":"https:\/\/yazmed.ma\/ar\/product\/doigtiers-polyethylene-2-doigts\/","og_site_name":"YAZMED","article_publisher":"https:\/\/www.facebook.com\/azenkouky","article_modified_time":"2026-01-03T11:54:42+00:00","og_image":[{"width":700,"height":636,"url":"https:\/\/yazmed.ma\/wp-content\/uploads\/2024\/12\/DOITIER.jpg","type":"image\/jpeg"}],"twitter_card":"summary_large_image","twitter_misc":{"Est. reading time":"1 minute"},"schema":{"@context":"https:\/\/schema.org","@graph":[{"@type":"WebPage","@id":"https:\/\/yazmed.ma\/product\/doigtiers-polyethylene-2-doigts\/","url":"https:\/\/yazmed.ma\/product\/doigtiers-polyethylene-2-doigts\/","name":"DOIGTIER POLY\u00c9THYL\u00c8NE 2 DOIGTS - YAZMED","isPartOf":{"@id":"https:\/\/yazmed.ma\/#website"},"primaryImageOfPage":{"@id":"https:\/\/yazmed.ma\/product\/doigtiers-polyethylene-2-doigts\/#primaryimage"},"image":{"@id":"https:\/\/yazmed.ma\/product\/doigtiers-polyethylene-2-doigts\/#primaryimage"},"thumbnailUrl":"https:\/\/yazmed.ma\/wp-content\/uploads\/2024\/12\/DOIGTIER-POLYETHYLENE-2-DOIGTS.webp","datePublished":"2024-12-15T18:58:10+00:00","dateModified":"2026-01-03T11:54:42+00:00","breadcrumb":{"@id":"https:\/\/yazmed.ma\/product\/doigtiers-polyethylene-2-doigts\/#breadcrumb"},"inLanguage":"ary","potentialAction":[{"@type":"ReadAction","target":["https:\/\/yazmed.ma\/product\/doigtiers-polyethylene-2-doigts\/"]}]},{"@type":"ImageObject","inLanguage":"ary","@id":"https:\/\/yazmed.ma\/product\/doigtiers-polyethylene-2-doigts\/#primaryimage","url":"https:\/\/yazmed.ma\/wp-content\/uploads\/2024\/12\/DOIGTIER-POLYETHYLENE-2-DOIGTS.webp","contentUrl":"https:\/\/yazmed.ma\/wp-content\/uploads\/2024\/12\/DOIGTIER-POLYETHYLENE-2-DOIGTS.webp","width":450,"height":450,"caption":"DOIGTIER POLY\u00c9THYL\u00c8NE 2 DOIGTS"},{"@type":"BreadcrumbList","@id":"https:\/\/yazmed.ma\/product\/doigtiers-polyethylene-2-doigts\/#breadcrumb","itemListElement":[{"@type":"ListItem","position":1,"name":"Accueil","item":"https:\/\/yazmed.ma\/"},{"@type":"ListItem","position":2,"name":"Shop","item":"https:\/\/yazmed.ma\/shop-2\/"},{"@type":"ListItem","position":3,"name":"DOIGTIERS POLY\u00c9THYL\u00c8NE 2 DOIGTS"}]},{"@type":"WebSite","@id":"https:\/\/yazmed.ma\/#website","url":"https:\/\/yazmed.ma\/","name":"Yazmed","description":"LEADER DU MAT\u00c9RIEL M\u00c9DICAL AU MAROC","publisher":{"@id":"https:\/\/yazmed.ma\/#organization"},"potentialAction":[{"@type":"SearchAction","target":{"@type":"EntryPoint","urlTemplate":"https:\/\/yazmed.ma\/?s={search_term_string}"},"query-input":{"@type":"PropertyValueSpecification","valueRequired":true,"valueName":"search_term_string"}}],"inLanguage":"ary"},{"@type":"Organization","@id":"https:\/\/yazmed.ma\/#organization","name":"Yazmed Healthcare","url":"https:\/\/yazmed.ma\/","logo":{"@type":"ImageObject","inLanguage":"ary","@id":"https:\/\/yazmed.ma\/#\/schema\/logo\/image\/","url":"https:\/\/yazmed.ma\/wp-content\/uploads\/2024\/12\/3.png","contentUrl":"https:\/\/yazmed.ma\/wp-content\/uploads\/2024\/12\/3.png","width":250,"height":70,"caption":"Yazmed Healthcare"},"image":{"@id":"https:\/\/yazmed.ma\/#\/schema\/logo\/image\/"},"sameAs":["https:\/\/www.facebook.com\/azenkouky","https:\/\/www.instagram.com\/yazmedhealthcare","https:\/\/www.linkedin.com\/in\/yazmed-healthcare-1b4955295"]}]}},"_links":{"self":[{"href":"https:\/\/yazmed.ma\/ar\/wp-json\/wp\/v2\/product\/1051","targetHints":{"allow":["GET"]}}],"collection":[{"href":"https:\/\/yazmed.ma\/ar\/wp-json\/wp\/v2\/product"}],"about":[{"href":"https:\/\/yazmed.ma\/ar\/wp-json\/wp\/v2\/types\/product"}],"replies":[{"embeddable":true,"href":"https:\/\/yazmed.ma\/ar\/wp-json\/wp\/v2\/comments?post=1051"}],"version-history":[{"count":1,"href":"https:\/\/yazmed.ma\/ar\/wp-json\/wp\/v2\/product\/1051\/revisions"}],"predecessor-version":[{"id":3048,"href":"https:\/\/yazmed.ma\/ar\/wp-json\/wp\/v2\/product\/1051\/revisions\/3048"}],"wp:featuredmedia":[{"embeddable":true,"href":"https:\/\/yazmed.ma\/ar\/wp-json\/wp\/v2\/media\/3049"}],"wp:attachment":[{"href":"https:\/\/yazmed.ma\/ar\/wp-json\/wp\/v2\/media?parent=1051"}],"wp:term":[{"taxonomy":"product_brand","embeddable":true,"href":"https:\/\/yazmed.ma\/ar\/wp-json\/wp\/v2\/product_brand?post=1051"},{"taxonomy":"product_cat","embeddable":true,"href":"https:\/\/yazmed.ma\/ar\/wp-json\/wp\/v2\/product_cat?post=1051"},{"taxonomy":"product_tag","embeddable":true,"href":"https:\/\/yazmed.ma\/ar\/wp-json\/wp\/v2\/product_tag?post=1051"}],"curies":[{"name":"wp","href":"https:\/\/api.w.org\/{rel}","templated":true}]}}