{"id":1035,"date":"2024-12-15T18:22:49","date_gmt":"2024-12-15T18:22:49","guid":{"rendered":"https:\/\/yazmed.ma\/?post_type=product&#038;p=1035"},"modified":"2025-12-10T11:26:24","modified_gmt":"2025-12-10T11:26:24","slug":"seringues-steriles-10-ml","status":"publish","type":"product","link":"https:\/\/yazmed.ma\/ar\/product\/seringues-steriles-10-ml\/","title":{"rendered":"SERINGUES ST\u00c9RILES 10 ML"},"content":{"rendered":"<h3>\u00a0 \u00a0 \u00a0 Seringue 10cc Caract\u00e9ristiques principales<\/h3>\n<ul>\n<li><strong>Capacit\u00e9 de 20cc :<\/strong>\u00a0Id\u00e9ale pour les injections ou pr\u00e9l\u00e8vements n\u00e9cessitant un volume important.<\/li>\n<li><strong>Aiguille 21G :<\/strong>\u00a0Adapt\u00e9e pour des injections pr\u00e9cises et minimisant la douleur.<\/li>\n<li><strong>St\u00e9rilit\u00e9 garantie :<\/strong>\u00a0\u00c9vite tout risque d\u2019infection ou de contamination crois\u00e9e.<\/li>\n<li><strong>Graduations lisibles :<\/strong>\u00a0Permettent un dosage pr\u00e9cis et sans erreur.<\/li>\n<li><strong>Plastique robuste et non toxique :<\/strong>\u00a0Con\u00e7u pour une utilisation m\u00e9dicale s\u00fbre.<\/li>\n<\/ul>","protected":false},"excerpt":{"rendered":"<h4>SERINGUES ST\u00c9RILES 10 ML<\/h4>\n<p>sont fr\u00e9quemment utilis\u00e9es en m\u00e9decine clinique pour <a title=\"Injection (m\u00e9decine)\" href=\"https:\/\/fr.wikipedia.org\/wiki\/Injection_(m%C3%A9decine)\">injecter<\/a>\u00a0dans le corps de personnes (<a title=\"Vaccin\" href=\"https:\/\/fr.wikipedia.org\/wiki\/Vaccin\">vaccin<\/a>,\u00a0<a title=\"Injection intraveineuse\" href=\"https:\/\/fr.wikipedia.org\/wiki\/Injection_intraveineuse\">injections intraveineuses<\/a>,\u00a0<a title=\"M\u00e9dicament\" href=\"https:\/\/fr.wikipedia.org\/wiki\/M%C3%A9dicament\">m\u00e9dicaments<\/a>\u00a0liquides)<\/p>\n<p>21G est con\u00e7ue pour les besoins m\u00e9dicaux n\u00e9cessitant un volume \u00e9lev\u00e9 d\u2019injection ou d\u2019aspiration<\/p>\n<p>&nbsp;<\/p>","protected":false},"featured_media":2900,"comment_status":"open","ping_status":"closed","template":"","meta":[],"product_brand":[],"product_cat":[52],"product_tag":[],"class_list":{"0":"post-1035","1":"product","2":"type-product","3":"status-publish","4":"has-post-thumbnail","6":"product_cat-consommable-medical","8":"first","9":"instock","10":"taxable","11":"shipping-taxable","12":"purchasable","13":"product-type-variable"},"yoast_head":"<!-- This site is optimized with the Yoast SEO plugin v26.9 - https:\/\/yoast.com\/product\/yoast-seo-wordpress\/ -->\n<title>SERINGUES ST\u00c9RILES 10 ML - YAZMED<\/title>\n<meta name=\"robots\" content=\"index, follow, max-snippet:-1, max-image-preview:large, max-video-preview:-1\" \/>\n<link rel=\"canonical\" href=\"https:\/\/yazmed.ma\/ar\/product\/seringues-steriles-luer-slip-sumbow\/\" \/>\n<meta property=\"og:locale\" content=\"ar_AR\" \/>\n<meta property=\"og:type\" content=\"article\" \/>\n<meta property=\"og:title\" content=\"SERINGUES ST\u00c9RILES 10 ML - YAZMED\" \/>\n<meta property=\"og:description\" content=\"SERINGUES ST\u00c9RILES 10 ML sont fr\u00e9quemment utilis\u00e9es en m\u00e9decine clinique pour injecter\u00a0dans le corps de personnes (vaccin,\u00a0injections intraveineuses,\u00a0m\u00e9dicaments\u00a0liquides)  21G est con\u00e7ue pour les besoins m\u00e9dicaux n\u00e9cessitant un volume \u00e9lev\u00e9 d\u2019injection ou d\u2019aspiration  &nbsp;\" \/>\n<meta property=\"og:url\" content=\"https:\/\/yazmed.ma\/ar\/product\/seringues-steriles-luer-slip-sumbow\/\" \/>\n<meta property=\"og:site_name\" content=\"YAZMED\" \/>\n<meta property=\"article:publisher\" content=\"https:\/\/www.facebook.com\/azenkouky\" \/>\n<meta property=\"article:modified_time\" content=\"2025-12-10T11:26:24+00:00\" \/>\n<meta property=\"og:image\" content=\"https:\/\/yazmed.ma\/wp-content\/uploads\/2024\/12\/seringue-main.jpg\" \/>\n\t<meta property=\"og:image:width\" content=\"900\" \/>\n\t<meta property=\"og:image:height\" content=\"900\" \/>\n\t<meta property=\"og:image:type\" content=\"image\/jpeg\" \/>\n<meta name=\"twitter:card\" content=\"summary_large_image\" \/>\n<meta name=\"twitter:label1\" content=\"Est. reading time\" \/>\n\t<meta name=\"twitter:data1\" content=\"1 minute\" \/>\n<script type=\"application\/ld+json\" class=\"yoast-schema-graph\">{\"@context\":\"https:\/\/schema.org\",\"@graph\":[{\"@type\":\"WebPage\",\"@id\":\"https:\/\/yazmed.ma\/product\/seringues-steriles-luer-slip-sumbow\/\",\"url\":\"https:\/\/yazmed.ma\/product\/seringues-steriles-luer-slip-sumbow\/\",\"name\":\"SERINGUES ST\u00c9RILES 10 ML - YAZMED\",\"isPartOf\":{\"@id\":\"https:\/\/yazmed.ma\/#website\"},\"primaryImageOfPage\":{\"@id\":\"https:\/\/yazmed.ma\/product\/seringues-steriles-luer-slip-sumbow\/#primaryimage\"},\"image\":{\"@id\":\"https:\/\/yazmed.ma\/product\/seringues-steriles-luer-slip-sumbow\/#primaryimage\"},\"thumbnailUrl\":\"https:\/\/yazmed.ma\/wp-content\/uploads\/2024\/12\/SERINGUES-STERILES-10-ML.webp\",\"datePublished\":\"2024-12-15T18:22:49+00:00\",\"dateModified\":\"2025-12-10T11:26:24+00:00\",\"breadcrumb\":{\"@id\":\"https:\/\/yazmed.ma\/product\/seringues-steriles-luer-slip-sumbow\/#breadcrumb\"},\"inLanguage\":\"ary\",\"potentialAction\":[{\"@type\":\"ReadAction\",\"target\":[\"https:\/\/yazmed.ma\/product\/seringues-steriles-luer-slip-sumbow\/\"]}]},{\"@type\":\"ImageObject\",\"inLanguage\":\"ary\",\"@id\":\"https:\/\/yazmed.ma\/product\/seringues-steriles-luer-slip-sumbow\/#primaryimage\",\"url\":\"https:\/\/yazmed.ma\/wp-content\/uploads\/2024\/12\/SERINGUES-STERILES-10-ML.webp\",\"contentUrl\":\"https:\/\/yazmed.ma\/wp-content\/uploads\/2024\/12\/SERINGUES-STERILES-10-ML.webp\",\"width\":570,\"height\":517,\"caption\":\"SERINGUES ST\u00c9RILES 10 ML\"},{\"@type\":\"BreadcrumbList\",\"@id\":\"https:\/\/yazmed.ma\/product\/seringues-steriles-luer-slip-sumbow\/#breadcrumb\",\"itemListElement\":[{\"@type\":\"ListItem\",\"position\":1,\"name\":\"Accueil\",\"item\":\"https:\/\/yazmed.ma\/\"},{\"@type\":\"ListItem\",\"position\":2,\"name\":\"Shop\",\"item\":\"https:\/\/yazmed.ma\/shop-2\/\"},{\"@type\":\"ListItem\",\"position\":3,\"name\":\"SERINGUES ST\u00c9RILES LUER SLIP \/ SUMBOW\"}]},{\"@type\":\"WebSite\",\"@id\":\"https:\/\/yazmed.ma\/#website\",\"url\":\"https:\/\/yazmed.ma\/\",\"name\":\"Yazmed\",\"description\":\"LEADER DU MAT\u00c9RIEL M\u00c9DICAL AU MAROC\",\"publisher\":{\"@id\":\"https:\/\/yazmed.ma\/#organization\"},\"potentialAction\":[{\"@type\":\"SearchAction\",\"target\":{\"@type\":\"EntryPoint\",\"urlTemplate\":\"https:\/\/yazmed.ma\/?s={search_term_string}\"},\"query-input\":{\"@type\":\"PropertyValueSpecification\",\"valueRequired\":true,\"valueName\":\"search_term_string\"}}],\"inLanguage\":\"ary\"},{\"@type\":\"Organization\",\"@id\":\"https:\/\/yazmed.ma\/#organization\",\"name\":\"Yazmed Healthcare\",\"url\":\"https:\/\/yazmed.ma\/\",\"logo\":{\"@type\":\"ImageObject\",\"inLanguage\":\"ary\",\"@id\":\"https:\/\/yazmed.ma\/#\/schema\/logo\/image\/\",\"url\":\"https:\/\/yazmed.ma\/wp-content\/uploads\/2024\/12\/3.png\",\"contentUrl\":\"https:\/\/yazmed.ma\/wp-content\/uploads\/2024\/12\/3.png\",\"width\":250,\"height\":70,\"caption\":\"Yazmed Healthcare\"},\"image\":{\"@id\":\"https:\/\/yazmed.ma\/#\/schema\/logo\/image\/\"},\"sameAs\":[\"https:\/\/www.facebook.com\/azenkouky\",\"https:\/\/www.instagram.com\/yazmedhealthcare\",\"https:\/\/www.linkedin.com\/in\/yazmed-healthcare-1b4955295\"]}]}<\/script>\n<!-- \/ Yoast SEO plugin. -->","yoast_head_json":{"title":"SERINGUES ST\u00c9RILES 10 ML - YAZMED","robots":{"index":"index","follow":"follow","max-snippet":"max-snippet:-1","max-image-preview":"max-image-preview:large","max-video-preview":"max-video-preview:-1"},"canonical":"https:\/\/yazmed.ma\/ar\/product\/seringues-steriles-luer-slip-sumbow\/","og_locale":"ar_AR","og_type":"article","og_title":"SERINGUES ST\u00c9RILES 10 ML - YAZMED","og_description":"SERINGUES ST\u00c9RILES 10 ML sont fr\u00e9quemment utilis\u00e9es en m\u00e9decine clinique pour injecter\u00a0dans le corps de personnes (vaccin,\u00a0injections intraveineuses,\u00a0m\u00e9dicaments\u00a0liquides)  21G est con\u00e7ue pour les besoins m\u00e9dicaux n\u00e9cessitant un volume \u00e9lev\u00e9 d\u2019injection ou d\u2019aspiration  &nbsp;","og_url":"https:\/\/yazmed.ma\/ar\/product\/seringues-steriles-luer-slip-sumbow\/","og_site_name":"YAZMED","article_publisher":"https:\/\/www.facebook.com\/azenkouky","article_modified_time":"2025-12-10T11:26:24+00:00","og_image":[{"width":900,"height":900,"url":"https:\/\/yazmed.ma\/wp-content\/uploads\/2024\/12\/seringue-main.jpg","type":"image\/jpeg"}],"twitter_card":"summary_large_image","twitter_misc":{"Est. reading time":"1 minute"},"schema":{"@context":"https:\/\/schema.org","@graph":[{"@type":"WebPage","@id":"https:\/\/yazmed.ma\/product\/seringues-steriles-luer-slip-sumbow\/","url":"https:\/\/yazmed.ma\/product\/seringues-steriles-luer-slip-sumbow\/","name":"SERINGUES ST\u00c9RILES 10 ML - YAZMED","isPartOf":{"@id":"https:\/\/yazmed.ma\/#website"},"primaryImageOfPage":{"@id":"https:\/\/yazmed.ma\/product\/seringues-steriles-luer-slip-sumbow\/#primaryimage"},"image":{"@id":"https:\/\/yazmed.ma\/product\/seringues-steriles-luer-slip-sumbow\/#primaryimage"},"thumbnailUrl":"https:\/\/yazmed.ma\/wp-content\/uploads\/2024\/12\/SERINGUES-STERILES-10-ML.webp","datePublished":"2024-12-15T18:22:49+00:00","dateModified":"2025-12-10T11:26:24+00:00","breadcrumb":{"@id":"https:\/\/yazmed.ma\/product\/seringues-steriles-luer-slip-sumbow\/#breadcrumb"},"inLanguage":"ary","potentialAction":[{"@type":"ReadAction","target":["https:\/\/yazmed.ma\/product\/seringues-steriles-luer-slip-sumbow\/"]}]},{"@type":"ImageObject","inLanguage":"ary","@id":"https:\/\/yazmed.ma\/product\/seringues-steriles-luer-slip-sumbow\/#primaryimage","url":"https:\/\/yazmed.ma\/wp-content\/uploads\/2024\/12\/SERINGUES-STERILES-10-ML.webp","contentUrl":"https:\/\/yazmed.ma\/wp-content\/uploads\/2024\/12\/SERINGUES-STERILES-10-ML.webp","width":570,"height":517,"caption":"SERINGUES ST\u00c9RILES 10 ML"},{"@type":"BreadcrumbList","@id":"https:\/\/yazmed.ma\/product\/seringues-steriles-luer-slip-sumbow\/#breadcrumb","itemListElement":[{"@type":"ListItem","position":1,"name":"Accueil","item":"https:\/\/yazmed.ma\/"},{"@type":"ListItem","position":2,"name":"Shop","item":"https:\/\/yazmed.ma\/shop-2\/"},{"@type":"ListItem","position":3,"name":"SERINGUES ST\u00c9RILES LUER SLIP \/ SUMBOW"}]},{"@type":"WebSite","@id":"https:\/\/yazmed.ma\/#website","url":"https:\/\/yazmed.ma\/","name":"Yazmed","description":"LEADER DU MAT\u00c9RIEL M\u00c9DICAL AU MAROC","publisher":{"@id":"https:\/\/yazmed.ma\/#organization"},"potentialAction":[{"@type":"SearchAction","target":{"@type":"EntryPoint","urlTemplate":"https:\/\/yazmed.ma\/?s={search_term_string}"},"query-input":{"@type":"PropertyValueSpecification","valueRequired":true,"valueName":"search_term_string"}}],"inLanguage":"ary"},{"@type":"Organization","@id":"https:\/\/yazmed.ma\/#organization","name":"Yazmed Healthcare","url":"https:\/\/yazmed.ma\/","logo":{"@type":"ImageObject","inLanguage":"ary","@id":"https:\/\/yazmed.ma\/#\/schema\/logo\/image\/","url":"https:\/\/yazmed.ma\/wp-content\/uploads\/2024\/12\/3.png","contentUrl":"https:\/\/yazmed.ma\/wp-content\/uploads\/2024\/12\/3.png","width":250,"height":70,"caption":"Yazmed Healthcare"},"image":{"@id":"https:\/\/yazmed.ma\/#\/schema\/logo\/image\/"},"sameAs":["https:\/\/www.facebook.com\/azenkouky","https:\/\/www.instagram.com\/yazmedhealthcare","https:\/\/www.linkedin.com\/in\/yazmed-healthcare-1b4955295"]}]}},"_links":{"self":[{"href":"https:\/\/yazmed.ma\/ar\/wp-json\/wp\/v2\/product\/1035","targetHints":{"allow":["GET"]}}],"collection":[{"href":"https:\/\/yazmed.ma\/ar\/wp-json\/wp\/v2\/product"}],"about":[{"href":"https:\/\/yazmed.ma\/ar\/wp-json\/wp\/v2\/types\/product"}],"replies":[{"embeddable":true,"href":"https:\/\/yazmed.ma\/ar\/wp-json\/wp\/v2\/comments?post=1035"}],"version-history":[{"count":1,"href":"https:\/\/yazmed.ma\/ar\/wp-json\/wp\/v2\/product\/1035\/revisions"}],"predecessor-version":[{"id":2899,"href":"https:\/\/yazmed.ma\/ar\/wp-json\/wp\/v2\/product\/1035\/revisions\/2899"}],"wp:featuredmedia":[{"embeddable":true,"href":"https:\/\/yazmed.ma\/ar\/wp-json\/wp\/v2\/media\/2900"}],"wp:attachment":[{"href":"https:\/\/yazmed.ma\/ar\/wp-json\/wp\/v2\/media?parent=1035"}],"wp:term":[{"taxonomy":"product_brand","embeddable":true,"href":"https:\/\/yazmed.ma\/ar\/wp-json\/wp\/v2\/product_brand?post=1035"},{"taxonomy":"product_cat","embeddable":true,"href":"https:\/\/yazmed.ma\/ar\/wp-json\/wp\/v2\/product_cat?post=1035"},{"taxonomy":"product_tag","embeddable":true,"href":"https:\/\/yazmed.ma\/ar\/wp-json\/wp\/v2\/product_tag?post=1035"}],"curies":[{"name":"wp","href":"https:\/\/api.w.org\/{rel}","templated":true}]}}