{"id":1027,"date":"2024-12-15T18:01:55","date_gmt":"2024-12-15T18:01:55","guid":{"rendered":"https:\/\/yazmed.ma\/?post_type=product&#038;p=1027"},"modified":"2025-12-10T12:40:36","modified_gmt":"2025-12-10T12:40:36","slug":"intranules-vert-18g","status":"publish","type":"product","link":"https:\/\/yazmed.ma\/ar\/product\/intranules-vert-18g\/","title":{"rendered":"INTRANULES VERT 18G"},"content":{"rendered":"<p><img decoding=\"async\" class=\"\" src=\"https:\/\/eclazon.ma\/wp-content\/uploads\/2024\/07\/lamed-logo-200x100.jpg\" width=\"86\" height=\"43\" \/><\/p>","protected":false},"excerpt":{"rendered":"<h4><strong>INTRANULES VERT 18G <\/strong><\/h4>\n<p>con\u00e7ue pour assurer une administration pr\u00e9cise et s\u00e9curis\u00e9e des fluides intraveineux. Avec un calibre de 18G (1,0 mm), cette <a href=\"https:\/\/fr.wikipedia.org\/wiki\/Aiguille\">intranule<\/a>\u00a0est id\u00e9ale pour les patients ayant des veines de taille moyenne, offrant ainsi un bon d\u00e9bit tout en garantissant le confort du patient. \u00c9quip\u00e9e d\u2019une valve int\u00e9gr\u00e9e, elle pr\u00e9vient les reflux sanguins et minimise les risques de contamination, assurant une s\u00e9curit\u00e9 optimale lors des traitements. La bo\u00eete contient 100 intranules, parfaites pour une utilisation en milieu hospitalier ou en cabinet m\u00e9dical.<\/p>\n<p><img decoding=\"async\" class=\"\" src=\"https:\/\/eclazon.ma\/wp-content\/uploads\/2024\/07\/lamed-logo-200x100.jpg\" width=\"102\" height=\"51\" \/><\/p>\n<p>&nbsp;<\/p>","protected":false},"featured_media":2909,"comment_status":"open","ping_status":"closed","template":"","meta":[],"product_brand":[],"product_cat":[52],"product_tag":[],"class_list":{"0":"post-1027","1":"product","2":"type-product","3":"status-publish","4":"has-post-thumbnail","6":"product_cat-consommable-medical","8":"first","9":"instock","10":"taxable","11":"shipping-taxable","12":"purchasable","13":"product-type-variable"},"yoast_head":"<!-- This site is optimized with the Yoast SEO plugin v26.9 - https:\/\/yoast.com\/product\/yoast-seo-wordpress\/ -->\n<title>INTRANULES VERT 18G - YAZMED<\/title>\n<meta name=\"robots\" content=\"index, follow, max-snippet:-1, max-image-preview:large, max-video-preview:-1\" \/>\n<link rel=\"canonical\" href=\"https:\/\/yazmed.ma\/ar\/product\/intranules-avec-valve-bte-de-100\/\" \/>\n<meta property=\"og:locale\" content=\"ar_AR\" \/>\n<meta property=\"og:type\" content=\"article\" \/>\n<meta property=\"og:title\" content=\"INTRANULES VERT 18G - YAZMED\" \/>\n<meta property=\"og:description\" content=\"INTRANULES VERT 18G  con\u00e7ue pour assurer une administration pr\u00e9cise et s\u00e9curis\u00e9e des fluides intraveineux. Avec un calibre de 18G (1,0 mm), cette intranule\u00a0est id\u00e9ale pour les patients ayant des veines de taille moyenne, offrant ainsi un bon d\u00e9bit tout en garantissant le confort du patient. \u00c9quip\u00e9e d\u2019une valve int\u00e9gr\u00e9e, elle pr\u00e9vient les reflux sanguins et minimise les risques de contamination, assurant une s\u00e9curit\u00e9 optimale lors des traitements. La bo\u00eete contient 100 intranules, parfaites pour une utilisation en milieu hospitalier ou en cabinet m\u00e9dical.    &nbsp;\" \/>\n<meta property=\"og:url\" content=\"https:\/\/yazmed.ma\/ar\/product\/intranules-avec-valve-bte-de-100\/\" \/>\n<meta property=\"og:site_name\" content=\"YAZMED\" \/>\n<meta property=\"article:publisher\" content=\"https:\/\/www.facebook.com\/azenkouky\" \/>\n<meta property=\"article:modified_time\" content=\"2025-12-10T12:40:36+00:00\" \/>\n<meta property=\"og:image\" content=\"https:\/\/yazmed.ma\/wp-content\/uploads\/2024\/12\/Design-sans-titre-3.png\" \/>\n\t<meta property=\"og:image:width\" content=\"570\" \/>\n\t<meta property=\"og:image:height\" content=\"517\" \/>\n\t<meta property=\"og:image:type\" content=\"image\/png\" \/>\n<meta name=\"twitter:card\" content=\"summary_large_image\" \/>\n<meta name=\"twitter:label1\" content=\"Est. reading time\" \/>\n\t<meta name=\"twitter:data1\" content=\"1 minute\" \/>\n<script type=\"application\/ld+json\" class=\"yoast-schema-graph\">{\"@context\":\"https:\/\/schema.org\",\"@graph\":[{\"@type\":\"WebPage\",\"@id\":\"https:\/\/yazmed.ma\/product\/intranules-avec-valve-bte-de-100\/\",\"url\":\"https:\/\/yazmed.ma\/product\/intranules-avec-valve-bte-de-100\/\",\"name\":\"INTRANULES VERT 18G - YAZMED\",\"isPartOf\":{\"@id\":\"https:\/\/yazmed.ma\/#website\"},\"primaryImageOfPage\":{\"@id\":\"https:\/\/yazmed.ma\/product\/intranules-avec-valve-bte-de-100\/#primaryimage\"},\"image\":{\"@id\":\"https:\/\/yazmed.ma\/product\/intranules-avec-valve-bte-de-100\/#primaryimage\"},\"thumbnailUrl\":\"https:\/\/yazmed.ma\/wp-content\/uploads\/2024\/12\/INTRANULES-VERT-18G.png\",\"datePublished\":\"2024-12-15T18:01:55+00:00\",\"dateModified\":\"2025-12-10T12:40:36+00:00\",\"breadcrumb\":{\"@id\":\"https:\/\/yazmed.ma\/product\/intranules-avec-valve-bte-de-100\/#breadcrumb\"},\"inLanguage\":\"ary\",\"potentialAction\":[{\"@type\":\"ReadAction\",\"target\":[\"https:\/\/yazmed.ma\/product\/intranules-avec-valve-bte-de-100\/\"]}]},{\"@type\":\"ImageObject\",\"inLanguage\":\"ary\",\"@id\":\"https:\/\/yazmed.ma\/product\/intranules-avec-valve-bte-de-100\/#primaryimage\",\"url\":\"https:\/\/yazmed.ma\/wp-content\/uploads\/2024\/12\/INTRANULES-VERT-18G.png\",\"contentUrl\":\"https:\/\/yazmed.ma\/wp-content\/uploads\/2024\/12\/INTRANULES-VERT-18G.png\",\"width\":570,\"height\":517,\"caption\":\"INTRANULES VERT 18G\"},{\"@type\":\"BreadcrumbList\",\"@id\":\"https:\/\/yazmed.ma\/product\/intranules-avec-valve-bte-de-100\/#breadcrumb\",\"itemListElement\":[{\"@type\":\"ListItem\",\"position\":1,\"name\":\"Accueil\",\"item\":\"https:\/\/yazmed.ma\/\"},{\"@type\":\"ListItem\",\"position\":2,\"name\":\"Shop\",\"item\":\"https:\/\/yazmed.ma\/shop-2\/\"},{\"@type\":\"ListItem\",\"position\":3,\"name\":\"INTRANULES AVEC VALVE BTE DE 100\"}]},{\"@type\":\"WebSite\",\"@id\":\"https:\/\/yazmed.ma\/#website\",\"url\":\"https:\/\/yazmed.ma\/\",\"name\":\"Yazmed\",\"description\":\"LEADER DU MAT\u00c9RIEL M\u00c9DICAL AU MAROC\",\"publisher\":{\"@id\":\"https:\/\/yazmed.ma\/#organization\"},\"potentialAction\":[{\"@type\":\"SearchAction\",\"target\":{\"@type\":\"EntryPoint\",\"urlTemplate\":\"https:\/\/yazmed.ma\/?s={search_term_string}\"},\"query-input\":{\"@type\":\"PropertyValueSpecification\",\"valueRequired\":true,\"valueName\":\"search_term_string\"}}],\"inLanguage\":\"ary\"},{\"@type\":\"Organization\",\"@id\":\"https:\/\/yazmed.ma\/#organization\",\"name\":\"Yazmed Healthcare\",\"url\":\"https:\/\/yazmed.ma\/\",\"logo\":{\"@type\":\"ImageObject\",\"inLanguage\":\"ary\",\"@id\":\"https:\/\/yazmed.ma\/#\/schema\/logo\/image\/\",\"url\":\"https:\/\/yazmed.ma\/wp-content\/uploads\/2024\/12\/3.png\",\"contentUrl\":\"https:\/\/yazmed.ma\/wp-content\/uploads\/2024\/12\/3.png\",\"width\":250,\"height\":70,\"caption\":\"Yazmed Healthcare\"},\"image\":{\"@id\":\"https:\/\/yazmed.ma\/#\/schema\/logo\/image\/\"},\"sameAs\":[\"https:\/\/www.facebook.com\/azenkouky\",\"https:\/\/www.instagram.com\/yazmedhealthcare\",\"https:\/\/www.linkedin.com\/in\/yazmed-healthcare-1b4955295\"]}]}<\/script>\n<!-- \/ Yoast SEO plugin. -->","yoast_head_json":{"title":"INTRANULES VERT 18G - YAZMED","robots":{"index":"index","follow":"follow","max-snippet":"max-snippet:-1","max-image-preview":"max-image-preview:large","max-video-preview":"max-video-preview:-1"},"canonical":"https:\/\/yazmed.ma\/ar\/product\/intranules-avec-valve-bte-de-100\/","og_locale":"ar_AR","og_type":"article","og_title":"INTRANULES VERT 18G - YAZMED","og_description":"INTRANULES VERT 18G  con\u00e7ue pour assurer une administration pr\u00e9cise et s\u00e9curis\u00e9e des fluides intraveineux. Avec un calibre de 18G (1,0 mm), cette intranule\u00a0est id\u00e9ale pour les patients ayant des veines de taille moyenne, offrant ainsi un bon d\u00e9bit tout en garantissant le confort du patient. \u00c9quip\u00e9e d\u2019une valve int\u00e9gr\u00e9e, elle pr\u00e9vient les reflux sanguins et minimise les risques de contamination, assurant une s\u00e9curit\u00e9 optimale lors des traitements. La bo\u00eete contient 100 intranules, parfaites pour une utilisation en milieu hospitalier ou en cabinet m\u00e9dical.    &nbsp;","og_url":"https:\/\/yazmed.ma\/ar\/product\/intranules-avec-valve-bte-de-100\/","og_site_name":"YAZMED","article_publisher":"https:\/\/www.facebook.com\/azenkouky","article_modified_time":"2025-12-10T12:40:36+00:00","og_image":[{"width":570,"height":517,"url":"https:\/\/yazmed.ma\/wp-content\/uploads\/2024\/12\/Design-sans-titre-3.png","type":"image\/png"}],"twitter_card":"summary_large_image","twitter_misc":{"Est. reading time":"1 minute"},"schema":{"@context":"https:\/\/schema.org","@graph":[{"@type":"WebPage","@id":"https:\/\/yazmed.ma\/product\/intranules-avec-valve-bte-de-100\/","url":"https:\/\/yazmed.ma\/product\/intranules-avec-valve-bte-de-100\/","name":"INTRANULES VERT 18G - YAZMED","isPartOf":{"@id":"https:\/\/yazmed.ma\/#website"},"primaryImageOfPage":{"@id":"https:\/\/yazmed.ma\/product\/intranules-avec-valve-bte-de-100\/#primaryimage"},"image":{"@id":"https:\/\/yazmed.ma\/product\/intranules-avec-valve-bte-de-100\/#primaryimage"},"thumbnailUrl":"https:\/\/yazmed.ma\/wp-content\/uploads\/2024\/12\/INTRANULES-VERT-18G.png","datePublished":"2024-12-15T18:01:55+00:00","dateModified":"2025-12-10T12:40:36+00:00","breadcrumb":{"@id":"https:\/\/yazmed.ma\/product\/intranules-avec-valve-bte-de-100\/#breadcrumb"},"inLanguage":"ary","potentialAction":[{"@type":"ReadAction","target":["https:\/\/yazmed.ma\/product\/intranules-avec-valve-bte-de-100\/"]}]},{"@type":"ImageObject","inLanguage":"ary","@id":"https:\/\/yazmed.ma\/product\/intranules-avec-valve-bte-de-100\/#primaryimage","url":"https:\/\/yazmed.ma\/wp-content\/uploads\/2024\/12\/INTRANULES-VERT-18G.png","contentUrl":"https:\/\/yazmed.ma\/wp-content\/uploads\/2024\/12\/INTRANULES-VERT-18G.png","width":570,"height":517,"caption":"INTRANULES VERT 18G"},{"@type":"BreadcrumbList","@id":"https:\/\/yazmed.ma\/product\/intranules-avec-valve-bte-de-100\/#breadcrumb","itemListElement":[{"@type":"ListItem","position":1,"name":"Accueil","item":"https:\/\/yazmed.ma\/"},{"@type":"ListItem","position":2,"name":"Shop","item":"https:\/\/yazmed.ma\/shop-2\/"},{"@type":"ListItem","position":3,"name":"INTRANULES AVEC VALVE BTE DE 100"}]},{"@type":"WebSite","@id":"https:\/\/yazmed.ma\/#website","url":"https:\/\/yazmed.ma\/","name":"Yazmed","description":"LEADER DU MAT\u00c9RIEL M\u00c9DICAL AU MAROC","publisher":{"@id":"https:\/\/yazmed.ma\/#organization"},"potentialAction":[{"@type":"SearchAction","target":{"@type":"EntryPoint","urlTemplate":"https:\/\/yazmed.ma\/?s={search_term_string}"},"query-input":{"@type":"PropertyValueSpecification","valueRequired":true,"valueName":"search_term_string"}}],"inLanguage":"ary"},{"@type":"Organization","@id":"https:\/\/yazmed.ma\/#organization","name":"Yazmed Healthcare","url":"https:\/\/yazmed.ma\/","logo":{"@type":"ImageObject","inLanguage":"ary","@id":"https:\/\/yazmed.ma\/#\/schema\/logo\/image\/","url":"https:\/\/yazmed.ma\/wp-content\/uploads\/2024\/12\/3.png","contentUrl":"https:\/\/yazmed.ma\/wp-content\/uploads\/2024\/12\/3.png","width":250,"height":70,"caption":"Yazmed Healthcare"},"image":{"@id":"https:\/\/yazmed.ma\/#\/schema\/logo\/image\/"},"sameAs":["https:\/\/www.facebook.com\/azenkouky","https:\/\/www.instagram.com\/yazmedhealthcare","https:\/\/www.linkedin.com\/in\/yazmed-healthcare-1b4955295"]}]}},"_links":{"self":[{"href":"https:\/\/yazmed.ma\/ar\/wp-json\/wp\/v2\/product\/1027","targetHints":{"allow":["GET"]}}],"collection":[{"href":"https:\/\/yazmed.ma\/ar\/wp-json\/wp\/v2\/product"}],"about":[{"href":"https:\/\/yazmed.ma\/ar\/wp-json\/wp\/v2\/types\/product"}],"replies":[{"embeddable":true,"href":"https:\/\/yazmed.ma\/ar\/wp-json\/wp\/v2\/comments?post=1027"}],"version-history":[{"count":1,"href":"https:\/\/yazmed.ma\/ar\/wp-json\/wp\/v2\/product\/1027\/revisions"}],"predecessor-version":[{"id":2908,"href":"https:\/\/yazmed.ma\/ar\/wp-json\/wp\/v2\/product\/1027\/revisions\/2908"}],"wp:featuredmedia":[{"embeddable":true,"href":"https:\/\/yazmed.ma\/ar\/wp-json\/wp\/v2\/media\/2909"}],"wp:attachment":[{"href":"https:\/\/yazmed.ma\/ar\/wp-json\/wp\/v2\/media?parent=1027"}],"wp:term":[{"taxonomy":"product_brand","embeddable":true,"href":"https:\/\/yazmed.ma\/ar\/wp-json\/wp\/v2\/product_brand?post=1027"},{"taxonomy":"product_cat","embeddable":true,"href":"https:\/\/yazmed.ma\/ar\/wp-json\/wp\/v2\/product_cat?post=1027"},{"taxonomy":"product_tag","embeddable":true,"href":"https:\/\/yazmed.ma\/ar\/wp-json\/wp\/v2\/product_tag?post=1027"}],"curies":[{"name":"wp","href":"https:\/\/api.w.org\/{rel}","templated":true}]}}