{"id":1003,"date":"2024-12-11T19:23:19","date_gmt":"2024-12-11T19:23:19","guid":{"rendered":"https:\/\/yazmed.ma\/?post_type=product&#038;p=1003"},"modified":"2026-01-03T12:15:47","modified_gmt":"2026-01-03T12:15:47","slug":"gant-sterile","status":"publish","type":"product","link":"https:\/\/yazmed.ma\/ar\/product\/gant-sterile\/","title":{"rendered":"GANT ST\u00c9RILE 7.5"},"content":{"rendered":"<p><strong><img decoding=\"async\" class=\"emoji\" role=\"img\" draggable=\"false\" src=\"https:\/\/s.w.org\/images\/core\/emoji\/16.0.1\/svg\/2705.svg\" alt=\"\u2705\" \/>Caract\u00e9ristiques principales :<\/strong><\/p>\n<p><strong><img decoding=\"async\" class=\"emoji\" role=\"img\" draggable=\"false\" src=\"https:\/\/s.w.org\/images\/core\/emoji\/16.0.1\/svg\/2705.svg\" alt=\"\u2705\" \/>Mati\u00e8re<\/strong>\u00a0: Latex blanc souple et r\u00e9sistant<\/p>\n<p><strong><img decoding=\"async\" class=\"emoji\" role=\"img\" draggable=\"false\" src=\"https:\/\/s.w.org\/images\/core\/emoji\/16.0.1\/svg\/2705.svg\" alt=\"\u2705\" \/>St\u00e9riles<\/strong>\u00a0: Parfaits pour les interventions m\u00e9dicales o\u00f9 la st\u00e9rilit\u00e9 est cruciale<\/p>\n<p><strong><img decoding=\"async\" class=\"emoji\" role=\"img\" draggable=\"false\" src=\"https:\/\/s.w.org\/images\/core\/emoji\/16.0.1\/svg\/2705.svg\" alt=\"\u2705\" \/>Forme anatomique<\/strong>\u00a0: Confort et ajustement parfait pour une utilisation prolong\u00e9e<\/p>\n<p><strong><img decoding=\"async\" class=\"emoji\" role=\"img\" draggable=\"false\" src=\"https:\/\/s.w.org\/images\/core\/emoji\/16.0.1\/svg\/2705.svg\" alt=\"\u2705\" \/>Surface micro-piqu\u00e9e<\/strong>\u00a0: Am\u00e9lioration de la prise en main et du contr\u00f4le<\/p>\n<p><strong><img decoding=\"async\" class=\"emoji\" role=\"img\" draggable=\"false\" src=\"https:\/\/s.w.org\/images\/core\/emoji\/16.0.1\/svg\/2705.svg\" alt=\"\u2705\" \/>L\u00e9g\u00e8rement poudr\u00e9s<\/strong>\u00a0: Faciles \u00e0 enfiler, tout en restant confortables<\/p>\n<p>&nbsp;<\/p>","protected":false},"excerpt":{"rendered":"<h4>Les\u00a0<strong>Gants latex st\u00e9riles<\/strong><\/h4>\n<p>sont con\u00e7us pour r\u00e9pondre aux exigences des professionnels de sant\u00e9 en offrant une protection maximale tout en garantissant un confort d\u2019utilisation optimal. Fabriqu\u00e9s en latex <strong>blanc souple et r\u00e9sistant<\/strong>, ces gants offrent une excellente durabilit\u00e9 et une grande flexibilit\u00e9, permettant une manipulation pr\u00e9cise lors des proc\u00e9dures m\u00e9dicales.\u00a0<a class=\"mw-redirect\" title=\"\u00c9quipement de protection individuelle m\u00e9dicale\" href=\"https:\/\/fr.wikipedia.org\/wiki\/%C3%89quipement_de_protection_individuelle_m%C3%A9dicale\">\u00e9quipements de protection individuelle (EPI)<\/a>.<\/p>\n<p><img decoding=\"async\" class=\"\" src=\"https:\/\/eclazon.ma\/wp-content\/uploads\/2024\/07\/logo-pharco-200x100.jpg\" width=\"88\" height=\"44\" \/><\/p>\n<p>&nbsp;<\/p>","protected":false},"featured_media":3051,"comment_status":"closed","ping_status":"closed","template":"","meta":[],"product_brand":[],"product_cat":[52],"product_tag":[291,292],"class_list":{"0":"post-1003","1":"product","2":"type-product","3":"status-publish","4":"has-post-thumbnail","6":"product_cat-consommable-medical","7":"product_tag-gant-sterile","8":"product_tag-gants-steriles-prix-maroc","10":"first","11":"instock","12":"taxable","13":"shipping-taxable","14":"purchasable","15":"product-type-variable"},"yoast_head":"<!-- This site is optimized with the Yoast SEO plugin v26.9 - https:\/\/yoast.com\/product\/yoast-seo-wordpress\/ -->\n<title>GANT ST\u00c9RILE 7.5 - YAZMED<\/title>\n<meta name=\"robots\" content=\"index, follow, max-snippet:-1, max-image-preview:large, max-video-preview:-1\" \/>\n<link rel=\"canonical\" href=\"https:\/\/yazmed.ma\/ar\/product\/gant-sterile\/\" \/>\n<meta property=\"og:locale\" content=\"ar_AR\" \/>\n<meta property=\"og:type\" content=\"article\" \/>\n<meta property=\"og:title\" content=\"GANT ST\u00c9RILE 7.5 - YAZMED\" \/>\n<meta property=\"og:description\" content=\"Les\u00a0Gants latex st\u00e9riles sont con\u00e7us pour r\u00e9pondre aux exigences des professionnels de sant\u00e9 en offrant une protection maximale tout en garantissant un confort d\u2019utilisation optimal. Fabriqu\u00e9s en latex blanc souple et r\u00e9sistant, ces gants offrent une excellente durabilit\u00e9 et une grande flexibilit\u00e9, permettant une manipulation pr\u00e9cise lors des proc\u00e9dures m\u00e9dicales.\u00a0\u00e9quipements de protection individuelle (EPI).    &nbsp;\" \/>\n<meta property=\"og:url\" content=\"https:\/\/yazmed.ma\/ar\/product\/gant-sterile\/\" \/>\n<meta property=\"og:site_name\" content=\"YAZMED\" \/>\n<meta property=\"article:publisher\" content=\"https:\/\/www.facebook.com\/azenkouky\" \/>\n<meta property=\"article:modified_time\" content=\"2026-01-03T12:15:47+00:00\" \/>\n<meta property=\"og:image\" content=\"https:\/\/yazmed.ma\/wp-content\/uploads\/2024\/12\/pristeen-gloves.jpg\" \/>\n\t<meta property=\"og:image:width\" content=\"1000\" \/>\n\t<meta property=\"og:image:height\" content=\"1000\" \/>\n\t<meta property=\"og:image:type\" content=\"image\/jpeg\" \/>\n<meta name=\"twitter:card\" content=\"summary_large_image\" \/>\n<meta name=\"twitter:label1\" content=\"Est. reading time\" \/>\n\t<meta name=\"twitter:data1\" content=\"1 minute\" \/>\n<script type=\"application\/ld+json\" class=\"yoast-schema-graph\">{\"@context\":\"https:\/\/schema.org\",\"@graph\":[{\"@type\":\"WebPage\",\"@id\":\"https:\/\/yazmed.ma\/product\/gant-sterile\/\",\"url\":\"https:\/\/yazmed.ma\/product\/gant-sterile\/\",\"name\":\"GANT ST\u00c9RILE 7.5 - YAZMED\",\"isPartOf\":{\"@id\":\"https:\/\/yazmed.ma\/#website\"},\"primaryImageOfPage\":{\"@id\":\"https:\/\/yazmed.ma\/product\/gant-sterile\/#primaryimage\"},\"image\":{\"@id\":\"https:\/\/yazmed.ma\/product\/gant-sterile\/#primaryimage\"},\"thumbnailUrl\":\"https:\/\/yazmed.ma\/wp-content\/uploads\/2024\/12\/GANT-STERILE-7.5.webp\",\"datePublished\":\"2024-12-11T19:23:19+00:00\",\"dateModified\":\"2026-01-03T12:15:47+00:00\",\"breadcrumb\":{\"@id\":\"https:\/\/yazmed.ma\/product\/gant-sterile\/#breadcrumb\"},\"inLanguage\":\"ary\",\"potentialAction\":[{\"@type\":\"ReadAction\",\"target\":[\"https:\/\/yazmed.ma\/product\/gant-sterile\/\"]}]},{\"@type\":\"ImageObject\",\"inLanguage\":\"ary\",\"@id\":\"https:\/\/yazmed.ma\/product\/gant-sterile\/#primaryimage\",\"url\":\"https:\/\/yazmed.ma\/wp-content\/uploads\/2024\/12\/GANT-STERILE-7.5.webp\",\"contentUrl\":\"https:\/\/yazmed.ma\/wp-content\/uploads\/2024\/12\/GANT-STERILE-7.5.webp\",\"width\":300,\"height\":300,\"caption\":\"GANT ST\u00c9RILE 7.5\"},{\"@type\":\"BreadcrumbList\",\"@id\":\"https:\/\/yazmed.ma\/product\/gant-sterile\/#breadcrumb\",\"itemListElement\":[{\"@type\":\"ListItem\",\"position\":1,\"name\":\"Accueil\",\"item\":\"https:\/\/yazmed.ma\/\"},{\"@type\":\"ListItem\",\"position\":2,\"name\":\"Shop\",\"item\":\"https:\/\/yazmed.ma\/shop-2\/\"},{\"@type\":\"ListItem\",\"position\":3,\"name\":\"GANT ST\u00c9RILE\"}]},{\"@type\":\"WebSite\",\"@id\":\"https:\/\/yazmed.ma\/#website\",\"url\":\"https:\/\/yazmed.ma\/\",\"name\":\"Yazmed\",\"description\":\"LEADER DU MAT\u00c9RIEL M\u00c9DICAL AU MAROC\",\"publisher\":{\"@id\":\"https:\/\/yazmed.ma\/#organization\"},\"potentialAction\":[{\"@type\":\"SearchAction\",\"target\":{\"@type\":\"EntryPoint\",\"urlTemplate\":\"https:\/\/yazmed.ma\/?s={search_term_string}\"},\"query-input\":{\"@type\":\"PropertyValueSpecification\",\"valueRequired\":true,\"valueName\":\"search_term_string\"}}],\"inLanguage\":\"ary\"},{\"@type\":\"Organization\",\"@id\":\"https:\/\/yazmed.ma\/#organization\",\"name\":\"Yazmed Healthcare\",\"url\":\"https:\/\/yazmed.ma\/\",\"logo\":{\"@type\":\"ImageObject\",\"inLanguage\":\"ary\",\"@id\":\"https:\/\/yazmed.ma\/#\/schema\/logo\/image\/\",\"url\":\"https:\/\/yazmed.ma\/wp-content\/uploads\/2024\/12\/3.png\",\"contentUrl\":\"https:\/\/yazmed.ma\/wp-content\/uploads\/2024\/12\/3.png\",\"width\":250,\"height\":70,\"caption\":\"Yazmed Healthcare\"},\"image\":{\"@id\":\"https:\/\/yazmed.ma\/#\/schema\/logo\/image\/\"},\"sameAs\":[\"https:\/\/www.facebook.com\/azenkouky\",\"https:\/\/www.instagram.com\/yazmedhealthcare\",\"https:\/\/www.linkedin.com\/in\/yazmed-healthcare-1b4955295\"]}]}<\/script>\n<!-- \/ Yoast SEO plugin. -->","yoast_head_json":{"title":"GANT ST\u00c9RILE 7.5 - YAZMED","robots":{"index":"index","follow":"follow","max-snippet":"max-snippet:-1","max-image-preview":"max-image-preview:large","max-video-preview":"max-video-preview:-1"},"canonical":"https:\/\/yazmed.ma\/ar\/product\/gant-sterile\/","og_locale":"ar_AR","og_type":"article","og_title":"GANT ST\u00c9RILE 7.5 - YAZMED","og_description":"Les\u00a0Gants latex st\u00e9riles sont con\u00e7us pour r\u00e9pondre aux exigences des professionnels de sant\u00e9 en offrant une protection maximale tout en garantissant un confort d\u2019utilisation optimal. Fabriqu\u00e9s en latex blanc souple et r\u00e9sistant, ces gants offrent une excellente durabilit\u00e9 et une grande flexibilit\u00e9, permettant une manipulation pr\u00e9cise lors des proc\u00e9dures m\u00e9dicales.\u00a0\u00e9quipements de protection individuelle (EPI).    &nbsp;","og_url":"https:\/\/yazmed.ma\/ar\/product\/gant-sterile\/","og_site_name":"YAZMED","article_publisher":"https:\/\/www.facebook.com\/azenkouky","article_modified_time":"2026-01-03T12:15:47+00:00","og_image":[{"width":1000,"height":1000,"url":"https:\/\/yazmed.ma\/wp-content\/uploads\/2024\/12\/pristeen-gloves.jpg","type":"image\/jpeg"}],"twitter_card":"summary_large_image","twitter_misc":{"Est. reading time":"1 minute"},"schema":{"@context":"https:\/\/schema.org","@graph":[{"@type":"WebPage","@id":"https:\/\/yazmed.ma\/product\/gant-sterile\/","url":"https:\/\/yazmed.ma\/product\/gant-sterile\/","name":"GANT ST\u00c9RILE 7.5 - YAZMED","isPartOf":{"@id":"https:\/\/yazmed.ma\/#website"},"primaryImageOfPage":{"@id":"https:\/\/yazmed.ma\/product\/gant-sterile\/#primaryimage"},"image":{"@id":"https:\/\/yazmed.ma\/product\/gant-sterile\/#primaryimage"},"thumbnailUrl":"https:\/\/yazmed.ma\/wp-content\/uploads\/2024\/12\/GANT-STERILE-7.5.webp","datePublished":"2024-12-11T19:23:19+00:00","dateModified":"2026-01-03T12:15:47+00:00","breadcrumb":{"@id":"https:\/\/yazmed.ma\/product\/gant-sterile\/#breadcrumb"},"inLanguage":"ary","potentialAction":[{"@type":"ReadAction","target":["https:\/\/yazmed.ma\/product\/gant-sterile\/"]}]},{"@type":"ImageObject","inLanguage":"ary","@id":"https:\/\/yazmed.ma\/product\/gant-sterile\/#primaryimage","url":"https:\/\/yazmed.ma\/wp-content\/uploads\/2024\/12\/GANT-STERILE-7.5.webp","contentUrl":"https:\/\/yazmed.ma\/wp-content\/uploads\/2024\/12\/GANT-STERILE-7.5.webp","width":300,"height":300,"caption":"GANT ST\u00c9RILE 7.5"},{"@type":"BreadcrumbList","@id":"https:\/\/yazmed.ma\/product\/gant-sterile\/#breadcrumb","itemListElement":[{"@type":"ListItem","position":1,"name":"Accueil","item":"https:\/\/yazmed.ma\/"},{"@type":"ListItem","position":2,"name":"Shop","item":"https:\/\/yazmed.ma\/shop-2\/"},{"@type":"ListItem","position":3,"name":"GANT ST\u00c9RILE"}]},{"@type":"WebSite","@id":"https:\/\/yazmed.ma\/#website","url":"https:\/\/yazmed.ma\/","name":"Yazmed","description":"LEADER DU MAT\u00c9RIEL M\u00c9DICAL AU MAROC","publisher":{"@id":"https:\/\/yazmed.ma\/#organization"},"potentialAction":[{"@type":"SearchAction","target":{"@type":"EntryPoint","urlTemplate":"https:\/\/yazmed.ma\/?s={search_term_string}"},"query-input":{"@type":"PropertyValueSpecification","valueRequired":true,"valueName":"search_term_string"}}],"inLanguage":"ary"},{"@type":"Organization","@id":"https:\/\/yazmed.ma\/#organization","name":"Yazmed Healthcare","url":"https:\/\/yazmed.ma\/","logo":{"@type":"ImageObject","inLanguage":"ary","@id":"https:\/\/yazmed.ma\/#\/schema\/logo\/image\/","url":"https:\/\/yazmed.ma\/wp-content\/uploads\/2024\/12\/3.png","contentUrl":"https:\/\/yazmed.ma\/wp-content\/uploads\/2024\/12\/3.png","width":250,"height":70,"caption":"Yazmed Healthcare"},"image":{"@id":"https:\/\/yazmed.ma\/#\/schema\/logo\/image\/"},"sameAs":["https:\/\/www.facebook.com\/azenkouky","https:\/\/www.instagram.com\/yazmedhealthcare","https:\/\/www.linkedin.com\/in\/yazmed-healthcare-1b4955295"]}]}},"_links":{"self":[{"href":"https:\/\/yazmed.ma\/ar\/wp-json\/wp\/v2\/product\/1003","targetHints":{"allow":["GET"]}}],"collection":[{"href":"https:\/\/yazmed.ma\/ar\/wp-json\/wp\/v2\/product"}],"about":[{"href":"https:\/\/yazmed.ma\/ar\/wp-json\/wp\/v2\/types\/product"}],"replies":[{"embeddable":true,"href":"https:\/\/yazmed.ma\/ar\/wp-json\/wp\/v2\/comments?post=1003"}],"version-history":[{"count":1,"href":"https:\/\/yazmed.ma\/ar\/wp-json\/wp\/v2\/product\/1003\/revisions"}],"predecessor-version":[{"id":3050,"href":"https:\/\/yazmed.ma\/ar\/wp-json\/wp\/v2\/product\/1003\/revisions\/3050"}],"wp:featuredmedia":[{"embeddable":true,"href":"https:\/\/yazmed.ma\/ar\/wp-json\/wp\/v2\/media\/3051"}],"wp:attachment":[{"href":"https:\/\/yazmed.ma\/ar\/wp-json\/wp\/v2\/media?parent=1003"}],"wp:term":[{"taxonomy":"product_brand","embeddable":true,"href":"https:\/\/yazmed.ma\/ar\/wp-json\/wp\/v2\/product_brand?post=1003"},{"taxonomy":"product_cat","embeddable":true,"href":"https:\/\/yazmed.ma\/ar\/wp-json\/wp\/v2\/product_cat?post=1003"},{"taxonomy":"product_tag","embeddable":true,"href":"https:\/\/yazmed.ma\/ar\/wp-json\/wp\/v2\/product_tag?post=1003"}],"curies":[{"name":"wp","href":"https:\/\/api.w.org\/{rel}","templated":true}]}}